{"id":49425,"date":"2025-01-16T14:40:26","date_gmt":"2025-01-16T14:40:26","guid":{"rendered":"https:\/\/unhz.eu\/fakulteti-juridik\/?page_id=49425"},"modified":"2026-02-06T16:05:55","modified_gmt":"2026-02-06T14:05:55","slug":"orari-i-konsultimeve-me-studente","status":"publish","type":"page","link":"https:\/\/unhz.eu\/fakulteti-juridik\/en\/orari-i-konsultimeve-me-studente\/","title":{"rendered":"STUDENT CONSULTATION SCHEDULE"},"content":{"rendered":"<figure class=\"wp-block-table\"><table class=\"has-fixed-layout\"><tbody><tr><td><strong>Nr.<\/strong><\/td><td><strong>Emri dhe mbiemri<\/strong><\/td><td><strong>L\u00ebnda<\/strong><\/td><td><strong>Consultation hours<\/strong><\/td><\/tr><tr><td>1<\/td><td>Prof.Asoc.Dr.Baki Koleci<\/td><td>Fakulteti MTH \u2013 gjuha boshnjake Fakulteti i Biznesit KF<\/td><td>E enjte 11:00 \u2013 13:00<br>E marte 13:00 \u2013 !5:00<\/td><\/tr><tr><td>2<\/td><td>Prof.Asoc.Dr.Sabiha Shala<\/td><td><\/td><td>E h\u00ebne 11:00- 12:00 E m\u00ebrkure 10:00 \u2013 11:00<\/td><\/tr><tr><td>3<\/td><td>Prof.Asoc.Dr.Gani Asllani<\/td><td>Politika Ekonomike (viti i II, semestri i IV) Financa dhe e drejta financiare (V i III, semestri i VI) Qeverisja e Korporatave (viti i IV, semestri i VIII) E drejta tatimore dhe buxhetore(viti i IV, semestri i VIII)<\/td><td>E marte: 12:00 \u2013 12:45 E m\u00ebrkure: 14:30-15:15 E marte: 13:00 \u2013 13:45 E m\u00ebrkure: 15:30-16:15<\/td><\/tr><tr><td>4<\/td><td>Prof.Asoc.Dr.Kol\u00eb Krasniqi<\/td><td><\/td><td>E m\u00ebrkure 14:00 \u2013 15:00 E enjte 13:00 \u2013 14:00<\/td><\/tr><tr><td>5<\/td><td>Prof.Ass.Dr.Gjylbehare Murati<\/td><td><\/td><td>E m\u00ebrkure 13:00 \u2013 14:00 E enjte 13:00 \u2013 14:00<\/td><\/tr><tr><td>6<\/td><td>Prof.Ass.Dr. Avdullah Robaj<\/td><td>a)E drejta e Pun\u00ebs, b). E drejta Procedurale Administrative. a). E drejta Sociale, b). E drejta Kushtetuese Pozitive<\/td><td>E h\u00ebne 14:00 \u2013 15:00<br>E m\u00ebrkure 14:30 \u2013 15:30<\/td><\/tr><tr><td>7<\/td><td>Prof.Ass.Dr. Orhan \u00c7eku<\/td><td>Kriminalistik\u00eb Viti i dyt\u00eb (2), semestri i kat\u00ebr (4) Viktimologjia<\/td><td>E h\u00ebne: 12:00 \u2013 12:45 E h\u00ebne: 13:00 \u2013 13:45<br><\/td><\/tr><tr><td>8<\/td><td>Prof.Ass.Dr. Petrit Nimani<\/td><td>E Drejta administrative (semestri IV)<br>&nbsp; E Drejta admimistrative \u2013 Pjesa e posa\u00e7me (semestri VIII)<br><\/td><td>&nbsp; E M\u00ebrkur\u00eb: 13:00 \u2013 13:45<br>E M\u00ebrkur\u00eb -14:00 \u2013 14:45<\/td><\/tr><tr><td>9<\/td><td>Msc.Gentiana Gega<\/td><td>Politika Ekonomike Financat dhe e drejta financiare<\/td><td>E marte 10:00 \u2013 11:00 E enjte 11:00 \u2013 12:00<\/td><\/tr><tr><td>10<\/td><td>Msc.Fatime Bamja<\/td><td><\/td><td>E Hene 09:00-10:00<br><br>E Merkure 09:00-10:00<\/td><\/tr><\/tbody><\/table><\/figure>","protected":false},"excerpt":{"rendered":"<p>Nr. Emri dhe mbiemri L\u00ebnda Orari i konsultimeve 1 Prof.Asoc.Dr.Baki Koleci Fakulteti MTH \u2013 gjuha boshnjake Fakulteti i Biznesit KF E enjte 11:00 \u2013 13:00E marte 13:00 \u2013 !5:00 2&hellip;<\/p>","protected":false},"author":1,"featured_media":0,"parent":0,"menu_order":0,"comment_status":"closed","ping_status":"closed","template":"","meta":{"footnotes":""},"class_list":["post-49425","page","type-page","status-publish","hentry"],"yoast_head":"<!-- This site is optimized with the Yoast SEO Premium plugin v27.2 (Yoast SEO v27.2) - https:\/\/yoast.com\/product\/yoast-seo-premium-wordpress\/ -->\n<title>Orari i konsultimeve me student\u00eb | Fakulteti Juridik | UNHZ<\/title>\n<meta name=\"description\" content=\"Shiko orarin e konsultimeve me student\u00eb t\u00eb stafit akademik t\u00eb Fakultetit Juridik n\u00eb Universitetin \u201cHaxhi Zeka\u201d \u2013 dit\u00ebt dhe or\u00ebt kur m\u00ebsimdh\u00ebn\u00ebsit jan\u00eb n\u00eb dispozicion p\u00ebr konsultime.\" \/>\n<meta name=\"robots\" content=\"index, follow, max-snippet:-1, max-image-preview:large, max-video-preview:-1\" \/>\n<link rel=\"canonical\" href=\"https:\/\/unhz.eu\/fakulteti-juridik\/en\/orari-i-konsultimeve-me-studente\/\" \/>\n<meta property=\"og:locale\" content=\"en_US\" \/>\n<meta property=\"og:type\" content=\"article\" \/>\n<meta property=\"og:title\" content=\"ORARI I KONSULTIMEVE ME STUDENT\u00cb\" \/>\n<meta property=\"og:description\" content=\"Shiko orarin e konsultimeve me student\u00eb t\u00eb stafit akademik t\u00eb Fakultetit Juridik n\u00eb Universitetin \u201cHaxhi Zeka\u201d \u2013 dit\u00ebt dhe or\u00ebt kur m\u00ebsimdh\u00ebn\u00ebsit jan\u00eb n\u00eb dispozicion p\u00ebr konsultime.\" \/>\n<meta property=\"og:url\" content=\"https:\/\/unhz.eu\/fakulteti-juridik\/en\/orari-i-konsultimeve-me-studente\/\" \/>\n<meta property=\"og:site_name\" content=\"Fakulteti Juridik\" \/>\n<meta property=\"article:modified_time\" content=\"2026-02-06T14:05:55+00:00\" \/>\n<meta name=\"twitter:card\" content=\"summary_large_image\" \/>\n<meta name=\"twitter:label1\" content=\"Est. reading time\" \/>\n\t<meta name=\"twitter:data1\" content=\"2 minutes\" \/>\n<script type=\"application\/ld+json\" class=\"yoast-schema-graph\">{\"@context\":\"https:\/\/schema.org\",\"@graph\":[{\"@type\":\"WebPage\",\"@id\":\"https:\/\/unhz.eu\/fakulteti-juridik\/orari-i-konsultimeve-me-studente\/\",\"url\":\"https:\/\/unhz.eu\/fakulteti-juridik\/orari-i-konsultimeve-me-studente\/\",\"name\":\"Orari i konsultimeve me student\u00eb | Fakulteti Juridik | UNHZ\",\"isPartOf\":{\"@id\":\"https:\/\/unhz.eu\/fakulteti-juridik\/#website\"},\"datePublished\":\"2025-01-16T14:40:26+00:00\",\"dateModified\":\"2026-02-06T14:05:55+00:00\",\"description\":\"Shiko orarin e konsultimeve me student\u00eb t\u00eb stafit akademik t\u00eb Fakultetit Juridik n\u00eb Universitetin \u201cHaxhi Zeka\u201d \u2013 dit\u00ebt dhe or\u00ebt kur m\u00ebsimdh\u00ebn\u00ebsit jan\u00eb n\u00eb dispozicion p\u00ebr konsultime.\",\"breadcrumb\":{\"@id\":\"https:\/\/unhz.eu\/fakulteti-juridik\/orari-i-konsultimeve-me-studente\/#breadcrumb\"},\"inLanguage\":\"en-US\",\"potentialAction\":[{\"@type\":\"ReadAction\",\"target\":[\"https:\/\/unhz.eu\/fakulteti-juridik\/orari-i-konsultimeve-me-studente\/\"]}]},{\"@type\":\"BreadcrumbList\",\"@id\":\"https:\/\/unhz.eu\/fakulteti-juridik\/orari-i-konsultimeve-me-studente\/#breadcrumb\",\"itemListElement\":[{\"@type\":\"ListItem\",\"position\":1,\"name\":\"Home\",\"item\":\"https:\/\/unhz.eu\/fakulteti-juridik\/\"},{\"@type\":\"ListItem\",\"position\":2,\"name\":\"ORARI I KONSULTIMEVE ME STUDENT\u00cb\"}]},{\"@type\":\"WebSite\",\"@id\":\"https:\/\/unhz.eu\/fakulteti-juridik\/#website\",\"url\":\"https:\/\/unhz.eu\/fakulteti-juridik\/\",\"name\":\"Fakulteti Juridik\",\"description\":\"I dedikuar p\u00ebr cil\u00ebsi standarde dhe suksese\",\"publisher\":{\"@id\":\"https:\/\/unhz.eu\/fakulteti-juridik\/#organization\"},\"potentialAction\":[{\"@type\":\"SearchAction\",\"target\":{\"@type\":\"EntryPoint\",\"urlTemplate\":\"https:\/\/unhz.eu\/fakulteti-juridik\/?s={search_term_string}\"},\"query-input\":{\"@type\":\"PropertyValueSpecification\",\"valueRequired\":true,\"valueName\":\"search_term_string\"}}],\"inLanguage\":\"en-US\"},{\"@type\":\"Organization\",\"@id\":\"https:\/\/unhz.eu\/fakulteti-juridik\/#organization\",\"name\":\"Fakulteti Juridik\",\"url\":\"https:\/\/unhz.eu\/fakulteti-juridik\/\",\"logo\":{\"@type\":\"ImageObject\",\"inLanguage\":\"en-US\",\"@id\":\"https:\/\/unhz.eu\/fakulteti-juridik\/#\/schema\/logo\/image\/\",\"url\":\"https:\/\/unhz.eu\/fakulteti-juridik\/wp-content\/uploads\/sites\/9\/2024\/02\/cropped-logo-1-1-e1713527702695.png\",\"contentUrl\":\"https:\/\/unhz.eu\/fakulteti-juridik\/wp-content\/uploads\/sites\/9\/2024\/02\/cropped-logo-1-1-e1713527702695.png\",\"width\":100,\"height\":100,\"caption\":\"Fakulteti Juridik\"},\"image\":{\"@id\":\"https:\/\/unhz.eu\/fakulteti-juridik\/#\/schema\/logo\/image\/\"}}]}<\/script>\n<!-- \/ Yoast SEO Premium plugin. -->","yoast_head_json":{"title":"Orari i konsultimeve me student\u00eb | Fakulteti Juridik | UNHZ","description":"Shiko orarin e konsultimeve me student\u00eb t\u00eb stafit akademik t\u00eb Fakultetit Juridik n\u00eb Universitetin \u201cHaxhi Zeka\u201d \u2013 dit\u00ebt dhe or\u00ebt kur m\u00ebsimdh\u00ebn\u00ebsit jan\u00eb n\u00eb dispozicion p\u00ebr konsultime.","robots":{"index":"index","follow":"follow","max-snippet":"max-snippet:-1","max-image-preview":"max-image-preview:large","max-video-preview":"max-video-preview:-1"},"canonical":"https:\/\/unhz.eu\/fakulteti-juridik\/en\/orari-i-konsultimeve-me-studente\/","og_locale":"en_US","og_type":"article","og_title":"ORARI I KONSULTIMEVE ME STUDENT\u00cb","og_description":"Shiko orarin e konsultimeve me student\u00eb t\u00eb stafit akademik t\u00eb Fakultetit Juridik n\u00eb Universitetin \u201cHaxhi Zeka\u201d \u2013 dit\u00ebt dhe or\u00ebt kur m\u00ebsimdh\u00ebn\u00ebsit jan\u00eb n\u00eb dispozicion p\u00ebr konsultime.","og_url":"https:\/\/unhz.eu\/fakulteti-juridik\/en\/orari-i-konsultimeve-me-studente\/","og_site_name":"Fakulteti Juridik","article_modified_time":"2026-02-06T14:05:55+00:00","twitter_card":"summary_large_image","twitter_misc":{"Est. reading time":"2 minutes"},"schema":{"@context":"https:\/\/schema.org","@graph":[{"@type":"WebPage","@id":"https:\/\/unhz.eu\/fakulteti-juridik\/orari-i-konsultimeve-me-studente\/","url":"https:\/\/unhz.eu\/fakulteti-juridik\/orari-i-konsultimeve-me-studente\/","name":"Orari i konsultimeve me student\u00eb | Fakulteti Juridik | UNHZ","isPartOf":{"@id":"https:\/\/unhz.eu\/fakulteti-juridik\/#website"},"datePublished":"2025-01-16T14:40:26+00:00","dateModified":"2026-02-06T14:05:55+00:00","description":"Shiko orarin e konsultimeve me student\u00eb t\u00eb stafit akademik t\u00eb Fakultetit Juridik n\u00eb Universitetin \u201cHaxhi Zeka\u201d \u2013 dit\u00ebt dhe or\u00ebt kur m\u00ebsimdh\u00ebn\u00ebsit jan\u00eb n\u00eb dispozicion p\u00ebr konsultime.","breadcrumb":{"@id":"https:\/\/unhz.eu\/fakulteti-juridik\/orari-i-konsultimeve-me-studente\/#breadcrumb"},"inLanguage":"en-US","potentialAction":[{"@type":"ReadAction","target":["https:\/\/unhz.eu\/fakulteti-juridik\/orari-i-konsultimeve-me-studente\/"]}]},{"@type":"BreadcrumbList","@id":"https:\/\/unhz.eu\/fakulteti-juridik\/orari-i-konsultimeve-me-studente\/#breadcrumb","itemListElement":[{"@type":"ListItem","position":1,"name":"Home","item":"https:\/\/unhz.eu\/fakulteti-juridik\/"},{"@type":"ListItem","position":2,"name":"ORARI I KONSULTIMEVE ME STUDENT\u00cb"}]},{"@type":"WebSite","@id":"https:\/\/unhz.eu\/fakulteti-juridik\/#website","url":"https:\/\/unhz.eu\/fakulteti-juridik\/","name":"Faculy of Law","description":"Dedicated to standard quality and success","publisher":{"@id":"https:\/\/unhz.eu\/fakulteti-juridik\/#organization"},"potentialAction":[{"@type":"SearchAction","target":{"@type":"EntryPoint","urlTemplate":"https:\/\/unhz.eu\/fakulteti-juridik\/?s={search_term_string}"},"query-input":{"@type":"PropertyValueSpecification","valueRequired":true,"valueName":"search_term_string"}}],"inLanguage":"en-US"},{"@type":"Organization","@id":"https:\/\/unhz.eu\/fakulteti-juridik\/#organization","name":"Faculy of Law","url":"https:\/\/unhz.eu\/fakulteti-juridik\/","logo":{"@type":"ImageObject","inLanguage":"en-US","@id":"https:\/\/unhz.eu\/fakulteti-juridik\/#\/schema\/logo\/image\/","url":"https:\/\/unhz.eu\/fakulteti-juridik\/wp-content\/uploads\/sites\/9\/2024\/02\/cropped-logo-1-1-e1713527702695.png","contentUrl":"https:\/\/unhz.eu\/fakulteti-juridik\/wp-content\/uploads\/sites\/9\/2024\/02\/cropped-logo-1-1-e1713527702695.png","width":100,"height":100,"caption":"Fakulteti Juridik"},"image":{"@id":"https:\/\/unhz.eu\/fakulteti-juridik\/#\/schema\/logo\/image\/"}}]}},"_links":{"self":[{"href":"https:\/\/unhz.eu\/fakulteti-juridik\/en\/wp-json\/wp\/v2\/pages\/49425","targetHints":{"allow":["GET"]}}],"collection":[{"href":"https:\/\/unhz.eu\/fakulteti-juridik\/en\/wp-json\/wp\/v2\/pages"}],"about":[{"href":"https:\/\/unhz.eu\/fakulteti-juridik\/en\/wp-json\/wp\/v2\/types\/page"}],"author":[{"embeddable":true,"href":"https:\/\/unhz.eu\/fakulteti-juridik\/en\/wp-json\/wp\/v2\/users\/1"}],"replies":[{"embeddable":true,"href":"https:\/\/unhz.eu\/fakulteti-juridik\/en\/wp-json\/wp\/v2\/comments?post=49425"}],"version-history":[{"count":1,"href":"https:\/\/unhz.eu\/fakulteti-juridik\/en\/wp-json\/wp\/v2\/pages\/49425\/revisions"}],"predecessor-version":[{"id":51033,"href":"https:\/\/unhz.eu\/fakulteti-juridik\/en\/wp-json\/wp\/v2\/pages\/49425\/revisions\/51033"}],"wp:attachment":[{"href":"https:\/\/unhz.eu\/fakulteti-juridik\/en\/wp-json\/wp\/v2\/media?parent=49425"}],"curies":[{"name":"wp","href":"https:\/\/api.w.org\/{rel}","templated":true}]}}