{"id":21617,"date":"2024-02-29T14:25:41","date_gmt":"2024-02-29T14:25:41","guid":{"rendered":"http:\/\/unhz.local\/fakulteti-i-biznesit\/?page_id=21617"},"modified":"2026-02-06T16:10:50","modified_gmt":"2026-02-06T14:10:50","slug":"programet","status":"publish","type":"page","link":"https:\/\/unhz.eu\/fakulteti-juridik\/en\/programet\/","title":{"rendered":"Programs"},"content":{"rendered":"","protected":false},"excerpt":{"rendered":"","protected":false},"author":1,"featured_media":0,"parent":0,"menu_order":0,"comment_status":"closed","ping_status":"closed","template":"","meta":{"footnotes":""},"class_list":["post-21617","page","type-page","status-publish","hentry"],"yoast_head":"<!-- This site is optimized with the Yoast SEO Premium plugin v27.2 (Yoast SEO v27.2) - https:\/\/yoast.com\/product\/yoast-seo-premium-wordpress\/ -->\n<title>Programet e Studimit \u2013 Fakulteti Juridik | Universiteti \u201cHaxhi Zeka\u201d<\/title>\n<meta name=\"description\" content=\"Zbulo programet e studimit q\u00eb ofron Fakulteti Juridik n\u00eb Universitetin \u201cHaxhi Zeka\u201d, p\u00ebrfshir\u00eb Juridik i P\u00ebrgjithsh\u00ebm (LLB) dhe E Drejta Civile &amp; Biznesore (LLM), me struktur\u00eb akademike dhe mund\u00ebsi karriere.\" \/>\n<meta name=\"robots\" content=\"index, follow, max-snippet:-1, max-image-preview:large, max-video-preview:-1\" \/>\n<link rel=\"canonical\" href=\"https:\/\/unhz.eu\/fakulteti-juridik\/en\/programet\/\" \/>\n<meta property=\"og:locale\" content=\"en_US\" \/>\n<meta property=\"og:type\" content=\"article\" \/>\n<meta property=\"og:title\" content=\"Programet\" \/>\n<meta property=\"og:description\" content=\"Zbulo programet e studimit q\u00eb ofron Fakulteti Juridik n\u00eb Universitetin \u201cHaxhi Zeka\u201d, p\u00ebrfshir\u00eb Juridik i P\u00ebrgjithsh\u00ebm (LLB) dhe E Drejta Civile &amp; Biznesore (LLM), me struktur\u00eb akademike dhe mund\u00ebsi karriere.\" \/>\n<meta property=\"og:url\" content=\"https:\/\/unhz.eu\/fakulteti-juridik\/en\/programet\/\" \/>\n<meta property=\"og:site_name\" content=\"Fakulteti Juridik\" \/>\n<meta property=\"article:modified_time\" content=\"2026-02-06T14:10:50+00:00\" \/>\n<meta name=\"twitter:card\" content=\"summary_large_image\" \/>\n<script type=\"application\/ld+json\" class=\"yoast-schema-graph\">{\"@context\":\"https:\/\/schema.org\",\"@graph\":[{\"@type\":\"WebPage\",\"@id\":\"https:\/\/unhz.eu\/fakulteti-juridik\/programet\/\",\"url\":\"https:\/\/unhz.eu\/fakulteti-juridik\/programet\/\",\"name\":\"Programet e Studimit \u2013 Fakulteti Juridik | Universiteti \u201cHaxhi Zeka\u201d\",\"isPartOf\":{\"@id\":\"https:\/\/unhz.eu\/fakulteti-juridik\/#website\"},\"datePublished\":\"2024-02-29T14:25:41+00:00\",\"dateModified\":\"2026-02-06T14:10:50+00:00\",\"description\":\"Zbulo programet e studimit q\u00eb ofron Fakulteti Juridik n\u00eb Universitetin \u201cHaxhi Zeka\u201d, p\u00ebrfshir\u00eb Juridik i P\u00ebrgjithsh\u00ebm (LLB) dhe E Drejta Civile & Biznesore (LLM), me struktur\u00eb akademike dhe mund\u00ebsi karriere.\",\"breadcrumb\":{\"@id\":\"https:\/\/unhz.eu\/fakulteti-juridik\/programet\/#breadcrumb\"},\"inLanguage\":\"en-US\",\"potentialAction\":[{\"@type\":\"ReadAction\",\"target\":[\"https:\/\/unhz.eu\/fakulteti-juridik\/programet\/\"]}]},{\"@type\":\"BreadcrumbList\",\"@id\":\"https:\/\/unhz.eu\/fakulteti-juridik\/programet\/#breadcrumb\",\"itemListElement\":[{\"@type\":\"ListItem\",\"position\":1,\"name\":\"Home\",\"item\":\"https:\/\/unhz.eu\/fakulteti-juridik\/\"},{\"@type\":\"ListItem\",\"position\":2,\"name\":\"Programet\"}]},{\"@type\":\"WebSite\",\"@id\":\"https:\/\/unhz.eu\/fakulteti-juridik\/#website\",\"url\":\"https:\/\/unhz.eu\/fakulteti-juridik\/\",\"name\":\"Fakulteti Juridik\",\"description\":\"I dedikuar p\u00ebr cil\u00ebsi standarde dhe suksese\",\"publisher\":{\"@id\":\"https:\/\/unhz.eu\/fakulteti-juridik\/#organization\"},\"potentialAction\":[{\"@type\":\"SearchAction\",\"target\":{\"@type\":\"EntryPoint\",\"urlTemplate\":\"https:\/\/unhz.eu\/fakulteti-juridik\/?s={search_term_string}\"},\"query-input\":{\"@type\":\"PropertyValueSpecification\",\"valueRequired\":true,\"valueName\":\"search_term_string\"}}],\"inLanguage\":\"en-US\"},{\"@type\":\"Organization\",\"@id\":\"https:\/\/unhz.eu\/fakulteti-juridik\/#organization\",\"name\":\"Fakulteti Juridik\",\"url\":\"https:\/\/unhz.eu\/fakulteti-juridik\/\",\"logo\":{\"@type\":\"ImageObject\",\"inLanguage\":\"en-US\",\"@id\":\"https:\/\/unhz.eu\/fakulteti-juridik\/#\/schema\/logo\/image\/\",\"url\":\"https:\/\/unhz.eu\/fakulteti-juridik\/wp-content\/uploads\/sites\/9\/2024\/02\/cropped-logo-1-1-e1713527702695.png\",\"contentUrl\":\"https:\/\/unhz.eu\/fakulteti-juridik\/wp-content\/uploads\/sites\/9\/2024\/02\/cropped-logo-1-1-e1713527702695.png\",\"width\":100,\"height\":100,\"caption\":\"Fakulteti Juridik\"},\"image\":{\"@id\":\"https:\/\/unhz.eu\/fakulteti-juridik\/#\/schema\/logo\/image\/\"}}]}<\/script>\n<!-- \/ Yoast SEO Premium plugin. -->","yoast_head_json":{"title":"Programet e Studimit \u2013 Fakulteti Juridik | Universiteti \u201cHaxhi Zeka\u201d","description":"Zbulo programet e studimit q\u00eb ofron Fakulteti Juridik n\u00eb Universitetin \u201cHaxhi Zeka\u201d, p\u00ebrfshir\u00eb Juridik i P\u00ebrgjithsh\u00ebm (LLB) dhe E Drejta Civile & Biznesore (LLM), me struktur\u00eb akademike dhe mund\u00ebsi karriere.","robots":{"index":"index","follow":"follow","max-snippet":"max-snippet:-1","max-image-preview":"max-image-preview:large","max-video-preview":"max-video-preview:-1"},"canonical":"https:\/\/unhz.eu\/fakulteti-juridik\/en\/programet\/","og_locale":"en_US","og_type":"article","og_title":"Programet","og_description":"Zbulo programet e studimit q\u00eb ofron Fakulteti Juridik n\u00eb Universitetin \u201cHaxhi Zeka\u201d, p\u00ebrfshir\u00eb Juridik i P\u00ebrgjithsh\u00ebm (LLB) dhe E Drejta Civile & Biznesore (LLM), me struktur\u00eb akademike dhe mund\u00ebsi karriere.","og_url":"https:\/\/unhz.eu\/fakulteti-juridik\/en\/programet\/","og_site_name":"Fakulteti Juridik","article_modified_time":"2026-02-06T14:10:50+00:00","twitter_card":"summary_large_image","schema":{"@context":"https:\/\/schema.org","@graph":[{"@type":"WebPage","@id":"https:\/\/unhz.eu\/fakulteti-juridik\/programet\/","url":"https:\/\/unhz.eu\/fakulteti-juridik\/programet\/","name":"Programet e Studimit \u2013 Fakulteti Juridik | Universiteti \u201cHaxhi Zeka\u201d","isPartOf":{"@id":"https:\/\/unhz.eu\/fakulteti-juridik\/#website"},"datePublished":"2024-02-29T14:25:41+00:00","dateModified":"2026-02-06T14:10:50+00:00","description":"Zbulo programet e studimit q\u00eb ofron Fakulteti Juridik n\u00eb Universitetin \u201cHaxhi Zeka\u201d, p\u00ebrfshir\u00eb Juridik i P\u00ebrgjithsh\u00ebm (LLB) dhe E Drejta Civile & Biznesore (LLM), me struktur\u00eb akademike dhe mund\u00ebsi karriere.","breadcrumb":{"@id":"https:\/\/unhz.eu\/fakulteti-juridik\/programet\/#breadcrumb"},"inLanguage":"en-US","potentialAction":[{"@type":"ReadAction","target":["https:\/\/unhz.eu\/fakulteti-juridik\/programet\/"]}]},{"@type":"BreadcrumbList","@id":"https:\/\/unhz.eu\/fakulteti-juridik\/programet\/#breadcrumb","itemListElement":[{"@type":"ListItem","position":1,"name":"Home","item":"https:\/\/unhz.eu\/fakulteti-juridik\/"},{"@type":"ListItem","position":2,"name":"Programet"}]},{"@type":"WebSite","@id":"https:\/\/unhz.eu\/fakulteti-juridik\/#website","url":"https:\/\/unhz.eu\/fakulteti-juridik\/","name":"Faculy of Law","description":"Dedicated to standard quality and success","publisher":{"@id":"https:\/\/unhz.eu\/fakulteti-juridik\/#organization"},"potentialAction":[{"@type":"SearchAction","target":{"@type":"EntryPoint","urlTemplate":"https:\/\/unhz.eu\/fakulteti-juridik\/?s={search_term_string}"},"query-input":{"@type":"PropertyValueSpecification","valueRequired":true,"valueName":"search_term_string"}}],"inLanguage":"en-US"},{"@type":"Organization","@id":"https:\/\/unhz.eu\/fakulteti-juridik\/#organization","name":"Faculy of Law","url":"https:\/\/unhz.eu\/fakulteti-juridik\/","logo":{"@type":"ImageObject","inLanguage":"en-US","@id":"https:\/\/unhz.eu\/fakulteti-juridik\/#\/schema\/logo\/image\/","url":"https:\/\/unhz.eu\/fakulteti-juridik\/wp-content\/uploads\/sites\/9\/2024\/02\/cropped-logo-1-1-e1713527702695.png","contentUrl":"https:\/\/unhz.eu\/fakulteti-juridik\/wp-content\/uploads\/sites\/9\/2024\/02\/cropped-logo-1-1-e1713527702695.png","width":100,"height":100,"caption":"Fakulteti Juridik"},"image":{"@id":"https:\/\/unhz.eu\/fakulteti-juridik\/#\/schema\/logo\/image\/"}}]}},"_links":{"self":[{"href":"https:\/\/unhz.eu\/fakulteti-juridik\/en\/wp-json\/wp\/v2\/pages\/21617","targetHints":{"allow":["GET"]}}],"collection":[{"href":"https:\/\/unhz.eu\/fakulteti-juridik\/en\/wp-json\/wp\/v2\/pages"}],"about":[{"href":"https:\/\/unhz.eu\/fakulteti-juridik\/en\/wp-json\/wp\/v2\/types\/page"}],"author":[{"embeddable":true,"href":"https:\/\/unhz.eu\/fakulteti-juridik\/en\/wp-json\/wp\/v2\/users\/1"}],"replies":[{"embeddable":true,"href":"https:\/\/unhz.eu\/fakulteti-juridik\/en\/wp-json\/wp\/v2\/comments?post=21617"}],"version-history":[{"count":1,"href":"https:\/\/unhz.eu\/fakulteti-juridik\/en\/wp-json\/wp\/v2\/pages\/21617\/revisions"}],"predecessor-version":[{"id":51037,"href":"https:\/\/unhz.eu\/fakulteti-juridik\/en\/wp-json\/wp\/v2\/pages\/21617\/revisions\/51037"}],"wp:attachment":[{"href":"https:\/\/unhz.eu\/fakulteti-juridik\/en\/wp-json\/wp\/v2\/media?parent=21617"}],"curies":[{"name":"wp","href":"https:\/\/api.w.org\/{rel}","templated":true}]}}