{"id":49807,"date":"2025-10-21T10:30:19","date_gmt":"2025-10-21T08:30:19","guid":{"rendered":"https:\/\/unhz.eu\/fakulteti-i-biznesit\/?page_id=49807"},"modified":"2025-11-10T12:16:15","modified_gmt":"2025-11-10T10:16:15","slug":"programet-biznes-dhe-ekonomi-phd","status":"publish","type":"page","link":"https:\/\/unhz.eu\/fakulteti-i-biznesit\/programet-biznes-dhe-ekonomi-phd\/","title":{"rendered":"Programet BIZNES DHE EKONOMI PHD"},"content":{"rendered":"\n<p><\/p>\n\n\n\n<figure class=\"wp-block-table\"><table><tbody><tr><td colspan=\"7\"><strong><em>Viti I-r\u00eb &#8211; Semestri I<\/em><\/strong><strong><em><\/em><\/strong><\/td><\/tr><tr><td>&nbsp;<\/td><td><strong>Em\u00ebrtimi i l\u00ebndes<\/strong><\/td><td colspan=\"2\"><strong>Statusi<\/strong><strong><\/strong><\/td><td><strong>ECTS<\/strong><strong><\/strong><\/td><td colspan=\"2\"><strong>Fondi<\/strong><strong><\/strong><\/td><\/tr><tr><td>1.<\/td><td><a href=\"https:\/\/unhz.eu\/fakulteti-i-biznesit\/wp-content\/uploads\/sites\/2\/2025\/11\/1.-Etika-ne-Kerkim-Shkencor.pdf\">Etika n\u00eb K\u00ebrkime Shkencore<\/a><\/td><td colspan=\"2\">Obligative<\/td><td>6<\/td><td colspan=\"2\">45 h<\/td><\/tr><tr><td>2.<\/td><td><a href=\"https:\/\/unhz.eu\/fakulteti-i-biznesit\/wp-content\/uploads\/sites\/2\/2025\/11\/2.-Metodat-Cilesore-dhe-Sasiore-ne-Hulumtim.pdf\">Metodat Cil\u00ebsore dhe Sasiore n\u00eb Hulumtim<\/a><\/td><td colspan=\"2\">Obligative<\/td><td>6<\/td><td colspan=\"2\">45 h<\/td><\/tr><tr><td colspan=\"7\"><em>(Studentet duhet t\u00eb zgjedhin 3 l\u00ebnd\u00eb nga grupi i l\u00ebnd\u00ebve zgejdhore)<\/em><\/td><\/tr><tr><td>3.<\/td><td><a href=\"https:\/\/unhz.eu\/fakulteti-i-biznesit\/wp-content\/uploads\/sites\/2\/2025\/11\/3.-Ekonomiksi-i-Avancuar.pdf\">Ekonomiksi i Avancuar<\/a><\/td><td colspan=\"2\">Zgjedhore<\/td><td>6<\/td><td colspan=\"2\">45 h<\/td><\/tr><tr><td>4.<\/td><td><a href=\"https:\/\/unhz.eu\/fakulteti-i-biznesit\/wp-content\/uploads\/sites\/2\/2025\/11\/4.-Financat-dhe-Kontabiliteti-i-Avancuar.pdf\">Financat dhe Kontabiliteti i Avancuar<\/a><\/td><td colspan=\"2\">Zgjedhore<\/td><td>6<\/td><td colspan=\"2\">45 h<\/td><\/tr><tr><td>5.<\/td><td><a href=\"https:\/\/unhz.eu\/fakulteti-i-biznesit\/wp-content\/uploads\/sites\/2\/2025\/11\/5.-Menaxhimi-Bashkekohor.pdf\">Menaxhimi Bashk\u00ebkohor<\/a><\/td><td colspan=\"2\">Zgjedhore<\/td><td>6<\/td><td colspan=\"2\">45 h<\/td><\/tr><tr><td>6.<\/td><td><a href=\"https:\/\/unhz.eu\/fakulteti-i-biznesit\/wp-content\/uploads\/sites\/2\/2025\/11\/6.-Ekonomiksi-i-Mjedisit.pdf\">Ekonomiksi i Mjedisit<\/a><\/td><td colspan=\"2\">Zgjedhore<\/td><td>6<\/td><td colspan=\"2\">45 h<\/td><\/tr><tr><td><em>&nbsp;<\/em> 7.<\/td><td><a href=\"https:\/\/unhz.eu\/fakulteti-i-biznesit\/wp-content\/uploads\/sites\/2\/2025\/11\/7.-Digjitalizimi-i-Proceseve-Biznesore-dhe-Inovacionet.pdf\">Digjitalizimi i Proceseve Biznesore dhe Inovacionet<\/a><\/td><td colspan=\"2\"><em>&nbsp;<\/em> Zgjedhore<\/td><td><em>&nbsp;<\/em> 6<\/td><td colspan=\"2\"><em>&nbsp;<\/em> 45 h<\/td><\/tr><tr><td>8.<\/td><td><a href=\"https:\/\/unhz.eu\/fakulteti-i-biznesit\/wp-content\/uploads\/sites\/2\/2025\/11\/8.-Tregu-i-Kapitalit.pdf\">Tregu i Kapitalit<\/a><\/td><td colspan=\"2\">Zgjedhore<\/td><td>6<\/td><td colspan=\"2\">45 h<\/td><\/tr><tr><td><em>&nbsp;<\/em> 9.<\/td><td><a href=\"https:\/\/unhz.eu\/fakulteti-i-biznesit\/wp-content\/uploads\/sites\/2\/2025\/11\/9.-Investimi-ESG-dhe-Menaxhimi-i-Qendrueshem-ne-BE.pdf\">Investimi ESG dhe Menaxhimi i Q\u00ebndruesh\u00ebm n\u00eb BE<\/a><\/td><td colspan=\"2\"><em>&nbsp;<\/em> Zgjedhore<\/td><td><em>&nbsp;<\/em> 6<\/td><td colspan=\"2\"><em>&nbsp;<\/em> 45 h<\/td><\/tr><tr><td>10.<\/td><td><a href=\"https:\/\/unhz.eu\/fakulteti-i-biznesit\/wp-content\/uploads\/sites\/2\/2025\/11\/10.-Qeverisja-e-Riskut-dhe-Auditimi-Menaxherial.pdf\">Qeverisja e Riskut dhe Auditimi Menaxherial<\/a><\/td><td colspan=\"2\">Zgjedhore<\/td><td>6<\/td><td colspan=\"2\">45 h<\/td><\/tr><tr><td>&nbsp;<\/td><td>&nbsp;<\/td><td colspan=\"2\">&nbsp;<\/td><td><strong>30<\/strong><strong><\/strong> <strong>ECTS<\/strong><strong><\/strong><\/td><td colspan=\"2\">&nbsp;<\/td><\/tr><tr><td colspan=\"7\"><strong>Viti I-r\u00eb &#8211; Semestri II<\/strong><strong><\/strong> <strong><em>(Studentet duhet t\u00eb zgjedhin vetem 1 l\u00ebnde nga grupi i l\u00ebndeve zgjdhore)<\/em><\/strong><strong><em><\/em><\/strong><\/td><\/tr><tr><td>Nr.<\/td><td><strong>Emertimi i lend\u00ebs<\/strong><\/td><td colspan=\"2\"><strong>Statusi<\/strong><strong><\/strong><\/td><td><strong>ECTS<\/strong><strong><\/strong><\/td><td colspan=\"2\"><strong>Fondi<\/strong><strong><\/strong><\/td><\/tr><tr><td>1.<\/td><td><a href=\"https:\/\/unhz.eu\/fakulteti-i-biznesit\/wp-content\/uploads\/sites\/2\/2025\/11\/1.-Ekonometria-e-Avancuar.pdf\">Ekonometria e Avancuar<\/a><\/td><td colspan=\"2\">Zgjedhore<\/td><td>6<\/td><td colspan=\"2\">45 h<\/td><\/tr><tr><td>2.<\/td><td><a href=\"https:\/\/unhz.eu\/fakulteti-i-biznesit\/wp-content\/uploads\/sites\/2\/2025\/11\/2.-Menaxhimi-Strategjik-dhe-Globalizimi.pdf\">Menaxhimi Strategjik dhe Globalizimi<\/a><\/td><td colspan=\"2\">Zgjedhore<\/td><td>6<\/td><td colspan=\"2\">45 h<\/td><\/tr><tr><td>3.<\/td><td><a href=\"https:\/\/unhz.eu\/fakulteti-i-biznesit\/wp-content\/uploads\/sites\/2\/2025\/11\/3.-Financat-e-Avancuara-Nderkombetare.pdf\">Financat e Avancuara Nd\u00ebrkombetare<\/a><\/td><td colspan=\"2\">Zgjedhore<\/td><td>6<\/td><td colspan=\"2\">45 h<\/td><\/tr><tr><td>4.<\/td><td><a href=\"https:\/\/unhz.eu\/fakulteti-i-biznesit\/wp-content\/uploads\/sites\/2\/2025\/11\/4.-Bankat-dhe-Sherbimet-Financiare.pdf\">Banka dhe Sh\u00ebrbime Financiare<\/a><\/td><td colspan=\"2\">Zgjedhore<\/td><td>6<\/td><td colspan=\"2\">45 h<\/td><\/tr><tr><td>5.<\/td><td><a href=\"https:\/\/unhz.eu\/fakulteti-i-biznesit\/wp-content\/uploads\/sites\/2\/2025\/11\/5.-Menaxhimi-Strategjik-i-Marketingut.pdf\">Menaxhimi Strategjik i Marketingut<\/a><\/td><td colspan=\"2\">Zgjedhore<\/td><td>6<\/td><td colspan=\"2\">45 h<\/td><\/tr><tr><td colspan=\"3\">K\u00ebrkimi Individual I<\/td><td colspan=\"3\">14<\/td><td>&nbsp;<\/td><\/tr><tr><td colspan=\"3\">Projekt propozimi i tez\u00ebs s\u00eb disertacionit<\/td><td colspan=\"3\">10<\/td><td>&nbsp;<\/td><\/tr><tr><td colspan=\"3\">&nbsp;<\/td><td colspan=\"3\"><strong>30<\/strong><strong><\/strong> <strong>ECTS<\/strong><strong><\/strong><\/td><td>&nbsp;<\/td><\/tr><tr><td colspan=\"7\">&nbsp;<\/td><\/tr><tr><td colspan=\"3\"><strong>Viti II-t\u00eb &#8211; Semestri III-t\u00eb<\/strong><strong><\/strong><\/td><td colspan=\"4\"><strong>ECTS<\/strong><strong><\/strong><\/td><\/tr><tr><td colspan=\"3\">K\u00ebrkimi Individual II<\/td><td colspan=\"4\">14<\/td><\/tr><tr><td colspan=\"3\">Pjes\u00ebmarrje dhe Prezantim n\u00eb Konferenc\u00eb Nd\u00ebrkomb\u00ebtare<\/td><td colspan=\"4\">10<\/td><\/tr><tr><td colspan=\"3\">Mobiliteti i studentit<\/td><td colspan=\"4\">6<\/td><\/tr><tr><td colspan=\"3\">&nbsp;<\/td><td colspan=\"4\"><strong>30 ECTS<\/strong><\/td><\/tr><tr><td colspan=\"7\">&nbsp;<\/td><\/tr><tr><td colspan=\"3\"><strong>Viti II-t\u00eb &#8211; Semestri IV-t\u00eb<\/strong><strong><\/strong><\/td><td colspan=\"4\"><strong>ECTS<\/strong><strong><\/strong><\/td><\/tr><tr><td colspan=\"3\">Prezantimi i progresit n\u00eb disertacionin e doktorat\u00ebs (I)<\/td><td colspan=\"4\">30<\/td><\/tr><tr><td colspan=\"3\">&nbsp;<\/td><td colspan=\"4\"><strong>30 ECTS<\/strong><\/td><\/tr><tr><td colspan=\"3\"><strong>Viti III-t\u00eb &#8211; Semestri V-t\u00eb<\/strong><strong><\/strong><\/td><td colspan=\"4\"><strong>ECTS<\/strong><strong><\/strong><\/td><\/tr><tr><td colspan=\"3\">Prezantimi i progresit n\u00eb disertacionin e doktorat\u00ebs (II)<\/td><td colspan=\"4\">30<\/td><\/tr><tr><td colspan=\"3\">&nbsp;<\/td><td colspan=\"4\"><strong>30 ECTS<\/strong><\/td><\/tr><tr><td colspan=\"3\">&nbsp;<\/td><td colspan=\"4\">&nbsp;<\/td><\/tr><tr><td colspan=\"3\"><strong>Viti III-t\u00eb &#8211; Semestri VI-t\u00eb<\/strong><strong><\/strong><\/td><td colspan=\"4\"><strong>ECTS<\/strong><strong><\/strong><\/td><\/tr><tr><td colspan=\"3\">Disertacioni i Doktorat\u00ebs<\/td><td colspan=\"4\">30<\/td><\/tr><tr><td colspan=\"3\">&nbsp;<\/td><td colspan=\"4\"><strong>30 ECTS<\/strong><\/td><\/tr><\/tbody><\/table><\/figure>\n","protected":false},"excerpt":{"rendered":"<p>Viti I-r\u00eb &#8211; Semestri I &nbsp; Em\u00ebrtimi i l\u00ebndes Statusi ECTS Fondi 1. Etika n\u00eb&hellip;<\/p>\n","protected":false},"author":1,"featured_media":0,"parent":0,"menu_order":0,"comment_status":"closed","ping_status":"closed","template":"","meta":{"footnotes":""},"class_list":["post-49807","page","type-page","status-publish","hentry"],"yoast_head":"<!-- This site is optimized with the Yoast SEO Premium plugin v27.2 (Yoast SEO v27.2) - https:\/\/yoast.com\/product\/yoast-seo-premium-wordpress\/ -->\n<title>Programet BIZNES DHE EKONOMI PHD - Fakulteti i Biznesit<\/title>\n<meta name=\"robots\" content=\"index, follow, max-snippet:-1, max-image-preview:large, max-video-preview:-1\" \/>\n<link rel=\"canonical\" href=\"https:\/\/unhz.eu\/fakulteti-i-biznesit\/programet-biznes-dhe-ekonomi-phd\/\" \/>\n<meta property=\"og:locale\" content=\"sq_AL\" \/>\n<meta property=\"og:type\" content=\"article\" \/>\n<meta property=\"og:title\" content=\"Programet BIZNES DHE EKONOMI PHD\" \/>\n<meta property=\"og:description\" content=\"Viti I-r\u00eb &#8211; Semestri I &nbsp; Em\u00ebrtimi i l\u00ebndes Statusi ECTS Fondi 1. Etika n\u00eb&hellip;\" \/>\n<meta property=\"og:url\" content=\"https:\/\/unhz.eu\/fakulteti-i-biznesit\/programet-biznes-dhe-ekonomi-phd\/\" \/>\n<meta property=\"og:site_name\" content=\"Fakulteti i Biznesit\" \/>\n<meta property=\"article:modified_time\" content=\"2025-11-10T10:16:15+00:00\" \/>\n<meta name=\"twitter:card\" content=\"summary_large_image\" \/>\n<meta name=\"twitter:label1\" content=\"Est. reading time\" \/>\n\t<meta name=\"twitter:data1\" content=\"2 minuta\" \/>\n<script type=\"application\/ld+json\" class=\"yoast-schema-graph\">{\"@context\":\"https:\/\/schema.org\",\"@graph\":[{\"@type\":\"WebPage\",\"@id\":\"https:\/\/unhz.eu\/fakulteti-i-biznesit\/programet-biznes-dhe-ekonomi-phd\/\",\"url\":\"https:\/\/unhz.eu\/fakulteti-i-biznesit\/programet-biznes-dhe-ekonomi-phd\/\",\"name\":\"Programet BIZNES DHE EKONOMI PHD - Fakulteti i Biznesit\",\"isPartOf\":{\"@id\":\"https:\/\/unhz.eu\/fakulteti-i-biznesit\/#website\"},\"datePublished\":\"2025-10-21T08:30:19+00:00\",\"dateModified\":\"2025-11-10T10:16:15+00:00\",\"breadcrumb\":{\"@id\":\"https:\/\/unhz.eu\/fakulteti-i-biznesit\/programet-biznes-dhe-ekonomi-phd\/#breadcrumb\"},\"inLanguage\":\"sq\",\"potentialAction\":[{\"@type\":\"ReadAction\",\"target\":[\"https:\/\/unhz.eu\/fakulteti-i-biznesit\/programet-biznes-dhe-ekonomi-phd\/\"]}]},{\"@type\":\"BreadcrumbList\",\"@id\":\"https:\/\/unhz.eu\/fakulteti-i-biznesit\/programet-biznes-dhe-ekonomi-phd\/#breadcrumb\",\"itemListElement\":[{\"@type\":\"ListItem\",\"position\":1,\"name\":\"Home\",\"item\":\"https:\/\/unhz.eu\/fakulteti-i-biznesit\/\"},{\"@type\":\"ListItem\",\"position\":2,\"name\":\"Programet BIZNES DHE EKONOMI PHD\"}]},{\"@type\":\"WebSite\",\"@id\":\"https:\/\/unhz.eu\/fakulteti-i-biznesit\/#website\",\"url\":\"https:\/\/unhz.eu\/fakulteti-i-biznesit\/\",\"name\":\"Fakulteti i Biznesit\",\"description\":\"I dedikuar p\u00ebr cil\u00ebsi standarde dhe suksese\",\"publisher\":{\"@id\":\"https:\/\/unhz.eu\/fakulteti-i-biznesit\/#organization\"},\"potentialAction\":[{\"@type\":\"SearchAction\",\"target\":{\"@type\":\"EntryPoint\",\"urlTemplate\":\"https:\/\/unhz.eu\/fakulteti-i-biznesit\/?s={search_term_string}\"},\"query-input\":{\"@type\":\"PropertyValueSpecification\",\"valueRequired\":true,\"valueName\":\"search_term_string\"}}],\"inLanguage\":\"sq\"},{\"@type\":\"Organization\",\"@id\":\"https:\/\/unhz.eu\/fakulteti-i-biznesit\/#organization\",\"name\":\"Fakulteti i Biznesit\",\"url\":\"https:\/\/unhz.eu\/fakulteti-i-biznesit\/\",\"logo\":{\"@type\":\"ImageObject\",\"inLanguage\":\"sq\",\"@id\":\"https:\/\/unhz.eu\/fakulteti-i-biznesit\/#\/schema\/logo\/image\/\",\"url\":\"https:\/\/unhz.eu\/fakulteti-i-biznesit\/wp-content\/uploads\/sites\/2\/2024\/02\/cropped-logo-1-1-e1713527702695.png\",\"contentUrl\":\"https:\/\/unhz.eu\/fakulteti-i-biznesit\/wp-content\/uploads\/sites\/2\/2024\/02\/cropped-logo-1-1-e1713527702695.png\",\"width\":100,\"height\":100,\"caption\":\"Fakulteti i Biznesit\"},\"image\":{\"@id\":\"https:\/\/unhz.eu\/fakulteti-i-biznesit\/#\/schema\/logo\/image\/\"}}]}<\/script>\n<!-- \/ Yoast SEO Premium plugin. -->","yoast_head_json":{"title":"Programet BIZNES DHE EKONOMI PHD - Fakulteti i Biznesit","robots":{"index":"index","follow":"follow","max-snippet":"max-snippet:-1","max-image-preview":"max-image-preview:large","max-video-preview":"max-video-preview:-1"},"canonical":"https:\/\/unhz.eu\/fakulteti-i-biznesit\/programet-biznes-dhe-ekonomi-phd\/","og_locale":"sq_AL","og_type":"article","og_title":"Programet BIZNES DHE EKONOMI PHD","og_description":"Viti I-r\u00eb &#8211; Semestri I &nbsp; Em\u00ebrtimi i l\u00ebndes Statusi ECTS Fondi 1. Etika n\u00eb&hellip;","og_url":"https:\/\/unhz.eu\/fakulteti-i-biznesit\/programet-biznes-dhe-ekonomi-phd\/","og_site_name":"Fakulteti i Biznesit","article_modified_time":"2025-11-10T10:16:15+00:00","twitter_card":"summary_large_image","twitter_misc":{"Est. reading time":"2 minuta"},"schema":{"@context":"https:\/\/schema.org","@graph":[{"@type":"WebPage","@id":"https:\/\/unhz.eu\/fakulteti-i-biznesit\/programet-biznes-dhe-ekonomi-phd\/","url":"https:\/\/unhz.eu\/fakulteti-i-biznesit\/programet-biznes-dhe-ekonomi-phd\/","name":"Programet BIZNES DHE EKONOMI PHD - Fakulteti i Biznesit","isPartOf":{"@id":"https:\/\/unhz.eu\/fakulteti-i-biznesit\/#website"},"datePublished":"2025-10-21T08:30:19+00:00","dateModified":"2025-11-10T10:16:15+00:00","breadcrumb":{"@id":"https:\/\/unhz.eu\/fakulteti-i-biznesit\/programet-biznes-dhe-ekonomi-phd\/#breadcrumb"},"inLanguage":"sq","potentialAction":[{"@type":"ReadAction","target":["https:\/\/unhz.eu\/fakulteti-i-biznesit\/programet-biznes-dhe-ekonomi-phd\/"]}]},{"@type":"BreadcrumbList","@id":"https:\/\/unhz.eu\/fakulteti-i-biznesit\/programet-biznes-dhe-ekonomi-phd\/#breadcrumb","itemListElement":[{"@type":"ListItem","position":1,"name":"Home","item":"https:\/\/unhz.eu\/fakulteti-i-biznesit\/"},{"@type":"ListItem","position":2,"name":"Programet BIZNES DHE EKONOMI PHD"}]},{"@type":"WebSite","@id":"https:\/\/unhz.eu\/fakulteti-i-biznesit\/#website","url":"https:\/\/unhz.eu\/fakulteti-i-biznesit\/","name":"Fakulteti i Biznesit","description":"I dedikuar p\u00ebr cil\u00ebsi standarde dhe suksese","publisher":{"@id":"https:\/\/unhz.eu\/fakulteti-i-biznesit\/#organization"},"potentialAction":[{"@type":"SearchAction","target":{"@type":"EntryPoint","urlTemplate":"https:\/\/unhz.eu\/fakulteti-i-biznesit\/?s={search_term_string}"},"query-input":{"@type":"PropertyValueSpecification","valueRequired":true,"valueName":"search_term_string"}}],"inLanguage":"sq"},{"@type":"Organization","@id":"https:\/\/unhz.eu\/fakulteti-i-biznesit\/#organization","name":"Fakulteti i Biznesit","url":"https:\/\/unhz.eu\/fakulteti-i-biznesit\/","logo":{"@type":"ImageObject","inLanguage":"sq","@id":"https:\/\/unhz.eu\/fakulteti-i-biznesit\/#\/schema\/logo\/image\/","url":"https:\/\/unhz.eu\/fakulteti-i-biznesit\/wp-content\/uploads\/sites\/2\/2024\/02\/cropped-logo-1-1-e1713527702695.png","contentUrl":"https:\/\/unhz.eu\/fakulteti-i-biznesit\/wp-content\/uploads\/sites\/2\/2024\/02\/cropped-logo-1-1-e1713527702695.png","width":100,"height":100,"caption":"Fakulteti i Biznesit"},"image":{"@id":"https:\/\/unhz.eu\/fakulteti-i-biznesit\/#\/schema\/logo\/image\/"}}]}},"_links":{"self":[{"href":"https:\/\/unhz.eu\/fakulteti-i-biznesit\/wp-json\/wp\/v2\/pages\/49807","targetHints":{"allow":["GET"]}}],"collection":[{"href":"https:\/\/unhz.eu\/fakulteti-i-biznesit\/wp-json\/wp\/v2\/pages"}],"about":[{"href":"https:\/\/unhz.eu\/fakulteti-i-biznesit\/wp-json\/wp\/v2\/types\/page"}],"author":[{"embeddable":true,"href":"https:\/\/unhz.eu\/fakulteti-i-biznesit\/wp-json\/wp\/v2\/users\/1"}],"replies":[{"embeddable":true,"href":"https:\/\/unhz.eu\/fakulteti-i-biznesit\/wp-json\/wp\/v2\/comments?post=49807"}],"version-history":[{"count":2,"href":"https:\/\/unhz.eu\/fakulteti-i-biznesit\/wp-json\/wp\/v2\/pages\/49807\/revisions"}],"predecessor-version":[{"id":50122,"href":"https:\/\/unhz.eu\/fakulteti-i-biznesit\/wp-json\/wp\/v2\/pages\/49807\/revisions\/50122"}],"wp:attachment":[{"href":"https:\/\/unhz.eu\/fakulteti-i-biznesit\/wp-json\/wp\/v2\/media?parent=49807"}],"curies":[{"name":"wp","href":"https:\/\/api.w.org\/{rel}","templated":true}]}}