{"id":49564,"date":"2025-09-05T09:14:55","date_gmt":"2025-09-05T09:14:55","guid":{"rendered":"https:\/\/unhz.eu\/fakulteti-i-biznesit\/?page_id=49564"},"modified":"2025-09-05T09:19:44","modified_gmt":"2025-09-05T09:19:44","slug":"menaxhim-biznesi-msc-2022-2025","status":"publish","type":"page","link":"https:\/\/unhz.eu\/fakulteti-i-biznesit\/menaxhim-biznesi-master\/menaxhim-biznesi-msc-2022-2025\/","title":{"rendered":"Menaxhim biznesi \u2013 MSc 2022-2025"},"content":{"rendered":"\n<p><strong>Programi Menaxhim biznesi \u2013 MSc<\/strong><\/p>\n\n\n\n<p>Programi i akredituar 2022 \u2013 2025<\/p>\n\n\n\n<p><strong>Profilet me specializim n\u00eb:<\/strong><\/p>\n\n\n\n<ol class=\"wp-block-list\">\n<li>Menaxhim Biznesi,<\/li>\n\n\n\n<li>Banka dhe Financa<\/li>\n\n\n\n<li>Kontabilitet dhe Auditim<\/li>\n<\/ol>\n\n\n\n<p><strong><em>Viti i par\u00eb i p\u00ebrbashk\u00ebt<\/em><\/strong><\/p>\n\n\n\n<figure class=\"wp-block-table\"><table><tbody><tr><td><\/td><td colspan=\"5\"><\/td><td><\/td><\/tr><tr><td colspan=\"7\"><strong>Viti i par\u00eb \u2013 Semestri i par\u00eb:<\/strong><\/td><\/tr><tr><td colspan=\"2\"><strong>Nr.<\/strong><\/td><td><strong>Obli.\/Zgj.<\/strong><\/td><td><strong>L\u00ebnda:<\/strong><\/td><td><strong>Or\u00eb L+U<\/strong><\/td><td colspan=\"2\"><strong>ECTS<\/strong><\/td><\/tr><tr><td colspan=\"2\">1.<\/td><td>O<\/td><td>Metodat Cil\u00ebsore n\u00eb K\u00ebrkim Shkencor<\/td><td>3+2<\/td><td colspan=\"2\">6<\/td><\/tr><tr><td colspan=\"2\">2.<\/td><td>O<\/td><td>Ekonomiksi i Avancuar Menaxherial<\/td><td>3+2<\/td><td colspan=\"2\">6<\/td><\/tr><tr><td colspan=\"2\">3.<\/td><td>O<\/td><td>Teorit\u00eb Bashk\u00ebkohore t\u00eb Organizimit<\/td><td>3+2<\/td><td colspan=\"2\">6<\/td><\/tr><tr><td colspan=\"2\">4.<\/td><td>O<\/td><td>Menaxhmenti Financiar i Avancuar<\/td><td>3+2<\/td><td colspan=\"2\">6<\/td><\/tr><tr><td colspan=\"2\">5.<\/td><td>Z<strong>*<\/strong><\/td><td>Menaxhimi i PPP-ve<\/td><td>3+2<\/td><td colspan=\"2\">6<\/td><\/tr><tr><td colspan=\"2\">6.<\/td><td>Z<strong>**<\/strong><\/td><td>Menaxhimi i Kapitalit t\u00eb Bank\u00ebs dhe Sigurimeve<\/td><td>3+2<\/td><td colspan=\"2\">6<\/td><\/tr><tr><td colspan=\"2\">7.<\/td><td>Z<strong>***<\/strong><\/td><td>Auditimi i Brendsh\u00ebm<\/td><td>3+2<\/td><td colspan=\"2\">6<\/td><\/tr><tr><td colspan=\"2\"><\/td><td><\/td><td>Totali<\/td><td>15+10<\/td><td colspan=\"2\">30<\/td><\/tr><tr><td colspan=\"7\"><strong>Viti i par\u00eb \u2013 Semestri dyt\u00eb:<\/strong><\/td><\/tr><tr><td colspan=\"2\"><strong>Nr.<\/strong><\/td><td><strong>Obli.\/Zgj.<\/strong><\/td><td><strong>L\u00ebnda:<\/strong><\/td><td><strong>Or\u00eb L+U<\/strong><\/td><td colspan=\"2\"><strong>ECTS<\/strong><\/td><\/tr><tr><td colspan=\"2\">1.<\/td><td>O<\/td><td>Metodat dhe Teknikat Sasiore n\u00eb K\u00ebrkim Shkencor<\/td><td>3+2<\/td><td colspan=\"2\">6<\/td><\/tr><tr><td colspan=\"2\">2.<\/td><td>O<\/td><td>Menaxhimi Strategjik i Avancuar<\/td><td>3+2<\/td><td colspan=\"2\">6<\/td><\/tr><tr><td colspan=\"2\">3.<\/td><td>O<\/td><td>Sistemet e Informacionit t\u00eb Menaxhimit<\/td><td>3+2<\/td><td colspan=\"2\">6<\/td><\/tr><tr><td colspan=\"2\">4.<\/td><td>O<\/td><td>Mjedisi Biznesor Nd\u00ebrkomb\u00ebtar<\/td><td>2+2<\/td><td colspan=\"2\">6<\/td><\/tr><tr><td colspan=\"2\">6.<\/td><td>Z<strong>*<\/strong><\/td><td>Menaxhimi Total i Cil\u00ebsis\u00eb<\/td><td>3+2<\/td><td colspan=\"2\">6<\/td><\/tr><tr><td colspan=\"2\">7.<\/td><td>Z**<\/td><td>Ekonometria Financiare<\/td><td>3+2<\/td><td colspan=\"2\">6<\/td><\/tr><tr><td colspan=\"2\">8.<\/td><td>Z<strong>***<\/strong><\/td><td>Kontabiliteti Financiar i Avancuar<\/td><td>3+2<\/td><td colspan=\"2\">6<\/td><\/tr><tr><td colspan=\"2\">9.<\/td><td>Z<strong>***<\/strong><\/td><td>Kontabiliteti i Kostos<\/td><td>3+2<\/td><td colspan=\"2\">6<\/td><\/tr><tr><td colspan=\"2\"><\/td><td><\/td><td>Totali<\/td><td>15+10<\/td><td colspan=\"2\">30<\/td><\/tr><tr><td colspan=\"7\"><strong>Specializimi: Menaxhim Biznesi<\/strong> <strong>Parakushti: P\u00ebr t\u00eb vazhduar k\u00ebt\u00eb profil t\u00eb programit, student\u00ebt n\u00eb vitin e par\u00eb duhet t\u00eb fitojn\u00eb s\u00eb paku 48 ECTS kredi nga l\u00ebndet obliguese dhe t\u00eb pakt\u00ebn 12 ECTS kredi nga l\u00ebndet me \u201c*\u201d<\/strong><\/td><\/tr><tr><td colspan=\"7\"><strong>Viti i dyt\u00eb \u2013 Semestri tret\u00eb:<\/strong><\/td><\/tr><tr><td colspan=\"2\"><strong>Nr.<\/strong><\/td><td><strong>Obli.\/Zgj.<\/strong><\/td><td><strong>L\u00ebnda:<\/strong><\/td><td><strong>Or\u00eb L+U<\/strong><\/td><td colspan=\"2\"><strong>ECTS<\/strong><\/td><\/tr><tr><td colspan=\"2\">1.<\/td><td>O<\/td><td>Nd\u00ebrmarr\u00ebsia dhe Inovacionet<\/td><td>3+2<\/td><td colspan=\"2\">6<\/td><\/tr><tr><td colspan=\"2\">2.<\/td><td>O<\/td><td>Menaxhimi i Projekteve t\u00eb BE-s\u00eb<\/td><td>3+3<\/td><td colspan=\"2\">6<\/td><\/tr><tr><td colspan=\"2\">3.<\/td><td>O<\/td><td>M\u00ebsimi Praktik dhe Zhvllimi i Karrier\u00ebs<\/td><td>1+3<\/td><td colspan=\"2\">6<\/td><\/tr><tr><td colspan=\"2\">4.<\/td><td>O<\/td><td>Lidershipi dhe Vendimmarrja<\/td><td>3+2<\/td><td colspan=\"2\">6<\/td><\/tr><tr><td colspan=\"2\">5.<\/td><td>Z<\/td><td>Bashkimi dhe Blerjet e Bizneseve<\/td><td>3+2<\/td><td colspan=\"2\">6<\/td><\/tr><tr><td colspan=\"2\">6.<\/td><td>Z<\/td><td>Marketingu p\u00ebr Menaxher\u00eb<\/td><td>3+2<\/td><td colspan=\"2\">6<\/td><\/tr><tr><td colspan=\"2\">7.<\/td><td>Z<\/td><td>Etika n\u00eb Biznes<\/td><td>3+2<\/td><td colspan=\"2\">6<\/td><\/tr><tr><td colspan=\"2\">8.<\/td><td>Z<\/td><td>Sjellja e Konsumator\u00ebve<\/td><td>3+2<\/td><td colspan=\"2\">6<\/td><\/tr><tr><td colspan=\"2\"><\/td><td><\/td><td>Totali<\/td><td>15+10<\/td><td colspan=\"2\">30<\/td><\/tr><tr><td colspan=\"7\"><strong>Specializimi: Banka dhe Financa<\/strong> <strong>Parakushti: P\u00ebr t\u00eb vazhduar k\u00ebt\u00eb profil t\u00eb programit, student\u00ebt n\u00eb vitin e par\u00eb duhet t\u00eb fitojn\u00eb s\u00eb paku 48 ECTS kredi nga l\u00ebndet obliguese dhe t\u00eb pakt\u00ebn 12 ECTS kredi nga l\u00ebndet me \u201c**\u201d<\/strong><\/td><\/tr><tr><td colspan=\"7\"><strong>Viti i dyt\u00eb \u2013 Semestri tret\u00eb:<\/strong><\/td><\/tr><tr><td colspan=\"2\"><strong>Nr.<\/strong><\/td><td><strong>Obli.\/Zgj.<\/strong><\/td><td><strong>L\u00ebnda:<\/strong><\/td><td><strong>Or\u00eb L+U<\/strong><\/td><td colspan=\"2\"><strong>ECTS<\/strong><\/td><\/tr><tr><td colspan=\"2\">1.<\/td><td>O<\/td><td>Menaxhimi i Institucioneve Financiare<\/td><td>3+2<\/td><td colspan=\"2\">6<\/td><\/tr><tr><td colspan=\"2\">2.<\/td><td>O<\/td><td>Financat e Avancuara t\u00eb Korporatave<\/td><td>3+2<\/td><td colspan=\"2\">6<\/td><\/tr><tr><td colspan=\"2\">3.<\/td><td>O<\/td><td>Investimet dhe Menaxhimi i Portofolit<\/td><td>3+2<\/td><td colspan=\"2\">6<\/td><\/tr><tr><td colspan=\"2\">4.<\/td><td>O<\/td><td>M\u00ebsimi Praktik dhe Zhvllimi i Karrier\u00ebs<\/td><td>1+3<\/td><td colspan=\"2\">6<\/td><\/tr><tr><td colspan=\"2\">5.<\/td><td>Z<\/td><td>Tregjet dhe Financat Nd\u00ebrkomb\u00ebtare<\/td><td>3+2<\/td><td colspan=\"2\">6<\/td><\/tr><tr><td colspan=\"2\">6.<\/td><td>Z<\/td><td>Financat Digjitale<\/td><td>3+2<\/td><td colspan=\"2\">6<\/td><\/tr><tr><td colspan=\"2\">7.<\/td><td>Z<\/td><td>Menaxhimi i Riskut dhe Sigurimet<\/td><td>3+2<\/td><td colspan=\"2\">6<\/td><\/tr><tr><td colspan=\"2\">8.<\/td><td>Z<\/td><td>Politika Monetare<\/td><td>3+2<\/td><td colspan=\"2\">6<\/td><\/tr><tr><td colspan=\"2\"><\/td><td><\/td><td>Totali<\/td><td>15+10<\/td><td colspan=\"2\">30<\/td><\/tr><tr><td colspan=\"7\"><strong>Specializimi: Kontabilitet dhe Auditim<\/strong> <strong>Parakushti: P\u00ebr t\u00eb vazhduar k\u00ebt\u00eb profil t\u00eb programit, student\u00ebt n\u00eb vitin e par\u00eb duhet t\u00eb fitojn\u00eb s\u00eb paku 48 ECTS kredi nga l\u00ebndet obliguese dhe t\u00eb pakt\u00ebn 12 ECTS kredi nga l\u00ebndet me \u201c***\u201d<\/strong><\/td><\/tr><tr><td colspan=\"7\"><strong>Viti i dyt\u00eb \u2013 Semestri i tret\u00eb:<\/strong><\/td><\/tr><tr><td colspan=\"2\"><strong>Nr.<\/strong><\/td><td><strong>Obli.\/Zgj.<\/strong><\/td><td><strong>L\u00ebnda:<\/strong><\/td><td><strong>Or\u00eb L+U<\/strong><\/td><td colspan=\"2\"><strong>ECTS<\/strong><\/td><\/tr><tr><td colspan=\"2\">1.<\/td><td>O<\/td><td>Qeverisja Korporative<\/td><td>3+2<\/td><td colspan=\"2\">6<\/td><\/tr><tr><td colspan=\"2\">2.<\/td><td>O<\/td><td>Auditimi i Avancuar<\/td><td>3+2<\/td><td colspan=\"2\">6<\/td><\/tr><tr><td colspan=\"2\">3.<\/td><td>O<\/td><td>Standardet Nd\u00ebrkomb\u00ebtare t\u00eb Kontabilitetit dhe Raportimi Financiar i Avancuar<\/td><td>3+2<\/td><td colspan=\"2\">6<\/td><\/tr><tr><td colspan=\"2\">4.<\/td><td>O<\/td><td>M\u00ebsimi Praktik dhe Zhvllimi i Karrier\u00ebs<\/td><td>1+3<\/td><td colspan=\"2\">6<\/td><\/tr><tr><td colspan=\"2\">5.<\/td><td>Z<\/td><td>Vler\u00ebsimi i Rrezikut dhe Kontrolli n\u00eb Korporata<\/td><td>3+2<\/td><td colspan=\"2\">6<\/td><\/tr><tr><td colspan=\"2\">6.<\/td><td>Z<\/td><td>Ligjet dhe Tatimet n\u00eb Biznes<\/td><td>3+2<\/td><td colspan=\"2\">6<\/td><\/tr><tr><td colspan=\"2\">7.<\/td><td>Z<\/td><td>Pajtueshmeria dhe Integriteti n\u00eb Institucionet Financiare<\/td><td>3+2<\/td><td colspan=\"2\">6<\/td><\/tr><tr><td colspan=\"2\">8.<\/td><td>Z<\/td><td>Auditimi i Performances<\/td><td>3+2<\/td><td colspan=\"2\">6<\/td><\/tr><tr><td colspan=\"2\"><\/td><td><\/td><td>Totali<\/td><td>15+10<\/td><td colspan=\"2\">30<\/td><\/tr><tr><td colspan=\"7\"><strong>Viti i dyt\u00eb \u2013 Semestri i kat\u00ebrt:<\/strong><\/td><\/tr><tr><td colspan=\"2\"><strong>Nr.<\/strong><\/td><td><strong>Obli.\/Zgj.<\/strong><\/td><td><strong>L\u00ebnda:<\/strong><\/td><td><strong>Or\u00eb L+U<\/strong><\/td><td colspan=\"2\"><strong>ECTS<\/strong><\/td><\/tr><tr><td colspan=\"2\">1.<\/td><td>O<\/td><td>Punimi i Diplom\u00ebs \u2013 Master<\/td><td><\/td><td colspan=\"2\">30<\/td><\/tr><tr><td colspan=\"2\"><\/td><td><\/td><td>Totali<\/td><td><\/td><td colspan=\"2\">30<\/td><\/tr><tr><td><\/td><td><\/td><td><\/td><td><\/td><td><\/td><td><\/td><td><\/td><\/tr><\/tbody><\/table><\/figure>\n\n\n\n<p><strong><em>Sh\u00ebnim: L\u00ebnd\u00ebt apo profilet q\u00eb jan\u00eb parakusht (ose q\u00eb k\u00ebrkojn\u00eb parakusht) jan\u00eb t\u00eb sh\u00ebnj\u00ebzuara me shenjat \u201c*\u201d, \u201c**\u201d dhe \u201c***\u201d.<\/em><\/strong><\/p>\n","protected":false},"excerpt":{"rendered":"<p>Programi Menaxhim biznesi \u2013 MSc Programi i akredituar 2022 \u2013 2025 Profilet me specializim n\u00eb:&hellip;<\/p>\n","protected":false},"author":1,"featured_media":0,"parent":49560,"menu_order":0,"comment_status":"closed","ping_status":"closed","template":"","meta":{"footnotes":""},"class_list":["post-49564","page","type-page","status-publish","hentry"],"yoast_head":"<!-- This site is optimized with the Yoast SEO Premium plugin v27.2 (Yoast SEO v27.2) - https:\/\/yoast.com\/product\/yoast-seo-premium-wordpress\/ -->\n<title>Menaxhim biznesi \u2013 MSc 2022-2025 - Fakulteti i Biznesit<\/title>\n<meta name=\"robots\" content=\"index, follow, max-snippet:-1, max-image-preview:large, max-video-preview:-1\" \/>\n<link rel=\"canonical\" href=\"https:\/\/unhz.eu\/fakulteti-i-biznesit\/menaxhim-biznesi-master\/menaxhim-biznesi-msc-2022-2025\/\" \/>\n<meta property=\"og:locale\" content=\"sq_AL\" \/>\n<meta property=\"og:type\" content=\"article\" \/>\n<meta property=\"og:title\" content=\"Menaxhim biznesi \u2013 MSc 2022-2025\" \/>\n<meta property=\"og:description\" content=\"Programi Menaxhim biznesi \u2013 MSc Programi i akredituar 2022 \u2013 2025 Profilet me specializim n\u00eb:&hellip;\" \/>\n<meta property=\"og:url\" content=\"https:\/\/unhz.eu\/fakulteti-i-biznesit\/menaxhim-biznesi-master\/menaxhim-biznesi-msc-2022-2025\/\" \/>\n<meta property=\"og:site_name\" content=\"Fakulteti i Biznesit\" \/>\n<meta property=\"article:modified_time\" content=\"2025-09-05T09:19:44+00:00\" \/>\n<meta name=\"twitter:card\" content=\"summary_large_image\" \/>\n<meta name=\"twitter:label1\" content=\"Est. reading time\" \/>\n\t<meta name=\"twitter:data1\" content=\"3 minuta\" \/>\n<script type=\"application\/ld+json\" class=\"yoast-schema-graph\">{\"@context\":\"https:\/\/schema.org\",\"@graph\":[{\"@type\":\"WebPage\",\"@id\":\"https:\/\/unhz.eu\/fakulteti-i-biznesit\/menaxhim-biznesi-master\/menaxhim-biznesi-msc-2022-2025\/\",\"url\":\"https:\/\/unhz.eu\/fakulteti-i-biznesit\/menaxhim-biznesi-master\/menaxhim-biznesi-msc-2022-2025\/\",\"name\":\"Menaxhim biznesi \u2013 MSc 2022-2025 - Fakulteti i Biznesit\",\"isPartOf\":{\"@id\":\"https:\/\/unhz.eu\/fakulteti-i-biznesit\/#website\"},\"datePublished\":\"2025-09-05T09:14:55+00:00\",\"dateModified\":\"2025-09-05T09:19:44+00:00\",\"breadcrumb\":{\"@id\":\"https:\/\/unhz.eu\/fakulteti-i-biznesit\/menaxhim-biznesi-master\/menaxhim-biznesi-msc-2022-2025\/#breadcrumb\"},\"inLanguage\":\"sq\",\"potentialAction\":[{\"@type\":\"ReadAction\",\"target\":[\"https:\/\/unhz.eu\/fakulteti-i-biznesit\/menaxhim-biznesi-master\/menaxhim-biznesi-msc-2022-2025\/\"]}]},{\"@type\":\"BreadcrumbList\",\"@id\":\"https:\/\/unhz.eu\/fakulteti-i-biznesit\/menaxhim-biznesi-master\/menaxhim-biznesi-msc-2022-2025\/#breadcrumb\",\"itemListElement\":[{\"@type\":\"ListItem\",\"position\":1,\"name\":\"Home\",\"item\":\"https:\/\/unhz.eu\/fakulteti-i-biznesit\/\"},{\"@type\":\"ListItem\",\"position\":2,\"name\":\"Menaxhim Biznesi \u2013 Master\",\"item\":\"https:\/\/unhz.eu\/fakulteti-i-biznesit\/menaxhim-biznesi-master\/\"},{\"@type\":\"ListItem\",\"position\":3,\"name\":\"Menaxhim biznesi \u2013 MSc 2022-2025\"}]},{\"@type\":\"WebSite\",\"@id\":\"https:\/\/unhz.eu\/fakulteti-i-biznesit\/#website\",\"url\":\"https:\/\/unhz.eu\/fakulteti-i-biznesit\/\",\"name\":\"Fakulteti i Biznesit\",\"description\":\"I dedikuar p\u00ebr cil\u00ebsi standarde dhe suksese\",\"publisher\":{\"@id\":\"https:\/\/unhz.eu\/fakulteti-i-biznesit\/#organization\"},\"potentialAction\":[{\"@type\":\"SearchAction\",\"target\":{\"@type\":\"EntryPoint\",\"urlTemplate\":\"https:\/\/unhz.eu\/fakulteti-i-biznesit\/?s={search_term_string}\"},\"query-input\":{\"@type\":\"PropertyValueSpecification\",\"valueRequired\":true,\"valueName\":\"search_term_string\"}}],\"inLanguage\":\"sq\"},{\"@type\":\"Organization\",\"@id\":\"https:\/\/unhz.eu\/fakulteti-i-biznesit\/#organization\",\"name\":\"Fakulteti i Biznesit\",\"url\":\"https:\/\/unhz.eu\/fakulteti-i-biznesit\/\",\"logo\":{\"@type\":\"ImageObject\",\"inLanguage\":\"sq\",\"@id\":\"https:\/\/unhz.eu\/fakulteti-i-biznesit\/#\/schema\/logo\/image\/\",\"url\":\"https:\/\/unhz.eu\/fakulteti-i-biznesit\/wp-content\/uploads\/sites\/2\/2024\/02\/cropped-logo-1-1-e1713527702695.png\",\"contentUrl\":\"https:\/\/unhz.eu\/fakulteti-i-biznesit\/wp-content\/uploads\/sites\/2\/2024\/02\/cropped-logo-1-1-e1713527702695.png\",\"width\":100,\"height\":100,\"caption\":\"Fakulteti i Biznesit\"},\"image\":{\"@id\":\"https:\/\/unhz.eu\/fakulteti-i-biznesit\/#\/schema\/logo\/image\/\"}}]}<\/script>\n<!-- \/ Yoast SEO Premium plugin. -->","yoast_head_json":{"title":"Menaxhim biznesi \u2013 MSc 2022-2025 - Fakulteti i Biznesit","robots":{"index":"index","follow":"follow","max-snippet":"max-snippet:-1","max-image-preview":"max-image-preview:large","max-video-preview":"max-video-preview:-1"},"canonical":"https:\/\/unhz.eu\/fakulteti-i-biznesit\/menaxhim-biznesi-master\/menaxhim-biznesi-msc-2022-2025\/","og_locale":"sq_AL","og_type":"article","og_title":"Menaxhim biznesi \u2013 MSc 2022-2025","og_description":"Programi Menaxhim biznesi \u2013 MSc Programi i akredituar 2022 \u2013 2025 Profilet me specializim n\u00eb:&hellip;","og_url":"https:\/\/unhz.eu\/fakulteti-i-biznesit\/menaxhim-biznesi-master\/menaxhim-biznesi-msc-2022-2025\/","og_site_name":"Fakulteti i Biznesit","article_modified_time":"2025-09-05T09:19:44+00:00","twitter_card":"summary_large_image","twitter_misc":{"Est. reading time":"3 minuta"},"schema":{"@context":"https:\/\/schema.org","@graph":[{"@type":"WebPage","@id":"https:\/\/unhz.eu\/fakulteti-i-biznesit\/menaxhim-biznesi-master\/menaxhim-biznesi-msc-2022-2025\/","url":"https:\/\/unhz.eu\/fakulteti-i-biznesit\/menaxhim-biznesi-master\/menaxhim-biznesi-msc-2022-2025\/","name":"Menaxhim biznesi \u2013 MSc 2022-2025 - Fakulteti i Biznesit","isPartOf":{"@id":"https:\/\/unhz.eu\/fakulteti-i-biznesit\/#website"},"datePublished":"2025-09-05T09:14:55+00:00","dateModified":"2025-09-05T09:19:44+00:00","breadcrumb":{"@id":"https:\/\/unhz.eu\/fakulteti-i-biznesit\/menaxhim-biznesi-master\/menaxhim-biznesi-msc-2022-2025\/#breadcrumb"},"inLanguage":"sq","potentialAction":[{"@type":"ReadAction","target":["https:\/\/unhz.eu\/fakulteti-i-biznesit\/menaxhim-biznesi-master\/menaxhim-biznesi-msc-2022-2025\/"]}]},{"@type":"BreadcrumbList","@id":"https:\/\/unhz.eu\/fakulteti-i-biznesit\/menaxhim-biznesi-master\/menaxhim-biznesi-msc-2022-2025\/#breadcrumb","itemListElement":[{"@type":"ListItem","position":1,"name":"Home","item":"https:\/\/unhz.eu\/fakulteti-i-biznesit\/"},{"@type":"ListItem","position":2,"name":"Menaxhim Biznesi \u2013 Master","item":"https:\/\/unhz.eu\/fakulteti-i-biznesit\/menaxhim-biznesi-master\/"},{"@type":"ListItem","position":3,"name":"Menaxhim biznesi \u2013 MSc 2022-2025"}]},{"@type":"WebSite","@id":"https:\/\/unhz.eu\/fakulteti-i-biznesit\/#website","url":"https:\/\/unhz.eu\/fakulteti-i-biznesit\/","name":"Fakulteti i Biznesit","description":"I dedikuar p\u00ebr cil\u00ebsi standarde dhe suksese","publisher":{"@id":"https:\/\/unhz.eu\/fakulteti-i-biznesit\/#organization"},"potentialAction":[{"@type":"SearchAction","target":{"@type":"EntryPoint","urlTemplate":"https:\/\/unhz.eu\/fakulteti-i-biznesit\/?s={search_term_string}"},"query-input":{"@type":"PropertyValueSpecification","valueRequired":true,"valueName":"search_term_string"}}],"inLanguage":"sq"},{"@type":"Organization","@id":"https:\/\/unhz.eu\/fakulteti-i-biznesit\/#organization","name":"Fakulteti i Biznesit","url":"https:\/\/unhz.eu\/fakulteti-i-biznesit\/","logo":{"@type":"ImageObject","inLanguage":"sq","@id":"https:\/\/unhz.eu\/fakulteti-i-biznesit\/#\/schema\/logo\/image\/","url":"https:\/\/unhz.eu\/fakulteti-i-biznesit\/wp-content\/uploads\/sites\/2\/2024\/02\/cropped-logo-1-1-e1713527702695.png","contentUrl":"https:\/\/unhz.eu\/fakulteti-i-biznesit\/wp-content\/uploads\/sites\/2\/2024\/02\/cropped-logo-1-1-e1713527702695.png","width":100,"height":100,"caption":"Fakulteti i Biznesit"},"image":{"@id":"https:\/\/unhz.eu\/fakulteti-i-biznesit\/#\/schema\/logo\/image\/"}}]}},"_links":{"self":[{"href":"https:\/\/unhz.eu\/fakulteti-i-biznesit\/wp-json\/wp\/v2\/pages\/49564","targetHints":{"allow":["GET"]}}],"collection":[{"href":"https:\/\/unhz.eu\/fakulteti-i-biznesit\/wp-json\/wp\/v2\/pages"}],"about":[{"href":"https:\/\/unhz.eu\/fakulteti-i-biznesit\/wp-json\/wp\/v2\/types\/page"}],"author":[{"embeddable":true,"href":"https:\/\/unhz.eu\/fakulteti-i-biznesit\/wp-json\/wp\/v2\/users\/1"}],"replies":[{"embeddable":true,"href":"https:\/\/unhz.eu\/fakulteti-i-biznesit\/wp-json\/wp\/v2\/comments?post=49564"}],"version-history":[{"count":1,"href":"https:\/\/unhz.eu\/fakulteti-i-biznesit\/wp-json\/wp\/v2\/pages\/49564\/revisions"}],"predecessor-version":[{"id":49565,"href":"https:\/\/unhz.eu\/fakulteti-i-biznesit\/wp-json\/wp\/v2\/pages\/49564\/revisions\/49565"}],"up":[{"embeddable":true,"href":"https:\/\/unhz.eu\/fakulteti-i-biznesit\/wp-json\/wp\/v2\/pages\/49560"}],"wp:attachment":[{"href":"https:\/\/unhz.eu\/fakulteti-i-biznesit\/wp-json\/wp\/v2\/media?parent=49564"}],"curies":[{"name":"wp","href":"https:\/\/api.w.org\/{rel}","templated":true}]}}