{"id":49174,"date":"2025-03-04T08:08:54","date_gmt":"2025-03-04T08:08:54","guid":{"rendered":"https:\/\/unhz.eu\/fakulteti-i-biznesit\/?page_id=49174"},"modified":"2025-03-05T07:45:56","modified_gmt":"2025-03-05T07:45:56","slug":"teknologji-informacioni-ne-biznes-dhe-ekonomi-2023-2026","status":"publish","type":"page","link":"https:\/\/unhz.eu\/fakulteti-i-biznesit\/teknologji-informacioni-ne-biznes-dhe-ekonomi-2023-2026\/","title":{"rendered":"TEKNOLOGJI INFORMACIONI N\u00cb BIZNES DHE EKONOMI 2023-2026"},"content":{"rendered":"\n<p><strong>PROGRAMI: BACHELOR N\u00cb TEKNOLOGJI INFORMACIONI N\u00cb BIZNES DHE EKONOMI<\/strong><\/p>\n\n\n\n<figure class=\"wp-block-table\"><table><tbody><tr><td colspan=\"12\"><strong>VITI I<\/strong><\/td><td>&nbsp;<\/td><\/tr><tr><td colspan=\"8\"><strong>SEMESTRI I<\/strong><\/td><td colspan=\"5\"><strong>Or\u00eb\/ Jav\u00eb<\/strong><\/td><\/tr><tr><td colspan=\"2\"><strong>Nr<\/strong><\/td><td colspan=\"5\"><strong>O\/Z<\/strong><\/td><td><strong>L\u00ebnda e obligueshme<\/strong><\/td><td><strong>L<\/strong><\/td><td colspan=\"2\"><strong>U<\/strong><\/td><td colspan=\"2\"><strong>ECTS<\/strong><\/td><\/tr><tr><td colspan=\"2\">1.<\/td><td colspan=\"5\">O<\/td><td>Teknologji e informacionit<\/td><td>2<\/td><td colspan=\"2\">2<\/td><td colspan=\"2\">6<\/td><\/tr><tr><td colspan=\"2\">2.<\/td><td colspan=\"5\">O<\/td><td>Matematika I<\/td><td>2<\/td><td colspan=\"2\">2<\/td><td colspan=\"2\">6<\/td><\/tr><tr><td colspan=\"2\">3.<\/td><td colspan=\"5\">O<\/td><td>Gjuh\u00eb angleze I<\/td><td>2<\/td><td colspan=\"2\">2<\/td><td colspan=\"2\">6<\/td><\/tr><tr><td colspan=\"2\">4.<\/td><td colspan=\"5\">O<\/td><td>Bazat e kontabilitetit<\/td><td>2<\/td><td colspan=\"2\">2<\/td><td colspan=\"2\">6<\/td><\/tr><tr><td colspan=\"2\">5.<\/td><td colspan=\"5\">O<\/td><td>Bazat e Menaxhimit te Biznesit<\/td><td>3<\/td><td colspan=\"2\">0<\/td><td colspan=\"2\">6<\/td><\/tr><tr><td colspan=\"8\"><strong>Total or\u00ebt n\u00eb jav\u00eb dhe ECTS gjat\u00eb Semestrit:<\/strong><\/td><td><strong>10<\/strong><\/td><td colspan=\"2\"><strong>10<\/strong><\/td><td colspan=\"2\"><strong>30<\/strong><\/td><\/tr><tr><td colspan=\"8\"><strong>SEMESTRI II<\/strong><\/td><td colspan=\"5\"><strong>Or\u00eb\/ Jav\u00eb<\/strong><\/td><\/tr><tr><td colspan=\"2\">1.<\/td><td colspan=\"5\">O<\/td><td>Teknologji t\u00eb Internetit<\/td><td>2<\/td><td colspan=\"2\">2<\/td><td colspan=\"2\">6<\/td><\/tr><tr><td colspan=\"2\">2.<\/td><td colspan=\"5\">O<\/td><td>Mikroekonomia<\/td><td>2<\/td><td colspan=\"2\">2<\/td><td colspan=\"2\">6<\/td><\/tr><tr><td colspan=\"2\">3.<\/td><td colspan=\"5\">O<\/td><td>Biznesi Elektronik<\/td><td>2<\/td><td colspan=\"2\">2<\/td><td colspan=\"2\">6<\/td><\/tr><tr><td colspan=\"2\">4.<\/td><td colspan=\"5\">O<\/td><td>Financat<\/td><td>2<\/td><td colspan=\"2\">2<\/td><td colspan=\"2\">6<\/td><\/tr><tr><td colspan=\"2\">5.<\/td><td colspan=\"5\">O<\/td><td>Statistika dhe Probabiliteti<\/td><td>2<\/td><td colspan=\"2\">2<\/td><td colspan=\"2\">6<\/td><\/tr><tr><td colspan=\"8\"><strong>Total or\u00ebt n\u00eb jav\u00eb dhe ECTS gjat\u00eb Semestrit:<\/strong><\/td><td><strong>10<\/strong><\/td><td colspan=\"2\"><strong>10<\/strong><\/td><td colspan=\"2\"><strong>30<\/strong><\/td><\/tr><tr><td colspan=\"12\"><strong>VITI II<\/strong><\/td><td>&nbsp;<\/td><\/tr><tr><td colspan=\"8\"><strong>SEMESTRI III<\/strong><\/td><td colspan=\"4\"><strong>Or\u00eb\/ Jav\u00eb<\/strong><\/td><td>&nbsp;<\/td><\/tr><tr><td><strong>Nr<\/strong><\/td><td colspan=\"3\"><strong>O\/ Z<\/strong><\/td><td colspan=\"4\"><strong>L\u00ebnda<\/strong><\/td><td><strong>L<\/strong><\/td><td><strong>U<\/strong><\/td><td colspan=\"2\"><strong>ECTS<\/strong><\/td><td>&nbsp;<\/td><\/tr><tr><td>1.<\/td><td colspan=\"3\">O<\/td><td colspan=\"4\">Informatik\u00eb biznesi<\/td><td>2<\/td><td>2<\/td><td colspan=\"2\">6<\/td><td>&nbsp;<\/td><\/tr><tr><td>2.<\/td><td colspan=\"3\">O<\/td><td colspan=\"4\">Financat digjitale \/ Fintech<\/td><td>3<\/td><td>0<\/td><td colspan=\"2\">6<\/td><td>&nbsp;<\/td><\/tr><tr><td>3.<\/td><td colspan=\"3\">O<\/td><td colspan=\"4\">Bazat e marketingut<\/td><td>3<\/td><td>0<\/td><td colspan=\"2\">6<\/td><td>&nbsp;<\/td><\/tr><tr><td>4.<\/td><td colspan=\"3\">O<\/td><td colspan=\"4\">Hyrje n\u00eb baza t\u00eb t\u00eb dh\u00ebnave<\/td><td>2<\/td><td>2<\/td><td colspan=\"2\">6<\/td><td>&nbsp;<\/td><\/tr><tr><td colspan=\"8\"><strong>L\u00ebnd\u00ebt zgjedhore<\/strong><\/td><td>&nbsp;<\/td><td>&nbsp;<\/td><td colspan=\"2\"><strong>24<\/strong><\/td><td>&nbsp;<\/td><\/tr><tr><td>5.<\/td><td colspan=\"3\">Z<\/td><td colspan=\"4\">E drejta dhe Etika n\u00eb IT<\/td><td>3<\/td><td>0<\/td><td colspan=\"2\">6<\/td><td>&nbsp;<\/td><\/tr><tr><td>6.<\/td><td colspan=\"3\">Z<\/td><td colspan=\"4\">Sisteme informacioni t\u00eb kontabilitetit<\/td><td>2<\/td><td>2<\/td><td colspan=\"2\">6<\/td><td>&nbsp;<\/td><\/tr><tr><td>7.<\/td><td colspan=\"3\">Z<\/td><td colspan=\"4\">Menaxhimi i Projekteve<\/td><td>2<\/td><td>2<\/td><td colspan=\"2\">6<\/td><td>&nbsp;<\/td><\/tr><tr><td>8.<\/td><td colspan=\"3\">Z<\/td><td colspan=\"4\">Shkrimi akademik<\/td><td>3<\/td><td>0<\/td><td colspan=\"2\">6<\/td><td>&nbsp;<\/td><\/tr><tr><td>9.<\/td><td colspan=\"3\">Z<\/td><td colspan=\"4\">L\u00ebnd\u00eb opcionale (transfer ECTS kredi)<\/td><td>&nbsp;<\/td><td>&nbsp;<\/td><td colspan=\"2\">6<\/td><td>&nbsp;<\/td><\/tr><tr><td colspan=\"8\"><strong>Total ECTS gjat\u00eb Semestrit:<\/strong><\/td><td>&nbsp;<\/td><td>&nbsp;<\/td><td colspan=\"2\"><strong>30<\/strong><\/td><td>&nbsp;<\/td><\/tr><tr><td colspan=\"8\"><strong>SEMESTRI IV<\/strong><\/td><td colspan=\"4\"><strong>Or\u00eb\/ Jav\u00eb<\/strong><\/td><td>&nbsp;<\/td><\/tr><tr><td>1.<\/td><td colspan=\"3\">O<\/td><td colspan=\"4\">Projektimi i bazave t\u00eb dh\u00ebnave<\/td><td>2<\/td><td>2<\/td><td colspan=\"2\">6<\/td><td>&nbsp;<\/td><\/tr><tr><td>2.<\/td><td colspan=\"3\">O<\/td><td colspan=\"4\">Hyrje n\u00eb Rrjetat Kompjuterike<\/td><td>2<\/td><td>2<\/td><td colspan=\"2\">6<\/td><td>&nbsp;<\/td><\/tr><tr><td>3.<\/td><td colspan=\"3\">O<\/td><td colspan=\"4\">Menaxhimi i burimeve njer\u00ebzore<\/td><td>3<\/td><td>0<\/td><td colspan=\"2\">6<\/td><td>&nbsp;<\/td><\/tr><tr><td>4.<\/td><td colspan=\"3\">O<\/td><td colspan=\"4\">Makroekonomia<\/td><td>2<\/td><td>2<\/td><td colspan=\"2\">6<\/td><td>&nbsp;<\/td><\/tr><tr><td colspan=\"8\"><strong>L\u00ebnd\u00ebt zgjedhore<\/strong><\/td><td>&nbsp;<\/td><td>&nbsp;<\/td><td colspan=\"2\">24<\/td><td>&nbsp;<\/td><\/tr><tr><td colspan=\"3\">5.<\/td><td colspan=\"3\">Z<\/td><td colspan=\"2\">Bazat e Programimit<\/td><td>2<\/td><td>2<\/td><td colspan=\"2\">6<\/td><td>&nbsp;<\/td><\/tr><tr><td colspan=\"3\">6.<\/td><td colspan=\"3\">Z<\/td><td colspan=\"2\">Komunikimi mobil n\u00eb biznes<\/td><td>2<\/td><td>2<\/td><td colspan=\"2\">6<\/td><td>&nbsp;<\/td><\/tr><tr><td colspan=\"3\">7.<\/td><td colspan=\"3\">Z<\/td><td colspan=\"2\">Ekonometria<\/td><td>2<\/td><td>2<\/td><td colspan=\"2\">6<\/td><td>&nbsp;<\/td><\/tr><tr><td colspan=\"3\">8.<\/td><td colspan=\"3\">Z<\/td><td colspan=\"2\">Dizajni dhe grafika kompjuterike<\/td><td>2<\/td><td>2<\/td><td colspan=\"2\">6<\/td><td>&nbsp;<\/td><\/tr><tr><td colspan=\"3\">9.<\/td><td colspan=\"3\">Z<\/td><td colspan=\"2\">L\u00ebnd\u00eb opcionale (transfer ECTS kredi)<\/td><td>&nbsp;<\/td><td>&nbsp;<\/td><td colspan=\"2\">6<\/td><td>&nbsp;<\/td><\/tr><tr><td colspan=\"3\">&nbsp;<\/td><td colspan=\"3\">&nbsp;<\/td><td colspan=\"2\"><strong>Total ECTS gjat\u00eb Semestrit:<\/strong><\/td><td>&nbsp;<\/td><td>&nbsp;<\/td><td colspan=\"2\"><strong>30<\/strong><\/td><td>&nbsp;<\/td><\/tr><tr><td colspan=\"12\"><strong>VITI III<\/strong><\/td><td>&nbsp;<\/td><\/tr><tr><td colspan=\"8\"><strong>SEMESTRI V<\/strong><\/td><td colspan=\"4\"><strong>Or\u00eb\/ Jav\u00eb<\/strong><\/td><td>&nbsp;<\/td><\/tr><tr><td colspan=\"3\"><strong>Nr<\/strong><\/td><td colspan=\"2\"><strong>O\/ Z<\/strong><\/td><td colspan=\"3\"><strong>L\u00ebnda<\/strong><\/td><td><strong>L<\/strong><\/td><td><strong>U<\/strong><\/td><td colspan=\"2\"><strong>ECTS<\/strong><\/td><td>&nbsp;<\/td><\/tr><tr><td colspan=\"3\">1.<\/td><td colspan=\"2\">O<\/td><td colspan=\"3\">Menaxhimi Financiar<\/td><td>2<\/td><td>2<\/td><td colspan=\"2\">6<\/td><td>&nbsp;<\/td><\/tr><tr><td colspan=\"3\">2.<\/td><td colspan=\"2\">O<\/td><td colspan=\"3\">Kriptografia dhe siguria kibernetike<\/td><td>2<\/td><td>2<\/td><td colspan=\"2\">6<\/td><td>&nbsp;<\/td><\/tr><tr><td colspan=\"3\">3.<\/td><td colspan=\"2\">O<\/td><td colspan=\"3\">Ndermarresia dhe Inovacioni<\/td><td>3<\/td><td>0<\/td><td colspan=\"2\">6<\/td><td>&nbsp;<\/td><\/tr><tr><td colspan=\"8\"><strong>L\u00ebnd\u00ebt zgjedhore<\/strong><\/td><td>&nbsp;<\/td><td>&nbsp;<\/td><td colspan=\"2\">&nbsp;<\/td><td>&nbsp;<\/td><\/tr><tr><td colspan=\"3\">4.<\/td><td colspan=\"2\">Z<\/td><td colspan=\"3\">Marketingu Digjital<\/td><td>3<\/td><td>0<\/td><td colspan=\"2\">6<\/td><td>&nbsp;<\/td><\/tr><tr><td colspan=\"3\">5.<\/td><td colspan=\"2\">Z<\/td><td colspan=\"3\">Virtualizimi dhe Cloud kompjutimi<\/td><td>3<\/td><td>0<\/td><td colspan=\"2\">6<\/td><td>&nbsp;<\/td><\/tr><tr><td colspan=\"3\">6.<\/td><td colspan=\"2\">Z<\/td><td colspan=\"3\">Sistemet e informacionit te vendimmarrjes<\/td><td>2<\/td><td>2<\/td><td colspan=\"2\">6<\/td><td>&nbsp;<\/td><\/tr><tr><td colspan=\"3\">7.<\/td><td colspan=\"2\">Z<\/td><td colspan=\"3\">Interneti i gj\u00ebrave (Internet of Things)<\/td><td>3<\/td><td>0<\/td><td colspan=\"2\">6<\/td><td>&nbsp;<\/td><\/tr><tr><td colspan=\"3\">8.<\/td><td colspan=\"2\">Z<\/td><td colspan=\"3\">L\u00ebnd\u00eb opcionale (transfer ECTS kredi)<\/td><td>&nbsp;<\/td><td>\u2014<\/td><td colspan=\"2\">6<\/td><td>&nbsp;<\/td><\/tr><tr><td colspan=\"8\"><strong>SEMESTRI VI<\/strong><\/td><td colspan=\"4\"><strong>Or\u00eb\/ Jav\u00eb<\/strong><\/td><td>&nbsp;<\/td><\/tr><tr><td colspan=\"3\">1.<\/td><td colspan=\"2\">O<\/td><td colspan=\"3\">Taksat dhe Korporatat<\/td><td>2<\/td><td>2<\/td><td colspan=\"2\">6<\/td><td>&nbsp;<\/td><\/tr><tr><td colspan=\"3\">2.<\/td><td colspan=\"2\">O<\/td><td colspan=\"3\">Sisteme inteligjente multimediale<\/td><td>3<\/td><td>0<\/td><td colspan=\"2\">6<\/td><td>&nbsp;<\/td><\/tr><tr><td colspan=\"3\">3.<\/td><td colspan=\"2\">O<\/td><td colspan=\"3\">Internship \/ Pun\u00eb praktike<\/td><td>0<\/td><td>4<\/td><td colspan=\"2\">4<\/td><td>&nbsp;<\/td><\/tr><tr><td colspan=\"3\">4.<\/td><td colspan=\"2\">O<\/td><td colspan=\"3\">Punimi i diplom\u00ebs<\/td><td>&nbsp;<\/td><td>&nbsp;<\/td><td colspan=\"2\">8<\/td><td>&nbsp;<\/td><\/tr><tr><td colspan=\"8\"><strong>L\u00ebnd\u00ebt zgjedhore<\/strong><\/td><td>&nbsp;<\/td><td>&nbsp;<\/td><td colspan=\"2\">&nbsp;<\/td><td>&nbsp;<\/td><\/tr><tr><td colspan=\"3\">5.<\/td><td colspan=\"2\">Z<\/td><td colspan=\"3\">Bazat e Kontabilitetit Financiar dhe Menaxherial<\/td><td>2<\/td><td>2<\/td><td colspan=\"2\">6<\/td><td>&nbsp;<\/td><\/tr><tr><td colspan=\"3\">6.<\/td><td colspan=\"2\">Z<\/td><td colspan=\"3\">Tregjet financiare elektronike<\/td><td>3<\/td><td>0<\/td><td colspan=\"2\">6<\/td><td>&nbsp;<\/td><\/tr><tr><td colspan=\"3\">7.<\/td><td colspan=\"2\">Z<\/td><td colspan=\"3\">Big Data<\/td><td>3<\/td><td>0<\/td><td colspan=\"2\">6<\/td><td>&nbsp;<\/td><\/tr><tr><td colspan=\"3\">8.<\/td><td colspan=\"2\">Z<\/td><td colspan=\"3\">Ekonomiksi i Teknologjis\u00eb s\u00eb Informacionit<\/td><td>2<\/td><td>2<\/td><td colspan=\"2\">6<\/td><td>&nbsp;<\/td><\/tr><tr><td colspan=\"3\">9.<\/td><td colspan=\"2\">Z<\/td><td colspan=\"3\">L\u00ebnd\u00eb opcionale (transfer ECTS kredi)<\/td><td>&nbsp;<\/td><td>&nbsp;<\/td><td colspan=\"2\">6<\/td><td>&nbsp;<\/td><\/tr><tr><td><\/td><td><\/td><td><\/td><td><\/td><td><\/td><td><\/td><td><\/td><td><\/td><td><\/td><td><\/td><td><\/td><td><\/td><td><\/td><\/tr><\/tbody><\/table><\/figure>\n","protected":false},"excerpt":{"rendered":"<p>PROGRAMI: BACHELOR N\u00cb TEKNOLOGJI INFORMACIONI N\u00cb BIZNES DHE EKONOMI VITI I &nbsp; SEMESTRI I Or\u00eb\/&hellip;<\/p>\n","protected":false},"author":1,"featured_media":0,"parent":0,"menu_order":0,"comment_status":"closed","ping_status":"closed","template":"","meta":{"footnotes":""},"class_list":["post-49174","page","type-page","status-publish","hentry"],"yoast_head":"<!-- This site is optimized with the Yoast SEO Premium plugin v27.2 (Yoast SEO v27.2) - https:\/\/yoast.com\/product\/yoast-seo-premium-wordpress\/ -->\n<title>TEKNOLOGJI INFORMACIONI N\u00cb BIZNES DHE EKONOMI 2023-2026 - Fakulteti i Biznesit<\/title>\n<meta name=\"robots\" content=\"index, follow, max-snippet:-1, max-image-preview:large, max-video-preview:-1\" \/>\n<link rel=\"canonical\" href=\"https:\/\/unhz.eu\/fakulteti-i-biznesit\/teknologji-informacioni-ne-biznes-dhe-ekonomi-2023-2026\/\" \/>\n<meta property=\"og:locale\" content=\"sq_AL\" \/>\n<meta property=\"og:type\" content=\"article\" \/>\n<meta property=\"og:title\" content=\"TEKNOLOGJI INFORMACIONI N\u00cb BIZNES DHE EKONOMI 2023-2026\" \/>\n<meta property=\"og:description\" content=\"PROGRAMI: BACHELOR N\u00cb TEKNOLOGJI INFORMACIONI N\u00cb BIZNES DHE EKONOMI VITI I &nbsp; SEMESTRI I Or\u00eb\/&hellip;\" \/>\n<meta property=\"og:url\" content=\"https:\/\/unhz.eu\/fakulteti-i-biznesit\/teknologji-informacioni-ne-biznes-dhe-ekonomi-2023-2026\/\" \/>\n<meta property=\"og:site_name\" content=\"Fakulteti i Biznesit\" \/>\n<meta property=\"article:modified_time\" content=\"2025-03-05T07:45:56+00:00\" \/>\n<meta name=\"twitter:card\" content=\"summary_large_image\" \/>\n<meta name=\"twitter:label1\" content=\"Est. reading time\" \/>\n\t<meta name=\"twitter:data1\" content=\"3 minuta\" \/>\n<script type=\"application\/ld+json\" class=\"yoast-schema-graph\">{\"@context\":\"https:\/\/schema.org\",\"@graph\":[{\"@type\":\"WebPage\",\"@id\":\"https:\/\/unhz.eu\/fakulteti-i-biznesit\/teknologji-informacioni-ne-biznes-dhe-ekonomi-2023-2026\/\",\"url\":\"https:\/\/unhz.eu\/fakulteti-i-biznesit\/teknologji-informacioni-ne-biznes-dhe-ekonomi-2023-2026\/\",\"name\":\"TEKNOLOGJI INFORMACIONI N\u00cb BIZNES DHE EKONOMI 2023-2026 - Fakulteti i Biznesit\",\"isPartOf\":{\"@id\":\"https:\/\/unhz.eu\/fakulteti-i-biznesit\/#website\"},\"datePublished\":\"2025-03-04T08:08:54+00:00\",\"dateModified\":\"2025-03-05T07:45:56+00:00\",\"breadcrumb\":{\"@id\":\"https:\/\/unhz.eu\/fakulteti-i-biznesit\/teknologji-informacioni-ne-biznes-dhe-ekonomi-2023-2026\/#breadcrumb\"},\"inLanguage\":\"sq\",\"potentialAction\":[{\"@type\":\"ReadAction\",\"target\":[\"https:\/\/unhz.eu\/fakulteti-i-biznesit\/teknologji-informacioni-ne-biznes-dhe-ekonomi-2023-2026\/\"]}]},{\"@type\":\"BreadcrumbList\",\"@id\":\"https:\/\/unhz.eu\/fakulteti-i-biznesit\/teknologji-informacioni-ne-biznes-dhe-ekonomi-2023-2026\/#breadcrumb\",\"itemListElement\":[{\"@type\":\"ListItem\",\"position\":1,\"name\":\"Home\",\"item\":\"https:\/\/unhz.eu\/fakulteti-i-biznesit\/\"},{\"@type\":\"ListItem\",\"position\":2,\"name\":\"TEKNOLOGJI INFORMACIONI N\u00cb BIZNES DHE EKONOMI 2023-2026\"}]},{\"@type\":\"WebSite\",\"@id\":\"https:\/\/unhz.eu\/fakulteti-i-biznesit\/#website\",\"url\":\"https:\/\/unhz.eu\/fakulteti-i-biznesit\/\",\"name\":\"Fakulteti i Biznesit\",\"description\":\"I dedikuar p\u00ebr cil\u00ebsi standarde dhe suksese\",\"publisher\":{\"@id\":\"https:\/\/unhz.eu\/fakulteti-i-biznesit\/#organization\"},\"potentialAction\":[{\"@type\":\"SearchAction\",\"target\":{\"@type\":\"EntryPoint\",\"urlTemplate\":\"https:\/\/unhz.eu\/fakulteti-i-biznesit\/?s={search_term_string}\"},\"query-input\":{\"@type\":\"PropertyValueSpecification\",\"valueRequired\":true,\"valueName\":\"search_term_string\"}}],\"inLanguage\":\"sq\"},{\"@type\":\"Organization\",\"@id\":\"https:\/\/unhz.eu\/fakulteti-i-biznesit\/#organization\",\"name\":\"Fakulteti i Biznesit\",\"url\":\"https:\/\/unhz.eu\/fakulteti-i-biznesit\/\",\"logo\":{\"@type\":\"ImageObject\",\"inLanguage\":\"sq\",\"@id\":\"https:\/\/unhz.eu\/fakulteti-i-biznesit\/#\/schema\/logo\/image\/\",\"url\":\"https:\/\/unhz.eu\/fakulteti-i-biznesit\/wp-content\/uploads\/sites\/2\/2024\/02\/cropped-logo-1-1-e1713527702695.png\",\"contentUrl\":\"https:\/\/unhz.eu\/fakulteti-i-biznesit\/wp-content\/uploads\/sites\/2\/2024\/02\/cropped-logo-1-1-e1713527702695.png\",\"width\":100,\"height\":100,\"caption\":\"Fakulteti i Biznesit\"},\"image\":{\"@id\":\"https:\/\/unhz.eu\/fakulteti-i-biznesit\/#\/schema\/logo\/image\/\"}}]}<\/script>\n<!-- \/ Yoast SEO Premium plugin. -->","yoast_head_json":{"title":"TEKNOLOGJI INFORMACIONI N\u00cb BIZNES DHE EKONOMI 2023-2026 - Fakulteti i Biznesit","robots":{"index":"index","follow":"follow","max-snippet":"max-snippet:-1","max-image-preview":"max-image-preview:large","max-video-preview":"max-video-preview:-1"},"canonical":"https:\/\/unhz.eu\/fakulteti-i-biznesit\/teknologji-informacioni-ne-biznes-dhe-ekonomi-2023-2026\/","og_locale":"sq_AL","og_type":"article","og_title":"TEKNOLOGJI INFORMACIONI N\u00cb BIZNES DHE EKONOMI 2023-2026","og_description":"PROGRAMI: BACHELOR N\u00cb TEKNOLOGJI INFORMACIONI N\u00cb BIZNES DHE EKONOMI VITI I &nbsp; SEMESTRI I Or\u00eb\/&hellip;","og_url":"https:\/\/unhz.eu\/fakulteti-i-biznesit\/teknologji-informacioni-ne-biznes-dhe-ekonomi-2023-2026\/","og_site_name":"Fakulteti i Biznesit","article_modified_time":"2025-03-05T07:45:56+00:00","twitter_card":"summary_large_image","twitter_misc":{"Est. reading time":"3 minuta"},"schema":{"@context":"https:\/\/schema.org","@graph":[{"@type":"WebPage","@id":"https:\/\/unhz.eu\/fakulteti-i-biznesit\/teknologji-informacioni-ne-biznes-dhe-ekonomi-2023-2026\/","url":"https:\/\/unhz.eu\/fakulteti-i-biznesit\/teknologji-informacioni-ne-biznes-dhe-ekonomi-2023-2026\/","name":"TEKNOLOGJI INFORMACIONI N\u00cb BIZNES DHE EKONOMI 2023-2026 - Fakulteti i Biznesit","isPartOf":{"@id":"https:\/\/unhz.eu\/fakulteti-i-biznesit\/#website"},"datePublished":"2025-03-04T08:08:54+00:00","dateModified":"2025-03-05T07:45:56+00:00","breadcrumb":{"@id":"https:\/\/unhz.eu\/fakulteti-i-biznesit\/teknologji-informacioni-ne-biznes-dhe-ekonomi-2023-2026\/#breadcrumb"},"inLanguage":"sq","potentialAction":[{"@type":"ReadAction","target":["https:\/\/unhz.eu\/fakulteti-i-biznesit\/teknologji-informacioni-ne-biznes-dhe-ekonomi-2023-2026\/"]}]},{"@type":"BreadcrumbList","@id":"https:\/\/unhz.eu\/fakulteti-i-biznesit\/teknologji-informacioni-ne-biznes-dhe-ekonomi-2023-2026\/#breadcrumb","itemListElement":[{"@type":"ListItem","position":1,"name":"Home","item":"https:\/\/unhz.eu\/fakulteti-i-biznesit\/"},{"@type":"ListItem","position":2,"name":"TEKNOLOGJI INFORMACIONI N\u00cb BIZNES DHE EKONOMI 2023-2026"}]},{"@type":"WebSite","@id":"https:\/\/unhz.eu\/fakulteti-i-biznesit\/#website","url":"https:\/\/unhz.eu\/fakulteti-i-biznesit\/","name":"Fakulteti i Biznesit","description":"I dedikuar p\u00ebr cil\u00ebsi standarde dhe suksese","publisher":{"@id":"https:\/\/unhz.eu\/fakulteti-i-biznesit\/#organization"},"potentialAction":[{"@type":"SearchAction","target":{"@type":"EntryPoint","urlTemplate":"https:\/\/unhz.eu\/fakulteti-i-biznesit\/?s={search_term_string}"},"query-input":{"@type":"PropertyValueSpecification","valueRequired":true,"valueName":"search_term_string"}}],"inLanguage":"sq"},{"@type":"Organization","@id":"https:\/\/unhz.eu\/fakulteti-i-biznesit\/#organization","name":"Fakulteti i Biznesit","url":"https:\/\/unhz.eu\/fakulteti-i-biznesit\/","logo":{"@type":"ImageObject","inLanguage":"sq","@id":"https:\/\/unhz.eu\/fakulteti-i-biznesit\/#\/schema\/logo\/image\/","url":"https:\/\/unhz.eu\/fakulteti-i-biznesit\/wp-content\/uploads\/sites\/2\/2024\/02\/cropped-logo-1-1-e1713527702695.png","contentUrl":"https:\/\/unhz.eu\/fakulteti-i-biznesit\/wp-content\/uploads\/sites\/2\/2024\/02\/cropped-logo-1-1-e1713527702695.png","width":100,"height":100,"caption":"Fakulteti i Biznesit"},"image":{"@id":"https:\/\/unhz.eu\/fakulteti-i-biznesit\/#\/schema\/logo\/image\/"}}]}},"_links":{"self":[{"href":"https:\/\/unhz.eu\/fakulteti-i-biznesit\/wp-json\/wp\/v2\/pages\/49174","targetHints":{"allow":["GET"]}}],"collection":[{"href":"https:\/\/unhz.eu\/fakulteti-i-biznesit\/wp-json\/wp\/v2\/pages"}],"about":[{"href":"https:\/\/unhz.eu\/fakulteti-i-biznesit\/wp-json\/wp\/v2\/types\/page"}],"author":[{"embeddable":true,"href":"https:\/\/unhz.eu\/fakulteti-i-biznesit\/wp-json\/wp\/v2\/users\/1"}],"replies":[{"embeddable":true,"href":"https:\/\/unhz.eu\/fakulteti-i-biznesit\/wp-json\/wp\/v2\/comments?post=49174"}],"version-history":[{"count":2,"href":"https:\/\/unhz.eu\/fakulteti-i-biznesit\/wp-json\/wp\/v2\/pages\/49174\/revisions"}],"predecessor-version":[{"id":49180,"href":"https:\/\/unhz.eu\/fakulteti-i-biznesit\/wp-json\/wp\/v2\/pages\/49174\/revisions\/49180"}],"wp:attachment":[{"href":"https:\/\/unhz.eu\/fakulteti-i-biznesit\/wp-json\/wp\/v2\/media?parent=49174"}],"curies":[{"name":"wp","href":"https:\/\/api.w.org\/{rel}","templated":true}]}}