{"id":49050,"date":"2025-01-23T13:00:18","date_gmt":"2025-01-23T13:00:18","guid":{"rendered":"https:\/\/unhz.eu\/fakulteti-i-biznesit\/?page_id=49050"},"modified":"2026-01-27T15:07:02","modified_gmt":"2026-01-27T13:07:02","slug":"historiku","status":"publish","type":"page","link":"https:\/\/unhz.eu\/fakulteti-i-biznesit\/historiku\/","title":{"rendered":"Historiku"},"content":{"rendered":"\n<p>Fakulteti i Biznesit \u00ebsht\u00eb pasardh\u00ebs dhe trash\u00ebgues legjitim i Fakultetit t\u00eb Shkencave t\u00eb Aplikuara t\u00eb Biznesit n\u00eb Universitetin e Prishtin\u00ebs \u2013 fakultet i cili ka qen\u00eb trash\u00ebgues i Shkoll\u00ebs s\u00eb Biznesit n\u00eb Pej\u00eb dhe i Shkoll\u00ebs s\u00eb Lart\u00eb Ekonomike t\u00eb themeluar n\u00eb vitin 1960, si institucion i m\u00ebvet\u00ebsish\u00ebm i em\u00ebrtuar Shkolla e Lart\u00eb Ekonomike \u2013 Komerciale n\u00eb Pej\u00eb. N\u00eb vitin akademik 2001\/2002 Shkolla e Lart\u00eb Ekonomike u reformua sipas modelit t\u00eb Deklarat\u00ebs s\u00eb Bolonj\u00ebs dhe po n\u00eb k\u00ebt\u00eb vit Senati i Universitetit t\u00eb Prishtin\u00ebs miratoi planet m\u00ebsimore sipas k\u00ebsaj deklarate p\u00ebr nivelin bachelor. Kjo shkoll\u00eb u riem\u00ebrua n\u00eb Shkolla e Biznesit, pastaj n\u00eb Fakulteti i Shkencave t\u00eb Aplikuara t\u00eb Biznesit dhe se voni sipas vendimit senatit t\u00eb UP-s\u00eb me nr. ref. 3\/914 t\u00eb dates 27.10.2010 n\u00eb Fakulteti i Biznesit.<\/p>\n\n\n\n<p>Fakulteti i Biznesit i Universitetit \u201cHaxhi Zeka\u201d, me seli n\u00eb Pej\u00eb, \u00ebsht\u00eb bart\u00ebs i studimeve themelore, master dhe t\u00eb tjera t\u00eb p\u00ebrcaktuara me Ligjin e Shkollimit t\u00eb Lart\u00eb dhe me Statut t\u00eb UHZ-s\u00eb.<\/p>\n\n\n\n<p>Studimet e rregullta dhe ato me korrespondenc\u00eb n\u00eb Fakultetin e Biznesit n\u00eb Pej\u00eb organizohen p\u00ebr fitimin e p\u00ebrgatitjes akademike Bachelor dhe Master. Fakulteti i Biznesit p\u00ebrb\u00ebh\u00ebt prej tri departamenteve. N\u00eb t\u00eb tri departamentet ofrohen studime bachelor dhe master.<\/p>\n","protected":false},"excerpt":{"rendered":"<p>Fakulteti i Biznesit \u00ebsht\u00eb pasardh\u00ebs dhe trash\u00ebgues legjitim i Fakultetit t\u00eb Shkencave t\u00eb Aplikuara t\u00eb&hellip;<\/p>\n","protected":false},"author":1,"featured_media":0,"parent":0,"menu_order":0,"comment_status":"closed","ping_status":"closed","template":"","meta":{"footnotes":""},"class_list":["post-49050","page","type-page","status-publish","hentry"],"yoast_head":"<!-- This site is optimized with the Yoast SEO Premium plugin v27.2 (Yoast SEO v27.2) - https:\/\/yoast.com\/product\/yoast-seo-premium-wordpress\/ -->\n<title>Historiku i Fakultetit t\u00eb Biznesit | Universiteti Haxhi Zeka<\/title>\n<meta name=\"description\" content=\"Zbuloni historikun e Fakultetit t\u00eb Biznesit n\u00eb Universitetin Haxhi Zeka \u2014 nga themelimi i Shkoll\u00ebs s\u00eb Lart\u00eb Ekonomike n\u00eb Pej\u00eb (1960) deri te zhvillimi si nj\u00ebsi akademike moderne.\" \/>\n<meta name=\"robots\" content=\"index, follow, max-snippet:-1, max-image-preview:large, max-video-preview:-1\" \/>\n<link rel=\"canonical\" href=\"https:\/\/unhz.eu\/fakulteti-i-biznesit\/historiku\/\" \/>\n<meta property=\"og:locale\" content=\"sq_AL\" \/>\n<meta property=\"og:type\" content=\"article\" \/>\n<meta property=\"og:title\" content=\"Historiku\" \/>\n<meta property=\"og:description\" content=\"Zbuloni historikun e Fakultetit t\u00eb Biznesit n\u00eb Universitetin Haxhi Zeka \u2014 nga themelimi i Shkoll\u00ebs s\u00eb Lart\u00eb Ekonomike n\u00eb Pej\u00eb (1960) deri te zhvillimi si nj\u00ebsi akademike moderne.\" \/>\n<meta property=\"og:url\" content=\"https:\/\/unhz.eu\/fakulteti-i-biznesit\/historiku\/\" \/>\n<meta property=\"og:site_name\" content=\"Fakulteti i Biznesit\" \/>\n<meta property=\"article:modified_time\" content=\"2026-01-27T13:07:02+00:00\" \/>\n<meta name=\"twitter:card\" content=\"summary_large_image\" \/>\n<meta name=\"twitter:label1\" content=\"Est. reading time\" \/>\n\t<meta name=\"twitter:data1\" content=\"2 minuta\" \/>\n<script type=\"application\/ld+json\" class=\"yoast-schema-graph\">{\"@context\":\"https:\/\/schema.org\",\"@graph\":[{\"@type\":\"WebPage\",\"@id\":\"https:\/\/unhz.eu\/fakulteti-i-biznesit\/historiku\/\",\"url\":\"https:\/\/unhz.eu\/fakulteti-i-biznesit\/historiku\/\",\"name\":\"Historiku i Fakultetit t\u00eb Biznesit | Universiteti Haxhi Zeka\",\"isPartOf\":{\"@id\":\"https:\/\/unhz.eu\/fakulteti-i-biznesit\/#website\"},\"datePublished\":\"2025-01-23T13:00:18+00:00\",\"dateModified\":\"2026-01-27T13:07:02+00:00\",\"description\":\"Zbuloni historikun e Fakultetit t\u00eb Biznesit n\u00eb Universitetin Haxhi Zeka \u2014 nga themelimi i Shkoll\u00ebs s\u00eb Lart\u00eb Ekonomike n\u00eb Pej\u00eb (1960) deri te zhvillimi si nj\u00ebsi akademike moderne.\",\"breadcrumb\":{\"@id\":\"https:\/\/unhz.eu\/fakulteti-i-biznesit\/historiku\/#breadcrumb\"},\"inLanguage\":\"sq\",\"potentialAction\":[{\"@type\":\"ReadAction\",\"target\":[\"https:\/\/unhz.eu\/fakulteti-i-biznesit\/historiku\/\"]}]},{\"@type\":\"BreadcrumbList\",\"@id\":\"https:\/\/unhz.eu\/fakulteti-i-biznesit\/historiku\/#breadcrumb\",\"itemListElement\":[{\"@type\":\"ListItem\",\"position\":1,\"name\":\"Home\",\"item\":\"https:\/\/unhz.eu\/fakulteti-i-biznesit\/\"},{\"@type\":\"ListItem\",\"position\":2,\"name\":\"Historiku\"}]},{\"@type\":\"WebSite\",\"@id\":\"https:\/\/unhz.eu\/fakulteti-i-biznesit\/#website\",\"url\":\"https:\/\/unhz.eu\/fakulteti-i-biznesit\/\",\"name\":\"Fakulteti i Biznesit\",\"description\":\"I dedikuar p\u00ebr cil\u00ebsi standarde dhe suksese\",\"publisher\":{\"@id\":\"https:\/\/unhz.eu\/fakulteti-i-biznesit\/#organization\"},\"potentialAction\":[{\"@type\":\"SearchAction\",\"target\":{\"@type\":\"EntryPoint\",\"urlTemplate\":\"https:\/\/unhz.eu\/fakulteti-i-biznesit\/?s={search_term_string}\"},\"query-input\":{\"@type\":\"PropertyValueSpecification\",\"valueRequired\":true,\"valueName\":\"search_term_string\"}}],\"inLanguage\":\"sq\"},{\"@type\":\"Organization\",\"@id\":\"https:\/\/unhz.eu\/fakulteti-i-biznesit\/#organization\",\"name\":\"Fakulteti i Biznesit\",\"url\":\"https:\/\/unhz.eu\/fakulteti-i-biznesit\/\",\"logo\":{\"@type\":\"ImageObject\",\"inLanguage\":\"sq\",\"@id\":\"https:\/\/unhz.eu\/fakulteti-i-biznesit\/#\/schema\/logo\/image\/\",\"url\":\"https:\/\/unhz.eu\/fakulteti-i-biznesit\/wp-content\/uploads\/sites\/2\/2024\/02\/cropped-logo-1-1-e1713527702695.png\",\"contentUrl\":\"https:\/\/unhz.eu\/fakulteti-i-biznesit\/wp-content\/uploads\/sites\/2\/2024\/02\/cropped-logo-1-1-e1713527702695.png\",\"width\":100,\"height\":100,\"caption\":\"Fakulteti i Biznesit\"},\"image\":{\"@id\":\"https:\/\/unhz.eu\/fakulteti-i-biznesit\/#\/schema\/logo\/image\/\"}}]}<\/script>\n<!-- \/ Yoast SEO Premium plugin. -->","yoast_head_json":{"title":"Historiku i Fakultetit t\u00eb Biznesit | Universiteti Haxhi Zeka","description":"Zbuloni historikun e Fakultetit t\u00eb Biznesit n\u00eb Universitetin Haxhi Zeka \u2014 nga themelimi i Shkoll\u00ebs s\u00eb Lart\u00eb Ekonomike n\u00eb Pej\u00eb (1960) deri te zhvillimi si nj\u00ebsi akademike moderne.","robots":{"index":"index","follow":"follow","max-snippet":"max-snippet:-1","max-image-preview":"max-image-preview:large","max-video-preview":"max-video-preview:-1"},"canonical":"https:\/\/unhz.eu\/fakulteti-i-biznesit\/historiku\/","og_locale":"sq_AL","og_type":"article","og_title":"Historiku","og_description":"Zbuloni historikun e Fakultetit t\u00eb Biznesit n\u00eb Universitetin Haxhi Zeka \u2014 nga themelimi i Shkoll\u00ebs s\u00eb Lart\u00eb Ekonomike n\u00eb Pej\u00eb (1960) deri te zhvillimi si nj\u00ebsi akademike moderne.","og_url":"https:\/\/unhz.eu\/fakulteti-i-biznesit\/historiku\/","og_site_name":"Fakulteti i Biznesit","article_modified_time":"2026-01-27T13:07:02+00:00","twitter_card":"summary_large_image","twitter_misc":{"Est. reading time":"2 minuta"},"schema":{"@context":"https:\/\/schema.org","@graph":[{"@type":"WebPage","@id":"https:\/\/unhz.eu\/fakulteti-i-biznesit\/historiku\/","url":"https:\/\/unhz.eu\/fakulteti-i-biznesit\/historiku\/","name":"Historiku i Fakultetit t\u00eb Biznesit | Universiteti Haxhi Zeka","isPartOf":{"@id":"https:\/\/unhz.eu\/fakulteti-i-biznesit\/#website"},"datePublished":"2025-01-23T13:00:18+00:00","dateModified":"2026-01-27T13:07:02+00:00","description":"Zbuloni historikun e Fakultetit t\u00eb Biznesit n\u00eb Universitetin Haxhi Zeka \u2014 nga themelimi i Shkoll\u00ebs s\u00eb Lart\u00eb Ekonomike n\u00eb Pej\u00eb (1960) deri te zhvillimi si nj\u00ebsi akademike moderne.","breadcrumb":{"@id":"https:\/\/unhz.eu\/fakulteti-i-biznesit\/historiku\/#breadcrumb"},"inLanguage":"sq","potentialAction":[{"@type":"ReadAction","target":["https:\/\/unhz.eu\/fakulteti-i-biznesit\/historiku\/"]}]},{"@type":"BreadcrumbList","@id":"https:\/\/unhz.eu\/fakulteti-i-biznesit\/historiku\/#breadcrumb","itemListElement":[{"@type":"ListItem","position":1,"name":"Home","item":"https:\/\/unhz.eu\/fakulteti-i-biznesit\/"},{"@type":"ListItem","position":2,"name":"Historiku"}]},{"@type":"WebSite","@id":"https:\/\/unhz.eu\/fakulteti-i-biznesit\/#website","url":"https:\/\/unhz.eu\/fakulteti-i-biznesit\/","name":"Fakulteti i Biznesit","description":"I dedikuar p\u00ebr cil\u00ebsi standarde dhe suksese","publisher":{"@id":"https:\/\/unhz.eu\/fakulteti-i-biznesit\/#organization"},"potentialAction":[{"@type":"SearchAction","target":{"@type":"EntryPoint","urlTemplate":"https:\/\/unhz.eu\/fakulteti-i-biznesit\/?s={search_term_string}"},"query-input":{"@type":"PropertyValueSpecification","valueRequired":true,"valueName":"search_term_string"}}],"inLanguage":"sq"},{"@type":"Organization","@id":"https:\/\/unhz.eu\/fakulteti-i-biznesit\/#organization","name":"Fakulteti i Biznesit","url":"https:\/\/unhz.eu\/fakulteti-i-biznesit\/","logo":{"@type":"ImageObject","inLanguage":"sq","@id":"https:\/\/unhz.eu\/fakulteti-i-biznesit\/#\/schema\/logo\/image\/","url":"https:\/\/unhz.eu\/fakulteti-i-biznesit\/wp-content\/uploads\/sites\/2\/2024\/02\/cropped-logo-1-1-e1713527702695.png","contentUrl":"https:\/\/unhz.eu\/fakulteti-i-biznesit\/wp-content\/uploads\/sites\/2\/2024\/02\/cropped-logo-1-1-e1713527702695.png","width":100,"height":100,"caption":"Fakulteti i Biznesit"},"image":{"@id":"https:\/\/unhz.eu\/fakulteti-i-biznesit\/#\/schema\/logo\/image\/"}}]}},"_links":{"self":[{"href":"https:\/\/unhz.eu\/fakulteti-i-biznesit\/wp-json\/wp\/v2\/pages\/49050","targetHints":{"allow":["GET"]}}],"collection":[{"href":"https:\/\/unhz.eu\/fakulteti-i-biznesit\/wp-json\/wp\/v2\/pages"}],"about":[{"href":"https:\/\/unhz.eu\/fakulteti-i-biznesit\/wp-json\/wp\/v2\/types\/page"}],"author":[{"embeddable":true,"href":"https:\/\/unhz.eu\/fakulteti-i-biznesit\/wp-json\/wp\/v2\/users\/1"}],"replies":[{"embeddable":true,"href":"https:\/\/unhz.eu\/fakulteti-i-biznesit\/wp-json\/wp\/v2\/comments?post=49050"}],"version-history":[{"count":1,"href":"https:\/\/unhz.eu\/fakulteti-i-biznesit\/wp-json\/wp\/v2\/pages\/49050\/revisions"}],"predecessor-version":[{"id":57729,"href":"https:\/\/unhz.eu\/fakulteti-i-biznesit\/wp-json\/wp\/v2\/pages\/49050\/revisions\/57729"}],"wp:attachment":[{"href":"https:\/\/unhz.eu\/fakulteti-i-biznesit\/wp-json\/wp\/v2\/media?parent=49050"}],"curies":[{"name":"wp","href":"https:\/\/api.w.org\/{rel}","templated":true}]}}