{"id":48958,"date":"2025-01-22T12:25:24","date_gmt":"2025-01-22T12:25:24","guid":{"rendered":"https:\/\/unhz.eu\/fakulteti-i-biznesit\/?page_id=48958"},"modified":"2025-11-05T16:06:23","modified_gmt":"2025-11-05T14:06:23","slug":"programet-mrs","status":"publish","type":"page","link":"https:\/\/unhz.eu\/fakulteti-i-biznesit\/programet-mrs\/","title":{"rendered":"Programet MRS"},"content":{"rendered":"\n<p>PROGRAMI: MASTER I SHKENCAVE N\u00cb MENAXHIMI I RISKUT DHE SIGURIMET<\/p>\n\n\n\n<p><em>Risk Management and Insurance (MSc.)<\/em><\/p>\n\n\n\n<figure class=\"wp-block-table\"><table><tbody><tr><td colspan=\"5\"><strong><em>Viti i par\u00eb \u2013 Semestri i par\u00eb:<\/em><\/strong><strong><em><\/em><\/strong><\/td><\/tr><tr><td><strong><em>Nr.<\/em><\/strong><strong><em><\/em><\/strong><\/td><td><strong><em>Obli.\/Zgj.<\/em><\/strong><strong><em><\/em><\/strong><\/td><td><strong><em>L\u00ebnda:<\/em><\/strong><strong><em><\/em><\/strong><\/td><td><strong><em>Or\u00eb L+U<\/em><\/strong><strong><em><\/em><\/strong><\/td><td><strong><em>ECTS<\/em><\/strong><strong><em><\/em><\/strong><\/td><\/tr><tr><td><em>1.<\/em><em><\/em><\/td><td><em>O<\/em><em><\/em><\/td><td><em><a href=\"https:\/\/unhz.eu\/fakulteti-i-biznesit\/wp-content\/uploads\/sites\/2\/2025\/11\/Teoria-dhe-Praktika-e-Menaxhimit-te-Riskut.pdf\">Teoria dhe Praktika e Menaxhimit t\u00eb Riskut<\/a><\/em><\/td><td><em>2+2<\/em><em><\/em><\/td><td><em>6<\/em><em><\/em><\/td><\/tr><tr><td><em>2.<\/em><em><\/em><\/td><td><em>O<\/em><em><\/em><\/td><td><em><a href=\"https:\/\/unhz.eu\/fakulteti-i-biznesit\/wp-content\/uploads\/sites\/2\/2025\/11\/Direktivat-e-BE-se-ne-Qeverisjen-e-Rrezikut.pdf\">Direktivat e BE-s\u00eb p\u00ebr Qeverisjen e Riskut<\/a><\/em><\/td><td><em>2+1<\/em><em><\/em><\/td><td><em>6<\/em><em><\/em><\/td><\/tr><tr><td><em>3.<\/em><em><\/em><\/td><td><em>O<\/em><em><\/em><\/td><td><em><a href=\"https:\/\/unhz.eu\/fakulteti-i-biznesit\/wp-content\/uploads\/sites\/2\/2025\/11\/Financat-e-Avancuara-te-Korporatave.pdf\">Financat e Avancuara t\u00eb Korporatave<\/a><\/em><\/td><td><em>2+2<\/em><em><\/em><\/td><td><em>6<\/em><em><\/em><\/td><\/tr><tr><td><em>4.<\/em><em><\/em><\/td><td><em>O<\/em><em><\/em><\/td><td><em><a href=\"https:\/\/unhz.eu\/fakulteti-i-biznesit\/wp-content\/uploads\/sites\/2\/2025\/11\/Menaxhimi-i-Riskut-te-Investimeve.pdf\">Menaxhimi i Riskut t\u00eb Investimeve<\/a><\/em><\/td><td><em>2+1<\/em><em><\/em><\/td><td><em>6<\/em><em><\/em><\/td><\/tr><tr><td><em>5.<\/em><em><\/em><\/td><td><em>Z<\/em><em><\/em><\/td><td><em><a href=\"https:\/\/unhz.eu\/fakulteti-i-biznesit\/wp-content\/uploads\/sites\/2\/2025\/11\/Kontabiliteti-i-Kompanive-te-Sigurimit.pdf\">Kontabiliteti i Kompanive t\u00eb Sigurimit<\/a><\/em><\/td><td><em>2+1<\/em><em><\/em><\/td><td><em>6<\/em><em><\/em><\/td><\/tr><tr><td><em>6.<\/em><em><\/em><\/td><td><em>Z<\/em><em><\/em><\/td><td><em><a href=\"https:\/\/unhz.eu\/fakulteti-i-biznesit\/wp-content\/uploads\/sites\/2\/2025\/11\/Menaxhimi-i-Riskut-Bankar.pdf\">Menaxhimi i Riskut Bankar<\/a><\/em><\/td><td><em>2+1<\/em><em><\/em><\/td><td><em>6<\/em><em><\/em><\/td><\/tr><tr><td>&nbsp;<\/td><td>&nbsp;<\/td><td><em>Totali<\/em><em><\/em><\/td><td>&nbsp;<\/td><td><em>30<\/em><em><\/em><\/td><\/tr><tr><td colspan=\"5\"><strong><em>Viti i par\u00eb \u2013 Semestri i dyt\u00eb:<\/em><\/strong><strong><em><\/em><\/strong><\/td><\/tr><tr><td><strong><em>Nr.<\/em><\/strong><strong><em><\/em><\/strong><\/td><td><strong><em>Obli.\/Zgj.<\/em><\/strong><strong><em><\/em><\/strong><\/td><td><strong><em>L\u00ebnda:<\/em><\/strong><strong><em><\/em><\/strong><\/td><td><strong><em>Or\u00eb L+U<\/em><\/strong><strong><em><\/em><\/strong><\/td><td><strong><em>ECTS<\/em><\/strong><strong><em><\/em><\/strong><\/td><\/tr><tr><td><em>1.<\/em><em><\/em><\/td><td><em>O<\/em><em><\/em><\/td><td><em><a href=\"https:\/\/unhz.eu\/fakulteti-i-biznesit\/wp-content\/uploads\/sites\/2\/2025\/11\/Analiza-e-te-Dhenave-dhe-Ekonometria-e-Avancuar.pdf\">Analiza e t\u00eb Dh\u00ebnave dhe Ekonometria e Avancuar<\/a><\/em><\/td><td><em>2+2<\/em><em><\/em><\/td><td><em>7<\/em><em><\/em><\/td><\/tr><tr><td><em>2.<\/em><em><\/em><\/td><td><em>O<\/em><em><\/em><\/td><td><em><a href=\"https:\/\/unhz.eu\/fakulteti-i-biznesit\/wp-content\/uploads\/sites\/2\/2025\/11\/Menaxhimi-i-Avancuar-i-Riskut-te-Ndermarrjes.pdf\">Menaxhimi i Avancuar i Riskut t\u00eb Nd\u00ebrmarrjes<\/a><\/em><\/td><td><em>2+2<\/em><em><\/em><\/td><td><em>6<\/em><em><\/em><\/td><\/tr><tr><td><em>3.<\/em><em><\/em><\/td><td><em>O<\/em><em><\/em><\/td><td><em><a href=\"https:\/\/unhz.eu\/fakulteti-i-biznesit\/wp-content\/uploads\/sites\/2\/2025\/11\/Fondet-Pensionale-1.pdf\">Fondet Pensionale<\/a><\/em><\/td><td><em>2+2<\/em><em><\/em><\/td><td><em>6<\/em><em><\/em><\/td><\/tr><tr><td><em>4.<\/em><em><\/em><\/td><td><em>O<\/em><em><\/em><\/td><td><em><a href=\"https:\/\/unhz.eu\/fakulteti-i-biznesit\/wp-content\/uploads\/sites\/2\/2025\/11\/Menaxhimi-i-Kompanive-te-Sigurimit.pdf\">Menaxhimi i Kompanive t\u00eb Sigurimit<\/a><\/em><\/td><td><em>2+2<\/em><em><\/em><\/td><td><em>6<\/em><em><\/em><\/td><\/tr><tr><td><em>6.<\/em><em><\/em><\/td><td><em>Z<\/em><em><\/em><\/td><td><em><a href=\"https:\/\/unhz.eu\/fakulteti-i-biznesit\/wp-content\/uploads\/sites\/2\/2025\/11\/Ndermarresia-e-Gjelber.pdf\">Nd\u00ebrmarr\u00ebsia e Gjelb\u00ebr<\/a><\/em><\/td><td><em>2+1<\/em><em><\/em><\/td><td><em>5<\/em><em><\/em><\/td><\/tr><tr><td><em>7.<\/em><em><\/em><\/td><td><em>Z<\/em><em><\/em><\/td><td><em><a href=\"https:\/\/unhz.eu\/fakulteti-i-biznesit\/wp-content\/uploads\/sites\/2\/2025\/11\/Sigurimet-Jete-dhe-Jo-Jete.pdf\">Sigurimet Jet\u00eb dhe Jo &#8211; Jet\u00eb<\/a><\/em><\/td><td><em>2+1<\/em><em><\/em><\/td><td><em>5<\/em><em><\/em><\/td><\/tr><tr><td>&nbsp;<\/td><td>&nbsp;<\/td><td><em>Totali<\/em><em><\/em><\/td><td>&nbsp;<\/td><td><em>30<\/em><em><\/em><\/td><\/tr><tr><td colspan=\"5\"><strong><em>Viti i dyt\u00eb \u2013 Semestri tret\u00eb:<\/em><\/strong><strong><em><\/em><\/strong><\/td><\/tr><tr><td><strong><em>Nr.<\/em><\/strong><strong><em><\/em><\/strong><\/td><td><strong><em>Obli.\/Zgj.<\/em><\/strong><strong><em><\/em><\/strong><\/td><td><strong><em>L\u00ebnda:<\/em><\/strong><strong><em><\/em><\/strong><\/td><td><strong><em>Or\u00eb L+U<\/em><\/strong><strong><em><\/em><\/strong><\/td><td><strong><em>ECTS<\/em><\/strong><strong><em><\/em><\/strong><\/td><\/tr><tr><td><em>1.<\/em><em><\/em><\/td><td><em>O<\/em><em><\/em><\/td><td><em><a href=\"https:\/\/unhz.eu\/fakulteti-i-biznesit\/wp-content\/uploads\/sites\/2\/2025\/11\/Menaxhimi-i-Demeve.pdf\">Menaxhimi i D\u00ebmeve<\/a><\/em><\/td><td><em>2+2<\/em><em><\/em><\/td><td><em>6<\/em><em><\/em><\/td><\/tr><tr><td><em>2.<\/em><em><\/em><\/td><td><em>O<\/em><em><\/em><\/td><td><em><a href=\"https:\/\/unhz.eu\/fakulteti-i-biznesit\/wp-content\/uploads\/sites\/2\/2025\/11\/Qeverisje-Mjedisore-Sociale-dhe-Korporative-ESG.pdf\">Qeverisja Mjedisore, Sociale dhe Korporative (ESG)<\/a><\/em><\/td><td><em>2+1<\/em><em><\/em><\/td><td><em>6<\/em><em><\/em><\/td><\/tr><tr><td><em>3.<\/em><em><\/em><\/td><td><em>O<\/em><em><\/em><\/td><td><em><a href=\"https:\/\/unhz.eu\/fakulteti-i-biznesit\/wp-content\/uploads\/sites\/2\/2025\/11\/Auditimi-Menaxherial.pdf\">Auditimi Menaxherial<\/a><\/em><\/td><td><em>2+2<\/em><em><\/em><\/td><td><em>6<\/em><em><\/em><\/td><\/tr><tr><td><em>4.<\/em><em><\/em><\/td><td><em>O<\/em><em><\/em><\/td><td><em><a href=\"https:\/\/unhz.eu\/fakulteti-i-biznesit\/wp-content\/uploads\/sites\/2\/2025\/11\/Mesimi-Praktik-dhe-Zhvillimi-i-Karrieres.pdf\">Mesimi Praktik dhe Zhvillimi i Karrier\u00ebs<\/a><\/em><\/td><td><em>0+4<\/em><em><\/em><\/td><td><em>6<\/em><em><\/em><\/td><\/tr><tr><td><em>5.<\/em><em><\/em><\/td><td><em>Z<\/em><em><\/em><\/td><td><em><a href=\"https:\/\/unhz.eu\/fakulteti-i-biznesit\/wp-content\/uploads\/sites\/2\/2025\/11\/Menaxhimi-i-Riskut-ne-Sektorin-Publik.pdf\">Menaxhimi i Riskut n\u00eb Sektorin Publik<\/a><\/em><\/td><td><em>2+1<\/em><em><\/em><\/td><td><em>6<\/em><em><\/em><\/td><\/tr><tr><td><em>6.<\/em><em><\/em><\/td><td><em>Z<\/em><em><\/em><\/td><td><em><a href=\"https:\/\/unhz.eu\/fakulteti-i-biznesit\/wp-content\/uploads\/sites\/2\/2025\/11\/Risigurimet.pdf\">Risigurimet<\/a><\/em><\/td><td><em>2+1<\/em><em><\/em><\/td><td><em>6<\/em><em><\/em><\/td><\/tr><tr><td>&nbsp;<\/td><td>&nbsp;<\/td><td><em>Totali<\/em><em><\/em><\/td><td>&nbsp;<\/td><td><em>30<\/em><em><\/em><\/td><\/tr><tr><td colspan=\"5\"><strong><em>Viti i dyt\u00eb \u2013 Semestri i kat\u00ebrt:<\/em><\/strong><strong><em><\/em><\/strong><\/td><\/tr><tr><td><strong><em>Nr.<\/em><\/strong><strong><em><\/em><\/strong><\/td><td><strong><em>Obli.\/Zgj.<\/em><\/strong><strong><em><\/em><\/strong><\/td><td><strong><em>L\u00ebnda:<\/em><\/strong><strong><em><\/em><\/strong><\/td><td><strong><em>Or\u00eb L+U<\/em><\/strong><strong><em><\/em><\/strong><\/td><td><strong><em>ECTS<\/em><\/strong><strong><em><\/em><\/strong><\/td><\/tr><tr><td><em>1.<\/em><em><\/em><\/td><td><em>O<\/em><em><\/em><\/td><td><em>Punimi i Diplom\u00ebs &#8211; Master<\/em><\/td><td>&nbsp;<\/td><td><em>30<\/em><em><\/em><\/td><\/tr><tr><td>&nbsp;<\/td><td>&nbsp;<\/td><td><em>Totali<\/em><em><\/em><\/td><td>&nbsp;<\/td><td><em>30<\/em><em><\/em><\/td><\/tr><\/tbody><\/table><\/figure>\n","protected":false},"excerpt":{"rendered":"<p>PROGRAMI: MASTER I SHKENCAVE N\u00cb MENAXHIMI I RISKUT DHE SIGURIMET Risk Management and Insurance (MSc.)&hellip;<\/p>\n","protected":false},"author":1,"featured_media":0,"parent":0,"menu_order":0,"comment_status":"closed","ping_status":"closed","template":"","meta":{"footnotes":""},"class_list":["post-48958","page","type-page","status-publish","hentry"],"yoast_head":"<!-- This site is optimized with the Yoast SEO Premium plugin v27.2 (Yoast SEO v27.2) - https:\/\/yoast.com\/product\/yoast-seo-premium-wordpress\/ -->\n<title>Programet MRS - Fakulteti i Biznesit<\/title>\n<meta name=\"robots\" content=\"index, follow, max-snippet:-1, max-image-preview:large, max-video-preview:-1\" \/>\n<link rel=\"canonical\" href=\"https:\/\/unhz.eu\/fakulteti-i-biznesit\/programet-mrs\/\" \/>\n<meta property=\"og:locale\" content=\"sq_AL\" \/>\n<meta property=\"og:type\" content=\"article\" \/>\n<meta property=\"og:title\" content=\"Programet MRS\" \/>\n<meta property=\"og:description\" content=\"PROGRAMI: MASTER I SHKENCAVE N\u00cb MENAXHIMI I RISKUT DHE SIGURIMET Risk Management and Insurance (MSc.)&hellip;\" \/>\n<meta property=\"og:url\" content=\"https:\/\/unhz.eu\/fakulteti-i-biznesit\/programet-mrs\/\" \/>\n<meta property=\"og:site_name\" content=\"Fakulteti i Biznesit\" \/>\n<meta property=\"article:modified_time\" content=\"2025-11-05T14:06:23+00:00\" \/>\n<meta name=\"twitter:card\" content=\"summary_large_image\" \/>\n<meta name=\"twitter:label1\" content=\"Est. reading time\" \/>\n\t<meta name=\"twitter:data1\" content=\"2 minuta\" \/>\n<script type=\"application\/ld+json\" class=\"yoast-schema-graph\">{\"@context\":\"https:\/\/schema.org\",\"@graph\":[{\"@type\":\"WebPage\",\"@id\":\"https:\/\/unhz.eu\/fakulteti-i-biznesit\/programet-mrs\/\",\"url\":\"https:\/\/unhz.eu\/fakulteti-i-biznesit\/programet-mrs\/\",\"name\":\"Programet MRS - Fakulteti i Biznesit\",\"isPartOf\":{\"@id\":\"https:\/\/unhz.eu\/fakulteti-i-biznesit\/#website\"},\"datePublished\":\"2025-01-22T12:25:24+00:00\",\"dateModified\":\"2025-11-05T14:06:23+00:00\",\"breadcrumb\":{\"@id\":\"https:\/\/unhz.eu\/fakulteti-i-biznesit\/programet-mrs\/#breadcrumb\"},\"inLanguage\":\"sq\",\"potentialAction\":[{\"@type\":\"ReadAction\",\"target\":[\"https:\/\/unhz.eu\/fakulteti-i-biznesit\/programet-mrs\/\"]}]},{\"@type\":\"BreadcrumbList\",\"@id\":\"https:\/\/unhz.eu\/fakulteti-i-biznesit\/programet-mrs\/#breadcrumb\",\"itemListElement\":[{\"@type\":\"ListItem\",\"position\":1,\"name\":\"Home\",\"item\":\"https:\/\/unhz.eu\/fakulteti-i-biznesit\/\"},{\"@type\":\"ListItem\",\"position\":2,\"name\":\"Programet MRS\"}]},{\"@type\":\"WebSite\",\"@id\":\"https:\/\/unhz.eu\/fakulteti-i-biznesit\/#website\",\"url\":\"https:\/\/unhz.eu\/fakulteti-i-biznesit\/\",\"name\":\"Fakulteti i Biznesit\",\"description\":\"I dedikuar p\u00ebr cil\u00ebsi standarde dhe suksese\",\"publisher\":{\"@id\":\"https:\/\/unhz.eu\/fakulteti-i-biznesit\/#organization\"},\"potentialAction\":[{\"@type\":\"SearchAction\",\"target\":{\"@type\":\"EntryPoint\",\"urlTemplate\":\"https:\/\/unhz.eu\/fakulteti-i-biznesit\/?s={search_term_string}\"},\"query-input\":{\"@type\":\"PropertyValueSpecification\",\"valueRequired\":true,\"valueName\":\"search_term_string\"}}],\"inLanguage\":\"sq\"},{\"@type\":\"Organization\",\"@id\":\"https:\/\/unhz.eu\/fakulteti-i-biznesit\/#organization\",\"name\":\"Fakulteti i Biznesit\",\"url\":\"https:\/\/unhz.eu\/fakulteti-i-biznesit\/\",\"logo\":{\"@type\":\"ImageObject\",\"inLanguage\":\"sq\",\"@id\":\"https:\/\/unhz.eu\/fakulteti-i-biznesit\/#\/schema\/logo\/image\/\",\"url\":\"https:\/\/unhz.eu\/fakulteti-i-biznesit\/wp-content\/uploads\/sites\/2\/2024\/02\/cropped-logo-1-1-e1713527702695.png\",\"contentUrl\":\"https:\/\/unhz.eu\/fakulteti-i-biznesit\/wp-content\/uploads\/sites\/2\/2024\/02\/cropped-logo-1-1-e1713527702695.png\",\"width\":100,\"height\":100,\"caption\":\"Fakulteti i Biznesit\"},\"image\":{\"@id\":\"https:\/\/unhz.eu\/fakulteti-i-biznesit\/#\/schema\/logo\/image\/\"}}]}<\/script>\n<!-- \/ Yoast SEO Premium plugin. -->","yoast_head_json":{"title":"Programet MRS - Fakulteti i Biznesit","robots":{"index":"index","follow":"follow","max-snippet":"max-snippet:-1","max-image-preview":"max-image-preview:large","max-video-preview":"max-video-preview:-1"},"canonical":"https:\/\/unhz.eu\/fakulteti-i-biznesit\/programet-mrs\/","og_locale":"sq_AL","og_type":"article","og_title":"Programet MRS","og_description":"PROGRAMI: MASTER I SHKENCAVE N\u00cb MENAXHIMI I RISKUT DHE SIGURIMET Risk Management and Insurance (MSc.)&hellip;","og_url":"https:\/\/unhz.eu\/fakulteti-i-biznesit\/programet-mrs\/","og_site_name":"Fakulteti i Biznesit","article_modified_time":"2025-11-05T14:06:23+00:00","twitter_card":"summary_large_image","twitter_misc":{"Est. reading time":"2 minuta"},"schema":{"@context":"https:\/\/schema.org","@graph":[{"@type":"WebPage","@id":"https:\/\/unhz.eu\/fakulteti-i-biznesit\/programet-mrs\/","url":"https:\/\/unhz.eu\/fakulteti-i-biznesit\/programet-mrs\/","name":"Programet MRS - Fakulteti i Biznesit","isPartOf":{"@id":"https:\/\/unhz.eu\/fakulteti-i-biznesit\/#website"},"datePublished":"2025-01-22T12:25:24+00:00","dateModified":"2025-11-05T14:06:23+00:00","breadcrumb":{"@id":"https:\/\/unhz.eu\/fakulteti-i-biznesit\/programet-mrs\/#breadcrumb"},"inLanguage":"sq","potentialAction":[{"@type":"ReadAction","target":["https:\/\/unhz.eu\/fakulteti-i-biznesit\/programet-mrs\/"]}]},{"@type":"BreadcrumbList","@id":"https:\/\/unhz.eu\/fakulteti-i-biznesit\/programet-mrs\/#breadcrumb","itemListElement":[{"@type":"ListItem","position":1,"name":"Home","item":"https:\/\/unhz.eu\/fakulteti-i-biznesit\/"},{"@type":"ListItem","position":2,"name":"Programet MRS"}]},{"@type":"WebSite","@id":"https:\/\/unhz.eu\/fakulteti-i-biznesit\/#website","url":"https:\/\/unhz.eu\/fakulteti-i-biznesit\/","name":"Fakulteti i Biznesit","description":"I dedikuar p\u00ebr cil\u00ebsi standarde dhe suksese","publisher":{"@id":"https:\/\/unhz.eu\/fakulteti-i-biznesit\/#organization"},"potentialAction":[{"@type":"SearchAction","target":{"@type":"EntryPoint","urlTemplate":"https:\/\/unhz.eu\/fakulteti-i-biznesit\/?s={search_term_string}"},"query-input":{"@type":"PropertyValueSpecification","valueRequired":true,"valueName":"search_term_string"}}],"inLanguage":"sq"},{"@type":"Organization","@id":"https:\/\/unhz.eu\/fakulteti-i-biznesit\/#organization","name":"Fakulteti i Biznesit","url":"https:\/\/unhz.eu\/fakulteti-i-biznesit\/","logo":{"@type":"ImageObject","inLanguage":"sq","@id":"https:\/\/unhz.eu\/fakulteti-i-biznesit\/#\/schema\/logo\/image\/","url":"https:\/\/unhz.eu\/fakulteti-i-biznesit\/wp-content\/uploads\/sites\/2\/2024\/02\/cropped-logo-1-1-e1713527702695.png","contentUrl":"https:\/\/unhz.eu\/fakulteti-i-biznesit\/wp-content\/uploads\/sites\/2\/2024\/02\/cropped-logo-1-1-e1713527702695.png","width":100,"height":100,"caption":"Fakulteti i Biznesit"},"image":{"@id":"https:\/\/unhz.eu\/fakulteti-i-biznesit\/#\/schema\/logo\/image\/"}}]}},"_links":{"self":[{"href":"https:\/\/unhz.eu\/fakulteti-i-biznesit\/wp-json\/wp\/v2\/pages\/48958","targetHints":{"allow":["GET"]}}],"collection":[{"href":"https:\/\/unhz.eu\/fakulteti-i-biznesit\/wp-json\/wp\/v2\/pages"}],"about":[{"href":"https:\/\/unhz.eu\/fakulteti-i-biznesit\/wp-json\/wp\/v2\/types\/page"}],"author":[{"embeddable":true,"href":"https:\/\/unhz.eu\/fakulteti-i-biznesit\/wp-json\/wp\/v2\/users\/1"}],"replies":[{"embeddable":true,"href":"https:\/\/unhz.eu\/fakulteti-i-biznesit\/wp-json\/wp\/v2\/comments?post=48958"}],"version-history":[{"count":3,"href":"https:\/\/unhz.eu\/fakulteti-i-biznesit\/wp-json\/wp\/v2\/pages\/48958\/revisions"}],"predecessor-version":[{"id":49987,"href":"https:\/\/unhz.eu\/fakulteti-i-biznesit\/wp-json\/wp\/v2\/pages\/48958\/revisions\/49987"}],"wp:attachment":[{"href":"https:\/\/unhz.eu\/fakulteti-i-biznesit\/wp-json\/wp\/v2\/media?parent=48958"}],"curies":[{"name":"wp","href":"https:\/\/api.w.org\/{rel}","templated":true}]}}