{"id":48954,"date":"2025-01-22T12:23:47","date_gmt":"2025-01-22T12:23:47","guid":{"rendered":"https:\/\/unhz.eu\/fakulteti-i-biznesit\/?page_id=48954"},"modified":"2025-12-09T10:28:02","modified_gmt":"2025-12-09T08:28:02","slug":"programet-btibe","status":"publish","type":"page","link":"https:\/\/unhz.eu\/fakulteti-i-biznesit\/programet-btibe\/","title":{"rendered":"Programet Btibe"},"content":{"rendered":"\n<p>PROGRAMI: BACHELOR N\u00cb TEKNOLOGJI INFORMACIONI N\u00cb BIZNES DHE EKONOMI<\/p>\n\n\n\n<p><em>Information Technology in Business and Economics (BSc)<\/em><\/p>\n\n\n\n<figure class=\"wp-block-table\"><table><tbody><tr><td colspan=\"6\"><strong>VITI I<\/strong><strong><\/strong><\/td><\/tr><tr><td colspan=\"3\"><strong>SEMESTRI I<\/strong><strong><\/strong><\/td><td colspan=\"3\"><strong>Or\u00eb\/ Jav\u00eb<\/strong><strong><\/strong><\/td><\/tr><tr><td><strong>Nr<\/strong><strong><\/strong><\/td><td><strong>O\/Z<\/strong><strong><\/strong><\/td><td><strong>L\u00ebnda e obligueshme<\/strong><strong><\/strong><\/td><td><strong>L<\/strong><strong><\/strong><\/td><td><strong>U<\/strong><strong><\/strong><\/td><td><strong>ECTS<\/strong><strong><\/strong><\/td><\/tr><tr><td>1.<\/td><td>O<\/td><td><a href=\"https:\/\/unhz.eu\/fakulteti-i-biznesit\/wp-content\/uploads\/sites\/2\/2025\/12\/Teknologji-informacioni.pdf\">Teknologji e informacionit<\/a><\/td><td>2<\/td><td>2<\/td><td>6<\/td><\/tr><tr><td>2.<\/td><td>O<\/td><td><a href=\"https:\/\/unhz.eu\/fakulteti-i-biznesit\/wp-content\/uploads\/sites\/2\/2025\/12\/Matematika.pdf\">Matematika I<\/a><\/td><td>2<\/td><td>2<\/td><td>6<\/td><\/tr><tr><td>3.<\/td><td>O<\/td><td><a href=\"https:\/\/unhz.eu\/fakulteti-i-biznesit\/wp-content\/uploads\/sites\/2\/2025\/12\/Gjuhe-angleze.pdf\">Gjuh\u00eb angleze I<\/a><\/td><td>2<\/td><td>2<\/td><td>6<\/td><\/tr><tr><td>4.<\/td><td>O<\/td><td><a href=\"https:\/\/unhz.eu\/fakulteti-i-biznesit\/wp-content\/uploads\/sites\/2\/2025\/12\/Bazat-e-kontabilitetit.pdf\">Bazat e kontabilitetit<\/a><\/td><td>2<\/td><td>2<\/td><td>6<\/td><\/tr><tr><td>5.<\/td><td>O<\/td><td><a href=\"https:\/\/unhz.eu\/fakulteti-i-biznesit\/wp-content\/uploads\/sites\/2\/2025\/12\/Bazat-e-biznesit.pdf\">Bazat e Menaxhimit te Biznesit<\/a><\/td><td>3<\/td><td>0<\/td><td>6<\/td><\/tr><tr><td colspan=\"3\"><strong>Total or\u00ebt n\u00eb jav\u00eb dhe ECTS gjat\u00eb Semestrit:<\/strong><strong><\/strong><\/td><td><strong>10<\/strong><strong><\/strong><\/td><td><strong>10<\/strong><strong><\/strong><\/td><td><strong>30<\/strong><strong><\/strong><\/td><\/tr><tr><td colspan=\"3\"><strong>SEMESTRI II<\/strong><strong><\/strong><\/td><td colspan=\"3\"><strong>Or\u00eb\/ Jav\u00eb<\/strong><strong><\/strong><\/td><\/tr><tr><td>1.<\/td><td>O<\/td><td><a href=\"https:\/\/unhz.eu\/fakulteti-i-biznesit\/wp-content\/uploads\/sites\/2\/2025\/12\/Teknologji-te-internetit.pdf\">Teknologji t\u00eb Internetit<\/a><\/td><td>2<\/td><td>2<\/td><td>6<\/td><\/tr><tr><td>2.<\/td><td>O<\/td><td><a href=\"https:\/\/unhz.eu\/fakulteti-i-biznesit\/wp-content\/uploads\/sites\/2\/2025\/12\/Mikroekonomia.pdf\">Mikroekonomia<\/a><\/td><td>2<\/td><td>2<\/td><td>6<\/td><\/tr><tr><td>3.<\/td><td>O<\/td><td><a href=\"https:\/\/unhz.eu\/fakulteti-i-biznesit\/wp-content\/uploads\/sites\/2\/2025\/12\/Biznesi-elektronik.pdf\">Biznesi Elektronik<\/a><\/td><td>2<\/td><td>2<\/td><td>6<\/td><\/tr><tr><td>4.<\/td><td>O<\/td><td><a href=\"https:\/\/unhz.eu\/fakulteti-i-biznesit\/wp-content\/uploads\/sites\/2\/2025\/12\/Financat.pdf\">Financat<\/a><\/td><td>2<\/td><td>2<\/td><td>6<\/td><\/tr><tr><td>5.<\/td><td>O<\/td><td><a href=\"https:\/\/unhz.eu\/fakulteti-i-biznesit\/wp-content\/uploads\/sites\/2\/2025\/12\/Statistika-dhe-Probabiliteti.pdf\">Statistika dhe Probabiliteti<\/a><\/td><td>2<\/td><td>2<\/td><td>6<\/td><\/tr><tr><td colspan=\"3\"><strong>Total or\u00ebt n\u00eb jav\u00eb dhe ECTS gjat\u00eb Semestrit:<\/strong><strong><\/strong><\/td><td><strong>10<\/strong><strong><\/strong><\/td><td><strong>10<\/strong><strong><\/strong><\/td><td><strong>30<\/strong><strong><\/strong><\/td><\/tr><\/tbody><\/table><\/figure>\n\n\n\n<figure class=\"wp-block-table\"><table><tbody><tr><td colspan=\"6\"><strong>VITI II<\/strong><strong><\/strong><\/td><\/tr><tr><td colspan=\"3\"><strong>SEMESTRI III<\/strong><strong><\/strong><\/td><td colspan=\"3\"><strong>Or\u00eb\/ Jav\u00eb<\/strong><strong><\/strong><\/td><\/tr><tr><td><strong>Nr<\/strong><strong><\/strong><\/td><td><strong>O\/ <\/strong><strong>Z<\/strong><strong><\/strong><\/td><td><strong>L\u00ebnda<\/strong><strong><\/strong><\/td><td><strong>L<\/strong><strong><\/strong><\/td><td><strong>U<\/strong><strong><\/strong><\/td><td><strong>ECTS<\/strong><strong><\/strong><\/td><\/tr><tr><td>1.<\/td><td>O<\/td><td><a href=\"https:\/\/unhz.eu\/fakulteti-i-biznesit\/wp-content\/uploads\/sites\/2\/2025\/12\/Informatika-biznesore.pdf\">Informatik\u00eb biznesi<\/a><\/td><td>2<\/td><td>2<\/td><td>6<\/td><\/tr><tr><td>2.<\/td><td>O<\/td><td><a href=\"https:\/\/unhz.eu\/fakulteti-i-biznesit\/wp-content\/uploads\/sites\/2\/2025\/12\/Financat-digjitale.pdf\">Financat digjitale \/ Fintech<\/a><\/td><td>3<\/td><td>0<\/td><td>6<\/td><\/tr><tr><td>3.<\/td><td>O<\/td><td><a href=\"https:\/\/unhz.eu\/fakulteti-i-biznesit\/wp-content\/uploads\/sites\/2\/2025\/12\/Bazat-e-marketingut.pdf\">Bazat e marketingut<\/a><\/td><td>3<\/td><td>0<\/td><td>6<\/td><\/tr><tr><td>4.<\/td><td>O<\/td><td><a href=\"https:\/\/unhz.eu\/fakulteti-i-biznesit\/wp-content\/uploads\/sites\/2\/2025\/12\/Hyrje-ne-BDH.pdf\">Hyrje n\u00eb baza t\u00eb t\u00eb dh\u00ebnave<\/a><\/td><td>2<\/td><td>2<\/td><td>6<\/td><\/tr><tr><td colspan=\"3\"><strong>L\u00ebnd\u00ebt zgjedhore<\/strong><strong><\/strong><\/td><td>&nbsp;<\/td><td>&nbsp;<\/td><td><strong>24<\/strong><strong><\/strong><\/td><\/tr><tr><td>5.<\/td><td>Z<\/td><td><a href=\"https:\/\/unhz.eu\/fakulteti-i-biznesit\/wp-content\/uploads\/sites\/2\/2025\/12\/E-drejta-dhe-etika-ne-IT.pdf\">E drejta dhe Etika n\u00eb IT<\/a><\/td><td>3<\/td><td>0<\/td><td>6<\/td><\/tr><tr><td>6.<\/td><td>Z<\/td><td><a href=\"https:\/\/unhz.eu\/fakulteti-i-biznesit\/wp-content\/uploads\/sites\/2\/2025\/12\/Sisteme-informacioni-te-kontabilitetit.pdf\">Sisteme informacioni t\u00eb kontabilitetit<\/a><\/td><td>2<\/td><td>2<\/td><td>6<\/td><\/tr><tr><td>7.<\/td><td>Z<\/td><td><a href=\"https:\/\/unhz.eu\/fakulteti-i-biznesit\/wp-content\/uploads\/sites\/2\/2025\/12\/Menaxhimi-i-projekteve.pdf\">Menaxhimi i Projekteve<\/a><\/td><td>2<\/td><td>2<\/td><td>6<\/td><\/tr><tr><td>8.<\/td><td>Z<\/td><td><a href=\"https:\/\/unhz.eu\/fakulteti-i-biznesit\/wp-content\/uploads\/sites\/2\/2025\/12\/Shkrimi-akademik.pdf\">Shkrimi akademik<\/a><\/td><td>3<\/td><td>0<\/td><td>6<\/td><\/tr><tr><td>9.<\/td><td>Z<\/td><td>L\u00ebnd\u00eb opcionale (transfer ECTS kredi)<\/td><td>&nbsp;<\/td><td>&nbsp;<\/td><td>6<\/td><\/tr><tr><td colspan=\"3\"><strong>Total ECTS gjat\u00eb Semestrit:<\/strong><strong><\/strong><\/td><td>&nbsp;<\/td><td>&nbsp;<\/td><td><strong>30<\/strong><strong><\/strong><\/td><\/tr><tr><td colspan=\"3\"><strong>SEMESTRI IV<\/strong><strong><\/strong><\/td><td colspan=\"3\"><strong>Or\u00eb\/ Jav\u00eb<\/strong><strong><\/strong><\/td><\/tr><tr><td>1.<\/td><td>O<\/td><td><a href=\"https:\/\/unhz.eu\/fakulteti-i-biznesit\/wp-content\/uploads\/sites\/2\/2025\/12\/Projektimi-i-BDH.pdf\">Projektimi i bazave t\u00eb dh\u00ebnave<\/a><\/td><td>2<\/td><td>2<\/td><td>6<\/td><\/tr><tr><td>2.<\/td><td>O<\/td><td><a href=\"https:\/\/unhz.eu\/fakulteti-i-biznesit\/wp-content\/uploads\/sites\/2\/2025\/12\/Hyrje-ne-rrjetat-kompjuterike.pdf\">Hyrje n\u00eb Rrjetat Kompjuterike<\/a><\/td><td>2<\/td><td>2<\/td><td>6<\/td><\/tr><tr><td>3.<\/td><td>O<\/td><td><a href=\"https:\/\/unhz.eu\/fakulteti-i-biznesit\/wp-content\/uploads\/sites\/2\/2025\/12\/MBNJ.pdf\">Menaxhimi i burimeve njer\u00ebzore<\/a><\/td><td>3<\/td><td>0<\/td><td>6<\/td><\/tr><tr><td>4.<\/td><td>O<\/td><td><a href=\"https:\/\/unhz.eu\/fakulteti-i-biznesit\/wp-content\/uploads\/sites\/2\/2025\/12\/Makroekonomia.pdf\">Makroekonomia<\/a><\/td><td>2<\/td><td>2<\/td><td>6<\/td><\/tr><tr><td colspan=\"3\"><strong>L\u00ebnd\u00ebt zgjedhore<\/strong><strong><\/strong><\/td><td>&nbsp;<\/td><td>&nbsp;<\/td><td>24<\/td><\/tr><\/tbody><\/table><\/figure>\n\n\n\n<figure class=\"wp-block-table\"><table><tbody><tr><td>5.<\/td><td>Z<\/td><td><a href=\"https:\/\/unhz.eu\/fakulteti-i-biznesit\/wp-content\/uploads\/sites\/2\/2025\/12\/Bazat-e-programimit.pdf\">Bazat e Programimit<\/a><\/td><td>2<\/td><td>2<\/td><td>6<\/td><\/tr><tr><td>6.<\/td><td>Z<\/td><td><a href=\"https:\/\/unhz.eu\/fakulteti-i-biznesit\/wp-content\/uploads\/sites\/2\/2025\/12\/Komunikimi-mobil-ne-biznes.pdf\">Komunikimi mobil n\u00eb biznes<\/a><\/td><td>2<\/td><td>2<\/td><td>6<\/td><\/tr><tr><td>7.<\/td><td>Z<\/td><td><a href=\"https:\/\/unhz.eu\/fakulteti-i-biznesit\/wp-content\/uploads\/sites\/2\/2025\/12\/Ekonometria.pdf\">Ekonometria<\/a><\/td><td>2<\/td><td>2<\/td><td>6<\/td><\/tr><tr><td>8.<\/td><td>Z<\/td><td><a href=\"https:\/\/unhz.eu\/fakulteti-i-biznesit\/wp-content\/uploads\/sites\/2\/2025\/12\/Dizajni-dhe-grafika-kompjuterike.pdf\">Dizajni dhe grafika kompjuterike<\/a><\/td><td>2<\/td><td>2<\/td><td>6<\/td><\/tr><tr><td>9.<\/td><td>Z<\/td><td>L\u00ebnd\u00eb opcionale (transfer ECTS kredi)<\/td><td>&nbsp;<\/td><td>&nbsp;<\/td><td>6<\/td><\/tr><tr><td>&nbsp;<\/td><td>&nbsp;<\/td><td><strong>Total ECTS gjat\u00eb Semestrit:<\/strong><strong><\/strong><\/td><td>&nbsp;<\/td><td>&nbsp;<\/td><td><strong>30<\/strong><strong><\/strong><\/td><\/tr><\/tbody><\/table><\/figure>\n\n\n\n<figure class=\"wp-block-table\"><table><tbody><tr><td colspan=\"6\"><strong>VITI III<\/strong><strong><\/strong><\/td><\/tr><tr><td colspan=\"3\"><strong>SEMESTRI V<\/strong><strong><\/strong><\/td><td colspan=\"3\"><strong>Or\u00eb\/ Jav\u00eb<\/strong><strong><\/strong><\/td><\/tr><tr><td><strong>Nr<\/strong><strong><\/strong><\/td><td><strong>O\/ <\/strong><strong>Z<\/strong><strong><\/strong><\/td><td><strong>L\u00ebnda<\/strong><strong><\/strong><\/td><td><strong>L<\/strong><strong><\/strong><\/td><td><strong>U<\/strong><strong><\/strong><\/td><td><strong>ECTS<\/strong><strong><\/strong><\/td><\/tr><tr><td>1.<\/td><td>O<\/td><td><a href=\"https:\/\/unhz.eu\/fakulteti-i-biznesit\/wp-content\/uploads\/sites\/2\/2025\/12\/Menaxhimi-financiar.pdf\">Menaxhimi Financiar<\/a><\/td><td>2<\/td><td>2<\/td><td>6<\/td><\/tr><tr><td>2.<\/td><td>O<\/td><td><a href=\"https:\/\/unhz.eu\/fakulteti-i-biznesit\/wp-content\/uploads\/sites\/2\/2025\/12\/Kriptografia-dhe-siguria-kibernetike.pdf\">Kriptografia dhe siguria kibernetike<\/a><\/td><td>2<\/td><td>2<\/td><td>6<\/td><\/tr><tr><td>3.<\/td><td>O<\/td><td><a href=\"https:\/\/unhz.eu\/fakulteti-i-biznesit\/wp-content\/uploads\/sites\/2\/2025\/12\/Ndermarresia-dhe-inovacioni.pdf\">Ndermarresia dhe Inovacioni<\/a><\/td><td>3<\/td><td>0<\/td><td>6<\/td><\/tr><tr><td colspan=\"3\"><strong>L\u00ebnd\u00ebt zgjedhore<\/strong><strong><\/strong><\/td><td>&nbsp;<\/td><td>&nbsp;<\/td><td>&nbsp;<\/td><\/tr><tr><td>4.<\/td><td>Z<\/td><td><a href=\"https:\/\/unhz.eu\/fakulteti-i-biznesit\/wp-content\/uploads\/sites\/2\/2025\/12\/Marketingu-digjital.pdf\">Marketingu Digjital<\/a><\/td><td>3<\/td><td>0<\/td><td>6<\/td><\/tr><tr><td>5.<\/td><td>Z<\/td><td><a href=\"https:\/\/unhz.eu\/fakulteti-i-biznesit\/wp-content\/uploads\/sites\/2\/2025\/12\/Virtualizimi-dhe-Cloud-Computing.pdf\">Virtualizimi dhe Cloud kompjutimi<\/a><\/td><td>3<\/td><td>0<\/td><td>6<\/td><\/tr><tr><td>6.<\/td><td>Z<\/td><td><a href=\"https:\/\/unhz.eu\/fakulteti-i-biznesit\/wp-content\/uploads\/sites\/2\/2025\/12\/MIS-te-vendimarrjes.pdf\">Sistemet e informacionit te vendimmarrjes<\/a><\/td><td>2<\/td><td>2<\/td><td>6<\/td><\/tr><tr><td>7.<\/td><td>Z<\/td><td><a href=\"https:\/\/unhz.eu\/fakulteti-i-biznesit\/wp-content\/uploads\/sites\/2\/2025\/12\/Interneti-i-gjerave.pdf\">Interneti i gj\u00ebrave (Internet of Things)<\/a><\/td><td>3<\/td><td>0<\/td><td>6<\/td><\/tr><tr><td>8.<\/td><td>Z<\/td><td>L\u00ebnd\u00eb opcionale (transfer ECTS kredi)<\/td><td>&nbsp;<\/td><td>&#8212;<\/td><td>6<\/td><\/tr><tr><td colspan=\"3\"><strong>SEMESTRI VI<\/strong><strong><\/strong><\/td><td colspan=\"3\"><strong>Or\u00eb\/ Jav\u00eb<\/strong><strong><\/strong><\/td><\/tr><tr><td>1.<\/td><td>O<\/td><td><a href=\"https:\/\/unhz.eu\/fakulteti-i-biznesit\/wp-content\/uploads\/sites\/2\/2025\/12\/Taksat-dhe-korporatat.pdf\">Taksat dhe Korporatat<\/a><\/td><td>2<\/td><td>2<\/td><td>6<\/td><\/tr><tr><td>2.<\/td><td>O<\/td><td><a href=\"https:\/\/unhz.eu\/fakulteti-i-biznesit\/wp-content\/uploads\/sites\/2\/2025\/12\/Sistemet-intelegjente-multimediale.pdf\">Sisteme inteligjente multimediale<\/a><\/td><td>3<\/td><td>0<\/td><td>6<\/td><\/tr><tr><td>3.<\/td><td>O<\/td><td><a href=\"https:\/\/unhz.eu\/fakulteti-i-biznesit\/wp-content\/uploads\/sites\/2\/2025\/12\/Pune-praktike.pdf\">Internship \/ Pun\u00eb praktike<\/a><\/td><td>0<\/td><td>4<\/td><td>4<\/td><\/tr><tr><td>4.<\/td><td>O<\/td><td>Punimi i diplom\u00ebs<\/td><td>&nbsp;<\/td><td>&nbsp;<\/td><td>8<\/td><\/tr><tr><td colspan=\"3\"><strong>L\u00ebnd\u00ebt zgjedhore<\/strong><strong><\/strong><\/td><td>&nbsp;<\/td><td>&nbsp;<\/td><td>&nbsp;<\/td><\/tr><tr><td>5.<\/td><td>Z<\/td><td><a href=\"https:\/\/unhz.eu\/fakulteti-i-biznesit\/wp-content\/uploads\/sites\/2\/2025\/12\/Bazat-e-kontabilitetit-financiar-dhe-menaxherial.pdf\">Bazat e Kontabilitetit Financiar dhe Menaxherial<\/a><\/td><td>2<\/td><td>2<\/td><td>6<\/td><\/tr><tr><td>6.<\/td><td>Z<\/td><td><a href=\"https:\/\/unhz.eu\/fakulteti-i-biznesit\/wp-content\/uploads\/sites\/2\/2025\/12\/Tregjet-financiare-elektronike.pdf\">Tregjet financiare elektronike<\/a><\/td><td>3<\/td><td>0<\/td><td>6<\/td><\/tr><tr><td>7.<\/td><td>Z<\/td><td><a href=\"https:\/\/unhz.eu\/fakulteti-i-biznesit\/wp-content\/uploads\/sites\/2\/2025\/12\/Big-Data.pdf\">Big Data<\/a><\/td><td>3<\/td><td>0<\/td><td>6<\/td><\/tr><tr><td>8.<\/td><td>Z<\/td><td><a href=\"https:\/\/unhz.eu\/fakulteti-i-biznesit\/wp-content\/uploads\/sites\/2\/2025\/12\/Ekonomiksi-i-teknologjise-informative.pdf\">Ekonomiksi i Teknologjis\u00eb s\u00eb Informacionit<\/a><\/td><td>2<\/td><td>2<\/td><td>6<\/td><\/tr><tr><td>9.<\/td><td>Z<\/td><td>L\u00ebnd\u00eb opcionale (transfer ECTS kredi)<\/td><td>&nbsp;<\/td><td>&nbsp;<\/td><td>6<\/td><\/tr><\/tbody><\/table><\/figure>\n","protected":false},"excerpt":{"rendered":"<p>PROGRAMI: BACHELOR N\u00cb TEKNOLOGJI INFORMACIONI N\u00cb BIZNES DHE EKONOMI Information Technology in Business and Economics&hellip;<\/p>\n","protected":false},"author":1,"featured_media":0,"parent":0,"menu_order":0,"comment_status":"closed","ping_status":"closed","template":"","meta":{"footnotes":""},"class_list":["post-48954","page","type-page","status-publish","hentry"],"yoast_head":"<!-- This site is optimized with the Yoast SEO Premium plugin v27.2 (Yoast SEO v27.2) - https:\/\/yoast.com\/product\/yoast-seo-premium-wordpress\/ -->\n<title>Programet Btibe - Fakulteti i Biznesit<\/title>\n<meta name=\"robots\" content=\"index, follow, max-snippet:-1, max-image-preview:large, max-video-preview:-1\" \/>\n<link rel=\"canonical\" href=\"https:\/\/unhz.eu\/fakulteti-i-biznesit\/programet-btibe\/\" \/>\n<meta property=\"og:locale\" content=\"sq_AL\" \/>\n<meta property=\"og:type\" content=\"article\" \/>\n<meta property=\"og:title\" content=\"Programet Btibe\" \/>\n<meta property=\"og:description\" content=\"PROGRAMI: BACHELOR N\u00cb TEKNOLOGJI INFORMACIONI N\u00cb BIZNES DHE EKONOMI Information Technology in Business and Economics&hellip;\" \/>\n<meta property=\"og:url\" content=\"https:\/\/unhz.eu\/fakulteti-i-biznesit\/programet-btibe\/\" \/>\n<meta property=\"og:site_name\" content=\"Fakulteti i Biznesit\" \/>\n<meta property=\"article:modified_time\" content=\"2025-12-09T08:28:02+00:00\" \/>\n<meta name=\"twitter:card\" content=\"summary_large_image\" \/>\n<meta name=\"twitter:label1\" content=\"Est. reading time\" \/>\n\t<meta name=\"twitter:data1\" content=\"3 minuta\" \/>\n<script type=\"application\/ld+json\" class=\"yoast-schema-graph\">{\"@context\":\"https:\/\/schema.org\",\"@graph\":[{\"@type\":\"WebPage\",\"@id\":\"https:\/\/unhz.eu\/fakulteti-i-biznesit\/programet-btibe\/\",\"url\":\"https:\/\/unhz.eu\/fakulteti-i-biznesit\/programet-btibe\/\",\"name\":\"Programet Btibe - Fakulteti i Biznesit\",\"isPartOf\":{\"@id\":\"https:\/\/unhz.eu\/fakulteti-i-biznesit\/#website\"},\"datePublished\":\"2025-01-22T12:23:47+00:00\",\"dateModified\":\"2025-12-09T08:28:02+00:00\",\"breadcrumb\":{\"@id\":\"https:\/\/unhz.eu\/fakulteti-i-biznesit\/programet-btibe\/#breadcrumb\"},\"inLanguage\":\"sq\",\"potentialAction\":[{\"@type\":\"ReadAction\",\"target\":[\"https:\/\/unhz.eu\/fakulteti-i-biznesit\/programet-btibe\/\"]}]},{\"@type\":\"BreadcrumbList\",\"@id\":\"https:\/\/unhz.eu\/fakulteti-i-biznesit\/programet-btibe\/#breadcrumb\",\"itemListElement\":[{\"@type\":\"ListItem\",\"position\":1,\"name\":\"Home\",\"item\":\"https:\/\/unhz.eu\/fakulteti-i-biznesit\/\"},{\"@type\":\"ListItem\",\"position\":2,\"name\":\"Programet Btibe\"}]},{\"@type\":\"WebSite\",\"@id\":\"https:\/\/unhz.eu\/fakulteti-i-biznesit\/#website\",\"url\":\"https:\/\/unhz.eu\/fakulteti-i-biznesit\/\",\"name\":\"Fakulteti i Biznesit\",\"description\":\"I dedikuar p\u00ebr cil\u00ebsi standarde dhe suksese\",\"publisher\":{\"@id\":\"https:\/\/unhz.eu\/fakulteti-i-biznesit\/#organization\"},\"potentialAction\":[{\"@type\":\"SearchAction\",\"target\":{\"@type\":\"EntryPoint\",\"urlTemplate\":\"https:\/\/unhz.eu\/fakulteti-i-biznesit\/?s={search_term_string}\"},\"query-input\":{\"@type\":\"PropertyValueSpecification\",\"valueRequired\":true,\"valueName\":\"search_term_string\"}}],\"inLanguage\":\"sq\"},{\"@type\":\"Organization\",\"@id\":\"https:\/\/unhz.eu\/fakulteti-i-biznesit\/#organization\",\"name\":\"Fakulteti i Biznesit\",\"url\":\"https:\/\/unhz.eu\/fakulteti-i-biznesit\/\",\"logo\":{\"@type\":\"ImageObject\",\"inLanguage\":\"sq\",\"@id\":\"https:\/\/unhz.eu\/fakulteti-i-biznesit\/#\/schema\/logo\/image\/\",\"url\":\"https:\/\/unhz.eu\/fakulteti-i-biznesit\/wp-content\/uploads\/sites\/2\/2024\/02\/cropped-logo-1-1-e1713527702695.png\",\"contentUrl\":\"https:\/\/unhz.eu\/fakulteti-i-biznesit\/wp-content\/uploads\/sites\/2\/2024\/02\/cropped-logo-1-1-e1713527702695.png\",\"width\":100,\"height\":100,\"caption\":\"Fakulteti i Biznesit\"},\"image\":{\"@id\":\"https:\/\/unhz.eu\/fakulteti-i-biznesit\/#\/schema\/logo\/image\/\"}}]}<\/script>\n<!-- \/ Yoast SEO Premium plugin. -->","yoast_head_json":{"title":"Programet Btibe - Fakulteti i Biznesit","robots":{"index":"index","follow":"follow","max-snippet":"max-snippet:-1","max-image-preview":"max-image-preview:large","max-video-preview":"max-video-preview:-1"},"canonical":"https:\/\/unhz.eu\/fakulteti-i-biznesit\/programet-btibe\/","og_locale":"sq_AL","og_type":"article","og_title":"Programet Btibe","og_description":"PROGRAMI: BACHELOR N\u00cb TEKNOLOGJI INFORMACIONI N\u00cb BIZNES DHE EKONOMI Information Technology in Business and Economics&hellip;","og_url":"https:\/\/unhz.eu\/fakulteti-i-biznesit\/programet-btibe\/","og_site_name":"Fakulteti i Biznesit","article_modified_time":"2025-12-09T08:28:02+00:00","twitter_card":"summary_large_image","twitter_misc":{"Est. reading time":"3 minuta"},"schema":{"@context":"https:\/\/schema.org","@graph":[{"@type":"WebPage","@id":"https:\/\/unhz.eu\/fakulteti-i-biznesit\/programet-btibe\/","url":"https:\/\/unhz.eu\/fakulteti-i-biznesit\/programet-btibe\/","name":"Programet Btibe - Fakulteti i Biznesit","isPartOf":{"@id":"https:\/\/unhz.eu\/fakulteti-i-biznesit\/#website"},"datePublished":"2025-01-22T12:23:47+00:00","dateModified":"2025-12-09T08:28:02+00:00","breadcrumb":{"@id":"https:\/\/unhz.eu\/fakulteti-i-biznesit\/programet-btibe\/#breadcrumb"},"inLanguage":"sq","potentialAction":[{"@type":"ReadAction","target":["https:\/\/unhz.eu\/fakulteti-i-biznesit\/programet-btibe\/"]}]},{"@type":"BreadcrumbList","@id":"https:\/\/unhz.eu\/fakulteti-i-biznesit\/programet-btibe\/#breadcrumb","itemListElement":[{"@type":"ListItem","position":1,"name":"Home","item":"https:\/\/unhz.eu\/fakulteti-i-biznesit\/"},{"@type":"ListItem","position":2,"name":"Programet Btibe"}]},{"@type":"WebSite","@id":"https:\/\/unhz.eu\/fakulteti-i-biznesit\/#website","url":"https:\/\/unhz.eu\/fakulteti-i-biznesit\/","name":"Fakulteti i Biznesit","description":"I dedikuar p\u00ebr cil\u00ebsi standarde dhe suksese","publisher":{"@id":"https:\/\/unhz.eu\/fakulteti-i-biznesit\/#organization"},"potentialAction":[{"@type":"SearchAction","target":{"@type":"EntryPoint","urlTemplate":"https:\/\/unhz.eu\/fakulteti-i-biznesit\/?s={search_term_string}"},"query-input":{"@type":"PropertyValueSpecification","valueRequired":true,"valueName":"search_term_string"}}],"inLanguage":"sq"},{"@type":"Organization","@id":"https:\/\/unhz.eu\/fakulteti-i-biznesit\/#organization","name":"Fakulteti i Biznesit","url":"https:\/\/unhz.eu\/fakulteti-i-biznesit\/","logo":{"@type":"ImageObject","inLanguage":"sq","@id":"https:\/\/unhz.eu\/fakulteti-i-biznesit\/#\/schema\/logo\/image\/","url":"https:\/\/unhz.eu\/fakulteti-i-biznesit\/wp-content\/uploads\/sites\/2\/2024\/02\/cropped-logo-1-1-e1713527702695.png","contentUrl":"https:\/\/unhz.eu\/fakulteti-i-biznesit\/wp-content\/uploads\/sites\/2\/2024\/02\/cropped-logo-1-1-e1713527702695.png","width":100,"height":100,"caption":"Fakulteti i Biznesit"},"image":{"@id":"https:\/\/unhz.eu\/fakulteti-i-biznesit\/#\/schema\/logo\/image\/"}}]}},"_links":{"self":[{"href":"https:\/\/unhz.eu\/fakulteti-i-biznesit\/wp-json\/wp\/v2\/pages\/48954","targetHints":{"allow":["GET"]}}],"collection":[{"href":"https:\/\/unhz.eu\/fakulteti-i-biznesit\/wp-json\/wp\/v2\/pages"}],"about":[{"href":"https:\/\/unhz.eu\/fakulteti-i-biznesit\/wp-json\/wp\/v2\/types\/page"}],"author":[{"embeddable":true,"href":"https:\/\/unhz.eu\/fakulteti-i-biznesit\/wp-json\/wp\/v2\/users\/1"}],"replies":[{"embeddable":true,"href":"https:\/\/unhz.eu\/fakulteti-i-biznesit\/wp-json\/wp\/v2\/comments?post=48954"}],"version-history":[{"count":5,"href":"https:\/\/unhz.eu\/fakulteti-i-biznesit\/wp-json\/wp\/v2\/pages\/48954\/revisions"}],"predecessor-version":[{"id":50316,"href":"https:\/\/unhz.eu\/fakulteti-i-biznesit\/wp-json\/wp\/v2\/pages\/48954\/revisions\/50316"}],"wp:attachment":[{"href":"https:\/\/unhz.eu\/fakulteti-i-biznesit\/wp-json\/wp\/v2\/media?parent=48954"}],"curies":[{"name":"wp","href":"https:\/\/api.w.org\/{rel}","templated":true}]}}