{"id":48946,"date":"2025-01-22T12:21:25","date_gmt":"2025-01-22T12:21:25","guid":{"rendered":"https:\/\/unhz.eu\/fakulteti-i-biznesit\/?page_id=48946"},"modified":"2025-11-10T12:10:20","modified_gmt":"2025-11-10T10:10:20","slug":"menaxhim-biznesi-2022-2027","status":"publish","type":"page","link":"https:\/\/unhz.eu\/fakulteti-i-biznesit\/menaxhim-biznesi-2022-2027\/","title":{"rendered":"Menaxhim biznesi \u2013 2022-2027"},"content":{"rendered":"\n<p><strong>PROGRAMI: BACHELOR I SHKENCAVE N\u00cb MENAXHIM BIZNESI<\/strong><\/p>\n\n\n\n<p><em>Business Management (BSc.)<\/em><\/p>\n\n\n\n<p>Profilet me Specializim n\u00eb:<\/p>\n\n\n\n<ol class=\"wp-block-list\">\n<li>Administrim Biznesi,<\/li>\n\n\n\n<li>Banka dhe Financa<\/li>\n<\/ol>\n\n\n\n<p><strong>2 Vitet e para t\u00eb p\u00ebrbashk\u00ebta<\/strong><\/p>\n\n\n\n<figure class=\"wp-block-table\"><table><tbody><tr><td><strong>Nr.<\/strong><\/td><td><strong>Obli. \/Zgj.<\/strong><\/td><td><strong>L\u00ebnda:<\/strong><\/td><td><strong>Or\u00eb L+U<\/strong><\/td><td><strong>ECTS<\/strong><\/td><\/tr><tr><td>1.<\/td><td>O<\/td><td><a href=\"https:\/\/unhz.eu\/fakulteti-i-biznesit\/wp-content\/uploads\/sites\/2\/2025\/11\/Bazat-e-biznesit.pdf\">Bazat e biznesit<\/a><\/td><td>3+2<\/td><td>5<\/td><\/tr><tr><td>2.<\/td><td>O<\/td><td><a href=\"https:\/\/unhz.eu\/fakulteti-i-biznesit\/wp-content\/uploads\/sites\/2\/2025\/11\/Mikroekonomia.pdf\">Mikroekonomia<\/a><\/td><td>3+2<\/td><td>5<\/td><\/tr><tr><td>3.<\/td><td>O<\/td><td><a href=\"https:\/\/unhz.eu\/fakulteti-i-biznesit\/wp-content\/uploads\/sites\/2\/2025\/11\/Bazat-e-kontabilitetit.pdf\">Bazat e kontabilitetit<\/a><\/td><td>3+2<\/td><td>5<\/td><\/tr><tr><td>4.<\/td><td>O<\/td><td><a href=\"https:\/\/unhz.eu\/fakulteti-i-biznesit\/wp-content\/uploads\/sites\/2\/2025\/11\/Shkrim-akademik.pdf\">Shkrimi akademik<\/a><\/td><td>3+2<\/td><td>5<\/td><\/tr><tr><td>5.<\/td><td>O<\/td><td><a href=\"https:\/\/unhz.eu\/fakulteti-i-biznesit\/wp-content\/uploads\/sites\/2\/2025\/11\/Matematika-per-biznes-dhe-ekonomi.pdf\">Matematika p\u0451r biznes dhe ekonomi<\/a><\/td><td>3+2<\/td><td>5<\/td><\/tr><tr><td>6.<\/td><td>O<\/td><td><a href=\"https:\/\/unhz.eu\/fakulteti-i-biznesit\/wp-content\/uploads\/sites\/2\/2025\/11\/Bazat-e-IT-se.pdf\">Bazat e IT-s\u00eb<\/a><\/td><td>3+2<\/td><td>5<\/td><\/tr><tr><td><\/td><td><\/td><td>Totali<\/td><td>18+12<\/td><td><strong>30<\/strong><\/td><\/tr><tr><td colspan=\"5\"><strong>Viti par\u00eb \u2013 Semestri dyt\u00eb:<\/strong><\/td><\/tr><tr><td><strong>Nr.<\/strong><\/td><td><strong>Obli.\/Zgj.<\/strong><\/td><td><strong>L\u00ebnda:<\/strong><\/td><td><strong>Or\u00eb L+U<\/strong><\/td><td><strong>ECTS<\/strong><\/td><\/tr><tr><td>1.<\/td><td>O<\/td><td><a href=\"https:\/\/unhz.eu\/fakulteti-i-biznesit\/wp-content\/uploads\/sites\/2\/2025\/11\/Bazat-e-Menaxhmentit.pdf\">Bazat e menaxhmentit<\/a><\/td><td>3+2<\/td><td>5<\/td><\/tr><tr><td>2.<\/td><td>O<\/td><td><a href=\"https:\/\/unhz.eu\/fakulteti-i-biznesit\/wp-content\/uploads\/sites\/2\/2025\/11\/Makroekonomia.pdf\">Makroekonomia<\/a><\/td><td>3+2<\/td><td>5<\/td><\/tr><tr><td>3.<\/td><td>O<\/td><td><a href=\"https:\/\/unhz.eu\/fakulteti-i-biznesit\/wp-content\/uploads\/sites\/2\/2025\/11\/Bazat-e-Financave.pdf\">Bazat e financave<\/a><\/td><td>3+2<\/td><td>5<\/td><\/tr><tr><td>4.<\/td><td>O<\/td><td><a href=\"https:\/\/unhz.eu\/fakulteti-i-biznesit\/wp-content\/uploads\/sites\/2\/2025\/11\/Statistika.pdf\">Statistika<\/a><\/td><td>3+2<\/td><td>6<\/td><\/tr><tr><td>5.<\/td><td>O<\/td><td><a href=\"https:\/\/unhz.eu\/fakulteti-i-biznesit\/wp-content\/uploads\/sites\/2\/2025\/11\/Gjuha-angleze-I.pdf\">Gjuha angleze I<\/a><\/td><td>2+2<\/td><td>4<\/td><\/tr><tr><td>6.<\/td><td>Z<\/td><td><a href=\"https:\/\/unhz.eu\/fakulteti-i-biznesit\/wp-content\/uploads\/sites\/2\/2025\/11\/Kontabiliteti-Financiar.pdf\">Kontabiliteti financiar<\/a><\/td><td>3+2<\/td><td>5<\/td><\/tr><tr><td>7.<\/td><td>Z<\/td><td><a href=\"https:\/\/unhz.eu\/fakulteti-i-biznesit\/wp-content\/uploads\/sites\/2\/2025\/11\/Kontabiliteti-i-tatimeve.pdf\">Kontabiliteti I tatimeve<\/a><\/td><td>3+2<\/td><td>5<\/td><\/tr><tr><td>8.<\/td><td>Z<\/td><td><a href=\"https:\/\/unhz.eu\/fakulteti-i-biznesit\/wp-content\/uploads\/sites\/2\/2025\/11\/Menaxhimi-i-kohes-dhe-stresit-.pdf\">Menaxhimi I stresit dhe koh\u00ebs<\/a><\/td><td>3+2<\/td><td>5<\/td><\/tr><tr><td><\/td><td><\/td><td>Totali<\/td><td>17+13<\/td><td><strong>30<\/strong><\/td><\/tr><tr><td colspan=\"5\"><strong>Viti dyt\u00eb \u2013 Semestri tret\u00eb:<\/strong><\/td><\/tr><tr><td><strong>Nr.<\/strong><\/td><td><strong>Obli.\/Zgj.<\/strong><\/td><td><strong>L\u00ebnda:<\/strong><\/td><td><strong>Or\u00eb L+U<\/strong><\/td><td><strong>ECTS<\/strong><\/td><\/tr><tr><td>1.<\/td><td>O<\/td><td><a href=\"https:\/\/unhz.eu\/fakulteti-i-biznesit\/wp-content\/uploads\/sites\/2\/2025\/11\/Mjedisi-i-Biznesit.pdf\">Mjedisi i biznesit<\/a><\/td><td>3+2<\/td><td>5<\/td><\/tr><tr><td>2.<\/td><td>O<\/td><td><a href=\"https:\/\/unhz.eu\/fakulteti-i-biznesit\/wp-content\/uploads\/sites\/2\/2025\/11\/Financa-te-korporatave.pdf\">Financat e korporatave<\/a><\/td><td>3+2<\/td><td>5<\/td><\/tr><tr><td>3.<\/td><td>O<\/td><td><a href=\"https:\/\/unhz.eu\/fakulteti-i-biznesit\/wp-content\/uploads\/sites\/2\/2025\/11\/Menaxhimi-i-operacioneve.pdf\">Menaxhimi i operacioneve<\/a><\/td><td>3+2<\/td><td>5<\/td><\/tr><tr><td>4.<\/td><td>O<\/td><td><a href=\"https:\/\/unhz.eu\/fakulteti-i-biznesit\/wp-content\/uploads\/sites\/2\/2025\/11\/Marketingu.pdf\">Marketingu<\/a><\/td><td>3+2<\/td><td>5<\/td><\/tr><tr><td>5.<\/td><td>O<\/td><td><a href=\"https:\/\/unhz.eu\/fakulteti-i-biznesit\/wp-content\/uploads\/sites\/2\/2025\/11\/Ekonomia-UE-dhe-Kosova.pdf\">Ekonomia e UE-s\u00eb dhe e Kosov\u00ebs<\/a><\/td><td>3+2<\/td><td>5<\/td><\/tr><tr><td>6.<\/td><td>Z<\/td><td><a href=\"https:\/\/unhz.eu\/fakulteti-i-biznesit\/wp-content\/uploads\/sites\/2\/2025\/11\/Biznesi-elektronik.pdf\">Biznesi elektronik<\/a><\/td><td>3+2<\/td><td>5<\/td><\/tr><tr><td>7.<\/td><td>Z<\/td><td><a href=\"https:\/\/unhz.eu\/fakulteti-i-biznesit\/wp-content\/uploads\/sites\/2\/2025\/11\/Financat-Personale.pdf\">Financat personale*<\/a><\/td><td>3+2<\/td><td>5<\/td><\/tr><tr><td>8.<\/td><td>Z<\/td><td><a href=\"https:\/\/unhz.eu\/fakulteti-i-biznesit\/wp-content\/uploads\/sites\/2\/2025\/11\/Tatimet-dhe-Korporatat.pdf\">Tatime dhe korporata*<\/a><\/td><td>3+2<\/td><td>5<\/td><\/tr><tr><td>9.<\/td><td>Z<\/td><td><a href=\"https:\/\/unhz.eu\/fakulteti-i-biznesit\/wp-content\/uploads\/sites\/2\/2025\/11\/Kontabiliteti-Menaxherial.pdf\">Kontabiliteti menaxherial*<\/a><\/td><td>3+2<\/td><td>5<\/td><\/tr><tr><td><\/td><td><\/td><td>Totali<\/td><td>18+12<\/td><td><strong>30<\/strong><\/td><\/tr><tr><td colspan=\"5\"><strong>Viti i dyt\u00eb \u2013 Semestri kat\u00ebrt:<\/strong><\/td><\/tr><tr><td><strong>Nr.<\/strong><\/td><td><strong>Obli.\/Zgj.<\/strong><\/td><td><strong>L\u00ebnda:<\/strong><\/td><td><strong>Or\u00eb L+U<\/strong><\/td><td><strong>ECTS<\/strong><\/td><\/tr><tr><td>1.<\/td><td>O<\/td><td><a href=\"https:\/\/unhz.eu\/fakulteti-i-biznesit\/wp-content\/uploads\/sites\/2\/2025\/11\/Ndermarresia.pdf\">Nd\u00ebrmarr\u00ebsia<\/a><\/td><td>3+2<\/td><td>5<\/td><\/tr><tr><td>2.<\/td><td>O<\/td><td>Menaxhimi i burimeve njer\u00ebzore<\/td><td>3+2<\/td><td>5<\/td><\/tr><tr><td>3.<\/td><td>O<\/td><td><a href=\"https:\/\/unhz.eu\/fakulteti-i-biznesit\/wp-content\/uploads\/sites\/2\/2025\/11\/Biznesi-Nderkombetar.pdf\">Biznesi nd\u00ebrkomb\u00ebtar<\/a><\/td><td>3+2<\/td><td>5<\/td><\/tr><tr><td>4.<\/td><td>O<\/td><td><a href=\"https:\/\/unhz.eu\/fakulteti-i-biznesit\/wp-content\/uploads\/sites\/2\/2025\/11\/Tregjet-dhe-Institucionet-Financiare.pdf\">Tregjet dhe institucionet financiare<\/a><\/td><td>3+2<\/td><td>5<\/td><\/tr><tr><td>5.<\/td><td>Z<\/td><td><a href=\"https:\/\/unhz.eu\/fakulteti-i-biznesit\/wp-content\/uploads\/sites\/2\/2025\/11\/Analiza-statistikore.pdf\">Analiza statistikore<\/a><\/td><td>3+2<\/td><td>5<\/td><\/tr><tr><td>6.<\/td><td>Z<\/td><td><a href=\"https:\/\/unhz.eu\/fakulteti-i-biznesit\/wp-content\/uploads\/sites\/2\/2025\/11\/Komunikim-ne-biznes.pdf\">Komunikimi n\u00eb biznes<\/a><\/td><td>3+2<\/td><td>5<\/td><\/tr><tr><td>7.<\/td><td>Z<\/td><td><a href=\"https:\/\/unhz.eu\/fakulteti-i-biznesit\/wp-content\/uploads\/sites\/2\/2025\/11\/Menaxhimi-i-Dijes.pdf\">Menaxhimi i dijes<\/a><\/td><td>3+2<\/td><td>5<\/td><\/tr><tr><td>8.<\/td><td>Z<\/td><td><a href=\"https:\/\/unhz.eu\/fakulteti-i-biznesit\/wp-content\/uploads\/sites\/2\/2025\/11\/Ekonomia-Monetare.pdf\">Ekonomia monetare*<\/a><\/td><td>3+2<\/td><td>5<\/td><\/tr><tr><td>9.<\/td><td>Z<\/td><td><a href=\"https:\/\/unhz.eu\/fakulteti-i-biznesit\/wp-content\/uploads\/sites\/2\/2025\/11\/Ekonomia-e-sigurimeve.pdf\">Ekonomia e sigurimeve<\/a><\/td><td>3+2<\/td><td>5<\/td><\/tr><tr><td>10<\/td><td>Z<\/td><td><a href=\"https:\/\/unhz.eu\/fakulteti-i-biznesit\/wp-content\/uploads\/sites\/2\/2025\/11\/Kontrolli-dhe-auditimi-i-brendshem.pdf\">Kontrolli dhe Auditimi I brendeshem*<\/a><\/td><td>3+2<\/td><td>5<\/td><\/tr><tr><td>11.<\/td><td>Z<\/td><td><a href=\"https:\/\/unhz.eu\/fakulteti-i-biznesit\/wp-content\/uploads\/sites\/2\/2025\/11\/Menaxhimi-i-bazes-se-te-dhenave.pdf\">Menaxhimi I baz\u00ebs s\u00eb t\u00eb dh\u00ebnave*<\/a><\/td><td>3+2<\/td><td>5<\/td><\/tr><tr><td><\/td><td><\/td><td>Total<\/td><td>18+12<\/td><td><strong>30<\/strong><\/td><\/tr><tr><td colspan=\"5\"><strong>Viti i tret\u00eb \u2013 Semestri pest\u00eb:<\/strong><\/td><\/tr><tr><td><strong>Nr.<\/strong><\/td><td><strong>Obli.\/Zgj.<\/strong><\/td><td><strong>L\u00ebnda:<\/strong><\/td><td><strong>Or\u00eb L+U<\/strong><\/td><td><strong>ECTS<\/strong><\/td><\/tr><tr><td>1.<\/td><td>O<\/td><td><a href=\"https:\/\/unhz.eu\/fakulteti-i-biznesit\/wp-content\/uploads\/sites\/2\/2025\/11\/Praktika-dhe-zhvillimi-i-karrieres.pdf\">Praktik\u00eb dhe zhvillimi i karrier\u00ebs<\/a><\/td><td>0+4<\/td><td>3<\/td><\/tr><tr><td>2.<\/td><td>Z<\/td><td><a href=\"https:\/\/unhz.eu\/fakulteti-i-biznesit\/wp-content\/uploads\/sites\/2\/2025\/11\/Gjuha-angleze-II.pdf\">Gjuha angleze II<\/a><\/td><td>3+2<\/td><td>5<\/td><\/tr><tr><td>2.<\/td><td>Z<\/td><td><a href=\"https:\/\/unhz.eu\/fakulteti-i-biznesit\/wp-content\/uploads\/sites\/2\/2025\/11\/FIntech.pdf\">Fintech ne Biznes*<\/a><\/td><td>3+2<\/td><td>5<\/td><\/tr><tr><td>2.<\/td><td>Z<\/td><td><a href=\"https:\/\/unhz.eu\/fakulteti-i-biznesit\/wp-content\/uploads\/sites\/2\/2025\/11\/E-Drejta-Biznesore.pdf\">E drejta biznesore<\/a><\/td><td>3+2<\/td><td>5<\/td><\/tr><tr><td>2.<\/td><td>Z<\/td><td><a href=\"https:\/\/unhz.eu\/fakulteti-i-biznesit\/wp-content\/uploads\/sites\/2\/2025\/11\/Menaxhmenti-Strategjik.pdf\">Menaxhment strategjik<\/a><\/td><td>3+2<\/td><td>5<\/td><\/tr><tr><td>2.<\/td><td>Z<\/td><td><a href=\"https:\/\/unhz.eu\/fakulteti-i-biznesit\/wp-content\/uploads\/sites\/2\/2025\/11\/Gjuha-gjermane.pdf\">Gjuha Gjermane<\/a><\/td><td>3+2<\/td><td>5<\/td><\/tr><tr><td>2.<\/td><td>Z<\/td><td><a href=\"https:\/\/unhz.eu\/fakulteti-i-biznesit\/wp-content\/uploads\/sites\/2\/2025\/11\/Tregtia-e-jashtme.pdf\">Treg\u00ebtia e Jashtme<\/a><\/td><td>3+2<\/td><td>5<\/td><\/tr><tr><td>2.<\/td><td>Z<\/td><td><a href=\"https:\/\/unhz.eu\/fakulteti-i-biznesit\/wp-content\/uploads\/sites\/2\/2025\/11\/Sociologjia-ekonomike.pdf\">Sociologjia ekonomike<\/a><\/td><td>3+2<\/td><td>5<\/td><\/tr><tr><td colspan=\"5\"><strong>Specializimi: Administrim Biznesi<\/strong> <strong>Parakushti: P\u00ebr t\u00eb vazhduar k\u00ebt\u00eb profil t\u00eb programit nuk ka parakushte specifike, p\u00ebrve\u00e7 atyre t\u00eb p\u00ebrcaktuara sipas Statutit<\/strong><\/td><\/tr><tr><td colspan=\"5\"><strong>Viti i tret\u00eb \u2013 Semestri pest\u00eb:<\/strong><\/td><\/tr><tr><td><strong>Nr.<\/strong><\/td><td><strong>Obli.\/Zgj.<\/strong><\/td><td><strong>L\u00ebnda:<\/strong><\/td><td><strong>Or\u00eb L+U<\/strong><\/td><td><strong>ECTS<\/strong><\/td><\/tr><tr><td>1.<\/td><td>O<\/td><td><a href=\"https:\/\/unhz.eu\/fakulteti-i-biznesit\/wp-content\/uploads\/sites\/2\/2025\/11\/Menaxhimi-i-NVM.pdf\">Menaxhimi i NVM-ve<\/a><\/td><td>3+2<\/td><td>5<\/td><\/tr><tr><td>2.<\/td><td>O<\/td><td><a href=\"https:\/\/unhz.eu\/fakulteti-i-biznesit\/wp-content\/uploads\/sites\/2\/2025\/11\/Ekonometria.pdf\">Ekonometria<\/a><\/td><td>3+3<\/td><td>6<\/td><\/tr><tr><td>3.<\/td><td>O<\/td><td><a href=\"https:\/\/unhz.eu\/fakulteti-i-biznesit\/wp-content\/uploads\/sites\/2\/2025\/11\/Menaxhim-i-projekteve.pdf\">Menaxhimi i projekteve<\/a><\/td><td>3+3<\/td><td>6<\/td><\/tr><tr><td>4.<\/td><td>O<\/td><td><a href=\"https:\/\/unhz.eu\/fakulteti-i-biznesit\/wp-content\/uploads\/sites\/2\/2025\/11\/Analiza-mikroekonomike.pdf\">Analiza mikroekonomike<\/a><\/td><td>3+2<\/td><td>5<\/td><\/tr><tr><td><\/td><td><\/td><td>Totali<\/td><td>15+16<\/td><td><strong>30<\/strong><\/td><\/tr><tr><td colspan=\"5\"><strong>Viti i tret\u00eb \u2013 Semestri gjasht\u00eb<\/strong><\/td><\/tr><tr><td>1.<\/td><td>O<\/td><td><a href=\"https:\/\/unhz.eu\/fakulteti-i-biznesit\/wp-content\/uploads\/sites\/2\/2025\/11\/Metodologjia-e-hartimit-te-Diplomes.pdf\">Metodologjia e hartimit t\u00eb diplom\u00ebs<\/a><\/td><td>2+1<\/td><td>4<\/td><\/tr><tr><td>2.<\/td><td>O<\/td><td><a href=\"https:\/\/unhz.eu\/fakulteti-i-biznesit\/wp-content\/uploads\/sites\/2\/2025\/11\/Lidershipi.pdf\">Lidershipi<\/a><\/td><td>3+2<\/td><td>5<\/td><\/tr><tr><td>3.<\/td><td>O<\/td><td><a href=\"https:\/\/unhz.eu\/fakulteti-i-biznesit\/wp-content\/uploads\/sites\/2\/2025\/11\/Sisteme-informacioni.pdf\">Sisteme informacioni<\/a><\/td><td>4+2<\/td><td>6<\/td><\/tr><tr><td>4.<\/td><td>O<\/td><td><a href=\"https:\/\/unhz.eu\/fakulteti-i-biznesit\/wp-content\/uploads\/sites\/2\/2025\/11\/Sjellja-organizative.pdf\">Sjellja Organizative<\/a><\/td><td>3+2<\/td><td>5<\/td><\/tr><tr><td>5.<\/td><td>O<\/td><td>Punimi i diplom\u00ebs Bachelor<\/td><td><\/td><td>10<\/td><\/tr><tr><td><\/td><td><\/td><td>Total<\/td><td>12+7<\/td><td><strong>30<\/strong><\/td><\/tr><tr><td colspan=\"5\"><strong>Specializimi: Banka dhe Financa<\/strong> <strong>Parakushti: P\u00ebr t\u00eb diplomuar n\u00eb k\u00ebt\u00eb profil t\u00eb programit duhet pasur t\u00eb fituara s\u00eb paku 60 ECTS kredi nga l\u00ebnd\u00ebt me \u201c*\u201d<\/strong><\/td><\/tr><tr><td colspan=\"5\"><strong>Viti i tret\u00eb \u2013 Semestri pest\u00eb:<\/strong><\/td><\/tr><tr><td><strong>Nr.<\/strong><\/td><td><strong>Obli.\/Zgj.<\/strong><\/td><td><strong>L\u00ebnda:<\/strong><\/td><td><strong>Or\u00eb L+U<\/strong><\/td><td><strong>ECTS<\/strong><\/td><\/tr><tr><td>1.<\/td><td>O<\/td><td><a href=\"https:\/\/unhz.eu\/fakulteti-i-biznesit\/wp-content\/uploads\/sites\/2\/2025\/11\/Ekonometria.pdf\">Ekonometria*<\/a><\/td><td>3+3<\/td><td>6<\/td><\/tr><tr><td>2.<\/td><td>O<\/td><td><a href=\"https:\/\/unhz.eu\/fakulteti-i-biznesit\/wp-content\/uploads\/sites\/2\/2025\/11\/Analiza-dhe-raportimi-Financiare.pdf\">Analiza dhe raportimi financiar*<\/a><\/td><td>3+3<\/td><td>6<\/td><\/tr><tr><td>3.<\/td><td>O<\/td><td><a href=\"https:\/\/unhz.eu\/fakulteti-i-biznesit\/wp-content\/uploads\/sites\/2\/2025\/11\/Financa-nderkombetare.pdf\">Financa nd\u00ebrkomb\u00ebtare*<\/a><\/td><td>3+2<\/td><td>5<\/td><\/tr><tr><td>4.<\/td><td>O<\/td><td><a href=\"https:\/\/unhz.eu\/fakulteti-i-biznesit\/wp-content\/uploads\/sites\/2\/2025\/11\/Banka-dhe-Sigurime.pdf\">Banka dhe Sigurime<\/a><\/td><td>3+2<\/td><td>5<\/td><\/tr><tr><td><\/td><td><\/td><td>Totali<\/td><td>12+10<\/td><td><strong>30<\/strong><\/td><\/tr><tr><td colspan=\"5\"><strong>Viti i tret\u00eb \u2013 Semestri gjasht\u00eb<\/strong><\/td><\/tr><tr><td><strong>Nr.<\/strong><\/td><td><strong>Obli.\/Zgj.<\/strong><\/td><td><strong>L\u00ebnda:<\/strong><\/td><td><strong>Or\u00eb L+U<\/strong><\/td><td><strong>ECTS<\/strong><\/td><\/tr><tr><td>1.<\/td><td>O<\/td><td><a href=\"https:\/\/unhz.eu\/fakulteti-i-biznesit\/wp-content\/uploads\/sites\/2\/2025\/11\/Metodologjia-e-hartimit-te-Diplomes.pdf\">Metodologjia e hartimit t\u00eb diplom\u00ebs<\/a><\/td><td>3+1<\/td><td>4<\/td><\/tr><tr><td>2.<\/td><td>O<\/td><td><a href=\"https:\/\/unhz.eu\/fakulteti-i-biznesit\/wp-content\/uploads\/sites\/2\/2025\/11\/Financa-Publike.pdf\">Financa publike<\/a><\/td><td>3+2<\/td><td>5<\/td><\/tr><tr><td>3.<\/td><td>O<\/td><td><a href=\"https:\/\/unhz.eu\/fakulteti-i-biznesit\/wp-content\/uploads\/sites\/2\/2025\/11\/Kontabiliteti-bankar-dhe-i-sigurimeve.pdf\">Kontabiliteti bankar dhe i sigurimeve<\/a><\/td><td>3+2<\/td><td>5<\/td><\/tr><tr><td>4.<\/td><td>O<\/td><td><a href=\"https:\/\/unhz.eu\/fakulteti-i-biznesit\/wp-content\/uploads\/sites\/2\/2025\/11\/ERM.pdf\">Menaxhimi i riskut te ndermarrjes (ERM)<\/a><\/td><td>4+2<\/td><td>6<\/td><\/tr><tr><td>5.<\/td><td>O<\/td><td>Punimi i diplom\u00ebs Bachelor<\/td><td><\/td><td>10<\/td><\/tr><tr><td><\/td><td><\/td><td>Totali<\/td><td>13+7<\/td><td><strong>30<\/strong><\/td><\/tr><\/tbody><\/table><\/figure>\n\n\n\n<p><\/p>\n","protected":false},"excerpt":{"rendered":"<p>PROGRAMI: BACHELOR I SHKENCAVE N\u00cb MENAXHIM BIZNESI Business Management (BSc.) Profilet me Specializim n\u00eb: 2&hellip;<\/p>\n","protected":false},"author":1,"featured_media":0,"parent":0,"menu_order":0,"comment_status":"closed","ping_status":"closed","template":"","meta":{"footnotes":""},"class_list":["post-48946","page","type-page","status-publish","hentry"],"yoast_head":"<!-- This site is optimized with the Yoast SEO Premium plugin v27.2 (Yoast SEO v27.2) - https:\/\/yoast.com\/product\/yoast-seo-premium-wordpress\/ -->\n<title>Menaxhim biznesi \u2013 2022-2027 - Fakulteti i Biznesit<\/title>\n<meta name=\"robots\" content=\"index, follow, max-snippet:-1, max-image-preview:large, max-video-preview:-1\" \/>\n<link rel=\"canonical\" href=\"https:\/\/unhz.eu\/fakulteti-i-biznesit\/menaxhim-biznesi-2022-2027\/\" \/>\n<meta property=\"og:locale\" content=\"sq_AL\" \/>\n<meta property=\"og:type\" content=\"article\" \/>\n<meta property=\"og:title\" content=\"Menaxhim biznesi \u2013 2022-2027\" \/>\n<meta property=\"og:description\" content=\"PROGRAMI: BACHELOR I SHKENCAVE N\u00cb MENAXHIM BIZNESI Business Management (BSc.) Profilet me Specializim n\u00eb: 2&hellip;\" \/>\n<meta property=\"og:url\" content=\"https:\/\/unhz.eu\/fakulteti-i-biznesit\/menaxhim-biznesi-2022-2027\/\" \/>\n<meta property=\"og:site_name\" content=\"Fakulteti i Biznesit\" \/>\n<meta property=\"article:modified_time\" content=\"2025-11-10T10:10:20+00:00\" \/>\n<meta name=\"twitter:card\" content=\"summary_large_image\" \/>\n<meta name=\"twitter:label1\" content=\"Est. reading time\" \/>\n\t<meta name=\"twitter:data1\" content=\"3 minuta\" \/>\n<script type=\"application\/ld+json\" class=\"yoast-schema-graph\">{\"@context\":\"https:\/\/schema.org\",\"@graph\":[{\"@type\":\"WebPage\",\"@id\":\"https:\/\/unhz.eu\/fakulteti-i-biznesit\/menaxhim-biznesi-2022-2027\/\",\"url\":\"https:\/\/unhz.eu\/fakulteti-i-biznesit\/menaxhim-biznesi-2022-2027\/\",\"name\":\"Menaxhim biznesi \u2013 2022-2027 - Fakulteti i Biznesit\",\"isPartOf\":{\"@id\":\"https:\/\/unhz.eu\/fakulteti-i-biznesit\/#website\"},\"datePublished\":\"2025-01-22T12:21:25+00:00\",\"dateModified\":\"2025-11-10T10:10:20+00:00\",\"breadcrumb\":{\"@id\":\"https:\/\/unhz.eu\/fakulteti-i-biznesit\/menaxhim-biznesi-2022-2027\/#breadcrumb\"},\"inLanguage\":\"sq\",\"potentialAction\":[{\"@type\":\"ReadAction\",\"target\":[\"https:\/\/unhz.eu\/fakulteti-i-biznesit\/menaxhim-biznesi-2022-2027\/\"]}]},{\"@type\":\"BreadcrumbList\",\"@id\":\"https:\/\/unhz.eu\/fakulteti-i-biznesit\/menaxhim-biznesi-2022-2027\/#breadcrumb\",\"itemListElement\":[{\"@type\":\"ListItem\",\"position\":1,\"name\":\"Home\",\"item\":\"https:\/\/unhz.eu\/fakulteti-i-biznesit\/\"},{\"@type\":\"ListItem\",\"position\":2,\"name\":\"Menaxhim biznesi \u2013 2022-2027\"}]},{\"@type\":\"WebSite\",\"@id\":\"https:\/\/unhz.eu\/fakulteti-i-biznesit\/#website\",\"url\":\"https:\/\/unhz.eu\/fakulteti-i-biznesit\/\",\"name\":\"Fakulteti i Biznesit\",\"description\":\"I dedikuar p\u00ebr cil\u00ebsi standarde dhe suksese\",\"publisher\":{\"@id\":\"https:\/\/unhz.eu\/fakulteti-i-biznesit\/#organization\"},\"potentialAction\":[{\"@type\":\"SearchAction\",\"target\":{\"@type\":\"EntryPoint\",\"urlTemplate\":\"https:\/\/unhz.eu\/fakulteti-i-biznesit\/?s={search_term_string}\"},\"query-input\":{\"@type\":\"PropertyValueSpecification\",\"valueRequired\":true,\"valueName\":\"search_term_string\"}}],\"inLanguage\":\"sq\"},{\"@type\":\"Organization\",\"@id\":\"https:\/\/unhz.eu\/fakulteti-i-biznesit\/#organization\",\"name\":\"Fakulteti i Biznesit\",\"url\":\"https:\/\/unhz.eu\/fakulteti-i-biznesit\/\",\"logo\":{\"@type\":\"ImageObject\",\"inLanguage\":\"sq\",\"@id\":\"https:\/\/unhz.eu\/fakulteti-i-biznesit\/#\/schema\/logo\/image\/\",\"url\":\"https:\/\/unhz.eu\/fakulteti-i-biznesit\/wp-content\/uploads\/sites\/2\/2024\/02\/cropped-logo-1-1-e1713527702695.png\",\"contentUrl\":\"https:\/\/unhz.eu\/fakulteti-i-biznesit\/wp-content\/uploads\/sites\/2\/2024\/02\/cropped-logo-1-1-e1713527702695.png\",\"width\":100,\"height\":100,\"caption\":\"Fakulteti i Biznesit\"},\"image\":{\"@id\":\"https:\/\/unhz.eu\/fakulteti-i-biznesit\/#\/schema\/logo\/image\/\"}}]}<\/script>\n<!-- \/ Yoast SEO Premium plugin. -->","yoast_head_json":{"title":"Menaxhim biznesi \u2013 2022-2027 - Fakulteti i Biznesit","robots":{"index":"index","follow":"follow","max-snippet":"max-snippet:-1","max-image-preview":"max-image-preview:large","max-video-preview":"max-video-preview:-1"},"canonical":"https:\/\/unhz.eu\/fakulteti-i-biznesit\/menaxhim-biznesi-2022-2027\/","og_locale":"sq_AL","og_type":"article","og_title":"Menaxhim biznesi \u2013 2022-2027","og_description":"PROGRAMI: BACHELOR I SHKENCAVE N\u00cb MENAXHIM BIZNESI Business Management (BSc.) Profilet me Specializim n\u00eb: 2&hellip;","og_url":"https:\/\/unhz.eu\/fakulteti-i-biznesit\/menaxhim-biznesi-2022-2027\/","og_site_name":"Fakulteti i Biznesit","article_modified_time":"2025-11-10T10:10:20+00:00","twitter_card":"summary_large_image","twitter_misc":{"Est. reading time":"3 minuta"},"schema":{"@context":"https:\/\/schema.org","@graph":[{"@type":"WebPage","@id":"https:\/\/unhz.eu\/fakulteti-i-biznesit\/menaxhim-biznesi-2022-2027\/","url":"https:\/\/unhz.eu\/fakulteti-i-biznesit\/menaxhim-biznesi-2022-2027\/","name":"Menaxhim biznesi \u2013 2022-2027 - Fakulteti i Biznesit","isPartOf":{"@id":"https:\/\/unhz.eu\/fakulteti-i-biznesit\/#website"},"datePublished":"2025-01-22T12:21:25+00:00","dateModified":"2025-11-10T10:10:20+00:00","breadcrumb":{"@id":"https:\/\/unhz.eu\/fakulteti-i-biznesit\/menaxhim-biznesi-2022-2027\/#breadcrumb"},"inLanguage":"sq","potentialAction":[{"@type":"ReadAction","target":["https:\/\/unhz.eu\/fakulteti-i-biznesit\/menaxhim-biznesi-2022-2027\/"]}]},{"@type":"BreadcrumbList","@id":"https:\/\/unhz.eu\/fakulteti-i-biznesit\/menaxhim-biznesi-2022-2027\/#breadcrumb","itemListElement":[{"@type":"ListItem","position":1,"name":"Home","item":"https:\/\/unhz.eu\/fakulteti-i-biznesit\/"},{"@type":"ListItem","position":2,"name":"Menaxhim biznesi \u2013 2022-2027"}]},{"@type":"WebSite","@id":"https:\/\/unhz.eu\/fakulteti-i-biznesit\/#website","url":"https:\/\/unhz.eu\/fakulteti-i-biznesit\/","name":"Fakulteti i Biznesit","description":"I dedikuar p\u00ebr cil\u00ebsi standarde dhe suksese","publisher":{"@id":"https:\/\/unhz.eu\/fakulteti-i-biznesit\/#organization"},"potentialAction":[{"@type":"SearchAction","target":{"@type":"EntryPoint","urlTemplate":"https:\/\/unhz.eu\/fakulteti-i-biznesit\/?s={search_term_string}"},"query-input":{"@type":"PropertyValueSpecification","valueRequired":true,"valueName":"search_term_string"}}],"inLanguage":"sq"},{"@type":"Organization","@id":"https:\/\/unhz.eu\/fakulteti-i-biznesit\/#organization","name":"Fakulteti i Biznesit","url":"https:\/\/unhz.eu\/fakulteti-i-biznesit\/","logo":{"@type":"ImageObject","inLanguage":"sq","@id":"https:\/\/unhz.eu\/fakulteti-i-biznesit\/#\/schema\/logo\/image\/","url":"https:\/\/unhz.eu\/fakulteti-i-biznesit\/wp-content\/uploads\/sites\/2\/2024\/02\/cropped-logo-1-1-e1713527702695.png","contentUrl":"https:\/\/unhz.eu\/fakulteti-i-biznesit\/wp-content\/uploads\/sites\/2\/2024\/02\/cropped-logo-1-1-e1713527702695.png","width":100,"height":100,"caption":"Fakulteti i Biznesit"},"image":{"@id":"https:\/\/unhz.eu\/fakulteti-i-biznesit\/#\/schema\/logo\/image\/"}}]}},"_links":{"self":[{"href":"https:\/\/unhz.eu\/fakulteti-i-biznesit\/wp-json\/wp\/v2\/pages\/48946","targetHints":{"allow":["GET"]}}],"collection":[{"href":"https:\/\/unhz.eu\/fakulteti-i-biznesit\/wp-json\/wp\/v2\/pages"}],"about":[{"href":"https:\/\/unhz.eu\/fakulteti-i-biznesit\/wp-json\/wp\/v2\/types\/page"}],"author":[{"embeddable":true,"href":"https:\/\/unhz.eu\/fakulteti-i-biznesit\/wp-json\/wp\/v2\/users\/1"}],"replies":[{"embeddable":true,"href":"https:\/\/unhz.eu\/fakulteti-i-biznesit\/wp-json\/wp\/v2\/comments?post=48946"}],"version-history":[{"count":2,"href":"https:\/\/unhz.eu\/fakulteti-i-biznesit\/wp-json\/wp\/v2\/pages\/48946\/revisions"}],"predecessor-version":[{"id":50085,"href":"https:\/\/unhz.eu\/fakulteti-i-biznesit\/wp-json\/wp\/v2\/pages\/48946\/revisions\/50085"}],"wp:attachment":[{"href":"https:\/\/unhz.eu\/fakulteti-i-biznesit\/wp-json\/wp\/v2\/media?parent=48946"}],"curies":[{"name":"wp","href":"https:\/\/api.w.org\/{rel}","templated":true}]}}