{"id":48901,"date":"2025-01-14T13:14:57","date_gmt":"2025-01-14T13:14:57","guid":{"rendered":"https:\/\/unhz.eu\/fakulteti-i-biznesit\/?page_id=48901"},"modified":"2026-02-27T11:48:13","modified_gmt":"2026-02-27T09:48:13","slug":"stafi-i-fakultetit-te-biznesit","status":"publish","type":"page","link":"https:\/\/unhz.eu\/fakulteti-i-biznesit\/stafi-i-fakultetit-te-biznesit\/","title":{"rendered":"Stafi i Fakultetit t\u00eb Biznesit"},"content":{"rendered":"\n<p class=\"has-text-align-left\">Stafi i Fakultetit t\u00eb Biznesit p\u00ebrb\u00ebhet nga profesionist\u00eb t\u00eb p\u00ebrkushtuar dhe me p\u00ebrvoj\u00eb, t\u00eb cil\u00ebt kontribuojn\u00eb n\u00eb zhvillimin akademik dhe profesional t\u00eb student\u00ebve tan\u00eb. P\u00ebrmes p\u00ebrkushtimit ndaj cil\u00ebsis\u00eb s\u00eb m\u00ebsimdh\u00ebnies dhe k\u00ebrkimit shkencor, ata krijojn\u00eb nj\u00eb mjedis frym\u00ebzues p\u00ebr t\u00eb nxitur kreativitetin dhe inovacionin.<\/p>\n\n\n\n<p>Profesor\u00ebt <\/p>\n\n\n\n<p>Asistent\u00ebt dhe<\/p>\n\n\n\n<p>Stafi administrativ<\/p>\n\n\n\n<p>Stafi yn\u00eb angazhohet n\u00eb:<\/p>\n\n\n\n<ul class=\"wp-block-list\">\n<li>Sigurimin e nj\u00eb edukimi cil\u00ebsor p\u00ebr student\u00ebt tan\u00eb.<\/li>\n\n\n\n<li>Zhvillimin e projekteve k\u00ebrkimore q\u00eb sjellin p\u00ebrfitime p\u00ebr komunitetin dhe industrin\u00eb.<\/li>\n\n\n\n<li>Bashk\u00ebpunime me biznese dhe institucione p\u00ebr t\u00eb lidhur teorin\u00eb me praktik\u00ebn.<\/li>\n<\/ul>\n\n\n\n<p><\/p>\n\n\n\n<p><strong>P\u00ebr ne, suksesi i student\u00ebve \u00ebsht\u00eb prioriteti yn\u00eb kryesor, dhe stafi yn\u00eb luan nj\u00eb rol t\u00eb r\u00ebnd\u00ebsish\u00ebm n\u00eb realizimin e k\u00ebtij misioni.<\/strong><\/p>\n\n\n\n<p><\/p>\n","protected":false},"excerpt":{"rendered":"<p>Stafi i Fakultetit t\u00eb Biznesit p\u00ebrb\u00ebhet nga profesionist\u00eb t\u00eb p\u00ebrkushtuar dhe me p\u00ebrvoj\u00eb, t\u00eb cil\u00ebt&hellip;<\/p>\n","protected":false},"author":1,"featured_media":0,"parent":0,"menu_order":0,"comment_status":"closed","ping_status":"closed","template":"","meta":{"footnotes":""},"class_list":["post-48901","page","type-page","status-publish","hentry"],"yoast_head":"<!-- This site is optimized with the Yoast SEO Premium plugin v27.2 (Yoast SEO v27.2) - https:\/\/yoast.com\/product\/yoast-seo-premium-wordpress\/ -->\n<title>Stafi i Fakultetit t\u00eb Biznesit | Universiteti Haxhi Zeka<\/title>\n<meta name=\"description\" content=\"Takoni stafin akademik dhe administrativ t\u00eb Fakultetit t\u00eb Biznesit n\u00eb Universitetin Haxhi Zeka \u2014 profesionist\u00eb me p\u00ebrvoj\u00eb n\u00eb m\u00ebsimdh\u00ebnie, k\u00ebrkime shkencore dhe bashk\u00ebpunime me bizneset.\" \/>\n<meta name=\"robots\" content=\"index, follow, max-snippet:-1, max-image-preview:large, max-video-preview:-1\" \/>\n<link rel=\"canonical\" href=\"https:\/\/unhz.eu\/fakulteti-i-biznesit\/stafi-i-fakultetit-te-biznesit\/\" \/>\n<meta property=\"og:locale\" content=\"sq_AL\" \/>\n<meta property=\"og:type\" content=\"article\" \/>\n<meta property=\"og:title\" content=\"Stafi i Fakultetit t\u00eb Biznesit\" \/>\n<meta property=\"og:description\" content=\"Takoni stafin akademik dhe administrativ t\u00eb Fakultetit t\u00eb Biznesit n\u00eb Universitetin Haxhi Zeka \u2014 profesionist\u00eb me p\u00ebrvoj\u00eb n\u00eb m\u00ebsimdh\u00ebnie, k\u00ebrkime shkencore dhe bashk\u00ebpunime me bizneset.\" \/>\n<meta property=\"og:url\" content=\"https:\/\/unhz.eu\/fakulteti-i-biznesit\/stafi-i-fakultetit-te-biznesit\/\" \/>\n<meta property=\"og:site_name\" content=\"Fakulteti i Biznesit\" \/>\n<meta property=\"article:modified_time\" content=\"2026-02-27T09:48:13+00:00\" \/>\n<meta name=\"twitter:card\" content=\"summary_large_image\" \/>\n<meta name=\"twitter:label1\" content=\"Est. reading time\" \/>\n\t<meta name=\"twitter:data1\" content=\"1 minut\u00eb\" \/>\n<script type=\"application\/ld+json\" class=\"yoast-schema-graph\">{\"@context\":\"https:\/\/schema.org\",\"@graph\":[{\"@type\":\"WebPage\",\"@id\":\"https:\/\/unhz.eu\/fakulteti-i-biznesit\/stafi-i-fakultetit-te-biznesit\/\",\"url\":\"https:\/\/unhz.eu\/fakulteti-i-biznesit\/stafi-i-fakultetit-te-biznesit\/\",\"name\":\"Stafi i Fakultetit t\u00eb Biznesit | Universiteti Haxhi Zeka\",\"isPartOf\":{\"@id\":\"https:\/\/unhz.eu\/fakulteti-i-biznesit\/#website\"},\"datePublished\":\"2025-01-14T13:14:57+00:00\",\"dateModified\":\"2026-02-27T09:48:13+00:00\",\"description\":\"Takoni stafin akademik dhe administrativ t\u00eb Fakultetit t\u00eb Biznesit n\u00eb Universitetin Haxhi Zeka \u2014 profesionist\u00eb me p\u00ebrvoj\u00eb n\u00eb m\u00ebsimdh\u00ebnie, k\u00ebrkime shkencore dhe bashk\u00ebpunime me bizneset.\",\"breadcrumb\":{\"@id\":\"https:\/\/unhz.eu\/fakulteti-i-biznesit\/stafi-i-fakultetit-te-biznesit\/#breadcrumb\"},\"inLanguage\":\"sq\",\"potentialAction\":[{\"@type\":\"ReadAction\",\"target\":[\"https:\/\/unhz.eu\/fakulteti-i-biznesit\/stafi-i-fakultetit-te-biznesit\/\"]}]},{\"@type\":\"BreadcrumbList\",\"@id\":\"https:\/\/unhz.eu\/fakulteti-i-biznesit\/stafi-i-fakultetit-te-biznesit\/#breadcrumb\",\"itemListElement\":[{\"@type\":\"ListItem\",\"position\":1,\"name\":\"Home\",\"item\":\"https:\/\/unhz.eu\/fakulteti-i-biznesit\/\"},{\"@type\":\"ListItem\",\"position\":2,\"name\":\"Stafi i Fakultetit t\u00eb Biznesit\"}]},{\"@type\":\"WebSite\",\"@id\":\"https:\/\/unhz.eu\/fakulteti-i-biznesit\/#website\",\"url\":\"https:\/\/unhz.eu\/fakulteti-i-biznesit\/\",\"name\":\"Fakulteti i Biznesit\",\"description\":\"I dedikuar p\u00ebr cil\u00ebsi standarde dhe suksese\",\"publisher\":{\"@id\":\"https:\/\/unhz.eu\/fakulteti-i-biznesit\/#organization\"},\"potentialAction\":[{\"@type\":\"SearchAction\",\"target\":{\"@type\":\"EntryPoint\",\"urlTemplate\":\"https:\/\/unhz.eu\/fakulteti-i-biznesit\/?s={search_term_string}\"},\"query-input\":{\"@type\":\"PropertyValueSpecification\",\"valueRequired\":true,\"valueName\":\"search_term_string\"}}],\"inLanguage\":\"sq\"},{\"@type\":\"Organization\",\"@id\":\"https:\/\/unhz.eu\/fakulteti-i-biznesit\/#organization\",\"name\":\"Fakulteti i Biznesit\",\"url\":\"https:\/\/unhz.eu\/fakulteti-i-biznesit\/\",\"logo\":{\"@type\":\"ImageObject\",\"inLanguage\":\"sq\",\"@id\":\"https:\/\/unhz.eu\/fakulteti-i-biznesit\/#\/schema\/logo\/image\/\",\"url\":\"https:\/\/unhz.eu\/fakulteti-i-biznesit\/wp-content\/uploads\/sites\/2\/2024\/02\/cropped-logo-1-1-e1713527702695.png\",\"contentUrl\":\"https:\/\/unhz.eu\/fakulteti-i-biznesit\/wp-content\/uploads\/sites\/2\/2024\/02\/cropped-logo-1-1-e1713527702695.png\",\"width\":100,\"height\":100,\"caption\":\"Fakulteti i Biznesit\"},\"image\":{\"@id\":\"https:\/\/unhz.eu\/fakulteti-i-biznesit\/#\/schema\/logo\/image\/\"}}]}<\/script>\n<!-- \/ Yoast SEO Premium plugin. -->","yoast_head_json":{"title":"Stafi i Fakultetit t\u00eb Biznesit | Universiteti Haxhi Zeka","description":"Takoni stafin akademik dhe administrativ t\u00eb Fakultetit t\u00eb Biznesit n\u00eb Universitetin Haxhi Zeka \u2014 profesionist\u00eb me p\u00ebrvoj\u00eb n\u00eb m\u00ebsimdh\u00ebnie, k\u00ebrkime shkencore dhe bashk\u00ebpunime me bizneset.","robots":{"index":"index","follow":"follow","max-snippet":"max-snippet:-1","max-image-preview":"max-image-preview:large","max-video-preview":"max-video-preview:-1"},"canonical":"https:\/\/unhz.eu\/fakulteti-i-biznesit\/stafi-i-fakultetit-te-biznesit\/","og_locale":"sq_AL","og_type":"article","og_title":"Stafi i Fakultetit t\u00eb Biznesit","og_description":"Takoni stafin akademik dhe administrativ t\u00eb Fakultetit t\u00eb Biznesit n\u00eb Universitetin Haxhi Zeka \u2014 profesionist\u00eb me p\u00ebrvoj\u00eb n\u00eb m\u00ebsimdh\u00ebnie, k\u00ebrkime shkencore dhe bashk\u00ebpunime me bizneset.","og_url":"https:\/\/unhz.eu\/fakulteti-i-biznesit\/stafi-i-fakultetit-te-biznesit\/","og_site_name":"Fakulteti i Biznesit","article_modified_time":"2026-02-27T09:48:13+00:00","twitter_card":"summary_large_image","twitter_misc":{"Est. reading time":"1 minut\u00eb"},"schema":{"@context":"https:\/\/schema.org","@graph":[{"@type":"WebPage","@id":"https:\/\/unhz.eu\/fakulteti-i-biznesit\/stafi-i-fakultetit-te-biznesit\/","url":"https:\/\/unhz.eu\/fakulteti-i-biznesit\/stafi-i-fakultetit-te-biznesit\/","name":"Stafi i Fakultetit t\u00eb Biznesit | Universiteti Haxhi Zeka","isPartOf":{"@id":"https:\/\/unhz.eu\/fakulteti-i-biznesit\/#website"},"datePublished":"2025-01-14T13:14:57+00:00","dateModified":"2026-02-27T09:48:13+00:00","description":"Takoni stafin akademik dhe administrativ t\u00eb Fakultetit t\u00eb Biznesit n\u00eb Universitetin Haxhi Zeka \u2014 profesionist\u00eb me p\u00ebrvoj\u00eb n\u00eb m\u00ebsimdh\u00ebnie, k\u00ebrkime shkencore dhe bashk\u00ebpunime me bizneset.","breadcrumb":{"@id":"https:\/\/unhz.eu\/fakulteti-i-biznesit\/stafi-i-fakultetit-te-biznesit\/#breadcrumb"},"inLanguage":"sq","potentialAction":[{"@type":"ReadAction","target":["https:\/\/unhz.eu\/fakulteti-i-biznesit\/stafi-i-fakultetit-te-biznesit\/"]}]},{"@type":"BreadcrumbList","@id":"https:\/\/unhz.eu\/fakulteti-i-biznesit\/stafi-i-fakultetit-te-biznesit\/#breadcrumb","itemListElement":[{"@type":"ListItem","position":1,"name":"Home","item":"https:\/\/unhz.eu\/fakulteti-i-biznesit\/"},{"@type":"ListItem","position":2,"name":"Stafi i Fakultetit t\u00eb Biznesit"}]},{"@type":"WebSite","@id":"https:\/\/unhz.eu\/fakulteti-i-biznesit\/#website","url":"https:\/\/unhz.eu\/fakulteti-i-biznesit\/","name":"Fakulteti i Biznesit","description":"I dedikuar p\u00ebr cil\u00ebsi standarde dhe suksese","publisher":{"@id":"https:\/\/unhz.eu\/fakulteti-i-biznesit\/#organization"},"potentialAction":[{"@type":"SearchAction","target":{"@type":"EntryPoint","urlTemplate":"https:\/\/unhz.eu\/fakulteti-i-biznesit\/?s={search_term_string}"},"query-input":{"@type":"PropertyValueSpecification","valueRequired":true,"valueName":"search_term_string"}}],"inLanguage":"sq"},{"@type":"Organization","@id":"https:\/\/unhz.eu\/fakulteti-i-biznesit\/#organization","name":"Fakulteti i Biznesit","url":"https:\/\/unhz.eu\/fakulteti-i-biznesit\/","logo":{"@type":"ImageObject","inLanguage":"sq","@id":"https:\/\/unhz.eu\/fakulteti-i-biznesit\/#\/schema\/logo\/image\/","url":"https:\/\/unhz.eu\/fakulteti-i-biznesit\/wp-content\/uploads\/sites\/2\/2024\/02\/cropped-logo-1-1-e1713527702695.png","contentUrl":"https:\/\/unhz.eu\/fakulteti-i-biznesit\/wp-content\/uploads\/sites\/2\/2024\/02\/cropped-logo-1-1-e1713527702695.png","width":100,"height":100,"caption":"Fakulteti i Biznesit"},"image":{"@id":"https:\/\/unhz.eu\/fakulteti-i-biznesit\/#\/schema\/logo\/image\/"}}]}},"_links":{"self":[{"href":"https:\/\/unhz.eu\/fakulteti-i-biznesit\/wp-json\/wp\/v2\/pages\/48901","targetHints":{"allow":["GET"]}}],"collection":[{"href":"https:\/\/unhz.eu\/fakulteti-i-biznesit\/wp-json\/wp\/v2\/pages"}],"about":[{"href":"https:\/\/unhz.eu\/fakulteti-i-biznesit\/wp-json\/wp\/v2\/types\/page"}],"author":[{"embeddable":true,"href":"https:\/\/unhz.eu\/fakulteti-i-biznesit\/wp-json\/wp\/v2\/users\/1"}],"replies":[{"embeddable":true,"href":"https:\/\/unhz.eu\/fakulteti-i-biznesit\/wp-json\/wp\/v2\/comments?post=48901"}],"version-history":[{"count":2,"href":"https:\/\/unhz.eu\/fakulteti-i-biznesit\/wp-json\/wp\/v2\/pages\/48901\/revisions"}],"predecessor-version":[{"id":57782,"href":"https:\/\/unhz.eu\/fakulteti-i-biznesit\/wp-json\/wp\/v2\/pages\/48901\/revisions\/57782"}],"wp:attachment":[{"href":"https:\/\/unhz.eu\/fakulteti-i-biznesit\/wp-json\/wp\/v2\/media?parent=48901"}],"curies":[{"name":"wp","href":"https:\/\/api.w.org\/{rel}","templated":true}]}}