{"id":21628,"date":"2024-02-29T14:36:14","date_gmt":"2024-02-29T14:36:14","guid":{"rendered":"http:\/\/unhz.local\/fakulteti-i-biznesit\/?page_id=21628"},"modified":"2026-01-27T15:55:08","modified_gmt":"2026-01-27T13:55:08","slug":"orari-i-takimeve-per-sistemin-tutorial","status":"publish","type":"page","link":"https:\/\/unhz.eu\/fakulteti-i-biznesit\/orari-i-takimeve-per-sistemin-tutorial\/","title":{"rendered":"ORARI I TAKIMEVE P\u00cbR SISTEMIN TUTORIAL"},"content":{"rendered":"\t\t<div data-elementor-type=\"wp-page\" data-elementor-id=\"21628\" class=\"elementor elementor-21628\" data-elementor-post-type=\"page\">\n\t\t\t\t\t\t<section class=\"elementor-section elementor-top-section elementor-element elementor-element-6b2e0ba elementor-section-boxed elementor-section-height-default elementor-section-height-default sc_fly_static\" data-id=\"6b2e0ba\" data-element_type=\"section\" data-e-type=\"section\">\n\t\t\t\t\t\t<div class=\"elementor-container elementor-column-gap-extended\">\n\t\t\t\t\t<div class=\"elementor-column elementor-col-100 elementor-top-column elementor-element elementor-element-c167051 sc_content_align_inherit sc_layouts_column_icons_position_left sc_fly_static\" data-id=\"c167051\" data-element_type=\"column\" data-e-type=\"column\">\n\t\t\t<div class=\"elementor-widget-wrap elementor-element-populated\">\n\t\t\t\t\t\t<div class=\"elementor-element elementor-element-f0bf85b sc_fly_static elementor-widget elementor-widget-heading\" data-id=\"f0bf85b\" data-element_type=\"widget\" data-e-type=\"widget\" data-widget_type=\"heading.default\">\n\t\t\t\t<div class=\"elementor-widget-container\">\n\t\t\t\t\t<h2 class=\"elementor-heading-title elementor-size-default\">ORARI I TAKIMEVE P\u00cbR SISTEMIN TUTORIAL<\/h2>\t\t\t\t<\/div>\n\t\t\t\t<\/div>\n\t\t\t\t\t<\/div>\n\t\t<\/div>\n\t\t\t\t\t<\/div>\n\t\t<\/section>\n\t\t\t\t<section class=\"elementor-section elementor-top-section elementor-element elementor-element-bfc28d7 elementor-section-boxed elementor-section-height-default elementor-section-height-default sc_fly_static\" data-id=\"bfc28d7\" data-element_type=\"section\" data-e-type=\"section\">\n\t\t\t\t\t\t<div class=\"elementor-container elementor-column-gap-extended\">\n\t\t\t\t\t<div class=\"elementor-column elementor-col-100 elementor-top-column elementor-element elementor-element-5dabaaf sc_content_align_inherit sc_layouts_column_icons_position_left sc_fly_static\" data-id=\"5dabaaf\" data-element_type=\"column\" data-e-type=\"column\">\n\t\t\t<div class=\"elementor-widget-wrap elementor-element-populated\">\n\t\t\t\t\t\t<div class=\"elementor-element elementor-element-a31c7c4 sc_fly_static elementor-widget elementor-widget-spacer\" data-id=\"a31c7c4\" data-element_type=\"widget\" data-e-type=\"widget\" data-widget_type=\"spacer.default\">\n\t\t\t\t<div class=\"elementor-widget-container\">\n\t\t\t\t\t\t\t<div class=\"elementor-spacer\">\n\t\t\t<div class=\"elementor-spacer-inner\"><\/div>\n\t\t<\/div>\n\t\t\t\t\t\t<\/div>\n\t\t\t\t<\/div>\n\t\t\t\t<div class=\"elementor-element elementor-element-c83be08 sc_fly_static elementor-widget elementor-widget-text-editor\" data-id=\"c83be08\" data-element_type=\"widget\" data-e-type=\"widget\" data-widget_type=\"text-editor.default\">\n\t\t\t\t<div class=\"elementor-widget-container\">\n\t\t\t\t\t\t\t\t\t<p>[pdf-embedder url=&#8221;https:\/\/unhz.eu\/fakulteti-i-biznesit\/wp-content\/uploads\/sites\/2\/2024\/02\/FAKULTETI-I-BIZNESIT-ORARI-I-TAKIMEVE-PER-SISTEMIN-TUTORIAL.pdf&#8221; title=&#8221;FAKULTETI I BIZNESIT &#8211; ORARI I TAKIMEVE P\u00cbR SISTEMIN TUTORIAL&#8221;]<\/p>\t\t\t\t\t\t\t\t<\/div>\n\t\t\t\t<\/div>\n\t\t\t\t\t<\/div>\n\t\t<\/div>\n\t\t\t\t\t<\/div>\n\t\t<\/section>\n\t\t\t\t<\/div>\n\t\t","protected":false},"excerpt":{"rendered":"<p>[pdf-embedder url=&#8221;https:\/\/unhz.eu\/fakulteti-i-biznesit\/wp-content\/uploads\/sites\/2\/2024\/02\/FAKULTETI-I-BIZNESIT-ORARI-I-TAKIMEVE-PER-SISTEMIN-TUTORIAL.pdf&#8221; title=&#8221;FAKULTETI I BIZNESIT &#8211; ORARI I TAKIMEVE P\u00cbR SISTEMIN TUTORIAL&#8221;]<\/p>\n","protected":false},"author":1,"featured_media":0,"parent":0,"menu_order":0,"comment_status":"closed","ping_status":"closed","template":"","meta":{"footnotes":""},"class_list":["post-21628","page","type-page","status-publish","hentry"],"yoast_head":"<!-- This site is optimized with the Yoast SEO Premium plugin v27.2 (Yoast SEO v27.2) - https:\/\/yoast.com\/product\/yoast-seo-premium-wordpress\/ -->\n<title>Orari i takimeve p\u00ebr sistemin tutorial | Fakulteti i Biznesit UHZ<\/title>\n<meta name=\"description\" content=\"Shiko orarin e takimeve p\u00ebr sistemin tutorial n\u00eb Fakultetin e Biznesit t\u00eb Universitetit Haxhi Zeka \u2014 datat dhe oraret e takimeve tutoriale p\u00ebr student\u00ebt.\" \/>\n<meta name=\"robots\" content=\"index, follow, max-snippet:-1, max-image-preview:large, max-video-preview:-1\" \/>\n<link rel=\"canonical\" href=\"https:\/\/unhz.eu\/fakulteti-i-biznesit\/orari-i-takimeve-per-sistemin-tutorial\/\" \/>\n<meta property=\"og:locale\" content=\"sq_AL\" \/>\n<meta property=\"og:type\" content=\"article\" \/>\n<meta property=\"og:title\" content=\"ORARI I TAKIMEVE P\u00cbR SISTEMIN TUTORIAL\" \/>\n<meta property=\"og:description\" content=\"Shiko orarin e takimeve p\u00ebr sistemin tutorial n\u00eb Fakultetin e Biznesit t\u00eb Universitetit Haxhi Zeka \u2014 datat dhe oraret e takimeve tutoriale p\u00ebr student\u00ebt.\" \/>\n<meta property=\"og:url\" content=\"https:\/\/unhz.eu\/fakulteti-i-biznesit\/orari-i-takimeve-per-sistemin-tutorial\/\" \/>\n<meta property=\"og:site_name\" content=\"Fakulteti i Biznesit\" \/>\n<meta property=\"article:modified_time\" content=\"2026-01-27T13:55:08+00:00\" \/>\n<meta name=\"twitter:card\" content=\"summary_large_image\" \/>\n<meta name=\"twitter:label1\" content=\"Est. reading time\" \/>\n\t<meta name=\"twitter:data1\" content=\"1 minut\u00eb\" \/>\n<script type=\"application\/ld+json\" class=\"yoast-schema-graph\">{\"@context\":\"https:\/\/schema.org\",\"@graph\":[{\"@type\":\"WebPage\",\"@id\":\"https:\/\/unhz.eu\/fakulteti-i-biznesit\/orari-i-takimeve-per-sistemin-tutorial\/\",\"url\":\"https:\/\/unhz.eu\/fakulteti-i-biznesit\/orari-i-takimeve-per-sistemin-tutorial\/\",\"name\":\"Orari i takimeve p\u00ebr sistemin tutorial | Fakulteti i Biznesit UHZ\",\"isPartOf\":{\"@id\":\"https:\/\/unhz.eu\/fakulteti-i-biznesit\/#website\"},\"datePublished\":\"2024-02-29T14:36:14+00:00\",\"dateModified\":\"2026-01-27T13:55:08+00:00\",\"description\":\"Shiko orarin e takimeve p\u00ebr sistemin tutorial n\u00eb Fakultetin e Biznesit t\u00eb Universitetit Haxhi Zeka \u2014 datat dhe oraret e takimeve tutoriale p\u00ebr student\u00ebt.\",\"breadcrumb\":{\"@id\":\"https:\/\/unhz.eu\/fakulteti-i-biznesit\/orari-i-takimeve-per-sistemin-tutorial\/#breadcrumb\"},\"inLanguage\":\"sq\",\"potentialAction\":[{\"@type\":\"ReadAction\",\"target\":[\"https:\/\/unhz.eu\/fakulteti-i-biznesit\/orari-i-takimeve-per-sistemin-tutorial\/\"]}]},{\"@type\":\"BreadcrumbList\",\"@id\":\"https:\/\/unhz.eu\/fakulteti-i-biznesit\/orari-i-takimeve-per-sistemin-tutorial\/#breadcrumb\",\"itemListElement\":[{\"@type\":\"ListItem\",\"position\":1,\"name\":\"Home\",\"item\":\"https:\/\/unhz.eu\/fakulteti-i-biznesit\/\"},{\"@type\":\"ListItem\",\"position\":2,\"name\":\"ORARI I TAKIMEVE P\u00cbR SISTEMIN TUTORIAL\"}]},{\"@type\":\"WebSite\",\"@id\":\"https:\/\/unhz.eu\/fakulteti-i-biznesit\/#website\",\"url\":\"https:\/\/unhz.eu\/fakulteti-i-biznesit\/\",\"name\":\"Fakulteti i Biznesit\",\"description\":\"I dedikuar p\u00ebr cil\u00ebsi standarde dhe suksese\",\"publisher\":{\"@id\":\"https:\/\/unhz.eu\/fakulteti-i-biznesit\/#organization\"},\"potentialAction\":[{\"@type\":\"SearchAction\",\"target\":{\"@type\":\"EntryPoint\",\"urlTemplate\":\"https:\/\/unhz.eu\/fakulteti-i-biznesit\/?s={search_term_string}\"},\"query-input\":{\"@type\":\"PropertyValueSpecification\",\"valueRequired\":true,\"valueName\":\"search_term_string\"}}],\"inLanguage\":\"sq\"},{\"@type\":\"Organization\",\"@id\":\"https:\/\/unhz.eu\/fakulteti-i-biznesit\/#organization\",\"name\":\"Fakulteti i Biznesit\",\"url\":\"https:\/\/unhz.eu\/fakulteti-i-biznesit\/\",\"logo\":{\"@type\":\"ImageObject\",\"inLanguage\":\"sq\",\"@id\":\"https:\/\/unhz.eu\/fakulteti-i-biznesit\/#\/schema\/logo\/image\/\",\"url\":\"https:\/\/unhz.eu\/fakulteti-i-biznesit\/wp-content\/uploads\/sites\/2\/2024\/02\/cropped-logo-1-1-e1713527702695.png\",\"contentUrl\":\"https:\/\/unhz.eu\/fakulteti-i-biznesit\/wp-content\/uploads\/sites\/2\/2024\/02\/cropped-logo-1-1-e1713527702695.png\",\"width\":100,\"height\":100,\"caption\":\"Fakulteti i Biznesit\"},\"image\":{\"@id\":\"https:\/\/unhz.eu\/fakulteti-i-biznesit\/#\/schema\/logo\/image\/\"}}]}<\/script>\n<!-- \/ Yoast SEO Premium plugin. -->","yoast_head_json":{"title":"Orari i takimeve p\u00ebr sistemin tutorial | Fakulteti i Biznesit UHZ","description":"Shiko orarin e takimeve p\u00ebr sistemin tutorial n\u00eb Fakultetin e Biznesit t\u00eb Universitetit Haxhi Zeka \u2014 datat dhe oraret e takimeve tutoriale p\u00ebr student\u00ebt.","robots":{"index":"index","follow":"follow","max-snippet":"max-snippet:-1","max-image-preview":"max-image-preview:large","max-video-preview":"max-video-preview:-1"},"canonical":"https:\/\/unhz.eu\/fakulteti-i-biznesit\/orari-i-takimeve-per-sistemin-tutorial\/","og_locale":"sq_AL","og_type":"article","og_title":"ORARI I TAKIMEVE P\u00cbR SISTEMIN TUTORIAL","og_description":"Shiko orarin e takimeve p\u00ebr sistemin tutorial n\u00eb Fakultetin e Biznesit t\u00eb Universitetit Haxhi Zeka \u2014 datat dhe oraret e takimeve tutoriale p\u00ebr student\u00ebt.","og_url":"https:\/\/unhz.eu\/fakulteti-i-biznesit\/orari-i-takimeve-per-sistemin-tutorial\/","og_site_name":"Fakulteti i Biznesit","article_modified_time":"2026-01-27T13:55:08+00:00","twitter_card":"summary_large_image","twitter_misc":{"Est. reading time":"1 minut\u00eb"},"schema":{"@context":"https:\/\/schema.org","@graph":[{"@type":"WebPage","@id":"https:\/\/unhz.eu\/fakulteti-i-biznesit\/orari-i-takimeve-per-sistemin-tutorial\/","url":"https:\/\/unhz.eu\/fakulteti-i-biznesit\/orari-i-takimeve-per-sistemin-tutorial\/","name":"Orari i takimeve p\u00ebr sistemin tutorial | Fakulteti i Biznesit UHZ","isPartOf":{"@id":"https:\/\/unhz.eu\/fakulteti-i-biznesit\/#website"},"datePublished":"2024-02-29T14:36:14+00:00","dateModified":"2026-01-27T13:55:08+00:00","description":"Shiko orarin e takimeve p\u00ebr sistemin tutorial n\u00eb Fakultetin e Biznesit t\u00eb Universitetit Haxhi Zeka \u2014 datat dhe oraret e takimeve tutoriale p\u00ebr student\u00ebt.","breadcrumb":{"@id":"https:\/\/unhz.eu\/fakulteti-i-biznesit\/orari-i-takimeve-per-sistemin-tutorial\/#breadcrumb"},"inLanguage":"sq","potentialAction":[{"@type":"ReadAction","target":["https:\/\/unhz.eu\/fakulteti-i-biznesit\/orari-i-takimeve-per-sistemin-tutorial\/"]}]},{"@type":"BreadcrumbList","@id":"https:\/\/unhz.eu\/fakulteti-i-biznesit\/orari-i-takimeve-per-sistemin-tutorial\/#breadcrumb","itemListElement":[{"@type":"ListItem","position":1,"name":"Home","item":"https:\/\/unhz.eu\/fakulteti-i-biznesit\/"},{"@type":"ListItem","position":2,"name":"ORARI I TAKIMEVE P\u00cbR SISTEMIN TUTORIAL"}]},{"@type":"WebSite","@id":"https:\/\/unhz.eu\/fakulteti-i-biznesit\/#website","url":"https:\/\/unhz.eu\/fakulteti-i-biznesit\/","name":"Fakulteti i Biznesit","description":"I dedikuar p\u00ebr cil\u00ebsi standarde dhe suksese","publisher":{"@id":"https:\/\/unhz.eu\/fakulteti-i-biznesit\/#organization"},"potentialAction":[{"@type":"SearchAction","target":{"@type":"EntryPoint","urlTemplate":"https:\/\/unhz.eu\/fakulteti-i-biznesit\/?s={search_term_string}"},"query-input":{"@type":"PropertyValueSpecification","valueRequired":true,"valueName":"search_term_string"}}],"inLanguage":"sq"},{"@type":"Organization","@id":"https:\/\/unhz.eu\/fakulteti-i-biznesit\/#organization","name":"Fakulteti i Biznesit","url":"https:\/\/unhz.eu\/fakulteti-i-biznesit\/","logo":{"@type":"ImageObject","inLanguage":"sq","@id":"https:\/\/unhz.eu\/fakulteti-i-biznesit\/#\/schema\/logo\/image\/","url":"https:\/\/unhz.eu\/fakulteti-i-biznesit\/wp-content\/uploads\/sites\/2\/2024\/02\/cropped-logo-1-1-e1713527702695.png","contentUrl":"https:\/\/unhz.eu\/fakulteti-i-biznesit\/wp-content\/uploads\/sites\/2\/2024\/02\/cropped-logo-1-1-e1713527702695.png","width":100,"height":100,"caption":"Fakulteti i Biznesit"},"image":{"@id":"https:\/\/unhz.eu\/fakulteti-i-biznesit\/#\/schema\/logo\/image\/"}}]}},"_links":{"self":[{"href":"https:\/\/unhz.eu\/fakulteti-i-biznesit\/wp-json\/wp\/v2\/pages\/21628","targetHints":{"allow":["GET"]}}],"collection":[{"href":"https:\/\/unhz.eu\/fakulteti-i-biznesit\/wp-json\/wp\/v2\/pages"}],"about":[{"href":"https:\/\/unhz.eu\/fakulteti-i-biznesit\/wp-json\/wp\/v2\/types\/page"}],"author":[{"embeddable":true,"href":"https:\/\/unhz.eu\/fakulteti-i-biznesit\/wp-json\/wp\/v2\/users\/1"}],"replies":[{"embeddable":true,"href":"https:\/\/unhz.eu\/fakulteti-i-biznesit\/wp-json\/wp\/v2\/comments?post=21628"}],"version-history":[{"count":1,"href":"https:\/\/unhz.eu\/fakulteti-i-biznesit\/wp-json\/wp\/v2\/pages\/21628\/revisions"}],"predecessor-version":[{"id":57738,"href":"https:\/\/unhz.eu\/fakulteti-i-biznesit\/wp-json\/wp\/v2\/pages\/21628\/revisions\/57738"}],"wp:attachment":[{"href":"https:\/\/unhz.eu\/fakulteti-i-biznesit\/wp-json\/wp\/v2\/media?parent=21628"}],"curies":[{"name":"wp","href":"https:\/\/api.w.org\/{rel}","templated":true}]}}