{"id":49922,"date":"2025-10-27T15:54:09","date_gmt":"2025-10-27T13:54:09","guid":{"rendered":"https:\/\/unhz.eu\/fakulteti-i-biznesit\/?page_id=49922"},"modified":"2025-11-12T11:44:56","modified_gmt":"2025-11-12T09:44:56","slug":"menaxhim-biznesi-master-2025-2030","status":"publish","type":"page","link":"https:\/\/unhz.eu\/fakulteti-i-biznesit\/en\/menaxhim-biznesi-master-2025-2030\/","title":{"rendered":"MENAXHIM BIZNESI Master 2025-2030"},"content":{"rendered":"<p><strong><em>PROGRAMI: MASTER I SHKENCAVE N\u00cb MENAXHIM BIZNESI<\/em><\/strong><\/p>\n\n\n\n<p><em>Business Management (MSc.)<\/em><\/p>\n\n\n\n<p>Profilet me specializim n\u00eb:<\/p>\n\n\n\n<ol class=\"wp-block-list\">\n<li>Business Management<\/li>\n\n\n\n<li>Banka dhe Financa<\/li>\n<\/ol>\n\n\n\n<p>Viti i par\u00eb i p\u00ebrbashk\u00ebt<\/p>\n\n\n\n<figure class=\"wp-block-table\"><table><tbody><tr><td colspan=\"5\"><strong><em>Viti i par\u00eb \u2013 Semestri i par\u00eb<\/em><\/strong><strong><em><\/em><\/strong><\/td><\/tr><tr><td><strong><em>Nr.<\/em><\/strong><strong><em><\/em><\/strong><\/td><td><strong><em>Obli.\/Zgj.<\/em><\/strong><strong><em><\/em><\/strong><\/td><td><strong><em>L\u00ebnda:<\/em><\/strong><strong><em><\/em><\/strong><\/td><td><strong><em>Or\u00eb L+U<\/em><\/strong><strong><em><\/em><\/strong><\/td><td><strong><em>ECTS<\/em><\/strong><strong><em><\/em><\/strong><\/td><\/tr><tr><td><em>1.<\/em><em><\/em><\/td><td><em>O<\/em><em><\/em><\/td><td><a href=\"https:\/\/unhz.eu\/fakulteti-i-biznesit\/wp-content\/uploads\/sites\/2\/2025\/11\/Metodat-Cilesore-ne-Kerkim-Shkencor.pdf\"><em>Metodat Cil\u00ebsore n\u00eb K\u00ebrkim<\/em> <em>Shkencor<\/em><\/a><\/td><td><em>3+2<\/em><em><\/em><\/td><td><em>6<\/em><em><\/em><\/td><\/tr><tr><td><em>2.<\/em><em><\/em><\/td><td><em>O<\/em><em><\/em><\/td><td><em><a href=\"https:\/\/unhz.eu\/fakulteti-i-biznesit\/wp-content\/uploads\/sites\/2\/2025\/11\/Ekonomiksi-i-Avancuar-Menaxherial.pdf\">Ekonomiksi i Avancuar Menaxherial<\/a><\/em><\/td><td><em>3+2<\/em><em><\/em><\/td><td><em>6<\/em><em><\/em><\/td><\/tr><tr><td><em>3.<\/em><em><\/em><\/td><td><em>O<\/em><em><\/em><\/td><td><em><a href=\"https:\/\/unhz.eu\/fakulteti-i-biznesit\/wp-content\/uploads\/sites\/2\/2025\/11\/Teorite-Bashkekohore-te-Organizimit.pdf\">Teorit\u00eb Bashk\u00ebkohore t\u00eb Organizimit<\/a><\/em><\/td><td><em>3+2<\/em><em><\/em><\/td><td><em>6<\/em><em><\/em><\/td><\/tr><tr><td><em>4.<\/em><em><\/em><\/td><td><em>O<\/em><em><\/em><\/td><td><em><a href=\"https:\/\/unhz.eu\/fakulteti-i-biznesit\/wp-content\/uploads\/sites\/2\/2025\/11\/Menaxhmenti-Financiar-i-Avancuar.pdf\">Menaxhmenti Financiar i Avancuar<\/a><\/em><\/td><td><em>3+2<\/em><em><\/em><\/td><td><em>6<\/em><em><\/em><\/td><\/tr><tr><td><em>5.<\/em><em><\/em><\/td><td><em>Z<\/em><em><\/em><\/td><td><em><a href=\"https:\/\/unhz.eu\/fakulteti-i-biznesit\/wp-content\/uploads\/sites\/2\/2025\/11\/Menaxhimi-i-PPP-ve.pdf\">Menaxhimi i PPP-ve<\/a><\/em><\/td><td><em>3+2<\/em><em><\/em><\/td><td><em>6<\/em><em><\/em><\/td><\/tr><tr><td><em>6.<\/em><em><\/em><\/td><td><em>Z<\/em><em><\/em><\/td><td><a href=\"https:\/\/unhz.eu\/fakulteti-i-biznesit\/wp-content\/uploads\/sites\/2\/2025\/11\/Menaxhimi-i-Kapitalit-te-Bankes-dhe-Sigurimeve.pdf\"><em>Menaxhimi i Kapitalit t\u00eb Bank\u00ebs dhe<\/em> <em>Sigurimeve<\/em><\/a><\/td><td><em>3+2<\/em><em><\/em><\/td><td><em>6<\/em><em><\/em><\/td><\/tr><tr><td><em>7.<\/em><em><\/em><\/td><td><em>Z<\/em><em><\/em><\/td><td><em><a href=\"https:\/\/unhz.eu\/fakulteti-i-biznesit\/wp-content\/uploads\/sites\/2\/2025\/11\/Auditimi-i-Avancuar.pdf\">Auditimi i Avancuar<\/a><\/em><\/td><td><em>3+2<\/em><em><\/em><\/td><td><em>6<\/em><em><\/em><\/td><\/tr><tr><td>&nbsp;<\/td><td>&nbsp;<\/td><td><em>TOTAL<\/em><em><\/em><\/td><td><em>15+10<\/em><em><\/em><\/td><td><em>30<\/em><em><\/em><\/td><\/tr><tr><td colspan=\"5\"><strong><em>Viti i par\u00eb \u2013 Semestri dyt\u00eb<\/em><\/strong><strong><em><\/em><\/strong><\/td><\/tr><tr><td><strong><em>Nr.<\/em><\/strong><strong><em><\/em><\/strong><\/td><td><strong><em>Obli.\/Zgj.<\/em><\/strong><strong><em><\/em><\/strong><\/td><td><strong><em>L\u00ebnda:<\/em><\/strong><strong><em><\/em><\/strong><\/td><td><strong><em>Or\u00eb L+U<\/em><\/strong><strong><em><\/em><\/strong><\/td><td><strong><em>ECTS<\/em><\/strong><strong><em><\/em><\/strong><\/td><\/tr><tr><td><em>1.<\/em><em><\/em><\/td><td><em>O<\/em><em><\/em><\/td><td><a href=\"https:\/\/unhz.eu\/fakulteti-i-biznesit\/wp-content\/uploads\/sites\/2\/2025\/11\/Metodat-dhe-Teknikat-Sasiore-ne-Kerkim-Shkencor.pdf\"><em>Metodat dhe Teknikat Sasiore n\u00eb<\/em> <em>K\u00ebrkim Shkencor<\/em><\/a><\/td><td><em>3+2<\/em><em><\/em><\/td><td><em>6<\/em><em><\/em><\/td><\/tr><tr><td><em>2.<\/em><em><\/em><\/td><td><em>O<\/em><em><\/em><\/td><td><em><a href=\"https:\/\/unhz.eu\/fakulteti-i-biznesit\/wp-content\/uploads\/sites\/2\/2025\/11\/Menaxhimi-Strategjik-i-Avancuar.pdf\">Menaxhimi Strategjik i Avancuar<\/a><\/em><\/td><td><em>3+2<\/em><em><\/em><\/td><td><em>6<\/em><em><\/em><\/td><\/tr><tr><td><em>3.<\/em><em><\/em><\/td><td><em>O<\/em><em><\/em><\/td><td><a href=\"https:\/\/unhz.eu\/fakulteti-i-biznesit\/wp-content\/uploads\/sites\/2\/2025\/11\/Sistemet-e-informacionit-te-menaxhimit.pdf\"><em>Sistemet e Informacionit t\u00eb<\/em> <em>Menaxhimit<\/em><\/a><\/td><td><em>3+2<\/em><em><\/em><\/td><td><em>6<\/em><em><\/em><\/td><\/tr><tr><td><em>4.<\/em><em><\/em><\/td><td><em>O<\/em><em><\/em><\/td><td><em><a href=\"https:\/\/unhz.eu\/fakulteti-i-biznesit\/wp-content\/uploads\/sites\/2\/2025\/11\/Mjedisi-Biznesor-Nderkombetar.pdf\">Mjedisi Biznesor Nd\u00ebrkomb\u00ebtar<\/a><\/em><\/td><td><em>3+2<\/em><em><\/em><\/td><td><em>6<\/em><em><\/em><\/td><\/tr><tr><td><em>6.<\/em><em><\/em><\/td><td><em>Z<\/em><em><\/em><\/td><td><em><a href=\"https:\/\/unhz.eu\/fakulteti-i-biznesit\/wp-content\/uploads\/sites\/2\/2025\/11\/Menaxhimi-Total-i-Cilesise-1.pdf\">Menaxhimi Total i Cil\u00ebsis\u00eb<\/a><\/em><\/td><td><em>3+2<\/em><em><\/em><\/td><td><em>6<\/em><em><\/em><\/td><\/tr><\/tbody><\/table><\/figure>\n\n\n\n<figure class=\"wp-block-table\"><table><tbody><tr><td><em>7.<\/em><em><\/em><\/td><td><em>Z<\/em><em><\/em><\/td><td><em><a href=\"https:\/\/unhz.eu\/fakulteti-i-biznesit\/wp-content\/uploads\/sites\/2\/2025\/11\/Ekonometria-Financiare.pdf\">Ekonometria Financiare<\/a><\/em><\/td><td><em>3+2<\/em><em><\/em><\/td><td><em>6<\/em><em><\/em><\/td><\/tr><tr><td><em>8.<\/em><em><\/em><\/td><td><em>Z<\/em><em><\/em><\/td><td><em><a href=\"https:\/\/unhz.eu\/fakulteti-i-biznesit\/wp-content\/uploads\/sites\/2\/2025\/11\/Kontabiliteti-Financiar-i-Avancuar.pdf\">Kontabiliteti Financiar i Avancuar<\/a><\/em><\/td><td><em>3+2<\/em><em><\/em><\/td><td><em>6<\/em><em><\/em><\/td><\/tr><tr><td><em>9.<\/em><em><\/em><\/td><td><em>Z<\/em><em><\/em><\/td><td><em><a href=\"https:\/\/unhz.eu\/fakulteti-i-biznesit\/wp-content\/uploads\/sites\/2\/2025\/11\/Kontabiliteti-i-Kostos.pdf\">Kontabiliteti i Kostos<\/a><\/em><\/td><td><em>3+2<\/em><em><\/em><\/td><td><em>6<\/em><em><\/em><\/td><\/tr><tr><td>&nbsp;<\/td><td>&nbsp;<\/td><td><em>TOTAL<\/em><em><\/em><\/td><td><em>15+10<\/em><em><\/em><\/td><td><em>30<\/em><em><\/em><\/td><\/tr><tr><td colspan=\"5\"><strong>SPECIALIZIMI: MENAXHIM BIZNESI<\/strong><strong><\/strong><\/td><\/tr><tr><td colspan=\"5\"><strong><em>Viti i dyt\u00eb \u2013 Semestri tret\u00eb<\/em><\/strong><strong><em><\/em><\/strong><\/td><\/tr><tr><td><strong><em>Nr.<\/em><\/strong><strong><em><\/em><\/strong><\/td><td><strong><em>Obli.\/Zgj.<\/em><\/strong><strong><em><\/em><\/strong><\/td><td><strong><em>L\u00ebnda:<\/em><\/strong><strong><em><\/em><\/strong><\/td><td><strong><em>Or\u00eb L+U<\/em><\/strong><strong><em><\/em><\/strong><\/td><td><strong><em>ECTS<\/em><\/strong><strong><em><\/em><\/strong><\/td><\/tr><tr><td><em>1.<\/em><em><\/em><\/td><td><em>O<\/em><em><\/em><\/td><td><em><a href=\"https:\/\/unhz.eu\/fakulteti-i-biznesit\/wp-content\/uploads\/sites\/2\/2025\/11\/Ndermarresia-dhe-Inovacionet.pdf\">Nd\u00ebrmarr\u00ebsia dhe Inovacionet<\/a><\/em><\/td><td><em>3+2<\/em><em><\/em><\/td><td><em>6<\/em><em><\/em><\/td><\/tr><tr><td><em>2.<\/em><em><\/em><\/td><td><em>O<\/em><em><\/em><\/td><td><em><a href=\"https:\/\/unhz.eu\/fakulteti-i-biznesit\/wp-content\/uploads\/sites\/2\/2025\/11\/Menaxhimi-i-Projekteve-te-BE-se.pdf\">Menaxhimi i Projekteve t\u00eb BE-s\u00eb<\/a><\/em><\/td><td><em>3+2<\/em><em><\/em><\/td><td><em>6<\/em><em><\/em><\/td><\/tr><tr><td><em>3.<\/em><em><\/em><\/td><td><em>O<\/em><em><\/em><\/td><td><em><a href=\"https:\/\/unhz.eu\/fakulteti-i-biznesit\/wp-content\/uploads\/sites\/2\/2025\/11\/Mesimi-Praktik-dhe-Zhvillimi-i-Karrieres-1.pdf\">M\u00ebsimi Praktik dhe Zhvillimi i Karrier\u00ebs<\/a><\/em><\/td><td><em>0+2<\/em><em><\/em><\/td><td><em>2<\/em><em><\/em><\/td><\/tr><tr><td><em>4.<\/em><em><\/em><\/td><td><em>O<\/em><em><\/em><\/td><td><em><a href=\"https:\/\/unhz.eu\/fakulteti-i-biznesit\/wp-content\/uploads\/sites\/2\/2025\/11\/Lidershipi-dhe-Vendimmarrja.pdf\">Lidershipi dhe Vendimmarrja<\/a><\/em><\/td><td><em>3+2<\/em><em><\/em><\/td><td><em>6<\/em><em><\/em><\/td><\/tr><tr><td>&nbsp;<\/td><td>&nbsp;<\/td><td><em>TOTAL<\/em><em><\/em><\/td><td><em>9+8<\/em><em><\/em><\/td><td><em>20<\/em><em><\/em><\/td><\/tr><tr><td colspan=\"5\"><strong>SPECIALIZIMI: BANKA DHE FINANCA<\/strong><strong><\/strong><\/td><\/tr><tr><td colspan=\"5\"><strong><em>Viti i dyt\u00eb \u2013 Semestri tret\u00eb<\/em><\/strong><strong><em><\/em><\/strong><\/td><\/tr><tr><td><strong><em>Nr.<\/em><\/strong><strong><em><\/em><\/strong><\/td><td><strong><em>Obli.\/Zgj.<\/em><\/strong><strong><em><\/em><\/strong><\/td><td><strong><em>L\u00ebnda:<\/em><\/strong><strong><em><\/em><\/strong><\/td><td><strong><em>Or\u00eb L+U<\/em><\/strong><strong><em><\/em><\/strong><\/td><td><strong><em>ECTS<\/em><\/strong><strong><em><\/em><\/strong><\/td><\/tr><tr><td><em>1.<\/em><em><\/em><\/td><td><em>O<\/em><em><\/em><\/td><td><a href=\"https:\/\/unhz.eu\/fakulteti-i-biznesit\/wp-content\/uploads\/sites\/2\/2025\/11\/Menaxhimi-i-Institucioneve-Financiare.pdf\"><em>Menaxhimi i Institucioneve<\/em> <em>Financiare<\/em><\/a><\/td><td><em>3+2<\/em><em><\/em><\/td><td><em>6<\/em><em><\/em><\/td><\/tr><tr><td><em>2.<\/em><em><\/em><\/td><td><em>O<\/em><em><\/em><\/td><td><a href=\"https:\/\/unhz.eu\/fakulteti-i-biznesit\/wp-content\/uploads\/sites\/2\/2025\/11\/Financat-e-Avancuara-te-Korporates.pdf\"><em>Financat e Avancuara t\u00eb<\/em> <em>Korporatave<\/em><\/a><\/td><td><em>3+2<\/em><em><\/em><\/td><td><em>6<\/em><em><\/em><\/td><\/tr><tr><td><em>3.<\/em><em><\/em><\/td><td><em>O<\/em><em><\/em><\/td><td><em><a href=\"https:\/\/unhz.eu\/fakulteti-i-biznesit\/wp-content\/uploads\/sites\/2\/2025\/11\/Investimet-dhe-Menaxhimi-i-Portofolit.pdf\">Investimet dhe Menaxhimi i Portofolit<\/a><\/em><\/td><td><em>3+2<\/em><em><\/em><\/td><td><em>6<\/em><em><\/em><\/td><\/tr><tr><td><em>4.<\/em><em><\/em><\/td><td><em>O<\/em><em><\/em><\/td><td><em><a href=\"https:\/\/unhz.eu\/fakulteti-i-biznesit\/wp-content\/uploads\/sites\/2\/2025\/11\/Mesimi-Praktik-dhe-Zhvillimi-i-Karrieres-1.pdf\">M\u00ebsimi Praktik dhe Zhvillimi i Karrier\u00ebs<\/a><\/em><\/td><td><em>0+2<\/em><em><\/em><\/td><td><em>2<\/em><em><\/em><\/td><\/tr><tr><td>&nbsp;<\/td><td>&nbsp;<\/td><td><em>TOTAL<\/em><em><\/em><\/td><td><em>9+8<\/em><em><\/em><\/td><td><em>20<\/em><em><\/em><\/td><\/tr><tr><td colspan=\"5\"><strong><em>L\u00ebnd\u00ebt zgjedhore p\u00ebr specializimet \u201cMenaxhim Biznesi\u201d dhe \u201cBanka dhe Financa\u201d<\/em><\/strong> <strong><em>Student\u00ebt duhet t\u00eb zgjedhin dy l\u00ebnd\u00eb nga l\u00ebnd\u00ebt zgjedhore<\/em><\/strong><\/td><\/tr><tr><td colspan=\"5\"><strong><em>Viti i dyt\u00eb \u2013 Semestri i tret\u00eb<\/em><\/strong><strong><em><\/em><\/strong><\/td><\/tr><tr><td><strong><em>Nr.<\/em><\/strong><strong><em><\/em><\/strong><\/td><td><strong><em>Obli.\/Zgj.<\/em><\/strong><strong><em><\/em><\/strong><\/td><td><strong><em>L\u00ebnda:<\/em><\/strong><strong><em><\/em><\/strong><\/td><td><strong><em>Or\u00eb L+U<\/em><\/strong><strong><em><\/em><\/strong><\/td><td><strong><em>ECTS<\/em><\/strong><strong><em><\/em><\/strong><\/td><\/tr><tr><td><em>1.<\/em><em><\/em><\/td><td><em>Z<\/em><em><\/em><\/td><td><em><a href=\"https:\/\/unhz.eu\/fakulteti-i-biznesit\/wp-content\/uploads\/sites\/2\/2025\/11\/Bashkimi-dhe-Blerjet-e-Bizneseve.pdf\">Bashkimi dhe Blerjet e Bizneseve<\/a><\/em><\/td><td><em>3+2<\/em><em><\/em><\/td><td><em>5<\/em><em><\/em><\/td><\/tr><tr><td><em>2.<\/em><em><\/em><\/td><td><em>Z<\/em><em><\/em><\/td><td><em><a href=\"https:\/\/unhz.eu\/fakulteti-i-biznesit\/wp-content\/uploads\/sites\/2\/2025\/11\/Menaxhimi-i-Marketingut.pdf\">Menaxhimi i Marketingut<\/a><\/em><\/td><td><em>3+2<\/em><em><\/em><\/td><td><em>5<\/em><em><\/em><\/td><\/tr><tr><td><em>3.<\/em><em><\/em><\/td><td><em>Z<\/em><em><\/em><\/td><td><em><a href=\"https:\/\/unhz.eu\/fakulteti-i-biznesit\/wp-content\/uploads\/sites\/2\/2025\/11\/Etika-ne-Biznes.pdf\">Etika n\u00eb Biznes<\/a><\/em><\/td><td><em>3+2<\/em><em><\/em><\/td><td><em>5<\/em><em><\/em><\/td><\/tr><tr><td><em>4.<\/em><em><\/em><\/td><td><em>Z<\/em><em><\/em><\/td><td><em><a href=\"https:\/\/unhz.eu\/fakulteti-i-biznesit\/wp-content\/uploads\/sites\/2\/2025\/11\/Sjellja-e-Konsumatore.pdf\">Sjellja Konsumatore<\/a><\/em><\/td><td><em>3+2<\/em><em><\/em><\/td><td><em>5<\/em><em><\/em><\/td><\/tr><tr><td><em>5.<\/em><em><\/em><\/td><td><em>Z<\/em><em><\/em><\/td><td><em><a href=\"https:\/\/unhz.eu\/fakulteti-i-biznesit\/wp-content\/uploads\/sites\/2\/2025\/11\/Analiza-e-te-dhenave-me-ERP.pdf\">Analiza e t\u00eb Dh\u00ebnave me ERP<\/a><\/em><\/td><td><em>3+2<\/em><em><\/em><\/td><td><em>5<\/em><em><\/em><\/td><\/tr><tr><td><em>6.<\/em><em><\/em><\/td><td><em>Z<\/em><em><\/em><\/td><td><em><a href=\"https:\/\/unhz.eu\/fakulteti-i-biznesit\/wp-content\/uploads\/sites\/2\/2025\/11\/Menaxhimi-i-Kohes-dhe-Stresit.pdf\">Menaxhimi i Stresit dhe Koh\u00ebs<\/a><\/em><\/td><td><em>3+2<\/em><em><\/em><\/td><td><em>5<\/em><em><\/em><\/td><\/tr><tr><td><em>7.<\/em><em><\/em><\/td><td><em>Z<\/em><em><\/em><\/td><td><a href=\"https:\/\/unhz.eu\/fakulteti-i-biznesit\/wp-content\/uploads\/sites\/2\/2025\/11\/Qeverisje-Mjedisore-Sociale-dhe-Korporative-ESG-1.pdf\"><em>Qeverisja Mjedisore, Sociale dhe<\/em> <em>Korporative<\/em><\/a><\/td><td><em>3+2<\/em><em><\/em><\/td><td><em>5<\/em><em><\/em><\/td><\/tr><\/tbody><\/table><\/figure>\n\n\n\n<figure class=\"wp-block-table\"><table><tbody><tr><td><em>8.<\/em><em><\/em><\/td><td><em>Z<\/em><em><\/em><\/td><td><em>Tregjet dhe Financat<\/em> <em>Nd\u00ebrkomb\u00ebtare<\/em><em><\/em><\/td><td><em>3+2<\/em><em><\/em><\/td><td><em>5<\/em><em><\/em><\/td><\/tr><tr><td><em>9.<\/em><em><\/em><\/td><td><em>Z<\/em><em><\/em><\/td><td><em><a href=\"https:\/\/unhz.eu\/fakulteti-i-biznesit\/wp-content\/uploads\/sites\/2\/2025\/11\/Financat-digjitale.pdf\">Financat Digjitale<\/a><\/em><\/td><td><em>3+2<\/em><em><\/em><\/td><td><em>5<\/em><em><\/em><\/td><\/tr><tr><td><em>10.<\/em><em><\/em><\/td><td><em>Z<\/em><em><\/em><\/td><td><em><a href=\"https:\/\/unhz.eu\/fakulteti-i-biznesit\/wp-content\/uploads\/sites\/2\/2025\/11\/Menaxhimi-i-Riskut-dhe-Sigurimet.pdf\">Menaxhimi i Riskut dhe Sigurimet<\/a><\/em><\/td><td><em>3+2<\/em><em><\/em><\/td><td><em>5<\/em><em><\/em><\/td><\/tr><tr><td><em>11.<\/em><em><\/em><\/td><td><em>Z<\/em><em><\/em><\/td><td><em><a href=\"https:\/\/unhz.eu\/fakulteti-i-biznesit\/wp-content\/uploads\/sites\/2\/2025\/11\/Politika-Monetare.pdf\">Politika Monetare<\/a><\/em><\/td><td><em>3+2<\/em><em><\/em><\/td><td><em>5<\/em><em><\/em><\/td><\/tr><tr><td><em>12.<\/em><em><\/em><\/td><td><em>Z<\/em><em><\/em><\/td><td><a href=\"https:\/\/unhz.eu\/fakulteti-i-biznesit\/wp-content\/uploads\/sites\/2\/2025\/11\/Vleresimi-i-Rrezikut-dhe-Kontrolli-ne-Korporata.pdf\"><em>Vler\u00ebsimi i Rrezikut dhe Kontrolli n\u00eb<\/em> <em>Korporata<\/em><\/a><\/td><td><em>3+2<\/em><em><\/em><\/td><td><em>5<\/em><em><\/em><\/td><\/tr><tr><td><em>13.<\/em><em><\/em><\/td><td><em>Z<\/em><em><\/em><\/td><td><em><a href=\"https:\/\/unhz.eu\/fakulteti-i-biznesit\/wp-content\/uploads\/sites\/2\/2025\/11\/Auditimi-i-performances.pdf\">Auditimi i P\u00ebrformanc\u00ebs<\/a><\/em><\/td><td><em>3+2<\/em><em><\/em><\/td><td><em>5<\/em><em><\/em><\/td><\/tr><tr><td>&nbsp;<\/td><td>&nbsp;<\/td><td><em>TOTAL<\/em><em><\/em><\/td><td>6+4<\/td><td>10<\/td><\/tr><tr><td colspan=\"5\"><strong><em>Viti i dyt\u00eb \u2013 Semestri i kat\u00ebrt<\/em><\/strong><strong><em><\/em><\/strong><\/td><\/tr><tr><td><strong><em>Nr.<\/em><\/strong><strong><em><\/em><\/strong><\/td><td><strong><em>Obli.\/Zgj.<\/em><\/strong><strong><em><\/em><\/strong><\/td><td><strong><em>L\u00ebnda:<\/em><\/strong><strong><em><\/em><\/strong><\/td><td><strong><em>Or\u00eb L+U<\/em><\/strong><strong><em><\/em><\/strong><\/td><td><strong><em>ECTS<\/em><\/strong><strong><em><\/em><\/strong><\/td><\/tr><tr><td><em>1.<\/em><em><\/em><\/td><td><em>O<\/em><em><\/em><\/td><td><em>Punimi i Diplom\u00ebs &#8211; Master<\/em><\/td><td>&nbsp;<\/td><td><em>30<\/em><em><\/em><\/td><\/tr><tr><td>&nbsp;<\/td><td>&nbsp;<\/td><td><em>TOTAL<\/em><em><\/em><\/td><td>&nbsp;<\/td><td><em>30<\/em><em><\/em><\/td><\/tr><\/tbody><\/table><\/figure>\n\n\n\n<p><\/p>","protected":false},"excerpt":{"rendered":"<p>PROGRAMI: MASTER I SHKENCAVE N\u00cb MENAXHIM BIZNESI Business Management (MSc.) Profilet me specializim n\u00eb: Viti&hellip;<\/p>","protected":false},"author":1,"featured_media":0,"parent":0,"menu_order":0,"comment_status":"closed","ping_status":"closed","template":"","meta":{"footnotes":""},"class_list":["post-49922","page","type-page","status-publish","hentry"],"yoast_head":"<!-- This site is optimized with the Yoast SEO Premium plugin v27.2 (Yoast SEO v27.2) - https:\/\/yoast.com\/product\/yoast-seo-premium-wordpress\/ -->\n<title>MENAXHIM BIZNESI Master 2025-2030 - Fakulteti i Biznesit<\/title>\n<meta name=\"robots\" content=\"index, follow, max-snippet:-1, max-image-preview:large, max-video-preview:-1\" \/>\n<link rel=\"canonical\" href=\"https:\/\/unhz.eu\/fakulteti-i-biznesit\/en\/menaxhim-biznesi-master-2025-2030\/\" \/>\n<meta property=\"og:locale\" content=\"en_US\" \/>\n<meta property=\"og:type\" content=\"article\" \/>\n<meta property=\"og:title\" content=\"MENAXHIM BIZNESI Master 2025-2030\" \/>\n<meta property=\"og:description\" content=\"PROGRAMI: MASTER I SHKENCAVE N\u00cb MENAXHIM BIZNESI Business Management (MSc.) Profilet me specializim n\u00eb: Viti&hellip;\" \/>\n<meta property=\"og:url\" content=\"https:\/\/unhz.eu\/fakulteti-i-biznesit\/en\/menaxhim-biznesi-master-2025-2030\/\" \/>\n<meta property=\"og:site_name\" content=\"Fakulteti i Biznesit\" \/>\n<meta property=\"article:modified_time\" content=\"2025-11-12T09:44:56+00:00\" \/>\n<meta name=\"twitter:card\" content=\"summary_large_image\" \/>\n<meta name=\"twitter:label1\" content=\"Est. reading time\" \/>\n\t<meta name=\"twitter:data1\" content=\"2 minutes\" \/>\n<script type=\"application\/ld+json\" class=\"yoast-schema-graph\">{\"@context\":\"https:\/\/schema.org\",\"@graph\":[{\"@type\":\"WebPage\",\"@id\":\"https:\/\/unhz.eu\/fakulteti-i-biznesit\/menaxhim-biznesi-master-2025-2030\/\",\"url\":\"https:\/\/unhz.eu\/fakulteti-i-biznesit\/menaxhim-biznesi-master-2025-2030\/\",\"name\":\"MENAXHIM BIZNESI Master 2025-2030 - Fakulteti i Biznesit\",\"isPartOf\":{\"@id\":\"https:\/\/unhz.eu\/fakulteti-i-biznesit\/#website\"},\"datePublished\":\"2025-10-27T13:54:09+00:00\",\"dateModified\":\"2025-11-12T09:44:56+00:00\",\"breadcrumb\":{\"@id\":\"https:\/\/unhz.eu\/fakulteti-i-biznesit\/menaxhim-biznesi-master-2025-2030\/#breadcrumb\"},\"inLanguage\":\"en-US\",\"potentialAction\":[{\"@type\":\"ReadAction\",\"target\":[\"https:\/\/unhz.eu\/fakulteti-i-biznesit\/menaxhim-biznesi-master-2025-2030\/\"]}]},{\"@type\":\"BreadcrumbList\",\"@id\":\"https:\/\/unhz.eu\/fakulteti-i-biznesit\/menaxhim-biznesi-master-2025-2030\/#breadcrumb\",\"itemListElement\":[{\"@type\":\"ListItem\",\"position\":1,\"name\":\"Home\",\"item\":\"https:\/\/unhz.eu\/fakulteti-i-biznesit\/\"},{\"@type\":\"ListItem\",\"position\":2,\"name\":\"MENAXHIM BIZNESI Master 2025-2030\"}]},{\"@type\":\"WebSite\",\"@id\":\"https:\/\/unhz.eu\/fakulteti-i-biznesit\/#website\",\"url\":\"https:\/\/unhz.eu\/fakulteti-i-biznesit\/\",\"name\":\"Fakulteti i Biznesit\",\"description\":\"I dedikuar p\u00ebr cil\u00ebsi standarde dhe suksese\",\"publisher\":{\"@id\":\"https:\/\/unhz.eu\/fakulteti-i-biznesit\/#organization\"},\"potentialAction\":[{\"@type\":\"SearchAction\",\"target\":{\"@type\":\"EntryPoint\",\"urlTemplate\":\"https:\/\/unhz.eu\/fakulteti-i-biznesit\/?s={search_term_string}\"},\"query-input\":{\"@type\":\"PropertyValueSpecification\",\"valueRequired\":true,\"valueName\":\"search_term_string\"}}],\"inLanguage\":\"en-US\"},{\"@type\":\"Organization\",\"@id\":\"https:\/\/unhz.eu\/fakulteti-i-biznesit\/#organization\",\"name\":\"Fakulteti i Biznesit\",\"url\":\"https:\/\/unhz.eu\/fakulteti-i-biznesit\/\",\"logo\":{\"@type\":\"ImageObject\",\"inLanguage\":\"en-US\",\"@id\":\"https:\/\/unhz.eu\/fakulteti-i-biznesit\/#\/schema\/logo\/image\/\",\"url\":\"https:\/\/unhz.eu\/fakulteti-i-biznesit\/wp-content\/uploads\/sites\/2\/2024\/02\/cropped-logo-1-1-e1713527702695.png\",\"contentUrl\":\"https:\/\/unhz.eu\/fakulteti-i-biznesit\/wp-content\/uploads\/sites\/2\/2024\/02\/cropped-logo-1-1-e1713527702695.png\",\"width\":100,\"height\":100,\"caption\":\"Fakulteti i Biznesit\"},\"image\":{\"@id\":\"https:\/\/unhz.eu\/fakulteti-i-biznesit\/#\/schema\/logo\/image\/\"}}]}<\/script>\n<!-- \/ Yoast SEO Premium plugin. -->","yoast_head_json":{"title":"MENAXHIM BIZNESI Master 2025-2030 - Fakulteti i Biznesit","robots":{"index":"index","follow":"follow","max-snippet":"max-snippet:-1","max-image-preview":"max-image-preview:large","max-video-preview":"max-video-preview:-1"},"canonical":"https:\/\/unhz.eu\/fakulteti-i-biznesit\/en\/menaxhim-biznesi-master-2025-2030\/","og_locale":"en_US","og_type":"article","og_title":"MENAXHIM BIZNESI Master 2025-2030","og_description":"PROGRAMI: MASTER I SHKENCAVE N\u00cb MENAXHIM BIZNESI Business Management (MSc.) Profilet me specializim n\u00eb: Viti&hellip;","og_url":"https:\/\/unhz.eu\/fakulteti-i-biznesit\/en\/menaxhim-biznesi-master-2025-2030\/","og_site_name":"Fakulteti i Biznesit","article_modified_time":"2025-11-12T09:44:56+00:00","twitter_card":"summary_large_image","twitter_misc":{"Est. reading time":"2 minutes"},"schema":{"@context":"https:\/\/schema.org","@graph":[{"@type":"WebPage","@id":"https:\/\/unhz.eu\/fakulteti-i-biznesit\/menaxhim-biznesi-master-2025-2030\/","url":"https:\/\/unhz.eu\/fakulteti-i-biznesit\/menaxhim-biznesi-master-2025-2030\/","name":"MENAXHIM BIZNESI Master 2025-2030 - Fakulteti i Biznesit","isPartOf":{"@id":"https:\/\/unhz.eu\/fakulteti-i-biznesit\/#website"},"datePublished":"2025-10-27T13:54:09+00:00","dateModified":"2025-11-12T09:44:56+00:00","breadcrumb":{"@id":"https:\/\/unhz.eu\/fakulteti-i-biznesit\/menaxhim-biznesi-master-2025-2030\/#breadcrumb"},"inLanguage":"en-US","potentialAction":[{"@type":"ReadAction","target":["https:\/\/unhz.eu\/fakulteti-i-biznesit\/menaxhim-biznesi-master-2025-2030\/"]}]},{"@type":"BreadcrumbList","@id":"https:\/\/unhz.eu\/fakulteti-i-biznesit\/menaxhim-biznesi-master-2025-2030\/#breadcrumb","itemListElement":[{"@type":"ListItem","position":1,"name":"Home","item":"https:\/\/unhz.eu\/fakulteti-i-biznesit\/"},{"@type":"ListItem","position":2,"name":"MENAXHIM BIZNESI Master 2025-2030"}]},{"@type":"WebSite","@id":"https:\/\/unhz.eu\/fakulteti-i-biznesit\/#website","url":"https:\/\/unhz.eu\/fakulteti-i-biznesit\/","name":"Faculty of Business","description":"Dedicated to standard quality and success","publisher":{"@id":"https:\/\/unhz.eu\/fakulteti-i-biznesit\/#organization"},"potentialAction":[{"@type":"SearchAction","target":{"@type":"EntryPoint","urlTemplate":"https:\/\/unhz.eu\/fakulteti-i-biznesit\/?s={search_term_string}"},"query-input":{"@type":"PropertyValueSpecification","valueRequired":true,"valueName":"search_term_string"}}],"inLanguage":"en-US"},{"@type":"Organization","@id":"https:\/\/unhz.eu\/fakulteti-i-biznesit\/#organization","name":"Faculty of Business","url":"https:\/\/unhz.eu\/fakulteti-i-biznesit\/","logo":{"@type":"ImageObject","inLanguage":"en-US","@id":"https:\/\/unhz.eu\/fakulteti-i-biznesit\/#\/schema\/logo\/image\/","url":"https:\/\/unhz.eu\/fakulteti-i-biznesit\/wp-content\/uploads\/sites\/2\/2024\/02\/cropped-logo-1-1-e1713527702695.png","contentUrl":"https:\/\/unhz.eu\/fakulteti-i-biznesit\/wp-content\/uploads\/sites\/2\/2024\/02\/cropped-logo-1-1-e1713527702695.png","width":100,"height":100,"caption":"Fakulteti i Biznesit"},"image":{"@id":"https:\/\/unhz.eu\/fakulteti-i-biznesit\/#\/schema\/logo\/image\/"}}]}},"_links":{"self":[{"href":"https:\/\/unhz.eu\/fakulteti-i-biznesit\/en\/wp-json\/wp\/v2\/pages\/49922","targetHints":{"allow":["GET"]}}],"collection":[{"href":"https:\/\/unhz.eu\/fakulteti-i-biznesit\/en\/wp-json\/wp\/v2\/pages"}],"about":[{"href":"https:\/\/unhz.eu\/fakulteti-i-biznesit\/en\/wp-json\/wp\/v2\/types\/page"}],"author":[{"embeddable":true,"href":"https:\/\/unhz.eu\/fakulteti-i-biznesit\/en\/wp-json\/wp\/v2\/users\/1"}],"replies":[{"embeddable":true,"href":"https:\/\/unhz.eu\/fakulteti-i-biznesit\/en\/wp-json\/wp\/v2\/comments?post=49922"}],"version-history":[{"count":3,"href":"https:\/\/unhz.eu\/fakulteti-i-biznesit\/en\/wp-json\/wp\/v2\/pages\/49922\/revisions"}],"predecessor-version":[{"id":50195,"href":"https:\/\/unhz.eu\/fakulteti-i-biznesit\/en\/wp-json\/wp\/v2\/pages\/49922\/revisions\/50195"}],"wp:attachment":[{"href":"https:\/\/unhz.eu\/fakulteti-i-biznesit\/en\/wp-json\/wp\/v2\/media?parent=49922"}],"curies":[{"name":"wp","href":"https:\/\/api.w.org\/{rel}","templated":true}]}}