{"id":49912,"date":"2025-10-27T15:51:20","date_gmt":"2025-10-27T13:51:20","guid":{"rendered":"https:\/\/unhz.eu\/fakulteti-i-biznesit\/?page_id=49912"},"modified":"2025-10-27T15:51:21","modified_gmt":"2025-10-27T13:51:21","slug":"menaxhim-biznesi-master-2019-2022","status":"publish","type":"page","link":"https:\/\/unhz.eu\/fakulteti-i-biznesit\/en\/programet-mmb\/menaxhim-biznesi-master-2019-2022\/","title":{"rendered":"Menaxhim Biznesi \u2013 Master 2019-2022"},"content":{"rendered":"<p><strong>Programi i studimit Menaxhim Biznesi \u2013 Master<\/strong><\/p>\n\n\n\n<p><a href=\"https:\/\/drive.google.com\/file\/d\/1qAjVM5uRRLGEVVZ4V5LQ8VLdVHlOi1wb\/view?usp=sharing\">Vendimi i akreditimit t\u00eb programit<\/a><\/p>\n\n\n\n<p>Profilet me koncentrim n\u00eb:<\/p>\n\n\n\n<ol class=\"wp-block-list\">\n<li>Menaxhim Biznesi,<\/li>\n\n\n\n<li>Banka dhe Financa<\/li>\n\n\n\n<li>Kontroll dhe Auditim<\/li>\n<\/ol>\n\n\n\n<p><em>Viti i par\u00eb i p\u00ebrbashk\u00ebt<\/em><\/p>\n\n\n\n<figure class=\"wp-block-table\"><table><tbody><tr><td colspan=\"5\"><em>Viti i par\u00eb \u2013 Semestri i par\u00eb:<\/em><\/td><\/tr><tr><td><em>Nr.<\/em><\/td><td><em>Obli.\/Zgj.<\/em><\/td><td><em>L\u00ebnda:<\/em><\/td><td><em>Or\u00eb L+U<\/em><\/td><td><em>ECTS<\/em><\/td><\/tr><tr><td><em>1.<\/em><\/td><td><em>O<\/em><\/td><td><a href=\"https:\/\/drive.google.com\/file\/d\/1D1wvr1QClJd8CNTlffIx6A2-ZSWMZTj8\/view?usp=sharing\"><em>Metodat cil\u00ebsore n\u00eb k\u00ebrkim shkencor<\/em><\/a><\/td><td><em>2+2<\/em><\/td><td><em>5<\/em><\/td><\/tr><tr><td><em>2.<\/em><\/td><td><em>O<\/em><\/td><td><a href=\"https:\/\/drive.google.com\/file\/d\/1z0aBjjTQqoxJGodW-gGc5dvA7W2mFfCO\/view?usp=sharing\"><em>Ekonomiksi i avancuar menaxherial<\/em><\/a><\/td><td><em>4+2<\/em><\/td><td><em>7<\/em><\/td><\/tr><tr><td><em>3.<\/em><\/td><td><em>O<\/em><\/td><td><a href=\"https:\/\/drive.google.com\/file\/d\/1irRoq7mIgFxcFx2wMWKO2vKWesXG2q50\/view?usp=sharing\"><em>Teorit\u00eb bashk\u00ebkohore t\u00eb organizimit<\/em><\/a><\/td><td><em>3+2<\/em><\/td><td><em>6<\/em><\/td><\/tr><tr><td><em>4.<\/em><\/td><td><em>O<\/em><\/td><td><a href=\"https:\/\/drive.google.com\/file\/d\/1sQk25MeQ-HysNFXYh9qRAmCA0lAl0wwC\/view?usp=sharing\"><em>Menaxhmenti financiar i avancuar<\/em><\/a><\/td><td><em>3+2<\/em><\/td><td><em>6<\/em><\/td><\/tr><tr><td><em>5.<\/em><\/td><td><em>Z<\/em><\/td><td><a href=\"https:\/\/drive.google.com\/file\/d\/1O0Ru1lbqnZZkqbALYhXEKrsuEWLLKVYn\/view?usp=sharing\"><em>Kontratat nd\u00ebrkomb\u00ebtare n\u00eb biznes<\/em><\/a><\/td><td><em>3+2<\/em><\/td><td><em>6<\/em><\/td><\/tr><tr><td><em>6.<\/em><\/td><td><em>Z<\/em><\/td><td><a href=\"https:\/\/drive.google.com\/file\/d\/1-VMc889_qtO6KTUNeOd5dZxDEIL4Psvm\/view?usp=sharing\"><em>Menaxhimi bankar i avancuar<\/em><\/a><\/td><td><em>3+2<\/em><\/td><td><em>6<\/em><\/td><\/tr><tr><td><em>7.<\/em><\/td><td><em>Z<\/em><\/td><td><a href=\"https:\/\/drive.google.com\/file\/d\/1qd72yXa6hIfzvVhZaVGjnrRBE9lCY7XC\/view?usp=sharing\"><em>Auditimi i avancuar<\/em><\/a><\/td><td><em>3+2<\/em><\/td><td><em>6<\/em><\/td><\/tr><tr><td><\/td><td><\/td><td><em>TOTAL<\/em><\/td><td><em>15+10<\/em><\/td><td><em>30<\/em><\/td><\/tr><tr><td colspan=\"5\"><em>Viti i par\u00eb \u2013 Semestri dyt\u00eb:<\/em><\/td><\/tr><tr><td><em>Nr.<\/em><\/td><td><em>Obli.\/Zgj.<\/em><\/td><td><em>L\u00ebnda:<\/em><\/td><td><em>Or\u00eb L+U<\/em><\/td><td><em>ECTS<\/em><\/td><\/tr><tr><td><em>1.<\/em><\/td><td><em>O<\/em><\/td><td><a href=\"https:\/\/drive.google.com\/file\/d\/1l5mYJACO_YKkCT78AmaXU1UeQyt8jNOf\/view?usp=sharing\"><em>Metodat dhe teknikat sasiore n\u00eb k\u00ebrkim shkencor<\/em><\/a><\/td><td><em>3+2<\/em><\/td><td><em>6<\/em><\/td><\/tr><tr><td><em>2.<\/em><\/td><td><em>O<\/em><\/td><td><a href=\"https:\/\/drive.google.com\/file\/d\/1WUDGSYOz06dh2vXDSU2mAWsg_EMv6rFK\/view?usp=sharing\"><em>Menaxhmenti strategjik i avancuar<\/em><\/a><\/td><td><em>3+2<\/em><\/td><td><em>6<\/em><\/td><\/tr><tr><td><em>3.<\/em><\/td><td><em>O<\/em><\/td><td><a href=\"https:\/\/drive.google.com\/file\/d\/1093d9yZ0c1Gn2ofEK_SY7anuIL06dRS9\/view?usp=sharing\"><em>Sisteme informacioni t\u00eb Menaxhmentit<\/em><\/a><\/td><td><em>3+2<\/em><\/td><td><em>6<\/em><\/td><\/tr><tr><td><em>4.<\/em><\/td><td><em>O<\/em><\/td><td><em><a href=\"https:\/\/drive.google.com\/file\/d\/1_xjMjChjgD0jGL3VlmBqhb0cNwSu2Kzm\/view?usp=sharing\">Mjedisi biznesor nd\u00ebrkomb\u00ebtar<\/a><\/em><\/td><td><em>2+2<\/em><\/td><td><em>6<\/em><\/td><\/tr><tr><td><em>5.<\/em><\/td><td><em>Z<\/em><\/td><td><a href=\"https:\/\/drive.google.com\/file\/d\/1tBVnCqFtAZJuBtv5_qOp-9iWCj2KO2_Y\/view?usp=sharing\"><em>Marketingu p\u00ebr menaxher\u00eb<\/em><\/a><\/td><td><em>3+2<\/em><\/td><td><em>6<\/em><\/td><\/tr><tr><td><em>6.<\/em><\/td><td><em>Z<\/em><\/td><td><a href=\"https:\/\/drive.google.com\/file\/d\/1ce_oB8ico_x8A8JmNqHA-HlsKb4aW1w8\/view?usp=sharing\"><em>Menaxhimi total i cil\u00ebsis\u00eb<\/em><\/a><\/td><td><em>3+2<\/em><\/td><td><em>6<\/em><\/td><\/tr><tr><td><em>7.<\/em><\/td><td><em>Z<\/em><\/td><td><a href=\"https:\/\/drive.google.com\/file\/d\/1KIsZoa6azQUI7O_v_fHfx0y52EmD-7HU\/view?usp=sharing\"><em>Kontabiliteti financiar i avancuar<\/em><\/a><\/td><td><em>3+2<\/em><\/td><td><em>6<\/em><\/td><\/tr><tr><td><em>8.<\/em><\/td><td><em>Z<\/em><\/td><td><a href=\"https:\/\/drive.google.com\/file\/d\/1nzslr6yQCKA1ALAqCm6EWAP2Id45i21K\/view?usp=sharing\"><em>Kontabiliteti i kostos<\/em><\/a><\/td><td><em>3+2<\/em><\/td><td><em>6<\/em><\/td><\/tr><tr><td><\/td><td><\/td><td><em>TOTAL<\/em><\/td><td><em>15+10<\/em><\/td><td><em>30<\/em><\/td><\/tr><tr><td colspan=\"5\"><em>Koncentrimi: Menaxhim Biznesi<\/em> <em>Parakushti: P\u00ebr t\u00eb vazhduar k\u00ebt\u00eb profil t\u00eb programit nuk ka parakushte specifike, p\u00ebrve\u00e7 atyre t\u00eb p\u00ebrcaktuara sipas Statutit<\/em><\/td><\/tr><tr><td colspan=\"5\"><em>Viti i dyt\u00eb \u2013 Semestri tret\u00eb:<\/em><\/td><\/tr><tr><td><em>Nr.<\/em><\/td><td><em>Obli.\/Zgj.<\/em><\/td><td><em>L\u00ebnda:<\/em><\/td><td><em>Or\u00eb L+U<\/em><\/td><td><em>ECTS<\/em><\/td><\/tr><tr><td><em>1.<\/em><\/td><td><em>O<\/em><\/td><td><a href=\"https:\/\/drive.google.com\/file\/d\/10uChYHpbpY2qnRGhiVKhApm0kTp3y96I\/view?usp=sharing\"><em>Nd\u00ebrmarr\u00ebsia dhe inovacionet<\/em><\/a><\/td><td><em>3+2<\/em><\/td><td><em>6<\/em><\/td><\/tr><tr><td><em>2.<\/em><\/td><td><em>O<\/em><\/td><td><a href=\"https:\/\/drive.google.com\/file\/d\/1YzBm19HP2O8VBc1lRisn6LUJm0B1hdys\/view?usp=sharing\"><em>Menaxhimi i projekteve t\u00eb BE-s\u00eb<\/em><\/a><\/td><td><em>3+3<\/em><\/td><td><em>6<\/em><\/td><\/tr><tr><td><em>3.<\/em><\/td><td><em>O<\/em><\/td><td><a href=\"https:\/\/drive.google.com\/file\/d\/1wl_OwwBqCIyFln0QrVr--hCnxOm05O7S\/view?usp=sharing\"><em>Bashkimi dhe blerjet e bizneseve<\/em><\/a><\/td><td><em>3+2<\/em><\/td><td><em>6<\/em><\/td><\/tr><tr><td><em>4.<\/em><\/td><td><em>O<\/em><\/td><td><a href=\"https:\/\/drive.google.com\/file\/d\/1dircGcp01_0zEcDYDbjZRWT-DxYHVq-v\/view?usp=sharing\"><em>Etika n\u00eb biznes<\/em><\/a><\/td><td><em>3+2<\/em><\/td><td><em>6<\/em><\/td><\/tr><tr><td><em>5.<\/em><\/td><td><em>Z<\/em><\/td><td><a href=\"https:\/\/drive.google.com\/file\/d\/1SqoFGEcmpv4t5sFi_1rBMqsBmHIw3L0g\/view?usp=sharing\"><em>Lidershipi dhe vendimmarrja<\/em><\/a><\/td><td><em>3+2<\/em><\/td><td><em>6<\/em><\/td><\/tr><tr><td><em>6.<\/em><\/td><td><em>Z<\/em><\/td><td><a href=\"https:\/\/drive.google.com\/file\/d\/19hN0vHphfRiFl4byANegrsAvBpfIHMie\/view?usp=sharing\"><em>Sjellja e konsumator\u00ebve<\/em><\/a><\/td><td><em>3+2<\/em><\/td><td><em>6<\/em><\/td><\/tr><tr><td><\/td><td><\/td><td><em>TOTAL<\/em><\/td><td><em>15+10<\/em><\/td><td><em>30<\/em><\/td><\/tr><tr><td colspan=\"5\"><em>Koncentrimi: Banka dhe Financa<\/em> <em>Parakushti: P\u00ebr t\u00eb diplomuar n\u00eb k\u00ebt\u00eb profil t\u00eb programit duhet pasur t\u00eb fituara s\u00eb paku 60 ECTS kredi nga l\u00ebnd\u00ebt me \u201c*\u201d<\/em><\/td><\/tr><tr><td colspan=\"5\"><em>Viti i dyt\u00eb \u2013 Semestri tret\u00eb:<\/em><\/td><\/tr><tr><td><em>Nr.<\/em><\/td><td><em>Obli.\/Zgj.<\/em><\/td><td><em>L\u00ebnda:<\/em><\/td><td><em>Or\u00eb L+U<\/em><\/td><td><em>ECTS<\/em><\/td><\/tr><tr><td><em>1.<\/em><\/td><td><em>O<\/em><\/td><td><a href=\"https:\/\/drive.google.com\/file\/d\/1q2KkqZuYDiil1BdPCGLwBmYWScnuIQRf\/view?usp=sharing\"><em>Menaxhimi i institucioneve financiare<\/em><\/a><\/td><td><em>3+2<\/em><\/td><td><em>6<\/em><\/td><\/tr><tr><td><em>2.<\/em><\/td><td><em>O<\/em><\/td><td><a href=\"https:\/\/drive.google.com\/file\/d\/1e388rqr6X3tkoYBDfBxGRPQVp4bzEvEi\/view?usp=sharing\"><em>Financat e avancuara t\u00eb korporatave<\/em><\/a><\/td><td><em>3+2<\/em><\/td><td><em>6<\/em><\/td><\/tr><tr><td><em>3.<\/em><\/td><td><em>O<\/em><\/td><td><a href=\"https:\/\/drive.google.com\/file\/d\/1O7V7AduMuA4kLmyvVvZWfw71z_M8K0_D\/view?usp=sharing\"><em>Investimet dhe menaxhimi i portofolit<\/em><\/a><\/td><td><em>3+2<\/em><\/td><td><em>6<\/em><\/td><\/tr><tr><td><em>4.<\/em><\/td><td><em>O<\/em><\/td><td><a href=\"https:\/\/drive.google.com\/file\/d\/1lu9mchgg910_V0HJZ-5TiPcmYgZEtWgN\/view?usp=sharing\"><em>Financa nd\u00ebrkomb\u00ebtare<\/em><\/a><\/td><td><em>3+2<\/em><\/td><td><em>6<\/em><\/td><\/tr><tr><td><em>5.<\/em><\/td><td><em>Z<\/em><\/td><td><a href=\"https:\/\/drive.google.com\/file\/d\/1hM7PwlQwAWn_XXLvPUKXb74xTT9a1hD3\/view?usp=sharing\"><em>Financat digjitale<\/em><\/a><\/td><td><em>3+2<\/em><\/td><td><em>6<\/em><\/td><\/tr><tr><td><em>6.<\/em><\/td><td><em>Z<\/em><\/td><td><a href=\"https:\/\/drive.google.com\/file\/d\/1zJApiMI8tvRf9kNJhJkIV8PGzZ0ltd4d\/view?usp=sharing\"><em>Menaxhimi i riskut financiar<\/em><\/a><\/td><td><em>3+2<\/em><\/td><td><em>6<\/em><\/td><\/tr><tr><td><\/td><td><\/td><td><em>TOTAL<\/em><\/td><td><em>15+10<\/em><\/td><td><em>30<\/em><\/td><\/tr><tr><td colspan=\"5\"><em>Koncentrimi: Kontroll dhe Auditim<\/em> <em>Parakushti: P\u00ebr t\u00eb diplomuar n\u00eb k\u00ebt\u00eb profil t\u00eb programit duhet pasur t\u00eb fituara s\u00eb paku 54 ECTS kredi nga l\u00ebnd\u00ebt me \u201c*\u201d ose \u201c**\u201d<\/em><\/td><\/tr><tr><td colspan=\"5\"><em>Viti i dyt\u00eb \u2013 Semestri i tret\u00eb:<\/em><\/td><\/tr><tr><td><em>Nr.<\/em><\/td><td><em>Obli.\/Zgj.<\/em><\/td><td><em>L\u00ebnda:<\/em><\/td><td><em>Or\u00eb L+U<\/em><\/td><td><em>ECTS<\/em><\/td><\/tr><tr><td><em>1.<\/em><\/td><td><em>O<\/em><\/td><td><a href=\"https:\/\/drive.google.com\/file\/d\/1-GQ31tbDnvyLD7N1F9i0BuUlI25r693E\/view?usp=sharing\"><em>Qeverisja korporative<\/em><\/a><\/td><td><em>3+2<\/em><\/td><td><em>6<\/em><\/td><\/tr><tr><td><em>2.<\/em><\/td><td><em>O<\/em><\/td><td><a href=\"https:\/\/drive.google.com\/file\/d\/1aut8YTG1FmnfJ4sZ_HPFlQf1XgirRMgD\/view?usp=sharing\"><em>Menaxhimi strategjik i kostos<\/em><\/a><\/td><td><em>3+2<\/em><\/td><td><em>6<\/em><\/td><\/tr><tr><td><em>3.<\/em><\/td><td><em>O<\/em><\/td><td><a href=\"https:\/\/drive.google.com\/file\/d\/121Sp6eZ1DuidASAXmngATDoaI3sD9KGn\/view?usp=sharing\"><em>Standardet nd\u00ebrkomb\u00ebtare t\u00eb kontabilitetit dhe raportimit financiare<\/em><\/a><\/td><td><em>3+2<\/em><\/td><td><em>6<\/em><\/td><\/tr><tr><td><em>4.<\/em><\/td><td><em>O<\/em><\/td><td><a href=\"https:\/\/drive.google.com\/file\/d\/15Ed2AMjFVYary8n6jmSjBBd1sA9nA-ZO\/view?usp=sharing\"><em>Vler\u00ebsimi i rrezikut dhe kontrolli n\u00eb korporata<\/em><\/a><\/td><td><em>3+2<\/em><\/td><td><em>6<\/em><\/td><\/tr><tr><td><em>5.<\/em><\/td><td><em>Z<\/em><\/td><td><a href=\"https:\/\/drive.google.com\/file\/d\/1jVI1UanJBRjDtk27aD4oiSar8Irqxo14\/view?usp=sharing\"><em>Ligjet dhe tatimet n\u00eb biznes<\/em><\/a><\/td><td><em>3+2<\/em><\/td><td><em>6<\/em><\/td><\/tr><tr><td><em>6.<\/em><\/td><td><em>Z<\/em><\/td><td><a href=\"https:\/\/drive.google.com\/file\/d\/1vL_8qgIe6vrmA556eIjdJQ5AeRqxfe2f\/view?usp=sharing\"><em>Auditimi i performanc\u00ebs<\/em><\/a><\/td><td><em>3+2<\/em><\/td><td><em>6<\/em><\/td><\/tr><tr><td><\/td><td><\/td><td><em>TOTAL<\/em><\/td><td><em>15+10<\/em><\/td><td><em>30<\/em><\/td><\/tr><tr><td colspan=\"5\"><em>Viti i dyt\u00eb \u2013 Semestri i kat\u00ebrt:<\/em><\/td><\/tr><tr><td><em>Nr.<\/em><\/td><td><em>Obli.\/Zgj.<\/em><\/td><td><em>L\u00ebnda:<\/em><\/td><td><em>Or\u00eb L+U<\/em><\/td><td><em>ECTS<\/em><\/td><\/tr><tr><td><em>1.<\/em><\/td><td><em>O<\/em><\/td><td><em>Punimi i diplom\u00ebs Master<\/em><\/td><td><\/td><td><em>30<\/em><\/td><\/tr><tr><td><\/td><td><\/td><td><em>TOTAL<\/em><\/td><td><\/td><td><em>30<\/em><\/td><\/tr><\/tbody><\/table><\/figure>","protected":false},"excerpt":{"rendered":"<p>Programi i studimit Menaxhim Biznesi \u2013 Master Vendimi i akreditimit t\u00eb programit Profilet me koncentrim&hellip;<\/p>","protected":false},"author":1,"featured_media":0,"parent":48950,"menu_order":0,"comment_status":"closed","ping_status":"closed","template":"","meta":{"footnotes":""},"class_list":["post-49912","page","type-page","status-publish","hentry"],"yoast_head":"<!-- This site is optimized with the Yoast SEO Premium plugin v27.2 (Yoast SEO v27.2) - https:\/\/yoast.com\/product\/yoast-seo-premium-wordpress\/ -->\n<title>Menaxhim Biznesi \u2013 Master 2019-2022 - Fakulteti i Biznesit<\/title>\n<meta name=\"robots\" content=\"index, follow, max-snippet:-1, max-image-preview:large, max-video-preview:-1\" \/>\n<link rel=\"canonical\" href=\"https:\/\/unhz.eu\/fakulteti-i-biznesit\/en\/programet-mmb\/menaxhim-biznesi-master-2019-2022\/\" \/>\n<meta property=\"og:locale\" content=\"en_US\" \/>\n<meta property=\"og:type\" content=\"article\" \/>\n<meta property=\"og:title\" content=\"Menaxhim Biznesi \u2013 Master 2019-2022\" \/>\n<meta property=\"og:description\" content=\"Programi i studimit Menaxhim Biznesi \u2013 Master Vendimi i akreditimit t\u00eb programit Profilet me koncentrim&hellip;\" \/>\n<meta property=\"og:url\" content=\"https:\/\/unhz.eu\/fakulteti-i-biznesit\/en\/programet-mmb\/menaxhim-biznesi-master-2019-2022\/\" \/>\n<meta property=\"og:site_name\" content=\"Fakulteti i Biznesit\" \/>\n<meta property=\"article:modified_time\" content=\"2025-10-27T13:51:21+00:00\" \/>\n<meta name=\"twitter:card\" content=\"summary_large_image\" \/>\n<meta name=\"twitter:label1\" content=\"Est. reading time\" \/>\n\t<meta name=\"twitter:data1\" content=\"3 minutes\" \/>\n<script type=\"application\/ld+json\" class=\"yoast-schema-graph\">{\"@context\":\"https:\/\/schema.org\",\"@graph\":[{\"@type\":\"WebPage\",\"@id\":\"https:\/\/unhz.eu\/fakulteti-i-biznesit\/programet-mmb\/menaxhim-biznesi-master-2019-2022\/\",\"url\":\"https:\/\/unhz.eu\/fakulteti-i-biznesit\/programet-mmb\/menaxhim-biznesi-master-2019-2022\/\",\"name\":\"Menaxhim Biznesi \u2013 Master 2019-2022 - Fakulteti i Biznesit\",\"isPartOf\":{\"@id\":\"https:\/\/unhz.eu\/fakulteti-i-biznesit\/#website\"},\"datePublished\":\"2025-10-27T13:51:20+00:00\",\"dateModified\":\"2025-10-27T13:51:21+00:00\",\"breadcrumb\":{\"@id\":\"https:\/\/unhz.eu\/fakulteti-i-biznesit\/programet-mmb\/menaxhim-biznesi-master-2019-2022\/#breadcrumb\"},\"inLanguage\":\"en-US\",\"potentialAction\":[{\"@type\":\"ReadAction\",\"target\":[\"https:\/\/unhz.eu\/fakulteti-i-biznesit\/programet-mmb\/menaxhim-biznesi-master-2019-2022\/\"]}]},{\"@type\":\"BreadcrumbList\",\"@id\":\"https:\/\/unhz.eu\/fakulteti-i-biznesit\/programet-mmb\/menaxhim-biznesi-master-2019-2022\/#breadcrumb\",\"itemListElement\":[{\"@type\":\"ListItem\",\"position\":1,\"name\":\"Home\",\"item\":\"https:\/\/unhz.eu\/fakulteti-i-biznesit\/\"},{\"@type\":\"ListItem\",\"position\":2,\"name\":\"Programet MMB\",\"item\":\"https:\/\/unhz.eu\/fakulteti-i-biznesit\/programet-mmb\/\"},{\"@type\":\"ListItem\",\"position\":3,\"name\":\"Menaxhim Biznesi \u2013 Master 2019-2022\"}]},{\"@type\":\"WebSite\",\"@id\":\"https:\/\/unhz.eu\/fakulteti-i-biznesit\/#website\",\"url\":\"https:\/\/unhz.eu\/fakulteti-i-biznesit\/\",\"name\":\"Fakulteti i Biznesit\",\"description\":\"I dedikuar p\u00ebr cil\u00ebsi standarde dhe suksese\",\"publisher\":{\"@id\":\"https:\/\/unhz.eu\/fakulteti-i-biznesit\/#organization\"},\"potentialAction\":[{\"@type\":\"SearchAction\",\"target\":{\"@type\":\"EntryPoint\",\"urlTemplate\":\"https:\/\/unhz.eu\/fakulteti-i-biznesit\/?s={search_term_string}\"},\"query-input\":{\"@type\":\"PropertyValueSpecification\",\"valueRequired\":true,\"valueName\":\"search_term_string\"}}],\"inLanguage\":\"en-US\"},{\"@type\":\"Organization\",\"@id\":\"https:\/\/unhz.eu\/fakulteti-i-biznesit\/#organization\",\"name\":\"Fakulteti i Biznesit\",\"url\":\"https:\/\/unhz.eu\/fakulteti-i-biznesit\/\",\"logo\":{\"@type\":\"ImageObject\",\"inLanguage\":\"en-US\",\"@id\":\"https:\/\/unhz.eu\/fakulteti-i-biznesit\/#\/schema\/logo\/image\/\",\"url\":\"https:\/\/unhz.eu\/fakulteti-i-biznesit\/wp-content\/uploads\/sites\/2\/2024\/02\/cropped-logo-1-1-e1713527702695.png\",\"contentUrl\":\"https:\/\/unhz.eu\/fakulteti-i-biznesit\/wp-content\/uploads\/sites\/2\/2024\/02\/cropped-logo-1-1-e1713527702695.png\",\"width\":100,\"height\":100,\"caption\":\"Fakulteti i Biznesit\"},\"image\":{\"@id\":\"https:\/\/unhz.eu\/fakulteti-i-biznesit\/#\/schema\/logo\/image\/\"}}]}<\/script>\n<!-- \/ Yoast SEO Premium plugin. -->","yoast_head_json":{"title":"Menaxhim Biznesi \u2013 Master 2019-2022 - Fakulteti i Biznesit","robots":{"index":"index","follow":"follow","max-snippet":"max-snippet:-1","max-image-preview":"max-image-preview:large","max-video-preview":"max-video-preview:-1"},"canonical":"https:\/\/unhz.eu\/fakulteti-i-biznesit\/en\/programet-mmb\/menaxhim-biznesi-master-2019-2022\/","og_locale":"en_US","og_type":"article","og_title":"Menaxhim Biznesi \u2013 Master 2019-2022","og_description":"Programi i studimit Menaxhim Biznesi \u2013 Master Vendimi i akreditimit t\u00eb programit Profilet me koncentrim&hellip;","og_url":"https:\/\/unhz.eu\/fakulteti-i-biznesit\/en\/programet-mmb\/menaxhim-biznesi-master-2019-2022\/","og_site_name":"Fakulteti i Biznesit","article_modified_time":"2025-10-27T13:51:21+00:00","twitter_card":"summary_large_image","twitter_misc":{"Est. reading time":"3 minutes"},"schema":{"@context":"https:\/\/schema.org","@graph":[{"@type":"WebPage","@id":"https:\/\/unhz.eu\/fakulteti-i-biznesit\/programet-mmb\/menaxhim-biznesi-master-2019-2022\/","url":"https:\/\/unhz.eu\/fakulteti-i-biznesit\/programet-mmb\/menaxhim-biznesi-master-2019-2022\/","name":"Menaxhim Biznesi \u2013 Master 2019-2022 - Fakulteti i Biznesit","isPartOf":{"@id":"https:\/\/unhz.eu\/fakulteti-i-biznesit\/#website"},"datePublished":"2025-10-27T13:51:20+00:00","dateModified":"2025-10-27T13:51:21+00:00","breadcrumb":{"@id":"https:\/\/unhz.eu\/fakulteti-i-biznesit\/programet-mmb\/menaxhim-biznesi-master-2019-2022\/#breadcrumb"},"inLanguage":"en-US","potentialAction":[{"@type":"ReadAction","target":["https:\/\/unhz.eu\/fakulteti-i-biznesit\/programet-mmb\/menaxhim-biznesi-master-2019-2022\/"]}]},{"@type":"BreadcrumbList","@id":"https:\/\/unhz.eu\/fakulteti-i-biznesit\/programet-mmb\/menaxhim-biznesi-master-2019-2022\/#breadcrumb","itemListElement":[{"@type":"ListItem","position":1,"name":"Home","item":"https:\/\/unhz.eu\/fakulteti-i-biznesit\/"},{"@type":"ListItem","position":2,"name":"Programet MMB","item":"https:\/\/unhz.eu\/fakulteti-i-biznesit\/programet-mmb\/"},{"@type":"ListItem","position":3,"name":"Menaxhim Biznesi \u2013 Master 2019-2022"}]},{"@type":"WebSite","@id":"https:\/\/unhz.eu\/fakulteti-i-biznesit\/#website","url":"https:\/\/unhz.eu\/fakulteti-i-biznesit\/","name":"Faculty of Business","description":"Dedicated to standard quality and success","publisher":{"@id":"https:\/\/unhz.eu\/fakulteti-i-biznesit\/#organization"},"potentialAction":[{"@type":"SearchAction","target":{"@type":"EntryPoint","urlTemplate":"https:\/\/unhz.eu\/fakulteti-i-biznesit\/?s={search_term_string}"},"query-input":{"@type":"PropertyValueSpecification","valueRequired":true,"valueName":"search_term_string"}}],"inLanguage":"en-US"},{"@type":"Organization","@id":"https:\/\/unhz.eu\/fakulteti-i-biznesit\/#organization","name":"Faculty of Business","url":"https:\/\/unhz.eu\/fakulteti-i-biznesit\/","logo":{"@type":"ImageObject","inLanguage":"en-US","@id":"https:\/\/unhz.eu\/fakulteti-i-biznesit\/#\/schema\/logo\/image\/","url":"https:\/\/unhz.eu\/fakulteti-i-biznesit\/wp-content\/uploads\/sites\/2\/2024\/02\/cropped-logo-1-1-e1713527702695.png","contentUrl":"https:\/\/unhz.eu\/fakulteti-i-biznesit\/wp-content\/uploads\/sites\/2\/2024\/02\/cropped-logo-1-1-e1713527702695.png","width":100,"height":100,"caption":"Fakulteti i Biznesit"},"image":{"@id":"https:\/\/unhz.eu\/fakulteti-i-biznesit\/#\/schema\/logo\/image\/"}}]}},"_links":{"self":[{"href":"https:\/\/unhz.eu\/fakulteti-i-biznesit\/en\/wp-json\/wp\/v2\/pages\/49912","targetHints":{"allow":["GET"]}}],"collection":[{"href":"https:\/\/unhz.eu\/fakulteti-i-biznesit\/en\/wp-json\/wp\/v2\/pages"}],"about":[{"href":"https:\/\/unhz.eu\/fakulteti-i-biznesit\/en\/wp-json\/wp\/v2\/types\/page"}],"author":[{"embeddable":true,"href":"https:\/\/unhz.eu\/fakulteti-i-biznesit\/en\/wp-json\/wp\/v2\/users\/1"}],"replies":[{"embeddable":true,"href":"https:\/\/unhz.eu\/fakulteti-i-biznesit\/en\/wp-json\/wp\/v2\/comments?post=49912"}],"version-history":[{"count":1,"href":"https:\/\/unhz.eu\/fakulteti-i-biznesit\/en\/wp-json\/wp\/v2\/pages\/49912\/revisions"}],"predecessor-version":[{"id":49920,"href":"https:\/\/unhz.eu\/fakulteti-i-biznesit\/en\/wp-json\/wp\/v2\/pages\/49912\/revisions\/49920"}],"up":[{"embeddable":true,"href":"https:\/\/unhz.eu\/fakulteti-i-biznesit\/en\/wp-json\/wp\/v2\/pages\/48950"}],"wp:attachment":[{"href":"https:\/\/unhz.eu\/fakulteti-i-biznesit\/en\/wp-json\/wp\/v2\/media?parent=49912"}],"curies":[{"name":"wp","href":"https:\/\/api.w.org\/{rel}","templated":true}]}}