{"id":49050,"date":"2025-01-23T13:00:18","date_gmt":"2025-01-23T13:00:18","guid":{"rendered":"https:\/\/unhz.eu\/fakulteti-i-biznesit\/?page_id=49050"},"modified":"2026-01-27T15:07:02","modified_gmt":"2026-01-27T13:07:02","slug":"historiku","status":"publish","type":"page","link":"https:\/\/unhz.eu\/fakulteti-i-biznesit\/en\/historiku\/","title":{"rendered":"Background"},"content":{"rendered":"<p>The Faculty of Business is the successor and legitimate heir of the Faculty of Applied Business Sciences at the University of Prishtina - a faculty that was the successor of the School of Business in Peja and the Higher School of Economics founded in 1960, as an independent institution named the Higher School of Economics - Commercial in Peja. In the academic year 2001\/2002, the Higher School of Economics was reformed according to the model of the Bologna Declaration and in the same year, the Senate of the University of Prishtina approved the curriculum according to this declaration for the bachelor&#039;s level. This school was renamed the School of Business, then the Faculty of Applied Business Sciences and finally, according to the decision of the UP Senate with no. ref. 3\/914 dated 27.10.2010, the Faculty of Business.<\/p>\n\n\n\n<p>The Faculty of Business of the &quot;Haxhi Zeka&quot; University, headquartered in Peja, is the bearer of undergraduate, master&#039;s and other studies determined by the Law on Higher Education and the Statute of the UHZ.<\/p>\n\n\n\n<p>Regular and correspondence studies at the Faculty of Business in Peja are organized for the acquisition of Bachelor and Master academic qualifications. The Faculty of Business consists of three departments. Bachelor and Master studies are offered in all three departments.<\/p>","protected":false},"excerpt":{"rendered":"<p>Fakulteti i Biznesit \u00ebsht\u00eb pasardh\u00ebs dhe trash\u00ebgues legjitim i Fakultetit t\u00eb Shkencave t\u00eb Aplikuara t\u00eb&hellip;<\/p>","protected":false},"author":1,"featured_media":0,"parent":0,"menu_order":0,"comment_status":"closed","ping_status":"closed","template":"","meta":{"footnotes":""},"class_list":["post-49050","page","type-page","status-publish","hentry"],"yoast_head":"<!-- This site is optimized with the Yoast SEO Premium plugin v27.2 (Yoast SEO v27.2) - https:\/\/yoast.com\/product\/yoast-seo-premium-wordpress\/ -->\n<title>Historiku i Fakultetit t\u00eb Biznesit | Universiteti Haxhi Zeka<\/title>\n<meta name=\"description\" content=\"Zbuloni historikun e Fakultetit t\u00eb Biznesit n\u00eb Universitetin Haxhi Zeka \u2014 nga themelimi i Shkoll\u00ebs s\u00eb Lart\u00eb Ekonomike n\u00eb Pej\u00eb (1960) deri te zhvillimi si nj\u00ebsi akademike moderne.\" \/>\n<meta name=\"robots\" content=\"index, follow, max-snippet:-1, max-image-preview:large, max-video-preview:-1\" \/>\n<link rel=\"canonical\" href=\"https:\/\/unhz.eu\/fakulteti-i-biznesit\/en\/historiku\/\" \/>\n<meta property=\"og:locale\" content=\"en_US\" \/>\n<meta property=\"og:type\" content=\"article\" \/>\n<meta property=\"og:title\" content=\"Historiku\" \/>\n<meta property=\"og:description\" content=\"Zbuloni historikun e Fakultetit t\u00eb Biznesit n\u00eb Universitetin Haxhi Zeka \u2014 nga themelimi i Shkoll\u00ebs s\u00eb Lart\u00eb Ekonomike n\u00eb Pej\u00eb (1960) deri te zhvillimi si nj\u00ebsi akademike moderne.\" \/>\n<meta property=\"og:url\" content=\"https:\/\/unhz.eu\/fakulteti-i-biznesit\/en\/historiku\/\" \/>\n<meta property=\"og:site_name\" content=\"Fakulteti i Biznesit\" \/>\n<meta property=\"article:modified_time\" content=\"2026-01-27T13:07:02+00:00\" \/>\n<meta name=\"twitter:card\" content=\"summary_large_image\" \/>\n<meta name=\"twitter:label1\" content=\"Est. reading time\" \/>\n\t<meta name=\"twitter:data1\" content=\"2 minutes\" \/>\n<script type=\"application\/ld+json\" class=\"yoast-schema-graph\">{\"@context\":\"https:\/\/schema.org\",\"@graph\":[{\"@type\":\"WebPage\",\"@id\":\"https:\/\/unhz.eu\/fakulteti-i-biznesit\/historiku\/\",\"url\":\"https:\/\/unhz.eu\/fakulteti-i-biznesit\/historiku\/\",\"name\":\"Historiku i Fakultetit t\u00eb Biznesit | Universiteti Haxhi Zeka\",\"isPartOf\":{\"@id\":\"https:\/\/unhz.eu\/fakulteti-i-biznesit\/#website\"},\"datePublished\":\"2025-01-23T13:00:18+00:00\",\"dateModified\":\"2026-01-27T13:07:02+00:00\",\"description\":\"Zbuloni historikun e Fakultetit t\u00eb Biznesit n\u00eb Universitetin Haxhi Zeka \u2014 nga themelimi i Shkoll\u00ebs s\u00eb Lart\u00eb Ekonomike n\u00eb Pej\u00eb (1960) deri te zhvillimi si nj\u00ebsi akademike moderne.\",\"breadcrumb\":{\"@id\":\"https:\/\/unhz.eu\/fakulteti-i-biznesit\/historiku\/#breadcrumb\"},\"inLanguage\":\"en-US\",\"potentialAction\":[{\"@type\":\"ReadAction\",\"target\":[\"https:\/\/unhz.eu\/fakulteti-i-biznesit\/historiku\/\"]}]},{\"@type\":\"BreadcrumbList\",\"@id\":\"https:\/\/unhz.eu\/fakulteti-i-biznesit\/historiku\/#breadcrumb\",\"itemListElement\":[{\"@type\":\"ListItem\",\"position\":1,\"name\":\"Home\",\"item\":\"https:\/\/unhz.eu\/fakulteti-i-biznesit\/\"},{\"@type\":\"ListItem\",\"position\":2,\"name\":\"Historiku\"}]},{\"@type\":\"WebSite\",\"@id\":\"https:\/\/unhz.eu\/fakulteti-i-biznesit\/#website\",\"url\":\"https:\/\/unhz.eu\/fakulteti-i-biznesit\/\",\"name\":\"Fakulteti i Biznesit\",\"description\":\"I dedikuar p\u00ebr cil\u00ebsi standarde dhe suksese\",\"publisher\":{\"@id\":\"https:\/\/unhz.eu\/fakulteti-i-biznesit\/#organization\"},\"potentialAction\":[{\"@type\":\"SearchAction\",\"target\":{\"@type\":\"EntryPoint\",\"urlTemplate\":\"https:\/\/unhz.eu\/fakulteti-i-biznesit\/?s={search_term_string}\"},\"query-input\":{\"@type\":\"PropertyValueSpecification\",\"valueRequired\":true,\"valueName\":\"search_term_string\"}}],\"inLanguage\":\"en-US\"},{\"@type\":\"Organization\",\"@id\":\"https:\/\/unhz.eu\/fakulteti-i-biznesit\/#organization\",\"name\":\"Fakulteti i Biznesit\",\"url\":\"https:\/\/unhz.eu\/fakulteti-i-biznesit\/\",\"logo\":{\"@type\":\"ImageObject\",\"inLanguage\":\"en-US\",\"@id\":\"https:\/\/unhz.eu\/fakulteti-i-biznesit\/#\/schema\/logo\/image\/\",\"url\":\"https:\/\/unhz.eu\/fakulteti-i-biznesit\/wp-content\/uploads\/sites\/2\/2024\/02\/cropped-logo-1-1-e1713527702695.png\",\"contentUrl\":\"https:\/\/unhz.eu\/fakulteti-i-biznesit\/wp-content\/uploads\/sites\/2\/2024\/02\/cropped-logo-1-1-e1713527702695.png\",\"width\":100,\"height\":100,\"caption\":\"Fakulteti i Biznesit\"},\"image\":{\"@id\":\"https:\/\/unhz.eu\/fakulteti-i-biznesit\/#\/schema\/logo\/image\/\"}}]}<\/script>\n<!-- \/ Yoast SEO Premium plugin. -->","yoast_head_json":{"title":"Historiku i Fakultetit t\u00eb Biznesit | Universiteti Haxhi Zeka","description":"Zbuloni historikun e Fakultetit t\u00eb Biznesit n\u00eb Universitetin Haxhi Zeka \u2014 nga themelimi i Shkoll\u00ebs s\u00eb Lart\u00eb Ekonomike n\u00eb Pej\u00eb (1960) deri te zhvillimi si nj\u00ebsi akademike moderne.","robots":{"index":"index","follow":"follow","max-snippet":"max-snippet:-1","max-image-preview":"max-image-preview:large","max-video-preview":"max-video-preview:-1"},"canonical":"https:\/\/unhz.eu\/fakulteti-i-biznesit\/en\/historiku\/","og_locale":"en_US","og_type":"article","og_title":"Historiku","og_description":"Zbuloni historikun e Fakultetit t\u00eb Biznesit n\u00eb Universitetin Haxhi Zeka \u2014 nga themelimi i Shkoll\u00ebs s\u00eb Lart\u00eb Ekonomike n\u00eb Pej\u00eb (1960) deri te zhvillimi si nj\u00ebsi akademike moderne.","og_url":"https:\/\/unhz.eu\/fakulteti-i-biznesit\/en\/historiku\/","og_site_name":"Fakulteti i Biznesit","article_modified_time":"2026-01-27T13:07:02+00:00","twitter_card":"summary_large_image","twitter_misc":{"Est. reading time":"2 minutes"},"schema":{"@context":"https:\/\/schema.org","@graph":[{"@type":"WebPage","@id":"https:\/\/unhz.eu\/fakulteti-i-biznesit\/historiku\/","url":"https:\/\/unhz.eu\/fakulteti-i-biznesit\/historiku\/","name":"Historiku i Fakultetit t\u00eb Biznesit | Universiteti Haxhi Zeka","isPartOf":{"@id":"https:\/\/unhz.eu\/fakulteti-i-biznesit\/#website"},"datePublished":"2025-01-23T13:00:18+00:00","dateModified":"2026-01-27T13:07:02+00:00","description":"Zbuloni historikun e Fakultetit t\u00eb Biznesit n\u00eb Universitetin Haxhi Zeka \u2014 nga themelimi i Shkoll\u00ebs s\u00eb Lart\u00eb Ekonomike n\u00eb Pej\u00eb (1960) deri te zhvillimi si nj\u00ebsi akademike moderne.","breadcrumb":{"@id":"https:\/\/unhz.eu\/fakulteti-i-biznesit\/historiku\/#breadcrumb"},"inLanguage":"en-US","potentialAction":[{"@type":"ReadAction","target":["https:\/\/unhz.eu\/fakulteti-i-biznesit\/historiku\/"]}]},{"@type":"BreadcrumbList","@id":"https:\/\/unhz.eu\/fakulteti-i-biznesit\/historiku\/#breadcrumb","itemListElement":[{"@type":"ListItem","position":1,"name":"Home","item":"https:\/\/unhz.eu\/fakulteti-i-biznesit\/"},{"@type":"ListItem","position":2,"name":"Historiku"}]},{"@type":"WebSite","@id":"https:\/\/unhz.eu\/fakulteti-i-biznesit\/#website","url":"https:\/\/unhz.eu\/fakulteti-i-biznesit\/","name":"Faculty of Business","description":"Dedicated to standard quality and success","publisher":{"@id":"https:\/\/unhz.eu\/fakulteti-i-biznesit\/#organization"},"potentialAction":[{"@type":"SearchAction","target":{"@type":"EntryPoint","urlTemplate":"https:\/\/unhz.eu\/fakulteti-i-biznesit\/?s={search_term_string}"},"query-input":{"@type":"PropertyValueSpecification","valueRequired":true,"valueName":"search_term_string"}}],"inLanguage":"en-US"},{"@type":"Organization","@id":"https:\/\/unhz.eu\/fakulteti-i-biznesit\/#organization","name":"Faculty of Business","url":"https:\/\/unhz.eu\/fakulteti-i-biznesit\/","logo":{"@type":"ImageObject","inLanguage":"en-US","@id":"https:\/\/unhz.eu\/fakulteti-i-biznesit\/#\/schema\/logo\/image\/","url":"https:\/\/unhz.eu\/fakulteti-i-biznesit\/wp-content\/uploads\/sites\/2\/2024\/02\/cropped-logo-1-1-e1713527702695.png","contentUrl":"https:\/\/unhz.eu\/fakulteti-i-biznesit\/wp-content\/uploads\/sites\/2\/2024\/02\/cropped-logo-1-1-e1713527702695.png","width":100,"height":100,"caption":"Fakulteti i Biznesit"},"image":{"@id":"https:\/\/unhz.eu\/fakulteti-i-biznesit\/#\/schema\/logo\/image\/"}}]}},"_links":{"self":[{"href":"https:\/\/unhz.eu\/fakulteti-i-biznesit\/en\/wp-json\/wp\/v2\/pages\/49050","targetHints":{"allow":["GET"]}}],"collection":[{"href":"https:\/\/unhz.eu\/fakulteti-i-biznesit\/en\/wp-json\/wp\/v2\/pages"}],"about":[{"href":"https:\/\/unhz.eu\/fakulteti-i-biznesit\/en\/wp-json\/wp\/v2\/types\/page"}],"author":[{"embeddable":true,"href":"https:\/\/unhz.eu\/fakulteti-i-biznesit\/en\/wp-json\/wp\/v2\/users\/1"}],"replies":[{"embeddable":true,"href":"https:\/\/unhz.eu\/fakulteti-i-biznesit\/en\/wp-json\/wp\/v2\/comments?post=49050"}],"version-history":[{"count":1,"href":"https:\/\/unhz.eu\/fakulteti-i-biznesit\/en\/wp-json\/wp\/v2\/pages\/49050\/revisions"}],"predecessor-version":[{"id":57729,"href":"https:\/\/unhz.eu\/fakulteti-i-biznesit\/en\/wp-json\/wp\/v2\/pages\/49050\/revisions\/57729"}],"wp:attachment":[{"href":"https:\/\/unhz.eu\/fakulteti-i-biznesit\/en\/wp-json\/wp\/v2\/media?parent=49050"}],"curies":[{"name":"wp","href":"https:\/\/api.w.org\/{rel}","templated":true}]}}