{"id":48952,"date":"2025-01-22T12:23:12","date_gmt":"2025-01-22T12:23:12","guid":{"rendered":"https:\/\/unhz.eu\/fakulteti-i-biznesit\/?page_id=48952"},"modified":"2025-10-27T15:16:00","modified_gmt":"2025-10-27T13:16:00","slug":"programet-bmbb","status":"publish","type":"page","link":"https:\/\/unhz.eu\/fakulteti-i-biznesit\/en\/programet-bmbb\/","title":{"rendered":"Menad\u017ement biznisa \u2013 Bachelor"},"content":{"rendered":"<h3 class=\"wp-block-heading\" id=\"h-menadzment-biznisa-fakultet-biznisa-univerzitet-haxhi-zeka\"><strong>Menad\u017ement biznisa \u2013 Fakultet biznisa, Univerzitet &#8220;Haxhi Zeka&#8221;<\/strong><\/h3>\n\n\n\n<p>Program osnovnih studija <strong>Business Management<\/strong> ima za cilj da obrazuje stru\u010dnjake sposobne da odgovore na izazove modernog poslovanja.<\/p>\n\n\n\n<p>Studenti razvijaju:<\/p>\n\n\n\n<ul class=\"wp-block-list\">\n<li>znanja iz oblasti menad\u017ementa, ekonomije i liderstva,<\/li>\n\n\n\n<li>analiti\u010dke i strate\u0161ke vje\u0161tine,<\/li>\n\n\n\n<li>sposobnost upravljanja organizacijama i projektima,<\/li>\n\n\n\n<li>kompetencije za rad u dinami\u010dnom tr\u017ei\u0161nom okru\u017eenju.<\/li>\n<\/ul>\n\n\n\n<p>Na\u0161 program kombinuje teoriju i praksu, omogu\u0107ava u\u010de\u0161\u0107e u studentskim razmjenama i priprema diplomce za tr\u017ei\u0161te rada ili nastavak studija.<\/p>\n\n\n\n<p>\ud83d\udccc Studiraj u srcu Pe\u0107i \u2013 budi lider promjena u poslovnom svijetu!<\/p>\n\n\n\n<figure class=\"wp-block-embed is-type-video is-provider-youtube wp-block-embed-youtube wp-embed-aspect-16-9 wp-has-aspect-ratio\"><div class=\"wp-block-embed__wrapper\">\n<iframe loading=\"lazy\" title=\"Studiraj Menad\u017ement biznisa na Univerzitetu &quot;Haxhi Zeka&quot; u Pe\u0107i!\" width=\"1290\" height=\"726\" src=\"https:\/\/www.youtube.com\/embed\/u0xF6U4iXrs?feature=oembed\" frameborder=\"0\" allow=\"accelerometer; autoplay; clipboard-write; encrypted-media; gyroscope; picture-in-picture; web-share\" referrerpolicy=\"strict-origin-when-cross-origin\" allowfullscreen><\/iframe>\n<\/div><\/figure>\n\n\n\n<figure class=\"wp-block-embed is-type-wp-embed is-provider-fakulteti-i-biznesit wp-block-embed-fakulteti-i-biznesit\"><div class=\"wp-block-embed__wrapper\">\n<blockquote class=\"wp-embedded-content\" data-secret=\"CKU1yG5dKG\"><a href=\"https:\/\/unhz.eu\/fakulteti-i-biznesit\/en\/program-menadzmentu-biznisa-2022-2027\/\">PROGRAM: MENAD\u017dMENTU BIZNISA 2022 &#8211; 2027<\/a><\/blockquote><iframe loading=\"lazy\" class=\"wp-embedded-content\" sandbox=\"allow-scripts\" security=\"restricted\" style=\"position: absolute; visibility: hidden;\" title=\"&#8220;PROGRAM: MENAD\u017dMENTU BIZNISA 2022 &#8211; 2027&#8221; &#8212; Fakulteti i Biznesit\" src=\"https:\/\/unhz.eu\/fakulteti-i-biznesit\/program-menadzmentu-biznisa-2022-2027\/embed\/#?secret=wlYv8BvWPY#?secret=CKU1yG5dKG\" data-secret=\"CKU1yG5dKG\" width=\"600\" height=\"338\" frameborder=\"0\" marginwidth=\"0\" marginheight=\"0\" scrolling=\"no\"><\/iframe>\n<\/div><\/figure>\n\n\n\n<figure class=\"wp-block-embed is-type-wp-embed is-provider-fakulteti-i-biznesit wp-block-embed-fakulteti-i-biznesit\"><div class=\"wp-block-embed__wrapper\">\n<blockquote class=\"wp-embedded-content\" data-secret=\"3lOGpklMDS\"><a href=\"https:\/\/unhz.eu\/fakulteti-i-biznesit\/en\/bachelor-u-menadzmentu-biznisa\/\">Bachelor u Menad\u017ementu biznisa<\/a><\/blockquote><iframe loading=\"lazy\" class=\"wp-embedded-content\" sandbox=\"allow-scripts\" security=\"restricted\" style=\"position: absolute; visibility: hidden;\" title=\"&#8220;Bachelor u Menad\u017ementu biznisa&#8221; &#8212; Fakulteti i Biznesit\" src=\"https:\/\/unhz.eu\/fakulteti-i-biznesit\/bachelor-u-menadzmentu-biznisa\/embed\/#?secret=EhqzBliWY4#?secret=3lOGpklMDS\" data-secret=\"3lOGpklMDS\" width=\"600\" height=\"338\" frameborder=\"0\" marginwidth=\"0\" marginheight=\"0\" scrolling=\"no\"><\/iframe>\n<\/div><\/figure>","protected":false},"excerpt":{"rendered":"<p>Menad\u017ement biznisa \u2013 Fakultet biznisa, Univerzitet &#8220;Haxhi Zeka&#8221; Program osnovnih studija Menad\u017ement biznisa ima za&hellip;<\/p>","protected":false},"author":1,"featured_media":0,"parent":0,"menu_order":0,"comment_status":"closed","ping_status":"closed","template":"","meta":{"footnotes":""},"class_list":["post-48952","page","type-page","status-publish","hentry"],"yoast_head":"<!-- This site is optimized with the Yoast SEO Premium plugin v27.2 (Yoast SEO v27.2) - https:\/\/yoast.com\/product\/yoast-seo-premium-wordpress\/ -->\n<title>Menad\u017ement biznisa \u2013 Bachelor - Fakulteti i Biznesit<\/title>\n<meta name=\"robots\" content=\"index, follow, max-snippet:-1, max-image-preview:large, max-video-preview:-1\" \/>\n<link rel=\"canonical\" href=\"https:\/\/unhz.eu\/fakulteti-i-biznesit\/en\/programet-bmbb\/\" \/>\n<meta property=\"og:locale\" content=\"en_US\" \/>\n<meta property=\"og:type\" content=\"article\" \/>\n<meta property=\"og:title\" content=\"Menad\u017ement biznisa \u2013 Bachelor\" \/>\n<meta property=\"og:description\" content=\"Menad\u017ement biznisa \u2013 Fakultet biznisa, Univerzitet &#8220;Haxhi Zeka&#8221; Program osnovnih studija Menad\u017ement biznisa ima za&hellip;\" \/>\n<meta property=\"og:url\" content=\"https:\/\/unhz.eu\/fakulteti-i-biznesit\/en\/programet-bmbb\/\" \/>\n<meta property=\"og:site_name\" content=\"Fakulteti i Biznesit\" \/>\n<meta property=\"article:modified_time\" content=\"2025-10-27T13:16:00+00:00\" \/>\n<meta name=\"twitter:card\" content=\"summary_large_image\" \/>\n<meta name=\"twitter:label1\" content=\"Est. reading time\" \/>\n\t<meta name=\"twitter:data1\" content=\"1 minute\" \/>\n<script type=\"application\/ld+json\" class=\"yoast-schema-graph\">{\"@context\":\"https:\/\/schema.org\",\"@graph\":[{\"@type\":\"WebPage\",\"@id\":\"https:\/\/unhz.eu\/fakulteti-i-biznesit\/programet-bmbb\/\",\"url\":\"https:\/\/unhz.eu\/fakulteti-i-biznesit\/programet-bmbb\/\",\"name\":\"Menad\u017ement biznisa \u2013 Bachelor - Fakulteti i Biznesit\",\"isPartOf\":{\"@id\":\"https:\/\/unhz.eu\/fakulteti-i-biznesit\/#website\"},\"datePublished\":\"2025-01-22T12:23:12+00:00\",\"dateModified\":\"2025-10-27T13:16:00+00:00\",\"breadcrumb\":{\"@id\":\"https:\/\/unhz.eu\/fakulteti-i-biznesit\/programet-bmbb\/#breadcrumb\"},\"inLanguage\":\"en-US\",\"potentialAction\":[{\"@type\":\"ReadAction\",\"target\":[\"https:\/\/unhz.eu\/fakulteti-i-biznesit\/programet-bmbb\/\"]}]},{\"@type\":\"BreadcrumbList\",\"@id\":\"https:\/\/unhz.eu\/fakulteti-i-biznesit\/programet-bmbb\/#breadcrumb\",\"itemListElement\":[{\"@type\":\"ListItem\",\"position\":1,\"name\":\"Home\",\"item\":\"https:\/\/unhz.eu\/fakulteti-i-biznesit\/\"},{\"@type\":\"ListItem\",\"position\":2,\"name\":\"Menad\u017ement biznisa \u2013 Bachelor\"}]},{\"@type\":\"WebSite\",\"@id\":\"https:\/\/unhz.eu\/fakulteti-i-biznesit\/#website\",\"url\":\"https:\/\/unhz.eu\/fakulteti-i-biznesit\/\",\"name\":\"Fakulteti i Biznesit\",\"description\":\"I dedikuar p\u00ebr cil\u00ebsi standarde dhe suksese\",\"publisher\":{\"@id\":\"https:\/\/unhz.eu\/fakulteti-i-biznesit\/#organization\"},\"potentialAction\":[{\"@type\":\"SearchAction\",\"target\":{\"@type\":\"EntryPoint\",\"urlTemplate\":\"https:\/\/unhz.eu\/fakulteti-i-biznesit\/?s={search_term_string}\"},\"query-input\":{\"@type\":\"PropertyValueSpecification\",\"valueRequired\":true,\"valueName\":\"search_term_string\"}}],\"inLanguage\":\"en-US\"},{\"@type\":\"Organization\",\"@id\":\"https:\/\/unhz.eu\/fakulteti-i-biznesit\/#organization\",\"name\":\"Fakulteti i Biznesit\",\"url\":\"https:\/\/unhz.eu\/fakulteti-i-biznesit\/\",\"logo\":{\"@type\":\"ImageObject\",\"inLanguage\":\"en-US\",\"@id\":\"https:\/\/unhz.eu\/fakulteti-i-biznesit\/#\/schema\/logo\/image\/\",\"url\":\"https:\/\/unhz.eu\/fakulteti-i-biznesit\/wp-content\/uploads\/sites\/2\/2024\/02\/cropped-logo-1-1-e1713527702695.png\",\"contentUrl\":\"https:\/\/unhz.eu\/fakulteti-i-biznesit\/wp-content\/uploads\/sites\/2\/2024\/02\/cropped-logo-1-1-e1713527702695.png\",\"width\":100,\"height\":100,\"caption\":\"Fakulteti i Biznesit\"},\"image\":{\"@id\":\"https:\/\/unhz.eu\/fakulteti-i-biznesit\/#\/schema\/logo\/image\/\"}}]}<\/script>\n<!-- \/ Yoast SEO Premium plugin. -->","yoast_head_json":{"title":"Menad\u017ement biznisa \u2013 Bachelor - Fakulteti i Biznesit","robots":{"index":"index","follow":"follow","max-snippet":"max-snippet:-1","max-image-preview":"max-image-preview:large","max-video-preview":"max-video-preview:-1"},"canonical":"https:\/\/unhz.eu\/fakulteti-i-biznesit\/en\/programet-bmbb\/","og_locale":"en_US","og_type":"article","og_title":"Menad\u017ement biznisa \u2013 Bachelor","og_description":"Menad\u017ement biznisa \u2013 Fakultet biznisa, Univerzitet &#8220;Haxhi Zeka&#8221; Program osnovnih studija Menad\u017ement biznisa ima za&hellip;","og_url":"https:\/\/unhz.eu\/fakulteti-i-biznesit\/en\/programet-bmbb\/","og_site_name":"Fakulteti i Biznesit","article_modified_time":"2025-10-27T13:16:00+00:00","twitter_card":"summary_large_image","twitter_misc":{"Est. reading time":"1 minute"},"schema":{"@context":"https:\/\/schema.org","@graph":[{"@type":"WebPage","@id":"https:\/\/unhz.eu\/fakulteti-i-biznesit\/programet-bmbb\/","url":"https:\/\/unhz.eu\/fakulteti-i-biznesit\/programet-bmbb\/","name":"Menad\u017ement biznisa \u2013 Bachelor - Fakulteti i Biznesit","isPartOf":{"@id":"https:\/\/unhz.eu\/fakulteti-i-biznesit\/#website"},"datePublished":"2025-01-22T12:23:12+00:00","dateModified":"2025-10-27T13:16:00+00:00","breadcrumb":{"@id":"https:\/\/unhz.eu\/fakulteti-i-biznesit\/programet-bmbb\/#breadcrumb"},"inLanguage":"en-US","potentialAction":[{"@type":"ReadAction","target":["https:\/\/unhz.eu\/fakulteti-i-biznesit\/programet-bmbb\/"]}]},{"@type":"BreadcrumbList","@id":"https:\/\/unhz.eu\/fakulteti-i-biznesit\/programet-bmbb\/#breadcrumb","itemListElement":[{"@type":"ListItem","position":1,"name":"Home","item":"https:\/\/unhz.eu\/fakulteti-i-biznesit\/"},{"@type":"ListItem","position":2,"name":"Menad\u017ement biznisa \u2013 Bachelor"}]},{"@type":"WebSite","@id":"https:\/\/unhz.eu\/fakulteti-i-biznesit\/#website","url":"https:\/\/unhz.eu\/fakulteti-i-biznesit\/","name":"Faculty of Business","description":"Dedicated to standard quality and success","publisher":{"@id":"https:\/\/unhz.eu\/fakulteti-i-biznesit\/#organization"},"potentialAction":[{"@type":"SearchAction","target":{"@type":"EntryPoint","urlTemplate":"https:\/\/unhz.eu\/fakulteti-i-biznesit\/?s={search_term_string}"},"query-input":{"@type":"PropertyValueSpecification","valueRequired":true,"valueName":"search_term_string"}}],"inLanguage":"en-US"},{"@type":"Organization","@id":"https:\/\/unhz.eu\/fakulteti-i-biznesit\/#organization","name":"Faculty of Business","url":"https:\/\/unhz.eu\/fakulteti-i-biznesit\/","logo":{"@type":"ImageObject","inLanguage":"en-US","@id":"https:\/\/unhz.eu\/fakulteti-i-biznesit\/#\/schema\/logo\/image\/","url":"https:\/\/unhz.eu\/fakulteti-i-biznesit\/wp-content\/uploads\/sites\/2\/2024\/02\/cropped-logo-1-1-e1713527702695.png","contentUrl":"https:\/\/unhz.eu\/fakulteti-i-biznesit\/wp-content\/uploads\/sites\/2\/2024\/02\/cropped-logo-1-1-e1713527702695.png","width":100,"height":100,"caption":"Fakulteti i Biznesit"},"image":{"@id":"https:\/\/unhz.eu\/fakulteti-i-biznesit\/#\/schema\/logo\/image\/"}}]}},"_links":{"self":[{"href":"https:\/\/unhz.eu\/fakulteti-i-biznesit\/en\/wp-json\/wp\/v2\/pages\/48952","targetHints":{"allow":["GET"]}}],"collection":[{"href":"https:\/\/unhz.eu\/fakulteti-i-biznesit\/en\/wp-json\/wp\/v2\/pages"}],"about":[{"href":"https:\/\/unhz.eu\/fakulteti-i-biznesit\/en\/wp-json\/wp\/v2\/types\/page"}],"author":[{"embeddable":true,"href":"https:\/\/unhz.eu\/fakulteti-i-biznesit\/en\/wp-json\/wp\/v2\/users\/1"}],"replies":[{"embeddable":true,"href":"https:\/\/unhz.eu\/fakulteti-i-biznesit\/en\/wp-json\/wp\/v2\/comments?post=48952"}],"version-history":[{"count":4,"href":"https:\/\/unhz.eu\/fakulteti-i-biznesit\/en\/wp-json\/wp\/v2\/pages\/48952\/revisions"}],"predecessor-version":[{"id":49908,"href":"https:\/\/unhz.eu\/fakulteti-i-biznesit\/en\/wp-json\/wp\/v2\/pages\/48952\/revisions\/49908"}],"wp:attachment":[{"href":"https:\/\/unhz.eu\/fakulteti-i-biznesit\/en\/wp-json\/wp\/v2\/media?parent=48952"}],"curies":[{"name":"wp","href":"https:\/\/api.w.org\/{rel}","templated":true}]}}