{"id":21563,"date":"2024-02-29T10:43:24","date_gmt":"2024-02-29T10:43:24","guid":{"rendered":"http:\/\/unhz.local\/fakulteti-i-biznesit\/?page_id=21563"},"modified":"2026-01-27T15:48:04","modified_gmt":"2026-01-27T13:48:04","slug":"orari-i-konsultimeve-2","status":"publish","type":"page","link":"https:\/\/unhz.eu\/fakulteti-i-biznesit\/en\/orari-i-konsultimeve-2\/","title":{"rendered":"Consultation hours"},"content":{"rendered":"\t\t<div data-elementor-type=\"wp-page\" data-elementor-id=\"21563\" class=\"elementor elementor-21563\" data-elementor-post-type=\"page\">\n\t\t\t\t\t\t<section class=\"elementor-section elementor-top-section elementor-element elementor-element-51b96e5 elementor-section-boxed elementor-section-height-default elementor-section-height-default sc_fly_static\" data-id=\"51b96e5\" data-element_type=\"section\" data-e-type=\"section\">\n\t\t\t\t\t\t<div class=\"elementor-container elementor-column-gap-extended\">\n\t\t\t\t\t<div class=\"elementor-column elementor-col-100 elementor-top-column elementor-element elementor-element-500d505 sc_content_align_inherit sc_layouts_column_icons_position_left sc_fly_static\" data-id=\"500d505\" data-element_type=\"column\" data-e-type=\"column\">\n\t\t\t<div class=\"elementor-widget-wrap elementor-element-populated\">\n\t\t\t\t\t\t<div class=\"elementor-element elementor-element-61d2ac9 sc_fly_static elementor-widget elementor-widget-heading\" data-id=\"61d2ac9\" data-element_type=\"widget\" data-e-type=\"widget\" data-widget_type=\"heading.default\">\n\t\t\t\t<div class=\"elementor-widget-container\">\n\t\t\t\t\t<h2 class=\"elementor-heading-title elementor-size-default\">Orari i konsultimeve<\/h2>\t\t\t\t<\/div>\n\t\t\t\t<\/div>\n\t\t\t\t<div class=\"elementor-element elementor-element-fd3cd31 sc_fly_static elementor-widget elementor-widget-spacer\" data-id=\"fd3cd31\" data-element_type=\"widget\" data-e-type=\"widget\" data-widget_type=\"spacer.default\">\n\t\t\t\t<div class=\"elementor-widget-container\">\n\t\t\t\t\t\t\t<div class=\"elementor-spacer\">\n\t\t\t<div class=\"elementor-spacer-inner\"><\/div>\n\t\t<\/div>\n\t\t\t\t\t\t<\/div>\n\t\t\t\t<\/div>\n\t\t\t\t<div class=\"elementor-element elementor-element-d394f9e elementor-tabs-view-horizontal sc_tabs_icon_position_left sc_fly_static elementor-widget elementor-widget-tabs\" data-id=\"d394f9e\" data-element_type=\"widget\" data-e-type=\"widget\" data-widget_type=\"tabs.default\">\n\t\t\t\t<div class=\"elementor-widget-container\">\n\t\t\t\t\t\t\t<div class=\"elementor-tabs\">\n\t\t\t<div class=\"elementor-tabs-wrapper\" role=\"tablist\" >\n\t\t\t\t\t\t\t\t\t<div id=\"elementor-tab-title-2211\" class=\"elementor-tab-title elementor-tab-desktop-title\" aria-selected=\"true\" data-tab=\"1\" role=\"tab\" tabindex=\"0\" aria-controls=\"elementor-tab-content-2211\" aria-expanded=\"false\">Stafin akademik t\u00eb rregullt<\/div>\n\t\t\t\t\t\t\t\t\t<div id=\"elementor-tab-title-2212\" class=\"elementor-tab-title elementor-tab-desktop-title\" aria-selected=\"false\" data-tab=\"2\" role=\"tab\" tabindex=\"-1\" aria-controls=\"elementor-tab-content-2212\" aria-expanded=\"false\">Stafin akademik t\u00eb angazhuar<\/div>\n\t\t\t\t\t\t\t<\/div>\n\t\t\t<div class=\"elementor-tabs-content-wrapper\" role=\"tablist\" aria-orientation=\"vertical\">\n\t\t\t\t\t\t\t\t\t<div class=\"elementor-tab-title elementor-tab-mobile-title\" aria-selected=\"true\" data-tab=\"1\" role=\"tab\" tabindex=\"0\" aria-controls=\"elementor-tab-content-2211\" aria-expanded=\"false\">Stafin akademik t\u00eb rregullt<\/div>\n\t\t\t\t\t<div id=\"elementor-tab-content-2211\" class=\"elementor-tab-content elementor-clearfix\" data-tab=\"1\" role=\"tabpanel\" aria-labelledby=\"elementor-tab-title-2211\" tabindex=\"0\" hidden=\"false\"><p>Orari i konsultimeve t\u00eb stafit akademik t\u00eb rregullt, p\u00ebr vitin akademik\u00a0<strong>2022\/2023<\/strong><\/p><figure class=\"wp-block-table\"><table><tbody><tr><td><strong>Nr.<\/strong><\/td><td><strong>Emri dhe mbiemri<\/strong><\/td><td><strong>E h\u00ebn\u00eb<\/strong><\/td><td><strong>E mart\u00eb<\/strong><\/td><td><strong>E merkur\u00eb<\/strong><\/td><td><strong>E enjt\u00eb<\/strong><\/td><td><strong>E premte<\/strong><\/td><\/tr><tr><td>1<\/td><td>Prof. dr. Halit Shabani<\/td><td>\u00a0<\/td><td>11:00 \u2013 12:00<\/td><td>\u00a0<\/td><td>11:00 \u2013 12:00<\/td><td>\u00a0<\/td><\/tr><tr><td>2<\/td><td>Prof. dr. Edmond Beqiri<\/td><td>\u00a0<\/td><td>15:00 \u2013 16:00<\/td><td>15:00 \u2013 16:00<\/td><td>\u00a0<\/td><td>\u00a0<\/td><\/tr><tr><td>3<\/td><td>Prof. dr. Husnija Bibuljica<\/td><td>11:00 \u2013 12:00<\/td><td>\u00a0<\/td><td>09:00 \u2013 10:00<\/td><td>\u00a0<\/td><td>\u00a0<\/td><\/tr><tr><td>4<\/td><td>Prof. dr. Ibish Mazreku<\/td><td>\u00a0<\/td><td>11:00 \u2013 12:00<\/td><td>\u00a0<\/td><td>11:00 \u2013 12:00<\/td><td>\u00a0<\/td><\/tr><tr><td>5<\/td><td>Prof. asoc. dr. Bedri Statovci<\/td><td>09:00 \u2013 09:45<\/td><td>09:00 \u2013 09:45<\/td><td>09:00 \u2013 09:45<\/td><td>\u00a0<\/td><td>\u00a0<\/td><\/tr><tr><td>6<\/td><td>Prof. asoc. dr. Theranda Beqiri<\/td><td>15:00 \u2013 16:00<\/td><td>15:00 \u2013 16:00<\/td><td>\u00a0<\/td><td>\u00a0<\/td><td>\u00a0<\/td><\/tr><tr><td>7<\/td><td>Prof. asoc. dr. Vehbi Miftari<\/td><td>\u00a0<\/td><td>\u00a0<\/td><td>\u00a0<\/td><td>13:00 \u2013 14:00<\/td><td>13:00 \u2013 14:00<\/td><\/tr><tr><td>8<\/td><td>Prof. asoc. dr. Vehbi Ramaj<\/td><td>\u00a0<\/td><td>12:00 \u2013 13:00<\/td><td>12:00 \u2013 13:00<\/td><td>\u00a0<\/td><td>\u00a0<\/td><\/tr><tr><td>9<\/td><td>Prof. ass. dr. Alma Shehu<\/td><td>\u00a0<\/td><td>14:30 \u2013 15:30<\/td><td>\u00a0<\/td><td>08:30 \u2013 09:30<\/td><td>\u00a0<\/td><\/tr><tr><td>10<\/td><td>Prof. ass. dr. Anita Cucovic<\/td><td>\u00a0<\/td><td>\u00a0<\/td><td>13:00 \u2013 14:00<\/td><td>12:00 \u2013 13:00<\/td><td>\u00a0<\/td><\/tr><tr><td>11<\/td><td>Prof. ass. dr. Bashkim Nurboja<\/td><td>12:10 \u2013 13:10<\/td><td>\u00a0<\/td><td>12:10 \u2013 13:10<\/td><td>\u00a0<\/td><td>\u00a0<\/td><\/tr><tr><td>12<\/td><td>Prof. ass. dr. Donjeta Morina<\/td><td>\u00a0<\/td><td>13:00 \u2013 14:00<\/td><td>13:00 \u2013 14:00<\/td><td>\u00a0<\/td><td>\u00a0<\/td><\/tr><tr><td>13<\/td><td>Prof. ass. dr. Driton Sylqa<\/td><td>14.30 \u2013 15.30<\/td><td>\u00a0<\/td><td>\u00a0<\/td><td>12.00 \u2013 13.00<\/td><td>\u00a0<\/td><\/tr><tr><td>14<\/td><td>Prof. ass. dr. Elvis Elezaj<\/td><td>\u00a0<\/td><td>10:00 \u2013 11:00<\/td><td>10:00 \u2013 11:00<\/td><td>\u00a0<\/td><td>\u00a0<\/td><\/tr><tr><td>15<\/td><td>Prof. ass. dr. Emin Neziraj<\/td><td>\u00a0<\/td><td>12:30 \u2013 13:30<\/td><td>10:00 \u2013 11:00<\/td><td>\u00a0<\/td><td>\u00a0<\/td><\/tr><tr><td>16<\/td><td>Prof. ass. dr. Fisnik Morina<\/td><td>09:00 \u2013 10:00<\/td><td>14:00 \u2013 15:00<\/td><td>\u00a0<\/td><td>\u00a0<\/td><td>\u00a0<\/td><\/tr><tr><td>17<\/td><td>Prof. ass. dr. Ibrahim Krasniqi<\/td><td>\u00a009:00 \u2013 09:45<\/td><td>09:00 \u2013 09:45<\/td><td>\u00a0<\/td><td>15:30 \u2013 16:00<\/td><td>\u00a0<\/td><\/tr><tr><td>18<\/td><td>Prof. ass. dr. Mersiha Kalac<\/td><td>\u00a0<\/td><td>13:00-14:00<\/td><td>14:15-15:15<\/td><td>\u00a0<\/td><td>\u00a0<\/td><\/tr><tr><td>19<\/td><td>Prof. ass. dr. Suada Ajdarpasic<\/td><td>\u00a0<\/td><td>\u00a0<\/td><td>14:00 \u2013 15:00<\/td><td>\u00a0<\/td><td>14:00 \u2013 15:00<\/td><\/tr><tr><td>20<\/td><td>Prof. ass. dr. Suada Dzogovic<\/td><td><strong>09:00-10:00<\/strong><\/td><td>\u00a0<\/td><td><strong>10:00-11:00<\/strong><\/td><td>\u00a0<\/td><td>\u00a0<\/td><\/tr><tr><td>21<\/td><td>Prof. ass. dr. Valdrin Misiri<\/td><td>\u00a0<\/td><td>13:00 \u2013 14:00\u00a0<\/td><td>13:00 \u2013 14:00\u00a0<\/td><td>\u00a0<\/td><td>\u00a0<\/td><\/tr><tr><td>22<\/td><td>Prof. ass. dr. Vjosa Hajdari<\/td><td>\u00a0<\/td><td>14:30 \u2013 15:30<\/td><td>\u00a0<\/td><td>08:30 \u2013 09:30<\/td><td>\u00a0<\/td><\/tr><tr><td>23<\/td><td>Prof. ass. dr. Vlora Berisha<\/td><td>\u00a0<\/td><td>\u00a0<\/td><td>\u00a0<\/td><td>\u00a0<\/td><td>\u00a0<\/td><\/tr><tr><td>24<\/td><td>Prof. ass. dr. Ylber Januzaj<\/td><td>\u00a0<\/td><td>11:00 \u2013 12:00<\/td><td>\u00a0<\/td><td>\u00a0<\/td><td>15:00 \u2013 16:00<\/td><\/tr><tr><td>25<\/td><td>MSc. Albulena Avdili<\/td><td>08:45 \u2013 09:45<\/td><td>\u00a0<\/td><td>09:30 \u2013 10:30<\/td><td>\u00a0<\/td><td>\u00a0<\/td><\/tr><tr><td>26<\/td><td>MSc. Besfort Ahmeti<\/td><td>11:00-12:00<\/td><td>11:00-12:00<\/td><td>\u00a0<\/td><td>\u00a0<\/td><td>\u00a0<\/td><\/tr><tr><td>27<\/td><td>MSc. Edona Draga<\/td><td>\u00a0<\/td><td>13:30 \u2013 14:30<\/td><td>\u00a0<\/td><td>11:00 \u2013 12:00<\/td><td>\u00a0<\/td><\/tr><tr><td>28<\/td><td>MSc. Leonita Mazrekaj<\/td><td>\u00a0<\/td><td>\u00a0<\/td><td>\u00a0<\/td><td>\u00a0<\/td><td>\u00a0<\/td><\/tr><tr><td>29<\/td><td>MSc. Shk\u00eblqesa Smajli<\/td><td>\u00a0<\/td><td>\u00a0<\/td><td>\u00a0<\/td><td>\u00a0<\/td><td>\u00a0<\/td><\/tr><tr><td>30<\/td><td>MSc. Venera Kelmendi<\/td><td>\u00a0<\/td><td>10:30 \u2013 11:30<\/td><td>\u00a0<\/td><td>\u00a0<\/td><td>11:00 \u2013 12:00<\/td><\/tr><tr><td>31<\/td><td>MSc. Zijad Sabotic<\/td><td>\u00a0<\/td><td>11:00 \u2013 12:00<\/td><td>\u00a0<\/td><td>08:00 \u2013 09:00<\/td><td>\u00a0<\/td><\/tr><\/tbody><\/table><\/figure><\/div>\n\t\t\t\t\t\t\t\t\t<div class=\"elementor-tab-title elementor-tab-mobile-title\" aria-selected=\"false\" data-tab=\"2\" role=\"tab\" tabindex=\"-1\" aria-controls=\"elementor-tab-content-2212\" aria-expanded=\"false\">Stafin akademik t\u00eb angazhuar<\/div>\n\t\t\t\t\t<div id=\"elementor-tab-content-2212\" class=\"elementor-tab-content elementor-clearfix\" data-tab=\"2\" role=\"tabpanel\" aria-labelledby=\"elementor-tab-title-2212\" tabindex=\"0\" hidden=\"hidden\"><p>[pdf-embedder url=&#8221;https:\/\/unhz.eu\/fakulteti-i-biznesit\/wp-content\/uploads\/sites\/2\/2024\/02\/Orari-i-Konsultimeve-Stafi-i-Angazhuar-Fakulteti-i-Biznesit.pdf&#8221; title=&#8221;Orari i Konsultimeve &#8211; Stafi i Angazhuar (Fakulteti i Biznesit)&#8221;]<\/p><\/div>\n\t\t\t\t\t\t\t<\/div>\n\t\t<\/div>\n\t\t\t\t\t\t<\/div>\n\t\t\t\t<\/div>\n\t\t\t\t\t<\/div>\n\t\t<\/div>\n\t\t\t\t\t<\/div>\n\t\t<\/section>\n\t\t\t\t<\/div>\n\t\t","protected":false},"excerpt":{"rendered":"<p>Stafin akademik t\u00eb rregullt Stafin akademik t\u00eb angazhuar Stafin akademik t\u00eb rregullt Orari i konsultimeve&hellip;<\/p>","protected":false},"author":1,"featured_media":0,"parent":0,"menu_order":0,"comment_status":"closed","ping_status":"closed","template":"","meta":{"footnotes":""},"class_list":["post-21563","page","type-page","status-publish","hentry"],"yoast_head":"<!-- This site is optimized with the Yoast SEO Premium plugin v27.2 (Yoast SEO v27.2) - https:\/\/yoast.com\/product\/yoast-seo-premium-wordpress\/ -->\n<title>Orari i konsultimeve \u2013 Fakulteti i Biznesit UHZ<\/title>\n<meta name=\"description\" content=\"Shiko oraret e konsultimeve p\u00ebr stafin akademik t\u00eb Fakultetit t\u00eb Biznesit \u2013 Universiteti Haxhi Zeka p\u00ebr vitin akademik 2025\/26: dit\u00ebt dhe oraret kur profesor\u00ebt jan\u00eb n\u00eb dispozicion p\u00ebr student\u00ebt.\" \/>\n<meta name=\"robots\" content=\"index, follow, max-snippet:-1, max-image-preview:large, max-video-preview:-1\" \/>\n<link rel=\"canonical\" href=\"https:\/\/unhz.eu\/fakulteti-i-biznesit\/en\/orari-i-konsultimeve-2\/\" \/>\n<meta property=\"og:locale\" content=\"en_US\" \/>\n<meta property=\"og:type\" content=\"article\" \/>\n<meta property=\"og:title\" content=\"Orari i konsultimeve\" \/>\n<meta property=\"og:description\" content=\"Shiko oraret e konsultimeve p\u00ebr stafin akademik t\u00eb Fakultetit t\u00eb Biznesit \u2013 Universiteti Haxhi Zeka p\u00ebr vitin akademik 2025\/26: dit\u00ebt dhe oraret kur profesor\u00ebt jan\u00eb n\u00eb dispozicion p\u00ebr student\u00ebt.\" \/>\n<meta property=\"og:url\" content=\"https:\/\/unhz.eu\/fakulteti-i-biznesit\/en\/orari-i-konsultimeve-2\/\" \/>\n<meta property=\"og:site_name\" content=\"Fakulteti i Biznesit\" \/>\n<meta property=\"article:modified_time\" content=\"2026-01-27T13:48:04+00:00\" \/>\n<meta name=\"twitter:card\" content=\"summary_large_image\" \/>\n<meta name=\"twitter:label1\" content=\"Est. reading time\" \/>\n\t<meta name=\"twitter:data1\" content=\"2 minutes\" \/>\n<script type=\"application\/ld+json\" class=\"yoast-schema-graph\">{\"@context\":\"https:\/\/schema.org\",\"@graph\":[{\"@type\":\"WebPage\",\"@id\":\"https:\/\/unhz.eu\/fakulteti-i-biznesit\/orari-i-konsultimeve-2\/\",\"url\":\"https:\/\/unhz.eu\/fakulteti-i-biznesit\/orari-i-konsultimeve-2\/\",\"name\":\"Orari i konsultimeve \u2013 Fakulteti i Biznesit UHZ\",\"isPartOf\":{\"@id\":\"https:\/\/unhz.eu\/fakulteti-i-biznesit\/#website\"},\"datePublished\":\"2024-02-29T10:43:24+00:00\",\"dateModified\":\"2026-01-27T13:48:04+00:00\",\"description\":\"Shiko oraret e konsultimeve p\u00ebr stafin akademik t\u00eb Fakultetit t\u00eb Biznesit \u2013 Universiteti Haxhi Zeka p\u00ebr vitin akademik 2025\/26: dit\u00ebt dhe oraret kur profesor\u00ebt jan\u00eb n\u00eb dispozicion p\u00ebr student\u00ebt.\",\"breadcrumb\":{\"@id\":\"https:\/\/unhz.eu\/fakulteti-i-biznesit\/orari-i-konsultimeve-2\/#breadcrumb\"},\"inLanguage\":\"en-US\",\"potentialAction\":[{\"@type\":\"ReadAction\",\"target\":[\"https:\/\/unhz.eu\/fakulteti-i-biznesit\/orari-i-konsultimeve-2\/\"]}]},{\"@type\":\"BreadcrumbList\",\"@id\":\"https:\/\/unhz.eu\/fakulteti-i-biznesit\/orari-i-konsultimeve-2\/#breadcrumb\",\"itemListElement\":[{\"@type\":\"ListItem\",\"position\":1,\"name\":\"Home\",\"item\":\"https:\/\/unhz.eu\/fakulteti-i-biznesit\/\"},{\"@type\":\"ListItem\",\"position\":2,\"name\":\"Orari i konsultimeve\"}]},{\"@type\":\"WebSite\",\"@id\":\"https:\/\/unhz.eu\/fakulteti-i-biznesit\/#website\",\"url\":\"https:\/\/unhz.eu\/fakulteti-i-biznesit\/\",\"name\":\"Fakulteti i Biznesit\",\"description\":\"I dedikuar p\u00ebr cil\u00ebsi standarde dhe suksese\",\"publisher\":{\"@id\":\"https:\/\/unhz.eu\/fakulteti-i-biznesit\/#organization\"},\"potentialAction\":[{\"@type\":\"SearchAction\",\"target\":{\"@type\":\"EntryPoint\",\"urlTemplate\":\"https:\/\/unhz.eu\/fakulteti-i-biznesit\/?s={search_term_string}\"},\"query-input\":{\"@type\":\"PropertyValueSpecification\",\"valueRequired\":true,\"valueName\":\"search_term_string\"}}],\"inLanguage\":\"en-US\"},{\"@type\":\"Organization\",\"@id\":\"https:\/\/unhz.eu\/fakulteti-i-biznesit\/#organization\",\"name\":\"Fakulteti i Biznesit\",\"url\":\"https:\/\/unhz.eu\/fakulteti-i-biznesit\/\",\"logo\":{\"@type\":\"ImageObject\",\"inLanguage\":\"en-US\",\"@id\":\"https:\/\/unhz.eu\/fakulteti-i-biznesit\/#\/schema\/logo\/image\/\",\"url\":\"https:\/\/unhz.eu\/fakulteti-i-biznesit\/wp-content\/uploads\/sites\/2\/2024\/02\/cropped-logo-1-1-e1713527702695.png\",\"contentUrl\":\"https:\/\/unhz.eu\/fakulteti-i-biznesit\/wp-content\/uploads\/sites\/2\/2024\/02\/cropped-logo-1-1-e1713527702695.png\",\"width\":100,\"height\":100,\"caption\":\"Fakulteti i Biznesit\"},\"image\":{\"@id\":\"https:\/\/unhz.eu\/fakulteti-i-biznesit\/#\/schema\/logo\/image\/\"}}]}<\/script>\n<!-- \/ Yoast SEO Premium plugin. -->","yoast_head_json":{"title":"Orari i konsultimeve \u2013 Fakulteti i Biznesit UHZ","description":"Shiko oraret e konsultimeve p\u00ebr stafin akademik t\u00eb Fakultetit t\u00eb Biznesit \u2013 Universiteti Haxhi Zeka p\u00ebr vitin akademik 2025\/26: dit\u00ebt dhe oraret kur profesor\u00ebt jan\u00eb n\u00eb dispozicion p\u00ebr student\u00ebt.","robots":{"index":"index","follow":"follow","max-snippet":"max-snippet:-1","max-image-preview":"max-image-preview:large","max-video-preview":"max-video-preview:-1"},"canonical":"https:\/\/unhz.eu\/fakulteti-i-biznesit\/en\/orari-i-konsultimeve-2\/","og_locale":"en_US","og_type":"article","og_title":"Orari i konsultimeve","og_description":"Shiko oraret e konsultimeve p\u00ebr stafin akademik t\u00eb Fakultetit t\u00eb Biznesit \u2013 Universiteti Haxhi Zeka p\u00ebr vitin akademik 2025\/26: dit\u00ebt dhe oraret kur profesor\u00ebt jan\u00eb n\u00eb dispozicion p\u00ebr student\u00ebt.","og_url":"https:\/\/unhz.eu\/fakulteti-i-biznesit\/en\/orari-i-konsultimeve-2\/","og_site_name":"Fakulteti i Biznesit","article_modified_time":"2026-01-27T13:48:04+00:00","twitter_card":"summary_large_image","twitter_misc":{"Est. reading time":"2 minutes"},"schema":{"@context":"https:\/\/schema.org","@graph":[{"@type":"WebPage","@id":"https:\/\/unhz.eu\/fakulteti-i-biznesit\/orari-i-konsultimeve-2\/","url":"https:\/\/unhz.eu\/fakulteti-i-biznesit\/orari-i-konsultimeve-2\/","name":"Orari i konsultimeve \u2013 Fakulteti i Biznesit UHZ","isPartOf":{"@id":"https:\/\/unhz.eu\/fakulteti-i-biznesit\/#website"},"datePublished":"2024-02-29T10:43:24+00:00","dateModified":"2026-01-27T13:48:04+00:00","description":"Shiko oraret e konsultimeve p\u00ebr stafin akademik t\u00eb Fakultetit t\u00eb Biznesit \u2013 Universiteti Haxhi Zeka p\u00ebr vitin akademik 2025\/26: dit\u00ebt dhe oraret kur profesor\u00ebt jan\u00eb n\u00eb dispozicion p\u00ebr student\u00ebt.","breadcrumb":{"@id":"https:\/\/unhz.eu\/fakulteti-i-biznesit\/orari-i-konsultimeve-2\/#breadcrumb"},"inLanguage":"en-US","potentialAction":[{"@type":"ReadAction","target":["https:\/\/unhz.eu\/fakulteti-i-biznesit\/orari-i-konsultimeve-2\/"]}]},{"@type":"BreadcrumbList","@id":"https:\/\/unhz.eu\/fakulteti-i-biznesit\/orari-i-konsultimeve-2\/#breadcrumb","itemListElement":[{"@type":"ListItem","position":1,"name":"Home","item":"https:\/\/unhz.eu\/fakulteti-i-biznesit\/"},{"@type":"ListItem","position":2,"name":"Orari i konsultimeve"}]},{"@type":"WebSite","@id":"https:\/\/unhz.eu\/fakulteti-i-biznesit\/#website","url":"https:\/\/unhz.eu\/fakulteti-i-biznesit\/","name":"Faculty of Business","description":"Dedicated to standard quality and success","publisher":{"@id":"https:\/\/unhz.eu\/fakulteti-i-biznesit\/#organization"},"potentialAction":[{"@type":"SearchAction","target":{"@type":"EntryPoint","urlTemplate":"https:\/\/unhz.eu\/fakulteti-i-biznesit\/?s={search_term_string}"},"query-input":{"@type":"PropertyValueSpecification","valueRequired":true,"valueName":"search_term_string"}}],"inLanguage":"en-US"},{"@type":"Organization","@id":"https:\/\/unhz.eu\/fakulteti-i-biznesit\/#organization","name":"Faculty of Business","url":"https:\/\/unhz.eu\/fakulteti-i-biznesit\/","logo":{"@type":"ImageObject","inLanguage":"en-US","@id":"https:\/\/unhz.eu\/fakulteti-i-biznesit\/#\/schema\/logo\/image\/","url":"https:\/\/unhz.eu\/fakulteti-i-biznesit\/wp-content\/uploads\/sites\/2\/2024\/02\/cropped-logo-1-1-e1713527702695.png","contentUrl":"https:\/\/unhz.eu\/fakulteti-i-biznesit\/wp-content\/uploads\/sites\/2\/2024\/02\/cropped-logo-1-1-e1713527702695.png","width":100,"height":100,"caption":"Fakulteti i Biznesit"},"image":{"@id":"https:\/\/unhz.eu\/fakulteti-i-biznesit\/#\/schema\/logo\/image\/"}}]}},"_links":{"self":[{"href":"https:\/\/unhz.eu\/fakulteti-i-biznesit\/en\/wp-json\/wp\/v2\/pages\/21563","targetHints":{"allow":["GET"]}}],"collection":[{"href":"https:\/\/unhz.eu\/fakulteti-i-biznesit\/en\/wp-json\/wp\/v2\/pages"}],"about":[{"href":"https:\/\/unhz.eu\/fakulteti-i-biznesit\/en\/wp-json\/wp\/v2\/types\/page"}],"author":[{"embeddable":true,"href":"https:\/\/unhz.eu\/fakulteti-i-biznesit\/en\/wp-json\/wp\/v2\/users\/1"}],"replies":[{"embeddable":true,"href":"https:\/\/unhz.eu\/fakulteti-i-biznesit\/en\/wp-json\/wp\/v2\/comments?post=21563"}],"version-history":[{"count":1,"href":"https:\/\/unhz.eu\/fakulteti-i-biznesit\/en\/wp-json\/wp\/v2\/pages\/21563\/revisions"}],"predecessor-version":[{"id":57735,"href":"https:\/\/unhz.eu\/fakulteti-i-biznesit\/en\/wp-json\/wp\/v2\/pages\/21563\/revisions\/57735"}],"wp:attachment":[{"href":"https:\/\/unhz.eu\/fakulteti-i-biznesit\/en\/wp-json\/wp\/v2\/media?parent=21563"}],"curies":[{"name":"wp","href":"https:\/\/api.w.org\/{rel}","templated":true}]}}