{"id":50266,"date":"2025-12-09T10:12:45","date_gmt":"2025-12-09T08:12:45","guid":{"rendered":"https:\/\/unhz.eu\/fakulteti-i-biznesit\/?page_id=50266"},"modified":"2025-12-09T10:12:46","modified_gmt":"2025-12-09T08:12:46","slug":"sadrzaj-studijskog-programa-menadzment-biznisa","status":"publish","type":"page","link":"https:\/\/unhz.eu\/fakulteti-i-biznesit\/bs\/sadrzaj-studijskog-programa-menadzment-biznisa\/","title":{"rendered":"Sadr\u017eaj studijskog programa Menad\u017ement biznisa"},"content":{"rendered":"<figure class=\"wp-block-image size-large\"><img fetchpriority=\"high\" decoding=\"async\" width=\"1024\" height=\"294\" src=\"https:\/\/unhz.eu\/fakulteti-i-biznesit\/wp-content\/uploads\/sites\/2\/2025\/12\/22213213-1024x294.avif\" alt=\"\" class=\"wp-image-50262\" srcset=\"https:\/\/unhz.eu\/fakulteti-i-biznesit\/wp-content\/uploads\/sites\/2\/2025\/12\/22213213-1024x294.avif 1024w, https:\/\/unhz.eu\/fakulteti-i-biznesit\/wp-content\/uploads\/sites\/2\/2025\/12\/22213213-300x86.avif 300w, https:\/\/unhz.eu\/fakulteti-i-biznesit\/wp-content\/uploads\/sites\/2\/2025\/12\/22213213-768x220.avif 768w, https:\/\/unhz.eu\/fakulteti-i-biznesit\/wp-content\/uploads\/sites\/2\/2025\/12\/22213213-1536x441.avif 1536w, https:\/\/unhz.eu\/fakulteti-i-biznesit\/wp-content\/uploads\/sites\/2\/2025\/12\/22213213-2048x588.avif 2048w, https:\/\/unhz.eu\/fakulteti-i-biznesit\/wp-content\/uploads\/sites\/2\/2025\/12\/22213213-370x106.avif 370w, https:\/\/unhz.eu\/fakulteti-i-biznesit\/wp-content\/uploads\/sites\/2\/2025\/12\/22213213-840x241.avif 840w, https:\/\/unhz.eu\/fakulteti-i-biznesit\/wp-content\/uploads\/sites\/2\/2025\/12\/22213213-410x118.avif 410w\" sizes=\"(max-width: 1024px) 100vw, 1024px\" \/><\/figure>\n\n\n\n<p>PROGRAM: MENAD\u017dMENT BIZNISA (BSc.)<\/p>\n\n\n\n<p>Osnovni podaci o studijskom programu<\/p>\n\n\n\n<figure class=\"wp-block-table\"><table class=\"has-fixed-layout\"><tbody><tr><td>Ime studijskog programa:&nbsp;<\/td><td>Menad\u017ement Biznisa<\/td><\/tr><tr><td>Nivo kvalifikacije po KKK:&nbsp;<\/td><td>Visoko obrazovanje \u2013 Prvi ciklus po Bolonji (Bachelor) BSc., Nivo VI<\/td><\/tr><tr><td>Akademska titula (ste\u010dena kvalifikacija): &nbsp;<\/td><td>Bachelor Nauka u&nbsp; Menad\u017ementu biznisa (BSc.) Specializacije: Administriranje Biznisa Banke i finansije;<\/td><\/tr><tr><td>Podru\u010dje studija prema <em>Erasmus Subject Area Codes<\/em> (ESAC):&nbsp;<\/td><td>04.0<\/td><\/tr><tr><td>Minimalno trajanje studija:<\/td><td>3 godine, 6 semestara<\/td><\/tr><tr><td>Na\u010din studiranja:&nbsp;<\/td><td>Redovne studije&nbsp;<\/td><\/tr><tr><td>Broj ECTS kredita:&nbsp;<\/td><td>Ukupno 180 ECTS, po godini 60 ECTS<\/td><\/tr><tr><td>Akademski profil programa (specijalizacija):<\/td><td>Administriranje Biznisa na albanskom i bosanskom jeziku. Banke i finansije na albanskom i bosanskom jeziku ;<\/td><\/tr><tr><td>Ciljevi studijskog programa:<\/td><td>Program \u201eMenad\u017ement biznisa\u201c ima za cilj odgovoriti na potrebe tr\u017ei\u0161ta rada za kvalifikovanim i kompetentnim kadrom. Studenti koji zavr\u0161e ovaj program bi\u0107e osposobljeni za samozapo\u0161ljavanje, kao i za aktivno u\u010de\u0161\u0107e u profesionalnom upravljanju preduze\u0107ima unutar tr\u017ei\u0161ne ekonomije. Cilj ovog osnovnog studijskog programa je pru\u017eanje visokokvalitetnog stru\u010dnog obrazovanja u ovoj zna\u010dajnoj oblasti dru\u0161tvenog i privrednog \u017eivota. Program je koncipiran tako da studentima osigura sveobuhvatno znanje iz poslovnog menad\u017ementa, uz sna\u017enu povezanost teorije i prakse, \u0161to omogu\u0107ava \u010dvrstu osnovu za rad u razli\u010ditim oblastima menad\u017ementa. Ovaj program tako\u0111e te\u017ei podr\u0161ci i unapre\u0111enju operativnih<\/td><\/tr><\/tbody><\/table><\/figure>\n\n\n\n<figure class=\"wp-block-table\"><table class=\"has-fixed-layout\"><tbody><tr><td>&nbsp;<\/td><td>kapaciteta privatnih preduze\u0107a u regionu Pe\u0107i i \u0161ire. U skladu s aktuelnim zahtjevima tr\u017ei\u0161ta, organizacija studijskog programa podijeljena je u dva modula\/specijalizacije:&nbsp; &#8211; &nbsp;&nbsp;&nbsp; Administriranje Biznisa na albanskom I bosanskom jeziku; &#8211; &nbsp;&nbsp;&nbsp;&nbsp;&nbsp; Bankarstvo i finansije na albanskom I bosanskom jeziku.&nbsp; &nbsp; Program pru\u017ea diplomiranim studentima mogu\u0107nost da postanu konkurentni na tr\u017ei\u0161tu rada, kako u regiji Dukagjini, tako i \u0161irom zemlje.<\/td><\/tr><tr><td>O\u010dekivani ishodi u\u010denja: &nbsp; &nbsp; &nbsp; &nbsp; &nbsp;<\/td><td>O\u010dekivani ishodi u\u010denja za studenta su: Sticanje op\u0107eg znanja i razumijevanje glavnih koncepata, metodologija, teorijskih pristupa i pretpostavki u disciplinama vezanim za biznis i menad\u017ement. Pro\u0161irivanje znanja o konceptima iz oblasti menad\u017ementa, finansija i administriranja biznisa. Sticanje vje\u0161tina u primjeni informacionih sistema i ra\u010dunovodstva, uklju\u010duju\u0107i interdisciplinarni pristup i perspektivu. Osposobljavanje za prikupljanje, pregled, evaluaciju i interpretaciju va\u017enih informacija u jednoj ili vi\u0161e klju\u010dnih oblasti menad\u017ementa i biznisa. Sticanje dubljeg razumijevanja poslovnih aktivnosti. Razvijanje kriti\u010dkog mi\u0161ljenja i analiti\u010dkih vje\u0161tina unutar discipline preduzetni\u0161tva. Demonstriranje ste\u010denog teorijskog i prakti\u010dnog znanja kroz primjenu u\u010denja u generiranju kreativnih ideja, osnivanju novih preduze\u0107a i vo\u0111enju aktivnosti u oblasti menad\u017ementa biznisa.<\/td><\/tr><tr><td>Metodologija nastave:&nbsp;&nbsp; &nbsp; &nbsp;<\/td><td>Nastavni proces se odvija kroz predavanja, vje\u017ebe i laboratorijske vje\u017ebe. Gotovo svi kursevi, tj. nastavni predmeti, uklju\u010duju i istra\u017eiva\u010dki rad, kao i dva testa tokom semestra. Odnos izme\u0111u teorijskog i prakti\u010dnog dijela je 50:50. U nekim slu\u010dajevima, u skladu sa prirodom predmeta i predvi\u0111enim nastavnim planom i programom, ovaj odnos mo\u017ee biti 60:40. Studentima se tako\u0111er pru\u017ea prilika da svoje op\u0107e znanje primijene u praksi kroz kurs\/nastavni predmet \u201ePraksa i razvoj karijere\u201c. Ovaj predmet je obavezan, a tokom semestra studenti moraju obaviti praksu u javnim ili privatnim institucijama. Aktivnosti vezane za organizaciju prakti\u010dnog rada i koordinaciju sprovodi Centar za razvoj karijere, UHZ.<\/td><\/tr><\/tbody><\/table><\/figure>\n\n\n\n<figure class=\"wp-block-table\"><table class=\"has-fixed-layout\"><tbody><tr><td>&nbsp;<\/td><td>Nastava je organizovana prema sljede\u0107oj metodologiji: Interaktivna predavanja i prezentacije u \u201ePowerPoint\u201c ili \u201ePrezi\u201c formatu; Analiza studija slu\u010daja i primjeri iz lokalne i me\u0111unarodne poslovne prakse; Diskusije i otvorena komunikacija izme\u0111u nastavnika i studenata; Vje\u017ebe sa &nbsp;&nbsp;&nbsp;&nbsp;&nbsp;&nbsp;&nbsp; konkretnim &nbsp;&nbsp;&nbsp;&nbsp;&nbsp; primjerima &nbsp;&nbsp;&nbsp;&nbsp;&nbsp; iz &nbsp;&nbsp;&nbsp;&nbsp;&nbsp;&nbsp;&nbsp;&nbsp; razli\u010ditih &nbsp;&nbsp;&nbsp;&nbsp;&nbsp;&nbsp;&nbsp;&nbsp;&nbsp;&nbsp;&nbsp; oblasti ekonomije; Zadaci koji se prezentuju i raspravljaju u grupi, u duhu produktivne interakcije i pod povoljnim uvjetima za u\u010denje.&nbsp;<\/td><\/tr><tr><td>Procedure i vrste primenjivog vrednovanja (ocjenjivanje studenata);<\/td><td>Prema \u010dlanovima 104, 105 i 106 Statuta UHZ-a, kona\u010dna procjena studenata vr\u0161i se putem pismenog i usmenog testiranja. Dio procjene i ocjenjivanja studenata zavisi od predmeta i kriterija koje individualno koristi predmetni nastavnik. Student se ocjenjuje tokom cijelog semestra putem testova, seminarskih radova, u\u010de\u0161\u0107a u projektima, nau\u010dnim konferencijama itd. Metode ocjenjivanja definirane su u nastavnim planovima i programima svakog predmeta zasebno unutar programa. Primjer ocjenjivanja je sljede\u0107i Aktivno u\u010de\u0161\u0107e u nastavi&#8230;&#8230;&#8230;.10% Doma\u0107i zadaci, vje\u017ebe&#8230;&#8230;&#8230;&#8230;.10% Prvi test&#8230;&#8230;&#8230;&#8230;&#8230;&#8230;&#8230;&#8230;&#8230;&#8230;&#8230;&#8230;&#8230;20% Drugi test&#8230;&#8230;&#8230;&#8230;&#8230;&#8230;&#8230;&#8230;&#8230;&#8230;&#8230;&#8230;20% Zavr\u0161ni ispit \u2026\u2026&#8230;&#8230;&#8230;&#8230;&#8230;&#8230;&#8230;&#8230;.40% Total\u2026\u2026\u2026\u2026\u2026\u2026\u2026\u2026\u2026\u2026\u2026\u2026&#8230;100% &nbsp;Dok je primjer kriterija ocjenjivanja sljede\u0107i: &nbsp;0-50.99% &#8230;&#8230;&#8230;&#8230;&#8230;&#8230;&#8230;&#8230;&#8230;&#8230;..(5) 51-60.99% &#8230;&#8230;&#8230;&#8230;&#8230;&#8230;&#8230;&#8230;&#8230;&#8230;.(6) 61-70.99% &#8230;&#8230;&#8230;&#8230;&#8230;&#8230;&#8230;&#8230;&#8230;&#8230;.(7) 71-80.99% &#8230;&#8230;&#8230;&#8230;&#8230;&#8230;&#8230;&#8230;&#8230;&#8230;.(8) 81-90.99% &#8230;&#8230;&#8230;&#8230;&#8230;&#8230;&#8230;&#8230;&#8230;&#8230;.(9) 91-100% &#8230;&#8230;&#8230;&#8230;&#8230;&#8230;&#8230;&#8230;&#8230;&#8230;..(10)<\/td><\/tr><tr><td>Moduli \/ Predmeti (nazivi):<\/td><td>Prva godina Osnovi biznisa Mikroekonomija Osnovi ra\u010dunovodstva Akademsko pisanje Matematika za biznis i ekonomiju Osnovi IT-a Osnovi menad\u017ementa Makroekonomija Osnovi finansija<\/td><\/tr><\/tbody><\/table><\/figure>\n\n\n\n<figure class=\"wp-block-table\"><table class=\"has-fixed-layout\"><tbody><tr><td>&nbsp;<\/td><td>Statistika Engleski jezik I Finansijsko ra\u010dunovodstvo Poresko ra\u010dunovodstvo Upravljanje stresom i vremenom Druga godina&nbsp; Biznis okoli\u0161 Korporativne finansije Operacioni menad\u017ement Marketing Ekonomija EU i Kosova Elektronski biznis Li\u010dne finansije Porezi i korporacije Menad\u017eersko ra\u010dunovodstvo Preduzetni\u0161tvo Menad\u017ement ljudskih resursa Me\u0111unarodni biznis Finansijska tr\u017ei\u0161ta i institucije Statisti\u010dka analiza Poslovna komunikacija Upravljanje znanjem Monetarna ekonomija Ekonomija osiguranja Unutra\u0161nja kontrola i interna revizija Upravljanje bazom podataka Tre\u0107a godina Praksa I razvoj karijere Engleski jezik II Fintech u biznisu Pravo biznisa Strate\u0161ki menad\u017ement Njema\u010dki jezik Spoljna trgovina Ekonomska sociologija&nbsp; &nbsp; Specijalizacija&nbsp; Administriranje biznisa Menad\u017ement MSP&nbsp; Ekonometrija Upravljanje projektima Mikroekonomska analiza Metodologija izrade diplomskog&nbsp; Lider\u0161ip Informacioni sistemi Organizaciono pona\u0161anje<\/td><\/tr><\/tbody><\/table><\/figure>\n\n\n\n<figure class=\"wp-block-table\"><table class=\"has-fixed-layout\"><tbody><tr><td>&nbsp;<\/td><td>Diplomski rad Bachelor &nbsp; Specijalizacija&nbsp; Bankarstvo I finansije Ekonometrija Finansijska analiza i izvje\u0161tavanje Me\u0111unarodne finansije Banka i osiguranje Metodologija izrade diplomskog rada Javne finansije&nbsp; Bankarsko i osiguravaju\u0107e ra\u010dunovodstvo Upravljanje rizicima preduze\u0107a (ERM) Diplomski rad Bachelor<\/td><td>&nbsp;<\/td><\/tr><tr><td>Broj studijska mjesta\/broj studenata:&nbsp;<\/td><td>250 na albanskom jeziku 50 na bosanskom jeziku&nbsp;<\/td><td>&nbsp;<\/td><\/tr><tr><td>Nosioci studijskog programa\/oblasti studija:&nbsp;<\/td><td>Prof. Asoc. Dr. Alma Shehu Lokaj Prof. Dr. Husnija Bibuljica Prof. Asoc. Dr. Vjosa Hajdari Prof. Asoc. Dr. Suada Ajdarpa\u0161i\u0107 Prof. Ass. Dr. Driton Sylqa Prof. Ass. Dr. Anita Cucovi\u0107&nbsp;<\/td><td>&nbsp;<\/td><\/tr><tr><td>Stalno nau\u010dno\/umjetni\u010dko osoblje: (Broj po kategorijama osoblja)<\/td><td>5 redovnih profesora, 5 vanrednih profesora, 7 assistent\/docenata i 10 asistenata.<\/td><td>profesor<\/td><\/tr><tr><td>Tro\u0161kovi studiranja\/studijska taksa:<\/td><td colspan=\"2\">Odre\u0111eno od strane Ministarstva obrazovanja, nauke i tehnologije Studije su besplatne. Napomena: U slu\u010daju ponavljanja godine, pla\u0107anje se vr\u0161i u skladu s Administrativnim uputstvom MONTI br. <em>09\/2021.<\/em><\/td><\/tr><tr><td>Mogu\u0107nosti zaposlenja nakon diplomiranja:<\/td><td colspan=\"2\">Privatni sektor: Menad\u017eer ili pomo\u0107nik menad\u017eera u privatnom preduze\u0107u Specijalista za marketing ili prodaju Koordinator projekata ili ljudskih resursa (HR) Ra\u010dunovo\u0111a ili finansijer &#8211; &nbsp;&nbsp;&nbsp;&nbsp;&nbsp; Analiti\u010dar u\u010dinka ili operacija&nbsp; Preduzetni\u0161tvo i start-up: Osniva\u010d novog biznisa (preduzetnik) Menad\u017eer za razvoj poslovanja u start-up Menad\u017eer za proizvode ili inovacije Konsultant za rast poslovanja Javni sektor i me\u0111unarodne organizacije:&nbsp; Specijalista ili administrativni slu\u017ebenik u javnim institucijama Koordinator razvojnih projekata Stru\u010dnjak za ekonomsku ili poslovnu politiku Konsultant za lokalni razvoj ili javno upravljanje<\/td><\/tr><tr><td>&nbsp;<\/td><td colspan=\"2\">Bankarske institucije: Specijalista za kredite ili klijente Finansijski analiti\u010dar Portfolio ili menad\u017eer rizika Investicioni ili bankarski konsultant Biznis consulting i analiza poslovanja: Poslovni ili strate\u0161ki konsultant Analiti\u010dar podataka ili tr\u017ei\u0161ta Finansijski konsultant ili konsultant za upravljanje tro\u0161kovima &#8211; Trener za organizacijski razvoj&nbsp;&nbsp; Preduniverzitetsko i univerzitetsko obrazovanje: Nastavnik ekonomije u srednjoj \u0161koli (nakon dodatne obuke) Univerzitetski asistent u nastavi ili istra\u017eivanju &#8211; Akademski administrator ili koordinator programa&nbsp; Druge institucije u oblasti poslovnog upravljanja: Zaposlenik ili koordinator u Privrednoj komori \/ Privrednoj komori; Stru\u010dnjak ili savjetnik u lokalnim i nacionalnim razvojnim agencijama; Konsultant u nevladinim organizacijama (NVO); Zaposlenik u poslovnim inkubatorima ili inovacijskim centrima; Predstavnik ili koordinator projekata u me\u0111unarodnim organizacijama; Istra\u017eiva\u010dki asistent ili analiti\u010dki stru\u010dnjak u ekonomskim i istra\u017eiva\u010dkim institutima.<\/td><\/tr><\/tbody><\/table><\/figure>\n\n\n\n<p><\/p>","protected":false},"excerpt":{"rendered":"<p>PROGRAM: MENAD\u017dMENT BIZNISA (BSc.) Osnovni podaci o studijskom programu Ime studijskog programa:&nbsp; Menad\u017ement Biznisa Nivo&hellip;<\/p>","protected":false},"author":9,"featured_media":0,"parent":0,"menu_order":0,"comment_status":"closed","ping_status":"closed","template":"","meta":{"footnotes":""},"class_list":["post-50266","page","type-page","status-publish","hentry"],"yoast_head":"<!-- This site is optimized with the Yoast SEO Premium plugin v27.2 (Yoast SEO v27.2) - https:\/\/yoast.com\/product\/yoast-seo-premium-wordpress\/ -->\n<title>Sadr\u017eaj studijskog programa Menad\u017ement biznisa - Fakulteti i Biznesit<\/title>\n<meta name=\"robots\" content=\"index, follow, max-snippet:-1, max-image-preview:large, max-video-preview:-1\" \/>\n<link rel=\"canonical\" href=\"https:\/\/unhz.eu\/fakulteti-i-biznesit\/bs\/sadrzaj-studijskog-programa-menadzment-biznisa\/\" \/>\n<meta property=\"og:locale\" content=\"bs_BA\" \/>\n<meta property=\"og:type\" content=\"article\" \/>\n<meta property=\"og:title\" content=\"Sadr\u017eaj studijskog programa Menad\u017ement biznisa\" \/>\n<meta property=\"og:description\" content=\"PROGRAM: MENAD\u017dMENT BIZNISA (BSc.) Osnovni podaci o studijskom programu Ime studijskog programa:&nbsp; Menad\u017ement Biznisa Nivo&hellip;\" \/>\n<meta property=\"og:url\" content=\"https:\/\/unhz.eu\/fakulteti-i-biznesit\/bs\/sadrzaj-studijskog-programa-menadzment-biznisa\/\" \/>\n<meta property=\"og:site_name\" content=\"Fakulteti i Biznesit\" \/>\n<meta property=\"article:modified_time\" content=\"2025-12-09T08:12:46+00:00\" \/>\n<meta property=\"og:image\" content=\"https:\/\/unhz.eu\/fakulteti-i-biznesit\/wp-content\/uploads\/sites\/2\/2025\/12\/22213213-scaled.avif\" \/>\n\t<meta property=\"og:image:width\" content=\"2560\" \/>\n\t<meta property=\"og:image:height\" content=\"735\" \/>\n\t<meta property=\"og:image:type\" content=\"image\/png\" \/>\n<meta name=\"twitter:card\" content=\"summary_large_image\" \/>\n<meta name=\"twitter:label1\" content=\"Est. reading time\" \/>\n\t<meta name=\"twitter:data1\" content=\"5 minuta\" \/>\n<script type=\"application\/ld+json\" class=\"yoast-schema-graph\">{\"@context\":\"https:\/\/schema.org\",\"@graph\":[{\"@type\":\"WebPage\",\"@id\":\"https:\/\/unhz.eu\/fakulteti-i-biznesit\/sadrzaj-studijskog-programa-menadzment-biznisa\/\",\"url\":\"https:\/\/unhz.eu\/fakulteti-i-biznesit\/sadrzaj-studijskog-programa-menadzment-biznisa\/\",\"name\":\"Sadr\u017eaj studijskog programa Menad\u017ement biznisa - Fakulteti i Biznesit\",\"isPartOf\":{\"@id\":\"https:\/\/unhz.eu\/fakulteti-i-biznesit\/#website\"},\"primaryImageOfPage\":{\"@id\":\"https:\/\/unhz.eu\/fakulteti-i-biznesit\/sadrzaj-studijskog-programa-menadzment-biznisa\/#primaryimage\"},\"image\":{\"@id\":\"https:\/\/unhz.eu\/fakulteti-i-biznesit\/sadrzaj-studijskog-programa-menadzment-biznisa\/#primaryimage\"},\"thumbnailUrl\":\"https:\/\/unhz.eu\/fakulteti-i-biznesit\/wp-content\/uploads\/sites\/2\/2025\/12\/22213213-1024x294.avif\",\"datePublished\":\"2025-12-09T08:12:45+00:00\",\"dateModified\":\"2025-12-09T08:12:46+00:00\",\"breadcrumb\":{\"@id\":\"https:\/\/unhz.eu\/fakulteti-i-biznesit\/sadrzaj-studijskog-programa-menadzment-biznisa\/#breadcrumb\"},\"inLanguage\":\"bs-BA\",\"potentialAction\":[{\"@type\":\"ReadAction\",\"target\":[\"https:\/\/unhz.eu\/fakulteti-i-biznesit\/sadrzaj-studijskog-programa-menadzment-biznisa\/\"]}]},{\"@type\":\"ImageObject\",\"inLanguage\":\"bs-BA\",\"@id\":\"https:\/\/unhz.eu\/fakulteti-i-biznesit\/sadrzaj-studijskog-programa-menadzment-biznisa\/#primaryimage\",\"url\":\"https:\/\/unhz.eu\/fakulteti-i-biznesit\/wp-content\/uploads\/sites\/2\/2025\/12\/22213213-1024x294.avif\",\"contentUrl\":\"https:\/\/unhz.eu\/fakulteti-i-biznesit\/wp-content\/uploads\/sites\/2\/2025\/12\/22213213-1024x294.avif\"},{\"@type\":\"BreadcrumbList\",\"@id\":\"https:\/\/unhz.eu\/fakulteti-i-biznesit\/sadrzaj-studijskog-programa-menadzment-biznisa\/#breadcrumb\",\"itemListElement\":[{\"@type\":\"ListItem\",\"position\":1,\"name\":\"Home\",\"item\":\"https:\/\/unhz.eu\/fakulteti-i-biznesit\/\"},{\"@type\":\"ListItem\",\"position\":2,\"name\":\"Sadr\u017eaj studijskog programa Menad\u017ement biznisa\"}]},{\"@type\":\"WebSite\",\"@id\":\"https:\/\/unhz.eu\/fakulteti-i-biznesit\/#website\",\"url\":\"https:\/\/unhz.eu\/fakulteti-i-biznesit\/\",\"name\":\"Fakulteti i Biznesit\",\"description\":\"I dedikuar p\u00ebr cil\u00ebsi standarde dhe suksese\",\"publisher\":{\"@id\":\"https:\/\/unhz.eu\/fakulteti-i-biznesit\/#organization\"},\"potentialAction\":[{\"@type\":\"SearchAction\",\"target\":{\"@type\":\"EntryPoint\",\"urlTemplate\":\"https:\/\/unhz.eu\/fakulteti-i-biznesit\/?s={search_term_string}\"},\"query-input\":{\"@type\":\"PropertyValueSpecification\",\"valueRequired\":true,\"valueName\":\"search_term_string\"}}],\"inLanguage\":\"bs-BA\"},{\"@type\":\"Organization\",\"@id\":\"https:\/\/unhz.eu\/fakulteti-i-biznesit\/#organization\",\"name\":\"Fakulteti i Biznesit\",\"url\":\"https:\/\/unhz.eu\/fakulteti-i-biznesit\/\",\"logo\":{\"@type\":\"ImageObject\",\"inLanguage\":\"bs-BA\",\"@id\":\"https:\/\/unhz.eu\/fakulteti-i-biznesit\/#\/schema\/logo\/image\/\",\"url\":\"https:\/\/unhz.eu\/fakulteti-i-biznesit\/wp-content\/uploads\/sites\/2\/2024\/02\/cropped-logo-1-1-e1713527702695.png\",\"contentUrl\":\"https:\/\/unhz.eu\/fakulteti-i-biznesit\/wp-content\/uploads\/sites\/2\/2024\/02\/cropped-logo-1-1-e1713527702695.png\",\"width\":100,\"height\":100,\"caption\":\"Fakulteti i Biznesit\"},\"image\":{\"@id\":\"https:\/\/unhz.eu\/fakulteti-i-biznesit\/#\/schema\/logo\/image\/\"}}]}<\/script>\n<!-- \/ Yoast SEO Premium plugin. -->","yoast_head_json":{"title":"Sadr\u017eaj studijskog programa Menad\u017ement biznisa - Fakulteti i Biznesit","robots":{"index":"index","follow":"follow","max-snippet":"max-snippet:-1","max-image-preview":"max-image-preview:large","max-video-preview":"max-video-preview:-1"},"canonical":"https:\/\/unhz.eu\/fakulteti-i-biznesit\/bs\/sadrzaj-studijskog-programa-menadzment-biznisa\/","og_locale":"bs_BA","og_type":"article","og_title":"Sadr\u017eaj studijskog programa Menad\u017ement biznisa","og_description":"PROGRAM: MENAD\u017dMENT BIZNISA (BSc.) Osnovni podaci o studijskom programu Ime studijskog programa:&nbsp; Menad\u017ement Biznisa Nivo&hellip;","og_url":"https:\/\/unhz.eu\/fakulteti-i-biznesit\/bs\/sadrzaj-studijskog-programa-menadzment-biznisa\/","og_site_name":"Fakulteti i Biznesit","article_modified_time":"2025-12-09T08:12:46+00:00","og_image":[{"width":2560,"height":735,"url":"https:\/\/unhz.eu\/fakulteti-i-biznesit\/wp-content\/uploads\/sites\/2\/2025\/12\/22213213-scaled.avif","type":"image\/png"}],"twitter_card":"summary_large_image","twitter_misc":{"Est. reading time":"5 minuta"},"schema":{"@context":"https:\/\/schema.org","@graph":[{"@type":"WebPage","@id":"https:\/\/unhz.eu\/fakulteti-i-biznesit\/sadrzaj-studijskog-programa-menadzment-biznisa\/","url":"https:\/\/unhz.eu\/fakulteti-i-biznesit\/sadrzaj-studijskog-programa-menadzment-biznisa\/","name":"Sadr\u017eaj studijskog programa Menad\u017ement biznisa - Fakulteti i Biznesit","isPartOf":{"@id":"https:\/\/unhz.eu\/fakulteti-i-biznesit\/#website"},"primaryImageOfPage":{"@id":"https:\/\/unhz.eu\/fakulteti-i-biznesit\/sadrzaj-studijskog-programa-menadzment-biznisa\/#primaryimage"},"image":{"@id":"https:\/\/unhz.eu\/fakulteti-i-biznesit\/sadrzaj-studijskog-programa-menadzment-biznisa\/#primaryimage"},"thumbnailUrl":"https:\/\/unhz.eu\/fakulteti-i-biznesit\/wp-content\/uploads\/sites\/2\/2025\/12\/22213213-1024x294.avif","datePublished":"2025-12-09T08:12:45+00:00","dateModified":"2025-12-09T08:12:46+00:00","breadcrumb":{"@id":"https:\/\/unhz.eu\/fakulteti-i-biznesit\/sadrzaj-studijskog-programa-menadzment-biznisa\/#breadcrumb"},"inLanguage":"bs-BA","potentialAction":[{"@type":"ReadAction","target":["https:\/\/unhz.eu\/fakulteti-i-biznesit\/sadrzaj-studijskog-programa-menadzment-biznisa\/"]}]},{"@type":"ImageObject","inLanguage":"bs-BA","@id":"https:\/\/unhz.eu\/fakulteti-i-biznesit\/sadrzaj-studijskog-programa-menadzment-biznisa\/#primaryimage","url":"https:\/\/unhz.eu\/fakulteti-i-biznesit\/wp-content\/uploads\/sites\/2\/2025\/12\/22213213-1024x294.avif","contentUrl":"https:\/\/unhz.eu\/fakulteti-i-biznesit\/wp-content\/uploads\/sites\/2\/2025\/12\/22213213-1024x294.avif"},{"@type":"BreadcrumbList","@id":"https:\/\/unhz.eu\/fakulteti-i-biznesit\/sadrzaj-studijskog-programa-menadzment-biznisa\/#breadcrumb","itemListElement":[{"@type":"ListItem","position":1,"name":"Home","item":"https:\/\/unhz.eu\/fakulteti-i-biznesit\/"},{"@type":"ListItem","position":2,"name":"Sadr\u017eaj studijskog programa Menad\u017ement biznisa"}]},{"@type":"WebSite","@id":"https:\/\/unhz.eu\/fakulteti-i-biznesit\/#website","url":"https:\/\/unhz.eu\/fakulteti-i-biznesit\/","name":"Poslovni fakultet","description":"Posve\u0107eni standardnoj kvaliteti i uspjehu","publisher":{"@id":"https:\/\/unhz.eu\/fakulteti-i-biznesit\/#organization"},"potentialAction":[{"@type":"SearchAction","target":{"@type":"EntryPoint","urlTemplate":"https:\/\/unhz.eu\/fakulteti-i-biznesit\/?s={search_term_string}"},"query-input":{"@type":"PropertyValueSpecification","valueRequired":true,"valueName":"search_term_string"}}],"inLanguage":"bs-BA"},{"@type":"Organization","@id":"https:\/\/unhz.eu\/fakulteti-i-biznesit\/#organization","name":"Poslovni fakultet","url":"https:\/\/unhz.eu\/fakulteti-i-biznesit\/","logo":{"@type":"ImageObject","inLanguage":"bs-BA","@id":"https:\/\/unhz.eu\/fakulteti-i-biznesit\/#\/schema\/logo\/image\/","url":"https:\/\/unhz.eu\/fakulteti-i-biznesit\/wp-content\/uploads\/sites\/2\/2024\/02\/cropped-logo-1-1-e1713527702695.png","contentUrl":"https:\/\/unhz.eu\/fakulteti-i-biznesit\/wp-content\/uploads\/sites\/2\/2024\/02\/cropped-logo-1-1-e1713527702695.png","width":100,"height":100,"caption":"Fakulteti i Biznesit"},"image":{"@id":"https:\/\/unhz.eu\/fakulteti-i-biznesit\/#\/schema\/logo\/image\/"}}]}},"_links":{"self":[{"href":"https:\/\/unhz.eu\/fakulteti-i-biznesit\/bs\/wp-json\/wp\/v2\/pages\/50266","targetHints":{"allow":["GET"]}}],"collection":[{"href":"https:\/\/unhz.eu\/fakulteti-i-biznesit\/bs\/wp-json\/wp\/v2\/pages"}],"about":[{"href":"https:\/\/unhz.eu\/fakulteti-i-biznesit\/bs\/wp-json\/wp\/v2\/types\/page"}],"author":[{"embeddable":true,"href":"https:\/\/unhz.eu\/fakulteti-i-biznesit\/bs\/wp-json\/wp\/v2\/users\/9"}],"replies":[{"embeddable":true,"href":"https:\/\/unhz.eu\/fakulteti-i-biznesit\/bs\/wp-json\/wp\/v2\/comments?post=50266"}],"version-history":[{"count":1,"href":"https:\/\/unhz.eu\/fakulteti-i-biznesit\/bs\/wp-json\/wp\/v2\/pages\/50266\/revisions"}],"predecessor-version":[{"id":50268,"href":"https:\/\/unhz.eu\/fakulteti-i-biznesit\/bs\/wp-json\/wp\/v2\/pages\/50266\/revisions\/50268"}],"wp:attachment":[{"href":"https:\/\/unhz.eu\/fakulteti-i-biznesit\/bs\/wp-json\/wp\/v2\/media?parent=50266"}],"curies":[{"name":"wp","href":"https:\/\/api.w.org\/{rel}","templated":true}]}}