{"id":49909,"date":"2025-10-27T15:19:24","date_gmt":"2025-10-27T13:19:24","guid":{"rendered":"https:\/\/unhz.eu\/fakulteti-i-biznesit\/?page_id=49909"},"modified":"2025-10-27T15:19:25","modified_gmt":"2025-10-27T13:19:25","slug":"menadzmentu-biznisa","status":"publish","type":"page","link":"https:\/\/unhz.eu\/fakulteti-i-biznesit\/bs\/menadzmentu-biznisa\/","title":{"rendered":"MENAD\u017dMENTU BIZNISA"},"content":{"rendered":"<p>PROGRAM: MASTER NAUKA U MENAD\u017dMENTU BIZNISA<\/p>\n\n\n\n<p>Master of Science in Business Management (MSc.)<\/p>\n\n\n\n<p>Profili sa specijalizacijama u oblastima:<\/p>\n\n\n\n<ol class=\"wp-block-list\">\n<li><em>Upravljanje poslovanjem<\/em><\/li>\n\n\n\n<li><em>Bankarstvo i finansije<\/em><\/li>\n<\/ol>\n\n\n\n<p>*Zajedni\u010dka prva godina<\/p>\n\n\n\n<figure class=\"wp-block-table\"><table><tbody><tr><td colspan=\"6\"><strong><em>Prva godina \u2013 Prvi semestar:<\/em><\/strong><strong><em><\/em><\/strong><\/td><\/tr><tr><td><strong><em>Br.<\/em><\/strong><strong><em><\/em><\/strong><\/td><td><strong><em>Oba.\/Izb.<\/em><\/strong><strong><em><\/em><\/strong><\/td><td><strong><em>Predmet:<\/em><\/strong><strong><em><\/em><\/strong><\/td><td><strong><em>\u010cas P+V<\/em><\/strong><\/td><td><strong><em>ECTS<\/em><\/strong><strong><em><\/em><\/strong><\/td><td>&nbsp;<\/td><\/tr><tr><td><em>1.<\/em><em><\/em><\/td><td><em>O<\/em><em><\/em><\/td><td><em>Kvalitativne metode u nau\u010dnom istra\u017eivanju<\/em><\/td><td><em>3+2<\/em><em><\/em><\/td><td><em>6<\/em><em><\/em><\/td><td>&nbsp;<\/td><\/tr><tr><td><em>2.<\/em><em><\/em><\/td><td><em>O<\/em><em><\/em><\/td><td><em>Napredna menad\u017eerska ekonomija<\/em><\/td><td><em>3+2<\/em><em><\/em><\/td><td><em>6<\/em><em><\/em><\/td><td>&nbsp;<\/td><\/tr><tr><td><em>3.<\/em><em><\/em><\/td><td><em>O<\/em><em><\/em><\/td><td><em>Savremene teorije organizacije<\/em><\/td><td><em>3+2<\/em><em><\/em><\/td><td><em>6<\/em><em><\/em><\/td><td>&nbsp;<\/td><\/tr><tr><td><em>4.<\/em><em><\/em><\/td><td><em>O<\/em><em><\/em><\/td><td><em>Napredni finansijski menad\u017ement<\/em><\/td><td><em>3+2<\/em><em><\/em><\/td><td><em>6<\/em><em><\/em><\/td><td>&nbsp;<\/td><\/tr><tr><td><em>5.<\/em><em><\/em><\/td><td><em>I<\/em><em><\/em><\/td><td><em>Upravljanje<\/em><em> <\/em><em>javno-privatnim<\/em><em> <\/em><em>partnerstvima<\/em><em><\/em><\/td><td><em>3+2<\/em><em><\/em><\/td><td><em>6<\/em><em><\/em><\/td><td>&nbsp;<\/td><\/tr><tr><td><em>6.<\/em><em><\/em><\/td><td><em>I<\/em><em><\/em><\/td><td><em>Upravljanje kapitalom banaka i osiguranja<\/em><\/td><td><em>3+2<\/em><em><\/em><\/td><td><em>6<\/em><em><\/em><\/td><td>&nbsp;<\/td><\/tr><tr><td><em>7.<\/em><em><\/em><\/td><td><em>I<\/em><em><\/em><\/td><td><em>Napredna revizija<\/em><\/td><td><em>3+2<\/em><em><\/em><\/td><td><em>6<\/em><em><\/em><\/td><td>&nbsp;<\/td><\/tr><tr><td>&nbsp;<\/td><td>&nbsp;<\/td><td><em>Ukupno<\/em><em><\/em><\/td><td><em>15+10<\/em><em><\/em><\/td><td><em>30<\/em><em><\/em><\/td><td>&nbsp;<\/td><\/tr><tr><td colspan=\"6\"><strong><em>Prva godina \u2013 Drugi semestar:<\/em><\/strong><strong><em><\/em><\/strong><\/td><\/tr><tr><td><strong><em>Br.<\/em><\/strong><strong><em><\/em><\/strong><\/td><td><strong><em>Oba.\/Izb.<\/em><\/strong><strong><em><\/em><\/strong><\/td><td><strong><em>Predmet:<\/em><\/strong><strong><em><\/em><\/strong><\/td><td><strong><em>\u010cas P+V<\/em><\/strong><\/td><td><strong><em>ECTS<\/em><\/strong><strong><em><\/em><\/strong><\/td><td>&nbsp;<\/td><\/tr><tr><td><em>1.<\/em><em><\/em><\/td><td><em>O<\/em><em><\/em><\/td><td><em>Kvantitativne metode i tehnike u nau\u010dnom<\/em> <em>istra\u017eivanju<\/em><em><\/em><\/td><td><em>3+2<\/em><em><\/em><\/td><td><em>6<\/em><em><\/em><\/td><td>&nbsp;<\/td><\/tr><tr><td><em>2.<\/em><em><\/em><\/td><td><em>O<\/em><em><\/em><\/td><td><em>Napredni strate\u0161ki menad\u017ement<\/em><\/td><td><em>3+2<\/em><em><\/em><\/td><td><em>6<\/em><em><\/em><\/td><td>&nbsp;<\/td><\/tr><tr><td><em>3.<\/em><em><\/em><\/td><td><em>O<\/em><em><\/em><\/td><td><em>Upravlja\u010dki informacioni sistemi<\/em><\/td><td><em>3+2<\/em><em><\/em><\/td><td><em>6<\/em><em><\/em><\/td><td>&nbsp;<\/td><\/tr><tr><td><em>4.<\/em><em><\/em><\/td><td><em>O<\/em><em><\/em><\/td><td><em>Me\u0111unarodno poslovno okru\u017eenje<\/em><\/td><td><em>3+2<\/em><em><\/em><\/td><td><em>6<\/em><em><\/em><\/td><td>&nbsp;<\/td><\/tr><tr><td><em>6.<\/em><em><\/em><\/td><td><em>I<\/em><em><\/em><\/td><td><em>Menad\u017ement totalnog kvaliteta<\/em><\/td><td><em>3+2<\/em><em><\/em><\/td><td><em>6<\/em><em><\/em><\/td><td>&nbsp;<\/td><\/tr><tr><td><em>7.<\/em><em><\/em><\/td><td><em>I<\/em><em><\/em><\/td><td><em>Finansijska ekonometrija<\/em><\/td><td><em>3+2<\/em><em><\/em><\/td><td><em>6<\/em><em><\/em><\/td><td>&nbsp;<\/td><\/tr><tr><td><em>8.<\/em><em><\/em><\/td><td><em>I<\/em><em><\/em><\/td><td><em>Napredno finansijsko ra\u010dunovodstvo<\/em><\/td><td><em>3+2<\/em><em><\/em><\/td><td><em>6<\/em><em><\/em><\/td><td>&nbsp;<\/td><\/tr><tr><td><em>9.<\/em><em><\/em><\/td><td><em>I<\/em><em><\/em><\/td><td><em>Ra\u010dunovodstvo<\/em><em> <\/em><em>tro\u0161kova<\/em><em><\/em><\/td><td><em>3+2<\/em><em><\/em><\/td><td><em>6<\/em><em><\/em><\/td><td>&nbsp;<\/td><\/tr><tr><td>&nbsp;<\/td><td>&nbsp;<\/td><td><em>Ukupno<\/em><em><\/em><\/td><td><em>15+10<\/em><em><\/em><\/td><td><em>30<\/em><em><\/em><\/td><td>&nbsp;<\/td><\/tr><tr><td colspan=\"6\"><strong><em>Specijalizacija:<\/em><\/strong><strong><em> <\/em><\/strong><strong><em>Menad\u017ement<\/em><\/strong><strong><em> <\/em><\/strong><strong><em>biznisa<\/em><\/strong><strong><em><\/em><\/strong><\/td><\/tr><tr><td colspan=\"6\"><strong><em>Druga godina \u2013 Tre\u0107i semestar:<\/em><\/strong><strong><em><\/em><\/strong><\/td><\/tr><tr><td><strong><em>Br.<\/em><\/strong><strong><em><\/em><\/strong><\/td><td><strong><em>Oba.\/Izb.<\/em><\/strong><strong><em><\/em><\/strong><\/td><td><strong><em>Predmet:<\/em><\/strong><strong><em><\/em><\/strong><\/td><td><strong><em>\u010cas P+V<\/em><\/strong><\/td><td><strong><em>ECTS<\/em><\/strong><strong><em><\/em><\/strong><\/td><td>&nbsp;<\/td><\/tr><tr><td><em>1.<\/em><em><\/em><\/td><td><em>O<\/em><em><\/em><\/td><td><em>Preduzetni\u0161tvo i inovacije<\/em><\/td><td><em>3+2<\/em><em><\/em><\/td><td><em>6<\/em><em><\/em><\/td><td>&nbsp;<\/td><\/tr><tr><td><em>2.<\/em><em><\/em><\/td><td><em>O<\/em><em><\/em><\/td><td><em>Upravljanje<\/em><em> <\/em><em>projektima<\/em><em> <\/em><em>EU<\/em><em><\/em><\/td><td><em>3+2<\/em><em><\/em><\/td><td><em>6<\/em><em><\/em><\/td><td>&nbsp;<\/td><\/tr><tr><td><em>3.<\/em><em><\/em><\/td><td><em>O<\/em><em><\/em><\/td><td><em>Prakti\u010dna nastava i razvoj karijere<\/em><\/td><td><em>0+2<\/em><em><\/em><\/td><td><em>2<\/em><em><\/em><\/td><td>&nbsp;<\/td><\/tr><tr><td><em>4.<\/em><em><\/em><\/td><td><em>O<\/em><em><\/em><\/td><td><em>Liderstvo i odlu\u010divanje<\/em><\/td><td><em>3+2<\/em><em><\/em><\/td><td><em>6<\/em><em><\/em><\/td><td>&nbsp;<\/td><\/tr><tr><td>&nbsp;<\/td><td>&nbsp;<\/td><td><em>Ukupno<\/em><em><\/em><\/td><td><em>9+8<\/em><em><\/em><\/td><td><em>20<\/em><em><\/em><\/td><td>&nbsp;<\/td><\/tr><tr><td colspan=\"6\"><strong><em>Specijalizacija: Bankarstvo i finansije<\/em><\/strong><strong><em><\/em><\/strong><\/td><\/tr><tr><td colspan=\"6\"><strong><em>Druga godina \u2013 Tre\u0107i semestar:<\/em><\/strong><strong><em><\/em><\/strong><\/td><\/tr><tr><td><strong><em>Br.<\/em><\/strong><strong><em><\/em><\/strong><\/td><td><strong><em>Oba.\/Izb.<\/em><\/strong><strong><em><\/em><\/strong><\/td><td><strong><em>Predmet:<\/em><\/strong><strong><em><\/em><\/strong><\/td><td><strong><em>\u010cas P+V<\/em><\/strong><\/td><td><strong><em>ECTS<\/em><\/strong><strong><em><\/em><\/strong><\/td><td>&nbsp;<\/td><\/tr><tr><td><em>1.<\/em><em><\/em><\/td><td><em>O<\/em><em><\/em><\/td><td><em>Upravljanje<\/em><em> <\/em><em>finansijskim<\/em><em> <\/em><em>institucijama<\/em><em><\/em><\/td><td><em>3+2<\/em><em><\/em><\/td><td><em>6<\/em><em><\/em><\/td><td>&nbsp;<\/td><\/tr><tr><td><em>2.<\/em><em><\/em><\/td><td><em>O<\/em><em><\/em><\/td><td><em>Napredne<\/em><em> <\/em><em>korporativne<\/em><em> <\/em><em>finansije<\/em><em><\/em><\/td><td><em>3+2<\/em><em><\/em><\/td><td><em>6<\/em><em><\/em><\/td><td>&nbsp;<\/td><\/tr><tr><td><em>3.<\/em><em><\/em><\/td><td><em>O<\/em><em><\/em><\/td><td><em>Investicije i upravljanje portfoliom<\/em><\/td><td><em>3+2<\/em><em><\/em><\/td><td><em>6<\/em><em><\/em><\/td><td>&nbsp;<\/td><\/tr><tr><td><em>4.<\/em><em><\/em><\/td><td><em>O<\/em><em><\/em><\/td><td><em>Prakti\u010dna nastava i razvoj karijere<\/em><\/td><td><em>0+2<\/em><em><\/em><\/td><td><em>2<\/em><em><\/em><\/td><td>&nbsp;<\/td><\/tr><tr><td>&nbsp;<\/td><td>&nbsp;<\/td><td><em>Ukupno<\/em><em><\/em><\/td><td><em>9+8<\/em><em><\/em><\/td><td><em>20<\/em><em><\/em><\/td><td>&nbsp;<\/td><\/tr><tr><td colspan=\"6\"><strong><em>Izborni predmeti za specijalizacije &#8220;Menad\u017ement biznisa&#8221; i &#8220;Bankarstvo i finansije&#8221;<\/em><\/strong><strong><em><\/em><\/strong> <em>Studenti su du\u017eni odabrati dva predmeta iz ponu\u0111enih izbornih predmeta.<\/em><em><\/em><\/td><\/tr><tr><td colspan=\"6\"><strong><em>Druga godina \u2013 Tre\u0107i semestar:<\/em><\/strong><strong><em><\/em><\/strong><\/td><\/tr><tr><td><strong><em>Br.<\/em><\/strong><strong><em><\/em><\/strong><\/td><td><strong><em>Oba.\/Izb.<\/em><\/strong><strong><em><\/em><\/strong><\/td><td><strong><em>Predmet:<\/em><\/strong><strong><em><\/em><\/strong><\/td><td><strong><em>\u010cas P+V<\/em><\/strong><\/td><td><strong><em>ECTS<\/em><\/strong><strong><em><\/em><\/strong><\/td><td>&nbsp;<\/td><\/tr><tr><td><em>1.<\/em><em><\/em><\/td><td><em>I<\/em><em><\/em><\/td><td><em>Spajanja i kupovina preduze\u0107a<\/em><\/td><td><em>3+2<\/em><em><\/em><\/td><td><em>5<\/em><em><\/em><\/td><td>&nbsp;<\/td><\/tr><tr><td><em>2.<\/em><em><\/em><\/td><td><em>I<\/em><em><\/em><\/td><td><em>Upravljanje marketingom<\/em><\/td><td><em>3+2<\/em><em><\/em><\/td><td><em>5<\/em><em><\/em><\/td><td>&nbsp;<\/td><\/tr><tr><td><em>3.<\/em><em><\/em><\/td><td><em>I<\/em><em><\/em><\/td><td><em>Etika u biznisu<\/em><\/td><td><em>3+2<\/em><em><\/em><\/td><td><em>5<\/em><em><\/em><\/td><td>&nbsp;<\/td><\/tr><tr><td><em>4.<\/em><em><\/em><\/td><td><em>I<\/em><em><\/em><\/td><td><em>Pona\u0161anje potro\u0161a\u010da<\/em><\/td><td><em>3+2<\/em><em><\/em><\/td><td><em>5<\/em><em><\/em><\/td><td>&nbsp;<\/td><\/tr><tr><td><em>5.<\/em><em><\/em><\/td><td><em>I<\/em><em><\/em><\/td><td><em>Analiza podataka pomo\u0107u ERP sistema<\/em><\/td><td><em>3+2<\/em><em><\/em><\/td><td><em>5<\/em><em><\/em><\/td><td>&nbsp;<\/td><\/tr><tr><td><em>6.<\/em><em><\/em><\/td><td><em>I<\/em><em><\/em><\/td><td><em>Upravljanje stresom i vremenom<\/em><\/td><td><em>3+2<\/em><em><\/em><\/td><td><em>5<\/em><em><\/em><\/td><td>&nbsp;<\/td><\/tr><tr><td><em>7.<\/em><em><\/em><\/td><td><em>I<\/em><em><\/em><\/td><td><em>Upravljanje socijalnim i korporativnim okru\u017eenjem<\/em><\/td><td><em>3+2<\/em><em><\/em><\/td><td><em>5<\/em><em><\/em><\/td><td>&nbsp;<\/td><\/tr><tr><td><em>8.<\/em><em><\/em><\/td><td><em>I<\/em><em><\/em><\/td><td><em>Me\u0111unarodna tr\u017ei\u0161ta i finansije<\/em><\/td><td><em>3+2<\/em><em><\/em><\/td><td><em>5<\/em><em><\/em><\/td><td>&nbsp;<\/td><\/tr><tr><td><em>9.<\/em><em><\/em><\/td><td><em>I<\/em><em><\/em><\/td><td><em>Digitalne finansije<\/em><\/td><td><em>3+2<\/em><em><\/em><\/td><td><em>5<\/em><em><\/em><\/td><td>&nbsp;<\/td><\/tr><tr><td><em>10.<\/em><em><\/em><\/td><td><em>I<\/em><em><\/em><\/td><td><em>Upravljanje rizikom i osiguranje<\/em><\/td><td><em>3+2<\/em><em><\/em><\/td><td><em>5<\/em><em><\/em><\/td><td>&nbsp;<\/td><\/tr><tr><td><em>11.<\/em><em><\/em><\/td><td><em>I<\/em><em><\/em><\/td><td><em>Monetarna politika<\/em><\/td><td><em>3+2<\/em><em><\/em><\/td><td><em>5<\/em><em><\/em><\/td><td>&nbsp;<\/td><\/tr><tr><td><em>12.<\/em><em><\/em><\/td><td><em>I<\/em><em><\/em><\/td><td><em>Procjena rizika i kontrola u korporacijama<\/em><\/td><td><em>3+2<\/em><em><\/em><\/td><td><em>5<\/em><em><\/em><\/td><td>&nbsp;<\/td><\/tr><tr><td><em>13.<\/em><em><\/em><\/td><td><em>I<\/em><em><\/em><\/td><td><em>Revizija performnsi<\/em><\/td><td><em>3+2<\/em><em><\/em><\/td><td><em>5<\/em><em><\/em><\/td><td>&nbsp;<\/td><\/tr><tr><td>&nbsp;<\/td><td>&nbsp;<\/td><td><em>Ukupno<\/em><em><\/em><\/td><td><em>6+4<\/em><em><\/em><\/td><td><em>10<\/em><em><\/em><\/td><td>&nbsp;<\/td><\/tr><tr><td colspan=\"6\"><strong><em>Druga godina \u2013 \u010cetvrti semestar:<\/em><\/strong><strong><em><\/em><\/strong><\/td><\/tr><tr><td><strong><em>Br.<\/em><\/strong><strong><em><\/em><\/strong><\/td><td><strong><em>Oba.\/Izb.<\/em><\/strong><strong><em><\/em><\/strong><\/td><td><strong><em>Predmet:<\/em><\/strong><strong><em><\/em><\/strong><\/td><td><strong><em>\u010cas P+V<\/em><\/strong><\/td><td><strong><em>ECTS<\/em><\/strong><strong><em><\/em><\/strong><\/td><td>&nbsp;<\/td><\/tr><tr><td><em>1.<\/em><em><\/em><\/td><td><em>O<\/em><em><\/em><\/td><td><em>Diplomski rad &#8211; Master<\/em><\/td><td>&nbsp;<\/td><td><em>30<\/em><em><\/em><\/td><td>&nbsp;<\/td><\/tr><tr><td>&nbsp;<\/td><td>&nbsp;<\/td><td><em>Ukupno<\/em><em><\/em><\/td><td>&nbsp;<\/td><td><em>30<\/em><em><\/em><\/td><td>&nbsp;<\/td><\/tr><\/tbody><\/table><\/figure>","protected":false},"excerpt":{"rendered":"<p>PROGRAM: MASTER NAUKA U MENAD\u017dMENTU BIZNISA Master of Science in Business Management (MSc.) Profili sa&hellip;<\/p>","protected":false},"author":1,"featured_media":0,"parent":0,"menu_order":0,"comment_status":"closed","ping_status":"closed","template":"","meta":{"footnotes":""},"class_list":["post-49909","page","type-page","status-publish","hentry"],"yoast_head":"<!-- This site is optimized with the Yoast SEO Premium plugin v27.2 (Yoast SEO v27.2) - https:\/\/yoast.com\/product\/yoast-seo-premium-wordpress\/ -->\n<title>MENAD\u017dMENTU BIZNISA - Fakulteti i Biznesit<\/title>\n<meta name=\"robots\" content=\"index, follow, max-snippet:-1, max-image-preview:large, max-video-preview:-1\" \/>\n<link rel=\"canonical\" href=\"https:\/\/unhz.eu\/fakulteti-i-biznesit\/bs\/menadzmentu-biznisa\/\" \/>\n<meta property=\"og:locale\" content=\"bs_BA\" \/>\n<meta property=\"og:type\" content=\"article\" \/>\n<meta property=\"og:title\" content=\"MENAD\u017dMENTU BIZNISA\" \/>\n<meta property=\"og:description\" content=\"PROGRAM: MASTER NAUKA U MENAD\u017dMENTU BIZNISA Master of Science in Business Management (MSc.) Profili sa&hellip;\" \/>\n<meta property=\"og:url\" content=\"https:\/\/unhz.eu\/fakulteti-i-biznesit\/bs\/menadzmentu-biznisa\/\" \/>\n<meta property=\"og:site_name\" content=\"Fakulteti i Biznesit\" \/>\n<meta property=\"article:modified_time\" content=\"2025-10-27T13:19:25+00:00\" \/>\n<meta name=\"twitter:card\" content=\"summary_large_image\" \/>\n<meta name=\"twitter:label1\" content=\"Est. reading time\" \/>\n\t<meta name=\"twitter:data1\" content=\"2 minute\" \/>\n<script type=\"application\/ld+json\" class=\"yoast-schema-graph\">{\"@context\":\"https:\/\/schema.org\",\"@graph\":[{\"@type\":\"WebPage\",\"@id\":\"https:\/\/unhz.eu\/fakulteti-i-biznesit\/menadzmentu-biznisa\/\",\"url\":\"https:\/\/unhz.eu\/fakulteti-i-biznesit\/menadzmentu-biznisa\/\",\"name\":\"MENAD\u017dMENTU BIZNISA - Fakulteti i Biznesit\",\"isPartOf\":{\"@id\":\"https:\/\/unhz.eu\/fakulteti-i-biznesit\/#website\"},\"datePublished\":\"2025-10-27T13:19:24+00:00\",\"dateModified\":\"2025-10-27T13:19:25+00:00\",\"breadcrumb\":{\"@id\":\"https:\/\/unhz.eu\/fakulteti-i-biznesit\/menadzmentu-biznisa\/#breadcrumb\"},\"inLanguage\":\"bs-BA\",\"potentialAction\":[{\"@type\":\"ReadAction\",\"target\":[\"https:\/\/unhz.eu\/fakulteti-i-biznesit\/menadzmentu-biznisa\/\"]}]},{\"@type\":\"BreadcrumbList\",\"@id\":\"https:\/\/unhz.eu\/fakulteti-i-biznesit\/menadzmentu-biznisa\/#breadcrumb\",\"itemListElement\":[{\"@type\":\"ListItem\",\"position\":1,\"name\":\"Home\",\"item\":\"https:\/\/unhz.eu\/fakulteti-i-biznesit\/\"},{\"@type\":\"ListItem\",\"position\":2,\"name\":\"MENAD\u017dMENTU BIZNISA\"}]},{\"@type\":\"WebSite\",\"@id\":\"https:\/\/unhz.eu\/fakulteti-i-biznesit\/#website\",\"url\":\"https:\/\/unhz.eu\/fakulteti-i-biznesit\/\",\"name\":\"Fakulteti i Biznesit\",\"description\":\"I dedikuar p\u00ebr cil\u00ebsi standarde dhe suksese\",\"publisher\":{\"@id\":\"https:\/\/unhz.eu\/fakulteti-i-biznesit\/#organization\"},\"potentialAction\":[{\"@type\":\"SearchAction\",\"target\":{\"@type\":\"EntryPoint\",\"urlTemplate\":\"https:\/\/unhz.eu\/fakulteti-i-biznesit\/?s={search_term_string}\"},\"query-input\":{\"@type\":\"PropertyValueSpecification\",\"valueRequired\":true,\"valueName\":\"search_term_string\"}}],\"inLanguage\":\"bs-BA\"},{\"@type\":\"Organization\",\"@id\":\"https:\/\/unhz.eu\/fakulteti-i-biznesit\/#organization\",\"name\":\"Fakulteti i Biznesit\",\"url\":\"https:\/\/unhz.eu\/fakulteti-i-biznesit\/\",\"logo\":{\"@type\":\"ImageObject\",\"inLanguage\":\"bs-BA\",\"@id\":\"https:\/\/unhz.eu\/fakulteti-i-biznesit\/#\/schema\/logo\/image\/\",\"url\":\"https:\/\/unhz.eu\/fakulteti-i-biznesit\/wp-content\/uploads\/sites\/2\/2024\/02\/cropped-logo-1-1-e1713527702695.png\",\"contentUrl\":\"https:\/\/unhz.eu\/fakulteti-i-biznesit\/wp-content\/uploads\/sites\/2\/2024\/02\/cropped-logo-1-1-e1713527702695.png\",\"width\":100,\"height\":100,\"caption\":\"Fakulteti i Biznesit\"},\"image\":{\"@id\":\"https:\/\/unhz.eu\/fakulteti-i-biznesit\/#\/schema\/logo\/image\/\"}}]}<\/script>\n<!-- \/ Yoast SEO Premium plugin. -->","yoast_head_json":{"title":"MENAD\u017dMENTU BIZNISA - Fakulteti i Biznesit","robots":{"index":"index","follow":"follow","max-snippet":"max-snippet:-1","max-image-preview":"max-image-preview:large","max-video-preview":"max-video-preview:-1"},"canonical":"https:\/\/unhz.eu\/fakulteti-i-biznesit\/bs\/menadzmentu-biznisa\/","og_locale":"bs_BA","og_type":"article","og_title":"MENAD\u017dMENTU BIZNISA","og_description":"PROGRAM: MASTER NAUKA U MENAD\u017dMENTU BIZNISA Master of Science in Business Management (MSc.) Profili sa&hellip;","og_url":"https:\/\/unhz.eu\/fakulteti-i-biznesit\/bs\/menadzmentu-biznisa\/","og_site_name":"Fakulteti i Biznesit","article_modified_time":"2025-10-27T13:19:25+00:00","twitter_card":"summary_large_image","twitter_misc":{"Est. reading time":"2 minute"},"schema":{"@context":"https:\/\/schema.org","@graph":[{"@type":"WebPage","@id":"https:\/\/unhz.eu\/fakulteti-i-biznesit\/menadzmentu-biznisa\/","url":"https:\/\/unhz.eu\/fakulteti-i-biznesit\/menadzmentu-biznisa\/","name":"MENAD\u017dMENTU BIZNISA - Fakulteti i Biznesit","isPartOf":{"@id":"https:\/\/unhz.eu\/fakulteti-i-biznesit\/#website"},"datePublished":"2025-10-27T13:19:24+00:00","dateModified":"2025-10-27T13:19:25+00:00","breadcrumb":{"@id":"https:\/\/unhz.eu\/fakulteti-i-biznesit\/menadzmentu-biznisa\/#breadcrumb"},"inLanguage":"bs-BA","potentialAction":[{"@type":"ReadAction","target":["https:\/\/unhz.eu\/fakulteti-i-biznesit\/menadzmentu-biznisa\/"]}]},{"@type":"BreadcrumbList","@id":"https:\/\/unhz.eu\/fakulteti-i-biznesit\/menadzmentu-biznisa\/#breadcrumb","itemListElement":[{"@type":"ListItem","position":1,"name":"Home","item":"https:\/\/unhz.eu\/fakulteti-i-biznesit\/"},{"@type":"ListItem","position":2,"name":"MENAD\u017dMENTU BIZNISA"}]},{"@type":"WebSite","@id":"https:\/\/unhz.eu\/fakulteti-i-biznesit\/#website","url":"https:\/\/unhz.eu\/fakulteti-i-biznesit\/","name":"Poslovni fakultet","description":"Posve\u0107eni standardnoj kvaliteti i uspjehu","publisher":{"@id":"https:\/\/unhz.eu\/fakulteti-i-biznesit\/#organization"},"potentialAction":[{"@type":"SearchAction","target":{"@type":"EntryPoint","urlTemplate":"https:\/\/unhz.eu\/fakulteti-i-biznesit\/?s={search_term_string}"},"query-input":{"@type":"PropertyValueSpecification","valueRequired":true,"valueName":"search_term_string"}}],"inLanguage":"bs-BA"},{"@type":"Organization","@id":"https:\/\/unhz.eu\/fakulteti-i-biznesit\/#organization","name":"Poslovni fakultet","url":"https:\/\/unhz.eu\/fakulteti-i-biznesit\/","logo":{"@type":"ImageObject","inLanguage":"bs-BA","@id":"https:\/\/unhz.eu\/fakulteti-i-biznesit\/#\/schema\/logo\/image\/","url":"https:\/\/unhz.eu\/fakulteti-i-biznesit\/wp-content\/uploads\/sites\/2\/2024\/02\/cropped-logo-1-1-e1713527702695.png","contentUrl":"https:\/\/unhz.eu\/fakulteti-i-biznesit\/wp-content\/uploads\/sites\/2\/2024\/02\/cropped-logo-1-1-e1713527702695.png","width":100,"height":100,"caption":"Fakulteti i Biznesit"},"image":{"@id":"https:\/\/unhz.eu\/fakulteti-i-biznesit\/#\/schema\/logo\/image\/"}}]}},"_links":{"self":[{"href":"https:\/\/unhz.eu\/fakulteti-i-biznesit\/bs\/wp-json\/wp\/v2\/pages\/49909","targetHints":{"allow":["GET"]}}],"collection":[{"href":"https:\/\/unhz.eu\/fakulteti-i-biznesit\/bs\/wp-json\/wp\/v2\/pages"}],"about":[{"href":"https:\/\/unhz.eu\/fakulteti-i-biznesit\/bs\/wp-json\/wp\/v2\/types\/page"}],"author":[{"embeddable":true,"href":"https:\/\/unhz.eu\/fakulteti-i-biznesit\/bs\/wp-json\/wp\/v2\/users\/1"}],"replies":[{"embeddable":true,"href":"https:\/\/unhz.eu\/fakulteti-i-biznesit\/bs\/wp-json\/wp\/v2\/comments?post=49909"}],"version-history":[{"count":1,"href":"https:\/\/unhz.eu\/fakulteti-i-biznesit\/bs\/wp-json\/wp\/v2\/pages\/49909\/revisions"}],"predecessor-version":[{"id":49910,"href":"https:\/\/unhz.eu\/fakulteti-i-biznesit\/bs\/wp-json\/wp\/v2\/pages\/49909\/revisions\/49910"}],"wp:attachment":[{"href":"https:\/\/unhz.eu\/fakulteti-i-biznesit\/bs\/wp-json\/wp\/v2\/media?parent=49909"}],"curies":[{"name":"wp","href":"https:\/\/api.w.org\/{rel}","templated":true}]}}