{"id":48962,"date":"2025-01-22T12:26:22","date_gmt":"2025-01-22T12:26:22","guid":{"rendered":"https:\/\/unhz.eu\/fakulteti-i-biznesit\/?page_id=48962"},"modified":"2025-10-27T10:09:29","modified_gmt":"2025-10-27T08:09:29","slug":"programet-mib","status":"publish","type":"page","link":"https:\/\/unhz.eu\/fakulteti-i-biznesit\/bs\/programet-mib\/","title":{"rendered":"Programet MIB"},"content":{"rendered":"<p>PROGRAMI: MASTER I SHKENC\u00cbS N\u00cb INFORMATIKA N\u00cb BIZNES<\/p>\n\n\n\n<p><em>Business Informatics (MSc.)<\/em><\/p>\n\n\n\n<figure class=\"wp-block-table\"><table><tbody><tr><td colspan=\"8\"><strong><em>Viti i par\u00eb &#8211; Semestri i par\u00eb<\/em><\/strong><strong><em><\/em><\/strong><\/td><\/tr><tr><td><strong><em>Nr.<\/em><\/strong><strong><em><\/em><\/strong><\/td><td colspan=\"2\"><strong><em>O\/Z<\/em><\/strong><strong><em><\/em><\/strong><\/td><td colspan=\"2\"><strong><em>L\u00ebnda<\/em><\/strong><strong><em><\/em><\/strong><\/td><td><strong><em>Or\u00ebt <\/em><\/strong><strong><em>L + E<\/em><\/strong><\/td><td colspan=\"2\"><strong><em>ECTS<\/em><\/strong><strong><em><\/em><\/strong><\/td><\/tr><tr><td><em>1.<\/em><em><\/em><\/td><td colspan=\"2\"><em>O<\/em><em><\/em><\/td><td colspan=\"2\"><em><a href=\"https:\/\/unhz.eu\/fakulteti-i-biznesit\/wp-content\/uploads\/sites\/2\/2025\/10\/1.1.1-Syllabus-Metodat-Cilesore-ne-Kerkim-Shkencor-2024-MIB-alb.pdf\">Metodat cil\u00ebsore n\u00eb k\u00ebrkimin shkencor<\/a><\/em><\/td><td><em>3+0<\/em><em><\/em><\/td><td colspan=\"2\"><em>6<\/em><em><\/em><\/td><\/tr><tr><td><em>2.<\/em><em><\/em><\/td><td colspan=\"2\"><em>O<\/em><em><\/em><\/td><td colspan=\"2\"><em><a href=\"https:\/\/unhz.eu\/fakulteti-i-biznesit\/wp-content\/uploads\/sites\/2\/2025\/10\/1.2.1-Syllabus-Organizimi-dhe-menaxhimi-2024-MIB-alb-1.pdf\">Organizimi dhe Menaxhimi<\/a><\/em><\/td><td><em>3+0<\/em><em><\/em><\/td><td colspan=\"2\"><em>6<\/em><em><\/em><\/td><\/tr><tr><td><em>3.<\/em><em><\/em><\/td><td colspan=\"2\"><em>O<\/em><em><\/em><\/td><td colspan=\"2\"><em><a href=\"https:\/\/unhz.eu\/fakulteti-i-biznesit\/wp-content\/uploads\/sites\/2\/2025\/10\/1.3.1-Syllabus-Sistemet-e-informacionit-dhe-komunikimi-ne-biznes-2024-MIB-alb.pdf\">Sistemet e informacionit dhe komunikimi i biznesit<\/a><\/em><\/td><td><em>3+2<\/em><em><\/em><\/td><td colspan=\"2\"><em>6<\/em><em><\/em><\/td><\/tr><tr><td><em>4.<\/em><em><\/em><\/td><td colspan=\"2\"><em>O<\/em><em><\/em><\/td><td colspan=\"2\"><em><a href=\"https:\/\/unhz.eu\/fakulteti-i-biznesit\/wp-content\/uploads\/sites\/2\/2025\/10\/1.4.1-Syllabus-Menaxhimi-i-projekteve-te-IT-2024-MIB-alb.pdf\">Menaxhimi i projekte IT<\/a><\/em><\/td><td><em>3+2<\/em><em><\/em><\/td><td colspan=\"2\"><em>6<\/em><em><\/em><\/td><\/tr><tr><td><em>5.<\/em><em><\/em><\/td><td colspan=\"2\"><em>Z<\/em><em><\/em><\/td><td colspan=\"2\"><em><a href=\"https:\/\/unhz.eu\/fakulteti-i-biznesit\/wp-content\/uploads\/sites\/2\/2025\/10\/1.5.1-Syllabus-Tregtia-elektronike-2024-MIB-alb.pdf\">Tregti elektronike<\/a><\/em><\/td><td><em>3+0<\/em><em><\/em><\/td><td colspan=\"2\"><em>6<\/em><em><\/em><\/td><\/tr><tr><td><em>6.<\/em><em><\/em><\/td><td colspan=\"2\"><em>Z<\/em><em><\/em><\/td><td colspan=\"2\"><em><a href=\"https:\/\/unhz.eu\/fakulteti-i-biznesit\/wp-content\/uploads\/sites\/2\/2025\/10\/1.5.2-Syllabus-Menaxhimi-i-dijes-me-elemente-te-AI-2024-MIB-alb.pdf\">Menaxhimi i dijes me elemente t\u00eb Inteligjenc\u00ebs Artificiale<\/a><\/em><\/td><td><em>3+0<\/em><em><\/em><\/td><td colspan=\"2\"><em>6<\/em><em><\/em><\/td><\/tr><tr><td>&nbsp;<\/td><td colspan=\"2\">&nbsp;<\/td><td colspan=\"2\"><em>Total:<\/em><em><\/em><\/td><td><em>15+4<\/em><em><\/em><\/td><td colspan=\"2\"><em>30<\/em><em><\/em><\/td><\/tr><tr><td colspan=\"8\"><strong><em>Viti i par\u00eb &#8211; Semestri i dyt\u00eb<\/em><\/strong><strong><em><\/em><\/strong><\/td><\/tr><tr><td><strong><em>Nr.<\/em><\/strong><strong><em><\/em><\/strong><\/td><td colspan=\"2\"><strong><em>O\/Z<\/em><\/strong><strong><em><\/em><\/strong><\/td><td colspan=\"2\"><strong><em>L\u00ebnda<\/em><\/strong><strong><em><\/em><\/strong><\/td><td><strong><em>Or\u00ebt <\/em><\/strong><strong><em>L + E<\/em><\/strong><\/td><td colspan=\"2\"><strong><em>ECTS<\/em><\/strong><strong><em><\/em><\/strong><\/td><\/tr><tr><td><em>1.<\/em><em><\/em><\/td><td colspan=\"2\"><em>O<\/em><em><\/em><\/td><td colspan=\"2\"><em><a href=\"https:\/\/unhz.eu\/fakulteti-i-biznesit\/wp-content\/uploads\/sites\/2\/2025\/10\/2.1.1.-Syllabus-Metodat-dhe-Teknikat-Sasiore-ne-Kerkim-Shkencor-2024-MIB-alb.pdf\">Metodat dhe teknikat sasiore n\u00eb k\u00ebrkimin shkencor<\/a><\/em><\/td><td><em>3+2<\/em><em><\/em><\/td><td colspan=\"2\"><em>7<\/em><em><\/em><\/td><\/tr><tr><td><em>2.<\/em><em><\/em><\/td><td colspan=\"2\"><em>O<\/em><em><\/em><\/td><td colspan=\"2\"><em><a href=\"https:\/\/unhz.eu\/fakulteti-i-biznesit\/wp-content\/uploads\/sites\/2\/2025\/10\/2.2.1-Syllabus-Marketingu-digjital-2024-MIB-alb.pdf\">Marketingu dixhital<\/a><\/em><\/td><td><em>3+0<\/em><em><\/em><\/td><td colspan=\"2\"><em>6<\/em><em><\/em><\/td><\/tr><tr><td><em>3.<\/em><em><\/em><\/td><td colspan=\"2\"><em>O<\/em><em><\/em><\/td><td colspan=\"2\"><em><a href=\"https:\/\/unhz.eu\/fakulteti-i-biznesit\/wp-content\/uploads\/sites\/2\/2025\/10\/2.3.1-Syllabus-DBMS-2024-alb.pdf\">Sistemet e menaxhimit t\u00eb baz\u00ebs s\u00eb t\u00eb dh\u00ebnave (DBMS)<\/a><\/em><\/td><td><em>3+2<\/em><em><\/em><\/td><td colspan=\"2\"><em>6<\/em><em><\/em><\/td><\/tr><tr><td><em>4.<\/em><em><\/em><\/td><td colspan=\"2\"><em>O<\/em><em><\/em><\/td><td colspan=\"2\"><em><a href=\"https:\/\/unhz.eu\/fakulteti-i-biznesit\/wp-content\/uploads\/sites\/2\/2025\/10\/2.4.1-Syllabus-Sistemet-Softverike-Interaktive-2024-alb.pdf\">Sisteme softuerike interactive<\/a><\/em><\/td><td><em>3+0<\/em><em><\/em><\/td><td colspan=\"2\"><em>6<\/em><em><\/em><\/td><\/tr><tr><td><em>5.<\/em><em><\/em><\/td><td colspan=\"2\"><em>Z<\/em><em><\/em><\/td><td colspan=\"2\"><em><a href=\"https:\/\/unhz.eu\/fakulteti-i-biznesit\/wp-content\/uploads\/sites\/2\/2025\/10\/2.5.1-Syllabus-Menaxhimi-i-proceseve-biznesore-2024-MIB-alb.pdf\">Menaxhimi i procesit n\u00eb biznes<\/a><\/em><\/td><td><em>3+0<\/em><em><\/em><\/td><td colspan=\"2\"><em>5<\/em><em><\/em><\/td><\/tr><tr><td><em>6.<\/em><em><\/em><\/td><td colspan=\"2\"><em>Z<\/em><em><\/em><\/td><td colspan=\"2\"><em><a href=\"https:\/\/unhz.eu\/fakulteti-i-biznesit\/wp-content\/uploads\/sites\/2\/2025\/10\/2.5.2-Syllabus-Ndermarresia-e-Gjelbert-2024-MIB-alb.pdf\">Ndermarresia e gjelbert<\/a><\/em><\/td><td><em>2+1<\/em><em><\/em><\/td><td colspan=\"2\"><em>5<\/em><em><\/em><\/td><\/tr><tr><td><em>7.<\/em><em><\/em><\/td><td colspan=\"2\"><em>Z<\/em><em><\/em><\/td><td colspan=\"2\"><em><a href=\"https:\/\/unhz.eu\/fakulteti-i-biznesit\/wp-content\/uploads\/sites\/2\/2025\/10\/2.5.3-Syllabus-Sistemet-e-informacionit-te-financave-dhe-kontabilitetit-2024-MIB-alb.pdf\">Sistemet e informacionit t\u00eb financave dhe kontabilitetit<\/a><\/em><\/td><td><em>3+0<\/em><em><\/em><\/td><td colspan=\"2\"><em>5<\/em><em><\/em><\/td><\/tr><tr><td>&nbsp;<\/td><td colspan=\"2\">&nbsp;<\/td><td colspan=\"2\"><em>Total:<\/em><em><\/em><\/td><td><em>15+5<\/em><em><\/em><\/td><td colspan=\"2\"><em>30<\/em><em><\/em><\/td><\/tr><tr><td colspan=\"8\"><strong><em>Viti i dyt\u00eb &#8211; Semestri i tret\u00eb<\/em><\/strong><strong><em><\/em><\/strong><\/td><\/tr><tr><td><strong><em>Nr.<\/em><\/strong><strong><em><\/em><\/strong><\/td><td colspan=\"2\"><strong><em>O\/Z<\/em><\/strong><strong><em><\/em><\/strong><\/td><td colspan=\"2\"><strong><em>L\u00ebnda<\/em><\/strong><strong><em><\/em><\/strong><\/td><td><strong><em>Or\u00ebt <\/em><\/strong><strong><em>L + E<\/em><\/strong><\/td><td colspan=\"2\"><strong><em>ECTS<\/em><\/strong><strong><em><\/em><\/strong><\/td><\/tr><tr><td><em>1.<\/em><em><\/em><\/td><td colspan=\"2\"><em>O<\/em><em><\/em><\/td><td colspan=\"2\"><em><a href=\"https:\/\/unhz.eu\/fakulteti-i-biznesit\/wp-content\/uploads\/sites\/2\/2025\/10\/3.1.1-Syllabus-Financat-dixhitale-2024-MIB-alb.pdf\">Financat dixhitale<\/a><\/em><\/td><td><em>3+0<\/em><em><\/em><\/td><td colspan=\"2\"><em>6<\/em><em><\/em><\/td><\/tr><tr><td><em>2.<\/em><em><\/em><\/td><td colspan=\"2\"><em>O<\/em><em><\/em><\/td><td colspan=\"2\"><em><a href=\"https:\/\/unhz.eu\/fakulteti-i-biznesit\/wp-content\/uploads\/sites\/2\/2025\/10\/3.2.1-Syllabus-Intelegjenca-Biznesore-2024-MIB-alb.pdf\">Inteligjenca e biznesit<\/a><\/em><\/td><td><em>3+0<\/em><em><\/em><\/td><td colspan=\"2\"><em>6<\/em><em><\/em><\/td><\/tr><tr><td><em>3.<\/em><em><\/em><\/td><td colspan=\"2\"><em>O<\/em><em><\/em><\/td><td colspan=\"2\"><em><a href=\"https:\/\/unhz.eu\/fakulteti-i-biznesit\/wp-content\/uploads\/sites\/2\/2025\/10\/3.3.1-Syllabus-WebDesign-per-biznes-2024-MIB-alb.pdf\">Web Dizajn p\u00ebr biznes<\/a><\/em><\/td><td><em>3+2<\/em><em><\/em><\/td><td colspan=\"2\"><em>6<\/em><em><\/em><\/td><\/tr><tr><td><em>4.<\/em><em><\/em><\/td><td colspan=\"2\"><em>O<\/em><em><\/em><\/td><td colspan=\"2\"><em><a href=\"https:\/\/unhz.eu\/fakulteti-i-biznesit\/wp-content\/uploads\/sites\/2\/2025\/10\/3.4.1-Mesimi-praktik-dhe-zhvillimi-i-karrieres-2024-MIB-alb.pdf\">Mesimi Praktik dhe zhvillimi i karrieres<\/a><\/em><\/td><td><em>50 h<\/em><\/td><td colspan=\"2\"><em>2<\/em><em><\/em><\/td><\/tr><tr><td><em>5.<\/em><\/td><td colspan=\"2\"><em>Z<\/em><\/td><td colspan=\"2\"><em><a href=\"https:\/\/unhz.eu\/fakulteti-i-biznesit\/wp-content\/uploads\/sites\/2\/2025\/10\/3.5.1-Syllabus-Siguria-kibernetike-dhe-menaxhimi-i-riskut-2024-MIB-alb.pdf\">Siguria kibernetike dhe menaxhimi i riskut<\/a><\/em><\/td><td><em>3+0<\/em><\/td><td colspan=\"2\"><em>5<\/em><\/td><\/tr><tr><td><em>6.<\/em><\/td><td colspan=\"2\"><em>Z<\/em><\/td><td colspan=\"2\"><em><a href=\"https:\/\/unhz.eu\/fakulteti-i-biznesit\/wp-content\/uploads\/sites\/2\/2025\/10\/3.5.2.-Syllabus-BigData-2024-MIB-alb.pdf\">Big data<\/a><\/em><\/td><td><em>3+0<\/em><\/td><td colspan=\"2\"><em>5<\/em><\/td><\/tr><tr><td><em>7.<\/em><\/td><td colspan=\"2\"><em>Z<\/em><\/td><td colspan=\"2\"><em><a href=\"https:\/\/unhz.eu\/fakulteti-i-biznesit\/wp-content\/uploads\/sites\/2\/2025\/10\/3.5.3-Syllabus-Menaxhimi-i-zinxhirit-furnizues-2024-MIB-alb.pdf\">Menaxhimi i zinxhirit t\u00eb furnizimit<\/a><\/em><\/td><td><em>3+0<\/em><\/td><td colspan=\"2\"><em>5<\/em><\/td><\/tr><tr><td><em>8.<\/em><\/td><td colspan=\"2\"><em>Z<\/em><\/td><td colspan=\"2\"><em><a href=\"https:\/\/unhz.eu\/fakulteti-i-biznesit\/wp-content\/uploads\/sites\/2\/2025\/10\/3.5.4-Syllabus-Cloud-Computing-2024-MIB-alb.pdf\">Cloud Computing<\/a><\/em><\/td><td><em>3+0<\/em><\/td><td colspan=\"2\"><em>5<\/em><\/td><\/tr><tr><td><em>&nbsp;<\/em><\/td><td colspan=\"2\"><em>&nbsp;<\/em><\/td><td colspan=\"2\"><em>Total:<\/em><\/td><td><em>15+0<\/em><\/td><td colspan=\"2\"><em>30<\/em><\/td><\/tr><tr><td colspan=\"8\"><strong><em>Viti i dyt\u00eb &#8211; Semestri i kat\u00ebrt:<\/em><\/strong><strong><em><\/em><\/strong><\/td><\/tr><tr><td colspan=\"2\"><strong><em>Nr.<\/em><\/strong><strong><em><\/em><\/strong><\/td><td><strong><em>O\/Z<\/em><\/strong><strong><em><\/em><\/strong><\/td><td><strong><em>L\u00ebnda<\/em><\/strong><strong><em><\/em><\/strong><\/td><td colspan=\"3\"><strong><em>Or\u00ebt<\/em><\/strong><strong><em><\/em><\/strong><\/td><td><strong><em>ECTS<\/em><\/strong><strong><em><\/em><\/strong><\/td><\/tr><tr><td colspan=\"2\"><em>1.<\/em><em><\/em><\/td><td><em>O<\/em><em><\/em><\/td><td><em>Punimi Master<\/em><\/td><td colspan=\"3\">&nbsp;<\/td><td><em>30<\/em><em><\/em><\/td><\/tr><tr><td colspan=\"3\">&nbsp;<\/td><td><em>Total:<\/em><em><\/em><\/td><td colspan=\"3\">&nbsp;<\/td><td><em>30<\/em><em><\/em><\/td><\/tr><\/tbody><\/table><\/figure>","protected":false},"excerpt":{"rendered":"<p>PROGRAMI: MASTER I SHKENC\u00cbS N\u00cb INFORMATIKA N\u00cb BIZNES Business Informatics (MSc.) Viti i par\u00eb &#8211;&hellip;<\/p>","protected":false},"author":1,"featured_media":0,"parent":0,"menu_order":0,"comment_status":"closed","ping_status":"closed","template":"","meta":{"footnotes":""},"class_list":["post-48962","page","type-page","status-publish","hentry"],"yoast_head":"<!-- This site is optimized with the Yoast SEO Premium plugin v27.2 (Yoast SEO v27.2) - https:\/\/yoast.com\/product\/yoast-seo-premium-wordpress\/ -->\n<title>Programet MIB - Fakulteti i Biznesit<\/title>\n<meta name=\"robots\" content=\"index, follow, max-snippet:-1, max-image-preview:large, max-video-preview:-1\" \/>\n<link rel=\"canonical\" href=\"https:\/\/unhz.eu\/fakulteti-i-biznesit\/bs\/programet-mib\/\" \/>\n<meta property=\"og:locale\" content=\"bs_BA\" \/>\n<meta property=\"og:type\" content=\"article\" \/>\n<meta property=\"og:title\" content=\"Programet MIB\" \/>\n<meta property=\"og:description\" content=\"PROGRAMI: MASTER I SHKENC\u00cbS N\u00cb INFORMATIKA N\u00cb BIZNES Business Informatics (MSc.) Viti i par\u00eb &#8211;&hellip;\" \/>\n<meta property=\"og:url\" content=\"https:\/\/unhz.eu\/fakulteti-i-biznesit\/bs\/programet-mib\/\" \/>\n<meta property=\"og:site_name\" content=\"Fakulteti i Biznesit\" \/>\n<meta property=\"article:modified_time\" content=\"2025-10-27T08:09:29+00:00\" \/>\n<meta name=\"twitter:card\" content=\"summary_large_image\" \/>\n<meta name=\"twitter:label1\" content=\"Est. reading time\" \/>\n\t<meta name=\"twitter:data1\" content=\"2 minute\" \/>\n<script type=\"application\/ld+json\" class=\"yoast-schema-graph\">{\"@context\":\"https:\/\/schema.org\",\"@graph\":[{\"@type\":\"WebPage\",\"@id\":\"https:\/\/unhz.eu\/fakulteti-i-biznesit\/programet-mib\/\",\"url\":\"https:\/\/unhz.eu\/fakulteti-i-biznesit\/programet-mib\/\",\"name\":\"Programet MIB - Fakulteti i Biznesit\",\"isPartOf\":{\"@id\":\"https:\/\/unhz.eu\/fakulteti-i-biznesit\/#website\"},\"datePublished\":\"2025-01-22T12:26:22+00:00\",\"dateModified\":\"2025-10-27T08:09:29+00:00\",\"breadcrumb\":{\"@id\":\"https:\/\/unhz.eu\/fakulteti-i-biznesit\/programet-mib\/#breadcrumb\"},\"inLanguage\":\"bs-BA\",\"potentialAction\":[{\"@type\":\"ReadAction\",\"target\":[\"https:\/\/unhz.eu\/fakulteti-i-biznesit\/programet-mib\/\"]}]},{\"@type\":\"BreadcrumbList\",\"@id\":\"https:\/\/unhz.eu\/fakulteti-i-biznesit\/programet-mib\/#breadcrumb\",\"itemListElement\":[{\"@type\":\"ListItem\",\"position\":1,\"name\":\"Home\",\"item\":\"https:\/\/unhz.eu\/fakulteti-i-biznesit\/\"},{\"@type\":\"ListItem\",\"position\":2,\"name\":\"Programet MIB\"}]},{\"@type\":\"WebSite\",\"@id\":\"https:\/\/unhz.eu\/fakulteti-i-biznesit\/#website\",\"url\":\"https:\/\/unhz.eu\/fakulteti-i-biznesit\/\",\"name\":\"Fakulteti i Biznesit\",\"description\":\"I dedikuar p\u00ebr cil\u00ebsi standarde dhe suksese\",\"publisher\":{\"@id\":\"https:\/\/unhz.eu\/fakulteti-i-biznesit\/#organization\"},\"potentialAction\":[{\"@type\":\"SearchAction\",\"target\":{\"@type\":\"EntryPoint\",\"urlTemplate\":\"https:\/\/unhz.eu\/fakulteti-i-biznesit\/?s={search_term_string}\"},\"query-input\":{\"@type\":\"PropertyValueSpecification\",\"valueRequired\":true,\"valueName\":\"search_term_string\"}}],\"inLanguage\":\"bs-BA\"},{\"@type\":\"Organization\",\"@id\":\"https:\/\/unhz.eu\/fakulteti-i-biznesit\/#organization\",\"name\":\"Fakulteti i Biznesit\",\"url\":\"https:\/\/unhz.eu\/fakulteti-i-biznesit\/\",\"logo\":{\"@type\":\"ImageObject\",\"inLanguage\":\"bs-BA\",\"@id\":\"https:\/\/unhz.eu\/fakulteti-i-biznesit\/#\/schema\/logo\/image\/\",\"url\":\"https:\/\/unhz.eu\/fakulteti-i-biznesit\/wp-content\/uploads\/sites\/2\/2024\/02\/cropped-logo-1-1-e1713527702695.png\",\"contentUrl\":\"https:\/\/unhz.eu\/fakulteti-i-biznesit\/wp-content\/uploads\/sites\/2\/2024\/02\/cropped-logo-1-1-e1713527702695.png\",\"width\":100,\"height\":100,\"caption\":\"Fakulteti i Biznesit\"},\"image\":{\"@id\":\"https:\/\/unhz.eu\/fakulteti-i-biznesit\/#\/schema\/logo\/image\/\"}}]}<\/script>\n<!-- \/ Yoast SEO Premium plugin. -->","yoast_head_json":{"title":"Programet MIB - Fakulteti i Biznesit","robots":{"index":"index","follow":"follow","max-snippet":"max-snippet:-1","max-image-preview":"max-image-preview:large","max-video-preview":"max-video-preview:-1"},"canonical":"https:\/\/unhz.eu\/fakulteti-i-biznesit\/bs\/programet-mib\/","og_locale":"bs_BA","og_type":"article","og_title":"Programet MIB","og_description":"PROGRAMI: MASTER I SHKENC\u00cbS N\u00cb INFORMATIKA N\u00cb BIZNES Business Informatics (MSc.) Viti i par\u00eb &#8211;&hellip;","og_url":"https:\/\/unhz.eu\/fakulteti-i-biznesit\/bs\/programet-mib\/","og_site_name":"Fakulteti i Biznesit","article_modified_time":"2025-10-27T08:09:29+00:00","twitter_card":"summary_large_image","twitter_misc":{"Est. reading time":"2 minute"},"schema":{"@context":"https:\/\/schema.org","@graph":[{"@type":"WebPage","@id":"https:\/\/unhz.eu\/fakulteti-i-biznesit\/programet-mib\/","url":"https:\/\/unhz.eu\/fakulteti-i-biznesit\/programet-mib\/","name":"Programet MIB - Fakulteti i Biznesit","isPartOf":{"@id":"https:\/\/unhz.eu\/fakulteti-i-biznesit\/#website"},"datePublished":"2025-01-22T12:26:22+00:00","dateModified":"2025-10-27T08:09:29+00:00","breadcrumb":{"@id":"https:\/\/unhz.eu\/fakulteti-i-biznesit\/programet-mib\/#breadcrumb"},"inLanguage":"bs-BA","potentialAction":[{"@type":"ReadAction","target":["https:\/\/unhz.eu\/fakulteti-i-biznesit\/programet-mib\/"]}]},{"@type":"BreadcrumbList","@id":"https:\/\/unhz.eu\/fakulteti-i-biznesit\/programet-mib\/#breadcrumb","itemListElement":[{"@type":"ListItem","position":1,"name":"Home","item":"https:\/\/unhz.eu\/fakulteti-i-biznesit\/"},{"@type":"ListItem","position":2,"name":"Programet MIB"}]},{"@type":"WebSite","@id":"https:\/\/unhz.eu\/fakulteti-i-biznesit\/#website","url":"https:\/\/unhz.eu\/fakulteti-i-biznesit\/","name":"Poslovni fakultet","description":"Posve\u0107eni standardnoj kvaliteti i uspjehu","publisher":{"@id":"https:\/\/unhz.eu\/fakulteti-i-biznesit\/#organization"},"potentialAction":[{"@type":"SearchAction","target":{"@type":"EntryPoint","urlTemplate":"https:\/\/unhz.eu\/fakulteti-i-biznesit\/?s={search_term_string}"},"query-input":{"@type":"PropertyValueSpecification","valueRequired":true,"valueName":"search_term_string"}}],"inLanguage":"bs-BA"},{"@type":"Organization","@id":"https:\/\/unhz.eu\/fakulteti-i-biznesit\/#organization","name":"Poslovni fakultet","url":"https:\/\/unhz.eu\/fakulteti-i-biznesit\/","logo":{"@type":"ImageObject","inLanguage":"bs-BA","@id":"https:\/\/unhz.eu\/fakulteti-i-biznesit\/#\/schema\/logo\/image\/","url":"https:\/\/unhz.eu\/fakulteti-i-biznesit\/wp-content\/uploads\/sites\/2\/2024\/02\/cropped-logo-1-1-e1713527702695.png","contentUrl":"https:\/\/unhz.eu\/fakulteti-i-biznesit\/wp-content\/uploads\/sites\/2\/2024\/02\/cropped-logo-1-1-e1713527702695.png","width":100,"height":100,"caption":"Fakulteti i Biznesit"},"image":{"@id":"https:\/\/unhz.eu\/fakulteti-i-biznesit\/#\/schema\/logo\/image\/"}}]}},"_links":{"self":[{"href":"https:\/\/unhz.eu\/fakulteti-i-biznesit\/bs\/wp-json\/wp\/v2\/pages\/48962","targetHints":{"allow":["GET"]}}],"collection":[{"href":"https:\/\/unhz.eu\/fakulteti-i-biznesit\/bs\/wp-json\/wp\/v2\/pages"}],"about":[{"href":"https:\/\/unhz.eu\/fakulteti-i-biznesit\/bs\/wp-json\/wp\/v2\/types\/page"}],"author":[{"embeddable":true,"href":"https:\/\/unhz.eu\/fakulteti-i-biznesit\/bs\/wp-json\/wp\/v2\/users\/1"}],"replies":[{"embeddable":true,"href":"https:\/\/unhz.eu\/fakulteti-i-biznesit\/bs\/wp-json\/wp\/v2\/comments?post=48962"}],"version-history":[{"count":3,"href":"https:\/\/unhz.eu\/fakulteti-i-biznesit\/bs\/wp-json\/wp\/v2\/pages\/48962\/revisions"}],"predecessor-version":[{"id":49896,"href":"https:\/\/unhz.eu\/fakulteti-i-biznesit\/bs\/wp-json\/wp\/v2\/pages\/48962\/revisions\/49896"}],"wp:attachment":[{"href":"https:\/\/unhz.eu\/fakulteti-i-biznesit\/bs\/wp-json\/wp\/v2\/media?parent=48962"}],"curies":[{"name":"wp","href":"https:\/\/api.w.org\/{rel}","templated":true}]}}