{"id":48960,"date":"2025-01-22T12:25:50","date_gmt":"2025-01-22T12:25:50","guid":{"rendered":"https:\/\/unhz.eu\/fakulteti-i-biznesit\/?page_id=48960"},"modified":"2025-11-12T15:05:57","modified_gmt":"2025-11-12T13:05:57","slug":"programet-mbnj","status":"publish","type":"page","link":"https:\/\/unhz.eu\/fakulteti-i-biznesit\/bs\/programet-mbnj\/","title":{"rendered":"Programet MBNJ"},"content":{"rendered":"<p>PROGRAMI: MASTER I SHKENCAVE N\u00cb MENAXHIMI I BURIMEVE NJER\u00cbZORE<\/p>\n\n\n\n<p><em>Human Resource Management (MSc.)<\/em><\/p>\n\n\n\n<figure class=\"wp-block-table\"><table><tbody><tr><td colspan=\"5\"><strong><em>Viti i par\u00eb \u2013 Semestri i par\u00eb:<\/em><\/strong><strong><em><\/em><\/strong><\/td><\/tr><tr><td><strong><em>Nr.<\/em><\/strong><strong><em><\/em><\/strong><\/td><td><strong><em>Obli.\/Zgj.<\/em><\/strong><strong><em><\/em><\/strong><\/td><td><strong><em>L\u00ebnda:<\/em><\/strong><strong><em><\/em><\/strong><\/td><td><strong><em>Or\u00eb L+U<\/em><\/strong><strong><em><\/em><\/strong><\/td><td><strong><em>ECTS<\/em><\/strong><strong><em><\/em><\/strong><\/td><\/tr><tr><td><em>1.<\/em><em><\/em><\/td><td><em>O<\/em><em><\/em><\/td><td><em><a href=\"https:\/\/unhz.eu\/fakulteti-i-biznesit\/wp-content\/uploads\/sites\/2\/2025\/11\/1.-Metodat-Cilesore-ne-Kerkim-Shkencor.pdf\">Metodat Cil\u00ebsore N\u00eb K\u00ebrkimin Shkencor<\/a><\/em><\/td><td><em>3+2<\/em><em><\/em><\/td><td><em>7<\/em><em><\/em><\/td><\/tr><tr><td><em>2.<\/em><em><\/em><\/td><td><em>O<\/em><em><\/em><\/td><td><em><a href=\"https:\/\/unhz.eu\/fakulteti-i-biznesit\/wp-content\/uploads\/sites\/2\/2025\/11\/2.-Menaxhimi-Burimeve-Njerzores.pdf\">Upravljanje ljudskim resursima<\/a><\/em><\/td><td><em>3+2<\/em><em><\/em><\/td><td><em>7<\/em><em><\/em><\/td><\/tr><tr><td><em>3.<\/em><em><\/em><\/td><td><em>O<\/em><em><\/em><\/td><td><em><a href=\"https:\/\/unhz.eu\/fakulteti-i-biznesit\/wp-content\/uploads\/sites\/2\/2025\/11\/3.-Lidershipi-dhe-zhvillimi-i-menaxhmentit.pdf\">Lidershipi dhe Menaxhmenti<\/a><\/em><\/td><td><em>3<\/em><em><\/em><\/td><td><em>6<\/em><em><\/em><\/td><\/tr><tr><td><em>4.<\/em><em><\/em><\/td><td><em>O<\/em><em><\/em><\/td><td><em><a href=\"https:\/\/unhz.eu\/fakulteti-i-biznesit\/wp-content\/uploads\/sites\/2\/2025\/11\/4.-Komunikimi-organizativ.pdf\">Komunikimi Organizativ<\/a><\/em><\/td><td><em>3<\/em><em><\/em><\/td><td><em>5<\/em><em><\/em><\/td><\/tr><tr><td><em>5.<\/em><em><\/em><\/td><td><em>Z<\/em><em><\/em><\/td><td><em><a href=\"https:\/\/unhz.eu\/fakulteti-i-biznesit\/wp-content\/uploads\/sites\/2\/2025\/11\/5.-Menaxhimi-i-ndryshimeve.pdf\">Menaxhimi i Ndryshimit dhe Inovacionet<\/a><\/em><\/td><td><em>3<\/em><em><\/em><\/td><td><em>5<\/em><em><\/em><\/td><\/tr><tr><td><em>6.<\/em><em><\/em><\/td><td><em>Z<\/em><em><\/em><\/td><td><em><a href=\"https:\/\/unhz.eu\/fakulteti-i-biznesit\/wp-content\/uploads\/sites\/2\/2025\/11\/6.-Menaxhimi-i-projekteve.pdf\">Menaxhimi i Projekteve<\/a><\/em><\/td><td><em>3<\/em><em><\/em><\/td><td><em>5<\/em><em><\/em><\/td><\/tr><tr><td>&nbsp;<\/td><td>&nbsp;<\/td><td><em>UKUPNO<\/em><em><\/em><\/td><td>&nbsp;<\/td><td><em>30<\/em><em><\/em><\/td><\/tr><tr><td colspan=\"5\"><strong><em>Viti i par\u00eb \u2013 Semestri i dyt\u00eb:<\/em><\/strong><strong><em><\/em><\/strong><\/td><\/tr><tr><td><strong><em>Nr.<\/em><\/strong><strong><em><\/em><\/strong><\/td><td><strong><em>Obli.\/Zgj.<\/em><\/strong><strong><em><\/em><\/strong><\/td><td><strong><em>L\u00ebnda:<\/em><\/strong><strong><em><\/em><\/strong><\/td><td><strong><em>Or\u00eb L+U<\/em><\/strong><strong><em><\/em><\/strong><\/td><td><strong><em>ECTS<\/em><\/strong><strong><em><\/em><\/strong><\/td><\/tr><tr><td><em>1.<\/em><em><\/em><\/td><td><em>O<\/em><em><\/em><\/td><td><em><a href=\"https:\/\/unhz.eu\/fakulteti-i-biznesit\/wp-content\/uploads\/sites\/2\/2025\/11\/7.-Metodat-dhe-Teknikat-Sasiore-ne-Kerkim-Shkencor.pdf\">Metodat dhe Teknikat Sasiore n\u00eb K\u00ebrkim Shkencor<\/a><\/em><\/td><td><em>3+2<\/em><em><\/em><\/td><td><em>7<\/em><em><\/em><\/td><\/tr><tr><td><em>2.<\/em><em><\/em><\/td><td><em>O<\/em><em><\/em><\/td><td><em><a href=\"https:\/\/unhz.eu\/fakulteti-i-biznesit\/wp-content\/uploads\/sites\/2\/2025\/11\/8.-Tregu-moderni-i-punes.pdf\">Tregu Bashkekohor i Pun\u00ebs<\/a><\/em><\/td><td><em>3<\/em><em><\/em><\/td><td><em>6<\/em><em><\/em><\/td><\/tr><tr><td><em>3.<\/em><em><\/em><\/td><td><em>O<\/em><em><\/em><\/td><td><em><a href=\"https:\/\/unhz.eu\/fakulteti-i-biznesit\/wp-content\/uploads\/sites\/2\/2025\/11\/9.-Menaxhimi-Strategjik-i-Burimeve-Njerezore.pdf\">Menaxhimi Strategjik i Burimeve Njer\u00ebzore<\/a><\/em><\/td><td><em>3+2<\/em><em><\/em><\/td><td><em>7<\/em><em><\/em><\/td><\/tr><tr><td><em>4.<\/em><em><\/em><\/td><td><em>O<\/em><em><\/em><\/td><td><em><a href=\"https:\/\/unhz.eu\/fakulteti-i-biznesit\/wp-content\/uploads\/sites\/2\/2025\/11\/10.-Motivimi-dhe-menaxhimi-i-performances.pdf\">Motivimi dhe Vler\u00ebsimi i Performanc\u00ebs s\u00eb Punonj\u00ebsve<\/a><\/em><\/td><td><em>3<\/em><em><\/em><\/td><td><em>6<\/em><em><\/em><\/td><\/tr><tr><td><em>6.<\/em><em><\/em><\/td><td><em>Z<\/em><em><\/em><\/td><td><em><a href=\"https:\/\/unhz.eu\/fakulteti-i-biznesit\/wp-content\/uploads\/sites\/2\/2025\/11\/11.-Menaxhimi-i-Dijes-dhe-transformimi-digjital.pdf\">Menaxhimi i Dijes dhe Transformimi Digjital i MBNJ-s\u00eb<\/a><\/em><\/td><td><em>3<\/em><em><\/em><\/td><td><em>5<\/em><em><\/em><\/td><\/tr><tr><td><em>7.<\/em><em><\/em><\/td><td><em>Z<\/em><em><\/em><\/td><td><em><a href=\"https:\/\/unhz.eu\/fakulteti-i-biznesit\/wp-content\/uploads\/sites\/2\/2025\/11\/12.-SHPERBLIMI.pdf\">Menaxhimi i Shp\u00ebrblimit<\/a><\/em><\/td><td><em>3<\/em><em><\/em><\/td><td><em>5<\/em><em><\/em><\/td><\/tr><tr><td><em>8.<\/em><em><\/em><\/td><td><em>Z<\/em><em><\/em><\/td><td><em><a href=\"https:\/\/unhz.eu\/fakulteti-i-biznesit\/wp-content\/uploads\/sites\/2\/2025\/11\/13.-Ndermarresia-e-Gjelbert.pdf\">Nd\u00ebrmarr\u00ebsia e Gjelb\u00ebr<\/a><\/em><\/td><td><em>2+1<\/em><em><\/em><\/td><td><em>5<\/em><em><\/em><\/td><\/tr><tr><td>&nbsp;<\/td><td>&nbsp;<\/td><td><em>UKUPNO<\/em><em><\/em><\/td><td>&nbsp;<\/td><td><em>30<\/em><em><\/em><\/td><\/tr><tr><td colspan=\"5\"><strong><em>Viti i dyt\u00eb \u2013 Semestri i tret\u00eb:<\/em><\/strong><strong><em><\/em><\/strong><\/td><\/tr><tr><td><strong><em>Nr.<\/em><\/strong><strong><em><\/em><\/strong><\/td><td><strong><em>Obli.\/Zgj.<\/em><\/strong><strong><em><\/em><\/strong><\/td><td><strong><em>L\u00ebnda:<\/em><\/strong><strong><em><\/em><\/strong><\/td><td><strong><em>Or\u00eb L+U<\/em><\/strong><strong><em><\/em><\/strong><\/td><td><strong><em>ECTS<\/em><\/strong><strong><em><\/em><\/strong><\/td><\/tr><tr><td><em>1.<\/em><em><\/em><\/td><td><em>O<\/em><em><\/em><\/td><td><em><a href=\"https:\/\/unhz.eu\/fakulteti-i-biznesit\/wp-content\/uploads\/sites\/2\/2025\/11\/14.-Politikate-e-Rekrutimit-dhe-selektimit.pdf\">Politikat e E-Rekrutimit dhe Seleksionimit<\/a><\/em><\/td><td><em>2+1<\/em><em><\/em><\/td><td><em>6<\/em><em><\/em><\/td><\/tr><tr><td><em>2.<\/em><em><\/em><\/td><td><em>O<\/em><em><\/em><\/td><td><em><a href=\"https:\/\/unhz.eu\/fakulteti-i-biznesit\/wp-content\/uploads\/sites\/2\/2025\/11\/15.-Planifikimi-dhe-organizimi-i-trajnimeve.pdf\">Planifikimi dhe Organizimi i Trajnimeve<\/a><\/em><\/td><td><em>3<\/em><em><\/em><\/td><td><em>5<\/em><em><\/em><\/td><\/tr><tr><td><em>3.<\/em><em><\/em><\/td><td><em>O<\/em><em><\/em><\/td><td><em><a href=\"https:\/\/unhz.eu\/fakulteti-i-biznesit\/wp-content\/uploads\/sites\/2\/2025\/11\/16.-Sistemet-e-informacionit-te-MBNJ.pdf\">Sistemet e Informacionit t\u00eb Menaxhimit n\u00eb MBNJ<\/a><\/em><\/td><td><em>3<\/em><em><\/em><\/td><td><em>6<\/em><em><\/em><\/td><\/tr><tr><td><em>4.<\/em><em><\/em><\/td><td><em>O<\/em><em><\/em><\/td><td><em><a href=\"https:\/\/unhz.eu\/fakulteti-i-biznesit\/wp-content\/uploads\/sites\/2\/2025\/11\/17.-Internship.pdf\">Mesimi Praktik dhe Zhvillimi i Karrier\u00ebs<\/a><\/em><\/td><td><em>0+3<\/em><em><\/em><\/td><td><em>4<\/em><em><\/em><\/td><\/tr><tr><td><em>5.<\/em><em><\/em><\/td><td><em>Z<\/em><em><\/em><\/td><td><em><a href=\"https:\/\/unhz.eu\/fakulteti-i-biznesit\/wp-content\/uploads\/sites\/2\/2025\/11\/18.-Teorite-e-Vendimmarrjes.pdf\">Vendimmarrja Menaxheriale<\/a><\/em><\/td><td><em>3<\/em><em><\/em><\/td><td><em>5<\/em><em><\/em><\/td><\/tr><tr><td><em>6.<\/em><\/td><td><em>Z<\/em><\/td><td><em><a href=\"https:\/\/unhz.eu\/fakulteti-i-biznesit\/wp-content\/uploads\/sites\/2\/2025\/11\/19.-Kultura-dhe-Sjellja-Organizative.pdf\">Kultura dhe Sjellja Organizative<\/a><\/em><\/td><td><em>3<\/em><\/td><td><em>5<\/em><\/td><\/tr><tr><td><em>7.<\/em><\/td><td><em>Z<\/em><\/td><td><em><a href=\"https:\/\/unhz.eu\/fakulteti-i-biznesit\/wp-content\/uploads\/sites\/2\/2025\/11\/20.-Menaxhimi-i-talentit-ne-burimet-njerezore.pdf\">Menaxhimi i Talent\u00ebve n\u00eb Organizata<\/a><\/em><\/td><td><em>3<\/em><\/td><td><em>5<\/em><\/td><\/tr><tr><td><em>8.<\/em><\/td><td><em>Z<\/em><\/td><td><em><a href=\"https:\/\/unhz.eu\/fakulteti-i-biznesit\/wp-content\/uploads\/sites\/2\/2025\/11\/Analiza-e-Punes-dhe-Menaxhimi-i-Kohes-ne-Ogranizata.pdf\">Analiza e Pun\u00ebs dhe Menaxhimi i Koh\u00ebs n\u00eb Organizata<\/a><\/em><\/td><td><em>3<\/em><\/td><td><em>5<\/em><\/td><\/tr><tr><td><em>&nbsp;<\/em><\/td><td><em>&nbsp;<\/em><\/td><td><em>Totali1<\/em><\/td><td><em>15+10<\/em><\/td><td><em>30<\/em><\/td><\/tr><tr><td colspan=\"5\"><strong><em>Viti i dyt\u00eb \u2013 Semestri i kat\u00ebrt:<\/em><\/strong><strong><em><\/em><\/strong><\/td><\/tr><tr><td><strong><em>Nr.<\/em><\/strong><strong><em><\/em><\/strong><\/td><td><strong><em>Obli.\/Zgj.<\/em><\/strong><strong><em><\/em><\/strong><\/td><td><strong><em>L\u00ebnda:<\/em><\/strong><strong><em><\/em><\/strong><\/td><td><strong><em>Or\u00eb L+U<\/em><\/strong><strong><em><\/em><\/strong><\/td><td><strong><em>ECTS<\/em><\/strong><strong><em><\/em><\/strong><\/td><\/tr><tr><td><em>1.<\/em><em><\/em><\/td><td><em>O<\/em><em><\/em><\/td><td><em>Punimi i Diplom\u00ebs &#8211; Master<\/em><\/td><td>&nbsp;<\/td><td><em>30<\/em><em><\/em><\/td><\/tr><tr><td>&nbsp;<\/td><td>&nbsp;<\/td><td><em>UKUPNO<\/em><em><\/em><\/td><td>&nbsp;<\/td><td><em>30<\/em><em><\/em><\/td><\/tr><\/tbody><\/table><\/figure>","protected":false},"excerpt":{"rendered":"<p>PROGRAMI: MASTER I SHKENCAVE N\u00cb MENAXHIMI I BURIMEVE NJER\u00cbZORE Human Resource Management (MSc.) Viti i&hellip;<\/p>","protected":false},"author":1,"featured_media":0,"parent":0,"menu_order":0,"comment_status":"closed","ping_status":"closed","template":"","meta":{"footnotes":""},"class_list":["post-48960","page","type-page","status-publish","hentry"],"yoast_head":"<!-- This site is optimized with the Yoast SEO Premium plugin v27.2 (Yoast SEO v27.2) - https:\/\/yoast.com\/product\/yoast-seo-premium-wordpress\/ -->\n<title>Programet MBNJ - Fakulteti i Biznesit<\/title>\n<meta name=\"robots\" content=\"index, follow, max-snippet:-1, max-image-preview:large, max-video-preview:-1\" \/>\n<link rel=\"canonical\" href=\"https:\/\/unhz.eu\/fakulteti-i-biznesit\/bs\/programet-mbnj\/\" \/>\n<meta property=\"og:locale\" content=\"bs_BA\" \/>\n<meta property=\"og:type\" content=\"article\" \/>\n<meta property=\"og:title\" content=\"Programet MBNJ\" \/>\n<meta property=\"og:description\" content=\"PROGRAMI: MASTER I SHKENCAVE N\u00cb MENAXHIMI I BURIMEVE NJER\u00cbZORE Human Resource Management (MSc.) Viti i&hellip;\" \/>\n<meta property=\"og:url\" content=\"https:\/\/unhz.eu\/fakulteti-i-biznesit\/bs\/programet-mbnj\/\" \/>\n<meta property=\"og:site_name\" content=\"Fakulteti i Biznesit\" \/>\n<meta property=\"article:modified_time\" content=\"2025-11-12T13:05:57+00:00\" \/>\n<meta name=\"twitter:card\" content=\"summary_large_image\" \/>\n<meta name=\"twitter:label1\" content=\"Est. reading time\" \/>\n\t<meta name=\"twitter:data1\" content=\"2 minute\" \/>\n<script type=\"application\/ld+json\" class=\"yoast-schema-graph\">{\"@context\":\"https:\/\/schema.org\",\"@graph\":[{\"@type\":\"WebPage\",\"@id\":\"https:\/\/unhz.eu\/fakulteti-i-biznesit\/programet-mbnj\/\",\"url\":\"https:\/\/unhz.eu\/fakulteti-i-biznesit\/programet-mbnj\/\",\"name\":\"Programet MBNJ - Fakulteti i Biznesit\",\"isPartOf\":{\"@id\":\"https:\/\/unhz.eu\/fakulteti-i-biznesit\/#website\"},\"datePublished\":\"2025-01-22T12:25:50+00:00\",\"dateModified\":\"2025-11-12T13:05:57+00:00\",\"breadcrumb\":{\"@id\":\"https:\/\/unhz.eu\/fakulteti-i-biznesit\/programet-mbnj\/#breadcrumb\"},\"inLanguage\":\"bs-BA\",\"potentialAction\":[{\"@type\":\"ReadAction\",\"target\":[\"https:\/\/unhz.eu\/fakulteti-i-biznesit\/programet-mbnj\/\"]}]},{\"@type\":\"BreadcrumbList\",\"@id\":\"https:\/\/unhz.eu\/fakulteti-i-biznesit\/programet-mbnj\/#breadcrumb\",\"itemListElement\":[{\"@type\":\"ListItem\",\"position\":1,\"name\":\"Home\",\"item\":\"https:\/\/unhz.eu\/fakulteti-i-biznesit\/\"},{\"@type\":\"ListItem\",\"position\":2,\"name\":\"Programet MBNJ\"}]},{\"@type\":\"WebSite\",\"@id\":\"https:\/\/unhz.eu\/fakulteti-i-biznesit\/#website\",\"url\":\"https:\/\/unhz.eu\/fakulteti-i-biznesit\/\",\"name\":\"Fakulteti i Biznesit\",\"description\":\"I dedikuar p\u00ebr cil\u00ebsi standarde dhe suksese\",\"publisher\":{\"@id\":\"https:\/\/unhz.eu\/fakulteti-i-biznesit\/#organization\"},\"potentialAction\":[{\"@type\":\"SearchAction\",\"target\":{\"@type\":\"EntryPoint\",\"urlTemplate\":\"https:\/\/unhz.eu\/fakulteti-i-biznesit\/?s={search_term_string}\"},\"query-input\":{\"@type\":\"PropertyValueSpecification\",\"valueRequired\":true,\"valueName\":\"search_term_string\"}}],\"inLanguage\":\"bs-BA\"},{\"@type\":\"Organization\",\"@id\":\"https:\/\/unhz.eu\/fakulteti-i-biznesit\/#organization\",\"name\":\"Fakulteti i Biznesit\",\"url\":\"https:\/\/unhz.eu\/fakulteti-i-biznesit\/\",\"logo\":{\"@type\":\"ImageObject\",\"inLanguage\":\"bs-BA\",\"@id\":\"https:\/\/unhz.eu\/fakulteti-i-biznesit\/#\/schema\/logo\/image\/\",\"url\":\"https:\/\/unhz.eu\/fakulteti-i-biznesit\/wp-content\/uploads\/sites\/2\/2024\/02\/cropped-logo-1-1-e1713527702695.png\",\"contentUrl\":\"https:\/\/unhz.eu\/fakulteti-i-biznesit\/wp-content\/uploads\/sites\/2\/2024\/02\/cropped-logo-1-1-e1713527702695.png\",\"width\":100,\"height\":100,\"caption\":\"Fakulteti i Biznesit\"},\"image\":{\"@id\":\"https:\/\/unhz.eu\/fakulteti-i-biznesit\/#\/schema\/logo\/image\/\"}}]}<\/script>\n<!-- \/ Yoast SEO Premium plugin. -->","yoast_head_json":{"title":"Programet MBNJ - Fakulteti i Biznesit","robots":{"index":"index","follow":"follow","max-snippet":"max-snippet:-1","max-image-preview":"max-image-preview:large","max-video-preview":"max-video-preview:-1"},"canonical":"https:\/\/unhz.eu\/fakulteti-i-biznesit\/bs\/programet-mbnj\/","og_locale":"bs_BA","og_type":"article","og_title":"Programet MBNJ","og_description":"PROGRAMI: MASTER I SHKENCAVE N\u00cb MENAXHIMI I BURIMEVE NJER\u00cbZORE Human Resource Management (MSc.) Viti i&hellip;","og_url":"https:\/\/unhz.eu\/fakulteti-i-biznesit\/bs\/programet-mbnj\/","og_site_name":"Fakulteti i Biznesit","article_modified_time":"2025-11-12T13:05:57+00:00","twitter_card":"summary_large_image","twitter_misc":{"Est. reading time":"2 minute"},"schema":{"@context":"https:\/\/schema.org","@graph":[{"@type":"WebPage","@id":"https:\/\/unhz.eu\/fakulteti-i-biznesit\/programet-mbnj\/","url":"https:\/\/unhz.eu\/fakulteti-i-biznesit\/programet-mbnj\/","name":"Programet MBNJ - Fakulteti i Biznesit","isPartOf":{"@id":"https:\/\/unhz.eu\/fakulteti-i-biznesit\/#website"},"datePublished":"2025-01-22T12:25:50+00:00","dateModified":"2025-11-12T13:05:57+00:00","breadcrumb":{"@id":"https:\/\/unhz.eu\/fakulteti-i-biznesit\/programet-mbnj\/#breadcrumb"},"inLanguage":"bs-BA","potentialAction":[{"@type":"ReadAction","target":["https:\/\/unhz.eu\/fakulteti-i-biznesit\/programet-mbnj\/"]}]},{"@type":"BreadcrumbList","@id":"https:\/\/unhz.eu\/fakulteti-i-biznesit\/programet-mbnj\/#breadcrumb","itemListElement":[{"@type":"ListItem","position":1,"name":"Home","item":"https:\/\/unhz.eu\/fakulteti-i-biznesit\/"},{"@type":"ListItem","position":2,"name":"Programet MBNJ"}]},{"@type":"WebSite","@id":"https:\/\/unhz.eu\/fakulteti-i-biznesit\/#website","url":"https:\/\/unhz.eu\/fakulteti-i-biznesit\/","name":"Poslovni fakultet","description":"Posve\u0107eni standardnoj kvaliteti i uspjehu","publisher":{"@id":"https:\/\/unhz.eu\/fakulteti-i-biznesit\/#organization"},"potentialAction":[{"@type":"SearchAction","target":{"@type":"EntryPoint","urlTemplate":"https:\/\/unhz.eu\/fakulteti-i-biznesit\/?s={search_term_string}"},"query-input":{"@type":"PropertyValueSpecification","valueRequired":true,"valueName":"search_term_string"}}],"inLanguage":"bs-BA"},{"@type":"Organization","@id":"https:\/\/unhz.eu\/fakulteti-i-biznesit\/#organization","name":"Poslovni fakultet","url":"https:\/\/unhz.eu\/fakulteti-i-biznesit\/","logo":{"@type":"ImageObject","inLanguage":"bs-BA","@id":"https:\/\/unhz.eu\/fakulteti-i-biznesit\/#\/schema\/logo\/image\/","url":"https:\/\/unhz.eu\/fakulteti-i-biznesit\/wp-content\/uploads\/sites\/2\/2024\/02\/cropped-logo-1-1-e1713527702695.png","contentUrl":"https:\/\/unhz.eu\/fakulteti-i-biznesit\/wp-content\/uploads\/sites\/2\/2024\/02\/cropped-logo-1-1-e1713527702695.png","width":100,"height":100,"caption":"Fakulteti i Biznesit"},"image":{"@id":"https:\/\/unhz.eu\/fakulteti-i-biznesit\/#\/schema\/logo\/image\/"}}]}},"_links":{"self":[{"href":"https:\/\/unhz.eu\/fakulteti-i-biznesit\/bs\/wp-json\/wp\/v2\/pages\/48960","targetHints":{"allow":["GET"]}}],"collection":[{"href":"https:\/\/unhz.eu\/fakulteti-i-biznesit\/bs\/wp-json\/wp\/v2\/pages"}],"about":[{"href":"https:\/\/unhz.eu\/fakulteti-i-biznesit\/bs\/wp-json\/wp\/v2\/types\/page"}],"author":[{"embeddable":true,"href":"https:\/\/unhz.eu\/fakulteti-i-biznesit\/bs\/wp-json\/wp\/v2\/users\/1"}],"replies":[{"embeddable":true,"href":"https:\/\/unhz.eu\/fakulteti-i-biznesit\/bs\/wp-json\/wp\/v2\/comments?post=48960"}],"version-history":[{"count":3,"href":"https:\/\/unhz.eu\/fakulteti-i-biznesit\/bs\/wp-json\/wp\/v2\/pages\/48960\/revisions"}],"predecessor-version":[{"id":50197,"href":"https:\/\/unhz.eu\/fakulteti-i-biznesit\/bs\/wp-json\/wp\/v2\/pages\/48960\/revisions\/50197"}],"wp:attachment":[{"href":"https:\/\/unhz.eu\/fakulteti-i-biznesit\/bs\/wp-json\/wp\/v2\/media?parent=48960"}],"curies":[{"name":"wp","href":"https:\/\/api.w.org\/{rel}","templated":true}]}}