{"id":48944,"date":"2025-01-22T12:20:14","date_gmt":"2025-01-22T12:20:14","guid":{"rendered":"https:\/\/unhz.eu\/fakulteti-i-biznesit\/?page_id=48944"},"modified":"2026-01-27T15:13:49","modified_gmt":"2026-01-27T13:13:49","slug":"menaxhim-biznesi-2019-2022","status":"publish","type":"page","link":"https:\/\/unhz.eu\/fakulteti-i-biznesit\/bs\/menaxhim-biznesi-2019-2022\/","title":{"rendered":"Menaxhim Biznesi \u2013 2019 \u2013 2022"},"content":{"rendered":"<p><strong>Pasqyra e programit p\u00ebr Bachelor i Shkencave n\u00eb Menaxhim Biznesi<\/strong><\/p>\n\n\n\n<p>Profilet me koncentrim n\u00eb:<\/p>\n\n\n\n<ol class=\"wp-block-list\">\n<li>Adminsitrim Biznesi,<\/li>\n\n\n\n<li>Banka dhe Financa<\/li>\n\n\n\n<li>Kontabilitet dhe Auditim<\/li>\n<\/ol>\n\n\n\n<p><strong>2 Vitet e para t\u00eb p\u00ebrbashk\u00ebta<\/strong><\/p>\n\n\n\n<figure class=\"wp-block-table\"><table class=\"has-fixed-layout\"><tbody><tr><td colspan=\"5\"><strong><em>Viti i par\u00eb \u2013 Semestri i par\u0451:<\/em><\/strong><\/td><\/tr><tr><td><strong>Nr.<\/strong><\/td><td><strong>Obli.\/Zgj.<\/strong><\/td><td><strong>L\u00ebnda:<\/strong><\/td><td><strong>Or\u00eb L+U<\/strong><\/td><td><strong>ECTS<\/strong><\/td><\/tr><tr><td>1.<\/td><td>O<\/td><td><a href=\"https:\/\/drive.google.com\/file\/d\/1ZAx76TvwDJbLxkxvinkHTSKieiTtfeiU\/view?usp=sharing\">Matematika p\u0451r biznes dhe ekonomi<\/a><\/td><td>3+2<\/td><td>5<\/td><\/tr><tr><td>2.<\/td><td>O<\/td><td><a href=\"https:\/\/drive.google.com\/file\/d\/1FcjoUMI58snrtOsfiwdmtxuanDdlS1kE\/view?usp=sharing\">Mikroekonomia<\/a><\/td><td>3+2<\/td><td>5<\/td><\/tr><tr><td>3.<\/td><td>O<\/td><td><a href=\"https:\/\/drive.google.com\/file\/d\/13hLMByFXXqObFta6z_U1jxWiEJwqj6rT\/view?usp=sharing\">Bazat e biznesit<\/a><\/td><td>3+2<\/td><td>5<\/td><\/tr><tr><td>4.<\/td><td>O<\/td><td><a href=\"https:\/\/drive.google.com\/file\/d\/1m74VEEeLLfeIufo7_-VewjITjMD9lsr1\/view?usp=sharing\">Bazat e IT-s\u00eb<\/a><\/td><td>3+2<\/td><td>5<\/td><\/tr><tr><td>5.<\/td><td>O<\/td><td><a href=\"https:\/\/drive.google.com\/file\/d\/1EasjcdSzP0nf8UetNz3dk6WFrDSAEgWj\/view?usp=sharing\">Bazat e financave<\/a><\/td><td>3+2<\/td><td>5<\/td><\/tr><tr><td>6.<\/td><td>O<\/td><td><a href=\"https:\/\/drive.google.com\/file\/d\/1SEjtOBnJbEmmqtYquuI9I-fxmr5iEi_5\/view?usp=sharing\">Bazat e kontabilitetit<\/a><\/td><td>3+2<\/td><td>5<\/td><\/tr><tr><td><\/td><td><\/td><td>UKUPNO<\/td><td>18+12<\/td><td><strong>30<\/strong><\/td><\/tr><tr><td colspan=\"5\"><strong>Viti par\u00eb \u2013 Semestri dyt\u00eb:<\/strong><\/td><\/tr><tr><td><strong>Nr.<\/strong><\/td><td><strong>Obli.\/Zgj.<\/strong><\/td><td><strong>L\u00ebnda:<\/strong><\/td><td><strong>Or\u00eb L+U<\/strong><\/td><td><strong>ECTS<\/strong><\/td><\/tr><tr><td>1.<\/td><td>O<\/td><td><a href=\"https:\/\/drive.google.com\/file\/d\/1pgF1QPRATHQroUhfmzPRXNKWNqGGWhSp\/view?usp=sharing\">Makroekonomia<\/a><\/td><td>3+2<\/td><td>5<\/td><\/tr><tr><td>2.<\/td><td>O<\/td><td><a href=\"https:\/\/drive.google.com\/file\/d\/1gNRP1TbExNzRvvcO_csEmbTvZ1M-pOU9\/view?usp=sharing\">Bazat e menaxhmentit<\/a><\/td><td>3+2<\/td><td>5<\/td><\/tr><tr><td>3.<\/td><td>O<\/td><td><a href=\"https:\/\/drive.google.com\/file\/d\/1Ndt631gXCH9vAFECeEuYy3OG0FoOsiFf\/view?usp=sharing\">Shkrimi akademik<\/a><\/td><td>3+2<\/td><td>5<\/td><\/tr><tr><td>4.<\/td><td>O<\/td><td><a href=\"https:\/\/drive.google.com\/file\/d\/1_APIAGxmbzepP2huBO_wxMngcSe-t2is\/view?usp=sharing\">Gjuha angleze I<\/a><\/td><td>2+2<\/td><td>4<\/td><\/tr><tr><td>5.<\/td><td>O<\/td><td><a href=\"https:\/\/drive.google.com\/file\/d\/1fTGtLGxToVmo9dor9coW04BXFgcr_Xx5\/view?usp=sharing\">Statistika<\/a><\/td><td>3+2<\/td><td>6<\/td><\/tr><tr><td>6.<\/td><td>Z<\/td><td><a href=\"https:\/\/drive.google.com\/file\/d\/1-u7FeSaC_4Y3XMMi5XyXF4FW4-XlXVme\/view?usp=sharing\">Informatik\u00eb biznesi<\/a><\/td><td>3+2<\/td><td>5<\/td><\/tr><tr><td>7.<\/td><td>Z<\/td><td><a href=\"https:\/\/drive.google.com\/file\/d\/1GDbTZ6VkFh6118cc7l56jpM5XcHKfdiH\/view?usp=sharing\">Kontabiliteti financiar*<\/a><\/td><td>3+2<\/td><td>5<\/td><\/tr><tr><td>8.<\/td><td>Z<\/td><td><a href=\"https:\/\/drive.google.com\/file\/d\/1pa_zaSer6GAkmqpn-a4mK3ZSk53Y1jMi\/view?usp=sharing\">Kontabilisti n\u00eb biznes**<\/a><\/td><td>3+2<\/td><td>5<\/td><\/tr><tr><td><\/td><td><\/td><td>UKUPNO<\/td><td>17+13<\/td><td><strong>30<\/strong><\/td><\/tr><tr><td colspan=\"5\"><strong>Viti dyt\u00eb \u2013 Semestri tret\u00eb:<\/strong><\/td><\/tr><tr><td><strong>Nr.<\/strong><\/td><td><strong>Obli.\/Zgj.<\/strong><\/td><td><strong>L\u00ebnda:<\/strong><\/td><td><strong>Or\u00eb L+U<\/strong><\/td><td><strong>ECTS<\/strong><\/td><\/tr><tr><td>1.<\/td><td>O<\/td><td><a href=\"https:\/\/drive.google.com\/file\/d\/1tKal39BX9fySpBlLV059O93uemZUkTnM\/view?usp=sharing\">Mjedisi i biznesit<\/a><\/td><td>3+2<\/td><td>5<\/td><\/tr><tr><td>2.<\/td><td>O<\/td><td><a href=\"https:\/\/drive.google.com\/file\/d\/1lbx1iU8PCfCEynxjuv4IRJiWq4oUaaPJ\/view?usp=sharing\">Financat e korporatave<\/a><\/td><td>3+2<\/td><td>5<\/td><\/tr><tr><td>3.<\/td><td>O<\/td><td><a href=\"https:\/\/drive.google.com\/file\/d\/1exTQyoSbEovwQqh_AlguiHYenaFwHkbr\/view?usp=sharing\">Biznesi elektronik<\/a><\/td><td>3+2<\/td><td>5<\/td><\/tr><tr><td>4.<\/td><td>O<\/td><td><a href=\"https:\/\/drive.google.com\/file\/d\/15wgj8UL9-Vs7GD2VwWPnE5SQyptQvmW8\/view?usp=sharing\">Menaxhimi i operacioneve<\/a><\/td><td>3+2<\/td><td>5<\/td><\/tr><tr><td>5.<\/td><td>O<\/td><td><a href=\"https:\/\/drive.google.com\/file\/d\/1gjklqMSfjBW-BuAmOfm_P7HJkE2f7GHM\/view?usp=sharing\">Marketingu<\/a><\/td><td>3+2<\/td><td>5<\/td><\/tr><tr><td>6.<\/td><td>Z<\/td><td><a href=\"https:\/\/drive.google.com\/file\/d\/1ihZmqg8sK8mITxC94Q8YP5mmFRn53CUQ\/view?usp=sharing\">Ekonomia e UE-s\u00eb dhe e Kosov\u00ebs<\/a><\/td><td>3+2<\/td><td>5<\/td><\/tr><tr><td>7.<\/td><td>Z<\/td><td><a href=\"https:\/\/drive.google.com\/file\/d\/1u4KuI4eDTn1ttjXYcSyEMXYl0byjpWyF\/view?usp=sharing\">Menaxhmenti financiar*<\/a><\/td><td>3+2<\/td><td>5<\/td><\/tr><tr><td><\/td><td><\/td><td>UKUPNO<\/td><td>18+12<\/td><td><strong>30<\/strong><\/td><\/tr><tr><td colspan=\"5\"><strong>Viti i dyt\u00eb \u2013 Semestri kat\u00ebrt:<\/strong><\/td><\/tr><tr><td><strong>Nr.<\/strong><\/td><td><strong>Obli.\/Zgj.<\/strong><\/td><td><strong>L\u00ebnda:<\/strong><\/td><td><strong>Or\u00eb L+U<\/strong><\/td><td><strong>ECTS<\/strong><\/td><\/tr><tr><td>1.<\/td><td>O<\/td><td><a href=\"https:\/\/drive.google.com\/file\/d\/1flZU37c13nG5GnODE5TpaK9kthGIVi3b\/view?usp=sharing\">Biznesi nd\u00ebrkomb\u00ebtar<\/a><\/td><td>3+2<\/td><td>5<\/td><\/tr><tr><td>2.<\/td><td>O<\/td><td><a href=\"https:\/\/drive.google.com\/file\/d\/1EcJJe2O8aBu5vDOSW3_jOHnvpQ-5GR6c\/view?usp=sharing\">Nd\u00ebrmarr\u00ebsia<\/a><\/td><td>3+2<\/td><td>5<\/td><\/tr><tr><td>3.<\/td><td>O<\/td><td><a href=\"https:\/\/drive.google.com\/file\/d\/17t3sa1VjkVMZOwdeN6NTMPsBRCZPdAjH\/view?usp=sharing\">Menaxhimi i burimeve njer\u00ebzore<\/a><\/td><td>3+2<\/td><td>5<\/td><\/tr><tr><td>4.<\/td><td>O<\/td><td><a href=\"https:\/\/drive.google.com\/file\/d\/1vK7W4ZjTh5aRWh9naFXoGV-c1k2V5V-M\/view?usp=sharing\">Tregjet dhe institucionet financiare<\/a><\/td><td>3+2<\/td><td>5<\/td><\/tr><tr><td>5.<\/td><td>Z<\/td><td><a href=\"https:\/\/drive.google.com\/file\/d\/1JfRHKs0zeQFNTOnaevJ3KGYLgllmCZ3d\/view?usp=sharing\">Komunikimi n\u00eb biznes<\/a><\/td><td>3+2<\/td><td>5<\/td><\/tr><tr><td>6.<\/td><td>Z<\/td><td><a href=\"https:\/\/drive.google.com\/file\/d\/1TsLJFBn8EAsgnwdaEXu_h6FN0t3Q1y6U\/view?usp=sharing\">Menaxhimi i dijes<\/a><\/td><td>3+2<\/td><td>5<\/td><\/tr><tr><td>7.<\/td><td>Z<\/td><td><a href=\"https:\/\/drive.google.com\/file\/d\/14wGPXcGezpdXNrFtq1qNN1Xr9RPvhmVG\/view?usp=sharing\">Ekonomia monetare<\/a><\/td><td>3+2<\/td><td>5<\/td><\/tr><tr><td>8.<\/td><td>Z<\/td><td><a href=\"https:\/\/drive.google.com\/file\/d\/1s_Da-xpbUhHQj3PjQS0tyZsdAoGZjx-Z\/view?usp=sharing\">Menaxhimi bankar*<\/a><\/td><td>3+2<\/td><td>5<\/td><\/tr><tr><td>9.<\/td><td>Z<\/td><td><a href=\"https:\/\/drive.google.com\/file\/d\/1YeDeIPOj0UjGP1ol5it9tqz8wXY2EE2k\/view?usp=sharing\">Analiza statistikore**<\/a><\/td><td>3+2<\/td><td>5<\/td><\/tr><tr><td>10.<\/td><td>Z<\/td><td><a href=\"https:\/\/drive.google.com\/file\/d\/1HQYGTTBxmYXS4DGJ1UvwuT0n56H1EV-M\/view?usp=sharing\">Menaxhimi i baz\u00ebs s\u00eb t\u00eb dh\u00ebnave<\/a><\/td><td>3+2<\/td><td>5<\/td><\/tr><tr><td><\/td><td><\/td><td>Total<\/td><td>18+12<\/td><td><strong>30<\/strong><\/td><\/tr><tr><td colspan=\"5\"><strong>Viti i tret\u00eb \u2013 Semestri pest\u00eb:<\/strong><\/td><\/tr><tr><td><strong>Nr.<\/strong><\/td><td><strong>Obli.\/Zgj.<\/strong><\/td><td><strong>L\u00ebnda:<\/strong><\/td><td><strong>Or\u00eb L+U<\/strong><\/td><td><strong>ECTS<\/strong><\/td><\/tr><tr><td>1.<\/td><td>O<\/td><td><a href=\"https:\/\/drive.google.com\/file\/d\/1a7_KeKwLKKyhHjmZB_QMcLkYk6YCBD-k\/view?usp=sharing\">Praktik\u00eb dhe zhvillimi i karrier\u00ebs<\/a><\/td><td>0+4<\/td><td>3<\/td><\/tr><tr><td>2.<\/td><td>Z<\/td><td><a href=\"https:\/\/drive.google.com\/file\/d\/1plqdhoj3jd43MLni1Eyp-4U2suwSds4Y\/view?usp=sharing\">Gjuha angleze II<\/a><\/td><td>3+2<\/td><td>5<\/td><\/tr><tr><td>2.<\/td><td>Z<\/td><td><a href=\"https:\/\/drive.google.com\/file\/d\/1eba5KyQRSeG0epJOBK6EwfW1-SkX1EQ4\/view?usp=sharing\">E-banking*<\/a><\/td><td>3+2<\/td><td>5<\/td><\/tr><tr><td>2.<\/td><td>Z<\/td><td><a href=\"https:\/\/drive.google.com\/file\/d\/105v7jnKrHLyyBZZmDjYijZgetg5wyny-\/view?usp=sharing\">E drejta biznesore<\/a><\/td><td>3+2<\/td><td>5<\/td><\/tr><tr><td>2.<\/td><td>Z<\/td><td><a href=\"https:\/\/drive.google.com\/file\/d\/1LqN1-_9dYJ-OjgWlqlqLtjdai6a9lUmL\/view?usp=sharing\">Menaxhment strategjik<\/a><\/td><td>3+2<\/td><td>5<\/td><\/tr><tr><td>2.<\/td><td>Z<\/td><td><a href=\"https:\/\/drive.google.com\/file\/d\/11XeLCrDa_n77xBs6qVabpM6I2p5OOV7R\/view?usp=sharing\">Banka dhe Sigurime<\/a><\/td><td>3+2<\/td><td>5<\/td><\/tr><tr><td>2.<\/td><td>Z<\/td><td><a href=\"https:\/\/drive.google.com\/file\/d\/1LgQWK8NuygMpojIebPwfNrI3ie5MIwwJ\/view?usp=sharing\">Gjuha Gjermane<\/a><\/td><td>3+2<\/td><td>5<\/td><\/tr><tr><td>2.<\/td><td>Z<\/td><td><a href=\"https:\/\/drive.google.com\/file\/d\/1EE5TOnoQ1b4jVV1PegOwejiILT7XIF1i\/view?usp=sharing\">Treg\u00ebtia e Jashtme<\/a><\/td><td>3+2<\/td><td>5<\/td><\/tr><tr><td colspan=\"5\"><strong>Koncentrimi: Administrim Biznesi<\/strong> <strong>Parakushti: P\u00ebr t\u00eb vazhduar k\u00ebt\u00eb profil t\u00eb programit nuk ka parakushte specifike, p\u00ebrve\u00e7 atyre t\u00eb p\u00ebrcaktuara sipas Statutit<\/strong><\/td><\/tr><tr><td colspan=\"5\"><strong>Viti i tret\u00eb \u2013 Semestri pest\u00eb:<\/strong><\/td><\/tr><tr><td><strong>Nr.<\/strong><\/td><td><strong>Obli.\/Zgj.<\/strong><\/td><td><strong>L\u00ebnda:<\/strong><\/td><td><strong>Or\u00eb L+U<\/strong><\/td><td><strong>ECTS<\/strong><\/td><\/tr><tr><td>1.<\/td><td>O<\/td><td><a href=\"https:\/\/drive.google.com\/file\/d\/13dfLQOdF2-4_NvOOqZSfyUS_VOVXlxe6\/view?usp=sharing\">Menaxhimi i NVM-v\u00eb<\/a><\/td><td>3+2<\/td><td>5<\/td><\/tr><tr><td>2.<\/td><td>O<\/td><td><a href=\"https:\/\/drive.google.com\/file\/d\/1iZey3NbXDqhvS3XPtJ82fDlZfT-DmxaM\/view?usp=sharing\">Ekonometria<\/a><\/td><td>3+3<\/td><td>6<\/td><\/tr><tr><td>3.<\/td><td>O<\/td><td><a href=\"https:\/\/drive.google.com\/file\/d\/1Xqja4FiUVFh630kuxyFEUg3dGIjhFShe\/view?usp=sharing\">Menaxhimi i projekteve<\/a><\/td><td>3+3<\/td><td>6<\/td><\/tr><tr><td>4.<\/td><td>O<\/td><td><a href=\"https:\/\/drive.google.com\/file\/d\/1dutUZae1js2QFkN4pcADC1qCKerWftL3\/view?usp=sharing\">Analiza mikroekonomike<\/a><\/td><td>3+2<\/td><td>5<\/td><\/tr><tr><td><\/td><td><\/td><td>UKUPNO<\/td><td>15+16<\/td><td><strong>30<\/strong><\/td><\/tr><tr><td colspan=\"5\"><strong>Viti i tret\u00eb \u2013 Semestri gjasht\u00eb<\/strong><\/td><\/tr><tr><td><strong>Nr.<\/strong><\/td><td><strong>Obli.\/Zgj.<\/strong><\/td><td><strong>L\u00ebnda:<\/strong><\/td><td><strong>Or\u00eb L+U<\/strong><\/td><td><strong>ECTS<\/strong><\/td><\/tr><tr><td>1.<\/td><td>O<\/td><td><a href=\"https:\/\/drive.google.com\/file\/d\/1Yh2nhQWPJHzenL7nWEZ0ax5-q44sMksw\/view?usp=sharing\">Metodologjia e hartimit t\u00eb diplom\u00ebs<\/a><\/td><td>2+1<\/td><td>4<\/td><\/tr><tr><td>2.<\/td><td>O<\/td><td><a href=\"https:\/\/drive.google.com\/file\/d\/12fTf8Pl1mZ6c6ApjsoXmiYFbIwMIv3rg\/view?usp=sharing\">Lidershipi<\/a><\/td><td>3+2<\/td><td>5<\/td><\/tr><tr><td>3.<\/td><td>O<\/td><td><a href=\"https:\/\/drive.google.com\/file\/d\/1Acc0Nm-r4j8Cl0IlSrvtjq5zI-qg5lD7\/view?usp=sharing\">Sisteme informacioni<\/a><\/td><td>4+2<\/td><td>6<\/td><\/tr><tr><td>4.<\/td><td>O<\/td><td><a href=\"https:\/\/drive.google.com\/file\/d\/1x8AP9TXWGcickIu1JBqahD04Dols1uay\/view?usp=sharing\">Sjellja Organizative<\/a><\/td><td>3+2<\/td><td>5<\/td><\/tr><tr><td>5.<\/td><td>O<\/td><td>Punimi i diplom\u00ebs Bachelor<\/td><td><\/td><td>10<\/td><\/tr><tr><td><\/td><td><\/td><td>Total<\/td><td>12+7<\/td><td><strong>30<\/strong><\/td><\/tr><tr><td colspan=\"5\"><strong>Koncentrimi: Banka dhe Financa<\/strong> <strong>Parakushti: P\u00ebr t\u00eb diplomuar n\u00eb k\u00ebt\u00eb profil t\u00eb programit duhet pasur t\u00eb fituara s\u00eb paku 60 ECTS kredi nga l\u00ebnd\u00ebt me \u201c*\u201d<\/strong><\/td><\/tr><tr><td colspan=\"5\"><strong>Viti i tret\u00eb \u2013 Semestri pest\u00eb:<\/strong><\/td><\/tr><tr><td><strong>Nr.<\/strong><\/td><td><strong>Obli.\/Zgj.<\/strong><\/td><td><strong>L\u00ebnda:<\/strong><\/td><td><strong>Or\u00eb L+U<\/strong><\/td><td><strong>ECTS<\/strong><\/td><\/tr><tr><td>1.<\/td><td>O<\/td><td><a href=\"https:\/\/drive.google.com\/file\/d\/1iZey3NbXDqhvS3XPtJ82fDlZfT-DmxaM\/view?usp=sharing\">Ekonometria*<\/a><\/td><td>3+3<\/td><td>6<\/td><\/tr><tr><td>2.<\/td><td>O<\/td><td><a href=\"https:\/\/drive.google.com\/file\/d\/1WaewMG6VUmaQx5QQEcsj2GgXCpbVU14L\/view?usp=sharing\">Buxhetimi*<\/a><\/td><td>3+3<\/td><td>6<\/td><\/tr><tr><td>3.<\/td><td>O<\/td><td><a href=\"https:\/\/drive.google.com\/file\/d\/1xN1pqvqtIdUaw_yMAVwq9wm_Rz9tLj1y\/view?usp=sharing\">Kontabiliteti menaxherial*<\/a><\/td><td>3+2<\/td><td>5<\/td><\/tr><tr><td>4.<\/td><td>O<\/td><td><a href=\"https:\/\/drive.google.com\/file\/d\/1TO8l8QAfou9XAIfkDURhGe1pGVm6P4Ae\/view?usp=sharing\">Kontabiliteti i sektorit publik*<\/a><\/td><td>3+2<\/td><td>5<\/td><\/tr><tr><td><\/td><td><\/td><td>UKUPNO<\/td><td>12+10<\/td><td><strong>30<\/strong><\/td><\/tr><tr><td colspan=\"5\"><strong>Viti i tret\u00eb \u2013 Semestri gjasht\u00eb<\/strong><\/td><\/tr><tr><td><strong>Nr.<\/strong><\/td><td><strong>Obli.\/Zgj.<\/strong><\/td><td><strong>L\u00ebnda:<\/strong><\/td><td><strong>Or\u00eb L+U<\/strong><\/td><td><strong>ECTS<\/strong><\/td><\/tr><tr><td>1.<\/td><td>O<\/td><td><a href=\"https:\/\/drive.google.com\/file\/d\/1cAe1QruFx7IUSd7panhBmzq7XbJT7tsn\/view?usp=sharing\">Metodologjia e hartimit t\u00eb diplom\u00ebs<\/a><\/td><td>3+1<\/td><td>4<\/td><\/tr><tr><td>2.<\/td><td>O<\/td><td><a href=\"https:\/\/drive.google.com\/file\/d\/1YLDhJzvWat8toJPxnthCP0XY0CSMSMkY\/view?usp=sharing\">Financa publike<\/a><\/td><td>3+2<\/td><td>5<\/td><\/tr><tr><td>3.<\/td><td>O<\/td><td><a href=\"https:\/\/drive.google.com\/file\/d\/1_6FBQaoUFrPOn_060mfeVre13k66s0pk\/view?usp=sharing\">Kontabiliteti i institucioneve financiare<\/a><\/td><td>3+2<\/td><td>5<\/td><\/tr><tr><td>4.<\/td><td>O<\/td><td><a href=\"https:\/\/drive.google.com\/file\/d\/1Bu6ogSG9BVaJp3Uz30pMxo1XrGcwzDbx\/view?usp=sharing\">Menaxhimi i riskut<\/a><\/td><td>4+2<\/td><td>6<\/td><\/tr><tr><td>5.<\/td><td>O<\/td><td>Punimi i diplom\u00ebs Bachelor<\/td><td><\/td><td>10<\/td><\/tr><tr><td><\/td><td><\/td><td>UKUPNO<\/td><td>13+7<\/td><td><strong>30<\/strong><\/td><\/tr><tr><td colspan=\"5\"><strong>Koncentrimi: Kontabilitet dhe Auditim<\/strong> <strong>Parakushti: P\u00ebr t\u00eb diplomuar n\u00eb k\u00ebt\u00eb profil t\u00eb programit duhet pasur t\u00eb fituara s\u00eb paku 60 ECTS kredi nga l\u00ebnd\u00ebt me \u201c*\u201d ose \u201c**\u201d<\/strong><\/td><\/tr><tr><td colspan=\"5\"><strong>Viti i tret\u00eb \u2013 Semestri pest\u00eb:<\/strong><\/td><\/tr><tr><td><strong>Nr.<\/strong><\/td><td><strong>Obli.\/Zgj.<\/strong><\/td><td><strong>L\u00ebnda:<\/strong><\/td><td><strong>Or\u00eb L+U<\/strong><\/td><td><strong>ECTS<\/strong><\/td><\/tr><tr><td>1.<\/td><td>O<\/td><td><a href=\"https:\/\/drive.google.com\/file\/d\/1iZey3NbXDqhvS3XPtJ82fDlZfT-DmxaM\/view?usp=sharing\">Ekonometria*<\/a><\/td><td>3+3<\/td><td>6<\/td><\/tr><tr><td>2.<\/td><td>O<\/td><td><a href=\"https:\/\/drive.google.com\/file\/d\/15k4cmivbAPB3SzvZ8XHpyw3yRLblxujs\/view?usp=sharing\">Auditim**<\/a><\/td><td>3+3<\/td><td>6<\/td><\/tr><tr><td>3.<\/td><td>O<\/td><td><a href=\"https:\/\/drive.google.com\/file\/d\/1qUZ3-2MgkHJLyFAB9xrK5AYwwcaG6Qe5\/view?usp=sharing\">Raportimi financiar*<\/a><\/td><td>3+2<\/td><td>5<\/td><\/tr><tr><td>4.<\/td><td>O<\/td><td><a href=\"https:\/\/drive.google.com\/file\/d\/1jDlu-1dZ7jnJpcEnP4OToVN1iwT69_9d\/view?usp=sharing\">Auditimi i kostos*<\/a><\/td><td>3+2<\/td><td>5<\/td><\/tr><tr><td><\/td><td><\/td><td>UKUPNO<\/td><td>12+8<\/td><td><strong>30<\/strong><\/td><\/tr><tr><td colspan=\"5\"><strong>Viti i tret\u00eb \u2013 Semestri gjasht\u00eb:<\/strong><\/td><\/tr><tr><td><strong>Nr.<\/strong><\/td><td><strong>Obli.\/Zgj.<\/strong><\/td><td><strong>L\u00ebnda:<\/strong><\/td><td><strong>Or\u00eb L+U<\/strong><\/td><td><strong>ECTS<\/strong><\/td><\/tr><tr><td>1.<\/td><td>O<\/td><td><a href=\"https:\/\/drive.google.com\/file\/d\/1gEBzqQGE2f_p7w56bmUQj8fI8BSVr6-_\/view?usp=sharing\">Metodologjia e hartimit t\u00eb diplom\u00ebs<\/a><\/td><td>2+2<\/td><td>4<\/td><\/tr><tr><td>2.<\/td><td>O<\/td><td><a href=\"https:\/\/drive.google.com\/file\/d\/1pWprtBvyMC5G8t2s333vSViR_lZZGTmB\/view?usp=sharing\">Analiza financiare*<\/a><\/td><td>3+3<\/td><td>6<\/td><\/tr><tr><td>3.<\/td><td>O<\/td><td><a href=\"https:\/\/drive.google.com\/file\/d\/1kbp0W7SNyc6NKuBpI5hXKzioVs8jM6T3\/view?usp=sharing\">Financa nd\u00ebrkomb\u00ebtare*<\/a><\/td><td>3+2<\/td><td>5<\/td><\/tr><tr><td>4.<\/td><td>O<\/td><td><a href=\"https:\/\/drive.google.com\/file\/d\/1Ww6uvS0iE7cxH0GyyfGtLp63EsW4BS18\/view?usp=sharing\">Tatime dhe korporata*<\/a><\/td><td>3+2<\/td><td>5<\/td><\/tr><tr><td>5.<\/td><td>O<\/td><td>Punimi i diplom\u00ebs Bachelor<\/td><td><\/td><td>10<\/td><\/tr><tr><td><\/td><td><\/td><td>UKUPNO<\/td><td>12+8<\/td><td><strong>30<\/strong><\/td><\/tr><\/tbody><\/table><\/figure>","protected":false},"excerpt":{"rendered":"<p>Pasqyra e programit p\u00ebr Bachelor i Shkencave n\u00eb Menaxhim Biznesi Profilet me koncentrim n\u00eb: 2&hellip;<\/p>","protected":false},"author":1,"featured_media":0,"parent":0,"menu_order":0,"comment_status":"closed","ping_status":"closed","template":"","meta":{"footnotes":""},"class_list":["post-48944","page","type-page","status-publish","hentry"],"yoast_head":"<!-- This site is optimized with the Yoast SEO Premium plugin v27.2 (Yoast SEO v27.2) - https:\/\/yoast.com\/product\/yoast-seo-premium-wordpress\/ -->\n<title>Menaxhim Biznesi 2019\u20112022 | Fakulteti i Biznesit UHZ<\/title>\n<meta name=\"description\" content=\"Programi Menaxhim Biznesi (BSc) 2019\u20112022 n\u00eb Fakultetin e Biznesit, Universiteti Haxhi Zeka \u2014 kurrikula, struktura e moduleve, specializimet dhe k\u00ebrkesat p\u00ebr diplomim.\" \/>\n<meta name=\"robots\" content=\"index, follow, max-snippet:-1, max-image-preview:large, max-video-preview:-1\" \/>\n<link rel=\"canonical\" href=\"https:\/\/unhz.eu\/fakulteti-i-biznesit\/bs\/menaxhim-biznesi-2019-2022\/\" \/>\n<meta property=\"og:locale\" content=\"bs_BA\" \/>\n<meta property=\"og:type\" content=\"article\" \/>\n<meta property=\"og:title\" content=\"Menaxhim Biznesi \u2013 2019 \u2013 2022\" \/>\n<meta property=\"og:description\" content=\"Programi Menaxhim Biznesi (BSc) 2019\u20112022 n\u00eb Fakultetin e Biznesit, Universiteti Haxhi Zeka \u2014 kurrikula, struktura e moduleve, specializimet dhe k\u00ebrkesat p\u00ebr diplomim.\" \/>\n<meta property=\"og:url\" content=\"https:\/\/unhz.eu\/fakulteti-i-biznesit\/bs\/menaxhim-biznesi-2019-2022\/\" \/>\n<meta property=\"og:site_name\" content=\"Fakulteti i Biznesit\" \/>\n<meta property=\"article:modified_time\" content=\"2026-01-27T13:13:49+00:00\" \/>\n<meta name=\"twitter:card\" content=\"summary_large_image\" \/>\n<meta name=\"twitter:label1\" content=\"Est. reading time\" \/>\n\t<meta name=\"twitter:data1\" content=\"4 minute\" \/>\n<script type=\"application\/ld+json\" class=\"yoast-schema-graph\">{\"@context\":\"https:\/\/schema.org\",\"@graph\":[{\"@type\":\"WebPage\",\"@id\":\"https:\/\/unhz.eu\/fakulteti-i-biznesit\/menaxhim-biznesi-2019-2022\/\",\"url\":\"https:\/\/unhz.eu\/fakulteti-i-biznesit\/menaxhim-biznesi-2019-2022\/\",\"name\":\"Menaxhim Biznesi 2019\u20112022 | Fakulteti i Biznesit UHZ\",\"isPartOf\":{\"@id\":\"https:\/\/unhz.eu\/fakulteti-i-biznesit\/#website\"},\"datePublished\":\"2025-01-22T12:20:14+00:00\",\"dateModified\":\"2026-01-27T13:13:49+00:00\",\"description\":\"Programi Menaxhim Biznesi (BSc) 2019\u20112022 n\u00eb Fakultetin e Biznesit, Universiteti Haxhi Zeka \u2014 kurrikula, struktura e moduleve, specializimet dhe k\u00ebrkesat p\u00ebr diplomim.\",\"breadcrumb\":{\"@id\":\"https:\/\/unhz.eu\/fakulteti-i-biznesit\/menaxhim-biznesi-2019-2022\/#breadcrumb\"},\"inLanguage\":\"bs-BA\",\"potentialAction\":[{\"@type\":\"ReadAction\",\"target\":[\"https:\/\/unhz.eu\/fakulteti-i-biznesit\/menaxhim-biznesi-2019-2022\/\"]}]},{\"@type\":\"BreadcrumbList\",\"@id\":\"https:\/\/unhz.eu\/fakulteti-i-biznesit\/menaxhim-biznesi-2019-2022\/#breadcrumb\",\"itemListElement\":[{\"@type\":\"ListItem\",\"position\":1,\"name\":\"Home\",\"item\":\"https:\/\/unhz.eu\/fakulteti-i-biznesit\/\"},{\"@type\":\"ListItem\",\"position\":2,\"name\":\"Menaxhim Biznesi \u2013 2019 \u2013 2022\"}]},{\"@type\":\"WebSite\",\"@id\":\"https:\/\/unhz.eu\/fakulteti-i-biznesit\/#website\",\"url\":\"https:\/\/unhz.eu\/fakulteti-i-biznesit\/\",\"name\":\"Fakulteti i Biznesit\",\"description\":\"I dedikuar p\u00ebr cil\u00ebsi standarde dhe suksese\",\"publisher\":{\"@id\":\"https:\/\/unhz.eu\/fakulteti-i-biznesit\/#organization\"},\"potentialAction\":[{\"@type\":\"SearchAction\",\"target\":{\"@type\":\"EntryPoint\",\"urlTemplate\":\"https:\/\/unhz.eu\/fakulteti-i-biznesit\/?s={search_term_string}\"},\"query-input\":{\"@type\":\"PropertyValueSpecification\",\"valueRequired\":true,\"valueName\":\"search_term_string\"}}],\"inLanguage\":\"bs-BA\"},{\"@type\":\"Organization\",\"@id\":\"https:\/\/unhz.eu\/fakulteti-i-biznesit\/#organization\",\"name\":\"Fakulteti i Biznesit\",\"url\":\"https:\/\/unhz.eu\/fakulteti-i-biznesit\/\",\"logo\":{\"@type\":\"ImageObject\",\"inLanguage\":\"bs-BA\",\"@id\":\"https:\/\/unhz.eu\/fakulteti-i-biznesit\/#\/schema\/logo\/image\/\",\"url\":\"https:\/\/unhz.eu\/fakulteti-i-biznesit\/wp-content\/uploads\/sites\/2\/2024\/02\/cropped-logo-1-1-e1713527702695.png\",\"contentUrl\":\"https:\/\/unhz.eu\/fakulteti-i-biznesit\/wp-content\/uploads\/sites\/2\/2024\/02\/cropped-logo-1-1-e1713527702695.png\",\"width\":100,\"height\":100,\"caption\":\"Fakulteti i Biznesit\"},\"image\":{\"@id\":\"https:\/\/unhz.eu\/fakulteti-i-biznesit\/#\/schema\/logo\/image\/\"}}]}<\/script>\n<!-- \/ Yoast SEO Premium plugin. -->","yoast_head_json":{"title":"Menaxhim Biznesi 2019\u20112022 | Fakulteti i Biznesit UHZ","description":"Programi Menaxhim Biznesi (BSc) 2019\u20112022 n\u00eb Fakultetin e Biznesit, Universiteti Haxhi Zeka \u2014 kurrikula, struktura e moduleve, specializimet dhe k\u00ebrkesat p\u00ebr diplomim.","robots":{"index":"index","follow":"follow","max-snippet":"max-snippet:-1","max-image-preview":"max-image-preview:large","max-video-preview":"max-video-preview:-1"},"canonical":"https:\/\/unhz.eu\/fakulteti-i-biznesit\/bs\/menaxhim-biznesi-2019-2022\/","og_locale":"bs_BA","og_type":"article","og_title":"Menaxhim Biznesi \u2013 2019 \u2013 2022","og_description":"Programi Menaxhim Biznesi (BSc) 2019\u20112022 n\u00eb Fakultetin e Biznesit, Universiteti Haxhi Zeka \u2014 kurrikula, struktura e moduleve, specializimet dhe k\u00ebrkesat p\u00ebr diplomim.","og_url":"https:\/\/unhz.eu\/fakulteti-i-biznesit\/bs\/menaxhim-biznesi-2019-2022\/","og_site_name":"Fakulteti i Biznesit","article_modified_time":"2026-01-27T13:13:49+00:00","twitter_card":"summary_large_image","twitter_misc":{"Est. reading time":"4 minute"},"schema":{"@context":"https:\/\/schema.org","@graph":[{"@type":"WebPage","@id":"https:\/\/unhz.eu\/fakulteti-i-biznesit\/menaxhim-biznesi-2019-2022\/","url":"https:\/\/unhz.eu\/fakulteti-i-biznesit\/menaxhim-biznesi-2019-2022\/","name":"Menaxhim Biznesi 2019\u20112022 | Fakulteti i Biznesit UHZ","isPartOf":{"@id":"https:\/\/unhz.eu\/fakulteti-i-biznesit\/#website"},"datePublished":"2025-01-22T12:20:14+00:00","dateModified":"2026-01-27T13:13:49+00:00","description":"Programi Menaxhim Biznesi (BSc) 2019\u20112022 n\u00eb Fakultetin e Biznesit, Universiteti Haxhi Zeka \u2014 kurrikula, struktura e moduleve, specializimet dhe k\u00ebrkesat p\u00ebr diplomim.","breadcrumb":{"@id":"https:\/\/unhz.eu\/fakulteti-i-biznesit\/menaxhim-biznesi-2019-2022\/#breadcrumb"},"inLanguage":"bs-BA","potentialAction":[{"@type":"ReadAction","target":["https:\/\/unhz.eu\/fakulteti-i-biznesit\/menaxhim-biznesi-2019-2022\/"]}]},{"@type":"BreadcrumbList","@id":"https:\/\/unhz.eu\/fakulteti-i-biznesit\/menaxhim-biznesi-2019-2022\/#breadcrumb","itemListElement":[{"@type":"ListItem","position":1,"name":"Home","item":"https:\/\/unhz.eu\/fakulteti-i-biznesit\/"},{"@type":"ListItem","position":2,"name":"Menaxhim Biznesi \u2013 2019 \u2013 2022"}]},{"@type":"WebSite","@id":"https:\/\/unhz.eu\/fakulteti-i-biznesit\/#website","url":"https:\/\/unhz.eu\/fakulteti-i-biznesit\/","name":"Poslovni fakultet","description":"Posve\u0107eni standardnoj kvaliteti i uspjehu","publisher":{"@id":"https:\/\/unhz.eu\/fakulteti-i-biznesit\/#organization"},"potentialAction":[{"@type":"SearchAction","target":{"@type":"EntryPoint","urlTemplate":"https:\/\/unhz.eu\/fakulteti-i-biznesit\/?s={search_term_string}"},"query-input":{"@type":"PropertyValueSpecification","valueRequired":true,"valueName":"search_term_string"}}],"inLanguage":"bs-BA"},{"@type":"Organization","@id":"https:\/\/unhz.eu\/fakulteti-i-biznesit\/#organization","name":"Poslovni fakultet","url":"https:\/\/unhz.eu\/fakulteti-i-biznesit\/","logo":{"@type":"ImageObject","inLanguage":"bs-BA","@id":"https:\/\/unhz.eu\/fakulteti-i-biznesit\/#\/schema\/logo\/image\/","url":"https:\/\/unhz.eu\/fakulteti-i-biznesit\/wp-content\/uploads\/sites\/2\/2024\/02\/cropped-logo-1-1-e1713527702695.png","contentUrl":"https:\/\/unhz.eu\/fakulteti-i-biznesit\/wp-content\/uploads\/sites\/2\/2024\/02\/cropped-logo-1-1-e1713527702695.png","width":100,"height":100,"caption":"Fakulteti i Biznesit"},"image":{"@id":"https:\/\/unhz.eu\/fakulteti-i-biznesit\/#\/schema\/logo\/image\/"}}]}},"_links":{"self":[{"href":"https:\/\/unhz.eu\/fakulteti-i-biznesit\/bs\/wp-json\/wp\/v2\/pages\/48944","targetHints":{"allow":["GET"]}}],"collection":[{"href":"https:\/\/unhz.eu\/fakulteti-i-biznesit\/bs\/wp-json\/wp\/v2\/pages"}],"about":[{"href":"https:\/\/unhz.eu\/fakulteti-i-biznesit\/bs\/wp-json\/wp\/v2\/types\/page"}],"author":[{"embeddable":true,"href":"https:\/\/unhz.eu\/fakulteti-i-biznesit\/bs\/wp-json\/wp\/v2\/users\/1"}],"replies":[{"embeddable":true,"href":"https:\/\/unhz.eu\/fakulteti-i-biznesit\/bs\/wp-json\/wp\/v2\/comments?post=48944"}],"version-history":[{"count":1,"href":"https:\/\/unhz.eu\/fakulteti-i-biznesit\/bs\/wp-json\/wp\/v2\/pages\/48944\/revisions"}],"predecessor-version":[{"id":57733,"href":"https:\/\/unhz.eu\/fakulteti-i-biznesit\/bs\/wp-json\/wp\/v2\/pages\/48944\/revisions\/57733"}],"wp:attachment":[{"href":"https:\/\/unhz.eu\/fakulteti-i-biznesit\/bs\/wp-json\/wp\/v2\/media?parent=48944"}],"curies":[{"name":"wp","href":"https:\/\/api.w.org\/{rel}","templated":true}]}}