{"id":48942,"date":"2025-01-22T12:16:24","date_gmt":"2025-01-22T12:16:24","guid":{"rendered":"https:\/\/unhz.eu\/fakulteti-i-biznesit\/?page_id=48942"},"modified":"2025-04-23T11:35:35","modified_gmt":"2025-04-23T11:35:35","slug":"programet-mb","status":"publish","type":"page","link":"https:\/\/unhz.eu\/fakulteti-i-biznesit\/bs\/programet-mb\/","title":{"rendered":"Programet Menaxhim Biznesi &#8211; bachelor"},"content":{"rendered":"<p><strong>Programi \u201cMenaxhim Biznesi\u201d n\u00eb<a href=\"https:\/\/unhz.eu\/fakulteti-i-biznesit\/bs\/\"> Universitetin \u201cHaxhi Zeka\u201d (UHZ<\/a>)<\/strong> \u00ebsht\u00eb krijuar p\u00ebr t\u2019iu p\u00ebrgjigjur nevojave t\u00eb tregut t\u00eb pun\u00ebs p\u00ebr profesionist\u00eb t\u00eb kualifikuar dhe kompetent n\u00eb fush\u00ebn e biznesit dhe financave.<\/p>\n\n\n\n<p>\ud83c\udfaf <strong>Q\u00ebllimi i programit<\/strong> \u00ebsht\u00eb t\u00eb p\u00ebrgatis\u00eb student\u00ebt p\u00ebr vet\u00ebpun\u00ebsim dhe p\u00ebr t\u2019u b\u00ebr\u00eb pjes\u00eb e udh\u00ebheqjes s\u00eb bizneseve moderne n\u00eb nj\u00eb ekonomi tregu gjithnj\u00eb n\u00eb zhvillim.<\/p>\n\n\n\n<p>\ud83d\udcda <strong>Objektivat kryesore<\/strong> p\u00ebrfshijn\u00eb:<\/p>\n\n\n\n<ul class=\"wp-block-list\">\n<li>Edukim t\u00eb plot\u00eb profesional n\u00eb fush\u00ebn e menaxhimit t\u00eb biznesit;<\/li>\n\n\n\n<li>Ngritje t\u00eb kapaciteteve p\u00ebr drejtimin dhe organizimin e nd\u00ebrmarrjeve;<\/li>\n\n\n\n<li>Nd\u00ebrlidhje t\u00eb fort\u00eb nd\u00ebrmjet teoris\u00eb dhe praktik\u00ebs p\u00ebrmes moduleve t\u00eb strukturuara;<\/li>\n<\/ul>\n\n\n\n<p>\ud83d\udd0d <strong>Struktura e programit p\u00ebrfshin dy specializime kryesore:<\/strong><\/p>\n\n\n\n<ul class=\"wp-block-list\">\n<li>Administrim Biznesi <em>(n\u00eb gjuh\u00ebn shqipe dhe boshnjake)<\/em><\/li>\n\n\n\n<li>Banka dhe Financa <em>(n\u00eb gjuh\u00ebn shqipe dhe boshnjake)<\/em><\/li>\n<\/ul>\n\n\n\n<p>\ud83c\udf0d Programi \u00ebsht\u00eb i projektuar p\u00ebr t\u00eb mb\u00ebshtetur zhvillimin e bizneseve private n\u00eb rajonin e Pej\u00ebs dhe m\u00eb gjer\u00eb, duke krijuar profesionist\u00eb t\u00eb aft\u00eb q\u00eb t\u00eb jen\u00eb konkurrues n\u00eb tregun e pun\u00ebs n\u00eb <strong>Dukagjin<\/strong> dhe n\u00eb gjith\u00eb Kosov\u00ebn.<\/p>\n\n\n\n<figure class=\"wp-block-embed is-type-video is-provider-youtube wp-block-embed-youtube wp-embed-aspect-16-9 wp-has-aspect-ratio\"><div class=\"wp-block-embed__wrapper\">\n<iframe loading=\"lazy\" title=\"Menaxhim Biznesi n\u00eb Universitetin Haxhi Zeka \u2013 Zgjedhja m\u00eb e mir\u00eb p\u00ebr t\u00eb ardhmen t\u00ebnde!\" width=\"1290\" height=\"726\" src=\"https:\/\/www.youtube.com\/embed\/ejyZwdyq4vw?feature=oembed\" frameborder=\"0\" allow=\"accelerometer; autoplay; clipboard-write; encrypted-media; gyroscope; picture-in-picture; web-share\" referrerpolicy=\"strict-origin-when-cross-origin\" allowfullscreen><\/iframe>\n<\/div><\/figure>\n\n\n\n<figure class=\"wp-block-embed is-type-wp-embed is-provider-fakulteti-i-biznesit wp-block-embed-fakulteti-i-biznesit\"><div class=\"wp-block-embed__wrapper\">\n<blockquote class=\"wp-embedded-content\" data-secret=\"RQ94u0skDh\"><a href=\"https:\/\/unhz.eu\/fakulteti-i-biznesit\/bs\/menaxhim-biznesi-2022-2027\/\">Menaxhim biznesi \u2013 2022-2027<\/a><\/blockquote><iframe loading=\"lazy\" class=\"wp-embedded-content\" sandbox=\"allow-scripts\" security=\"restricted\" style=\"position: absolute; visibility: hidden;\" title=\"&#8220;Menaxhim biznesi \u2013 2022-2027&#8221; &#8212; Fakulteti i Biznesit\" src=\"https:\/\/unhz.eu\/fakulteti-i-biznesit\/menaxhim-biznesi-2022-2027\/embed\/#?secret=ZycUr3ueV7#?secret=RQ94u0skDh\" data-secret=\"RQ94u0skDh\" width=\"600\" height=\"338\" frameborder=\"0\" marginwidth=\"0\" marginheight=\"0\" scrolling=\"no\"><\/iframe>\n<\/div><\/figure>\n\n\n\n<figure class=\"wp-block-embed is-type-wp-embed is-provider-fakulteti-i-biznesit wp-block-embed-fakulteti-i-biznesit\"><div class=\"wp-block-embed__wrapper\">\n<blockquote class=\"wp-embedded-content\" data-secret=\"JZAeSWPftx\"><a href=\"https:\/\/unhz.eu\/fakulteti-i-biznesit\/bs\/menaxhim-biznesi-2019-2022\/\">Menaxhim Biznesi \u2013 2019 \u2013 2022<\/a><\/blockquote><iframe loading=\"lazy\" class=\"wp-embedded-content\" sandbox=\"allow-scripts\" security=\"restricted\" style=\"position: absolute; visibility: hidden;\" title=\"&#8220;Menaxhim Biznesi \u2013 2019 \u2013 2022&#8221; &#8212; Fakulteti i Biznesit\" src=\"https:\/\/unhz.eu\/fakulteti-i-biznesit\/menaxhim-biznesi-2019-2022\/embed\/#?secret=UC6CJ8p7dY#?secret=JZAeSWPftx\" data-secret=\"JZAeSWPftx\" width=\"600\" height=\"338\" frameborder=\"0\" marginwidth=\"0\" marginheight=\"0\" scrolling=\"no\"><\/iframe>\n<\/div><\/figure>","protected":false},"excerpt":{"rendered":"<p>Programi \u201cMenaxhim Biznesi\u201d n\u00eb Universitetin \u201cHaxhi Zeka\u201d (UHZ) \u00ebsht\u00eb krijuar p\u00ebr t\u2019iu p\u00ebrgjigjur nevojave t\u00eb&hellip;<\/p>","protected":false},"author":1,"featured_media":0,"parent":0,"menu_order":0,"comment_status":"closed","ping_status":"closed","template":"","meta":{"footnotes":""},"class_list":["post-48942","page","type-page","status-publish","hentry"],"yoast_head":"<!-- This site is optimized with the Yoast SEO Premium plugin v27.2 (Yoast SEO v27.2) - https:\/\/yoast.com\/product\/yoast-seo-premium-wordpress\/ -->\n<title>Programi Menaxhim Biznesi \u2013 Studime n\u00eb Administrim dhe Financa<\/title>\n<meta name=\"description\" content=\"Zhvillo aft\u00ebsit\u00eb p\u00ebr vet\u00ebpun\u00ebsim dhe menaxhim profesional me programin \u201cMenaxhim Biznesi\u201d n\u00eb UHZ. Ofron specializime n\u00eb Administrim Biznesi dhe Banka &amp; Financa, n\u00eb gjuh\u00ebn shqipe dhe boshnjake.\" \/>\n<meta name=\"robots\" content=\"index, follow, max-snippet:-1, max-image-preview:large, max-video-preview:-1\" \/>\n<link rel=\"canonical\" href=\"https:\/\/unhz.eu\/fakulteti-i-biznesit\/bs\/programet-mb\/\" \/>\n<meta property=\"og:locale\" content=\"bs_BA\" \/>\n<meta property=\"og:type\" content=\"article\" \/>\n<meta property=\"og:title\" content=\"Programet Menaxhim Biznesi - bachelor\" \/>\n<meta property=\"og:description\" content=\"Zhvillo aft\u00ebsit\u00eb p\u00ebr vet\u00ebpun\u00ebsim dhe menaxhim profesional me programin \u201cMenaxhim Biznesi\u201d n\u00eb UHZ. Ofron specializime n\u00eb Administrim Biznesi dhe Banka &amp; Financa, n\u00eb gjuh\u00ebn shqipe dhe boshnjake.\" \/>\n<meta property=\"og:url\" content=\"https:\/\/unhz.eu\/fakulteti-i-biznesit\/bs\/programet-mb\/\" \/>\n<meta property=\"og:site_name\" content=\"Fakulteti i Biznesit\" \/>\n<meta property=\"article:modified_time\" content=\"2025-04-23T11:35:35+00:00\" \/>\n<meta name=\"twitter:card\" content=\"summary_large_image\" \/>\n<meta name=\"twitter:label1\" content=\"Est. reading time\" \/>\n\t<meta name=\"twitter:data1\" content=\"1 minuta\" \/>\n<script type=\"application\/ld+json\" class=\"yoast-schema-graph\">{\"@context\":\"https:\/\/schema.org\",\"@graph\":[{\"@type\":\"WebPage\",\"@id\":\"https:\/\/unhz.eu\/fakulteti-i-biznesit\/programet-mb\/\",\"url\":\"https:\/\/unhz.eu\/fakulteti-i-biznesit\/programet-mb\/\",\"name\":\"Programi Menaxhim Biznesi \u2013 Studime n\u00eb Administrim dhe Financa\",\"isPartOf\":{\"@id\":\"https:\/\/unhz.eu\/fakulteti-i-biznesit\/#website\"},\"datePublished\":\"2025-01-22T12:16:24+00:00\",\"dateModified\":\"2025-04-23T11:35:35+00:00\",\"description\":\"Zhvillo aft\u00ebsit\u00eb p\u00ebr vet\u00ebpun\u00ebsim dhe menaxhim profesional me programin \u201cMenaxhim Biznesi\u201d n\u00eb UHZ. Ofron specializime n\u00eb Administrim Biznesi dhe Banka & Financa, n\u00eb gjuh\u00ebn shqipe dhe boshnjake.\",\"breadcrumb\":{\"@id\":\"https:\/\/unhz.eu\/fakulteti-i-biznesit\/programet-mb\/#breadcrumb\"},\"inLanguage\":\"bs-BA\",\"potentialAction\":[{\"@type\":\"ReadAction\",\"target\":[\"https:\/\/unhz.eu\/fakulteti-i-biznesit\/programet-mb\/\"]}]},{\"@type\":\"BreadcrumbList\",\"@id\":\"https:\/\/unhz.eu\/fakulteti-i-biznesit\/programet-mb\/#breadcrumb\",\"itemListElement\":[{\"@type\":\"ListItem\",\"position\":1,\"name\":\"Home\",\"item\":\"https:\/\/unhz.eu\/fakulteti-i-biznesit\/\"},{\"@type\":\"ListItem\",\"position\":2,\"name\":\"Programet Menaxhim Biznesi &#8211; bachelor\"}]},{\"@type\":\"WebSite\",\"@id\":\"https:\/\/unhz.eu\/fakulteti-i-biznesit\/#website\",\"url\":\"https:\/\/unhz.eu\/fakulteti-i-biznesit\/\",\"name\":\"Fakulteti i Biznesit\",\"description\":\"I dedikuar p\u00ebr cil\u00ebsi standarde dhe suksese\",\"publisher\":{\"@id\":\"https:\/\/unhz.eu\/fakulteti-i-biznesit\/#organization\"},\"potentialAction\":[{\"@type\":\"SearchAction\",\"target\":{\"@type\":\"EntryPoint\",\"urlTemplate\":\"https:\/\/unhz.eu\/fakulteti-i-biznesit\/?s={search_term_string}\"},\"query-input\":{\"@type\":\"PropertyValueSpecification\",\"valueRequired\":true,\"valueName\":\"search_term_string\"}}],\"inLanguage\":\"bs-BA\"},{\"@type\":\"Organization\",\"@id\":\"https:\/\/unhz.eu\/fakulteti-i-biznesit\/#organization\",\"name\":\"Fakulteti i Biznesit\",\"url\":\"https:\/\/unhz.eu\/fakulteti-i-biznesit\/\",\"logo\":{\"@type\":\"ImageObject\",\"inLanguage\":\"bs-BA\",\"@id\":\"https:\/\/unhz.eu\/fakulteti-i-biznesit\/#\/schema\/logo\/image\/\",\"url\":\"https:\/\/unhz.eu\/fakulteti-i-biznesit\/wp-content\/uploads\/sites\/2\/2024\/02\/cropped-logo-1-1-e1713527702695.png\",\"contentUrl\":\"https:\/\/unhz.eu\/fakulteti-i-biznesit\/wp-content\/uploads\/sites\/2\/2024\/02\/cropped-logo-1-1-e1713527702695.png\",\"width\":100,\"height\":100,\"caption\":\"Fakulteti i Biznesit\"},\"image\":{\"@id\":\"https:\/\/unhz.eu\/fakulteti-i-biznesit\/#\/schema\/logo\/image\/\"}}]}<\/script>\n<!-- \/ Yoast SEO Premium plugin. -->","yoast_head_json":{"title":"Programi Menaxhim Biznesi \u2013 Studime n\u00eb Administrim dhe Financa","description":"Zhvillo aft\u00ebsit\u00eb p\u00ebr vet\u00ebpun\u00ebsim dhe menaxhim profesional me programin \u201cMenaxhim Biznesi\u201d n\u00eb UHZ. Ofron specializime n\u00eb Administrim Biznesi dhe Banka & Financa, n\u00eb gjuh\u00ebn shqipe dhe boshnjake.","robots":{"index":"index","follow":"follow","max-snippet":"max-snippet:-1","max-image-preview":"max-image-preview:large","max-video-preview":"max-video-preview:-1"},"canonical":"https:\/\/unhz.eu\/fakulteti-i-biznesit\/bs\/programet-mb\/","og_locale":"bs_BA","og_type":"article","og_title":"Programet Menaxhim Biznesi - bachelor","og_description":"Zhvillo aft\u00ebsit\u00eb p\u00ebr vet\u00ebpun\u00ebsim dhe menaxhim profesional me programin \u201cMenaxhim Biznesi\u201d n\u00eb UHZ. Ofron specializime n\u00eb Administrim Biznesi dhe Banka & Financa, n\u00eb gjuh\u00ebn shqipe dhe boshnjake.","og_url":"https:\/\/unhz.eu\/fakulteti-i-biznesit\/bs\/programet-mb\/","og_site_name":"Fakulteti i Biznesit","article_modified_time":"2025-04-23T11:35:35+00:00","twitter_card":"summary_large_image","twitter_misc":{"Est. reading time":"1 minuta"},"schema":{"@context":"https:\/\/schema.org","@graph":[{"@type":"WebPage","@id":"https:\/\/unhz.eu\/fakulteti-i-biznesit\/programet-mb\/","url":"https:\/\/unhz.eu\/fakulteti-i-biznesit\/programet-mb\/","name":"Programi Menaxhim Biznesi \u2013 Studime n\u00eb Administrim dhe Financa","isPartOf":{"@id":"https:\/\/unhz.eu\/fakulteti-i-biznesit\/#website"},"datePublished":"2025-01-22T12:16:24+00:00","dateModified":"2025-04-23T11:35:35+00:00","description":"Zhvillo aft\u00ebsit\u00eb p\u00ebr vet\u00ebpun\u00ebsim dhe menaxhim profesional me programin \u201cMenaxhim Biznesi\u201d n\u00eb UHZ. Ofron specializime n\u00eb Administrim Biznesi dhe Banka & Financa, n\u00eb gjuh\u00ebn shqipe dhe boshnjake.","breadcrumb":{"@id":"https:\/\/unhz.eu\/fakulteti-i-biznesit\/programet-mb\/#breadcrumb"},"inLanguage":"bs-BA","potentialAction":[{"@type":"ReadAction","target":["https:\/\/unhz.eu\/fakulteti-i-biznesit\/programet-mb\/"]}]},{"@type":"BreadcrumbList","@id":"https:\/\/unhz.eu\/fakulteti-i-biznesit\/programet-mb\/#breadcrumb","itemListElement":[{"@type":"ListItem","position":1,"name":"Home","item":"https:\/\/unhz.eu\/fakulteti-i-biznesit\/"},{"@type":"ListItem","position":2,"name":"Programet Menaxhim Biznesi &#8211; bachelor"}]},{"@type":"WebSite","@id":"https:\/\/unhz.eu\/fakulteti-i-biznesit\/#website","url":"https:\/\/unhz.eu\/fakulteti-i-biznesit\/","name":"Poslovni fakultet","description":"Posve\u0107eni standardnoj kvaliteti i uspjehu","publisher":{"@id":"https:\/\/unhz.eu\/fakulteti-i-biznesit\/#organization"},"potentialAction":[{"@type":"SearchAction","target":{"@type":"EntryPoint","urlTemplate":"https:\/\/unhz.eu\/fakulteti-i-biznesit\/?s={search_term_string}"},"query-input":{"@type":"PropertyValueSpecification","valueRequired":true,"valueName":"search_term_string"}}],"inLanguage":"bs-BA"},{"@type":"Organization","@id":"https:\/\/unhz.eu\/fakulteti-i-biznesit\/#organization","name":"Poslovni fakultet","url":"https:\/\/unhz.eu\/fakulteti-i-biznesit\/","logo":{"@type":"ImageObject","inLanguage":"bs-BA","@id":"https:\/\/unhz.eu\/fakulteti-i-biznesit\/#\/schema\/logo\/image\/","url":"https:\/\/unhz.eu\/fakulteti-i-biznesit\/wp-content\/uploads\/sites\/2\/2024\/02\/cropped-logo-1-1-e1713527702695.png","contentUrl":"https:\/\/unhz.eu\/fakulteti-i-biznesit\/wp-content\/uploads\/sites\/2\/2024\/02\/cropped-logo-1-1-e1713527702695.png","width":100,"height":100,"caption":"Fakulteti i Biznesit"},"image":{"@id":"https:\/\/unhz.eu\/fakulteti-i-biznesit\/#\/schema\/logo\/image\/"}}]}},"_links":{"self":[{"href":"https:\/\/unhz.eu\/fakulteti-i-biznesit\/bs\/wp-json\/wp\/v2\/pages\/48942","targetHints":{"allow":["GET"]}}],"collection":[{"href":"https:\/\/unhz.eu\/fakulteti-i-biznesit\/bs\/wp-json\/wp\/v2\/pages"}],"about":[{"href":"https:\/\/unhz.eu\/fakulteti-i-biznesit\/bs\/wp-json\/wp\/v2\/types\/page"}],"author":[{"embeddable":true,"href":"https:\/\/unhz.eu\/fakulteti-i-biznesit\/bs\/wp-json\/wp\/v2\/users\/1"}],"replies":[{"embeddable":true,"href":"https:\/\/unhz.eu\/fakulteti-i-biznesit\/bs\/wp-json\/wp\/v2\/comments?post=48942"}],"version-history":[{"count":2,"href":"https:\/\/unhz.eu\/fakulteti-i-biznesit\/bs\/wp-json\/wp\/v2\/pages\/48942\/revisions"}],"predecessor-version":[{"id":49311,"href":"https:\/\/unhz.eu\/fakulteti-i-biznesit\/bs\/wp-json\/wp\/v2\/pages\/48942\/revisions\/49311"}],"wp:attachment":[{"href":"https:\/\/unhz.eu\/fakulteti-i-biznesit\/bs\/wp-json\/wp\/v2\/media?parent=48942"}],"curies":[{"name":"wp","href":"https:\/\/api.w.org\/{rel}","templated":true}]}}