{"id":22361,"date":"2024-04-25T09:49:48","date_gmt":"2024-04-25T09:49:48","guid":{"rendered":"https:\/\/unhz.eu\/fakulteti-i-biznesit\/?page_id=22361"},"modified":"2026-01-27T16:05:57","modified_gmt":"2026-01-27T14:05:57","slug":"trupat-keshilldhenese-te-fakultetit-te-biznesit","status":"publish","type":"page","link":"https:\/\/unhz.eu\/fakulteti-i-biznesit\/bs\/trupat-keshilldhenese-te-fakultetit-te-biznesit\/","title":{"rendered":"Trupat k\u00ebshilldh\u00ebn\u00ebse t\u00eb Fakultetit t\u00eb Biznesit"},"content":{"rendered":"<div data-elementor-type=\"wp-page\" data-elementor-id=\"22361\" class=\"elementor elementor-22361\" data-elementor-post-type=\"page\">\n\t\t\t\t\t\t<section class=\"elementor-section elementor-top-section elementor-element elementor-element-6a1dee3 elementor-section-boxed elementor-section-height-default elementor-section-height-default sc_fly_static\" data-id=\"6a1dee3\" data-element_type=\"section\" data-e-type=\"section\">\n\t\t\t\t\t\t<div class=\"elementor-container elementor-column-gap-extended\">\n\t\t\t\t\t<div class=\"elementor-column elementor-col-100 elementor-top-column elementor-element elementor-element-0ffb127 sc_content_align_inherit sc_layouts_column_icons_position_left sc_fly_static\" data-id=\"0ffb127\" data-element_type=\"column\" data-e-type=\"column\">\n\t\t\t<div class=\"elementor-widget-wrap elementor-element-populated\">\n\t\t\t\t\t\t<div class=\"elementor-element elementor-element-c0163b5 sc_fly_static elementor-widget elementor-widget-spacer\" data-id=\"c0163b5\" data-element_type=\"widget\" data-e-type=\"widget\" data-widget_type=\"spacer.default\">\n\t\t\t\t<div class=\"elementor-widget-container\">\n\t\t\t\t\t\t\t<div class=\"elementor-spacer\">\n\t\t\t<div class=\"elementor-spacer-inner\"><\/div>\n\t\t<\/div>\n\t\t\t\t\t\t<\/div>\n\t\t\t\t<\/div>\n\t\t\t\t<div class=\"elementor-element elementor-element-e099247 sc_fly_static elementor-widget elementor-widget-trx_sc_team\" data-id=\"e099247\" data-element_type=\"widget\" data-e-type=\"widget\" data-widget_type=\"trx_sc_team.default\">\n\t\t\t\t<div class=\"elementor-widget-container\">\n\t\t\t\t\t<div \t\tclass=\"sc_team sc_team_default\"><div class=\"sc_team_columns_wrap sc_item_columns sc_item_posts_container trx_addons_columns_wrap columns_padding_bottom\"><div class=\"trx_addons_column-1_3\"><div data-post-id=\"22371\" class=\"sc_team_item sc_item_container post_container no_links post-22371 cpt_team type-cpt_team status-publish has-post-thumbnail hentry cpt_team_group-anetaret-e-tk-se-te-fb\">\n\t<div class=\"post_featured with_thumb hover_link sc_team_item_thumb\"><img fetchpriority=\"high\" decoding=\"async\" width=\"390\" height=\"476\" src=\"https:\/\/unhz.eu\/fakulteti-i-biznesit\/wp-content\/uploads\/sites\/2\/2024\/04\/no-img.png\" class=\"attachment-law-office-thumb-rectangle size-law-office-thumb-rectangle wp-post-image\" alt=\"\" srcset=\"https:\/\/unhz.eu\/fakulteti-i-biznesit\/wp-content\/uploads\/sites\/2\/2024\/04\/no-img.png 390w, https:\/\/unhz.eu\/fakulteti-i-biznesit\/wp-content\/uploads\/sites\/2\/2024\/04\/no-img-246x300.png 246w, https:\/\/unhz.eu\/fakulteti-i-biznesit\/wp-content\/uploads\/sites\/2\/2024\/04\/no-img-370x452.png 370w\" sizes=\"(max-width: 600px) 100vw, 390px\" \/>\t\t\t\t\t\t<div class=\"mask\"><\/div>\n\t\t\t\t\t\t\t\t\t<a href=\"https:\/\/unhz.eu\/fakulteti-i-biznesit\/bs\/team\/bujar-morina\/\"  aria-hidden=\"true\" class=\"link\"><\/a>\n\t\t\t<\/div>\t<div class=\"sc_team_item_info\">\n\t\t<div class=\"sc_team_item_header\">\n\t\t\t<h4 class=\"sc_team_item_title entry-title\"><a href=\"https:\/\/unhz.eu\/fakulteti-i-biznesit\/bs\/team\/bujar-morina\/\">BUJAR MORINA<\/a><\/h4>\n\t\t\t\t\t<\/div>\n\t\t<div class=\"sc_team_item_socials socials_wrap\"><\/div><div class=\"sc_team_item_button\"><a href=\"https:\/\/unhz.eu\/fakulteti-i-biznesit\/bs\/team\/bujar-morina\/\" class=\"sc_button sc_button_simple\">Read more<\/a><\/div><\/div>\n<\/div><\/div><div class=\"trx_addons_column-1_3\"><div data-post-id=\"22373\" class=\"sc_team_item sc_item_container post_container no_links post-22373 cpt_team type-cpt_team status-publish has-post-thumbnail hentry cpt_team_group-anetaret-e-tk-se-te-fb\">\n\t<div class=\"post_featured with_thumb hover_link sc_team_item_thumb\"><img fetchpriority=\"high\" decoding=\"async\" width=\"390\" height=\"476\" src=\"https:\/\/unhz.eu\/fakulteti-i-biznesit\/wp-content\/uploads\/sites\/2\/2024\/04\/no-img.png\" class=\"attachment-law-office-thumb-rectangle size-law-office-thumb-rectangle wp-post-image\" alt=\"\" srcset=\"https:\/\/unhz.eu\/fakulteti-i-biznesit\/wp-content\/uploads\/sites\/2\/2024\/04\/no-img.png 390w, https:\/\/unhz.eu\/fakulteti-i-biznesit\/wp-content\/uploads\/sites\/2\/2024\/04\/no-img-246x300.png 246w, https:\/\/unhz.eu\/fakulteti-i-biznesit\/wp-content\/uploads\/sites\/2\/2024\/04\/no-img-370x452.png 370w\" sizes=\"(max-width: 600px) 100vw, 390px\" \/>\t\t\t\t\t\t<div class=\"mask\"><\/div>\n\t\t\t\t\t\t\t\t\t<a href=\"https:\/\/unhz.eu\/fakulteti-i-biznesit\/bs\/team\/shefqet-dervishaj\/\"  aria-hidden=\"true\" class=\"link\"><\/a>\n\t\t\t<\/div>\t<div class=\"sc_team_item_info\">\n\t\t<div class=\"sc_team_item_header\">\n\t\t\t<h4 class=\"sc_team_item_title entry-title\"><a href=\"https:\/\/unhz.eu\/fakulteti-i-biznesit\/bs\/team\/shefqet-dervishaj\/\">Shefqet Dervishaj<\/a><\/h4>\n\t\t\t\t\t<\/div>\n\t\t<div class=\"sc_team_item_socials socials_wrap\"><\/div><div class=\"sc_team_item_button\"><a href=\"https:\/\/unhz.eu\/fakulteti-i-biznesit\/bs\/team\/shefqet-dervishaj\/\" class=\"sc_button sc_button_simple\">Read more<\/a><\/div><\/div>\n<\/div><\/div><div class=\"trx_addons_column-1_3\"><div data-post-id=\"22375\" class=\"sc_team_item sc_item_container post_container no_links post-22375 cpt_team type-cpt_team status-publish has-post-thumbnail hentry cpt_team_group-anetaret-e-tk-se-te-fb\">\n\t<div class=\"post_featured with_thumb hover_link sc_team_item_thumb\"><img fetchpriority=\"high\" decoding=\"async\" width=\"390\" height=\"476\" src=\"https:\/\/unhz.eu\/fakulteti-i-biznesit\/wp-content\/uploads\/sites\/2\/2024\/04\/no-img.png\" class=\"attachment-law-office-thumb-rectangle size-law-office-thumb-rectangle wp-post-image\" alt=\"\" srcset=\"https:\/\/unhz.eu\/fakulteti-i-biznesit\/wp-content\/uploads\/sites\/2\/2024\/04\/no-img.png 390w, https:\/\/unhz.eu\/fakulteti-i-biznesit\/wp-content\/uploads\/sites\/2\/2024\/04\/no-img-246x300.png 246w, https:\/\/unhz.eu\/fakulteti-i-biznesit\/wp-content\/uploads\/sites\/2\/2024\/04\/no-img-370x452.png 370w\" sizes=\"(max-width: 600px) 100vw, 390px\" \/>\t\t\t\t\t\t<div class=\"mask\"><\/div>\n\t\t\t\t\t\t\t\t\t<a href=\"https:\/\/unhz.eu\/fakulteti-i-biznesit\/bs\/team\/tomorr-avdyli\/\"  aria-hidden=\"true\" class=\"link\"><\/a>\n\t\t\t<\/div>\t<div class=\"sc_team_item_info\">\n\t\t<div class=\"sc_team_item_header\">\n\t\t\t<h4 class=\"sc_team_item_title entry-title\"><a href=\"https:\/\/unhz.eu\/fakulteti-i-biznesit\/bs\/team\/tomorr-avdyli\/\">TOMORR AVDYLI<\/a><\/h4>\n\t\t\t\t\t<\/div>\n\t\t<div class=\"sc_team_item_socials socials_wrap\"><\/div><div class=\"sc_team_item_button\"><a href=\"https:\/\/unhz.eu\/fakulteti-i-biznesit\/bs\/team\/tomorr-avdyli\/\" class=\"sc_button sc_button_simple\">Read more<\/a><\/div><\/div>\n<\/div><\/div><div class=\"trx_addons_column-1_3\"><div data-post-id=\"22377\" class=\"sc_team_item sc_item_container post_container no_links post-22377 cpt_team type-cpt_team status-publish has-post-thumbnail hentry cpt_team_group-anetaret-e-tk-se-te-fb\">\n\t<div class=\"post_featured with_thumb hover_link sc_team_item_thumb\"><img fetchpriority=\"high\" decoding=\"async\" width=\"390\" height=\"476\" src=\"https:\/\/unhz.eu\/fakulteti-i-biznesit\/wp-content\/uploads\/sites\/2\/2024\/04\/no-img.png\" class=\"attachment-law-office-thumb-rectangle size-law-office-thumb-rectangle wp-post-image\" alt=\"\" srcset=\"https:\/\/unhz.eu\/fakulteti-i-biznesit\/wp-content\/uploads\/sites\/2\/2024\/04\/no-img.png 390w, https:\/\/unhz.eu\/fakulteti-i-biznesit\/wp-content\/uploads\/sites\/2\/2024\/04\/no-img-246x300.png 246w, https:\/\/unhz.eu\/fakulteti-i-biznesit\/wp-content\/uploads\/sites\/2\/2024\/04\/no-img-370x452.png 370w\" sizes=\"(max-width: 600px) 100vw, 390px\" \/>\t\t\t\t\t\t<div class=\"mask\"><\/div>\n\t\t\t\t\t\t\t\t\t<a href=\"https:\/\/unhz.eu\/fakulteti-i-biznesit\/bs\/team\/arsim-selmonmusaj\/\"  aria-hidden=\"true\" class=\"link\"><\/a>\n\t\t\t<\/div>\t<div class=\"sc_team_item_info\">\n\t\t<div class=\"sc_team_item_header\">\n\t\t\t<h4 class=\"sc_team_item_title entry-title\"><a href=\"https:\/\/unhz.eu\/fakulteti-i-biznesit\/bs\/team\/arsim-selmonmusaj\/\">Arsim Selmonmusaj<\/a><\/h4>\n\t\t\t\t\t<\/div>\n\t\t<div class=\"sc_team_item_socials socials_wrap\"><\/div><div class=\"sc_team_item_button\"><a href=\"https:\/\/unhz.eu\/fakulteti-i-biznesit\/bs\/team\/arsim-selmonmusaj\/\" class=\"sc_button sc_button_simple\">Read more<\/a><\/div><\/div>\n<\/div><\/div><div class=\"trx_addons_column-1_3\"><div data-post-id=\"22379\" class=\"sc_team_item sc_item_container post_container no_links post-22379 cpt_team type-cpt_team status-publish has-post-thumbnail hentry cpt_team_group-anetaret-e-tk-se-te-fb\">\n\t<div class=\"post_featured with_thumb hover_link sc_team_item_thumb\"><img fetchpriority=\"high\" decoding=\"async\" width=\"390\" height=\"476\" src=\"https:\/\/unhz.eu\/fakulteti-i-biznesit\/wp-content\/uploads\/sites\/2\/2024\/04\/no-img.png\" class=\"attachment-law-office-thumb-rectangle size-law-office-thumb-rectangle wp-post-image\" alt=\"\" srcset=\"https:\/\/unhz.eu\/fakulteti-i-biznesit\/wp-content\/uploads\/sites\/2\/2024\/04\/no-img.png 390w, https:\/\/unhz.eu\/fakulteti-i-biznesit\/wp-content\/uploads\/sites\/2\/2024\/04\/no-img-246x300.png 246w, https:\/\/unhz.eu\/fakulteti-i-biznesit\/wp-content\/uploads\/sites\/2\/2024\/04\/no-img-370x452.png 370w\" sizes=\"(max-width: 600px) 100vw, 390px\" \/>\t\t\t\t\t\t<div class=\"mask\"><\/div>\n\t\t\t\t\t\t\t\t\t<a href=\"https:\/\/unhz.eu\/fakulteti-i-biznesit\/bs\/team\/adrian-bunjaku\/\"  aria-hidden=\"true\" class=\"link\"><\/a>\n\t\t\t<\/div>\t<div class=\"sc_team_item_info\">\n\t\t<div class=\"sc_team_item_header\">\n\t\t\t<h4 class=\"sc_team_item_title entry-title\"><a href=\"https:\/\/unhz.eu\/fakulteti-i-biznesit\/bs\/team\/adrian-bunjaku\/\">ADRIAN BUNJAKU<\/a><\/h4>\n\t\t\t\t\t<\/div>\n\t\t<div class=\"sc_team_item_socials socials_wrap\"><\/div><div class=\"sc_team_item_button\"><a href=\"https:\/\/unhz.eu\/fakulteti-i-biznesit\/bs\/team\/adrian-bunjaku\/\" class=\"sc_button sc_button_simple\">Read more<\/a><\/div><\/div>\n<\/div><\/div><div class=\"trx_addons_column-1_3\"><div data-post-id=\"22381\" class=\"sc_team_item sc_item_container post_container no_links post-22381 cpt_team type-cpt_team status-publish has-post-thumbnail hentry cpt_team_group-anetaret-e-tk-se-te-fb\">\n\t<div class=\"post_featured with_thumb hover_link sc_team_item_thumb\"><img fetchpriority=\"high\" decoding=\"async\" width=\"390\" height=\"476\" src=\"https:\/\/unhz.eu\/fakulteti-i-biznesit\/wp-content\/uploads\/sites\/2\/2024\/04\/no-img.png\" class=\"attachment-law-office-thumb-rectangle size-law-office-thumb-rectangle wp-post-image\" alt=\"\" srcset=\"https:\/\/unhz.eu\/fakulteti-i-biznesit\/wp-content\/uploads\/sites\/2\/2024\/04\/no-img.png 390w, https:\/\/unhz.eu\/fakulteti-i-biznesit\/wp-content\/uploads\/sites\/2\/2024\/04\/no-img-246x300.png 246w, https:\/\/unhz.eu\/fakulteti-i-biznesit\/wp-content\/uploads\/sites\/2\/2024\/04\/no-img-370x452.png 370w\" sizes=\"(max-width: 600px) 100vw, 390px\" \/>\t\t\t\t\t\t<div class=\"mask\"><\/div>\n\t\t\t\t\t\t\t\t\t<a href=\"https:\/\/unhz.eu\/fakulteti-i-biznesit\/bs\/team\/sami-lleshi\/\"  aria-hidden=\"true\" class=\"link\"><\/a>\n\t\t\t<\/div>\t<div class=\"sc_team_item_info\">\n\t\t<div class=\"sc_team_item_header\">\n\t\t\t<h4 class=\"sc_team_item_title entry-title\"><a href=\"https:\/\/unhz.eu\/fakulteti-i-biznesit\/bs\/team\/sami-lleshi\/\">SAMI LLESHI<\/a><\/h4>\n\t\t\t\t\t<\/div>\n\t\t<div class=\"sc_team_item_socials socials_wrap\"><\/div><div class=\"sc_team_item_button\"><a href=\"https:\/\/unhz.eu\/fakulteti-i-biznesit\/bs\/team\/sami-lleshi\/\" class=\"sc_button sc_button_simple\">Read more<\/a><\/div><\/div>\n<\/div><\/div><div class=\"trx_addons_column-1_3\"><div data-post-id=\"22383\" class=\"sc_team_item sc_item_container post_container no_links post-22383 cpt_team type-cpt_team status-publish has-post-thumbnail hentry cpt_team_group-anetaret-e-tk-se-te-fb\">\n\t<div class=\"post_featured with_thumb hover_link sc_team_item_thumb\"><img fetchpriority=\"high\" decoding=\"async\" width=\"390\" height=\"476\" src=\"https:\/\/unhz.eu\/fakulteti-i-biznesit\/wp-content\/uploads\/sites\/2\/2024\/04\/no-img.png\" class=\"attachment-law-office-thumb-rectangle size-law-office-thumb-rectangle wp-post-image\" alt=\"\" srcset=\"https:\/\/unhz.eu\/fakulteti-i-biznesit\/wp-content\/uploads\/sites\/2\/2024\/04\/no-img.png 390w, https:\/\/unhz.eu\/fakulteti-i-biznesit\/wp-content\/uploads\/sites\/2\/2024\/04\/no-img-246x300.png 246w, https:\/\/unhz.eu\/fakulteti-i-biznesit\/wp-content\/uploads\/sites\/2\/2024\/04\/no-img-370x452.png 370w\" sizes=\"(max-width: 600px) 100vw, 390px\" \/>\t\t\t\t\t\t<div class=\"mask\"><\/div>\n\t\t\t\t\t\t\t\t\t<a href=\"https:\/\/unhz.eu\/fakulteti-i-biznesit\/bs\/team\/shefqet-avdiu\/\"  aria-hidden=\"true\" class=\"link\"><\/a>\n\t\t\t<\/div>\t<div class=\"sc_team_item_info\">\n\t\t<div class=\"sc_team_item_header\">\n\t\t\t<h4 class=\"sc_team_item_title entry-title\"><a href=\"https:\/\/unhz.eu\/fakulteti-i-biznesit\/bs\/team\/shefqet-avdiu\/\">SHEFQET AVDIU<\/a><\/h4>\n\t\t\t\t\t<\/div>\n\t\t<div class=\"sc_team_item_socials socials_wrap\"><\/div><div class=\"sc_team_item_button\"><a href=\"https:\/\/unhz.eu\/fakulteti-i-biznesit\/bs\/team\/shefqet-avdiu\/\" class=\"sc_button sc_button_simple\">Read more<\/a><\/div><\/div>\n<\/div><\/div><\/div><\/div>\t\t\t\t<\/div>\n\t\t\t\t<\/div>\n\t\t\t\t\t<\/div>\n\t\t<\/div>\n\t\t\t\t\t<\/div>\n\t\t<\/section>\n\t\t\t\t<\/div>","protected":false},"excerpt":{"rendered":"<p>BUJAR MORINA Read more Shefqet Dervishaj Read more TOMORR AVDYLI Read more Arsim Selmonmusaj Read&hellip;<\/p>","protected":false},"author":1,"featured_media":0,"parent":0,"menu_order":0,"comment_status":"closed","ping_status":"closed","template":"","meta":{"footnotes":""},"class_list":["post-22361","page","type-page","status-publish","hentry"],"yoast_head":"<!-- This site is optimized with the Yoast SEO Premium plugin v27.2 (Yoast SEO v27.2) - https:\/\/yoast.com\/product\/yoast-seo-premium-wordpress\/ -->\n<title>Trupat k\u00ebshilldh\u00ebn\u00ebse \u2013 Fakulteti i Biznesit UHZ<\/title>\n<meta name=\"description\" content=\"Zbuloni rolin e Trupave k\u00ebshilldh\u00ebn\u00ebse t\u00eb Fakultetit t\u00eb Biznesit n\u00eb Universitetin Haxhi Zeka \u2014 bashk\u00ebpunim mes industris\u00eb dhe akademis\u00eb p\u00ebr p\u00ebrmir\u00ebsimin e programeve dhe k\u00ebrkesave t\u00eb tregut t\u00eb pun\u00ebs.\" \/>\n<meta name=\"robots\" content=\"index, follow, max-snippet:-1, max-image-preview:large, max-video-preview:-1\" \/>\n<link rel=\"canonical\" href=\"https:\/\/unhz.eu\/fakulteti-i-biznesit\/bs\/trupat-keshilldhenese-te-fakultetit-te-biznesit\/\" \/>\n<meta property=\"og:locale\" content=\"bs_BA\" \/>\n<meta property=\"og:type\" content=\"article\" \/>\n<meta property=\"og:title\" content=\"Trupat k\u00ebshilldh\u00ebn\u00ebse t\u00eb Fakultetit t\u00eb Biznesit\" \/>\n<meta property=\"og:description\" content=\"Zbuloni rolin e Trupave k\u00ebshilldh\u00ebn\u00ebse t\u00eb Fakultetit t\u00eb Biznesit n\u00eb Universitetin Haxhi Zeka \u2014 bashk\u00ebpunim mes industris\u00eb dhe akademis\u00eb p\u00ebr p\u00ebrmir\u00ebsimin e programeve dhe k\u00ebrkesave t\u00eb tregut t\u00eb pun\u00ebs.\" \/>\n<meta property=\"og:url\" content=\"https:\/\/unhz.eu\/fakulteti-i-biznesit\/bs\/trupat-keshilldhenese-te-fakultetit-te-biznesit\/\" \/>\n<meta property=\"og:site_name\" content=\"Fakulteti i Biznesit\" \/>\n<meta property=\"article:modified_time\" content=\"2026-01-27T14:05:57+00:00\" \/>\n<meta property=\"og:image\" content=\"https:\/\/unhz.eu\/fakulteti-i-biznesit\/wp-content\/uploads\/sites\/2\/2024\/04\/no-img.png\" \/>\n<meta name=\"twitter:card\" content=\"summary_large_image\" \/>\n<meta name=\"twitter:label1\" content=\"Est. reading time\" \/>\n\t<meta name=\"twitter:data1\" content=\"2 minute\" \/>\n<script type=\"application\/ld+json\" class=\"yoast-schema-graph\">{\"@context\":\"https:\/\/schema.org\",\"@graph\":[{\"@type\":\"WebPage\",\"@id\":\"https:\/\/unhz.eu\/fakulteti-i-biznesit\/trupat-keshilldhenese-te-fakultetit-te-biznesit\/\",\"url\":\"https:\/\/unhz.eu\/fakulteti-i-biznesit\/trupat-keshilldhenese-te-fakultetit-te-biznesit\/\",\"name\":\"Trupat k\u00ebshilldh\u00ebn\u00ebse \u2013 Fakulteti i Biznesit UHZ\",\"isPartOf\":{\"@id\":\"https:\/\/unhz.eu\/fakulteti-i-biznesit\/#website\"},\"primaryImageOfPage\":{\"@id\":\"https:\/\/unhz.eu\/fakulteti-i-biznesit\/trupat-keshilldhenese-te-fakultetit-te-biznesit\/#primaryimage\"},\"image\":{\"@id\":\"https:\/\/unhz.eu\/fakulteti-i-biznesit\/trupat-keshilldhenese-te-fakultetit-te-biznesit\/#primaryimage\"},\"thumbnailUrl\":\"https:\/\/unhz.eu\/fakulteti-i-biznesit\/wp-content\/uploads\/sites\/2\/2024\/04\/no-img.png\",\"datePublished\":\"2024-04-25T09:49:48+00:00\",\"dateModified\":\"2026-01-27T14:05:57+00:00\",\"description\":\"Zbuloni rolin e Trupave k\u00ebshilldh\u00ebn\u00ebse t\u00eb Fakultetit t\u00eb Biznesit n\u00eb Universitetin Haxhi Zeka \u2014 bashk\u00ebpunim mes industris\u00eb dhe akademis\u00eb p\u00ebr p\u00ebrmir\u00ebsimin e programeve dhe k\u00ebrkesave t\u00eb tregut t\u00eb pun\u00ebs.\",\"breadcrumb\":{\"@id\":\"https:\/\/unhz.eu\/fakulteti-i-biznesit\/trupat-keshilldhenese-te-fakultetit-te-biznesit\/#breadcrumb\"},\"inLanguage\":\"bs-BA\",\"potentialAction\":[{\"@type\":\"ReadAction\",\"target\":[\"https:\/\/unhz.eu\/fakulteti-i-biznesit\/trupat-keshilldhenese-te-fakultetit-te-biznesit\/\"]}]},{\"@type\":\"ImageObject\",\"inLanguage\":\"bs-BA\",\"@id\":\"https:\/\/unhz.eu\/fakulteti-i-biznesit\/trupat-keshilldhenese-te-fakultetit-te-biznesit\/#primaryimage\",\"url\":\"https:\/\/unhz.eu\/fakulteti-i-biznesit\/wp-content\/uploads\/sites\/2\/2024\/04\/no-img.png\",\"contentUrl\":\"https:\/\/unhz.eu\/fakulteti-i-biznesit\/wp-content\/uploads\/sites\/2\/2024\/04\/no-img.png\"},{\"@type\":\"BreadcrumbList\",\"@id\":\"https:\/\/unhz.eu\/fakulteti-i-biznesit\/trupat-keshilldhenese-te-fakultetit-te-biznesit\/#breadcrumb\",\"itemListElement\":[{\"@type\":\"ListItem\",\"position\":1,\"name\":\"Home\",\"item\":\"https:\/\/unhz.eu\/fakulteti-i-biznesit\/\"},{\"@type\":\"ListItem\",\"position\":2,\"name\":\"Trupat k\u00ebshilldh\u00ebn\u00ebse t\u00eb Fakultetit t\u00eb Biznesit\"}]},{\"@type\":\"WebSite\",\"@id\":\"https:\/\/unhz.eu\/fakulteti-i-biznesit\/#website\",\"url\":\"https:\/\/unhz.eu\/fakulteti-i-biznesit\/\",\"name\":\"Fakulteti i Biznesit\",\"description\":\"I dedikuar p\u00ebr cil\u00ebsi standarde dhe suksese\",\"publisher\":{\"@id\":\"https:\/\/unhz.eu\/fakulteti-i-biznesit\/#organization\"},\"potentialAction\":[{\"@type\":\"SearchAction\",\"target\":{\"@type\":\"EntryPoint\",\"urlTemplate\":\"https:\/\/unhz.eu\/fakulteti-i-biznesit\/?s={search_term_string}\"},\"query-input\":{\"@type\":\"PropertyValueSpecification\",\"valueRequired\":true,\"valueName\":\"search_term_string\"}}],\"inLanguage\":\"bs-BA\"},{\"@type\":\"Organization\",\"@id\":\"https:\/\/unhz.eu\/fakulteti-i-biznesit\/#organization\",\"name\":\"Fakulteti i Biznesit\",\"url\":\"https:\/\/unhz.eu\/fakulteti-i-biznesit\/\",\"logo\":{\"@type\":\"ImageObject\",\"inLanguage\":\"bs-BA\",\"@id\":\"https:\/\/unhz.eu\/fakulteti-i-biznesit\/#\/schema\/logo\/image\/\",\"url\":\"https:\/\/unhz.eu\/fakulteti-i-biznesit\/wp-content\/uploads\/sites\/2\/2024\/02\/cropped-logo-1-1-e1713527702695.png\",\"contentUrl\":\"https:\/\/unhz.eu\/fakulteti-i-biznesit\/wp-content\/uploads\/sites\/2\/2024\/02\/cropped-logo-1-1-e1713527702695.png\",\"width\":100,\"height\":100,\"caption\":\"Fakulteti i Biznesit\"},\"image\":{\"@id\":\"https:\/\/unhz.eu\/fakulteti-i-biznesit\/#\/schema\/logo\/image\/\"}}]}<\/script>\n<!-- \/ Yoast SEO Premium plugin. -->","yoast_head_json":{"title":"Trupat k\u00ebshilldh\u00ebn\u00ebse \u2013 Fakulteti i Biznesit UHZ","description":"Zbuloni rolin e Trupave k\u00ebshilldh\u00ebn\u00ebse t\u00eb Fakultetit t\u00eb Biznesit n\u00eb Universitetin Haxhi Zeka \u2014 bashk\u00ebpunim mes industris\u00eb dhe akademis\u00eb p\u00ebr p\u00ebrmir\u00ebsimin e programeve dhe k\u00ebrkesave t\u00eb tregut t\u00eb pun\u00ebs.","robots":{"index":"index","follow":"follow","max-snippet":"max-snippet:-1","max-image-preview":"max-image-preview:large","max-video-preview":"max-video-preview:-1"},"canonical":"https:\/\/unhz.eu\/fakulteti-i-biznesit\/bs\/trupat-keshilldhenese-te-fakultetit-te-biznesit\/","og_locale":"bs_BA","og_type":"article","og_title":"Trupat k\u00ebshilldh\u00ebn\u00ebse t\u00eb Fakultetit t\u00eb Biznesit","og_description":"Zbuloni rolin e Trupave k\u00ebshilldh\u00ebn\u00ebse t\u00eb Fakultetit t\u00eb Biznesit n\u00eb Universitetin Haxhi Zeka \u2014 bashk\u00ebpunim mes industris\u00eb dhe akademis\u00eb p\u00ebr p\u00ebrmir\u00ebsimin e programeve dhe k\u00ebrkesave t\u00eb tregut t\u00eb pun\u00ebs.","og_url":"https:\/\/unhz.eu\/fakulteti-i-biznesit\/bs\/trupat-keshilldhenese-te-fakultetit-te-biznesit\/","og_site_name":"Fakulteti i Biznesit","article_modified_time":"2026-01-27T14:05:57+00:00","og_image":[{"url":"https:\/\/unhz.eu\/fakulteti-i-biznesit\/wp-content\/uploads\/sites\/2\/2024\/04\/no-img.png","type":"","width":"","height":""}],"twitter_card":"summary_large_image","twitter_misc":{"Est. reading time":"2 minute"},"schema":{"@context":"https:\/\/schema.org","@graph":[{"@type":"WebPage","@id":"https:\/\/unhz.eu\/fakulteti-i-biznesit\/trupat-keshilldhenese-te-fakultetit-te-biznesit\/","url":"https:\/\/unhz.eu\/fakulteti-i-biznesit\/trupat-keshilldhenese-te-fakultetit-te-biznesit\/","name":"Trupat k\u00ebshilldh\u00ebn\u00ebse \u2013 Fakulteti i Biznesit UHZ","isPartOf":{"@id":"https:\/\/unhz.eu\/fakulteti-i-biznesit\/#website"},"primaryImageOfPage":{"@id":"https:\/\/unhz.eu\/fakulteti-i-biznesit\/trupat-keshilldhenese-te-fakultetit-te-biznesit\/#primaryimage"},"image":{"@id":"https:\/\/unhz.eu\/fakulteti-i-biznesit\/trupat-keshilldhenese-te-fakultetit-te-biznesit\/#primaryimage"},"thumbnailUrl":"https:\/\/unhz.eu\/fakulteti-i-biznesit\/wp-content\/uploads\/sites\/2\/2024\/04\/no-img.png","datePublished":"2024-04-25T09:49:48+00:00","dateModified":"2026-01-27T14:05:57+00:00","description":"Zbuloni rolin e Trupave k\u00ebshilldh\u00ebn\u00ebse t\u00eb Fakultetit t\u00eb Biznesit n\u00eb Universitetin Haxhi Zeka \u2014 bashk\u00ebpunim mes industris\u00eb dhe akademis\u00eb p\u00ebr p\u00ebrmir\u00ebsimin e programeve dhe k\u00ebrkesave t\u00eb tregut t\u00eb pun\u00ebs.","breadcrumb":{"@id":"https:\/\/unhz.eu\/fakulteti-i-biznesit\/trupat-keshilldhenese-te-fakultetit-te-biznesit\/#breadcrumb"},"inLanguage":"bs-BA","potentialAction":[{"@type":"ReadAction","target":["https:\/\/unhz.eu\/fakulteti-i-biznesit\/trupat-keshilldhenese-te-fakultetit-te-biznesit\/"]}]},{"@type":"ImageObject","inLanguage":"bs-BA","@id":"https:\/\/unhz.eu\/fakulteti-i-biznesit\/trupat-keshilldhenese-te-fakultetit-te-biznesit\/#primaryimage","url":"https:\/\/unhz.eu\/fakulteti-i-biznesit\/wp-content\/uploads\/sites\/2\/2024\/04\/no-img.png","contentUrl":"https:\/\/unhz.eu\/fakulteti-i-biznesit\/wp-content\/uploads\/sites\/2\/2024\/04\/no-img.png"},{"@type":"BreadcrumbList","@id":"https:\/\/unhz.eu\/fakulteti-i-biznesit\/trupat-keshilldhenese-te-fakultetit-te-biznesit\/#breadcrumb","itemListElement":[{"@type":"ListItem","position":1,"name":"Home","item":"https:\/\/unhz.eu\/fakulteti-i-biznesit\/"},{"@type":"ListItem","position":2,"name":"Trupat k\u00ebshilldh\u00ebn\u00ebse t\u00eb Fakultetit t\u00eb Biznesit"}]},{"@type":"WebSite","@id":"https:\/\/unhz.eu\/fakulteti-i-biznesit\/#website","url":"https:\/\/unhz.eu\/fakulteti-i-biznesit\/","name":"Poslovni fakultet","description":"Posve\u0107eni standardnoj kvaliteti i uspjehu","publisher":{"@id":"https:\/\/unhz.eu\/fakulteti-i-biznesit\/#organization"},"potentialAction":[{"@type":"SearchAction","target":{"@type":"EntryPoint","urlTemplate":"https:\/\/unhz.eu\/fakulteti-i-biznesit\/?s={search_term_string}"},"query-input":{"@type":"PropertyValueSpecification","valueRequired":true,"valueName":"search_term_string"}}],"inLanguage":"bs-BA"},{"@type":"Organization","@id":"https:\/\/unhz.eu\/fakulteti-i-biznesit\/#organization","name":"Poslovni fakultet","url":"https:\/\/unhz.eu\/fakulteti-i-biznesit\/","logo":{"@type":"ImageObject","inLanguage":"bs-BA","@id":"https:\/\/unhz.eu\/fakulteti-i-biznesit\/#\/schema\/logo\/image\/","url":"https:\/\/unhz.eu\/fakulteti-i-biznesit\/wp-content\/uploads\/sites\/2\/2024\/02\/cropped-logo-1-1-e1713527702695.png","contentUrl":"https:\/\/unhz.eu\/fakulteti-i-biznesit\/wp-content\/uploads\/sites\/2\/2024\/02\/cropped-logo-1-1-e1713527702695.png","width":100,"height":100,"caption":"Fakulteti i Biznesit"},"image":{"@id":"https:\/\/unhz.eu\/fakulteti-i-biznesit\/#\/schema\/logo\/image\/"}}]}},"_links":{"self":[{"href":"https:\/\/unhz.eu\/fakulteti-i-biznesit\/bs\/wp-json\/wp\/v2\/pages\/22361","targetHints":{"allow":["GET"]}}],"collection":[{"href":"https:\/\/unhz.eu\/fakulteti-i-biznesit\/bs\/wp-json\/wp\/v2\/pages"}],"about":[{"href":"https:\/\/unhz.eu\/fakulteti-i-biznesit\/bs\/wp-json\/wp\/v2\/types\/page"}],"author":[{"embeddable":true,"href":"https:\/\/unhz.eu\/fakulteti-i-biznesit\/bs\/wp-json\/wp\/v2\/users\/1"}],"replies":[{"embeddable":true,"href":"https:\/\/unhz.eu\/fakulteti-i-biznesit\/bs\/wp-json\/wp\/v2\/comments?post=22361"}],"version-history":[{"count":1,"href":"https:\/\/unhz.eu\/fakulteti-i-biznesit\/bs\/wp-json\/wp\/v2\/pages\/22361\/revisions"}],"predecessor-version":[{"id":57743,"href":"https:\/\/unhz.eu\/fakulteti-i-biznesit\/bs\/wp-json\/wp\/v2\/pages\/22361\/revisions\/57743"}],"wp:attachment":[{"href":"https:\/\/unhz.eu\/fakulteti-i-biznesit\/bs\/wp-json\/wp\/v2\/media?parent=22361"}],"curies":[{"name":"wp","href":"https:\/\/api.w.org\/{rel}","templated":true}]}}