{"id":49111,"date":"2025-11-10T09:11:28","date_gmt":"2025-11-10T09:11:28","guid":{"rendered":"https:\/\/unhz.eu\/fakulteti-i-arteve\/?page_id=49111"},"modified":"2026-01-06T15:29:28","modified_gmt":"2026-01-06T13:29:28","slug":"bashkepunetoret-e-jashtem","status":"publish","type":"page","link":"https:\/\/unhz.eu\/fakulteti-i-arteve\/bashkepunetoret-e-jashtem\/","title":{"rendered":"Bashk\u00ebpun\u00ebtor\u00ebtBe jasht\u00ebm"},"content":{"rendered":"\n<p>Bashk\u00ebpun\u00ebtoret e jasht\u00ebm p\u00ebr vitin akademik 2025\/26<\/p>\n\n\n\n<p>Prof. Asoc. Mr. Dorian \u00c7ene<br>Ma. Sc. Ersan Januzi<br>Prof. Asoc. Dr. Merita Shala<br>Ma. Sc. Zana Abazi Ramadani<br>Prof. Asoc. Mr. Xhevdet Sahatxhija<br>Dr. Sc Lejla Beqiri Vula<br>Ma. Sc. Zllka Shyti<br>Prof. Asoc. Ma. Zana Badivuku Basha<br>Prof. Asoc. Dr. Sokol Sara\u00e7i<br>Ma. Sc. Adinis Gjini<br>Ma. Sc. Endrit Gorqaj<\/p>\n","protected":false},"excerpt":{"rendered":"<p>Bashk\u00ebpun\u00ebtoret e jasht\u00ebm p\u00ebr vitin akademik 2025\/26 Prof. Asoc. Mr. Dorian \u00c7eneMa. Sc. Ersan JanuziProf. Asoc. Dr. Merita ShalaMa. Sc. Zana Abazi RamadaniProf. Asoc. Mr. Xhevdet SahatxhijaDr. Sc Lejla Beqiri&hellip;<\/p>\n","protected":false},"author":1,"featured_media":0,"parent":0,"menu_order":0,"comment_status":"closed","ping_status":"closed","template":"","meta":{"footnotes":""},"class_list":["post-49111","page","type-page","status-publish","hentry"],"yoast_head":"<!-- This site is optimized with the Yoast SEO Premium plugin v27.2 (Yoast SEO v27.2) - https:\/\/yoast.com\/product\/yoast-seo-premium-wordpress\/ -->\n<title>Bashk\u00ebpun\u00ebtor\u00ebt e jasht\u00ebm Fakulteti Arteve Universiteti Haxhi Zeka<\/title>\n<meta name=\"description\" content=\"Informohu p\u00ebr bashk\u00ebpun\u00ebtor\u00ebt e jasht\u00ebm t\u00eb Fakultetit t\u00eb Arteve t\u00eb Universitetit \u201cHaxhi Zeka\u201d (UHZ). M\u00ebso p\u00ebr ekspert\u00ebt, pedagog\u00ebt dhe artist\u00ebt nd\u00ebrkomb\u00ebtar\u00eb q\u00eb kontribuojn\u00eb n\u00eb m\u00ebsimdh\u00ebnie, trajnime dhe projekte artistike.\" \/>\n<meta name=\"robots\" content=\"index, follow, max-snippet:-1, max-image-preview:large, max-video-preview:-1\" \/>\n<link rel=\"canonical\" href=\"https:\/\/unhz.eu\/fakulteti-i-arteve\/bashkepunetoret-e-jashtem\/\" \/>\n<meta property=\"og:locale\" content=\"sq_AL\" \/>\n<meta property=\"og:type\" content=\"article\" \/>\n<meta property=\"og:title\" content=\"Bashk\u00ebpun\u00ebtor\u00ebtBe jasht\u00ebm\" \/>\n<meta property=\"og:description\" content=\"Informohu p\u00ebr bashk\u00ebpun\u00ebtor\u00ebt e jasht\u00ebm t\u00eb Fakultetit t\u00eb Arteve t\u00eb Universitetit \u201cHaxhi Zeka\u201d (UHZ). M\u00ebso p\u00ebr ekspert\u00ebt, pedagog\u00ebt dhe artist\u00ebt nd\u00ebrkomb\u00ebtar\u00eb q\u00eb kontribuojn\u00eb n\u00eb m\u00ebsimdh\u00ebnie, trajnime dhe projekte artistike.\" \/>\n<meta property=\"og:url\" content=\"https:\/\/unhz.eu\/fakulteti-i-arteve\/bashkepunetoret-e-jashtem\/\" \/>\n<meta property=\"og:site_name\" content=\"Fakulteti i Arteve\" \/>\n<meta property=\"article:modified_time\" content=\"2026-01-06T13:29:28+00:00\" \/>\n<meta name=\"twitter:card\" content=\"summary_large_image\" \/>\n<meta name=\"twitter:label1\" content=\"Est. reading time\" \/>\n\t<meta name=\"twitter:data1\" content=\"1 minut\u00eb\" \/>\n<script type=\"application\/ld+json\" class=\"yoast-schema-graph\">{\"@context\":\"https:\/\/schema.org\",\"@graph\":[{\"@type\":\"WebPage\",\"@id\":\"https:\/\/unhz.eu\/fakulteti-i-arteve\/bashkepunetoret-e-jashtem\/\",\"url\":\"https:\/\/unhz.eu\/fakulteti-i-arteve\/bashkepunetoret-e-jashtem\/\",\"name\":\"Bashk\u00ebpun\u00ebtor\u00ebt e jasht\u00ebm Fakulteti Arteve Universiteti Haxhi Zeka\",\"isPartOf\":{\"@id\":\"https:\/\/unhz.eu\/fakulteti-i-arteve\/#website\"},\"datePublished\":\"2025-11-10T09:11:28+00:00\",\"dateModified\":\"2026-01-06T13:29:28+00:00\",\"description\":\"Informohu p\u00ebr bashk\u00ebpun\u00ebtor\u00ebt e jasht\u00ebm t\u00eb Fakultetit t\u00eb Arteve t\u00eb Universitetit \u201cHaxhi Zeka\u201d (UHZ). M\u00ebso p\u00ebr ekspert\u00ebt, pedagog\u00ebt dhe artist\u00ebt nd\u00ebrkomb\u00ebtar\u00eb q\u00eb kontribuojn\u00eb n\u00eb m\u00ebsimdh\u00ebnie, trajnime dhe projekte artistike.\",\"breadcrumb\":{\"@id\":\"https:\/\/unhz.eu\/fakulteti-i-arteve\/bashkepunetoret-e-jashtem\/#breadcrumb\"},\"inLanguage\":\"sq\",\"potentialAction\":[{\"@type\":\"ReadAction\",\"target\":[\"https:\/\/unhz.eu\/fakulteti-i-arteve\/bashkepunetoret-e-jashtem\/\"]}]},{\"@type\":\"BreadcrumbList\",\"@id\":\"https:\/\/unhz.eu\/fakulteti-i-arteve\/bashkepunetoret-e-jashtem\/#breadcrumb\",\"itemListElement\":[{\"@type\":\"ListItem\",\"position\":1,\"name\":\"Home\",\"item\":\"https:\/\/unhz.eu\/fakulteti-i-arteve\/\"},{\"@type\":\"ListItem\",\"position\":2,\"name\":\"Bashk\u00ebpun\u00ebtor\u00ebtBe jasht\u00ebm\"}]},{\"@type\":\"WebSite\",\"@id\":\"https:\/\/unhz.eu\/fakulteti-i-arteve\/#website\",\"url\":\"https:\/\/unhz.eu\/fakulteti-i-arteve\/\",\"name\":\"Fakulteti i Arteve\",\"description\":\"I dedikuar p\u00ebr cil\u00ebsi standarde dhe suksese\",\"publisher\":{\"@id\":\"https:\/\/unhz.eu\/fakulteti-i-arteve\/#organization\"},\"potentialAction\":[{\"@type\":\"SearchAction\",\"target\":{\"@type\":\"EntryPoint\",\"urlTemplate\":\"https:\/\/unhz.eu\/fakulteti-i-arteve\/?s={search_term_string}\"},\"query-input\":{\"@type\":\"PropertyValueSpecification\",\"valueRequired\":true,\"valueName\":\"search_term_string\"}}],\"inLanguage\":\"sq\"},{\"@type\":\"Organization\",\"@id\":\"https:\/\/unhz.eu\/fakulteti-i-arteve\/#organization\",\"name\":\"Fakulteti i Arteve\",\"url\":\"https:\/\/unhz.eu\/fakulteti-i-arteve\/\",\"logo\":{\"@type\":\"ImageObject\",\"inLanguage\":\"sq\",\"@id\":\"https:\/\/unhz.eu\/fakulteti-i-arteve\/#\/schema\/logo\/image\/\",\"url\":\"https:\/\/unhz.eu\/fakulteti-i-arteve\/wp-content\/uploads\/sites\/8\/2024\/02\/cropped-logo-1-1-e1713527702695.png\",\"contentUrl\":\"https:\/\/unhz.eu\/fakulteti-i-arteve\/wp-content\/uploads\/sites\/8\/2024\/02\/cropped-logo-1-1-e1713527702695.png\",\"width\":100,\"height\":100,\"caption\":\"Fakulteti i Arteve\"},\"image\":{\"@id\":\"https:\/\/unhz.eu\/fakulteti-i-arteve\/#\/schema\/logo\/image\/\"}}]}<\/script>\n<!-- \/ Yoast SEO Premium plugin. -->","yoast_head_json":{"title":"Bashk\u00ebpun\u00ebtor\u00ebt e jasht\u00ebm Fakulteti Arteve Universiteti Haxhi Zeka","description":"Informohu p\u00ebr bashk\u00ebpun\u00ebtor\u00ebt e jasht\u00ebm t\u00eb Fakultetit t\u00eb Arteve t\u00eb Universitetit \u201cHaxhi Zeka\u201d (UHZ). M\u00ebso p\u00ebr ekspert\u00ebt, pedagog\u00ebt dhe artist\u00ebt nd\u00ebrkomb\u00ebtar\u00eb q\u00eb kontribuojn\u00eb n\u00eb m\u00ebsimdh\u00ebnie, trajnime dhe projekte artistike.","robots":{"index":"index","follow":"follow","max-snippet":"max-snippet:-1","max-image-preview":"max-image-preview:large","max-video-preview":"max-video-preview:-1"},"canonical":"https:\/\/unhz.eu\/fakulteti-i-arteve\/bashkepunetoret-e-jashtem\/","og_locale":"sq_AL","og_type":"article","og_title":"Bashk\u00ebpun\u00ebtor\u00ebtBe jasht\u00ebm","og_description":"Informohu p\u00ebr bashk\u00ebpun\u00ebtor\u00ebt e jasht\u00ebm t\u00eb Fakultetit t\u00eb Arteve t\u00eb Universitetit \u201cHaxhi Zeka\u201d (UHZ). M\u00ebso p\u00ebr ekspert\u00ebt, pedagog\u00ebt dhe artist\u00ebt nd\u00ebrkomb\u00ebtar\u00eb q\u00eb kontribuojn\u00eb n\u00eb m\u00ebsimdh\u00ebnie, trajnime dhe projekte artistike.","og_url":"https:\/\/unhz.eu\/fakulteti-i-arteve\/bashkepunetoret-e-jashtem\/","og_site_name":"Fakulteti i Arteve","article_modified_time":"2026-01-06T13:29:28+00:00","twitter_card":"summary_large_image","twitter_misc":{"Est. reading time":"1 minut\u00eb"},"schema":{"@context":"https:\/\/schema.org","@graph":[{"@type":"WebPage","@id":"https:\/\/unhz.eu\/fakulteti-i-arteve\/bashkepunetoret-e-jashtem\/","url":"https:\/\/unhz.eu\/fakulteti-i-arteve\/bashkepunetoret-e-jashtem\/","name":"Bashk\u00ebpun\u00ebtor\u00ebt e jasht\u00ebm Fakulteti Arteve Universiteti Haxhi Zeka","isPartOf":{"@id":"https:\/\/unhz.eu\/fakulteti-i-arteve\/#website"},"datePublished":"2025-11-10T09:11:28+00:00","dateModified":"2026-01-06T13:29:28+00:00","description":"Informohu p\u00ebr bashk\u00ebpun\u00ebtor\u00ebt e jasht\u00ebm t\u00eb Fakultetit t\u00eb Arteve t\u00eb Universitetit \u201cHaxhi Zeka\u201d (UHZ). M\u00ebso p\u00ebr ekspert\u00ebt, pedagog\u00ebt dhe artist\u00ebt nd\u00ebrkomb\u00ebtar\u00eb q\u00eb kontribuojn\u00eb n\u00eb m\u00ebsimdh\u00ebnie, trajnime dhe projekte artistike.","breadcrumb":{"@id":"https:\/\/unhz.eu\/fakulteti-i-arteve\/bashkepunetoret-e-jashtem\/#breadcrumb"},"inLanguage":"sq","potentialAction":[{"@type":"ReadAction","target":["https:\/\/unhz.eu\/fakulteti-i-arteve\/bashkepunetoret-e-jashtem\/"]}]},{"@type":"BreadcrumbList","@id":"https:\/\/unhz.eu\/fakulteti-i-arteve\/bashkepunetoret-e-jashtem\/#breadcrumb","itemListElement":[{"@type":"ListItem","position":1,"name":"Home","item":"https:\/\/unhz.eu\/fakulteti-i-arteve\/"},{"@type":"ListItem","position":2,"name":"Bashk\u00ebpun\u00ebtor\u00ebtBe jasht\u00ebm"}]},{"@type":"WebSite","@id":"https:\/\/unhz.eu\/fakulteti-i-arteve\/#website","url":"https:\/\/unhz.eu\/fakulteti-i-arteve\/","name":"Fakulteti i Arteve","description":"I dedikuar p\u00ebr cil\u00ebsi standarde dhe suksese","publisher":{"@id":"https:\/\/unhz.eu\/fakulteti-i-arteve\/#organization"},"potentialAction":[{"@type":"SearchAction","target":{"@type":"EntryPoint","urlTemplate":"https:\/\/unhz.eu\/fakulteti-i-arteve\/?s={search_term_string}"},"query-input":{"@type":"PropertyValueSpecification","valueRequired":true,"valueName":"search_term_string"}}],"inLanguage":"sq"},{"@type":"Organization","@id":"https:\/\/unhz.eu\/fakulteti-i-arteve\/#organization","name":"Fakulteti i Arteve","url":"https:\/\/unhz.eu\/fakulteti-i-arteve\/","logo":{"@type":"ImageObject","inLanguage":"sq","@id":"https:\/\/unhz.eu\/fakulteti-i-arteve\/#\/schema\/logo\/image\/","url":"https:\/\/unhz.eu\/fakulteti-i-arteve\/wp-content\/uploads\/sites\/8\/2024\/02\/cropped-logo-1-1-e1713527702695.png","contentUrl":"https:\/\/unhz.eu\/fakulteti-i-arteve\/wp-content\/uploads\/sites\/8\/2024\/02\/cropped-logo-1-1-e1713527702695.png","width":100,"height":100,"caption":"Fakulteti i Arteve"},"image":{"@id":"https:\/\/unhz.eu\/fakulteti-i-arteve\/#\/schema\/logo\/image\/"}}]}},"_links":{"self":[{"href":"https:\/\/unhz.eu\/fakulteti-i-arteve\/wp-json\/wp\/v2\/pages\/49111","targetHints":{"allow":["GET"]}}],"collection":[{"href":"https:\/\/unhz.eu\/fakulteti-i-arteve\/wp-json\/wp\/v2\/pages"}],"about":[{"href":"https:\/\/unhz.eu\/fakulteti-i-arteve\/wp-json\/wp\/v2\/types\/page"}],"author":[{"embeddable":true,"href":"https:\/\/unhz.eu\/fakulteti-i-arteve\/wp-json\/wp\/v2\/users\/1"}],"replies":[{"embeddable":true,"href":"https:\/\/unhz.eu\/fakulteti-i-arteve\/wp-json\/wp\/v2\/comments?post=49111"}],"version-history":[{"count":2,"href":"https:\/\/unhz.eu\/fakulteti-i-arteve\/wp-json\/wp\/v2\/pages\/49111\/revisions"}],"predecessor-version":[{"id":49113,"href":"https:\/\/unhz.eu\/fakulteti-i-arteve\/wp-json\/wp\/v2\/pages\/49111\/revisions\/49113"}],"wp:attachment":[{"href":"https:\/\/unhz.eu\/fakulteti-i-arteve\/wp-json\/wp\/v2\/media?parent=49111"}],"curies":[{"name":"wp","href":"https:\/\/api.w.org\/{rel}","templated":true}]}}