{"id":48946,"date":"2025-08-26T08:36:56","date_gmt":"2025-08-26T08:36:56","guid":{"rendered":"https:\/\/unhz.eu\/fakulteti-i-arteve\/?page_id=48946"},"modified":"2026-01-06T15:20:40","modified_gmt":"2026-01-06T13:20:40","slug":"mart-performues","status":"publish","type":"page","link":"https:\/\/unhz.eu\/fakulteti-i-arteve\/mart-performues\/","title":{"rendered":"Art Performues Master"},"content":{"rendered":"\n<p><strong>Arte Performuese Ma-2025-2028<\/strong><\/p>\n\n\n\n<figure class=\"wp-block-table\"><table><tbody><tr><td colspan=\"8\"><strong>Viti i par\u00eb \u2013 Semestri i par\u00eb<\/strong><\/td><\/tr><tr><td><strong>Nr.<\/strong><\/td><td colspan=\"4\"><strong>Obl.\/Zgj<\/strong><\/td><td><strong>L\u00ebnda:<\/strong><\/td><td><strong>Or\u00eb<\/strong><\/td><td><strong>ECTS<\/strong><\/td><\/tr><tr><td>1.<\/td><td colspan=\"2\">&nbsp;<\/td><td colspan=\"2\">O<\/td><td>Piano<\/td><td>2+2<\/td><td>8<\/td><\/tr><tr><td>2.<\/td><td colspan=\"2\">&nbsp;<\/td><td colspan=\"2\">O<\/td><td>Klarineta<\/td><td>2+2<\/td><td>8<\/td><\/tr><tr><td>3.<\/td><td colspan=\"2\">&nbsp;<\/td><td colspan=\"2\">O<\/td><td>Saksofon<\/td><td>2+2<\/td><td>8<\/td><\/tr><tr><td>4.<\/td><td colspan=\"2\">&nbsp;<\/td><td colspan=\"2\">O<\/td><td>Flauti<\/td><td>2+2<\/td><td>8<\/td><\/tr><tr><td>5.<\/td><td colspan=\"2\">&nbsp;<\/td><td colspan=\"2\">O<\/td><td>Solokendim<\/td><td>2+2<\/td><td>8<\/td><\/tr><tr><td>6.<\/td><td colspan=\"2\">&nbsp;<\/td><td colspan=\"2\">O<\/td><td>Kitara<\/td><td>2+2<\/td><td>8<\/td><\/tr><tr><td>7.<\/td><td colspan=\"2\">&nbsp;<\/td><td colspan=\"2\">O<\/td><td>Trumpeta<\/td><td>2+2<\/td><td>8<\/td><\/tr><tr><td>8<\/td><td colspan=\"2\">&nbsp;<\/td><td colspan=\"2\">O<\/td><td>Muzik\u00eb Dhome 1<\/td><td>2+2<\/td><td>7<\/td><\/tr><tr><td>9.<\/td><td colspan=\"2\">&nbsp;<\/td><td colspan=\"2\">Z<\/td><td>Korepetim<\/td><td>&nbsp;2+0<\/td><td>5<\/td><\/tr><tr><td>10.<\/td><td colspan=\"2\">&nbsp;<\/td><td colspan=\"2\">Z<\/td><td>Orkestra 1<\/td><td>&nbsp;2+0<\/td><td>5<\/td><\/tr><tr><td>11.<\/td><td colspan=\"2\">&nbsp;<\/td><td colspan=\"2\">Z<\/td><td>Kor 1<\/td><td>2+ 0<\/td><td>5<\/td><\/tr><tr><td>12<\/td><td colspan=\"2\">&nbsp;<\/td><td colspan=\"2\">Z<\/td><td>Jazz Muzika 1<\/td><td>2+0<\/td><td>5<\/td><\/tr><tr><td>13<\/td><td colspan=\"2\">&nbsp;<\/td><td colspan=\"2\">Z<\/td><td>Pedagogji e Instrumentit&nbsp;<\/td><td>2+0<\/td><td>5<\/td><\/tr><tr><td>&nbsp;&nbsp; 14<\/td><td colspan=\"3\">Z<\/td><td colspan=\"2\">Big Band<\/td><td>&nbsp;2+0<\/td><td>5<\/td><\/tr><tr><td>&nbsp;&nbsp; 15<\/td><td colspan=\"3\">Z<\/td><td colspan=\"2\">Ansamb\u00ebl Vokal<\/td><td>2+0<\/td><td>5<\/td><\/tr><tr><td>&nbsp;&nbsp; 16<\/td><td colspan=\"3\">Z<\/td><td colspan=\"2\">Menagjimi i eventeve muzikore 1<\/td><td>2+0<\/td><td>5<\/td><\/tr><tr><td>&nbsp; 17<\/td><td colspan=\"3\">Z<\/td><td colspan=\"2\">Muzika Bot\u00ebrore<\/td><td>2+0<\/td><td>5<\/td><\/tr><tr><td>&nbsp;<\/td><td colspan=\"3\">&nbsp;<\/td><td colspan=\"2\">Totali<\/td><td>10+4<\/td><td>30<\/td><\/tr><tr><td>Sh\u00ebni<\/td><td colspan=\"3\">m: Stude<\/td><td colspan=\"4\">nti sipas p\u00ebrcaktimit zgjedh\u00eb instrumentin,<\/td><\/tr><tr><td>&nbsp;&nbsp;&nbsp;&nbsp;&nbsp;&nbsp;&nbsp;&nbsp;<\/td><td colspan=\"3\">&nbsp;&nbsp;&nbsp;&nbsp;&nbsp;&nbsp; Stud<\/td><td colspan=\"4\">enti zgjedh\u00eb tri nga l\u00ebnd\u00ebt zgjedhore.&nbsp;<\/td><\/tr><tr><td>&nbsp;<\/td><td colspan=\"3\">&nbsp;<\/td><td colspan=\"4\"><strong>Viti i par\u00eb \u2013 Semestri dyt\u00eb:<\/strong><\/td><\/tr><tr><td><strong>Nr.<\/strong><\/td><td colspan=\"3\"><strong>Obl.\/Zgj<\/strong><\/td><td colspan=\"2\"><strong>L\u00ebnda:<\/strong><\/td><td><strong>Or\u00eb<\/strong><\/td><td><strong>ECTS<\/strong><\/td><\/tr><tr><td>1.<\/td><td><strong>.<\/strong><\/td><td colspan=\"2\">O<\/td><td colspan=\"2\">Punim diplome -Piano<\/td><td><strong>L+U<\/strong>&nbsp;<\/td><td>10<\/td><\/tr><tr><td>2.<\/td><td>&nbsp;<\/td><td colspan=\"2\">O<\/td><td colspan=\"2\">Punim diplome Klarineta<\/td><td>2+2<\/td><td>10<\/td><\/tr><tr><td>&nbsp;<\/td><td>&nbsp;<\/td><td colspan=\"2\">O<\/td><td colspan=\"2\">Punim diplome Saksofon<\/td><td>2+2<\/td><td>10<\/td><\/tr><tr><td>4.<\/td><td>&nbsp;<\/td><td colspan=\"2\">O<\/td><td colspan=\"2\">Punim diplome Flauti<\/td><td>2+2<\/td><td>10<\/td><\/tr><tr><td>&nbsp;&nbsp; 5.<\/td><td>&nbsp;<\/td><td colspan=\"2\">O<\/td><td colspan=\"2\">Punim diplome Solokendim<\/td><td>2+2<\/td><td>10<\/td><\/tr><tr><td>&nbsp;&nbsp;&nbsp; 6<\/td><td>&nbsp;<\/td><td colspan=\"2\">O<\/td><td colspan=\"2\">Punim diplome Kitara<\/td><td>2+2<\/td><td>10<\/td><\/tr><tr><td>&nbsp;&nbsp;&nbsp; 7<\/td><td>&nbsp;<\/td><td colspan=\"2\">O<\/td><td colspan=\"2\">Punim diplome Trumpeta<\/td><td>2+2<\/td><td>10<\/td><\/tr><tr><td>&nbsp;&nbsp;&nbsp; 8<\/td><td>&nbsp;<\/td><td colspan=\"2\">O<\/td><td colspan=\"2\">Muzik\u00eb Dhome 2<\/td><td>2+2<\/td><td>5<\/td><\/tr><tr><td>&nbsp;&nbsp;&nbsp; 9<\/td><td>&nbsp;<\/td><td colspan=\"2\">Z<\/td><td colspan=\"2\">Korepetim<\/td><td>2+0<\/td><td>5<\/td><\/tr><tr><td>&nbsp;&nbsp; 10<\/td><td>&nbsp;<\/td><td colspan=\"2\">Z<\/td><td colspan=\"2\">Orkestra 2<\/td><td>2+0<\/td><td>5<\/td><\/tr><tr><td>&nbsp; 11<\/td><td>&nbsp;<\/td><td colspan=\"2\">Z<\/td><td colspan=\"2\">Kor 1<\/td><td>2+ 0<\/td><td>5<\/td><\/tr><tr><td>&nbsp; 12<\/td><td>&nbsp;<\/td><td colspan=\"2\">Z<\/td><td colspan=\"2\">Jazz Muzika 1<\/td><td>2+0<\/td><td>5<\/td><\/tr><tr><td>&nbsp; 13<\/td><td>&nbsp;<\/td><td colspan=\"2\">Z<\/td><td colspan=\"2\">&nbsp;Pedagogji e Instrumentit 2<\/td><td>2+0<\/td><td>5<\/td><\/tr><tr><td>&nbsp;&nbsp; 14<\/td><td>&nbsp;<\/td><td colspan=\"2\">Z<\/td><td colspan=\"2\">Big Band<\/td><td>&nbsp;2+0<\/td><td>5<\/td><\/tr><tr><td>&nbsp;&nbsp; 15<\/td><td>&nbsp;<\/td><td colspan=\"2\">Z<\/td><td colspan=\"2\">Ansamb\u00ebl Vokal<\/td><td>2+0<\/td><td>5<\/td><\/tr><tr><td>&nbsp;&nbsp; 16<\/td><td>&nbsp;<\/td><td colspan=\"2\">Z<\/td><td colspan=\"2\">Menagjimi i eventeve muzikore 1<\/td><td>2+0<\/td><td>5<\/td><\/tr><tr><td>&nbsp;<\/td><td>&nbsp;<\/td><td colspan=\"2\">&nbsp;<\/td><td colspan=\"2\">Totali<\/td><td>8+2<\/td><td>30<\/td><\/tr><tr><td colspan=\"8\">V\u00ebrejtje: Studenti sipas p\u00ebrcaktimit t\u00eb instrumentit zgjedh\u00eb punim diplome,&nbsp; &nbsp;Studenti zgjedh tri&nbsp; nga l\u00ebnd\u00ebt zgjedhore. &nbsp; &nbsp;<\/td><\/tr><\/tbody><\/table><\/figure>\n","protected":false},"excerpt":{"rendered":"<p>Arte Performuese Ma-2025-2028 Viti i par\u00eb \u2013 Semestri i par\u00eb Nr. Obl.\/Zgj L\u00ebnda: Or\u00eb ECTS 1. &nbsp; O Piano 2+2 8 2. &nbsp; O Klarineta 2+2 8 3. &nbsp; O&hellip;<\/p>\n","protected":false},"author":1,"featured_media":0,"parent":0,"menu_order":0,"comment_status":"closed","ping_status":"closed","template":"","meta":{"footnotes":""},"class_list":["post-48946","page","type-page","status-publish","hentry"],"yoast_head":"<!-- This site is optimized with the Yoast SEO Premium plugin v27.2 (Yoast SEO v27.2) - https:\/\/yoast.com\/product\/yoast-seo-premium-wordpress\/ -->\n<title>Mart Performues \u2013 Fakulteti i Arteve | Universiteti \u201cHaxhi Zeka\u201d<\/title>\n<meta name=\"description\" content=\"Lexo njoftimin p\u00ebr Mart Performues n\u00eb Fakultetin e Arteve t\u00eb Universitetit \u201cHaxhi Zeka\u201d (UHZ). M\u00ebso rreth performanc\u00ebs, datave dhe programit artistik, si dhe detaje mbi pjes\u00ebmarr\u00ebsit e k\u00ebtij aktiviteti kulturor.\" \/>\n<meta name=\"robots\" content=\"index, follow, max-snippet:-1, max-image-preview:large, max-video-preview:-1\" \/>\n<link rel=\"canonical\" href=\"https:\/\/unhz.eu\/fakulteti-i-arteve\/mart-performues\/\" \/>\n<meta property=\"og:locale\" content=\"sq_AL\" \/>\n<meta property=\"og:type\" content=\"article\" \/>\n<meta property=\"og:title\" content=\"Art Performues Master\" \/>\n<meta property=\"og:description\" content=\"Lexo njoftimin p\u00ebr Mart Performues n\u00eb Fakultetin e Arteve t\u00eb Universitetit \u201cHaxhi Zeka\u201d (UHZ). M\u00ebso rreth performanc\u00ebs, datave dhe programit artistik, si dhe detaje mbi pjes\u00ebmarr\u00ebsit e k\u00ebtij aktiviteti kulturor.\" \/>\n<meta property=\"og:url\" content=\"https:\/\/unhz.eu\/fakulteti-i-arteve\/mart-performues\/\" \/>\n<meta property=\"og:site_name\" content=\"Fakulteti i Arteve\" \/>\n<meta property=\"article:modified_time\" content=\"2026-01-06T13:20:40+00:00\" \/>\n<meta name=\"twitter:card\" content=\"summary_large_image\" \/>\n<meta name=\"twitter:label1\" content=\"Est. reading time\" \/>\n\t<meta name=\"twitter:data1\" content=\"2 minuta\" \/>\n<script type=\"application\/ld+json\" class=\"yoast-schema-graph\">{\"@context\":\"https:\/\/schema.org\",\"@graph\":[{\"@type\":\"WebPage\",\"@id\":\"https:\/\/unhz.eu\/fakulteti-i-arteve\/mart-performues\/\",\"url\":\"https:\/\/unhz.eu\/fakulteti-i-arteve\/mart-performues\/\",\"name\":\"Mart Performues \u2013 Fakulteti i Arteve | Universiteti \u201cHaxhi Zeka\u201d\",\"isPartOf\":{\"@id\":\"https:\/\/unhz.eu\/fakulteti-i-arteve\/#website\"},\"datePublished\":\"2025-08-26T08:36:56+00:00\",\"dateModified\":\"2026-01-06T13:20:40+00:00\",\"description\":\"Lexo njoftimin p\u00ebr Mart Performues n\u00eb Fakultetin e Arteve t\u00eb Universitetit \u201cHaxhi Zeka\u201d (UHZ). M\u00ebso rreth performanc\u00ebs, datave dhe programit artistik, si dhe detaje mbi pjes\u00ebmarr\u00ebsit e k\u00ebtij aktiviteti kulturor.\",\"breadcrumb\":{\"@id\":\"https:\/\/unhz.eu\/fakulteti-i-arteve\/mart-performues\/#breadcrumb\"},\"inLanguage\":\"sq\",\"potentialAction\":[{\"@type\":\"ReadAction\",\"target\":[\"https:\/\/unhz.eu\/fakulteti-i-arteve\/mart-performues\/\"]}]},{\"@type\":\"BreadcrumbList\",\"@id\":\"https:\/\/unhz.eu\/fakulteti-i-arteve\/mart-performues\/#breadcrumb\",\"itemListElement\":[{\"@type\":\"ListItem\",\"position\":1,\"name\":\"Home\",\"item\":\"https:\/\/unhz.eu\/fakulteti-i-arteve\/\"},{\"@type\":\"ListItem\",\"position\":2,\"name\":\"Art Performues Master\"}]},{\"@type\":\"WebSite\",\"@id\":\"https:\/\/unhz.eu\/fakulteti-i-arteve\/#website\",\"url\":\"https:\/\/unhz.eu\/fakulteti-i-arteve\/\",\"name\":\"Fakulteti i Arteve\",\"description\":\"I dedikuar p\u00ebr cil\u00ebsi standarde dhe suksese\",\"publisher\":{\"@id\":\"https:\/\/unhz.eu\/fakulteti-i-arteve\/#organization\"},\"potentialAction\":[{\"@type\":\"SearchAction\",\"target\":{\"@type\":\"EntryPoint\",\"urlTemplate\":\"https:\/\/unhz.eu\/fakulteti-i-arteve\/?s={search_term_string}\"},\"query-input\":{\"@type\":\"PropertyValueSpecification\",\"valueRequired\":true,\"valueName\":\"search_term_string\"}}],\"inLanguage\":\"sq\"},{\"@type\":\"Organization\",\"@id\":\"https:\/\/unhz.eu\/fakulteti-i-arteve\/#organization\",\"name\":\"Fakulteti i Arteve\",\"url\":\"https:\/\/unhz.eu\/fakulteti-i-arteve\/\",\"logo\":{\"@type\":\"ImageObject\",\"inLanguage\":\"sq\",\"@id\":\"https:\/\/unhz.eu\/fakulteti-i-arteve\/#\/schema\/logo\/image\/\",\"url\":\"https:\/\/unhz.eu\/fakulteti-i-arteve\/wp-content\/uploads\/sites\/8\/2024\/02\/cropped-logo-1-1-e1713527702695.png\",\"contentUrl\":\"https:\/\/unhz.eu\/fakulteti-i-arteve\/wp-content\/uploads\/sites\/8\/2024\/02\/cropped-logo-1-1-e1713527702695.png\",\"width\":100,\"height\":100,\"caption\":\"Fakulteti i Arteve\"},\"image\":{\"@id\":\"https:\/\/unhz.eu\/fakulteti-i-arteve\/#\/schema\/logo\/image\/\"}}]}<\/script>\n<!-- \/ Yoast SEO Premium plugin. -->","yoast_head_json":{"title":"Mart Performues \u2013 Fakulteti i Arteve | Universiteti \u201cHaxhi Zeka\u201d","description":"Lexo njoftimin p\u00ebr Mart Performues n\u00eb Fakultetin e Arteve t\u00eb Universitetit \u201cHaxhi Zeka\u201d (UHZ). M\u00ebso rreth performanc\u00ebs, datave dhe programit artistik, si dhe detaje mbi pjes\u00ebmarr\u00ebsit e k\u00ebtij aktiviteti kulturor.","robots":{"index":"index","follow":"follow","max-snippet":"max-snippet:-1","max-image-preview":"max-image-preview:large","max-video-preview":"max-video-preview:-1"},"canonical":"https:\/\/unhz.eu\/fakulteti-i-arteve\/mart-performues\/","og_locale":"sq_AL","og_type":"article","og_title":"Art Performues Master","og_description":"Lexo njoftimin p\u00ebr Mart Performues n\u00eb Fakultetin e Arteve t\u00eb Universitetit \u201cHaxhi Zeka\u201d (UHZ). M\u00ebso rreth performanc\u00ebs, datave dhe programit artistik, si dhe detaje mbi pjes\u00ebmarr\u00ebsit e k\u00ebtij aktiviteti kulturor.","og_url":"https:\/\/unhz.eu\/fakulteti-i-arteve\/mart-performues\/","og_site_name":"Fakulteti i Arteve","article_modified_time":"2026-01-06T13:20:40+00:00","twitter_card":"summary_large_image","twitter_misc":{"Est. reading time":"2 minuta"},"schema":{"@context":"https:\/\/schema.org","@graph":[{"@type":"WebPage","@id":"https:\/\/unhz.eu\/fakulteti-i-arteve\/mart-performues\/","url":"https:\/\/unhz.eu\/fakulteti-i-arteve\/mart-performues\/","name":"Mart Performues \u2013 Fakulteti i Arteve | Universiteti \u201cHaxhi Zeka\u201d","isPartOf":{"@id":"https:\/\/unhz.eu\/fakulteti-i-arteve\/#website"},"datePublished":"2025-08-26T08:36:56+00:00","dateModified":"2026-01-06T13:20:40+00:00","description":"Lexo njoftimin p\u00ebr Mart Performues n\u00eb Fakultetin e Arteve t\u00eb Universitetit \u201cHaxhi Zeka\u201d (UHZ). M\u00ebso rreth performanc\u00ebs, datave dhe programit artistik, si dhe detaje mbi pjes\u00ebmarr\u00ebsit e k\u00ebtij aktiviteti kulturor.","breadcrumb":{"@id":"https:\/\/unhz.eu\/fakulteti-i-arteve\/mart-performues\/#breadcrumb"},"inLanguage":"sq","potentialAction":[{"@type":"ReadAction","target":["https:\/\/unhz.eu\/fakulteti-i-arteve\/mart-performues\/"]}]},{"@type":"BreadcrumbList","@id":"https:\/\/unhz.eu\/fakulteti-i-arteve\/mart-performues\/#breadcrumb","itemListElement":[{"@type":"ListItem","position":1,"name":"Home","item":"https:\/\/unhz.eu\/fakulteti-i-arteve\/"},{"@type":"ListItem","position":2,"name":"Art Performues Master"}]},{"@type":"WebSite","@id":"https:\/\/unhz.eu\/fakulteti-i-arteve\/#website","url":"https:\/\/unhz.eu\/fakulteti-i-arteve\/","name":"Fakulteti i Arteve","description":"I dedikuar p\u00ebr cil\u00ebsi standarde dhe suksese","publisher":{"@id":"https:\/\/unhz.eu\/fakulteti-i-arteve\/#organization"},"potentialAction":[{"@type":"SearchAction","target":{"@type":"EntryPoint","urlTemplate":"https:\/\/unhz.eu\/fakulteti-i-arteve\/?s={search_term_string}"},"query-input":{"@type":"PropertyValueSpecification","valueRequired":true,"valueName":"search_term_string"}}],"inLanguage":"sq"},{"@type":"Organization","@id":"https:\/\/unhz.eu\/fakulteti-i-arteve\/#organization","name":"Fakulteti i Arteve","url":"https:\/\/unhz.eu\/fakulteti-i-arteve\/","logo":{"@type":"ImageObject","inLanguage":"sq","@id":"https:\/\/unhz.eu\/fakulteti-i-arteve\/#\/schema\/logo\/image\/","url":"https:\/\/unhz.eu\/fakulteti-i-arteve\/wp-content\/uploads\/sites\/8\/2024\/02\/cropped-logo-1-1-e1713527702695.png","contentUrl":"https:\/\/unhz.eu\/fakulteti-i-arteve\/wp-content\/uploads\/sites\/8\/2024\/02\/cropped-logo-1-1-e1713527702695.png","width":100,"height":100,"caption":"Fakulteti i Arteve"},"image":{"@id":"https:\/\/unhz.eu\/fakulteti-i-arteve\/#\/schema\/logo\/image\/"}}]}},"_links":{"self":[{"href":"https:\/\/unhz.eu\/fakulteti-i-arteve\/wp-json\/wp\/v2\/pages\/48946","targetHints":{"allow":["GET"]}}],"collection":[{"href":"https:\/\/unhz.eu\/fakulteti-i-arteve\/wp-json\/wp\/v2\/pages"}],"about":[{"href":"https:\/\/unhz.eu\/fakulteti-i-arteve\/wp-json\/wp\/v2\/types\/page"}],"author":[{"embeddable":true,"href":"https:\/\/unhz.eu\/fakulteti-i-arteve\/wp-json\/wp\/v2\/users\/1"}],"replies":[{"embeddable":true,"href":"https:\/\/unhz.eu\/fakulteti-i-arteve\/wp-json\/wp\/v2\/comments?post=48946"}],"version-history":[{"count":2,"href":"https:\/\/unhz.eu\/fakulteti-i-arteve\/wp-json\/wp\/v2\/pages\/48946\/revisions"}],"predecessor-version":[{"id":49077,"href":"https:\/\/unhz.eu\/fakulteti-i-arteve\/wp-json\/wp\/v2\/pages\/48946\/revisions\/49077"}],"wp:attachment":[{"href":"https:\/\/unhz.eu\/fakulteti-i-arteve\/wp-json\/wp\/v2\/media?parent=48946"}],"curies":[{"name":"wp","href":"https:\/\/api.w.org\/{rel}","templated":true}]}}