{"id":48686,"date":"2025-01-20T13:37:51","date_gmt":"2025-01-20T13:37:51","guid":{"rendered":"https:\/\/unhz.eu\/fakulteti-i-arteve\/?page_id=48686"},"modified":"2026-01-06T16:57:20","modified_gmt":"2026-01-06T14:57:20","slug":"stafi","status":"publish","type":"page","link":"https:\/\/unhz.eu\/fakulteti-i-arteve\/stafi\/","title":{"rendered":"Stafi"},"content":{"rendered":"\n<p>Fakulteti i Arteve n\u00eb Universitetin &#8220;Haxhi Zeka&#8221; p\u00ebrb\u00ebhet nga nj\u00eb staf krijues dhe profesional, i cili punon me p\u00ebrkushtim p\u00ebr t\u00eb nxitur talentin artistik dhe zhvillimin akademik t\u00eb student\u00ebve. Struktura organizative p\u00ebrfshin Dekanatin, personelin akademik dhe stafin administrativ, q\u00eb s\u00eb bashku kontribuojn\u00eb n\u00eb nj\u00eb ambient frym\u00ebzues dhe inovativ.<\/p>\n\n\n\n<p><strong>Dekanati:<\/strong><br>Dekanati \u00ebsht\u00eb organi udh\u00ebheq\u00ebs i Fakultetit t\u00eb Arteve, i p\u00ebrb\u00ebr\u00eb nga Dekani dhe Prodekan\u00ebt, t\u00eb cil\u00ebt menaxhojn\u00eb dhe drejtojn\u00eb me vizion strategjik aktivitetet akademike dhe krijuese t\u00eb fakultetit. Ata kujdesen p\u00ebr zhvillimin e programeve studimore, promovimin e muzik\u00ebs dhe forcimin e bashk\u00ebpunimeve me institucionet kulturore dhe akademike brenda dhe jasht\u00eb vendit.<\/p>\n\n\n\n<p><strong>Personeli Akademik:<\/strong><br>Personeli akademik p\u00ebrb\u00ebhet nga profesor\u00eb dhe artist\u00eb t\u00eb mir\u00ebnjohur, t\u00eb specializuar n\u00eb fusha t\u00eb ndryshme t\u00eb arteve, p\u00ebrfshir\u00eb muzik\u00ebn, artet vizuale, dizajnin dhe teatrin. Ky ekip ofron m\u00ebsimdh\u00ebnie cil\u00ebsore dhe mentorim t\u00eb af\u00ebrt, duke inkurajuar student\u00ebt t\u00eb shprehin krijimtarin\u00eb e tyre dhe t\u00eb zhvillojn\u00eb potencialin artistik. P\u00ebrmes projekteve praktike dhe performancave, personeli akademik i ndihmon student\u00ebt t\u00eb p\u00ebrfitojn\u00eb eksperienca t\u00eb vlefshme profesionale.<\/p>\n\n\n\n<p><strong>Stafi Administrativ:<\/strong><br>Stafi administrativ \u00ebsht\u00eb p\u00ebrgjegj\u00ebs p\u00ebr funksionimin efikas t\u00eb fakultetit dhe p\u00ebr mb\u00ebshtetjen e proceseve organizative. Ky ekip siguron nj\u00eb sh\u00ebrbim t\u00eb shk\u00eblqyer p\u00ebr student\u00ebt dhe personelin akademik, duke leht\u00ebsuar komunikimin dhe koordinimin e aktiviteteve administrative dhe artistike.<\/p>\n\n\n\n<p>Fakulteti i Arteve synon t\u00eb kultivoj\u00eb nj\u00eb gjenerat\u00eb t\u00eb re artist\u00ebsh dhe profesionist\u00ebsh krijues, t\u00eb cil\u00ebt do t\u00eb kontribuojn\u00eb n\u00eb zhvillimin kulturor dhe artistik t\u00eb shoq\u00ebris\u00eb. <\/p>\n","protected":false},"excerpt":{"rendered":"<p>Fakulteti i Arteve n\u00eb Universitetin &#8220;Haxhi Zeka&#8221; p\u00ebrb\u00ebhet nga nj\u00eb staf krijues dhe profesional, i cili punon me p\u00ebrkushtim p\u00ebr t\u00eb nxitur talentin artistik dhe zhvillimin akademik t\u00eb student\u00ebve. Struktura&hellip;<\/p>\n","protected":false},"author":1,"featured_media":0,"parent":0,"menu_order":0,"comment_status":"closed","ping_status":"closed","template":"","meta":{"footnotes":""},"class_list":["post-48686","page","type-page","status-publish","hentry"],"yoast_head":"<!-- This site is optimized with the Yoast SEO Premium plugin v27.2 (Yoast SEO v27.2) - https:\/\/yoast.com\/product\/yoast-seo-premium-wordpress\/ -->\n<title>Stafi \u2013 Fakulteti i Arteve | Universiteti \u201cHaxhi Zeka\u201d (UHZ)<\/title>\n<meta name=\"description\" content=\"Njihuni me stafin e Fakultetit t\u00eb Arteve n\u00eb Universitetin \u201cHaxhi Zeka\u201d (UHZ): pedagog\u00eb, instruktor\u00eb dhe ekspert\u00eb t\u00eb fush\u00ebs s\u00eb artit dhe muzik\u00ebs. Shfletoni biografit\u00eb, titujt akademik\u00eb dhe fushat e specializimit t\u00eb an\u00ebtar\u00ebve t\u00eb stafit.\" \/>\n<meta name=\"robots\" content=\"index, follow, max-snippet:-1, max-image-preview:large, max-video-preview:-1\" \/>\n<link rel=\"canonical\" href=\"https:\/\/unhz.eu\/fakulteti-i-arteve\/stafi\/\" \/>\n<meta property=\"og:locale\" content=\"sq_AL\" \/>\n<meta property=\"og:type\" content=\"article\" \/>\n<meta property=\"og:title\" content=\"Stafi\" \/>\n<meta property=\"og:description\" content=\"Njihuni me stafin e Fakultetit t\u00eb Arteve n\u00eb Universitetin \u201cHaxhi Zeka\u201d (UHZ): pedagog\u00eb, instruktor\u00eb dhe ekspert\u00eb t\u00eb fush\u00ebs s\u00eb artit dhe muzik\u00ebs. Shfletoni biografit\u00eb, titujt akademik\u00eb dhe fushat e specializimit t\u00eb an\u00ebtar\u00ebve t\u00eb stafit.\" \/>\n<meta property=\"og:url\" content=\"https:\/\/unhz.eu\/fakulteti-i-arteve\/stafi\/\" \/>\n<meta property=\"og:site_name\" content=\"Fakulteti i Arteve\" \/>\n<meta property=\"article:modified_time\" content=\"2026-01-06T14:57:20+00:00\" \/>\n<meta name=\"twitter:card\" content=\"summary_large_image\" \/>\n<meta name=\"twitter:label1\" content=\"Est. reading time\" \/>\n\t<meta name=\"twitter:data1\" content=\"2 minuta\" \/>\n<script type=\"application\/ld+json\" class=\"yoast-schema-graph\">{\"@context\":\"https:\/\/schema.org\",\"@graph\":[{\"@type\":\"WebPage\",\"@id\":\"https:\/\/unhz.eu\/fakulteti-i-arteve\/stafi\/\",\"url\":\"https:\/\/unhz.eu\/fakulteti-i-arteve\/stafi\/\",\"name\":\"Stafi \u2013 Fakulteti i Arteve | Universiteti \u201cHaxhi Zeka\u201d (UHZ)\",\"isPartOf\":{\"@id\":\"https:\/\/unhz.eu\/fakulteti-i-arteve\/#website\"},\"datePublished\":\"2025-01-20T13:37:51+00:00\",\"dateModified\":\"2026-01-06T14:57:20+00:00\",\"description\":\"Njihuni me stafin e Fakultetit t\u00eb Arteve n\u00eb Universitetin \u201cHaxhi Zeka\u201d (UHZ): pedagog\u00eb, instruktor\u00eb dhe ekspert\u00eb t\u00eb fush\u00ebs s\u00eb artit dhe muzik\u00ebs. Shfletoni biografit\u00eb, titujt akademik\u00eb dhe fushat e specializimit t\u00eb an\u00ebtar\u00ebve t\u00eb stafit.\",\"breadcrumb\":{\"@id\":\"https:\/\/unhz.eu\/fakulteti-i-arteve\/stafi\/#breadcrumb\"},\"inLanguage\":\"sq\",\"potentialAction\":[{\"@type\":\"ReadAction\",\"target\":[\"https:\/\/unhz.eu\/fakulteti-i-arteve\/stafi\/\"]}]},{\"@type\":\"BreadcrumbList\",\"@id\":\"https:\/\/unhz.eu\/fakulteti-i-arteve\/stafi\/#breadcrumb\",\"itemListElement\":[{\"@type\":\"ListItem\",\"position\":1,\"name\":\"Home\",\"item\":\"https:\/\/unhz.eu\/fakulteti-i-arteve\/\"},{\"@type\":\"ListItem\",\"position\":2,\"name\":\"Stafi\"}]},{\"@type\":\"WebSite\",\"@id\":\"https:\/\/unhz.eu\/fakulteti-i-arteve\/#website\",\"url\":\"https:\/\/unhz.eu\/fakulteti-i-arteve\/\",\"name\":\"Fakulteti i Arteve\",\"description\":\"I dedikuar p\u00ebr cil\u00ebsi standarde dhe suksese\",\"publisher\":{\"@id\":\"https:\/\/unhz.eu\/fakulteti-i-arteve\/#organization\"},\"potentialAction\":[{\"@type\":\"SearchAction\",\"target\":{\"@type\":\"EntryPoint\",\"urlTemplate\":\"https:\/\/unhz.eu\/fakulteti-i-arteve\/?s={search_term_string}\"},\"query-input\":{\"@type\":\"PropertyValueSpecification\",\"valueRequired\":true,\"valueName\":\"search_term_string\"}}],\"inLanguage\":\"sq\"},{\"@type\":\"Organization\",\"@id\":\"https:\/\/unhz.eu\/fakulteti-i-arteve\/#organization\",\"name\":\"Fakulteti i Arteve\",\"url\":\"https:\/\/unhz.eu\/fakulteti-i-arteve\/\",\"logo\":{\"@type\":\"ImageObject\",\"inLanguage\":\"sq\",\"@id\":\"https:\/\/unhz.eu\/fakulteti-i-arteve\/#\/schema\/logo\/image\/\",\"url\":\"https:\/\/unhz.eu\/fakulteti-i-arteve\/wp-content\/uploads\/sites\/8\/2024\/02\/cropped-logo-1-1-e1713527702695.png\",\"contentUrl\":\"https:\/\/unhz.eu\/fakulteti-i-arteve\/wp-content\/uploads\/sites\/8\/2024\/02\/cropped-logo-1-1-e1713527702695.png\",\"width\":100,\"height\":100,\"caption\":\"Fakulteti i Arteve\"},\"image\":{\"@id\":\"https:\/\/unhz.eu\/fakulteti-i-arteve\/#\/schema\/logo\/image\/\"}}]}<\/script>\n<!-- \/ Yoast SEO Premium plugin. -->","yoast_head_json":{"title":"Stafi \u2013 Fakulteti i Arteve | Universiteti \u201cHaxhi Zeka\u201d (UHZ)","description":"Njihuni me stafin e Fakultetit t\u00eb Arteve n\u00eb Universitetin \u201cHaxhi Zeka\u201d (UHZ): pedagog\u00eb, instruktor\u00eb dhe ekspert\u00eb t\u00eb fush\u00ebs s\u00eb artit dhe muzik\u00ebs. Shfletoni biografit\u00eb, titujt akademik\u00eb dhe fushat e specializimit t\u00eb an\u00ebtar\u00ebve t\u00eb stafit.","robots":{"index":"index","follow":"follow","max-snippet":"max-snippet:-1","max-image-preview":"max-image-preview:large","max-video-preview":"max-video-preview:-1"},"canonical":"https:\/\/unhz.eu\/fakulteti-i-arteve\/stafi\/","og_locale":"sq_AL","og_type":"article","og_title":"Stafi","og_description":"Njihuni me stafin e Fakultetit t\u00eb Arteve n\u00eb Universitetin \u201cHaxhi Zeka\u201d (UHZ): pedagog\u00eb, instruktor\u00eb dhe ekspert\u00eb t\u00eb fush\u00ebs s\u00eb artit dhe muzik\u00ebs. Shfletoni biografit\u00eb, titujt akademik\u00eb dhe fushat e specializimit t\u00eb an\u00ebtar\u00ebve t\u00eb stafit.","og_url":"https:\/\/unhz.eu\/fakulteti-i-arteve\/stafi\/","og_site_name":"Fakulteti i Arteve","article_modified_time":"2026-01-06T14:57:20+00:00","twitter_card":"summary_large_image","twitter_misc":{"Est. reading time":"2 minuta"},"schema":{"@context":"https:\/\/schema.org","@graph":[{"@type":"WebPage","@id":"https:\/\/unhz.eu\/fakulteti-i-arteve\/stafi\/","url":"https:\/\/unhz.eu\/fakulteti-i-arteve\/stafi\/","name":"Stafi \u2013 Fakulteti i Arteve | Universiteti \u201cHaxhi Zeka\u201d (UHZ)","isPartOf":{"@id":"https:\/\/unhz.eu\/fakulteti-i-arteve\/#website"},"datePublished":"2025-01-20T13:37:51+00:00","dateModified":"2026-01-06T14:57:20+00:00","description":"Njihuni me stafin e Fakultetit t\u00eb Arteve n\u00eb Universitetin \u201cHaxhi Zeka\u201d (UHZ): pedagog\u00eb, instruktor\u00eb dhe ekspert\u00eb t\u00eb fush\u00ebs s\u00eb artit dhe muzik\u00ebs. Shfletoni biografit\u00eb, titujt akademik\u00eb dhe fushat e specializimit t\u00eb an\u00ebtar\u00ebve t\u00eb stafit.","breadcrumb":{"@id":"https:\/\/unhz.eu\/fakulteti-i-arteve\/stafi\/#breadcrumb"},"inLanguage":"sq","potentialAction":[{"@type":"ReadAction","target":["https:\/\/unhz.eu\/fakulteti-i-arteve\/stafi\/"]}]},{"@type":"BreadcrumbList","@id":"https:\/\/unhz.eu\/fakulteti-i-arteve\/stafi\/#breadcrumb","itemListElement":[{"@type":"ListItem","position":1,"name":"Home","item":"https:\/\/unhz.eu\/fakulteti-i-arteve\/"},{"@type":"ListItem","position":2,"name":"Stafi"}]},{"@type":"WebSite","@id":"https:\/\/unhz.eu\/fakulteti-i-arteve\/#website","url":"https:\/\/unhz.eu\/fakulteti-i-arteve\/","name":"Fakulteti i Arteve","description":"I dedikuar p\u00ebr cil\u00ebsi standarde dhe suksese","publisher":{"@id":"https:\/\/unhz.eu\/fakulteti-i-arteve\/#organization"},"potentialAction":[{"@type":"SearchAction","target":{"@type":"EntryPoint","urlTemplate":"https:\/\/unhz.eu\/fakulteti-i-arteve\/?s={search_term_string}"},"query-input":{"@type":"PropertyValueSpecification","valueRequired":true,"valueName":"search_term_string"}}],"inLanguage":"sq"},{"@type":"Organization","@id":"https:\/\/unhz.eu\/fakulteti-i-arteve\/#organization","name":"Fakulteti i Arteve","url":"https:\/\/unhz.eu\/fakulteti-i-arteve\/","logo":{"@type":"ImageObject","inLanguage":"sq","@id":"https:\/\/unhz.eu\/fakulteti-i-arteve\/#\/schema\/logo\/image\/","url":"https:\/\/unhz.eu\/fakulteti-i-arteve\/wp-content\/uploads\/sites\/8\/2024\/02\/cropped-logo-1-1-e1713527702695.png","contentUrl":"https:\/\/unhz.eu\/fakulteti-i-arteve\/wp-content\/uploads\/sites\/8\/2024\/02\/cropped-logo-1-1-e1713527702695.png","width":100,"height":100,"caption":"Fakulteti i Arteve"},"image":{"@id":"https:\/\/unhz.eu\/fakulteti-i-arteve\/#\/schema\/logo\/image\/"}}]}},"_links":{"self":[{"href":"https:\/\/unhz.eu\/fakulteti-i-arteve\/wp-json\/wp\/v2\/pages\/48686","targetHints":{"allow":["GET"]}}],"collection":[{"href":"https:\/\/unhz.eu\/fakulteti-i-arteve\/wp-json\/wp\/v2\/pages"}],"about":[{"href":"https:\/\/unhz.eu\/fakulteti-i-arteve\/wp-json\/wp\/v2\/types\/page"}],"author":[{"embeddable":true,"href":"https:\/\/unhz.eu\/fakulteti-i-arteve\/wp-json\/wp\/v2\/users\/1"}],"replies":[{"embeddable":true,"href":"https:\/\/unhz.eu\/fakulteti-i-arteve\/wp-json\/wp\/v2\/comments?post=48686"}],"version-history":[{"count":1,"href":"https:\/\/unhz.eu\/fakulteti-i-arteve\/wp-json\/wp\/v2\/pages\/48686\/revisions"}],"predecessor-version":[{"id":49457,"href":"https:\/\/unhz.eu\/fakulteti-i-arteve\/wp-json\/wp\/v2\/pages\/48686\/revisions\/49457"}],"wp:attachment":[{"href":"https:\/\/unhz.eu\/fakulteti-i-arteve\/wp-json\/wp\/v2\/media?parent=48686"}],"curies":[{"name":"wp","href":"https:\/\/api.w.org\/{rel}","templated":true}]}}