{"id":48642,"date":"2025-01-20T10:15:46","date_gmt":"2025-01-20T10:15:46","guid":{"rendered":"https:\/\/unhz.eu\/fakulteti-i-arteve\/?page_id=48642"},"modified":"2026-01-06T15:43:25","modified_gmt":"2026-01-06T13:43:25","slug":"edukim-muzikor-master-2022-2027","status":"publish","type":"page","link":"https:\/\/unhz.eu\/fakulteti-i-arteve\/edukim-muzikor-master-2022-2027\/","title":{"rendered":"EDUKIM MUZIKOR\/MASTER 2022\/2027"},"content":{"rendered":"\n<p>PROGRAMI:&nbsp; EDUKIM MUZIKOR\/MASTER 2022\/2027<\/p>\n\n\n\n<p><a href=\"https:\/\/drive.google.com\/file\/d\/1jQN0xZIPo2D7VtqMTuu3lCzSnCNqjTnp\/view?usp=sharing\">P\u00ebrmbajtja e shkurt\u00ebr e programit<\/a><\/p>\n\n\n\n<figure class=\"wp-block-table\"><table class=\"has-fixed-layout\"><tbody><tr><td colspan=\"5\"><em>Viti i par\u00eb \u2013 Semestri i par\u00eb<\/em><\/td><\/tr><tr><td><em>Nr.<\/em><\/td><td><em>Obl.\/Zgj.<\/em><\/td><td><em>L\u00ebnda:<\/em><\/td><td>Or\u00eb L+U<\/td><td>ECTS<\/td><\/tr><tr><td><em>1.<\/em><\/td><td><em>O<\/em><\/td><td><em>Pedagogjia Muzikore<\/em><\/td><td>2+2<\/td><td>7<\/td><\/tr><tr><td><em>2.<\/em><\/td><td><em>O<\/em><\/td><td><em>Dirigjim Koral<\/em><\/td><td>2+0<\/td><td>6<\/td><\/tr><tr><td><em>3.<\/em><\/td><td><em>O<\/em><\/td><td><em>Metodik\u00eb e Solfezhit<\/em><\/td><td>2+0<\/td><td>6<\/td><\/tr><tr><td><em>4.<\/em><\/td><td><em>O<\/em><\/td><td><em>Metoda e hulumtimit shkencor<\/em><\/td><td>2+0<\/td><td>6<\/td><\/tr><tr><td><em>5.<\/em><\/td><td><em>Z<\/em><\/td><td><em>Njohja mbi Instrumentariumin e ORF-it<\/em><\/td><td>2+0<\/td><td>5<\/td><\/tr><tr><td><em>6.<\/em><\/td><td><em>Z<\/em><\/td><td><em>Piano<\/em><\/td><td>2+0<\/td><td>5<\/td><\/tr><tr><td>7.<\/td><td><em>Z<\/em><\/td><td><em>Psikologji<\/em><\/td><td>2+0<\/td><td>5<\/td><\/tr><tr><td>8.<\/td><td><em>Z<\/em><\/td><td><em>Hulumtime Etnomuzikologjike<\/em><\/td><td>2+0<\/td><td>5<\/td><\/tr><tr><td><\/td><td><\/td><td><em>Totali<\/em><\/td><td>8+2<\/td><td>30<\/td><\/tr><\/tbody><\/table><\/figure>\n\n\n\n<p>V\u00ebrejtje: Studenti&nbsp; e zgjedh nj\u00eb&nbsp; nga l\u00ebnd\u00ebt zgjedhore<\/p>\n\n\n\n<figure class=\"wp-block-table\"><table class=\"has-fixed-layout\"><tbody><tr><td colspan=\"5\"><em>Viti i par\u00eb \u2013 Semestri i dyt<\/em><em>\u00eb<\/em><\/td><\/tr><tr><td>Nr.<\/td><td>Obl.\/Zgj.<\/td><td>L\u00ebnda:<\/td><td>Or\u00eb L+U<\/td><td>ECTS<\/td><\/tr><tr><td>1.<\/td><td>O<\/td><td>Tema e Diplom\u00ebs<\/td><td>2+0<\/td><td>11<\/td><\/tr><tr><td>2.<\/td><td>O<\/td><td>Harmonia Bashk\u00ebkohore<\/td><td>2+2<\/td><td>7<\/td><\/tr><tr><td>3.<\/td><td>&nbsp;&nbsp;O<\/td><td>Analiz\u00eb e Veprave Muzikore<\/td><td>2+0<\/td><td>7<\/td><\/tr><tr><td>4.<\/td><td>Z<\/td><td>Shkrim Akademik<\/td><td>2+0<\/td><td>5<\/td><\/tr><tr><td>5.<\/td><td>&nbsp;&nbsp;Z<\/td><td>&nbsp;&nbsp;Pedagogji Andragogji<\/td><td>2+0<\/td><td>5<\/td><\/tr><tr><td><\/td><td><\/td><td>Totali<\/td><td>8+2<\/td><td>30<\/td><\/tr><\/tbody><\/table><\/figure>\n\n\n\n<p>V\u00ebrejtje: Studenti e zgjedh nj\u00eb&nbsp; nga l\u00ebnd\u00ebt zgjedhore<\/p>\n","protected":false},"excerpt":{"rendered":"<p>PROGRAMI:&nbsp; EDUKIM MUZIKOR\/MASTER 2022\/2027 P\u00ebrmbajtja e shkurt\u00ebr e programit Viti i par\u00eb \u2013 Semestri i par\u00eb Nr. Obl.\/Zgj. L\u00ebnda: Or\u00eb L+U ECTS 1. O Pedagogjia Muzikore 2+2 7 2. O&hellip;<\/p>\n","protected":false},"author":1,"featured_media":0,"parent":0,"menu_order":0,"comment_status":"closed","ping_status":"closed","template":"","meta":{"footnotes":""},"class_list":["post-48642","page","type-page","status-publish","hentry"],"yoast_head":"<!-- This site is optimized with the Yoast SEO Premium plugin v27.2 (Yoast SEO v27.2) - https:\/\/yoast.com\/product\/yoast-seo-premium-wordpress\/ -->\n<title>Edukim Muzikor Master 2022-2027 \u2013 Fakulteti i Arteve | UHZ<\/title>\n<meta name=\"description\" content=\"Programi i studimit \u201cEdukim Muzikor\u201d Master 2022-2027 n\u00eb Fakultetin e Arteve t\u00eb Universitetit \u201cHaxhi Zeka\u201d (UHZ). Shiko struktur\u00ebn e kurrikul\u00ebs, l\u00ebnd\u00ebt dhe ECTS p\u00ebr k\u00ebt\u00eb cik\u00ebl t\u00eb avancuar t\u00eb arsimit muzikor dhe pedagogjik.\" \/>\n<meta name=\"robots\" content=\"index, follow, max-snippet:-1, max-image-preview:large, max-video-preview:-1\" \/>\n<link rel=\"canonical\" href=\"https:\/\/unhz.eu\/fakulteti-i-arteve\/edukim-muzikor-master-2022-2027\/\" \/>\n<meta property=\"og:locale\" content=\"sq_AL\" \/>\n<meta property=\"og:type\" content=\"article\" \/>\n<meta property=\"og:title\" content=\"EDUKIM MUZIKOR\/MASTER 2022\/2027\" \/>\n<meta property=\"og:description\" content=\"Programi i studimit \u201cEdukim Muzikor\u201d Master 2022-2027 n\u00eb Fakultetin e Arteve t\u00eb Universitetit \u201cHaxhi Zeka\u201d (UHZ). Shiko struktur\u00ebn e kurrikul\u00ebs, l\u00ebnd\u00ebt dhe ECTS p\u00ebr k\u00ebt\u00eb cik\u00ebl t\u00eb avancuar t\u00eb arsimit muzikor dhe pedagogjik.\" \/>\n<meta property=\"og:url\" content=\"https:\/\/unhz.eu\/fakulteti-i-arteve\/edukim-muzikor-master-2022-2027\/\" \/>\n<meta property=\"og:site_name\" content=\"Fakulteti i Arteve\" \/>\n<meta property=\"article:modified_time\" content=\"2026-01-06T13:43:25+00:00\" \/>\n<meta name=\"twitter:card\" content=\"summary_large_image\" \/>\n<meta name=\"twitter:label1\" content=\"Est. reading time\" \/>\n\t<meta name=\"twitter:data1\" content=\"1 minut\u00eb\" \/>\n<script type=\"application\/ld+json\" class=\"yoast-schema-graph\">{\"@context\":\"https:\/\/schema.org\",\"@graph\":[{\"@type\":\"WebPage\",\"@id\":\"https:\/\/unhz.eu\/fakulteti-i-arteve\/edukim-muzikor-master-2022-2027\/\",\"url\":\"https:\/\/unhz.eu\/fakulteti-i-arteve\/edukim-muzikor-master-2022-2027\/\",\"name\":\"Edukim Muzikor Master 2022-2027 \u2013 Fakulteti i Arteve | UHZ\",\"isPartOf\":{\"@id\":\"https:\/\/unhz.eu\/fakulteti-i-arteve\/#website\"},\"datePublished\":\"2025-01-20T10:15:46+00:00\",\"dateModified\":\"2026-01-06T13:43:25+00:00\",\"description\":\"Programi i studimit \u201cEdukim Muzikor\u201d Master 2022-2027 n\u00eb Fakultetin e Arteve t\u00eb Universitetit \u201cHaxhi Zeka\u201d (UHZ). Shiko struktur\u00ebn e kurrikul\u00ebs, l\u00ebnd\u00ebt dhe ECTS p\u00ebr k\u00ebt\u00eb cik\u00ebl t\u00eb avancuar t\u00eb arsimit muzikor dhe pedagogjik.\",\"breadcrumb\":{\"@id\":\"https:\/\/unhz.eu\/fakulteti-i-arteve\/edukim-muzikor-master-2022-2027\/#breadcrumb\"},\"inLanguage\":\"sq\",\"potentialAction\":[{\"@type\":\"ReadAction\",\"target\":[\"https:\/\/unhz.eu\/fakulteti-i-arteve\/edukim-muzikor-master-2022-2027\/\"]}]},{\"@type\":\"BreadcrumbList\",\"@id\":\"https:\/\/unhz.eu\/fakulteti-i-arteve\/edukim-muzikor-master-2022-2027\/#breadcrumb\",\"itemListElement\":[{\"@type\":\"ListItem\",\"position\":1,\"name\":\"Home\",\"item\":\"https:\/\/unhz.eu\/fakulteti-i-arteve\/\"},{\"@type\":\"ListItem\",\"position\":2,\"name\":\"EDUKIM MUZIKOR\/MASTER 2022\/2027\"}]},{\"@type\":\"WebSite\",\"@id\":\"https:\/\/unhz.eu\/fakulteti-i-arteve\/#website\",\"url\":\"https:\/\/unhz.eu\/fakulteti-i-arteve\/\",\"name\":\"Fakulteti i Arteve\",\"description\":\"I dedikuar p\u00ebr cil\u00ebsi standarde dhe suksese\",\"publisher\":{\"@id\":\"https:\/\/unhz.eu\/fakulteti-i-arteve\/#organization\"},\"potentialAction\":[{\"@type\":\"SearchAction\",\"target\":{\"@type\":\"EntryPoint\",\"urlTemplate\":\"https:\/\/unhz.eu\/fakulteti-i-arteve\/?s={search_term_string}\"},\"query-input\":{\"@type\":\"PropertyValueSpecification\",\"valueRequired\":true,\"valueName\":\"search_term_string\"}}],\"inLanguage\":\"sq\"},{\"@type\":\"Organization\",\"@id\":\"https:\/\/unhz.eu\/fakulteti-i-arteve\/#organization\",\"name\":\"Fakulteti i Arteve\",\"url\":\"https:\/\/unhz.eu\/fakulteti-i-arteve\/\",\"logo\":{\"@type\":\"ImageObject\",\"inLanguage\":\"sq\",\"@id\":\"https:\/\/unhz.eu\/fakulteti-i-arteve\/#\/schema\/logo\/image\/\",\"url\":\"https:\/\/unhz.eu\/fakulteti-i-arteve\/wp-content\/uploads\/sites\/8\/2024\/02\/cropped-logo-1-1-e1713527702695.png\",\"contentUrl\":\"https:\/\/unhz.eu\/fakulteti-i-arteve\/wp-content\/uploads\/sites\/8\/2024\/02\/cropped-logo-1-1-e1713527702695.png\",\"width\":100,\"height\":100,\"caption\":\"Fakulteti i Arteve\"},\"image\":{\"@id\":\"https:\/\/unhz.eu\/fakulteti-i-arteve\/#\/schema\/logo\/image\/\"}}]}<\/script>\n<!-- \/ Yoast SEO Premium plugin. -->","yoast_head_json":{"title":"Edukim Muzikor Master 2022-2027 \u2013 Fakulteti i Arteve | UHZ","description":"Programi i studimit \u201cEdukim Muzikor\u201d Master 2022-2027 n\u00eb Fakultetin e Arteve t\u00eb Universitetit \u201cHaxhi Zeka\u201d (UHZ). Shiko struktur\u00ebn e kurrikul\u00ebs, l\u00ebnd\u00ebt dhe ECTS p\u00ebr k\u00ebt\u00eb cik\u00ebl t\u00eb avancuar t\u00eb arsimit muzikor dhe pedagogjik.","robots":{"index":"index","follow":"follow","max-snippet":"max-snippet:-1","max-image-preview":"max-image-preview:large","max-video-preview":"max-video-preview:-1"},"canonical":"https:\/\/unhz.eu\/fakulteti-i-arteve\/edukim-muzikor-master-2022-2027\/","og_locale":"sq_AL","og_type":"article","og_title":"EDUKIM MUZIKOR\/MASTER 2022\/2027","og_description":"Programi i studimit \u201cEdukim Muzikor\u201d Master 2022-2027 n\u00eb Fakultetin e Arteve t\u00eb Universitetit \u201cHaxhi Zeka\u201d (UHZ). Shiko struktur\u00ebn e kurrikul\u00ebs, l\u00ebnd\u00ebt dhe ECTS p\u00ebr k\u00ebt\u00eb cik\u00ebl t\u00eb avancuar t\u00eb arsimit muzikor dhe pedagogjik.","og_url":"https:\/\/unhz.eu\/fakulteti-i-arteve\/edukim-muzikor-master-2022-2027\/","og_site_name":"Fakulteti i Arteve","article_modified_time":"2026-01-06T13:43:25+00:00","twitter_card":"summary_large_image","twitter_misc":{"Est. reading time":"1 minut\u00eb"},"schema":{"@context":"https:\/\/schema.org","@graph":[{"@type":"WebPage","@id":"https:\/\/unhz.eu\/fakulteti-i-arteve\/edukim-muzikor-master-2022-2027\/","url":"https:\/\/unhz.eu\/fakulteti-i-arteve\/edukim-muzikor-master-2022-2027\/","name":"Edukim Muzikor Master 2022-2027 \u2013 Fakulteti i Arteve | UHZ","isPartOf":{"@id":"https:\/\/unhz.eu\/fakulteti-i-arteve\/#website"},"datePublished":"2025-01-20T10:15:46+00:00","dateModified":"2026-01-06T13:43:25+00:00","description":"Programi i studimit \u201cEdukim Muzikor\u201d Master 2022-2027 n\u00eb Fakultetin e Arteve t\u00eb Universitetit \u201cHaxhi Zeka\u201d (UHZ). Shiko struktur\u00ebn e kurrikul\u00ebs, l\u00ebnd\u00ebt dhe ECTS p\u00ebr k\u00ebt\u00eb cik\u00ebl t\u00eb avancuar t\u00eb arsimit muzikor dhe pedagogjik.","breadcrumb":{"@id":"https:\/\/unhz.eu\/fakulteti-i-arteve\/edukim-muzikor-master-2022-2027\/#breadcrumb"},"inLanguage":"sq","potentialAction":[{"@type":"ReadAction","target":["https:\/\/unhz.eu\/fakulteti-i-arteve\/edukim-muzikor-master-2022-2027\/"]}]},{"@type":"BreadcrumbList","@id":"https:\/\/unhz.eu\/fakulteti-i-arteve\/edukim-muzikor-master-2022-2027\/#breadcrumb","itemListElement":[{"@type":"ListItem","position":1,"name":"Home","item":"https:\/\/unhz.eu\/fakulteti-i-arteve\/"},{"@type":"ListItem","position":2,"name":"EDUKIM MUZIKOR\/MASTER 2022\/2027"}]},{"@type":"WebSite","@id":"https:\/\/unhz.eu\/fakulteti-i-arteve\/#website","url":"https:\/\/unhz.eu\/fakulteti-i-arteve\/","name":"Fakulteti i Arteve","description":"I dedikuar p\u00ebr cil\u00ebsi standarde dhe suksese","publisher":{"@id":"https:\/\/unhz.eu\/fakulteti-i-arteve\/#organization"},"potentialAction":[{"@type":"SearchAction","target":{"@type":"EntryPoint","urlTemplate":"https:\/\/unhz.eu\/fakulteti-i-arteve\/?s={search_term_string}"},"query-input":{"@type":"PropertyValueSpecification","valueRequired":true,"valueName":"search_term_string"}}],"inLanguage":"sq"},{"@type":"Organization","@id":"https:\/\/unhz.eu\/fakulteti-i-arteve\/#organization","name":"Fakulteti i Arteve","url":"https:\/\/unhz.eu\/fakulteti-i-arteve\/","logo":{"@type":"ImageObject","inLanguage":"sq","@id":"https:\/\/unhz.eu\/fakulteti-i-arteve\/#\/schema\/logo\/image\/","url":"https:\/\/unhz.eu\/fakulteti-i-arteve\/wp-content\/uploads\/sites\/8\/2024\/02\/cropped-logo-1-1-e1713527702695.png","contentUrl":"https:\/\/unhz.eu\/fakulteti-i-arteve\/wp-content\/uploads\/sites\/8\/2024\/02\/cropped-logo-1-1-e1713527702695.png","width":100,"height":100,"caption":"Fakulteti i Arteve"},"image":{"@id":"https:\/\/unhz.eu\/fakulteti-i-arteve\/#\/schema\/logo\/image\/"}}]}},"_links":{"self":[{"href":"https:\/\/unhz.eu\/fakulteti-i-arteve\/wp-json\/wp\/v2\/pages\/48642","targetHints":{"allow":["GET"]}}],"collection":[{"href":"https:\/\/unhz.eu\/fakulteti-i-arteve\/wp-json\/wp\/v2\/pages"}],"about":[{"href":"https:\/\/unhz.eu\/fakulteti-i-arteve\/wp-json\/wp\/v2\/types\/page"}],"author":[{"embeddable":true,"href":"https:\/\/unhz.eu\/fakulteti-i-arteve\/wp-json\/wp\/v2\/users\/1"}],"replies":[{"embeddable":true,"href":"https:\/\/unhz.eu\/fakulteti-i-arteve\/wp-json\/wp\/v2\/comments?post=48642"}],"version-history":[{"count":1,"href":"https:\/\/unhz.eu\/fakulteti-i-arteve\/wp-json\/wp\/v2\/pages\/48642\/revisions"}],"predecessor-version":[{"id":49437,"href":"https:\/\/unhz.eu\/fakulteti-i-arteve\/wp-json\/wp\/v2\/pages\/48642\/revisions\/49437"}],"wp:attachment":[{"href":"https:\/\/unhz.eu\/fakulteti-i-arteve\/wp-json\/wp\/v2\/media?parent=48642"}],"curies":[{"name":"wp","href":"https:\/\/api.w.org\/{rel}","templated":true}]}}