{"id":48625,"date":"2025-01-20T09:54:31","date_gmt":"2025-01-20T09:54:31","guid":{"rendered":"https:\/\/unhz.eu\/fakulteti-i-arteve\/?page_id=48625"},"modified":"2026-01-16T16:44:47","modified_gmt":"2026-01-16T14:44:47","slug":"oraret-em","status":"publish","type":"page","link":"https:\/\/unhz.eu\/fakulteti-i-arteve\/oraret-em\/","title":{"rendered":"Oraret EM"},"content":{"rendered":"\t\t<div data-elementor-type=\"wp-page\" data-elementor-id=\"48625\" class=\"elementor elementor-48625\" data-elementor-post-type=\"page\">\n\t\t\t\t\t\t<section class=\"elementor-section elementor-top-section elementor-element elementor-element-2c6d41b elementor-section-boxed elementor-section-height-default elementor-section-height-default sc_fly_static\" data-id=\"2c6d41b\" data-element_type=\"section\" data-e-type=\"section\">\n\t\t\t\t\t\t<div class=\"elementor-container elementor-column-gap-extended\">\n\t\t\t\t\t<div class=\"elementor-column elementor-col-100 elementor-top-column elementor-element elementor-element-533ab05 sc_content_align_inherit sc_layouts_column_icons_position_left sc_fly_static\" data-id=\"533ab05\" data-element_type=\"column\" data-e-type=\"column\">\n\t\t\t<div class=\"elementor-widget-wrap elementor-element-populated\">\n\t\t\t\t\t\t<div class=\"elementor-element elementor-element-b6909a5 sc_fly_static elementor-widget elementor-widget-toggle\" data-id=\"b6909a5\" data-element_type=\"widget\" data-e-type=\"widget\" data-widget_type=\"toggle.default\">\n\t\t\t\t<div class=\"elementor-widget-container\">\n\t\t\t\t\t\t\t<div class=\"elementor-toggle\">\n\t\t\t\t\t\t\t<div class=\"elementor-toggle-item\">\n\t\t\t\t\t<div id=\"elementor-tab-title-1911\" class=\"elementor-tab-title\" data-tab=\"1\" role=\"button\" aria-controls=\"elementor-tab-content-1911\" aria-expanded=\"false\">\n\t\t\t\t\t\t\t\t\t\t\t\t<span class=\"elementor-toggle-icon elementor-toggle-icon-left\" aria-hidden=\"true\">\n\t\t\t\t\t\t\t\t\t\t\t\t\t\t\t<span class=\"elementor-toggle-icon-closed\"><i class=\"fas fa-caret-right\"><\/i><\/span>\n\t\t\t\t\t\t\t\t<span class=\"elementor-toggle-icon-opened\"><i class=\"elementor-toggle-icon-opened fas fa-caret-up\"><\/i><\/span>\n\t\t\t\t\t\t\t\t\t\t\t\t\t<\/span>\n\t\t\t\t\t\t\t\t\t\t\t\t<a class=\"elementor-toggle-title\" tabindex=\"0\">Orari i Ligjeratave<\/a>\n\t\t\t\t\t<\/div>\n\n\t\t\t\t\t<div id=\"elementor-tab-content-1911\" class=\"elementor-tab-content elementor-clearfix\" data-tab=\"1\" role=\"region\" aria-labelledby=\"elementor-tab-title-1911\"><p><a href=\"https:\/\/unhz.eu\/fakulteti-i-arteve\/wp-content\/uploads\/sites\/8\/2025\/11\/Orari-Edukim-ne-Muzike-Bachelor-2025-2026-1.pdf\">PDF<\/a><\/p><p>[pdf-embedder url=&#8221;https:\/\/unhz.eu\/fakulteti-i-arteve\/wp-content\/uploads\/sites\/8\/2025\/11\/Orari-Edukim-ne-Muzike-Bachelor-2025-2026-1.pdf&#8221; title=&#8221;Orari &#8211; Edukim n\u00eb Muzik\u00eb (Bachelor) 2025-2026&#8243;]<\/p><\/div>\n\t\t\t\t<\/div>\n\t\t\t\t\t\t\t<div class=\"elementor-toggle-item\">\n\t\t\t\t\t<div id=\"elementor-tab-title-1912\" class=\"elementor-tab-title\" data-tab=\"2\" role=\"button\" aria-controls=\"elementor-tab-content-1912\" aria-expanded=\"false\">\n\t\t\t\t\t\t\t\t\t\t\t\t<span class=\"elementor-toggle-icon elementor-toggle-icon-left\" aria-hidden=\"true\">\n\t\t\t\t\t\t\t\t\t\t\t\t\t\t\t<span class=\"elementor-toggle-icon-closed\"><i class=\"fas fa-caret-right\"><\/i><\/span>\n\t\t\t\t\t\t\t\t<span class=\"elementor-toggle-icon-opened\"><i class=\"elementor-toggle-icon-opened fas fa-caret-up\"><\/i><\/span>\n\t\t\t\t\t\t\t\t\t\t\t\t\t<\/span>\n\t\t\t\t\t\t\t\t\t\t\t\t<a class=\"elementor-toggle-title\" tabindex=\"0\">Orari Individual<\/a>\n\t\t\t\t\t<\/div>\n\n\t\t\t\t\t<div id=\"elementor-tab-content-1912\" class=\"elementor-tab-content elementor-clearfix\" data-tab=\"2\" role=\"region\" aria-labelledby=\"elementor-tab-title-1912\"><p><a href=\"https:\/\/unhz.eu\/fakulteti-i-arteve\/wp-content\/uploads\/sites\/8\/2025\/12\/Orari-Individual-i-Pergjithshem-2025-2026-FINAL.pdf\">Orari Individual<\/a><\/p><p>[pdf-embedder url=&#8221;https:\/\/unhz.eu\/fakulteti-i-arteve\/wp-content\/uploads\/sites\/8\/2025\/12\/Orari-Individual-i-Pergjithshem-2025-2026-FINAL.pdf&#8221; title=&#8221;Orari Individual i Pe\u0308rgjithshe\u0308m 2025-2026 FINAL&#8221;]<\/p><\/div>\n\t\t\t\t<\/div>\n\t\t\t\t\t\t\t<div class=\"elementor-toggle-item\">\n\t\t\t\t\t<div id=\"elementor-tab-title-1913\" class=\"elementor-tab-title\" data-tab=\"3\" role=\"button\" aria-controls=\"elementor-tab-content-1913\" aria-expanded=\"false\">\n\t\t\t\t\t\t\t\t\t\t\t\t<span class=\"elementor-toggle-icon elementor-toggle-icon-left\" aria-hidden=\"true\">\n\t\t\t\t\t\t\t\t\t\t\t\t\t\t\t<span class=\"elementor-toggle-icon-closed\"><i class=\"fas fa-caret-right\"><\/i><\/span>\n\t\t\t\t\t\t\t\t<span class=\"elementor-toggle-icon-opened\"><i class=\"elementor-toggle-icon-opened fas fa-caret-up\"><\/i><\/span>\n\t\t\t\t\t\t\t\t\t\t\t\t\t<\/span>\n\t\t\t\t\t\t\t\t\t\t\t\t<a class=\"elementor-toggle-title\" tabindex=\"0\">Orari i Provimeve<\/a>\n\t\t\t\t\t<\/div>\n\n\t\t\t\t\t<div id=\"elementor-tab-content-1913\" class=\"elementor-tab-content elementor-clearfix\" data-tab=\"3\" role=\"region\" aria-labelledby=\"elementor-tab-title-1913\"><p><a href=\"https:\/\/unhz.eu\/fakulteti-i-arteve\/wp-content\/uploads\/sites\/8\/2026\/01\/Edukim-ne-Muzike-BACHELOR-Orari-i-Provimeve-JANAR-2025-2026.pdf\">Orari i provimeve Edukim ne muzike -Ba<\/a><\/p><\/div>\n\t\t\t\t<\/div>\n\t\t\t\t\t\t\t\t<\/div>\n\t\t\t\t\t\t<\/div>\n\t\t\t\t<\/div>\n\t\t\t\t\t<\/div>\n\t\t<\/div>\n\t\t\t\t\t<\/div>\n\t\t<\/section>\n\t\t\t\t<\/div>\n\t\t","protected":false},"excerpt":{"rendered":"<p>Orari i Ligjeratave PDF [pdf-embedder url=&#8221;https:\/\/unhz.eu\/fakulteti-i-arteve\/wp-content\/uploads\/sites\/8\/2025\/11\/Orari-Edukim-ne-Muzike-Bachelor-2025-2026-1.pdf&#8221; title=&#8221;Orari &#8211; Edukim n\u00eb Muzik\u00eb (Bachelor) 2025-2026&#8243;] Orari Individual Orari Individual [pdf-embedder url=&#8221;https:\/\/unhz.eu\/fakulteti-i-arteve\/wp-content\/uploads\/sites\/8\/2025\/12\/Orari-Individual-i-Pergjithshem-2025-2026-FINAL.pdf&#8221; title=&#8221;Orari Individual i Pe\u0308rgjithshe\u0308m 2025-2026 FINAL&#8221;] Orari i Provimeve Orari i&hellip;<\/p>\n","protected":false},"author":1,"featured_media":0,"parent":0,"menu_order":0,"comment_status":"closed","ping_status":"closed","template":"","meta":{"footnotes":""},"class_list":["post-48625","page","type-page","status-publish","hentry"],"yoast_head":"<!-- This site is optimized with the Yoast SEO Premium plugin v27.2 (Yoast SEO v27.2) - https:\/\/yoast.com\/product\/yoast-seo-premium-wordpress\/ -->\n<title>Oraret EM \u2013 Fakulteti i Arteve | Universiteti \u201cHaxhi Zeka\u201d (UHZ)<\/title>\n<meta name=\"description\" content=\"Shiko oraret e l\u00ebnd\u00ebs EM (Edukim Muzikor) n\u00eb Fakultetin e Arteve t\u00eb Universitetit \u201cHaxhi Zeka\u201d (UHZ). Gjej oraret e m\u00ebsimit, datat dhe klasat p\u00ebr instrumentet e muzik\u00ebs p\u00ebr semestrin aktual dhe planifikoni pjes\u00ebmarrjen tuaj.\" \/>\n<meta name=\"robots\" content=\"index, follow, max-snippet:-1, max-image-preview:large, max-video-preview:-1\" \/>\n<link rel=\"canonical\" href=\"https:\/\/unhz.eu\/fakulteti-i-arteve\/oraret-em\/\" \/>\n<meta property=\"og:locale\" content=\"sq_AL\" \/>\n<meta property=\"og:type\" content=\"article\" \/>\n<meta property=\"og:title\" content=\"Oraret EM\" \/>\n<meta property=\"og:description\" content=\"Shiko oraret e l\u00ebnd\u00ebs EM (Edukim Muzikor) n\u00eb Fakultetin e Arteve t\u00eb Universitetit \u201cHaxhi Zeka\u201d (UHZ). Gjej oraret e m\u00ebsimit, datat dhe klasat p\u00ebr instrumentet e muzik\u00ebs p\u00ebr semestrin aktual dhe planifikoni pjes\u00ebmarrjen tuaj.\" \/>\n<meta property=\"og:url\" content=\"https:\/\/unhz.eu\/fakulteti-i-arteve\/oraret-em\/\" \/>\n<meta property=\"og:site_name\" content=\"Fakulteti i Arteve\" \/>\n<meta property=\"article:modified_time\" content=\"2026-01-16T14:44:47+00:00\" \/>\n<meta name=\"twitter:card\" content=\"summary_large_image\" \/>\n<meta name=\"twitter:label1\" content=\"Est. reading time\" \/>\n\t<meta name=\"twitter:data1\" content=\"1 minut\u00eb\" \/>\n<script type=\"application\/ld+json\" class=\"yoast-schema-graph\">{\"@context\":\"https:\/\/schema.org\",\"@graph\":[{\"@type\":\"WebPage\",\"@id\":\"https:\/\/unhz.eu\/fakulteti-i-arteve\/oraret-em\/\",\"url\":\"https:\/\/unhz.eu\/fakulteti-i-arteve\/oraret-em\/\",\"name\":\"Oraret EM \u2013 Fakulteti i Arteve | Universiteti \u201cHaxhi Zeka\u201d (UHZ)\",\"isPartOf\":{\"@id\":\"https:\/\/unhz.eu\/fakulteti-i-arteve\/#website\"},\"datePublished\":\"2025-01-20T09:54:31+00:00\",\"dateModified\":\"2026-01-16T14:44:47+00:00\",\"description\":\"Shiko oraret e l\u00ebnd\u00ebs EM (Edukim Muzikor) n\u00eb Fakultetin e Arteve t\u00eb Universitetit \u201cHaxhi Zeka\u201d (UHZ). Gjej oraret e m\u00ebsimit, datat dhe klasat p\u00ebr instrumentet e muzik\u00ebs p\u00ebr semestrin aktual dhe planifikoni pjes\u00ebmarrjen tuaj.\",\"breadcrumb\":{\"@id\":\"https:\/\/unhz.eu\/fakulteti-i-arteve\/oraret-em\/#breadcrumb\"},\"inLanguage\":\"sq\",\"potentialAction\":[{\"@type\":\"ReadAction\",\"target\":[\"https:\/\/unhz.eu\/fakulteti-i-arteve\/oraret-em\/\"]}]},{\"@type\":\"BreadcrumbList\",\"@id\":\"https:\/\/unhz.eu\/fakulteti-i-arteve\/oraret-em\/#breadcrumb\",\"itemListElement\":[{\"@type\":\"ListItem\",\"position\":1,\"name\":\"Home\",\"item\":\"https:\/\/unhz.eu\/fakulteti-i-arteve\/\"},{\"@type\":\"ListItem\",\"position\":2,\"name\":\"Oraret EM\"}]},{\"@type\":\"WebSite\",\"@id\":\"https:\/\/unhz.eu\/fakulteti-i-arteve\/#website\",\"url\":\"https:\/\/unhz.eu\/fakulteti-i-arteve\/\",\"name\":\"Fakulteti i Arteve\",\"description\":\"I dedikuar p\u00ebr cil\u00ebsi standarde dhe suksese\",\"publisher\":{\"@id\":\"https:\/\/unhz.eu\/fakulteti-i-arteve\/#organization\"},\"potentialAction\":[{\"@type\":\"SearchAction\",\"target\":{\"@type\":\"EntryPoint\",\"urlTemplate\":\"https:\/\/unhz.eu\/fakulteti-i-arteve\/?s={search_term_string}\"},\"query-input\":{\"@type\":\"PropertyValueSpecification\",\"valueRequired\":true,\"valueName\":\"search_term_string\"}}],\"inLanguage\":\"sq\"},{\"@type\":\"Organization\",\"@id\":\"https:\/\/unhz.eu\/fakulteti-i-arteve\/#organization\",\"name\":\"Fakulteti i Arteve\",\"url\":\"https:\/\/unhz.eu\/fakulteti-i-arteve\/\",\"logo\":{\"@type\":\"ImageObject\",\"inLanguage\":\"sq\",\"@id\":\"https:\/\/unhz.eu\/fakulteti-i-arteve\/#\/schema\/logo\/image\/\",\"url\":\"https:\/\/unhz.eu\/fakulteti-i-arteve\/wp-content\/uploads\/sites\/8\/2024\/02\/cropped-logo-1-1-e1713527702695.png\",\"contentUrl\":\"https:\/\/unhz.eu\/fakulteti-i-arteve\/wp-content\/uploads\/sites\/8\/2024\/02\/cropped-logo-1-1-e1713527702695.png\",\"width\":100,\"height\":100,\"caption\":\"Fakulteti i Arteve\"},\"image\":{\"@id\":\"https:\/\/unhz.eu\/fakulteti-i-arteve\/#\/schema\/logo\/image\/\"}}]}<\/script>\n<!-- \/ Yoast SEO Premium plugin. -->","yoast_head_json":{"title":"Oraret EM \u2013 Fakulteti i Arteve | Universiteti \u201cHaxhi Zeka\u201d (UHZ)","description":"Shiko oraret e l\u00ebnd\u00ebs EM (Edukim Muzikor) n\u00eb Fakultetin e Arteve t\u00eb Universitetit \u201cHaxhi Zeka\u201d (UHZ). Gjej oraret e m\u00ebsimit, datat dhe klasat p\u00ebr instrumentet e muzik\u00ebs p\u00ebr semestrin aktual dhe planifikoni pjes\u00ebmarrjen tuaj.","robots":{"index":"index","follow":"follow","max-snippet":"max-snippet:-1","max-image-preview":"max-image-preview:large","max-video-preview":"max-video-preview:-1"},"canonical":"https:\/\/unhz.eu\/fakulteti-i-arteve\/oraret-em\/","og_locale":"sq_AL","og_type":"article","og_title":"Oraret EM","og_description":"Shiko oraret e l\u00ebnd\u00ebs EM (Edukim Muzikor) n\u00eb Fakultetin e Arteve t\u00eb Universitetit \u201cHaxhi Zeka\u201d (UHZ). Gjej oraret e m\u00ebsimit, datat dhe klasat p\u00ebr instrumentet e muzik\u00ebs p\u00ebr semestrin aktual dhe planifikoni pjes\u00ebmarrjen tuaj.","og_url":"https:\/\/unhz.eu\/fakulteti-i-arteve\/oraret-em\/","og_site_name":"Fakulteti i Arteve","article_modified_time":"2026-01-16T14:44:47+00:00","twitter_card":"summary_large_image","twitter_misc":{"Est. reading time":"1 minut\u00eb"},"schema":{"@context":"https:\/\/schema.org","@graph":[{"@type":"WebPage","@id":"https:\/\/unhz.eu\/fakulteti-i-arteve\/oraret-em\/","url":"https:\/\/unhz.eu\/fakulteti-i-arteve\/oraret-em\/","name":"Oraret EM \u2013 Fakulteti i Arteve | Universiteti \u201cHaxhi Zeka\u201d (UHZ)","isPartOf":{"@id":"https:\/\/unhz.eu\/fakulteti-i-arteve\/#website"},"datePublished":"2025-01-20T09:54:31+00:00","dateModified":"2026-01-16T14:44:47+00:00","description":"Shiko oraret e l\u00ebnd\u00ebs EM (Edukim Muzikor) n\u00eb Fakultetin e Arteve t\u00eb Universitetit \u201cHaxhi Zeka\u201d (UHZ). Gjej oraret e m\u00ebsimit, datat dhe klasat p\u00ebr instrumentet e muzik\u00ebs p\u00ebr semestrin aktual dhe planifikoni pjes\u00ebmarrjen tuaj.","breadcrumb":{"@id":"https:\/\/unhz.eu\/fakulteti-i-arteve\/oraret-em\/#breadcrumb"},"inLanguage":"sq","potentialAction":[{"@type":"ReadAction","target":["https:\/\/unhz.eu\/fakulteti-i-arteve\/oraret-em\/"]}]},{"@type":"BreadcrumbList","@id":"https:\/\/unhz.eu\/fakulteti-i-arteve\/oraret-em\/#breadcrumb","itemListElement":[{"@type":"ListItem","position":1,"name":"Home","item":"https:\/\/unhz.eu\/fakulteti-i-arteve\/"},{"@type":"ListItem","position":2,"name":"Oraret EM"}]},{"@type":"WebSite","@id":"https:\/\/unhz.eu\/fakulteti-i-arteve\/#website","url":"https:\/\/unhz.eu\/fakulteti-i-arteve\/","name":"Fakulteti i Arteve","description":"I dedikuar p\u00ebr cil\u00ebsi standarde dhe suksese","publisher":{"@id":"https:\/\/unhz.eu\/fakulteti-i-arteve\/#organization"},"potentialAction":[{"@type":"SearchAction","target":{"@type":"EntryPoint","urlTemplate":"https:\/\/unhz.eu\/fakulteti-i-arteve\/?s={search_term_string}"},"query-input":{"@type":"PropertyValueSpecification","valueRequired":true,"valueName":"search_term_string"}}],"inLanguage":"sq"},{"@type":"Organization","@id":"https:\/\/unhz.eu\/fakulteti-i-arteve\/#organization","name":"Fakulteti i Arteve","url":"https:\/\/unhz.eu\/fakulteti-i-arteve\/","logo":{"@type":"ImageObject","inLanguage":"sq","@id":"https:\/\/unhz.eu\/fakulteti-i-arteve\/#\/schema\/logo\/image\/","url":"https:\/\/unhz.eu\/fakulteti-i-arteve\/wp-content\/uploads\/sites\/8\/2024\/02\/cropped-logo-1-1-e1713527702695.png","contentUrl":"https:\/\/unhz.eu\/fakulteti-i-arteve\/wp-content\/uploads\/sites\/8\/2024\/02\/cropped-logo-1-1-e1713527702695.png","width":100,"height":100,"caption":"Fakulteti i Arteve"},"image":{"@id":"https:\/\/unhz.eu\/fakulteti-i-arteve\/#\/schema\/logo\/image\/"}}]}},"_links":{"self":[{"href":"https:\/\/unhz.eu\/fakulteti-i-arteve\/wp-json\/wp\/v2\/pages\/48625","targetHints":{"allow":["GET"]}}],"collection":[{"href":"https:\/\/unhz.eu\/fakulteti-i-arteve\/wp-json\/wp\/v2\/pages"}],"about":[{"href":"https:\/\/unhz.eu\/fakulteti-i-arteve\/wp-json\/wp\/v2\/types\/page"}],"author":[{"embeddable":true,"href":"https:\/\/unhz.eu\/fakulteti-i-arteve\/wp-json\/wp\/v2\/users\/1"}],"replies":[{"embeddable":true,"href":"https:\/\/unhz.eu\/fakulteti-i-arteve\/wp-json\/wp\/v2\/comments?post=48625"}],"version-history":[{"count":5,"href":"https:\/\/unhz.eu\/fakulteti-i-arteve\/wp-json\/wp\/v2\/pages\/48625\/revisions"}],"predecessor-version":[{"id":49516,"href":"https:\/\/unhz.eu\/fakulteti-i-arteve\/wp-json\/wp\/v2\/pages\/48625\/revisions\/49516"}],"wp:attachment":[{"href":"https:\/\/unhz.eu\/fakulteti-i-arteve\/wp-json\/wp\/v2\/media?parent=48625"}],"curies":[{"name":"wp","href":"https:\/\/api.w.org\/{rel}","templated":true}]}}