{"id":48619,"date":"2025-01-20T09:53:43","date_gmt":"2025-01-20T09:53:43","guid":{"rendered":"https:\/\/unhz.eu\/fakulteti-i-arteve\/?page_id=48619"},"modified":"2026-01-06T16:31:18","modified_gmt":"2026-01-06T14:31:18","slug":"programet-em","status":"publish","type":"page","link":"https:\/\/unhz.eu\/fakulteti-i-arteve\/programet-em\/","title":{"rendered":"Programet EM"},"content":{"rendered":"\n<figure class=\"wp-block-embed is-type-wp-embed is-provider-fakulteti-i-arteve wp-block-embed-fakulteti-i-arteve\"><div class=\"wp-block-embed__wrapper\">\n<blockquote class=\"wp-embedded-content\" data-secret=\"9liJ2pOP7V\"><a href=\"https:\/\/unhz.eu\/fakulteti-i-arteve\/edukim-ne-muzike-2021-2024\/\">Edukim n\u00eb Muzik\u00eb 2021-2024<\/a><\/blockquote><iframe loading=\"lazy\" class=\"wp-embedded-content\" sandbox=\"allow-scripts\" security=\"restricted\" style=\"position: absolute; visibility: hidden;\" title=\"&#8220;Edukim n\u00eb Muzik\u00eb 2021-2024&#8221; &#8212; Fakulteti i Arteve\" src=\"https:\/\/unhz.eu\/fakulteti-i-arteve\/edukim-ne-muzike-2021-2024\/embed\/#?secret=4Xi25UTGCU#?secret=9liJ2pOP7V\" data-secret=\"9liJ2pOP7V\" width=\"600\" height=\"338\" frameborder=\"0\" marginwidth=\"0\" marginheight=\"0\" scrolling=\"no\"><\/iframe>\n<\/div><\/figure>\n\n\n\n<figure class=\"wp-block-embed is-type-wp-embed is-provider-fakulteti-i-arteve wp-block-embed-fakulteti-i-arteve\"><div class=\"wp-block-embed__wrapper\">\n<blockquote class=\"wp-embedded-content\" data-secret=\"CK1MJ4TNv3\"><a href=\"https:\/\/unhz.eu\/fakulteti-i-arteve\/edukim-ne-muzike-2016-2019\/\">Edukim n\u00eb Muzik\u00eb (2016-2019)<\/a><\/blockquote><iframe loading=\"lazy\" class=\"wp-embedded-content\" sandbox=\"allow-scripts\" security=\"restricted\" style=\"position: absolute; visibility: hidden;\" title=\"&#8220;Edukim n\u00eb Muzik\u00eb (2016-2019)&#8221; &#8212; Fakulteti i Arteve\" src=\"https:\/\/unhz.eu\/fakulteti-i-arteve\/edukim-ne-muzike-2016-2019\/embed\/#?secret=JiYTymM44f#?secret=CK1MJ4TNv3\" data-secret=\"CK1MJ4TNv3\" width=\"600\" height=\"338\" frameborder=\"0\" marginwidth=\"0\" marginheight=\"0\" scrolling=\"no\"><\/iframe>\n<\/div><\/figure>\n","protected":false},"excerpt":{"rendered":"","protected":false},"author":1,"featured_media":0,"parent":0,"menu_order":0,"comment_status":"closed","ping_status":"closed","template":"","meta":{"footnotes":""},"class_list":["post-48619","page","type-page","status-publish","hentry"],"yoast_head":"<!-- This site is optimized with the Yoast SEO Premium plugin v27.2 (Yoast SEO v27.2) - https:\/\/yoast.com\/product\/yoast-seo-premium-wordpress\/ -->\n<title>Programet EM \u2013 Fakulteti i Arteve | Universiteti \u201cHaxhi Zeka\u201d (UHZ)<\/title>\n<meta name=\"description\" content=\"Zbuloni programet EM (Edukim Muzikor \/ Edukim Artistik) n\u00eb Fakultetin e Arteve t\u00eb Universitetit \u201cHaxhi Zeka\u201d (UHZ), p\u00ebrfshir\u00eb deg\u00ebt Bachelor si Edukim n\u00eb Muzik\u00eb dhe Edukim Artistik n\u00eb Interpretim dhe programet Master. Shikoni p\u00ebrshkrimet dhe struktur\u00ebn e kurrikulave p\u00ebr programet e studimit.\" \/>\n<meta name=\"robots\" content=\"index, follow, max-snippet:-1, max-image-preview:large, max-video-preview:-1\" \/>\n<link rel=\"canonical\" href=\"https:\/\/unhz.eu\/fakulteti-i-arteve\/programet-em\/\" \/>\n<meta property=\"og:locale\" content=\"sq_AL\" \/>\n<meta property=\"og:type\" content=\"article\" \/>\n<meta property=\"og:title\" content=\"Programet EM\" \/>\n<meta property=\"og:description\" content=\"Zbuloni programet EM (Edukim Muzikor \/ Edukim Artistik) n\u00eb Fakultetin e Arteve t\u00eb Universitetit \u201cHaxhi Zeka\u201d (UHZ), p\u00ebrfshir\u00eb deg\u00ebt Bachelor si Edukim n\u00eb Muzik\u00eb dhe Edukim Artistik n\u00eb Interpretim dhe programet Master. Shikoni p\u00ebrshkrimet dhe struktur\u00ebn e kurrikulave p\u00ebr programet e studimit.\" \/>\n<meta property=\"og:url\" content=\"https:\/\/unhz.eu\/fakulteti-i-arteve\/programet-em\/\" \/>\n<meta property=\"og:site_name\" content=\"Fakulteti i Arteve\" \/>\n<meta property=\"article:modified_time\" content=\"2026-01-06T14:31:18+00:00\" \/>\n<meta name=\"twitter:card\" content=\"summary_large_image\" \/>\n<meta name=\"twitter:label1\" content=\"Est. reading time\" \/>\n\t<meta name=\"twitter:data1\" content=\"1 minut\u00eb\" \/>\n<script type=\"application\/ld+json\" class=\"yoast-schema-graph\">{\"@context\":\"https:\/\/schema.org\",\"@graph\":[{\"@type\":\"WebPage\",\"@id\":\"https:\/\/unhz.eu\/fakulteti-i-arteve\/programet-em\/\",\"url\":\"https:\/\/unhz.eu\/fakulteti-i-arteve\/programet-em\/\",\"name\":\"Programet EM \u2013 Fakulteti i Arteve | Universiteti \u201cHaxhi Zeka\u201d (UHZ)\",\"isPartOf\":{\"@id\":\"https:\/\/unhz.eu\/fakulteti-i-arteve\/#website\"},\"datePublished\":\"2025-01-20T09:53:43+00:00\",\"dateModified\":\"2026-01-06T14:31:18+00:00\",\"description\":\"Zbuloni programet EM (Edukim Muzikor \/ Edukim Artistik) n\u00eb Fakultetin e Arteve t\u00eb Universitetit \u201cHaxhi Zeka\u201d (UHZ), p\u00ebrfshir\u00eb deg\u00ebt Bachelor si Edukim n\u00eb Muzik\u00eb dhe Edukim Artistik n\u00eb Interpretim dhe programet Master. Shikoni p\u00ebrshkrimet dhe struktur\u00ebn e kurrikulave p\u00ebr programet e studimit.\",\"breadcrumb\":{\"@id\":\"https:\/\/unhz.eu\/fakulteti-i-arteve\/programet-em\/#breadcrumb\"},\"inLanguage\":\"sq\",\"potentialAction\":[{\"@type\":\"ReadAction\",\"target\":[\"https:\/\/unhz.eu\/fakulteti-i-arteve\/programet-em\/\"]}]},{\"@type\":\"BreadcrumbList\",\"@id\":\"https:\/\/unhz.eu\/fakulteti-i-arteve\/programet-em\/#breadcrumb\",\"itemListElement\":[{\"@type\":\"ListItem\",\"position\":1,\"name\":\"Home\",\"item\":\"https:\/\/unhz.eu\/fakulteti-i-arteve\/\"},{\"@type\":\"ListItem\",\"position\":2,\"name\":\"Programet EM\"}]},{\"@type\":\"WebSite\",\"@id\":\"https:\/\/unhz.eu\/fakulteti-i-arteve\/#website\",\"url\":\"https:\/\/unhz.eu\/fakulteti-i-arteve\/\",\"name\":\"Fakulteti i Arteve\",\"description\":\"I dedikuar p\u00ebr cil\u00ebsi standarde dhe suksese\",\"publisher\":{\"@id\":\"https:\/\/unhz.eu\/fakulteti-i-arteve\/#organization\"},\"potentialAction\":[{\"@type\":\"SearchAction\",\"target\":{\"@type\":\"EntryPoint\",\"urlTemplate\":\"https:\/\/unhz.eu\/fakulteti-i-arteve\/?s={search_term_string}\"},\"query-input\":{\"@type\":\"PropertyValueSpecification\",\"valueRequired\":true,\"valueName\":\"search_term_string\"}}],\"inLanguage\":\"sq\"},{\"@type\":\"Organization\",\"@id\":\"https:\/\/unhz.eu\/fakulteti-i-arteve\/#organization\",\"name\":\"Fakulteti i Arteve\",\"url\":\"https:\/\/unhz.eu\/fakulteti-i-arteve\/\",\"logo\":{\"@type\":\"ImageObject\",\"inLanguage\":\"sq\",\"@id\":\"https:\/\/unhz.eu\/fakulteti-i-arteve\/#\/schema\/logo\/image\/\",\"url\":\"https:\/\/unhz.eu\/fakulteti-i-arteve\/wp-content\/uploads\/sites\/8\/2024\/02\/cropped-logo-1-1-e1713527702695.png\",\"contentUrl\":\"https:\/\/unhz.eu\/fakulteti-i-arteve\/wp-content\/uploads\/sites\/8\/2024\/02\/cropped-logo-1-1-e1713527702695.png\",\"width\":100,\"height\":100,\"caption\":\"Fakulteti i Arteve\"},\"image\":{\"@id\":\"https:\/\/unhz.eu\/fakulteti-i-arteve\/#\/schema\/logo\/image\/\"}}]}<\/script>\n<!-- \/ Yoast SEO Premium plugin. -->","yoast_head_json":{"title":"Programet EM \u2013 Fakulteti i Arteve | Universiteti \u201cHaxhi Zeka\u201d (UHZ)","description":"Zbuloni programet EM (Edukim Muzikor \/ Edukim Artistik) n\u00eb Fakultetin e Arteve t\u00eb Universitetit \u201cHaxhi Zeka\u201d (UHZ), p\u00ebrfshir\u00eb deg\u00ebt Bachelor si Edukim n\u00eb Muzik\u00eb dhe Edukim Artistik n\u00eb Interpretim dhe programet Master. Shikoni p\u00ebrshkrimet dhe struktur\u00ebn e kurrikulave p\u00ebr programet e studimit.","robots":{"index":"index","follow":"follow","max-snippet":"max-snippet:-1","max-image-preview":"max-image-preview:large","max-video-preview":"max-video-preview:-1"},"canonical":"https:\/\/unhz.eu\/fakulteti-i-arteve\/programet-em\/","og_locale":"sq_AL","og_type":"article","og_title":"Programet EM","og_description":"Zbuloni programet EM (Edukim Muzikor \/ Edukim Artistik) n\u00eb Fakultetin e Arteve t\u00eb Universitetit \u201cHaxhi Zeka\u201d (UHZ), p\u00ebrfshir\u00eb deg\u00ebt Bachelor si Edukim n\u00eb Muzik\u00eb dhe Edukim Artistik n\u00eb Interpretim dhe programet Master. Shikoni p\u00ebrshkrimet dhe struktur\u00ebn e kurrikulave p\u00ebr programet e studimit.","og_url":"https:\/\/unhz.eu\/fakulteti-i-arteve\/programet-em\/","og_site_name":"Fakulteti i Arteve","article_modified_time":"2026-01-06T14:31:18+00:00","twitter_card":"summary_large_image","twitter_misc":{"Est. reading time":"1 minut\u00eb"},"schema":{"@context":"https:\/\/schema.org","@graph":[{"@type":"WebPage","@id":"https:\/\/unhz.eu\/fakulteti-i-arteve\/programet-em\/","url":"https:\/\/unhz.eu\/fakulteti-i-arteve\/programet-em\/","name":"Programet EM \u2013 Fakulteti i Arteve | Universiteti \u201cHaxhi Zeka\u201d (UHZ)","isPartOf":{"@id":"https:\/\/unhz.eu\/fakulteti-i-arteve\/#website"},"datePublished":"2025-01-20T09:53:43+00:00","dateModified":"2026-01-06T14:31:18+00:00","description":"Zbuloni programet EM (Edukim Muzikor \/ Edukim Artistik) n\u00eb Fakultetin e Arteve t\u00eb Universitetit \u201cHaxhi Zeka\u201d (UHZ), p\u00ebrfshir\u00eb deg\u00ebt Bachelor si Edukim n\u00eb Muzik\u00eb dhe Edukim Artistik n\u00eb Interpretim dhe programet Master. Shikoni p\u00ebrshkrimet dhe struktur\u00ebn e kurrikulave p\u00ebr programet e studimit.","breadcrumb":{"@id":"https:\/\/unhz.eu\/fakulteti-i-arteve\/programet-em\/#breadcrumb"},"inLanguage":"sq","potentialAction":[{"@type":"ReadAction","target":["https:\/\/unhz.eu\/fakulteti-i-arteve\/programet-em\/"]}]},{"@type":"BreadcrumbList","@id":"https:\/\/unhz.eu\/fakulteti-i-arteve\/programet-em\/#breadcrumb","itemListElement":[{"@type":"ListItem","position":1,"name":"Home","item":"https:\/\/unhz.eu\/fakulteti-i-arteve\/"},{"@type":"ListItem","position":2,"name":"Programet EM"}]},{"@type":"WebSite","@id":"https:\/\/unhz.eu\/fakulteti-i-arteve\/#website","url":"https:\/\/unhz.eu\/fakulteti-i-arteve\/","name":"Fakulteti i Arteve","description":"I dedikuar p\u00ebr cil\u00ebsi standarde dhe suksese","publisher":{"@id":"https:\/\/unhz.eu\/fakulteti-i-arteve\/#organization"},"potentialAction":[{"@type":"SearchAction","target":{"@type":"EntryPoint","urlTemplate":"https:\/\/unhz.eu\/fakulteti-i-arteve\/?s={search_term_string}"},"query-input":{"@type":"PropertyValueSpecification","valueRequired":true,"valueName":"search_term_string"}}],"inLanguage":"sq"},{"@type":"Organization","@id":"https:\/\/unhz.eu\/fakulteti-i-arteve\/#organization","name":"Fakulteti i Arteve","url":"https:\/\/unhz.eu\/fakulteti-i-arteve\/","logo":{"@type":"ImageObject","inLanguage":"sq","@id":"https:\/\/unhz.eu\/fakulteti-i-arteve\/#\/schema\/logo\/image\/","url":"https:\/\/unhz.eu\/fakulteti-i-arteve\/wp-content\/uploads\/sites\/8\/2024\/02\/cropped-logo-1-1-e1713527702695.png","contentUrl":"https:\/\/unhz.eu\/fakulteti-i-arteve\/wp-content\/uploads\/sites\/8\/2024\/02\/cropped-logo-1-1-e1713527702695.png","width":100,"height":100,"caption":"Fakulteti i Arteve"},"image":{"@id":"https:\/\/unhz.eu\/fakulteti-i-arteve\/#\/schema\/logo\/image\/"}}]}},"_links":{"self":[{"href":"https:\/\/unhz.eu\/fakulteti-i-arteve\/wp-json\/wp\/v2\/pages\/48619","targetHints":{"allow":["GET"]}}],"collection":[{"href":"https:\/\/unhz.eu\/fakulteti-i-arteve\/wp-json\/wp\/v2\/pages"}],"about":[{"href":"https:\/\/unhz.eu\/fakulteti-i-arteve\/wp-json\/wp\/v2\/types\/page"}],"author":[{"embeddable":true,"href":"https:\/\/unhz.eu\/fakulteti-i-arteve\/wp-json\/wp\/v2\/users\/1"}],"replies":[{"embeddable":true,"href":"https:\/\/unhz.eu\/fakulteti-i-arteve\/wp-json\/wp\/v2\/comments?post=48619"}],"version-history":[{"count":1,"href":"https:\/\/unhz.eu\/fakulteti-i-arteve\/wp-json\/wp\/v2\/pages\/48619\/revisions"}],"predecessor-version":[{"id":49454,"href":"https:\/\/unhz.eu\/fakulteti-i-arteve\/wp-json\/wp\/v2\/pages\/48619\/revisions\/49454"}],"wp:attachment":[{"href":"https:\/\/unhz.eu\/fakulteti-i-arteve\/wp-json\/wp\/v2\/media?parent=48619"}],"curies":[{"name":"wp","href":"https:\/\/api.w.org\/{rel}","templated":true}]}}