{"id":48593,"date":"2025-01-17T13:47:14","date_gmt":"2025-01-17T13:47:14","guid":{"rendered":"https:\/\/unhz.eu\/fakulteti-i-arteve\/?page_id=48593"},"modified":"2025-02-21T10:15:40","modified_gmt":"2025-02-21T10:15:40","slug":"programet-eai","status":"publish","type":"page","link":"https:\/\/unhz.eu\/fakulteti-i-arteve\/programet-eai\/","title":{"rendered":"Programet  EAI"},"content":{"rendered":"\n<p>Q\u00ebllimi kryesor i programit \u201cEdukim Artistik ne Interpretim\u201d \u00ebsht\u00eb ngritja e cil\u00ebsis\u00eb pedagogjike muzikore dhe formimi profesional i student\u00ebve pas p\u00ebrfundimit t\u00eb studimeve ushtrojn\u00eb veprimtarin\u00eb e pedagogjis\u00eb dhe artit p\u00ebrformues, n\u00eb instrumentin qe kane perzgjedhur studentet .Gjithashtu me kete program do t\u00eb ngrit\u00ebt niveli i pedagog\u00ebve instrumentist. Qasja artistike n\u00eb k\u00ebt\u00eb drejtim ka p\u00ebr q\u00ebllim shtjellimin e metodave bashk\u00ebkohore t\u00eb pun\u00ebs pedagogjike.<\/p>\n\n\n\n<figure class=\"wp-block-embed is-type-wp-embed is-provider-fakulteti-i-arteve wp-block-embed-fakulteti-i-arteve\"><div class=\"wp-block-embed__wrapper\">\n<blockquote class=\"wp-embedded-content\" data-secret=\"UNgXeTmEcY\"><a href=\"https:\/\/unhz.eu\/fakulteti-i-arteve\/edukim-artistik-ne-interpretim-2022-25\/\">Edukim artistik n\u00eb interpretim 2022-25<\/a><\/blockquote><iframe loading=\"lazy\" class=\"wp-embedded-content\" sandbox=\"allow-scripts\" security=\"restricted\" style=\"position: absolute; visibility: hidden;\" title=\"&#8220;Edukim artistik n\u00eb interpretim 2022-25&#8221; &#8212; Fakulteti i Arteve\" src=\"https:\/\/unhz.eu\/fakulteti-i-arteve\/edukim-artistik-ne-interpretim-2022-25\/embed\/#?secret=NxCMyX1W8j#?secret=UNgXeTmEcY\" data-secret=\"UNgXeTmEcY\" width=\"600\" height=\"338\" frameborder=\"0\" marginwidth=\"0\" marginheight=\"0\" scrolling=\"no\"><\/iframe>\n<\/div><\/figure>\n\n\n\n<figure class=\"wp-block-embed is-type-wp-embed is-provider-fakulteti-i-arteve wp-block-embed-fakulteti-i-arteve\"><div class=\"wp-block-embed__wrapper\">\n<blockquote class=\"wp-embedded-content\" data-secret=\"inUs26QzO9\"><a href=\"https:\/\/unhz.eu\/fakulteti-i-arteve\/edukim-artistik-ne-interpretim-2019-2022\/\">Edukim Artistik ne Interpretim 2019-2022<\/a><\/blockquote><iframe loading=\"lazy\" class=\"wp-embedded-content\" sandbox=\"allow-scripts\" security=\"restricted\" style=\"position: absolute; visibility: hidden;\" title=\"&#8220;Edukim Artistik ne Interpretim 2019-2022&#8221; &#8212; Fakulteti i Arteve\" src=\"https:\/\/unhz.eu\/fakulteti-i-arteve\/edukim-artistik-ne-interpretim-2019-2022\/embed\/#?secret=xFQVyvbcSw#?secret=inUs26QzO9\" data-secret=\"inUs26QzO9\" width=\"600\" height=\"338\" frameborder=\"0\" marginwidth=\"0\" marginheight=\"0\" scrolling=\"no\"><\/iframe>\n<\/div><\/figure>\n","protected":false},"excerpt":{"rendered":"<p>Q\u00ebllimi kryesor i programit \u201cEdukim Artistik ne Interpretim\u201d \u00ebsht\u00eb ngritja e cil\u00ebsis\u00eb pedagogjike muzikore dhe formimi profesional i student\u00ebve pas p\u00ebrfundimit t\u00eb studimeve ushtrojn\u00eb veprimtarin\u00eb e pedagogjis\u00eb dhe artit p\u00ebrformues,&hellip;<\/p>\n","protected":false},"author":1,"featured_media":0,"parent":0,"menu_order":0,"comment_status":"closed","ping_status":"closed","template":"","meta":{"footnotes":""},"class_list":["post-48593","page","type-page","status-publish","hentry"],"yoast_head":"<!-- This site is optimized with the Yoast SEO Premium plugin v27.2 (Yoast SEO v27.2) - https:\/\/yoast.com\/product\/yoast-seo-premium-wordpress\/ -->\n<title>Programet EAI - Fakulteti i Arteve<\/title>\n<meta name=\"description\" content=\"Programi &#039;Edukim Artistik n\u00eb Interpretim&#039; synon t\u00eb rris\u00eb cil\u00ebsin\u00eb pedagogjike muzikore dhe t\u00eb p\u00ebrgatis\u00eb student\u00ebt p\u00ebr karrier\u00eb n\u00eb pedagogji dhe art performues.\" \/>\n<meta name=\"robots\" content=\"index, follow, max-snippet:-1, max-image-preview:large, max-video-preview:-1\" \/>\n<link rel=\"canonical\" href=\"https:\/\/unhz.eu\/fakulteti-i-arteve\/programet-eai\/\" \/>\n<meta property=\"og:locale\" content=\"sq_AL\" \/>\n<meta property=\"og:type\" content=\"article\" \/>\n<meta property=\"og:title\" content=\"Programet EAI\" \/>\n<meta property=\"og:description\" content=\"Programi &#039;Edukim Artistik n\u00eb Interpretim&#039; synon t\u00eb rris\u00eb cil\u00ebsin\u00eb pedagogjike muzikore dhe t\u00eb p\u00ebrgatis\u00eb student\u00ebt p\u00ebr karrier\u00eb n\u00eb pedagogji dhe art performues.\" \/>\n<meta property=\"og:url\" content=\"https:\/\/unhz.eu\/fakulteti-i-arteve\/programet-eai\/\" \/>\n<meta property=\"og:site_name\" content=\"Fakulteti i Arteve\" \/>\n<meta property=\"article:modified_time\" content=\"2025-02-21T10:15:40+00:00\" \/>\n<meta name=\"twitter:card\" content=\"summary_large_image\" \/>\n<meta name=\"twitter:label1\" content=\"Est. reading time\" \/>\n\t<meta name=\"twitter:data1\" content=\"1 minut\u00eb\" \/>\n<script type=\"application\/ld+json\" class=\"yoast-schema-graph\">{\"@context\":\"https:\/\/schema.org\",\"@graph\":[{\"@type\":\"WebPage\",\"@id\":\"https:\/\/unhz.eu\/fakulteti-i-arteve\/programet-eai\/\",\"url\":\"https:\/\/unhz.eu\/fakulteti-i-arteve\/programet-eai\/\",\"name\":\"Programet EAI - Fakulteti i Arteve\",\"isPartOf\":{\"@id\":\"https:\/\/unhz.eu\/fakulteti-i-arteve\/#website\"},\"datePublished\":\"2025-01-17T13:47:14+00:00\",\"dateModified\":\"2025-02-21T10:15:40+00:00\",\"description\":\"Programi 'Edukim Artistik n\u00eb Interpretim' synon t\u00eb rris\u00eb cil\u00ebsin\u00eb pedagogjike muzikore dhe t\u00eb p\u00ebrgatis\u00eb student\u00ebt p\u00ebr karrier\u00eb n\u00eb pedagogji dhe art performues.\",\"breadcrumb\":{\"@id\":\"https:\/\/unhz.eu\/fakulteti-i-arteve\/programet-eai\/#breadcrumb\"},\"inLanguage\":\"sq\",\"potentialAction\":[{\"@type\":\"ReadAction\",\"target\":[\"https:\/\/unhz.eu\/fakulteti-i-arteve\/programet-eai\/\"]}]},{\"@type\":\"BreadcrumbList\",\"@id\":\"https:\/\/unhz.eu\/fakulteti-i-arteve\/programet-eai\/#breadcrumb\",\"itemListElement\":[{\"@type\":\"ListItem\",\"position\":1,\"name\":\"Home\",\"item\":\"https:\/\/unhz.eu\/fakulteti-i-arteve\/\"},{\"@type\":\"ListItem\",\"position\":2,\"name\":\"Programet EAI\"}]},{\"@type\":\"WebSite\",\"@id\":\"https:\/\/unhz.eu\/fakulteti-i-arteve\/#website\",\"url\":\"https:\/\/unhz.eu\/fakulteti-i-arteve\/\",\"name\":\"Fakulteti i Arteve\",\"description\":\"I dedikuar p\u00ebr cil\u00ebsi standarde dhe suksese\",\"publisher\":{\"@id\":\"https:\/\/unhz.eu\/fakulteti-i-arteve\/#organization\"},\"potentialAction\":[{\"@type\":\"SearchAction\",\"target\":{\"@type\":\"EntryPoint\",\"urlTemplate\":\"https:\/\/unhz.eu\/fakulteti-i-arteve\/?s={search_term_string}\"},\"query-input\":{\"@type\":\"PropertyValueSpecification\",\"valueRequired\":true,\"valueName\":\"search_term_string\"}}],\"inLanguage\":\"sq\"},{\"@type\":\"Organization\",\"@id\":\"https:\/\/unhz.eu\/fakulteti-i-arteve\/#organization\",\"name\":\"Fakulteti i Arteve\",\"url\":\"https:\/\/unhz.eu\/fakulteti-i-arteve\/\",\"logo\":{\"@type\":\"ImageObject\",\"inLanguage\":\"sq\",\"@id\":\"https:\/\/unhz.eu\/fakulteti-i-arteve\/#\/schema\/logo\/image\/\",\"url\":\"https:\/\/unhz.eu\/fakulteti-i-arteve\/wp-content\/uploads\/sites\/8\/2024\/02\/cropped-logo-1-1-e1713527702695.png\",\"contentUrl\":\"https:\/\/unhz.eu\/fakulteti-i-arteve\/wp-content\/uploads\/sites\/8\/2024\/02\/cropped-logo-1-1-e1713527702695.png\",\"width\":100,\"height\":100,\"caption\":\"Fakulteti i Arteve\"},\"image\":{\"@id\":\"https:\/\/unhz.eu\/fakulteti-i-arteve\/#\/schema\/logo\/image\/\"}}]}<\/script>\n<!-- \/ Yoast SEO Premium plugin. -->","yoast_head_json":{"title":"Programet EAI - Fakulteti i Arteve","description":"Programi 'Edukim Artistik n\u00eb Interpretim' synon t\u00eb rris\u00eb cil\u00ebsin\u00eb pedagogjike muzikore dhe t\u00eb p\u00ebrgatis\u00eb student\u00ebt p\u00ebr karrier\u00eb n\u00eb pedagogji dhe art performues.","robots":{"index":"index","follow":"follow","max-snippet":"max-snippet:-1","max-image-preview":"max-image-preview:large","max-video-preview":"max-video-preview:-1"},"canonical":"https:\/\/unhz.eu\/fakulteti-i-arteve\/programet-eai\/","og_locale":"sq_AL","og_type":"article","og_title":"Programet EAI","og_description":"Programi 'Edukim Artistik n\u00eb Interpretim' synon t\u00eb rris\u00eb cil\u00ebsin\u00eb pedagogjike muzikore dhe t\u00eb p\u00ebrgatis\u00eb student\u00ebt p\u00ebr karrier\u00eb n\u00eb pedagogji dhe art performues.","og_url":"https:\/\/unhz.eu\/fakulteti-i-arteve\/programet-eai\/","og_site_name":"Fakulteti i Arteve","article_modified_time":"2025-02-21T10:15:40+00:00","twitter_card":"summary_large_image","twitter_misc":{"Est. reading time":"1 minut\u00eb"},"schema":{"@context":"https:\/\/schema.org","@graph":[{"@type":"WebPage","@id":"https:\/\/unhz.eu\/fakulteti-i-arteve\/programet-eai\/","url":"https:\/\/unhz.eu\/fakulteti-i-arteve\/programet-eai\/","name":"Programet EAI - Fakulteti i Arteve","isPartOf":{"@id":"https:\/\/unhz.eu\/fakulteti-i-arteve\/#website"},"datePublished":"2025-01-17T13:47:14+00:00","dateModified":"2025-02-21T10:15:40+00:00","description":"Programi 'Edukim Artistik n\u00eb Interpretim' synon t\u00eb rris\u00eb cil\u00ebsin\u00eb pedagogjike muzikore dhe t\u00eb p\u00ebrgatis\u00eb student\u00ebt p\u00ebr karrier\u00eb n\u00eb pedagogji dhe art performues.","breadcrumb":{"@id":"https:\/\/unhz.eu\/fakulteti-i-arteve\/programet-eai\/#breadcrumb"},"inLanguage":"sq","potentialAction":[{"@type":"ReadAction","target":["https:\/\/unhz.eu\/fakulteti-i-arteve\/programet-eai\/"]}]},{"@type":"BreadcrumbList","@id":"https:\/\/unhz.eu\/fakulteti-i-arteve\/programet-eai\/#breadcrumb","itemListElement":[{"@type":"ListItem","position":1,"name":"Home","item":"https:\/\/unhz.eu\/fakulteti-i-arteve\/"},{"@type":"ListItem","position":2,"name":"Programet EAI"}]},{"@type":"WebSite","@id":"https:\/\/unhz.eu\/fakulteti-i-arteve\/#website","url":"https:\/\/unhz.eu\/fakulteti-i-arteve\/","name":"Fakulteti i Arteve","description":"I dedikuar p\u00ebr cil\u00ebsi standarde dhe suksese","publisher":{"@id":"https:\/\/unhz.eu\/fakulteti-i-arteve\/#organization"},"potentialAction":[{"@type":"SearchAction","target":{"@type":"EntryPoint","urlTemplate":"https:\/\/unhz.eu\/fakulteti-i-arteve\/?s={search_term_string}"},"query-input":{"@type":"PropertyValueSpecification","valueRequired":true,"valueName":"search_term_string"}}],"inLanguage":"sq"},{"@type":"Organization","@id":"https:\/\/unhz.eu\/fakulteti-i-arteve\/#organization","name":"Fakulteti i Arteve","url":"https:\/\/unhz.eu\/fakulteti-i-arteve\/","logo":{"@type":"ImageObject","inLanguage":"sq","@id":"https:\/\/unhz.eu\/fakulteti-i-arteve\/#\/schema\/logo\/image\/","url":"https:\/\/unhz.eu\/fakulteti-i-arteve\/wp-content\/uploads\/sites\/8\/2024\/02\/cropped-logo-1-1-e1713527702695.png","contentUrl":"https:\/\/unhz.eu\/fakulteti-i-arteve\/wp-content\/uploads\/sites\/8\/2024\/02\/cropped-logo-1-1-e1713527702695.png","width":100,"height":100,"caption":"Fakulteti i Arteve"},"image":{"@id":"https:\/\/unhz.eu\/fakulteti-i-arteve\/#\/schema\/logo\/image\/"}}]}},"_links":{"self":[{"href":"https:\/\/unhz.eu\/fakulteti-i-arteve\/wp-json\/wp\/v2\/pages\/48593","targetHints":{"allow":["GET"]}}],"collection":[{"href":"https:\/\/unhz.eu\/fakulteti-i-arteve\/wp-json\/wp\/v2\/pages"}],"about":[{"href":"https:\/\/unhz.eu\/fakulteti-i-arteve\/wp-json\/wp\/v2\/types\/page"}],"author":[{"embeddable":true,"href":"https:\/\/unhz.eu\/fakulteti-i-arteve\/wp-json\/wp\/v2\/users\/1"}],"replies":[{"embeddable":true,"href":"https:\/\/unhz.eu\/fakulteti-i-arteve\/wp-json\/wp\/v2\/comments?post=48593"}],"version-history":[{"count":0,"href":"https:\/\/unhz.eu\/fakulteti-i-arteve\/wp-json\/wp\/v2\/pages\/48593\/revisions"}],"wp:attachment":[{"href":"https:\/\/unhz.eu\/fakulteti-i-arteve\/wp-json\/wp\/v2\/media?parent=48593"}],"curies":[{"name":"wp","href":"https:\/\/api.w.org\/{rel}","templated":true}]}}