{"id":22755,"date":"2024-05-02T09:41:20","date_gmt":"2024-05-02T09:41:20","guid":{"rendered":"https:\/\/unhz.eu\/fakulteti-i-arteve\/?page_id=22755"},"modified":"2026-01-08T14:35:26","modified_gmt":"2026-01-08T12:35:26","slug":"tryeza-e-rrumbullaket-2","status":"publish","type":"page","link":"https:\/\/unhz.eu\/fakulteti-i-arteve\/tryeza-e-rrumbullaket-2\/","title":{"rendered":"Tryeza e rrumbullak\u00ebt"},"content":{"rendered":"\t\t<div data-elementor-type=\"wp-page\" data-elementor-id=\"22755\" class=\"elementor elementor-22755\" data-elementor-post-type=\"page\">\n\t\t\t\t\t\t<section class=\"elementor-section elementor-top-section elementor-element elementor-element-694e329 elementor-section-boxed elementor-section-height-default elementor-section-height-default sc_fly_static\" data-id=\"694e329\" data-element_type=\"section\" data-e-type=\"section\">\n\t\t\t\t\t\t<div class=\"elementor-container elementor-column-gap-extended\">\n\t\t\t\t\t<div class=\"elementor-column elementor-col-100 elementor-top-column elementor-element elementor-element-8dcec71 sc_content_align_inherit sc_layouts_column_icons_position_left sc_fly_static\" data-id=\"8dcec71\" data-element_type=\"column\" data-e-type=\"column\">\n\t\t\t<div class=\"elementor-widget-wrap elementor-element-populated\">\n\t\t\t\t\t\t<div class=\"elementor-element elementor-element-bb01bd2 sc_fly_static elementor-widget elementor-widget-trx_sc_title\" data-id=\"bb01bd2\" data-element_type=\"widget\" data-e-type=\"widget\" data-widget_type=\"trx_sc_title.default\">\n\t\t\t\t<div class=\"elementor-widget-container\">\n\t\t\t\t\t<div\t\tclass=\"sc_title sc_title_default\" ><span class=\"sc_item_subtitle sc_title_subtitle sc_item_subtitle_above sc_item_title_style_default\">Tryeza e rrumbullak\u00ebt<\/span><h4 class=\"sc_item_title sc_title_title sc_item_title_style_default sc_item_title_tag\"\n\t\t\t><span class=\"sc_item_title_text\">\u201cK\u00ebnga artistike shqipe nga v\u00ebshtrime t\u00eb ndryshme\u201d<\/span><\/h4><\/div>\t\t\t\t<\/div>\n\t\t\t\t<\/div>\n\t\t\t\t<div class=\"elementor-element elementor-element-3cbbe33 sc_fly_static elementor-widget elementor-widget-spacer\" data-id=\"3cbbe33\" data-element_type=\"widget\" data-e-type=\"widget\" data-widget_type=\"spacer.default\">\n\t\t\t\t<div class=\"elementor-widget-container\">\n\t\t\t\t\t\t\t<div class=\"elementor-spacer\">\n\t\t\t<div class=\"elementor-spacer-inner\"><\/div>\n\t\t<\/div>\n\t\t\t\t\t\t<\/div>\n\t\t\t\t<\/div>\n\t\t\t\t<div class=\"elementor-element elementor-element-a7a78ae sc_fly_static elementor-widget elementor-widget-text-editor\" data-id=\"a7a78ae\" data-element_type=\"widget\" data-e-type=\"widget\" data-widget_type=\"text-editor.default\">\n\t\t\t\t<div class=\"elementor-widget-container\">\n\t\t\t\t\t\t\t\t\t<p>UNIVERSITETI \u2013 UNIVERSITY \u201cHAXHI ZEKA\u201d<br \/>FAKULTETI I ARTEVE<\/p><p>Tryeza e rrumbullak\u00ebt<br \/>\u201cK\u00ebnga artistike shqipe nga v\u00ebshtrime t\u00eb ndryshme\u201d<\/p><p>Pjes\u00ebmarr\u00ebs:<br \/>Rafet Rudi<br \/>Eno Ko\u00e7o<br \/>Shqipe Zani<br \/>Elife Podvorica<br \/>Nestor Kraja<br \/>Besa Berberi<br \/>Bajram \u00c7upi<br \/>Arsim Kelmendi<br \/>Syzana Jakupi<\/p><p>14-15 prill 2022<br \/>Hotel Serafina, Pej\u00eb, Kosov\u00eb<\/p><p><a href=\"https:\/\/unhz.eu\/wp-content\/uploads\/2023\/12\/Kenga-artistike-shqipe-nga-veshtrime-te-ndryshme.pdf\">\u201cK\u00ebnga artistike shqipe nga v\u00ebshtrime t\u00eb ndryshme\u201d<\/a><\/p><p><a href=\"https:\/\/unhz.eu\/wp-content\/uploads\/2023\/12\/Albanian-Artistic-Song-From-different-points-of-view.pdf\">\u201cAlbanian Artistic Song\u201d From different points of view<\/a><\/p>\t\t\t\t\t\t\t\t<\/div>\n\t\t\t\t<\/div>\n\t\t\t\t\t<\/div>\n\t\t<\/div>\n\t\t\t\t\t<\/div>\n\t\t<\/section>\n\t\t\t\t<\/div>\n\t\t","protected":false},"excerpt":{"rendered":"<p>Tryeza e rrumbullak\u00ebt \u201cK\u00ebnga artistike shqipe nga v\u00ebshtrime t\u00eb ndryshme\u201d UNIVERSITETI \u2013 UNIVERSITY \u201cHAXHI ZEKA\u201dFAKULTETI I ARTEVE Tryeza e rrumbullak\u00ebt\u201cK\u00ebnga artistike shqipe nga v\u00ebshtrime t\u00eb ndryshme\u201d Pjes\u00ebmarr\u00ebs:Rafet RudiEno Ko\u00e7oShqipe ZaniElife&hellip;<\/p>\n","protected":false},"author":1,"featured_media":0,"parent":0,"menu_order":0,"comment_status":"closed","ping_status":"closed","template":"","meta":{"footnotes":""},"class_list":["post-22755","page","type-page","status-publish","hentry"],"yoast_head":"<!-- This site is optimized with the Yoast SEO Premium plugin v27.2 (Yoast SEO v27.2) - https:\/\/yoast.com\/product\/yoast-seo-premium-wordpress\/ -->\n<title>Tryeza e rrumbullak\u00ebt Fakulteti Arteve Universiteti Haxhi Zeka UHZ<\/title>\n<meta name=\"description\" content=\"Lexo njoftimin p\u00ebr tryez\u00ebn e rrumbullak\u00ebt t\u00eb organizuar nga Fakulteti i Arteve i Universitetit \u201cHaxhi Zeka\u201d (UHZ). M\u00ebso p\u00ebr tem\u00ebn, dat\u00ebn dhe pjes\u00ebmarr\u00ebsit n\u00eb k\u00ebt\u00eb aktivitet diskutimi akademik q\u00eb lidh student\u00eb, pedagog\u00eb dhe artdash\u00ebs.\" \/>\n<meta name=\"robots\" content=\"index, follow, max-snippet:-1, max-image-preview:large, max-video-preview:-1\" \/>\n<link rel=\"canonical\" href=\"https:\/\/unhz.eu\/fakulteti-i-arteve\/tryeza-e-rrumbullaket-2\/\" \/>\n<meta property=\"og:locale\" content=\"sq_AL\" \/>\n<meta property=\"og:type\" content=\"article\" \/>\n<meta property=\"og:title\" content=\"Tryeza e rrumbullak\u00ebt\" \/>\n<meta property=\"og:description\" content=\"Lexo njoftimin p\u00ebr tryez\u00ebn e rrumbullak\u00ebt t\u00eb organizuar nga Fakulteti i Arteve i Universitetit \u201cHaxhi Zeka\u201d (UHZ). M\u00ebso p\u00ebr tem\u00ebn, dat\u00ebn dhe pjes\u00ebmarr\u00ebsit n\u00eb k\u00ebt\u00eb aktivitet diskutimi akademik q\u00eb lidh student\u00eb, pedagog\u00eb dhe artdash\u00ebs.\" \/>\n<meta property=\"og:url\" content=\"https:\/\/unhz.eu\/fakulteti-i-arteve\/tryeza-e-rrumbullaket-2\/\" \/>\n<meta property=\"og:site_name\" content=\"Fakulteti i Arteve\" \/>\n<meta property=\"article:modified_time\" content=\"2026-01-08T12:35:26+00:00\" \/>\n<meta name=\"twitter:card\" content=\"summary_large_image\" \/>\n<meta name=\"twitter:label1\" content=\"Est. reading time\" \/>\n\t<meta name=\"twitter:data1\" content=\"1 minut\u00eb\" \/>\n<script type=\"application\/ld+json\" class=\"yoast-schema-graph\">{\"@context\":\"https:\/\/schema.org\",\"@graph\":[{\"@type\":\"WebPage\",\"@id\":\"https:\/\/unhz.eu\/fakulteti-i-arteve\/tryeza-e-rrumbullaket-2\/\",\"url\":\"https:\/\/unhz.eu\/fakulteti-i-arteve\/tryeza-e-rrumbullaket-2\/\",\"name\":\"Tryeza e rrumbullak\u00ebt Fakulteti Arteve Universiteti Haxhi Zeka UHZ\",\"isPartOf\":{\"@id\":\"https:\/\/unhz.eu\/fakulteti-i-arteve\/#website\"},\"datePublished\":\"2024-05-02T09:41:20+00:00\",\"dateModified\":\"2026-01-08T12:35:26+00:00\",\"description\":\"Lexo njoftimin p\u00ebr tryez\u00ebn e rrumbullak\u00ebt t\u00eb organizuar nga Fakulteti i Arteve i Universitetit \u201cHaxhi Zeka\u201d (UHZ). M\u00ebso p\u00ebr tem\u00ebn, dat\u00ebn dhe pjes\u00ebmarr\u00ebsit n\u00eb k\u00ebt\u00eb aktivitet diskutimi akademik q\u00eb lidh student\u00eb, pedagog\u00eb dhe artdash\u00ebs.\",\"breadcrumb\":{\"@id\":\"https:\/\/unhz.eu\/fakulteti-i-arteve\/tryeza-e-rrumbullaket-2\/#breadcrumb\"},\"inLanguage\":\"sq\",\"potentialAction\":[{\"@type\":\"ReadAction\",\"target\":[\"https:\/\/unhz.eu\/fakulteti-i-arteve\/tryeza-e-rrumbullaket-2\/\"]}]},{\"@type\":\"BreadcrumbList\",\"@id\":\"https:\/\/unhz.eu\/fakulteti-i-arteve\/tryeza-e-rrumbullaket-2\/#breadcrumb\",\"itemListElement\":[{\"@type\":\"ListItem\",\"position\":1,\"name\":\"Home\",\"item\":\"https:\/\/unhz.eu\/fakulteti-i-arteve\/\"},{\"@type\":\"ListItem\",\"position\":2,\"name\":\"Tryeza e rrumbullak\u00ebt\"}]},{\"@type\":\"WebSite\",\"@id\":\"https:\/\/unhz.eu\/fakulteti-i-arteve\/#website\",\"url\":\"https:\/\/unhz.eu\/fakulteti-i-arteve\/\",\"name\":\"Fakulteti i Arteve\",\"description\":\"I dedikuar p\u00ebr cil\u00ebsi standarde dhe suksese\",\"publisher\":{\"@id\":\"https:\/\/unhz.eu\/fakulteti-i-arteve\/#organization\"},\"potentialAction\":[{\"@type\":\"SearchAction\",\"target\":{\"@type\":\"EntryPoint\",\"urlTemplate\":\"https:\/\/unhz.eu\/fakulteti-i-arteve\/?s={search_term_string}\"},\"query-input\":{\"@type\":\"PropertyValueSpecification\",\"valueRequired\":true,\"valueName\":\"search_term_string\"}}],\"inLanguage\":\"sq\"},{\"@type\":\"Organization\",\"@id\":\"https:\/\/unhz.eu\/fakulteti-i-arteve\/#organization\",\"name\":\"Fakulteti i Arteve\",\"url\":\"https:\/\/unhz.eu\/fakulteti-i-arteve\/\",\"logo\":{\"@type\":\"ImageObject\",\"inLanguage\":\"sq\",\"@id\":\"https:\/\/unhz.eu\/fakulteti-i-arteve\/#\/schema\/logo\/image\/\",\"url\":\"https:\/\/unhz.eu\/fakulteti-i-arteve\/wp-content\/uploads\/sites\/8\/2024\/02\/cropped-logo-1-1-e1713527702695.png\",\"contentUrl\":\"https:\/\/unhz.eu\/fakulteti-i-arteve\/wp-content\/uploads\/sites\/8\/2024\/02\/cropped-logo-1-1-e1713527702695.png\",\"width\":100,\"height\":100,\"caption\":\"Fakulteti i Arteve\"},\"image\":{\"@id\":\"https:\/\/unhz.eu\/fakulteti-i-arteve\/#\/schema\/logo\/image\/\"}}]}<\/script>\n<!-- \/ Yoast SEO Premium plugin. -->","yoast_head_json":{"title":"Tryeza e rrumbullak\u00ebt Fakulteti Arteve Universiteti Haxhi Zeka UHZ","description":"Lexo njoftimin p\u00ebr tryez\u00ebn e rrumbullak\u00ebt t\u00eb organizuar nga Fakulteti i Arteve i Universitetit \u201cHaxhi Zeka\u201d (UHZ). M\u00ebso p\u00ebr tem\u00ebn, dat\u00ebn dhe pjes\u00ebmarr\u00ebsit n\u00eb k\u00ebt\u00eb aktivitet diskutimi akademik q\u00eb lidh student\u00eb, pedagog\u00eb dhe artdash\u00ebs.","robots":{"index":"index","follow":"follow","max-snippet":"max-snippet:-1","max-image-preview":"max-image-preview:large","max-video-preview":"max-video-preview:-1"},"canonical":"https:\/\/unhz.eu\/fakulteti-i-arteve\/tryeza-e-rrumbullaket-2\/","og_locale":"sq_AL","og_type":"article","og_title":"Tryeza e rrumbullak\u00ebt","og_description":"Lexo njoftimin p\u00ebr tryez\u00ebn e rrumbullak\u00ebt t\u00eb organizuar nga Fakulteti i Arteve i Universitetit \u201cHaxhi Zeka\u201d (UHZ). M\u00ebso p\u00ebr tem\u00ebn, dat\u00ebn dhe pjes\u00ebmarr\u00ebsit n\u00eb k\u00ebt\u00eb aktivitet diskutimi akademik q\u00eb lidh student\u00eb, pedagog\u00eb dhe artdash\u00ebs.","og_url":"https:\/\/unhz.eu\/fakulteti-i-arteve\/tryeza-e-rrumbullaket-2\/","og_site_name":"Fakulteti i Arteve","article_modified_time":"2026-01-08T12:35:26+00:00","twitter_card":"summary_large_image","twitter_misc":{"Est. reading time":"1 minut\u00eb"},"schema":{"@context":"https:\/\/schema.org","@graph":[{"@type":"WebPage","@id":"https:\/\/unhz.eu\/fakulteti-i-arteve\/tryeza-e-rrumbullaket-2\/","url":"https:\/\/unhz.eu\/fakulteti-i-arteve\/tryeza-e-rrumbullaket-2\/","name":"Tryeza e rrumbullak\u00ebt Fakulteti Arteve Universiteti Haxhi Zeka UHZ","isPartOf":{"@id":"https:\/\/unhz.eu\/fakulteti-i-arteve\/#website"},"datePublished":"2024-05-02T09:41:20+00:00","dateModified":"2026-01-08T12:35:26+00:00","description":"Lexo njoftimin p\u00ebr tryez\u00ebn e rrumbullak\u00ebt t\u00eb organizuar nga Fakulteti i Arteve i Universitetit \u201cHaxhi Zeka\u201d (UHZ). M\u00ebso p\u00ebr tem\u00ebn, dat\u00ebn dhe pjes\u00ebmarr\u00ebsit n\u00eb k\u00ebt\u00eb aktivitet diskutimi akademik q\u00eb lidh student\u00eb, pedagog\u00eb dhe artdash\u00ebs.","breadcrumb":{"@id":"https:\/\/unhz.eu\/fakulteti-i-arteve\/tryeza-e-rrumbullaket-2\/#breadcrumb"},"inLanguage":"sq","potentialAction":[{"@type":"ReadAction","target":["https:\/\/unhz.eu\/fakulteti-i-arteve\/tryeza-e-rrumbullaket-2\/"]}]},{"@type":"BreadcrumbList","@id":"https:\/\/unhz.eu\/fakulteti-i-arteve\/tryeza-e-rrumbullaket-2\/#breadcrumb","itemListElement":[{"@type":"ListItem","position":1,"name":"Home","item":"https:\/\/unhz.eu\/fakulteti-i-arteve\/"},{"@type":"ListItem","position":2,"name":"Tryeza e rrumbullak\u00ebt"}]},{"@type":"WebSite","@id":"https:\/\/unhz.eu\/fakulteti-i-arteve\/#website","url":"https:\/\/unhz.eu\/fakulteti-i-arteve\/","name":"Fakulteti i Arteve","description":"I dedikuar p\u00ebr cil\u00ebsi standarde dhe suksese","publisher":{"@id":"https:\/\/unhz.eu\/fakulteti-i-arteve\/#organization"},"potentialAction":[{"@type":"SearchAction","target":{"@type":"EntryPoint","urlTemplate":"https:\/\/unhz.eu\/fakulteti-i-arteve\/?s={search_term_string}"},"query-input":{"@type":"PropertyValueSpecification","valueRequired":true,"valueName":"search_term_string"}}],"inLanguage":"sq"},{"@type":"Organization","@id":"https:\/\/unhz.eu\/fakulteti-i-arteve\/#organization","name":"Fakulteti i Arteve","url":"https:\/\/unhz.eu\/fakulteti-i-arteve\/","logo":{"@type":"ImageObject","inLanguage":"sq","@id":"https:\/\/unhz.eu\/fakulteti-i-arteve\/#\/schema\/logo\/image\/","url":"https:\/\/unhz.eu\/fakulteti-i-arteve\/wp-content\/uploads\/sites\/8\/2024\/02\/cropped-logo-1-1-e1713527702695.png","contentUrl":"https:\/\/unhz.eu\/fakulteti-i-arteve\/wp-content\/uploads\/sites\/8\/2024\/02\/cropped-logo-1-1-e1713527702695.png","width":100,"height":100,"caption":"Fakulteti i Arteve"},"image":{"@id":"https:\/\/unhz.eu\/fakulteti-i-arteve\/#\/schema\/logo\/image\/"}}]}},"_links":{"self":[{"href":"https:\/\/unhz.eu\/fakulteti-i-arteve\/wp-json\/wp\/v2\/pages\/22755","targetHints":{"allow":["GET"]}}],"collection":[{"href":"https:\/\/unhz.eu\/fakulteti-i-arteve\/wp-json\/wp\/v2\/pages"}],"about":[{"href":"https:\/\/unhz.eu\/fakulteti-i-arteve\/wp-json\/wp\/v2\/types\/page"}],"author":[{"embeddable":true,"href":"https:\/\/unhz.eu\/fakulteti-i-arteve\/wp-json\/wp\/v2\/users\/1"}],"replies":[{"embeddable":true,"href":"https:\/\/unhz.eu\/fakulteti-i-arteve\/wp-json\/wp\/v2\/comments?post=22755"}],"version-history":[{"count":1,"href":"https:\/\/unhz.eu\/fakulteti-i-arteve\/wp-json\/wp\/v2\/pages\/22755\/revisions"}],"predecessor-version":[{"id":49463,"href":"https:\/\/unhz.eu\/fakulteti-i-arteve\/wp-json\/wp\/v2\/pages\/22755\/revisions\/49463"}],"wp:attachment":[{"href":"https:\/\/unhz.eu\/fakulteti-i-arteve\/wp-json\/wp\/v2\/media?parent=22755"}],"curies":[{"name":"wp","href":"https:\/\/api.w.org\/{rel}","templated":true}]}}