{"id":22549,"date":"2024-04-30T14:03:28","date_gmt":"2024-04-30T14:03:28","guid":{"rendered":"https:\/\/unhz.eu\/fakulteti-i-arteve\/?page_id=22549"},"modified":"2026-01-08T14:33:14","modified_gmt":"2026-01-08T12:33:14","slug":"tryeza-e-rrumbullaket","status":"publish","type":"page","link":"https:\/\/unhz.eu\/fakulteti-i-arteve\/tryeza-e-rrumbullaket\/","title":{"rendered":"Tryeza e rrumbullak\u00ebt"},"content":{"rendered":"\n<p>UNIVERSITETI \u2013 UNIVERSITY \u201cHAXHI ZEKA\u201d<br>FAKULTETI I ARTEVE<\/p>\n\n\n\n<p>Tryeza e rrumbullak\u00ebt<br>\u201cK\u00ebnga artistike shqipe nga v\u00ebshtrime t\u00eb ndryshme\u201d<\/p>\n\n\n\n<p>Pjes\u00ebmarr\u00ebs:<br>Rafet Rudi<br>Eno Ko\u00e7o<br>Shqipe Zani<br>Elife Podvorica<br>Nestor Kraja<br>Besa Berberi<br>Bajram \u00c7upi<br>Arsim Kelmendi<br>Syzana Jakupi<\/p>\n\n\n\n<p>14-15 prill 2022<br>Hotel Serafina, Pej\u00eb, Kosov\u00eb<\/p>\n\n\n\n<p><a href=\"https:\/\/old.unhz.eu\/wp-content\/uploads\/2023\/12\/Kenga-artistike-shqipe-nga-veshtrime-te-ndryshme.pdf\">\u201cK\u00ebnga artistike shqipe nga v\u00ebshtrime t\u00eb ndryshme\u201d<\/a><\/p>\n\n\n\n<p><a href=\"https:\/\/old.unhz.eu\/wp-content\/uploads\/2023\/12\/Albanian-Artistic-Song-From-different-points-of-view.pdf\">\u201cAlbanian Artistic Song\u201d From different points of view<\/a><\/p>\n","protected":false},"excerpt":{"rendered":"<p>UNIVERSITETI \u2013 UNIVERSITY \u201cHAXHI ZEKA\u201dFAKULTETI I ARTEVE Tryeza e rrumbullak\u00ebt\u201cK\u00ebnga artistike shqipe nga v\u00ebshtrime t\u00eb ndryshme\u201d Pjes\u00ebmarr\u00ebs:Rafet RudiEno Ko\u00e7oShqipe ZaniElife PodvoricaNestor KrajaBesa BerberiBajram \u00c7upiArsim KelmendiSyzana Jakupi 14-15 prill 2022Hotel Serafina,&hellip;<\/p>\n","protected":false},"author":1,"featured_media":0,"parent":0,"menu_order":0,"comment_status":"closed","ping_status":"closed","template":"","meta":{"footnotes":""},"class_list":["post-22549","page","type-page","status-publish","hentry"],"yoast_head":"<!-- This site is optimized with the Yoast SEO Premium plugin v27.2 (Yoast SEO v27.2) - https:\/\/yoast.com\/product\/yoast-seo-premium-wordpress\/ -->\n<title>Tryeza e rrumbullak\u00ebt Fakulteti Arteve Universiteti Haxhi Zeka UHZ<\/title>\n<meta name=\"description\" content=\"Lexo njoftimin p\u00ebr tryez\u00ebn e rrumbullak\u00ebt t\u00eb organizuar nga Fakulteti i Arteve i Universitetit \u201cHaxhi Zeka\u201d (UHZ). M\u00ebso p\u00ebr tem\u00ebn, dat\u00ebn, pjes\u00ebmarr\u00ebsit dhe diskutimet n\u00eb k\u00ebt\u00eb aktivitet akademik dhe kulturor t\u00eb fokusuar n\u00eb zhvillimin e artit dhe muzik\u00ebs.\" \/>\n<meta name=\"robots\" content=\"index, follow, max-snippet:-1, max-image-preview:large, max-video-preview:-1\" \/>\n<link rel=\"canonical\" href=\"https:\/\/unhz.eu\/fakulteti-i-arteve\/tryeza-e-rrumbullaket\/\" \/>\n<meta property=\"og:locale\" content=\"sq_AL\" \/>\n<meta property=\"og:type\" content=\"article\" \/>\n<meta property=\"og:title\" content=\"Tryeza e rrumbullak\u00ebt\" \/>\n<meta property=\"og:description\" content=\"Lexo njoftimin p\u00ebr tryez\u00ebn e rrumbullak\u00ebt t\u00eb organizuar nga Fakulteti i Arteve i Universitetit \u201cHaxhi Zeka\u201d (UHZ). M\u00ebso p\u00ebr tem\u00ebn, dat\u00ebn, pjes\u00ebmarr\u00ebsit dhe diskutimet n\u00eb k\u00ebt\u00eb aktivitet akademik dhe kulturor t\u00eb fokusuar n\u00eb zhvillimin e artit dhe muzik\u00ebs.\" \/>\n<meta property=\"og:url\" content=\"https:\/\/unhz.eu\/fakulteti-i-arteve\/tryeza-e-rrumbullaket\/\" \/>\n<meta property=\"og:site_name\" content=\"Fakulteti i Arteve\" \/>\n<meta property=\"article:modified_time\" content=\"2026-01-08T12:33:14+00:00\" \/>\n<meta name=\"twitter:card\" content=\"summary_large_image\" \/>\n<meta name=\"twitter:label1\" content=\"Est. reading time\" \/>\n\t<meta name=\"twitter:data1\" content=\"1 minut\u00eb\" \/>\n<script type=\"application\/ld+json\" class=\"yoast-schema-graph\">{\"@context\":\"https:\/\/schema.org\",\"@graph\":[{\"@type\":\"WebPage\",\"@id\":\"https:\/\/unhz.eu\/fakulteti-i-arteve\/tryeza-e-rrumbullaket\/\",\"url\":\"https:\/\/unhz.eu\/fakulteti-i-arteve\/tryeza-e-rrumbullaket\/\",\"name\":\"Tryeza e rrumbullak\u00ebt Fakulteti Arteve Universiteti Haxhi Zeka UHZ\",\"isPartOf\":{\"@id\":\"https:\/\/unhz.eu\/fakulteti-i-arteve\/#website\"},\"datePublished\":\"2024-04-30T14:03:28+00:00\",\"dateModified\":\"2026-01-08T12:33:14+00:00\",\"description\":\"Lexo njoftimin p\u00ebr tryez\u00ebn e rrumbullak\u00ebt t\u00eb organizuar nga Fakulteti i Arteve i Universitetit \u201cHaxhi Zeka\u201d (UHZ). M\u00ebso p\u00ebr tem\u00ebn, dat\u00ebn, pjes\u00ebmarr\u00ebsit dhe diskutimet n\u00eb k\u00ebt\u00eb aktivitet akademik dhe kulturor t\u00eb fokusuar n\u00eb zhvillimin e artit dhe muzik\u00ebs.\",\"breadcrumb\":{\"@id\":\"https:\/\/unhz.eu\/fakulteti-i-arteve\/tryeza-e-rrumbullaket\/#breadcrumb\"},\"inLanguage\":\"sq\",\"potentialAction\":[{\"@type\":\"ReadAction\",\"target\":[\"https:\/\/unhz.eu\/fakulteti-i-arteve\/tryeza-e-rrumbullaket\/\"]}]},{\"@type\":\"BreadcrumbList\",\"@id\":\"https:\/\/unhz.eu\/fakulteti-i-arteve\/tryeza-e-rrumbullaket\/#breadcrumb\",\"itemListElement\":[{\"@type\":\"ListItem\",\"position\":1,\"name\":\"Home\",\"item\":\"https:\/\/unhz.eu\/fakulteti-i-arteve\/\"},{\"@type\":\"ListItem\",\"position\":2,\"name\":\"Tryeza e rrumbullak\u00ebt\"}]},{\"@type\":\"WebSite\",\"@id\":\"https:\/\/unhz.eu\/fakulteti-i-arteve\/#website\",\"url\":\"https:\/\/unhz.eu\/fakulteti-i-arteve\/\",\"name\":\"Fakulteti i Arteve\",\"description\":\"I dedikuar p\u00ebr cil\u00ebsi standarde dhe suksese\",\"publisher\":{\"@id\":\"https:\/\/unhz.eu\/fakulteti-i-arteve\/#organization\"},\"potentialAction\":[{\"@type\":\"SearchAction\",\"target\":{\"@type\":\"EntryPoint\",\"urlTemplate\":\"https:\/\/unhz.eu\/fakulteti-i-arteve\/?s={search_term_string}\"},\"query-input\":{\"@type\":\"PropertyValueSpecification\",\"valueRequired\":true,\"valueName\":\"search_term_string\"}}],\"inLanguage\":\"sq\"},{\"@type\":\"Organization\",\"@id\":\"https:\/\/unhz.eu\/fakulteti-i-arteve\/#organization\",\"name\":\"Fakulteti i Arteve\",\"url\":\"https:\/\/unhz.eu\/fakulteti-i-arteve\/\",\"logo\":{\"@type\":\"ImageObject\",\"inLanguage\":\"sq\",\"@id\":\"https:\/\/unhz.eu\/fakulteti-i-arteve\/#\/schema\/logo\/image\/\",\"url\":\"https:\/\/unhz.eu\/fakulteti-i-arteve\/wp-content\/uploads\/sites\/8\/2024\/02\/cropped-logo-1-1-e1713527702695.png\",\"contentUrl\":\"https:\/\/unhz.eu\/fakulteti-i-arteve\/wp-content\/uploads\/sites\/8\/2024\/02\/cropped-logo-1-1-e1713527702695.png\",\"width\":100,\"height\":100,\"caption\":\"Fakulteti i Arteve\"},\"image\":{\"@id\":\"https:\/\/unhz.eu\/fakulteti-i-arteve\/#\/schema\/logo\/image\/\"}}]}<\/script>\n<!-- \/ Yoast SEO Premium plugin. -->","yoast_head_json":{"title":"Tryeza e rrumbullak\u00ebt Fakulteti Arteve Universiteti Haxhi Zeka UHZ","description":"Lexo njoftimin p\u00ebr tryez\u00ebn e rrumbullak\u00ebt t\u00eb organizuar nga Fakulteti i Arteve i Universitetit \u201cHaxhi Zeka\u201d (UHZ). M\u00ebso p\u00ebr tem\u00ebn, dat\u00ebn, pjes\u00ebmarr\u00ebsit dhe diskutimet n\u00eb k\u00ebt\u00eb aktivitet akademik dhe kulturor t\u00eb fokusuar n\u00eb zhvillimin e artit dhe muzik\u00ebs.","robots":{"index":"index","follow":"follow","max-snippet":"max-snippet:-1","max-image-preview":"max-image-preview:large","max-video-preview":"max-video-preview:-1"},"canonical":"https:\/\/unhz.eu\/fakulteti-i-arteve\/tryeza-e-rrumbullaket\/","og_locale":"sq_AL","og_type":"article","og_title":"Tryeza e rrumbullak\u00ebt","og_description":"Lexo njoftimin p\u00ebr tryez\u00ebn e rrumbullak\u00ebt t\u00eb organizuar nga Fakulteti i Arteve i Universitetit \u201cHaxhi Zeka\u201d (UHZ). M\u00ebso p\u00ebr tem\u00ebn, dat\u00ebn, pjes\u00ebmarr\u00ebsit dhe diskutimet n\u00eb k\u00ebt\u00eb aktivitet akademik dhe kulturor t\u00eb fokusuar n\u00eb zhvillimin e artit dhe muzik\u00ebs.","og_url":"https:\/\/unhz.eu\/fakulteti-i-arteve\/tryeza-e-rrumbullaket\/","og_site_name":"Fakulteti i Arteve","article_modified_time":"2026-01-08T12:33:14+00:00","twitter_card":"summary_large_image","twitter_misc":{"Est. reading time":"1 minut\u00eb"},"schema":{"@context":"https:\/\/schema.org","@graph":[{"@type":"WebPage","@id":"https:\/\/unhz.eu\/fakulteti-i-arteve\/tryeza-e-rrumbullaket\/","url":"https:\/\/unhz.eu\/fakulteti-i-arteve\/tryeza-e-rrumbullaket\/","name":"Tryeza e rrumbullak\u00ebt Fakulteti Arteve Universiteti Haxhi Zeka UHZ","isPartOf":{"@id":"https:\/\/unhz.eu\/fakulteti-i-arteve\/#website"},"datePublished":"2024-04-30T14:03:28+00:00","dateModified":"2026-01-08T12:33:14+00:00","description":"Lexo njoftimin p\u00ebr tryez\u00ebn e rrumbullak\u00ebt t\u00eb organizuar nga Fakulteti i Arteve i Universitetit \u201cHaxhi Zeka\u201d (UHZ). M\u00ebso p\u00ebr tem\u00ebn, dat\u00ebn, pjes\u00ebmarr\u00ebsit dhe diskutimet n\u00eb k\u00ebt\u00eb aktivitet akademik dhe kulturor t\u00eb fokusuar n\u00eb zhvillimin e artit dhe muzik\u00ebs.","breadcrumb":{"@id":"https:\/\/unhz.eu\/fakulteti-i-arteve\/tryeza-e-rrumbullaket\/#breadcrumb"},"inLanguage":"sq","potentialAction":[{"@type":"ReadAction","target":["https:\/\/unhz.eu\/fakulteti-i-arteve\/tryeza-e-rrumbullaket\/"]}]},{"@type":"BreadcrumbList","@id":"https:\/\/unhz.eu\/fakulteti-i-arteve\/tryeza-e-rrumbullaket\/#breadcrumb","itemListElement":[{"@type":"ListItem","position":1,"name":"Home","item":"https:\/\/unhz.eu\/fakulteti-i-arteve\/"},{"@type":"ListItem","position":2,"name":"Tryeza e rrumbullak\u00ebt"}]},{"@type":"WebSite","@id":"https:\/\/unhz.eu\/fakulteti-i-arteve\/#website","url":"https:\/\/unhz.eu\/fakulteti-i-arteve\/","name":"Fakulteti i Arteve","description":"I dedikuar p\u00ebr cil\u00ebsi standarde dhe suksese","publisher":{"@id":"https:\/\/unhz.eu\/fakulteti-i-arteve\/#organization"},"potentialAction":[{"@type":"SearchAction","target":{"@type":"EntryPoint","urlTemplate":"https:\/\/unhz.eu\/fakulteti-i-arteve\/?s={search_term_string}"},"query-input":{"@type":"PropertyValueSpecification","valueRequired":true,"valueName":"search_term_string"}}],"inLanguage":"sq"},{"@type":"Organization","@id":"https:\/\/unhz.eu\/fakulteti-i-arteve\/#organization","name":"Fakulteti i Arteve","url":"https:\/\/unhz.eu\/fakulteti-i-arteve\/","logo":{"@type":"ImageObject","inLanguage":"sq","@id":"https:\/\/unhz.eu\/fakulteti-i-arteve\/#\/schema\/logo\/image\/","url":"https:\/\/unhz.eu\/fakulteti-i-arteve\/wp-content\/uploads\/sites\/8\/2024\/02\/cropped-logo-1-1-e1713527702695.png","contentUrl":"https:\/\/unhz.eu\/fakulteti-i-arteve\/wp-content\/uploads\/sites\/8\/2024\/02\/cropped-logo-1-1-e1713527702695.png","width":100,"height":100,"caption":"Fakulteti i Arteve"},"image":{"@id":"https:\/\/unhz.eu\/fakulteti-i-arteve\/#\/schema\/logo\/image\/"}}]}},"_links":{"self":[{"href":"https:\/\/unhz.eu\/fakulteti-i-arteve\/wp-json\/wp\/v2\/pages\/22549","targetHints":{"allow":["GET"]}}],"collection":[{"href":"https:\/\/unhz.eu\/fakulteti-i-arteve\/wp-json\/wp\/v2\/pages"}],"about":[{"href":"https:\/\/unhz.eu\/fakulteti-i-arteve\/wp-json\/wp\/v2\/types\/page"}],"author":[{"embeddable":true,"href":"https:\/\/unhz.eu\/fakulteti-i-arteve\/wp-json\/wp\/v2\/users\/1"}],"replies":[{"embeddable":true,"href":"https:\/\/unhz.eu\/fakulteti-i-arteve\/wp-json\/wp\/v2\/comments?post=22549"}],"version-history":[{"count":1,"href":"https:\/\/unhz.eu\/fakulteti-i-arteve\/wp-json\/wp\/v2\/pages\/22549\/revisions"}],"predecessor-version":[{"id":48797,"href":"https:\/\/unhz.eu\/fakulteti-i-arteve\/wp-json\/wp\/v2\/pages\/22549\/revisions\/48797"}],"wp:attachment":[{"href":"https:\/\/unhz.eu\/fakulteti-i-arteve\/wp-json\/wp\/v2\/media?parent=22549"}],"curies":[{"name":"wp","href":"https:\/\/api.w.org\/{rel}","templated":true}]}}