{"id":21366,"date":"2024-02-28T07:54:48","date_gmt":"2024-02-28T07:54:48","guid":{"rendered":"http:\/\/unhz.local\/fakulteti-i-biznesit\/?page_id=21366"},"modified":"2026-01-08T14:39:01","modified_gmt":"2026-01-08T12:39:01","slug":"akreditim","status":"publish","type":"page","link":"https:\/\/unhz.eu\/fakulteti-i-arteve\/akreditim\/","title":{"rendered":"Universiteti Haxhi Zeka n\u00eb Pej\u00eb akreditohet p\u00ebr 5 vite"},"content":{"rendered":"\t\t<div data-elementor-type=\"wp-page\" data-elementor-id=\"21366\" class=\"elementor elementor-21366\" data-elementor-post-type=\"page\">\n\t\t\t\t\t\t<section class=\"elementor-section elementor-top-section elementor-element elementor-element-ac142e6 elementor-section-boxed elementor-section-height-default elementor-section-height-default sc_fly_static\" data-id=\"ac142e6\" data-element_type=\"section\" data-e-type=\"section\">\n\t\t\t\t\t\t<div class=\"elementor-container elementor-column-gap-extended\">\n\t\t\t\t\t<div class=\"elementor-column elementor-col-100 elementor-top-column elementor-element elementor-element-3abc821 sc_content_align_inherit sc_layouts_column_icons_position_left sc_fly_static\" data-id=\"3abc821\" data-element_type=\"column\" data-e-type=\"column\">\n\t\t\t<div class=\"elementor-widget-wrap elementor-element-populated\">\n\t\t\t\t\t\t<div class=\"elementor-element elementor-element-0239465 sc_fly_static elementor-widget elementor-widget-heading\" data-id=\"0239465\" data-element_type=\"widget\" data-e-type=\"widget\" data-widget_type=\"heading.default\">\n\t\t\t\t<div class=\"elementor-widget-container\">\n\t\t\t\t\t<h3 class=\"elementor-heading-title elementor-size-default\">Universiteti Haxhi Zeka n\u00eb Pej\u00eb akreditohet p\u00ebr 5 vite\n<\/h3>\t\t\t\t<\/div>\n\t\t\t\t<\/div>\n\t\t\t\t\t<\/div>\n\t\t<\/div>\n\t\t\t\t\t<\/div>\n\t\t<\/section>\n\t\t\t\t<section class=\"elementor-section elementor-top-section elementor-element elementor-element-98b535f elementor-section-boxed elementor-section-height-default elementor-section-height-default sc_fly_static\" data-id=\"98b535f\" data-element_type=\"section\" data-e-type=\"section\">\n\t\t\t\t\t\t<div class=\"elementor-container elementor-column-gap-extended\">\n\t\t\t\t\t<div class=\"elementor-column elementor-col-100 elementor-top-column elementor-element elementor-element-73bc4f6e sc_content_align_inherit sc_layouts_column_icons_position_left sc_fly_static\" data-id=\"73bc4f6e\" data-element_type=\"column\" data-e-type=\"column\">\n\t\t\t<div class=\"elementor-widget-wrap elementor-element-populated\">\n\t\t\t\t\t\t<div class=\"elementor-element elementor-element-a21c6a4 sc_fly_static elementor-widget elementor-widget-spacer\" data-id=\"a21c6a4\" data-element_type=\"widget\" data-e-type=\"widget\" data-widget_type=\"spacer.default\">\n\t\t\t\t<div class=\"elementor-widget-container\">\n\t\t\t\t\t\t\t<div class=\"elementor-spacer\">\n\t\t\t<div class=\"elementor-spacer-inner\"><\/div>\n\t\t<\/div>\n\t\t\t\t\t\t<\/div>\n\t\t\t\t<\/div>\n\t\t\t\t<div class=\"elementor-element elementor-element-7c4b21c9 sc_fly_static elementor-widget elementor-widget-text-editor\" data-id=\"7c4b21c9\" data-element_type=\"widget\" data-e-type=\"widget\" data-widget_type=\"text-editor.default\">\n\t\t\t\t<div class=\"elementor-widget-container\">\n\t\t\t\t\t\t\t\t\t\n<p>Sot, m\u00eb 14 Prill 2023,\u00a0<a href=\"https:\/\/unhz.eu\/\" target=\"_blank\" rel=\"noreferrer noopener\">Universiteti Haxhi Zeka n\u00eb Pej\u00eb<\/a>\u00a0(UHZ) u akreditua p\u00ebr 5 vitet e ardhshme.\u00a0<a href=\"https:\/\/akreditimi.rks-gov.net\/keshilli\/\" target=\"_blank\" rel=\"noreferrer noopener\">K\u00ebshilli Shtet\u00ebror i Cil\u00ebsis\u00eb<\/a>\u00a0(KSHC), pas propozimit t\u00eb grupit t\u00eb ekspert\u00ebve nd\u00ebrkomb\u00ebtar\u00eb vler\u00ebsoi lart p\u00ebrmbushjen e kritereve dhe standardeve t\u00eb vendosura nga\u00a0<a href=\"https:\/\/akreditimi.rks-gov.net\/\" target=\"_blank\" rel=\"noreferrer noopener\">Agjencia e Kosov\u00ebs p\u00ebr Akreditim<\/a>\u00a0(AKA). K\u00ebshtu, KSHC morri vendim p\u00ebr akreditim institucional 5 vje\u00e7ar t\u00eb Universitetit Haxhi Zeka. Ky \u00ebsht\u00eb vler\u00ebsimi m\u00eb i lart\u00eb q\u00eb mund t\u2019u ofrohet institucioneve t\u00eb arsimit t\u00eb lart\u00eb n\u00eb vend.\u00a0<\/p>\n\n<p>Kjo dit\u00eb e sh\u00ebnuar p\u00ebr UHZ-n\u00eb sjell m\u00eb shum\u00eb inkurajim, motivim dhe optimiz\u00ebm p\u00ebr ecurin\u00eb dhe suksesin e proceseve n\u00eb institucionin ton\u00eb. P\u00ebrkrahja e t\u00eb gjitha pal\u00ebve ishte thelb\u00ebsore p\u00ebr arritjen e k\u00ebtyre q\u00ebllimeve. K\u00ebtu p\u00ebrfshihen: personeli akademik, administrativ dhe student\u00ebve. Gjithashtu, edhe partner\u00ebt e ndrysh\u00ebm komb\u00ebtar\u00eb e nd\u00ebrkomb\u00ebtar\u00eb.<\/p>\n\n<p>Personeli i Universitetit Haxhi Zeka ka punuar me p\u00ebrkushtim dhe guxim gjat\u00eb k\u00ebtyre dy viteve, p\u00ebrballuar v\u00ebshtir\u00ebsit\u00eb me besim. Kjo pun\u00eb ishte sfiduese, por thelb\u00ebsore p\u00ebr t\u00eb plot\u00ebsuar kushtet dhe standardet e Agjencis\u00eb Kosovare t\u00eb Akreditimit, duke garantuar ligjshm\u00ebrin\u00eb dhe cil\u00ebsin\u00eb. Ky proces \u00ebsht\u00eb jetik p\u00ebr t\u00eb ardhmen e institucionit, ekonomis\u00eb dhe shoq\u00ebris\u00eb. Posa\u00e7\u00ebrisht, p\u00ebr student\u00ebt q\u00eb kan\u00eb besuar Universitetin Haxhi Zeka me kursimet dhe sakrificat e prind\u00ebrve t\u00eb tyre.\u00a0<\/p>\n\n<h3 class=\"wp-block-heading\">Fjala e Rektorit p\u00ebr akreditimin 5 vje\u00e7ar t\u00eb UHZ-s\u00eb<\/h3>\n\n<p>Rektori, prof. dr\u00a0<a href=\"https:\/\/unhz.eu\/faculty\/prof-dr-armand-krasniqi\/\" target=\"_blank\" rel=\"noreferrer noopener\">Armand Krasniqi<\/a>, fal\u00ebnderoi t\u00eb gjith\u00eb p\u00ebr kontributin e dh\u00ebn\u00eb dhe nd\u00ebr t\u00eb tjera n\u00eb prenoncim e tij theksoi:<\/p>\n\n<p>\u201c<em>Ka shum\u00eb histori q\u00eb mund t\u00eb tregohen lidhur me gjendjen e cila deri n\u00eb k\u00ebt\u00eb moment e p\u00ebrcolli institucionin ton\u00eb. Ka shum\u00eb fakte dhe shifra rr\u00ebnqeth\u00ebse q\u00eb jan\u00eb nj\u00eb pasqyr\u00eb m\u00eb shum\u00eb se sa bind\u00ebse p\u00ebr domosdoshm\u00ebrin\u00eb e k\u00ebsaj reforme rr\u00ebnj\u00ebsore. Reform\u00eb kjo t\u00eb cil\u00ebn ne s\u00eb bashku e kemi nisur dhe do e vazhdojm\u00eb. Ne mbetemi t\u00eb pal\u00ebkundur n\u00eb p\u00ebrpjekjet tona p\u00ebr t\u00eb p\u00ebrmbushur vizionin dhe misionin ton\u00eb. Synimi yn\u00eb \u00ebsht\u00eb t\u00eb kontribuojm\u00eb n\u00eb zhvillimin e k\u00ebtij komuniteti shoq\u00ebror. Kjo p\u00ebr arsyen q\u00eb diploma e Universitetit \u201cHaxhi Zeka\u201d sot e n\u00eb t\u00eb ardhmen t\u00eb ju b\u00ebj krenar n\u00eb pun\u00eb\u00a0 dhe n\u00eb jet\u00eb<\/em>\u201d.<\/p>\n\n<p>Nuk duhet t\u00eb harrojm\u00eb kurr\u00eb se\u00a0<strong>edukimi \u00ebsht\u00eb transmetim i civilizimit<\/strong>. E ku m\u00eb mir\u00eb e m\u00eb sigurt kjo p\u00ebrmbushet se sa n\u00eb universitete?<\/p>\n\n<p>Universiteti Haxhi Zeka do t\u00eb jet\u00eb edhe m\u00eb i p\u00ebrkushtuar n\u00eb rritjen e cil\u00ebsis\u00eb. Ky \u00ebsht\u00eb vet\u00ebm nj\u00eb nga hapat pozitiv\u00eb drejt realizimit t\u00eb objektivave t\u00eb tij strategjike.<\/p>\n\t\t\t\t\t\t\t\t<\/div>\n\t\t\t\t<\/div>\n\t\t\t\t\t<\/div>\n\t\t<\/div>\n\t\t\t\t\t<\/div>\n\t\t<\/section>\n\t\t\t\t<\/div>\n\t\t","protected":false},"excerpt":{"rendered":"<p>Universiteti Haxhi Zeka n\u00eb Pej\u00eb akreditohet p\u00ebr 5 vite Sot, m\u00eb 14 Prill 2023,\u00a0Universiteti Haxhi Zeka n\u00eb Pej\u00eb\u00a0(UHZ) u akreditua p\u00ebr 5 vitet e ardhshme.\u00a0K\u00ebshilli Shtet\u00ebror i Cil\u00ebsis\u00eb\u00a0(KSHC), pas propozimit&hellip;<\/p>\n","protected":false},"author":1,"featured_media":0,"parent":0,"menu_order":0,"comment_status":"closed","ping_status":"closed","template":"","meta":{"footnotes":""},"class_list":["post-21366","page","type-page","status-publish","hentry"],"yoast_head":"<!-- This site is optimized with the Yoast SEO Premium plugin v27.2 (Yoast SEO v27.2) - https:\/\/yoast.com\/product\/yoast-seo-premium-wordpress\/ -->\n<title>Universiteti Haxhi Zeka n\u00eb Pej\u00eb akreditohet p\u00ebr 5 vite - Fakulteti i Arteve<\/title>\n<meta name=\"description\" content=\"Zbuloni informacionin mbi akreditimin e Fakultetit t\u00eb Arteve t\u00eb Universitetit \u201cHaxhi Zeka\u201d (UHZ). Shiko statusin e akreditimit, kriteret, proceset dhe dokumentet zyrtare q\u00eb konfirmojn\u00eb cil\u00ebsin\u00eb e programeve akademike t\u00eb artit dhe muzik\u00ebs.\" \/>\n<meta name=\"robots\" content=\"index, follow, max-snippet:-1, max-image-preview:large, max-video-preview:-1\" \/>\n<link rel=\"canonical\" href=\"https:\/\/unhz.eu\/fakulteti-i-arteve\/akreditim\/\" \/>\n<meta property=\"og:locale\" content=\"sq_AL\" \/>\n<meta property=\"og:type\" content=\"article\" \/>\n<meta property=\"og:title\" content=\"Universiteti Haxhi Zeka n\u00eb Pej\u00eb akreditohet p\u00ebr 5 vite\" \/>\n<meta property=\"og:description\" content=\"Zbuloni informacionin mbi akreditimin e Fakultetit t\u00eb Arteve t\u00eb Universitetit \u201cHaxhi Zeka\u201d (UHZ). Shiko statusin e akreditimit, kriteret, proceset dhe dokumentet zyrtare q\u00eb konfirmojn\u00eb cil\u00ebsin\u00eb e programeve akademike t\u00eb artit dhe muzik\u00ebs.\" \/>\n<meta property=\"og:url\" content=\"https:\/\/unhz.eu\/fakulteti-i-arteve\/akreditim\/\" \/>\n<meta property=\"og:site_name\" content=\"Fakulteti i Arteve\" \/>\n<meta property=\"article:modified_time\" content=\"2026-01-08T12:39:01+00:00\" \/>\n<meta name=\"twitter:card\" content=\"summary_large_image\" \/>\n<meta name=\"twitter:label1\" content=\"Est. reading time\" \/>\n\t<meta name=\"twitter:data1\" content=\"3 minuta\" \/>\n<script type=\"application\/ld+json\" class=\"yoast-schema-graph\">{\"@context\":\"https:\/\/schema.org\",\"@graph\":[{\"@type\":\"WebPage\",\"@id\":\"https:\/\/unhz.eu\/fakulteti-i-arteve\/akreditim\/\",\"url\":\"https:\/\/unhz.eu\/fakulteti-i-arteve\/akreditim\/\",\"name\":\"Universiteti Haxhi Zeka n\u00eb Pej\u00eb akreditohet p\u00ebr 5 vite - Fakulteti i Arteve\",\"isPartOf\":{\"@id\":\"https:\/\/unhz.eu\/fakulteti-i-arteve\/#website\"},\"datePublished\":\"2024-02-28T07:54:48+00:00\",\"dateModified\":\"2026-01-08T12:39:01+00:00\",\"description\":\"Zbuloni informacionin mbi akreditimin e Fakultetit t\u00eb Arteve t\u00eb Universitetit \u201cHaxhi Zeka\u201d (UHZ). Shiko statusin e akreditimit, kriteret, proceset dhe dokumentet zyrtare q\u00eb konfirmojn\u00eb cil\u00ebsin\u00eb e programeve akademike t\u00eb artit dhe muzik\u00ebs.\",\"breadcrumb\":{\"@id\":\"https:\/\/unhz.eu\/fakulteti-i-arteve\/akreditim\/#breadcrumb\"},\"inLanguage\":\"sq\",\"potentialAction\":[{\"@type\":\"ReadAction\",\"target\":[\"https:\/\/unhz.eu\/fakulteti-i-arteve\/akreditim\/\"]}]},{\"@type\":\"BreadcrumbList\",\"@id\":\"https:\/\/unhz.eu\/fakulteti-i-arteve\/akreditim\/#breadcrumb\",\"itemListElement\":[{\"@type\":\"ListItem\",\"position\":1,\"name\":\"Home\",\"item\":\"https:\/\/unhz.eu\/fakulteti-i-arteve\/\"},{\"@type\":\"ListItem\",\"position\":2,\"name\":\"Universiteti Haxhi Zeka n\u00eb Pej\u00eb akreditohet p\u00ebr 5 vite\"}]},{\"@type\":\"WebSite\",\"@id\":\"https:\/\/unhz.eu\/fakulteti-i-arteve\/#website\",\"url\":\"https:\/\/unhz.eu\/fakulteti-i-arteve\/\",\"name\":\"Fakulteti i Arteve\",\"description\":\"I dedikuar p\u00ebr cil\u00ebsi standarde dhe suksese\",\"publisher\":{\"@id\":\"https:\/\/unhz.eu\/fakulteti-i-arteve\/#organization\"},\"potentialAction\":[{\"@type\":\"SearchAction\",\"target\":{\"@type\":\"EntryPoint\",\"urlTemplate\":\"https:\/\/unhz.eu\/fakulteti-i-arteve\/?s={search_term_string}\"},\"query-input\":{\"@type\":\"PropertyValueSpecification\",\"valueRequired\":true,\"valueName\":\"search_term_string\"}}],\"inLanguage\":\"sq\"},{\"@type\":\"Organization\",\"@id\":\"https:\/\/unhz.eu\/fakulteti-i-arteve\/#organization\",\"name\":\"Fakulteti i Arteve\",\"url\":\"https:\/\/unhz.eu\/fakulteti-i-arteve\/\",\"logo\":{\"@type\":\"ImageObject\",\"inLanguage\":\"sq\",\"@id\":\"https:\/\/unhz.eu\/fakulteti-i-arteve\/#\/schema\/logo\/image\/\",\"url\":\"https:\/\/unhz.eu\/fakulteti-i-arteve\/wp-content\/uploads\/sites\/8\/2024\/02\/cropped-logo-1-1-e1713527702695.png\",\"contentUrl\":\"https:\/\/unhz.eu\/fakulteti-i-arteve\/wp-content\/uploads\/sites\/8\/2024\/02\/cropped-logo-1-1-e1713527702695.png\",\"width\":100,\"height\":100,\"caption\":\"Fakulteti i Arteve\"},\"image\":{\"@id\":\"https:\/\/unhz.eu\/fakulteti-i-arteve\/#\/schema\/logo\/image\/\"}}]}<\/script>\n<!-- \/ Yoast SEO Premium plugin. -->","yoast_head_json":{"title":"Universiteti Haxhi Zeka n\u00eb Pej\u00eb akreditohet p\u00ebr 5 vite - Fakulteti i Arteve","description":"Zbuloni informacionin mbi akreditimin e Fakultetit t\u00eb Arteve t\u00eb Universitetit \u201cHaxhi Zeka\u201d (UHZ). Shiko statusin e akreditimit, kriteret, proceset dhe dokumentet zyrtare q\u00eb konfirmojn\u00eb cil\u00ebsin\u00eb e programeve akademike t\u00eb artit dhe muzik\u00ebs.","robots":{"index":"index","follow":"follow","max-snippet":"max-snippet:-1","max-image-preview":"max-image-preview:large","max-video-preview":"max-video-preview:-1"},"canonical":"https:\/\/unhz.eu\/fakulteti-i-arteve\/akreditim\/","og_locale":"sq_AL","og_type":"article","og_title":"Universiteti Haxhi Zeka n\u00eb Pej\u00eb akreditohet p\u00ebr 5 vite","og_description":"Zbuloni informacionin mbi akreditimin e Fakultetit t\u00eb Arteve t\u00eb Universitetit \u201cHaxhi Zeka\u201d (UHZ). Shiko statusin e akreditimit, kriteret, proceset dhe dokumentet zyrtare q\u00eb konfirmojn\u00eb cil\u00ebsin\u00eb e programeve akademike t\u00eb artit dhe muzik\u00ebs.","og_url":"https:\/\/unhz.eu\/fakulteti-i-arteve\/akreditim\/","og_site_name":"Fakulteti i Arteve","article_modified_time":"2026-01-08T12:39:01+00:00","twitter_card":"summary_large_image","twitter_misc":{"Est. reading time":"3 minuta"},"schema":{"@context":"https:\/\/schema.org","@graph":[{"@type":"WebPage","@id":"https:\/\/unhz.eu\/fakulteti-i-arteve\/akreditim\/","url":"https:\/\/unhz.eu\/fakulteti-i-arteve\/akreditim\/","name":"Universiteti Haxhi Zeka n\u00eb Pej\u00eb akreditohet p\u00ebr 5 vite - Fakulteti i Arteve","isPartOf":{"@id":"https:\/\/unhz.eu\/fakulteti-i-arteve\/#website"},"datePublished":"2024-02-28T07:54:48+00:00","dateModified":"2026-01-08T12:39:01+00:00","description":"Zbuloni informacionin mbi akreditimin e Fakultetit t\u00eb Arteve t\u00eb Universitetit \u201cHaxhi Zeka\u201d (UHZ). Shiko statusin e akreditimit, kriteret, proceset dhe dokumentet zyrtare q\u00eb konfirmojn\u00eb cil\u00ebsin\u00eb e programeve akademike t\u00eb artit dhe muzik\u00ebs.","breadcrumb":{"@id":"https:\/\/unhz.eu\/fakulteti-i-arteve\/akreditim\/#breadcrumb"},"inLanguage":"sq","potentialAction":[{"@type":"ReadAction","target":["https:\/\/unhz.eu\/fakulteti-i-arteve\/akreditim\/"]}]},{"@type":"BreadcrumbList","@id":"https:\/\/unhz.eu\/fakulteti-i-arteve\/akreditim\/#breadcrumb","itemListElement":[{"@type":"ListItem","position":1,"name":"Home","item":"https:\/\/unhz.eu\/fakulteti-i-arteve\/"},{"@type":"ListItem","position":2,"name":"Universiteti Haxhi Zeka n\u00eb Pej\u00eb akreditohet p\u00ebr 5 vite"}]},{"@type":"WebSite","@id":"https:\/\/unhz.eu\/fakulteti-i-arteve\/#website","url":"https:\/\/unhz.eu\/fakulteti-i-arteve\/","name":"Fakulteti i Arteve","description":"I dedikuar p\u00ebr cil\u00ebsi standarde dhe suksese","publisher":{"@id":"https:\/\/unhz.eu\/fakulteti-i-arteve\/#organization"},"potentialAction":[{"@type":"SearchAction","target":{"@type":"EntryPoint","urlTemplate":"https:\/\/unhz.eu\/fakulteti-i-arteve\/?s={search_term_string}"},"query-input":{"@type":"PropertyValueSpecification","valueRequired":true,"valueName":"search_term_string"}}],"inLanguage":"sq"},{"@type":"Organization","@id":"https:\/\/unhz.eu\/fakulteti-i-arteve\/#organization","name":"Fakulteti i Arteve","url":"https:\/\/unhz.eu\/fakulteti-i-arteve\/","logo":{"@type":"ImageObject","inLanguage":"sq","@id":"https:\/\/unhz.eu\/fakulteti-i-arteve\/#\/schema\/logo\/image\/","url":"https:\/\/unhz.eu\/fakulteti-i-arteve\/wp-content\/uploads\/sites\/8\/2024\/02\/cropped-logo-1-1-e1713527702695.png","contentUrl":"https:\/\/unhz.eu\/fakulteti-i-arteve\/wp-content\/uploads\/sites\/8\/2024\/02\/cropped-logo-1-1-e1713527702695.png","width":100,"height":100,"caption":"Fakulteti i Arteve"},"image":{"@id":"https:\/\/unhz.eu\/fakulteti-i-arteve\/#\/schema\/logo\/image\/"}}]}},"_links":{"self":[{"href":"https:\/\/unhz.eu\/fakulteti-i-arteve\/wp-json\/wp\/v2\/pages\/21366","targetHints":{"allow":["GET"]}}],"collection":[{"href":"https:\/\/unhz.eu\/fakulteti-i-arteve\/wp-json\/wp\/v2\/pages"}],"about":[{"href":"https:\/\/unhz.eu\/fakulteti-i-arteve\/wp-json\/wp\/v2\/types\/page"}],"author":[{"embeddable":true,"href":"https:\/\/unhz.eu\/fakulteti-i-arteve\/wp-json\/wp\/v2\/users\/1"}],"replies":[{"embeddable":true,"href":"https:\/\/unhz.eu\/fakulteti-i-arteve\/wp-json\/wp\/v2\/comments?post=21366"}],"version-history":[{"count":1,"href":"https:\/\/unhz.eu\/fakulteti-i-arteve\/wp-json\/wp\/v2\/pages\/21366\/revisions"}],"predecessor-version":[{"id":49464,"href":"https:\/\/unhz.eu\/fakulteti-i-arteve\/wp-json\/wp\/v2\/pages\/21366\/revisions\/49464"}],"wp:attachment":[{"href":"https:\/\/unhz.eu\/fakulteti-i-arteve\/wp-json\/wp\/v2\/media?parent=21366"}],"curies":[{"name":"wp","href":"https:\/\/api.w.org\/{rel}","templated":true}]}}