{"id":48686,"date":"2025-01-20T13:37:51","date_gmt":"2025-01-20T13:37:51","guid":{"rendered":"https:\/\/unhz.eu\/fakulteti-i-arteve\/?page_id=48686"},"modified":"2026-01-06T16:57:20","modified_gmt":"2026-01-06T14:57:20","slug":"stafi","status":"publish","type":"page","link":"https:\/\/unhz.eu\/fakulteti-i-arteve\/en\/stafi\/","title":{"rendered":"Stafi"},"content":{"rendered":"<p>The Faculty of Arts at \u201cHaxhi Zeka\u201d University is comprised of a creative and professional staff, who work with dedication to foster the artistic talent and academic development of students. The organizational structure includes the Dean's Office, academic staff, and administrative staff, who together contribute to an inspiring and innovative environment.<\/p>\n\n\n\n<p><strong>Dean's Office<\/strong><br>The Dean's Office is the governing body of the Faculty of Arts, consisting of the Dean and Vice-Deans, who manage and direct with strategic vision the academic and creative activities of the faculty. They take care of the development of study programs, the promotion of music, and the strengthening of collaborations with cultural and academic institutions at home and abroad.<\/p>\n\n\n\n<p><strong>Academic Staff:<\/strong><br>The academic staff consists of renowned professors and artists, specializing in various fields of the arts, including music, visual arts, design and theater. This team provides quality teaching and close mentoring, encouraging students to express their creativity and develop their artistic potential. Through practical projects and performances, the academic staff helps students gain valuable professional experience.<\/p>\n\n\n\n<p><strong>Administrative Staff:<\/strong><br>The administrative staff is responsible for the efficient functioning of the faculty and for supporting organizational processes. This team provides an excellent service to students and academic staff, facilitating communication and coordinating administrative and artistic activities.<\/p>\n\n\n\n<p>The Faculty of Arts aims to cultivate a new generation of artists and creative professionals, who will contribute to the cultural and artistic development of society. <\/p>","protected":false},"excerpt":{"rendered":"<p>Fakulteti i Arteve n\u00eb Universitetin &#8220;Haxhi Zeka&#8221; p\u00ebrb\u00ebhet nga nj\u00eb staf krijues dhe profesional, i cili punon me p\u00ebrkushtim p\u00ebr t\u00eb nxitur talentin artistik dhe zhvillimin akademik t\u00eb student\u00ebve. Struktura&hellip;<\/p>","protected":false},"author":1,"featured_media":0,"parent":0,"menu_order":0,"comment_status":"closed","ping_status":"closed","template":"","meta":{"footnotes":""},"class_list":["post-48686","page","type-page","status-publish","hentry"],"yoast_head":"<!-- This site is optimized with the Yoast SEO Premium plugin v27.2 (Yoast SEO v27.2) - https:\/\/yoast.com\/product\/yoast-seo-premium-wordpress\/ -->\n<title>Stafi \u2013 Fakulteti i Arteve | Universiteti \u201cHaxhi Zeka\u201d (UHZ)<\/title>\n<meta name=\"description\" content=\"Njihuni me stafin e Fakultetit t\u00eb Arteve n\u00eb Universitetin \u201cHaxhi Zeka\u201d (UHZ): pedagog\u00eb, instruktor\u00eb dhe ekspert\u00eb t\u00eb fush\u00ebs s\u00eb artit dhe muzik\u00ebs. Shfletoni biografit\u00eb, titujt akademik\u00eb dhe fushat e specializimit t\u00eb an\u00ebtar\u00ebve t\u00eb stafit.\" \/>\n<meta name=\"robots\" content=\"index, follow, max-snippet:-1, max-image-preview:large, max-video-preview:-1\" \/>\n<link rel=\"canonical\" href=\"https:\/\/unhz.eu\/fakulteti-i-arteve\/en\/stafi\/\" \/>\n<meta property=\"og:locale\" content=\"en_US\" \/>\n<meta property=\"og:type\" content=\"article\" \/>\n<meta property=\"og:title\" content=\"Stafi\" \/>\n<meta property=\"og:description\" content=\"Njihuni me stafin e Fakultetit t\u00eb Arteve n\u00eb Universitetin \u201cHaxhi Zeka\u201d (UHZ): pedagog\u00eb, instruktor\u00eb dhe ekspert\u00eb t\u00eb fush\u00ebs s\u00eb artit dhe muzik\u00ebs. Shfletoni biografit\u00eb, titujt akademik\u00eb dhe fushat e specializimit t\u00eb an\u00ebtar\u00ebve t\u00eb stafit.\" \/>\n<meta property=\"og:url\" content=\"https:\/\/unhz.eu\/fakulteti-i-arteve\/en\/stafi\/\" \/>\n<meta property=\"og:site_name\" content=\"Fakulteti i Arteve\" \/>\n<meta property=\"article:modified_time\" content=\"2026-01-06T14:57:20+00:00\" \/>\n<meta name=\"twitter:card\" content=\"summary_large_image\" \/>\n<meta name=\"twitter:label1\" content=\"Est. reading time\" \/>\n\t<meta name=\"twitter:data1\" content=\"2 minutes\" \/>\n<script type=\"application\/ld+json\" class=\"yoast-schema-graph\">{\"@context\":\"https:\/\/schema.org\",\"@graph\":[{\"@type\":\"WebPage\",\"@id\":\"https:\/\/unhz.eu\/fakulteti-i-arteve\/stafi\/\",\"url\":\"https:\/\/unhz.eu\/fakulteti-i-arteve\/stafi\/\",\"name\":\"Stafi \u2013 Fakulteti i Arteve | Universiteti \u201cHaxhi Zeka\u201d (UHZ)\",\"isPartOf\":{\"@id\":\"https:\/\/unhz.eu\/fakulteti-i-arteve\/#website\"},\"datePublished\":\"2025-01-20T13:37:51+00:00\",\"dateModified\":\"2026-01-06T14:57:20+00:00\",\"description\":\"Njihuni me stafin e Fakultetit t\u00eb Arteve n\u00eb Universitetin \u201cHaxhi Zeka\u201d (UHZ): pedagog\u00eb, instruktor\u00eb dhe ekspert\u00eb t\u00eb fush\u00ebs s\u00eb artit dhe muzik\u00ebs. Shfletoni biografit\u00eb, titujt akademik\u00eb dhe fushat e specializimit t\u00eb an\u00ebtar\u00ebve t\u00eb stafit.\",\"breadcrumb\":{\"@id\":\"https:\/\/unhz.eu\/fakulteti-i-arteve\/stafi\/#breadcrumb\"},\"inLanguage\":\"en-US\",\"potentialAction\":[{\"@type\":\"ReadAction\",\"target\":[\"https:\/\/unhz.eu\/fakulteti-i-arteve\/stafi\/\"]}]},{\"@type\":\"BreadcrumbList\",\"@id\":\"https:\/\/unhz.eu\/fakulteti-i-arteve\/stafi\/#breadcrumb\",\"itemListElement\":[{\"@type\":\"ListItem\",\"position\":1,\"name\":\"Home\",\"item\":\"https:\/\/unhz.eu\/fakulteti-i-arteve\/\"},{\"@type\":\"ListItem\",\"position\":2,\"name\":\"Stafi\"}]},{\"@type\":\"WebSite\",\"@id\":\"https:\/\/unhz.eu\/fakulteti-i-arteve\/#website\",\"url\":\"https:\/\/unhz.eu\/fakulteti-i-arteve\/\",\"name\":\"Fakulteti i Arteve\",\"description\":\"I dedikuar p\u00ebr cil\u00ebsi standarde dhe suksese\",\"publisher\":{\"@id\":\"https:\/\/unhz.eu\/fakulteti-i-arteve\/#organization\"},\"potentialAction\":[{\"@type\":\"SearchAction\",\"target\":{\"@type\":\"EntryPoint\",\"urlTemplate\":\"https:\/\/unhz.eu\/fakulteti-i-arteve\/?s={search_term_string}\"},\"query-input\":{\"@type\":\"PropertyValueSpecification\",\"valueRequired\":true,\"valueName\":\"search_term_string\"}}],\"inLanguage\":\"en-US\"},{\"@type\":\"Organization\",\"@id\":\"https:\/\/unhz.eu\/fakulteti-i-arteve\/#organization\",\"name\":\"Fakulteti i Arteve\",\"url\":\"https:\/\/unhz.eu\/fakulteti-i-arteve\/\",\"logo\":{\"@type\":\"ImageObject\",\"inLanguage\":\"en-US\",\"@id\":\"https:\/\/unhz.eu\/fakulteti-i-arteve\/#\/schema\/logo\/image\/\",\"url\":\"https:\/\/unhz.eu\/fakulteti-i-arteve\/wp-content\/uploads\/sites\/8\/2024\/02\/cropped-logo-1-1-e1713527702695.png\",\"contentUrl\":\"https:\/\/unhz.eu\/fakulteti-i-arteve\/wp-content\/uploads\/sites\/8\/2024\/02\/cropped-logo-1-1-e1713527702695.png\",\"width\":100,\"height\":100,\"caption\":\"Fakulteti i Arteve\"},\"image\":{\"@id\":\"https:\/\/unhz.eu\/fakulteti-i-arteve\/#\/schema\/logo\/image\/\"}}]}<\/script>\n<!-- \/ Yoast SEO Premium plugin. -->","yoast_head_json":{"title":"Stafi \u2013 Fakulteti i Arteve | Universiteti \u201cHaxhi Zeka\u201d (UHZ)","description":"Njihuni me stafin e Fakultetit t\u00eb Arteve n\u00eb Universitetin \u201cHaxhi Zeka\u201d (UHZ): pedagog\u00eb, instruktor\u00eb dhe ekspert\u00eb t\u00eb fush\u00ebs s\u00eb artit dhe muzik\u00ebs. Shfletoni biografit\u00eb, titujt akademik\u00eb dhe fushat e specializimit t\u00eb an\u00ebtar\u00ebve t\u00eb stafit.","robots":{"index":"index","follow":"follow","max-snippet":"max-snippet:-1","max-image-preview":"max-image-preview:large","max-video-preview":"max-video-preview:-1"},"canonical":"https:\/\/unhz.eu\/fakulteti-i-arteve\/en\/stafi\/","og_locale":"en_US","og_type":"article","og_title":"Stafi","og_description":"Njihuni me stafin e Fakultetit t\u00eb Arteve n\u00eb Universitetin \u201cHaxhi Zeka\u201d (UHZ): pedagog\u00eb, instruktor\u00eb dhe ekspert\u00eb t\u00eb fush\u00ebs s\u00eb artit dhe muzik\u00ebs. Shfletoni biografit\u00eb, titujt akademik\u00eb dhe fushat e specializimit t\u00eb an\u00ebtar\u00ebve t\u00eb stafit.","og_url":"https:\/\/unhz.eu\/fakulteti-i-arteve\/en\/stafi\/","og_site_name":"Fakulteti i Arteve","article_modified_time":"2026-01-06T14:57:20+00:00","twitter_card":"summary_large_image","twitter_misc":{"Est. reading time":"2 minutes"},"schema":{"@context":"https:\/\/schema.org","@graph":[{"@type":"WebPage","@id":"https:\/\/unhz.eu\/fakulteti-i-arteve\/stafi\/","url":"https:\/\/unhz.eu\/fakulteti-i-arteve\/stafi\/","name":"Stafi \u2013 Fakulteti i Arteve | Universiteti \u201cHaxhi Zeka\u201d (UHZ)","isPartOf":{"@id":"https:\/\/unhz.eu\/fakulteti-i-arteve\/#website"},"datePublished":"2025-01-20T13:37:51+00:00","dateModified":"2026-01-06T14:57:20+00:00","description":"Njihuni me stafin e Fakultetit t\u00eb Arteve n\u00eb Universitetin \u201cHaxhi Zeka\u201d (UHZ): pedagog\u00eb, instruktor\u00eb dhe ekspert\u00eb t\u00eb fush\u00ebs s\u00eb artit dhe muzik\u00ebs. Shfletoni biografit\u00eb, titujt akademik\u00eb dhe fushat e specializimit t\u00eb an\u00ebtar\u00ebve t\u00eb stafit.","breadcrumb":{"@id":"https:\/\/unhz.eu\/fakulteti-i-arteve\/stafi\/#breadcrumb"},"inLanguage":"en-US","potentialAction":[{"@type":"ReadAction","target":["https:\/\/unhz.eu\/fakulteti-i-arteve\/stafi\/"]}]},{"@type":"BreadcrumbList","@id":"https:\/\/unhz.eu\/fakulteti-i-arteve\/stafi\/#breadcrumb","itemListElement":[{"@type":"ListItem","position":1,"name":"Home","item":"https:\/\/unhz.eu\/fakulteti-i-arteve\/"},{"@type":"ListItem","position":2,"name":"Stafi"}]},{"@type":"WebSite","@id":"https:\/\/unhz.eu\/fakulteti-i-arteve\/#website","url":"https:\/\/unhz.eu\/fakulteti-i-arteve\/","name":"Faculty of Arts","description":"Dedicated to standard quality and success","publisher":{"@id":"https:\/\/unhz.eu\/fakulteti-i-arteve\/#organization"},"potentialAction":[{"@type":"SearchAction","target":{"@type":"EntryPoint","urlTemplate":"https:\/\/unhz.eu\/fakulteti-i-arteve\/?s={search_term_string}"},"query-input":{"@type":"PropertyValueSpecification","valueRequired":true,"valueName":"search_term_string"}}],"inLanguage":"en-US"},{"@type":"Organization","@id":"https:\/\/unhz.eu\/fakulteti-i-arteve\/#organization","name":"Faculty of Arts","url":"https:\/\/unhz.eu\/fakulteti-i-arteve\/","logo":{"@type":"ImageObject","inLanguage":"en-US","@id":"https:\/\/unhz.eu\/fakulteti-i-arteve\/#\/schema\/logo\/image\/","url":"https:\/\/unhz.eu\/fakulteti-i-arteve\/wp-content\/uploads\/sites\/8\/2024\/02\/cropped-logo-1-1-e1713527702695.png","contentUrl":"https:\/\/unhz.eu\/fakulteti-i-arteve\/wp-content\/uploads\/sites\/8\/2024\/02\/cropped-logo-1-1-e1713527702695.png","width":100,"height":100,"caption":"Fakulteti i Arteve"},"image":{"@id":"https:\/\/unhz.eu\/fakulteti-i-arteve\/#\/schema\/logo\/image\/"}}]}},"_links":{"self":[{"href":"https:\/\/unhz.eu\/fakulteti-i-arteve\/en\/wp-json\/wp\/v2\/pages\/48686","targetHints":{"allow":["GET"]}}],"collection":[{"href":"https:\/\/unhz.eu\/fakulteti-i-arteve\/en\/wp-json\/wp\/v2\/pages"}],"about":[{"href":"https:\/\/unhz.eu\/fakulteti-i-arteve\/en\/wp-json\/wp\/v2\/types\/page"}],"author":[{"embeddable":true,"href":"https:\/\/unhz.eu\/fakulteti-i-arteve\/en\/wp-json\/wp\/v2\/users\/1"}],"replies":[{"embeddable":true,"href":"https:\/\/unhz.eu\/fakulteti-i-arteve\/en\/wp-json\/wp\/v2\/comments?post=48686"}],"version-history":[{"count":1,"href":"https:\/\/unhz.eu\/fakulteti-i-arteve\/en\/wp-json\/wp\/v2\/pages\/48686\/revisions"}],"predecessor-version":[{"id":49457,"href":"https:\/\/unhz.eu\/fakulteti-i-arteve\/en\/wp-json\/wp\/v2\/pages\/48686\/revisions\/49457"}],"wp:attachment":[{"href":"https:\/\/unhz.eu\/fakulteti-i-arteve\/en\/wp-json\/wp\/v2\/media?parent=48686"}],"curies":[{"name":"wp","href":"https:\/\/api.w.org\/{rel}","templated":true}]}}