{"id":48644,"date":"2025-01-20T10:16:54","date_gmt":"2025-01-20T10:16:54","guid":{"rendered":"https:\/\/unhz.eu\/fakulteti-i-arteve\/?page_id=48644"},"modified":"2026-01-06T15:41:21","modified_gmt":"2026-01-06T13:41:21","slug":"edukim-muzikor-ma-2019-20222","status":"publish","type":"page","link":"https:\/\/unhz.eu\/fakulteti-i-arteve\/en\/edukim-muzikor-ma-2019-20222\/","title":{"rendered":"Edukim Muzikor MA 2019-2022"},"content":{"rendered":"<p><strong>Programi i studimit Edukim Muzikor MA 2019-2022<\/strong><\/p>\n\n\n\n<figure class=\"wp-block-table\"><table class=\"has-fixed-layout\"><tbody><tr><td colspan=\"6\"><strong>Viti I<\/strong><\/td><\/tr><tr><td colspan=\"3\"><strong>Semestri I<\/strong><\/td><td><\/td><td colspan=\"2\"><strong>Or\u00ebt\/Jav\u00eb<\/strong><\/td><\/tr><tr><td><strong>Nr.<\/strong><\/td><td><strong>O\/Z<\/strong><\/td><td><strong>L\u00cbND\u00cbT<\/strong><\/td><td><strong>L<\/strong><\/td><td><strong>U<\/strong><\/td><td><strong>ECTS<\/strong><\/td><\/tr><tr><td><strong>1.<\/strong><\/td><td>O<\/td><td><a href=\"https:\/\/drive.google.com\/file\/d\/1XCVaZRGOoowI2r_XygoFODiD1ebZrz3t\/view?usp=sharing\">Pedagogji Muzikore<\/a><\/td><td>&nbsp; 4<\/td><td>2<\/td><td>8<\/td><\/tr><tr><td><strong>2.<\/strong><\/td><td>O<\/td><td><a href=\"https:\/\/drive.google.com\/file\/d\/1lmENazXD6oZh1rMY_R4OdQcIW6oR8htK\/view?usp=sharing\">Harmoni Bashk\u00ebkohore<\/a><\/td><td>2<\/td><td>2<\/td><td>6<\/td><\/tr><tr><td><strong>3.<\/strong><\/td><td>O<\/td><td><a href=\"https:\/\/drive.google.com\/file\/d\/1o6nrenQQnEFKSyAm7FjohFwmWmzAXHu_\/view?usp=sharing\">Dirigjim Koral<\/a><\/td><td>2<\/td><td>2<\/td><td>7<\/td><\/tr><tr><td><strong>4.<\/strong><\/td><td>O<\/td><td><a href=\"https:\/\/drive.google.com\/file\/d\/1L4_o0HvuIe_YLz2Ek6uiz0nfNSFP5nVO\/view?usp=sharing\">Metodik\u00eb e Solfezhit<\/a><\/td><td>2<\/td><td>2<\/td><td>6<\/td><\/tr><tr><td><strong>5.<\/strong><\/td><td>Z<\/td><td><a href=\"https:\/\/drive.google.com\/file\/d\/18-v3G4v29Eq6uHohHjbkbN7Wm9MHzH_R\/view?usp=sharing\">&nbsp;Njohje mbi Instrumentet e Orf-it<\/a><\/td><td>2<\/td><td>0<\/td><td>3<\/td><\/tr><tr><td><strong>6.<\/strong><\/td><td>Z<\/td><td>&nbsp;<a href=\"https:\/\/drive.google.com\/file\/d\/1hjI-K2V406m-hlNDmFMlZY6LYBT8NUsA\/view?usp=sharing\">Psikologji<\/a><\/td><td>2<\/td><td>0<\/td><td>3<\/td><\/tr><tr><td><strong>7.<\/strong><\/td><td>Z<\/td><td><a href=\"https:\/\/drive.google.com\/file\/d\/1bBou-Nnk95SDXN3lNOy8Hk0lzeWu8z6A\/view?usp=sharing\">Hulumtime Etnomuzikologjike<\/a><\/td><td>2<\/td><td>0<\/td><td>3<\/td><\/tr><tr><td><strong>8.<\/strong><\/td><td>Z<\/td><td><a href=\"https:\/\/drive.google.com\/file\/d\/1ktfd_qLwlylEqB6LOjp5glR59s4JHQZK\/view?usp=sharing\">Piano<\/a><\/td><td>2<\/td><td>0<\/td><td>3<\/td><\/tr><tr><td colspan=\"5\">Gjithsej:<\/td><td>30<\/td><\/tr><tr><td colspan=\"6\"><em>V\u00ebrejtje: Studenti zgjedh nj\u00eb&nbsp; nga l\u00ebnd\u00ebt zgjedhore<\/em><\/td><\/tr><tr><td colspan=\"6\"><strong>Viti I<\/strong><\/td><\/tr><tr><td colspan=\"3\"><strong>Semestri II<\/strong><\/td><td><\/td><td colspan=\"2\"><strong>Or\u00ebt\/Jav\u00eb<\/strong><\/td><\/tr><tr><td><strong>Nr.<\/strong><\/td><td><strong>O\/Z<\/strong><\/td><td><strong>L\u00cbND\u00cbT<\/strong><\/td><td><strong>L<\/strong><\/td><td><strong>U<\/strong><\/td><td><strong>ECTS<\/strong><\/td><\/tr><tr><td><strong>1.<\/strong><\/td><td>O<\/td><td>Tema e Diplom\u00ebs<\/td><td>2<\/td><td>0<\/td><td>20<\/td><\/tr><tr><td><strong>2.<\/strong><\/td><td>O<\/td><td><a href=\"https:\/\/drive.google.com\/file\/d\/1904UVnRRGjm5a-8g8mtYKzY4VD8QKboZ\/view?usp=sharing\">Analiz\u00eb e Veprave Muzikore<\/a><\/td><td>2<\/td><td>0<\/td><td>6<\/td><\/tr><tr><td><strong>3.<\/strong><\/td><td>Z<\/td><td><a href=\"https:\/\/drive.google.com\/file\/d\/1Qvd0cjK94VexNyYQFAxrzzdPM5HMSK4H\/view?usp=sharing\">Shkrim Akademik<\/a><\/td><td>2<\/td><td>2<\/td><td>4<\/td><\/tr><tr><td><strong>4.<\/strong><\/td><td>Z<\/td><td><a href=\"https:\/\/drive.google.com\/file\/d\/1unLVlRNlGmwhdlIPFkJc1PDx55ZJvAmc\/view?usp=sharing\">Pedagogji dhe Andragogji<\/a><\/td><td>2<\/td><td>0<\/td><td>4<\/td><\/tr><tr><td colspan=\"5\">Gjithsej:<\/td><td>30<\/td><\/tr><tr><td colspan=\"6\"><em>V\u00ebrejtje: Studenti zgjedh nj\u00eb&nbsp; nga l\u00ebnd\u00ebt zgjedhore<\/em><\/td><\/tr><\/tbody><\/table><\/figure>","protected":false},"excerpt":{"rendered":"<p>Programi i studimit Edukim Muzikor MA 2019-2022 Viti I Semestri I Or\u00ebt\/Jav\u00eb Nr. O\/Z L\u00cbND\u00cbT L U ECTS 1. O Pedagogji Muzikore &nbsp; 4 2 8 2. O Harmoni Bashk\u00ebkohore&hellip;<\/p>","protected":false},"author":1,"featured_media":0,"parent":0,"menu_order":0,"comment_status":"closed","ping_status":"closed","template":"","meta":{"footnotes":""},"class_list":["post-48644","page","type-page","status-publish","hentry"],"yoast_head":"<!-- This site is optimized with the Yoast SEO Premium plugin v27.2 (Yoast SEO v27.2) - https:\/\/yoast.com\/product\/yoast-seo-premium-wordpress\/ -->\n<title>Edukim Muzikor MA 2019-2022 \u2013 Fakulteti i Arteve | UHZ<\/title>\n<meta name=\"description\" content=\"Programi i Masterit \u201cEdukim Muzikor\u201d (2019-2022) n\u00eb Fakultetin e Arteve t\u00eb Universitetit \u201cHaxhi Zeka\u201d (UHZ). Shiko kurrikul\u00ebn, l\u00ebnd\u00ebt dhe struktur\u00ebn e studimit p\u00ebr k\u00ebt\u00eb cik\u00ebl t\u00eb avancuar t\u00eb arsimit muzikor dhe pedagogjik.\" \/>\n<meta name=\"robots\" content=\"index, follow, max-snippet:-1, max-image-preview:large, max-video-preview:-1\" \/>\n<link rel=\"canonical\" href=\"https:\/\/unhz.eu\/fakulteti-i-arteve\/en\/edukim-muzikor-ma-2019-20222\/\" \/>\n<meta property=\"og:locale\" content=\"en_US\" \/>\n<meta property=\"og:type\" content=\"article\" \/>\n<meta property=\"og:title\" content=\"Edukim Muzikor MA 2019-2022\" \/>\n<meta property=\"og:description\" content=\"Programi i Masterit \u201cEdukim Muzikor\u201d (2019-2022) n\u00eb Fakultetin e Arteve t\u00eb Universitetit \u201cHaxhi Zeka\u201d (UHZ). Shiko kurrikul\u00ebn, l\u00ebnd\u00ebt dhe struktur\u00ebn e studimit p\u00ebr k\u00ebt\u00eb cik\u00ebl t\u00eb avancuar t\u00eb arsimit muzikor dhe pedagogjik.\" \/>\n<meta property=\"og:url\" content=\"https:\/\/unhz.eu\/fakulteti-i-arteve\/en\/edukim-muzikor-ma-2019-20222\/\" \/>\n<meta property=\"og:site_name\" content=\"Fakulteti i Arteve\" \/>\n<meta property=\"article:modified_time\" content=\"2026-01-06T13:41:21+00:00\" \/>\n<meta name=\"twitter:card\" content=\"summary_large_image\" \/>\n<meta name=\"twitter:label1\" content=\"Est. reading time\" \/>\n\t<meta name=\"twitter:data1\" content=\"1 minute\" \/>\n<script type=\"application\/ld+json\" class=\"yoast-schema-graph\">{\"@context\":\"https:\/\/schema.org\",\"@graph\":[{\"@type\":\"WebPage\",\"@id\":\"https:\/\/unhz.eu\/fakulteti-i-arteve\/edukim-muzikor-ma-2019-20222\/\",\"url\":\"https:\/\/unhz.eu\/fakulteti-i-arteve\/edukim-muzikor-ma-2019-20222\/\",\"name\":\"Edukim Muzikor MA 2019-2022 \u2013 Fakulteti i Arteve | UHZ\",\"isPartOf\":{\"@id\":\"https:\/\/unhz.eu\/fakulteti-i-arteve\/#website\"},\"datePublished\":\"2025-01-20T10:16:54+00:00\",\"dateModified\":\"2026-01-06T13:41:21+00:00\",\"description\":\"Programi i Masterit \u201cEdukim Muzikor\u201d (2019-2022) n\u00eb Fakultetin e Arteve t\u00eb Universitetit \u201cHaxhi Zeka\u201d (UHZ). Shiko kurrikul\u00ebn, l\u00ebnd\u00ebt dhe struktur\u00ebn e studimit p\u00ebr k\u00ebt\u00eb cik\u00ebl t\u00eb avancuar t\u00eb arsimit muzikor dhe pedagogjik.\",\"breadcrumb\":{\"@id\":\"https:\/\/unhz.eu\/fakulteti-i-arteve\/edukim-muzikor-ma-2019-20222\/#breadcrumb\"},\"inLanguage\":\"en-US\",\"potentialAction\":[{\"@type\":\"ReadAction\",\"target\":[\"https:\/\/unhz.eu\/fakulteti-i-arteve\/edukim-muzikor-ma-2019-20222\/\"]}]},{\"@type\":\"BreadcrumbList\",\"@id\":\"https:\/\/unhz.eu\/fakulteti-i-arteve\/edukim-muzikor-ma-2019-20222\/#breadcrumb\",\"itemListElement\":[{\"@type\":\"ListItem\",\"position\":1,\"name\":\"Home\",\"item\":\"https:\/\/unhz.eu\/fakulteti-i-arteve\/\"},{\"@type\":\"ListItem\",\"position\":2,\"name\":\"Edukim Muzikor MA 2019-2022\"}]},{\"@type\":\"WebSite\",\"@id\":\"https:\/\/unhz.eu\/fakulteti-i-arteve\/#website\",\"url\":\"https:\/\/unhz.eu\/fakulteti-i-arteve\/\",\"name\":\"Fakulteti i Arteve\",\"description\":\"I dedikuar p\u00ebr cil\u00ebsi standarde dhe suksese\",\"publisher\":{\"@id\":\"https:\/\/unhz.eu\/fakulteti-i-arteve\/#organization\"},\"potentialAction\":[{\"@type\":\"SearchAction\",\"target\":{\"@type\":\"EntryPoint\",\"urlTemplate\":\"https:\/\/unhz.eu\/fakulteti-i-arteve\/?s={search_term_string}\"},\"query-input\":{\"@type\":\"PropertyValueSpecification\",\"valueRequired\":true,\"valueName\":\"search_term_string\"}}],\"inLanguage\":\"en-US\"},{\"@type\":\"Organization\",\"@id\":\"https:\/\/unhz.eu\/fakulteti-i-arteve\/#organization\",\"name\":\"Fakulteti i Arteve\",\"url\":\"https:\/\/unhz.eu\/fakulteti-i-arteve\/\",\"logo\":{\"@type\":\"ImageObject\",\"inLanguage\":\"en-US\",\"@id\":\"https:\/\/unhz.eu\/fakulteti-i-arteve\/#\/schema\/logo\/image\/\",\"url\":\"https:\/\/unhz.eu\/fakulteti-i-arteve\/wp-content\/uploads\/sites\/8\/2024\/02\/cropped-logo-1-1-e1713527702695.png\",\"contentUrl\":\"https:\/\/unhz.eu\/fakulteti-i-arteve\/wp-content\/uploads\/sites\/8\/2024\/02\/cropped-logo-1-1-e1713527702695.png\",\"width\":100,\"height\":100,\"caption\":\"Fakulteti i Arteve\"},\"image\":{\"@id\":\"https:\/\/unhz.eu\/fakulteti-i-arteve\/#\/schema\/logo\/image\/\"}}]}<\/script>\n<!-- \/ Yoast SEO Premium plugin. -->","yoast_head_json":{"title":"Edukim Muzikor MA 2019-2022 \u2013 Fakulteti i Arteve | UHZ","description":"Programi i Masterit \u201cEdukim Muzikor\u201d (2019-2022) n\u00eb Fakultetin e Arteve t\u00eb Universitetit \u201cHaxhi Zeka\u201d (UHZ). Shiko kurrikul\u00ebn, l\u00ebnd\u00ebt dhe struktur\u00ebn e studimit p\u00ebr k\u00ebt\u00eb cik\u00ebl t\u00eb avancuar t\u00eb arsimit muzikor dhe pedagogjik.","robots":{"index":"index","follow":"follow","max-snippet":"max-snippet:-1","max-image-preview":"max-image-preview:large","max-video-preview":"max-video-preview:-1"},"canonical":"https:\/\/unhz.eu\/fakulteti-i-arteve\/en\/edukim-muzikor-ma-2019-20222\/","og_locale":"en_US","og_type":"article","og_title":"Edukim Muzikor MA 2019-2022","og_description":"Programi i Masterit \u201cEdukim Muzikor\u201d (2019-2022) n\u00eb Fakultetin e Arteve t\u00eb Universitetit \u201cHaxhi Zeka\u201d (UHZ). Shiko kurrikul\u00ebn, l\u00ebnd\u00ebt dhe struktur\u00ebn e studimit p\u00ebr k\u00ebt\u00eb cik\u00ebl t\u00eb avancuar t\u00eb arsimit muzikor dhe pedagogjik.","og_url":"https:\/\/unhz.eu\/fakulteti-i-arteve\/en\/edukim-muzikor-ma-2019-20222\/","og_site_name":"Fakulteti i Arteve","article_modified_time":"2026-01-06T13:41:21+00:00","twitter_card":"summary_large_image","twitter_misc":{"Est. reading time":"1 minute"},"schema":{"@context":"https:\/\/schema.org","@graph":[{"@type":"WebPage","@id":"https:\/\/unhz.eu\/fakulteti-i-arteve\/edukim-muzikor-ma-2019-20222\/","url":"https:\/\/unhz.eu\/fakulteti-i-arteve\/edukim-muzikor-ma-2019-20222\/","name":"Edukim Muzikor MA 2019-2022 \u2013 Fakulteti i Arteve | UHZ","isPartOf":{"@id":"https:\/\/unhz.eu\/fakulteti-i-arteve\/#website"},"datePublished":"2025-01-20T10:16:54+00:00","dateModified":"2026-01-06T13:41:21+00:00","description":"Programi i Masterit \u201cEdukim Muzikor\u201d (2019-2022) n\u00eb Fakultetin e Arteve t\u00eb Universitetit \u201cHaxhi Zeka\u201d (UHZ). Shiko kurrikul\u00ebn, l\u00ebnd\u00ebt dhe struktur\u00ebn e studimit p\u00ebr k\u00ebt\u00eb cik\u00ebl t\u00eb avancuar t\u00eb arsimit muzikor dhe pedagogjik.","breadcrumb":{"@id":"https:\/\/unhz.eu\/fakulteti-i-arteve\/edukim-muzikor-ma-2019-20222\/#breadcrumb"},"inLanguage":"en-US","potentialAction":[{"@type":"ReadAction","target":["https:\/\/unhz.eu\/fakulteti-i-arteve\/edukim-muzikor-ma-2019-20222\/"]}]},{"@type":"BreadcrumbList","@id":"https:\/\/unhz.eu\/fakulteti-i-arteve\/edukim-muzikor-ma-2019-20222\/#breadcrumb","itemListElement":[{"@type":"ListItem","position":1,"name":"Home","item":"https:\/\/unhz.eu\/fakulteti-i-arteve\/"},{"@type":"ListItem","position":2,"name":"Edukim Muzikor MA 2019-2022"}]},{"@type":"WebSite","@id":"https:\/\/unhz.eu\/fakulteti-i-arteve\/#website","url":"https:\/\/unhz.eu\/fakulteti-i-arteve\/","name":"Faculty of Arts","description":"Dedicated to standard quality and success","publisher":{"@id":"https:\/\/unhz.eu\/fakulteti-i-arteve\/#organization"},"potentialAction":[{"@type":"SearchAction","target":{"@type":"EntryPoint","urlTemplate":"https:\/\/unhz.eu\/fakulteti-i-arteve\/?s={search_term_string}"},"query-input":{"@type":"PropertyValueSpecification","valueRequired":true,"valueName":"search_term_string"}}],"inLanguage":"en-US"},{"@type":"Organization","@id":"https:\/\/unhz.eu\/fakulteti-i-arteve\/#organization","name":"Faculty of Arts","url":"https:\/\/unhz.eu\/fakulteti-i-arteve\/","logo":{"@type":"ImageObject","inLanguage":"en-US","@id":"https:\/\/unhz.eu\/fakulteti-i-arteve\/#\/schema\/logo\/image\/","url":"https:\/\/unhz.eu\/fakulteti-i-arteve\/wp-content\/uploads\/sites\/8\/2024\/02\/cropped-logo-1-1-e1713527702695.png","contentUrl":"https:\/\/unhz.eu\/fakulteti-i-arteve\/wp-content\/uploads\/sites\/8\/2024\/02\/cropped-logo-1-1-e1713527702695.png","width":100,"height":100,"caption":"Fakulteti i Arteve"},"image":{"@id":"https:\/\/unhz.eu\/fakulteti-i-arteve\/#\/schema\/logo\/image\/"}}]}},"_links":{"self":[{"href":"https:\/\/unhz.eu\/fakulteti-i-arteve\/en\/wp-json\/wp\/v2\/pages\/48644","targetHints":{"allow":["GET"]}}],"collection":[{"href":"https:\/\/unhz.eu\/fakulteti-i-arteve\/en\/wp-json\/wp\/v2\/pages"}],"about":[{"href":"https:\/\/unhz.eu\/fakulteti-i-arteve\/en\/wp-json\/wp\/v2\/types\/page"}],"author":[{"embeddable":true,"href":"https:\/\/unhz.eu\/fakulteti-i-arteve\/en\/wp-json\/wp\/v2\/users\/1"}],"replies":[{"embeddable":true,"href":"https:\/\/unhz.eu\/fakulteti-i-arteve\/en\/wp-json\/wp\/v2\/comments?post=48644"}],"version-history":[{"count":1,"href":"https:\/\/unhz.eu\/fakulteti-i-arteve\/en\/wp-json\/wp\/v2\/pages\/48644\/revisions"}],"predecessor-version":[{"id":49436,"href":"https:\/\/unhz.eu\/fakulteti-i-arteve\/en\/wp-json\/wp\/v2\/pages\/48644\/revisions\/49436"}],"wp:attachment":[{"href":"https:\/\/unhz.eu\/fakulteti-i-arteve\/en\/wp-json\/wp\/v2\/media?parent=48644"}],"curies":[{"name":"wp","href":"https:\/\/api.w.org\/{rel}","templated":true}]}}