{"id":21623,"date":"2024-02-29T14:34:11","date_gmt":"2024-02-29T14:34:11","guid":{"rendered":"http:\/\/unhz.local\/fakulteti-i-biznesit\/?page_id=21623"},"modified":"2026-01-08T14:20:54","modified_gmt":"2026-01-08T12:20:54","slug":"statistikat-e-studenteve","status":"publish","type":"page","link":"https:\/\/unhz.eu\/fakulteti-i-arteve\/en\/statistikat-e-studenteve\/","title":{"rendered":"Student statistics"},"content":{"rendered":"<div data-elementor-type=\"wp-page\" data-elementor-id=\"21623\" class=\"elementor elementor-21623\" data-elementor-post-type=\"page\">\n\t\t\t\t\t\t<section class=\"elementor-section elementor-top-section elementor-element elementor-element-58917725 elementor-section-boxed elementor-section-height-default elementor-section-height-default sc_fly_static\" data-id=\"58917725\" data-element_type=\"section\" data-e-type=\"section\">\n\t\t\t\t\t\t<div class=\"elementor-container elementor-column-gap-extended\">\n\t\t\t\t\t<div class=\"elementor-column elementor-col-100 elementor-top-column elementor-element elementor-element-cf1e864 sc_content_align_inherit sc_layouts_column_icons_position_left sc_fly_static\" data-id=\"cf1e864\" data-element_type=\"column\" data-e-type=\"column\">\n\t\t\t<div class=\"elementor-widget-wrap elementor-element-populated\">\n\t\t\t\t\t\t<div class=\"elementor-element elementor-element-f105f20 sc_fly_static elementor-widget elementor-widget-heading\" data-id=\"f105f20\" data-element_type=\"widget\" data-e-type=\"widget\" data-widget_type=\"heading.default\">\n\t\t\t\t<div class=\"elementor-widget-container\">\n\t\t\t\t\t<h2 class=\"elementor-heading-title elementor-size-default\">Student statistics<\/h2>\t\t\t\t<\/div>\n\t\t\t\t<\/div>\n\t\t\t\t<div class=\"elementor-element elementor-element-0433414 sc_fly_static elementor-widget elementor-widget-spacer\" data-id=\"0433414\" data-element_type=\"widget\" data-e-type=\"widget\" data-widget_type=\"spacer.default\">\n\t\t\t\t<div class=\"elementor-widget-container\">\n\t\t\t\t\t\t\t<div class=\"elementor-spacer\">\n\t\t\t<div class=\"elementor-spacer-inner\"><\/div>\n\t\t<\/div>\n\t\t\t\t\t\t<\/div>\n\t\t\t\t<\/div>\n\t\t\t\t<div class=\"elementor-element elementor-element-74aeca45 sc_fly_static elementor-widget elementor-widget-text-editor\" data-id=\"74aeca45\" data-element_type=\"widget\" data-e-type=\"widget\" data-widget_type=\"text-editor.default\">\n\t\t\t\t<div class=\"elementor-widget-container\">\n\t\t\t\t\t\t\t\t\t\n<p><strong>STUDIMET BACHELOR,<\/strong><\/p>\n\n\n\n<p><strong>Menaxhim biznesi<\/strong><\/p>\n\n\n\n<p>Student\u00ebt e pranuar n\u00eb tre vitet e fundit &nbsp;<\/p>\n\n\n\n<figure class=\"wp-block-table\"><table><tbody><tr><td><strong>Viti<\/strong><\/td><td><strong>Women<\/strong><\/td><td><strong>Men<\/strong><\/td><td><strong>Total<\/strong><\/td><\/tr><tr><td>2021\/2022<\/td><td>87<\/td><td>82<\/td><td>169<\/td><\/tr><tr><td>2020\/2021<\/td><td>74<\/td><td>87<\/td><td>161<\/td><\/tr><tr><td>2019\/2020<\/td><td>\/<\/td><td>\/<\/td><td>\/<\/td><\/tr><tr><td><strong>Total<\/strong><\/td><td><strong>161<\/strong><\/td><td><strong>169<\/strong><\/td><td><strong>330<\/strong><\/td><\/tr><\/tbody><\/table><\/figure>\n\n\n\n<p>Menaxhim biznesi, Gjuh\u00eb boshnjake<\/p>\n\n\n\n<figure class=\"wp-block-table\"><table><tbody><tr><td><strong>Viti<\/strong><\/td><td><strong>Women<\/strong><\/td><td><strong>Men<\/strong><\/td><td><strong>Total<\/strong><\/td><\/tr><tr><td>2021\/2022<\/td><td>12<\/td><td>18<\/td><td>30<\/td><\/tr><tr><td>2020\/2021<\/td><td>18<\/td><td>27<\/td><td>45<\/td><\/tr><tr><td>2019\/2020<\/td><td>\/<\/td><td>\/<\/td><td>\/<\/td><\/tr><tr><td><strong>Total<\/strong><\/td><td><strong>30<\/strong><\/td><td><strong>45<\/strong><\/td><td><strong>75<\/strong><\/td><\/tr><\/tbody><\/table><\/figure>\n\n\n\n<p><strong>STUDIMET MASTER<\/strong><\/p>\n\n\n\n<p><strong>Menaxhim biznesi, MSc<\/strong><\/p>\n\n\n\n<figure class=\"wp-block-table\"><table><tbody><tr><td>Viti<\/td><td><strong>Women<\/strong><\/td><td><strong>Men<\/strong><\/td><td><strong>Total<\/strong><\/td><\/tr><tr><td>2021\/2022<\/td><td>66<\/td><td>46<\/td><td>112<\/td><\/tr><tr><td>2020\/2021<\/td><td>73<\/td><td>47<\/td><td>120<\/td><\/tr><tr><td>2019\/2020<\/td><td>\/<\/td><td>\/<\/td><td>\/<\/td><\/tr><tr><td><strong>Total<\/strong><\/td><td><strong>139<\/strong><\/td><td><strong>93<\/strong><\/td><td><strong>232<\/strong><\/td><\/tr><\/tbody><\/table><\/figure>\n\n\n\n<p><strong>Menaxhim biznesi, MSc, Gjuh\u00eb boshnjake<\/strong><\/p>\n\n\n\n<figure class=\"wp-block-table\"><table><tbody><tr><td>Viti<\/td><td><strong>Women<\/strong><\/td><td><strong>Men<\/strong><\/td><td><strong>Total<\/strong><\/td><\/tr><tr><td>2021\/2022<\/td><td>11<\/td><td>17<\/td><td>28<\/td><\/tr><tr><td>2020\/2021<\/td><td>15<\/td><td>14<\/td><td>29<\/td><\/tr><tr><td>2019\/2020<\/td><td>\/<\/td><td>\/<\/td><td>\/<\/td><\/tr><tr><td><strong>Total<\/strong><\/td><td><strong>26<\/strong><\/td><td><strong>31<\/strong><\/td><td><strong>57<\/strong><\/td><\/tr><\/tbody><\/table><\/figure>\n\n\n\n<p><strong>Menaxhimi i burimeve njer\u00ebzore, MSc<\/strong><\/p>\n\n\n\n<figure class=\"wp-block-table\"><table><tbody><tr><td><strong>Viti<\/strong><\/td><td><strong>Women<\/strong><\/td><td><strong>Men<\/strong><\/td><td><strong>Total<\/strong><\/td><\/tr><tr><td><strong>2021\/2022<\/strong><\/td><td>53<\/td><td>25<\/td><td>78<\/td><\/tr><tr><td><strong>2020\/2021<\/strong><\/td><td>33<\/td><td>17<\/td><td>50<\/td><\/tr><tr><td><strong>2018\/2019<\/strong><\/td><td>35<\/td><td>16<\/td><td>51<\/td><\/tr><tr><td><strong>Total<\/strong><\/td><td><strong>121<\/strong><\/td><td><strong>58<\/strong><\/td><td><strong>179<\/strong><\/td><\/tr><\/tbody><\/table><\/figure>\n\n\n\n<p><strong>T\u00eb diplomuarit n\u00eb Menaxhim t\u00eb burimeve njer\u00ebzore, MSc<\/strong><\/p>\n\n\n\n<figure class=\"wp-block-table\"><table><tbody><tr><td><strong>Viti<\/strong><\/td><td><strong>Women<\/strong><\/td><td><strong>Men<\/strong><\/td><td><strong>Total<\/strong><\/td><\/tr><tr><td><strong>2021\/2022<\/strong><\/td><td>9<\/td><td>6<\/td><td>15<\/td><\/tr><tr><td><strong>2020\/2021<\/strong><\/td><td>27<\/td><td>9<\/td><td>36<\/td><\/tr><tr><td><strong>2018\/2019<\/strong><\/td><td>11<\/td><td>34<\/td><td>45<\/td><\/tr><tr><td><strong>Total<\/strong><\/td><td><strong>47<\/strong><\/td><td><strong>49<\/strong><\/td><td><strong>96<\/strong><\/td><\/tr><\/tbody><\/table><\/figure>\n\n\n\n<p><strong>Informatik\u00eb biznesi, MSc<\/strong><\/p>\n\n\n\n<figure class=\"wp-block-table\"><table><tbody><tr><td><strong>Viti<\/strong><\/td><td><strong>Women<\/strong><\/td><td><strong>Men<\/strong><\/td><td><strong>Total<\/strong><\/td><\/tr><tr><td>2021\/2022<\/td><td>21<\/td><td>34<\/td><td>55<\/td><\/tr><tr><td><strong>Total<\/strong><\/td><td><strong>21<\/strong><\/td><td><strong>34<\/strong><\/td><td><strong>55<\/strong><\/td><\/tr><\/tbody><\/table><\/figure>\n\t\t\t\t\t\t\t\t<\/div>\n\t\t\t\t<\/div>\n\t\t\t\t\t<\/div>\n\t\t<\/div>\n\t\t\t\t\t<\/div>\n\t\t<\/section>\n\t\t\t\t<\/div>","protected":false},"excerpt":{"rendered":"<p>STUDIMET BACHELOR, Menaxhim biznesi Student\u00ebt e pranuar n\u00eb tre vitet e fundit &nbsp; Viti Femra Meshkuj Totali 2021\/2022 87 82 169 2020\/2021 74 87 161 2019\/2020 \/ \/ \/ Totali&hellip;<\/p>","protected":false},"author":1,"featured_media":0,"parent":0,"menu_order":0,"comment_status":"closed","ping_status":"closed","template":"","meta":{"footnotes":""},"class_list":["post-21623","page","type-page","status-publish","hentry"],"yoast_head":"<!-- This site is optimized with the Yoast SEO Premium plugin v27.2 (Yoast SEO v27.2) - https:\/\/yoast.com\/product\/yoast-seo-premium-wordpress\/ -->\n<title>Statistikat e student\u00ebve Fakulteti Arteve (UHZ)<\/title>\n<meta name=\"description\" content=\"Shiko statistikat e student\u00ebve n\u00eb Fakultetin e Arteve t\u00eb Universitetit \u201cHaxhi Zeka\u201d (UHZ), p\u00ebrfshir\u00eb numrin e student\u00ebve, shp\u00ebrndarjen sipas programeve t\u00eb studimit dhe t\u00eb dh\u00ebna t\u00eb tjera t\u00eb r\u00ebnd\u00ebsishme p\u00ebr vitet akademike.\" \/>\n<meta name=\"robots\" content=\"index, follow, max-snippet:-1, max-image-preview:large, max-video-preview:-1\" \/>\n<link rel=\"canonical\" href=\"https:\/\/unhz.eu\/fakulteti-i-arteve\/en\/statistikat-e-studenteve\/\" \/>\n<meta property=\"og:locale\" content=\"en_US\" \/>\n<meta property=\"og:type\" content=\"article\" \/>\n<meta property=\"og:title\" content=\"Statistikat e student\u00ebve\" \/>\n<meta property=\"og:description\" content=\"Shiko statistikat e student\u00ebve n\u00eb Fakultetin e Arteve t\u00eb Universitetit \u201cHaxhi Zeka\u201d (UHZ), p\u00ebrfshir\u00eb numrin e student\u00ebve, shp\u00ebrndarjen sipas programeve t\u00eb studimit dhe t\u00eb dh\u00ebna t\u00eb tjera t\u00eb r\u00ebnd\u00ebsishme p\u00ebr vitet akademike.\" \/>\n<meta property=\"og:url\" content=\"https:\/\/unhz.eu\/fakulteti-i-arteve\/en\/statistikat-e-studenteve\/\" \/>\n<meta property=\"og:site_name\" content=\"Fakulteti i Arteve\" \/>\n<meta property=\"article:modified_time\" content=\"2026-01-08T12:20:54+00:00\" \/>\n<meta name=\"twitter:card\" content=\"summary_large_image\" \/>\n<meta name=\"twitter:label1\" content=\"Est. reading time\" \/>\n\t<meta name=\"twitter:data1\" content=\"1 minute\" \/>\n<script type=\"application\/ld+json\" class=\"yoast-schema-graph\">{\"@context\":\"https:\/\/schema.org\",\"@graph\":[{\"@type\":\"WebPage\",\"@id\":\"https:\/\/unhz.eu\/fakulteti-i-arteve\/statistikat-e-studenteve\/\",\"url\":\"https:\/\/unhz.eu\/fakulteti-i-arteve\/statistikat-e-studenteve\/\",\"name\":\"Statistikat e student\u00ebve Fakulteti Arteve (UHZ)\",\"isPartOf\":{\"@id\":\"https:\/\/unhz.eu\/fakulteti-i-arteve\/#website\"},\"datePublished\":\"2024-02-29T14:34:11+00:00\",\"dateModified\":\"2026-01-08T12:20:54+00:00\",\"description\":\"Shiko statistikat e student\u00ebve n\u00eb Fakultetin e Arteve t\u00eb Universitetit \u201cHaxhi Zeka\u201d (UHZ), p\u00ebrfshir\u00eb numrin e student\u00ebve, shp\u00ebrndarjen sipas programeve t\u00eb studimit dhe t\u00eb dh\u00ebna t\u00eb tjera t\u00eb r\u00ebnd\u00ebsishme p\u00ebr vitet akademike.\",\"breadcrumb\":{\"@id\":\"https:\/\/unhz.eu\/fakulteti-i-arteve\/statistikat-e-studenteve\/#breadcrumb\"},\"inLanguage\":\"en-US\",\"potentialAction\":[{\"@type\":\"ReadAction\",\"target\":[\"https:\/\/unhz.eu\/fakulteti-i-arteve\/statistikat-e-studenteve\/\"]}]},{\"@type\":\"BreadcrumbList\",\"@id\":\"https:\/\/unhz.eu\/fakulteti-i-arteve\/statistikat-e-studenteve\/#breadcrumb\",\"itemListElement\":[{\"@type\":\"ListItem\",\"position\":1,\"name\":\"Home\",\"item\":\"https:\/\/unhz.eu\/fakulteti-i-arteve\/\"},{\"@type\":\"ListItem\",\"position\":2,\"name\":\"Statistikat e student\u00ebve\"}]},{\"@type\":\"WebSite\",\"@id\":\"https:\/\/unhz.eu\/fakulteti-i-arteve\/#website\",\"url\":\"https:\/\/unhz.eu\/fakulteti-i-arteve\/\",\"name\":\"Fakulteti i Arteve\",\"description\":\"I dedikuar p\u00ebr cil\u00ebsi standarde dhe suksese\",\"publisher\":{\"@id\":\"https:\/\/unhz.eu\/fakulteti-i-arteve\/#organization\"},\"potentialAction\":[{\"@type\":\"SearchAction\",\"target\":{\"@type\":\"EntryPoint\",\"urlTemplate\":\"https:\/\/unhz.eu\/fakulteti-i-arteve\/?s={search_term_string}\"},\"query-input\":{\"@type\":\"PropertyValueSpecification\",\"valueRequired\":true,\"valueName\":\"search_term_string\"}}],\"inLanguage\":\"en-US\"},{\"@type\":\"Organization\",\"@id\":\"https:\/\/unhz.eu\/fakulteti-i-arteve\/#organization\",\"name\":\"Fakulteti i Arteve\",\"url\":\"https:\/\/unhz.eu\/fakulteti-i-arteve\/\",\"logo\":{\"@type\":\"ImageObject\",\"inLanguage\":\"en-US\",\"@id\":\"https:\/\/unhz.eu\/fakulteti-i-arteve\/#\/schema\/logo\/image\/\",\"url\":\"https:\/\/unhz.eu\/fakulteti-i-arteve\/wp-content\/uploads\/sites\/8\/2024\/02\/cropped-logo-1-1-e1713527702695.png\",\"contentUrl\":\"https:\/\/unhz.eu\/fakulteti-i-arteve\/wp-content\/uploads\/sites\/8\/2024\/02\/cropped-logo-1-1-e1713527702695.png\",\"width\":100,\"height\":100,\"caption\":\"Fakulteti i Arteve\"},\"image\":{\"@id\":\"https:\/\/unhz.eu\/fakulteti-i-arteve\/#\/schema\/logo\/image\/\"}}]}<\/script>\n<!-- \/ Yoast SEO Premium plugin. -->","yoast_head_json":{"title":"Statistikat e student\u00ebve Fakulteti Arteve (UHZ)","description":"Shiko statistikat e student\u00ebve n\u00eb Fakultetin e Arteve t\u00eb Universitetit \u201cHaxhi Zeka\u201d (UHZ), p\u00ebrfshir\u00eb numrin e student\u00ebve, shp\u00ebrndarjen sipas programeve t\u00eb studimit dhe t\u00eb dh\u00ebna t\u00eb tjera t\u00eb r\u00ebnd\u00ebsishme p\u00ebr vitet akademike.","robots":{"index":"index","follow":"follow","max-snippet":"max-snippet:-1","max-image-preview":"max-image-preview:large","max-video-preview":"max-video-preview:-1"},"canonical":"https:\/\/unhz.eu\/fakulteti-i-arteve\/en\/statistikat-e-studenteve\/","og_locale":"en_US","og_type":"article","og_title":"Statistikat e student\u00ebve","og_description":"Shiko statistikat e student\u00ebve n\u00eb Fakultetin e Arteve t\u00eb Universitetit \u201cHaxhi Zeka\u201d (UHZ), p\u00ebrfshir\u00eb numrin e student\u00ebve, shp\u00ebrndarjen sipas programeve t\u00eb studimit dhe t\u00eb dh\u00ebna t\u00eb tjera t\u00eb r\u00ebnd\u00ebsishme p\u00ebr vitet akademike.","og_url":"https:\/\/unhz.eu\/fakulteti-i-arteve\/en\/statistikat-e-studenteve\/","og_site_name":"Fakulteti i Arteve","article_modified_time":"2026-01-08T12:20:54+00:00","twitter_card":"summary_large_image","twitter_misc":{"Est. reading time":"1 minute"},"schema":{"@context":"https:\/\/schema.org","@graph":[{"@type":"WebPage","@id":"https:\/\/unhz.eu\/fakulteti-i-arteve\/statistikat-e-studenteve\/","url":"https:\/\/unhz.eu\/fakulteti-i-arteve\/statistikat-e-studenteve\/","name":"Statistikat e student\u00ebve Fakulteti Arteve (UHZ)","isPartOf":{"@id":"https:\/\/unhz.eu\/fakulteti-i-arteve\/#website"},"datePublished":"2024-02-29T14:34:11+00:00","dateModified":"2026-01-08T12:20:54+00:00","description":"Shiko statistikat e student\u00ebve n\u00eb Fakultetin e Arteve t\u00eb Universitetit \u201cHaxhi Zeka\u201d (UHZ), p\u00ebrfshir\u00eb numrin e student\u00ebve, shp\u00ebrndarjen sipas programeve t\u00eb studimit dhe t\u00eb dh\u00ebna t\u00eb tjera t\u00eb r\u00ebnd\u00ebsishme p\u00ebr vitet akademike.","breadcrumb":{"@id":"https:\/\/unhz.eu\/fakulteti-i-arteve\/statistikat-e-studenteve\/#breadcrumb"},"inLanguage":"en-US","potentialAction":[{"@type":"ReadAction","target":["https:\/\/unhz.eu\/fakulteti-i-arteve\/statistikat-e-studenteve\/"]}]},{"@type":"BreadcrumbList","@id":"https:\/\/unhz.eu\/fakulteti-i-arteve\/statistikat-e-studenteve\/#breadcrumb","itemListElement":[{"@type":"ListItem","position":1,"name":"Home","item":"https:\/\/unhz.eu\/fakulteti-i-arteve\/"},{"@type":"ListItem","position":2,"name":"Statistikat e student\u00ebve"}]},{"@type":"WebSite","@id":"https:\/\/unhz.eu\/fakulteti-i-arteve\/#website","url":"https:\/\/unhz.eu\/fakulteti-i-arteve\/","name":"Faculty of Arts","description":"Dedicated to standard quality and success","publisher":{"@id":"https:\/\/unhz.eu\/fakulteti-i-arteve\/#organization"},"potentialAction":[{"@type":"SearchAction","target":{"@type":"EntryPoint","urlTemplate":"https:\/\/unhz.eu\/fakulteti-i-arteve\/?s={search_term_string}"},"query-input":{"@type":"PropertyValueSpecification","valueRequired":true,"valueName":"search_term_string"}}],"inLanguage":"en-US"},{"@type":"Organization","@id":"https:\/\/unhz.eu\/fakulteti-i-arteve\/#organization","name":"Faculty of Arts","url":"https:\/\/unhz.eu\/fakulteti-i-arteve\/","logo":{"@type":"ImageObject","inLanguage":"en-US","@id":"https:\/\/unhz.eu\/fakulteti-i-arteve\/#\/schema\/logo\/image\/","url":"https:\/\/unhz.eu\/fakulteti-i-arteve\/wp-content\/uploads\/sites\/8\/2024\/02\/cropped-logo-1-1-e1713527702695.png","contentUrl":"https:\/\/unhz.eu\/fakulteti-i-arteve\/wp-content\/uploads\/sites\/8\/2024\/02\/cropped-logo-1-1-e1713527702695.png","width":100,"height":100,"caption":"Fakulteti i Arteve"},"image":{"@id":"https:\/\/unhz.eu\/fakulteti-i-arteve\/#\/schema\/logo\/image\/"}}]}},"_links":{"self":[{"href":"https:\/\/unhz.eu\/fakulteti-i-arteve\/en\/wp-json\/wp\/v2\/pages\/21623","targetHints":{"allow":["GET"]}}],"collection":[{"href":"https:\/\/unhz.eu\/fakulteti-i-arteve\/en\/wp-json\/wp\/v2\/pages"}],"about":[{"href":"https:\/\/unhz.eu\/fakulteti-i-arteve\/en\/wp-json\/wp\/v2\/types\/page"}],"author":[{"embeddable":true,"href":"https:\/\/unhz.eu\/fakulteti-i-arteve\/en\/wp-json\/wp\/v2\/users\/1"}],"replies":[{"embeddable":true,"href":"https:\/\/unhz.eu\/fakulteti-i-arteve\/en\/wp-json\/wp\/v2\/comments?post=21623"}],"version-history":[{"count":1,"href":"https:\/\/unhz.eu\/fakulteti-i-arteve\/en\/wp-json\/wp\/v2\/pages\/21623\/revisions"}],"predecessor-version":[{"id":49460,"href":"https:\/\/unhz.eu\/fakulteti-i-arteve\/en\/wp-json\/wp\/v2\/pages\/21623\/revisions\/49460"}],"wp:attachment":[{"href":"https:\/\/unhz.eu\/fakulteti-i-arteve\/en\/wp-json\/wp\/v2\/media?parent=21623"}],"curies":[{"name":"wp","href":"https:\/\/api.w.org\/{rel}","templated":true}]}}