{"id":49254,"date":"2025-10-27T09:58:04","date_gmt":"2025-10-27T09:58:04","guid":{"rendered":"https:\/\/unhz.eu\/fakulteti-i-agrobiznesit\/?page_id=49254"},"modified":"2026-02-06T12:22:43","modified_gmt":"2026-02-06T12:22:43","slug":"teknologji-e-prodhimit-bimor-2025-2028","status":"publish","type":"page","link":"https:\/\/unhz.eu\/fakulteti-i-agrobiznesit\/programet-tpb\/teknologji-e-prodhimit-bimor-2025-2028\/","title":{"rendered":"TEKNOLOGJI E PRODHIMIT BIMOR 2025-2028"},"content":{"rendered":"\n<p><strong><em>TEKNOLOGJI E PRODHIMIT BIMOR 2025-2028<\/em><\/strong><\/p>\n\n\n\n<figure class=\"wp-block-table\"><table><tbody><tr><td colspan=\"6\"><strong>Viti<\/strong><\/td><\/tr><tr><td colspan=\"3\"><strong>Semestri I<\/strong><\/td><td colspan=\"3\"><strong>Or\u00eb\/jav\u00eb<\/strong><\/td><\/tr><tr><td><strong>Nr.<\/strong><\/td><td><strong>O\/Z<\/strong><\/td><td><strong>L\u00ebnd\u00ebt<\/strong><\/td><td><strong>L<\/strong><\/td><td><strong>U<\/strong><\/td><td><strong>ECTS<\/strong><\/td><\/tr><tr><td>1<\/td><td>O<\/td><td>Kimi e p\u00ebrgjithshme dhe inorganike<\/td><td>3<\/td><td>2<\/td><td>6<\/td><\/tr><tr><td>2<\/td><td>O<\/td><td>Biologjia e p\u00ebrgjithshme<\/td><td>3<\/td><td>2<\/td><td>6<\/td><\/tr><tr><td>3<\/td><td>O<\/td><td>Matematik\u00eb<\/td><td>2<\/td><td>2<\/td><td>5<\/td><\/tr><tr><td>4<\/td><td>O<\/td><td>Agrometereologji me bazat e fizik\u00ebs<\/td><td>2<\/td><td>2<\/td><td>5<\/td><\/tr><tr><td>5<\/td><td>O<\/td><td>Gjuh\u00ebn angleze<\/td><td>2<\/td><td>0<\/td><td>4<\/td><\/tr><tr><td>6<\/td><td>O<\/td><td>Informatik\u00eb e aplikuar n\u00eb bujq\u00ebsi<\/td><td>2<\/td><td>0<\/td><td>4<\/td><\/tr><tr><td colspan=\"6\"><strong>Semestri II<\/strong><\/td><\/tr><tr><td>1<\/td><td>O<\/td><td>Bazat e prodhimit bimor<\/td><td>3<\/td><td>2<\/td><td>6<\/td><\/tr><tr><td>2<\/td><td>O<\/td><td>Pedologjia<\/td><td>2<\/td><td>2<\/td><td>5<\/td><\/tr><tr><td>3<\/td><td>O<\/td><td>Kimia Organike<\/td><td>2<\/td><td>2<\/td><td>5<\/td><\/tr><tr><td>4<\/td><td>O<\/td><td>Ekologjia Bujq\u00ebsore<\/td><td>2<\/td><td>2<\/td><td>5<\/td><\/tr><tr><td>5<\/td><td>O<\/td><td>Botanik\u00eb e p\u00ebrgjithshme dhe sistematike<\/td><td>2<\/td><td>2<\/td><td>5<\/td><\/tr><tr><td>6<\/td><td>Z<\/td><td>Bar\u00ebrat e k\u00ebqija<\/td><td>2<\/td><td>1<\/td><td>4<\/td><\/tr><tr><td>7<\/td><td>Z<\/td><td>Bim\u00ebt foragjere<\/td><td>2<\/td><td>1<\/td><td>4<\/td><\/tr><tr><td colspan=\"6\"><strong>Semestri III<\/strong><\/td><\/tr><tr><td>1<\/td><td>O<\/td><td>Entomologjia<\/td><td>2<\/td><td>2<\/td><td>5<\/td><\/tr><tr><td>2<\/td><td>O<\/td><td>Biokimia&nbsp;<\/td><td>2<\/td><td>2<\/td><td>5<\/td><\/tr><tr><td>3<\/td><td>O<\/td><td>Teknologjia e drith\u00ebrave<\/td><td>2<\/td><td>2<\/td><td>5<\/td><\/tr><tr><td>4<\/td><td>O<\/td><td>T\u00eb ushqyerit e bim\u00ebve<\/td><td>2<\/td><td>2<\/td><td>5<\/td><\/tr><tr><td>5<\/td><td>O<\/td><td>Mikrobiologji&nbsp; bujq\u00ebsore<\/td><td>2<\/td><td>2<\/td><td>5<\/td><\/tr><tr><td>6<\/td><td>Z<\/td><td>Fara dhe prodhimi i fidan\u00ebve<\/td><td>2<\/td><td>1<\/td><td>5<\/td><\/tr><tr><td>7<\/td><td>Z<\/td><td>Nd\u00ebrmarr\u00ebsia<\/td><td>2<\/td><td>2<\/td><td>5<\/td><\/tr><tr><td colspan=\"6\"><strong>Semestri IV<\/strong><\/td><\/tr><tr><td>1<\/td><td>O<\/td><td>Fiziologjia e bim\u00ebve<\/td><td>3<\/td><td>2<\/td><td>6<\/td><\/tr><tr><td>2<\/td><td>O<\/td><td>Bazat e gjenetikes<\/td><td>2<\/td><td>2<\/td><td>5<\/td><\/tr><tr><td>3<\/td><td>O<\/td><td>Bazat e Perimtaris\u00eb<\/td><td>2<\/td><td>2<\/td><td>5<\/td><\/tr><tr><td>4<\/td><td>O<\/td><td>Bazat e Pem\u00ebtaris\u00eb<\/td><td>2<\/td><td>2<\/td><td>5<\/td><\/tr><tr><td>5<\/td><td>O<\/td><td>Ekonomia e prodhimeve bujq\u00ebsore<\/td><td>2<\/td><td>2<\/td><td>5<\/td><\/tr><tr><td>6<\/td><td>Z<\/td><td>Bazat e vreshtaris\u00eb<\/td><td>2<\/td><td>1<\/td><td>4<\/td><\/tr><tr><td>7<\/td><td>Z<\/td><td>Bazat e shkencave animale<\/td><td>2<\/td><td>1<\/td><td>4<\/td><\/tr><tr><td colspan=\"6\"><strong>Semestri V<\/strong><\/td><\/tr><tr><td>1<\/td><td>O<\/td><td>Fitoteknia<\/td><td>2<\/td><td>2<\/td><td>5<\/td><\/tr><tr><td>2<\/td><td>O<\/td><td>P\u00ebrmir\u00ebsimi gjenetik i bim\u00ebve<\/td><td>3<\/td><td>2<\/td><td>6<\/td><\/tr><tr><td>3<\/td><td>O<\/td><td>Teknologjia p\u00ebr p\u00ebrpunimin e maltit<\/td><td>2<\/td><td>2<\/td><td>5<\/td><\/tr><tr><td>4<\/td><td>O<\/td><td>Fitopatologjia<\/td><td>3<\/td><td>2<\/td><td>6<\/td><\/tr><tr><td>5<\/td><td>O<\/td><td>Mekanizimi&nbsp; bujq\u00ebsor<\/td><td>2<\/td><td>2<\/td><td>4<\/td><\/tr><tr><td>6<\/td><td>Z<\/td><td>Bim\u00eb Aromatike dhe Medicinale<\/td><td>2<\/td><td>1<\/td><td>4<\/td><\/tr><tr><td>7<\/td><td>Z<\/td><td>Lav\u00ebrtaria Speciale<\/td><td>2<\/td><td>1<\/td><td>4<\/td><\/tr><tr><td colspan=\"6\">Semestri VI<\/td><\/tr><tr><td>&nbsp;<\/td><td>O<\/td><td>Mbrojtja integrale<\/td><td>3<\/td><td>2<\/td><td>6<\/td><\/tr><tr><td>&nbsp;<\/td><td>O<\/td><td>Bujq\u00ebsia Organike<\/td><td>2<\/td><td>2<\/td><td>5<\/td><\/tr><tr><td>&nbsp;<\/td><td>O<\/td><td>Metodologjia e hulumtimit<\/td><td>2<\/td><td>2<\/td><td>5<\/td><\/tr><tr><td>&nbsp;<\/td><td>Z<\/td><td>Parimet dhe praktika e ujitjes<\/td><td>2<\/td><td>1<\/td><td>4<\/td><\/tr><tr><td>&nbsp;<\/td><td>Z<\/td><td>Teknologjia e pasvjeljes<\/td><td>2<\/td><td>1<\/td><td>4<\/td><\/tr><tr><td>&nbsp;<\/td><td>Z<\/td><td>Mjediset e mbrojtura dhe lul\u00ebtaria<\/td><td>2<\/td><td>1<\/td><td>4<\/td><\/tr><tr><td>&nbsp;<\/td><td>O<\/td><td>Punim diplome<\/td><td>&nbsp;<\/td><td>&nbsp;<\/td><td>10<\/td><\/tr><\/tbody><\/table><\/figure>\n\n\n\n<p><\/p>\n","protected":false},"excerpt":{"rendered":"<p>TEKNOLOGJI E PRODHIMIT BIMOR 2025-2028 Viti Semestri I Or\u00eb\/jav\u00eb Nr. O\/Z L\u00ebnd\u00ebt L U ECTS 1 O Kimi e p\u00ebrgjithshme dhe inorganike 3 2 6 2 O Biologjia e p\u00ebrgjithshme&hellip;<\/p>\n","protected":false},"author":1,"featured_media":0,"parent":48638,"menu_order":0,"comment_status":"closed","ping_status":"closed","template":"","meta":{"footnotes":""},"class_list":["post-49254","page","type-page","status-publish","hentry"],"yoast_head":"<!-- This site is optimized with the Yoast SEO Premium plugin v27.2 (Yoast SEO v27.2) - https:\/\/yoast.com\/product\/yoast-seo-premium-wordpress\/ -->\n<title>TEKNOLOGJI E PRODHIMIT BIMOR 2025-2028 - Fakulteti i Agrobiznesit<\/title>\n<meta name=\"description\" content=\"Shikoni plan\u2011programin e studimit 2025\u20112028 p\u00ebr \u201cTeknologji e Prodhimit Bimor\u201d n\u00eb Fakultetin e Agrobiznesit UNHZ \u2013 l\u00ebnd\u00ebt, semestrat dhe ECTS p\u00ebr \u00e7do vit.\" \/>\n<meta name=\"robots\" content=\"index, follow, max-snippet:-1, max-image-preview:large, max-video-preview:-1\" \/>\n<link rel=\"canonical\" href=\"https:\/\/unhz.eu\/fakulteti-i-agrobiznesit\/programet-tpb\/teknologji-e-prodhimit-bimor-2025-2028\/\" \/>\n<meta property=\"og:locale\" content=\"sq_AL\" \/>\n<meta property=\"og:type\" content=\"article\" \/>\n<meta property=\"og:title\" content=\"TEKNOLOGJI E PRODHIMIT BIMOR 2025-2028\" \/>\n<meta property=\"og:description\" content=\"Shikoni plan\u2011programin e studimit 2025\u20112028 p\u00ebr \u201cTeknologji e Prodhimit Bimor\u201d n\u00eb Fakultetin e Agrobiznesit UNHZ \u2013 l\u00ebnd\u00ebt, semestrat dhe ECTS p\u00ebr \u00e7do vit.\" \/>\n<meta property=\"og:url\" content=\"https:\/\/unhz.eu\/fakulteti-i-agrobiznesit\/programet-tpb\/teknologji-e-prodhimit-bimor-2025-2028\/\" \/>\n<meta property=\"og:site_name\" content=\"Fakulteti i Agrobiznesit\" \/>\n<meta property=\"article:modified_time\" content=\"2026-02-06T12:22:43+00:00\" \/>\n<meta name=\"twitter:card\" content=\"summary_large_image\" \/>\n<meta name=\"twitter:label1\" content=\"Est. reading time\" \/>\n\t<meta name=\"twitter:data1\" content=\"2 minuta\" \/>\n<script type=\"application\/ld+json\" class=\"yoast-schema-graph\">{\"@context\":\"https:\/\/schema.org\",\"@graph\":[{\"@type\":\"WebPage\",\"@id\":\"https:\/\/unhz.eu\/fakulteti-i-agrobiznesit\/programet-tpb\/teknologji-e-prodhimit-bimor-2025-2028\/\",\"url\":\"https:\/\/unhz.eu\/fakulteti-i-agrobiznesit\/programet-tpb\/teknologji-e-prodhimit-bimor-2025-2028\/\",\"name\":\"TEKNOLOGJI E PRODHIMIT BIMOR 2025-2028 - Fakulteti i Agrobiznesit\",\"isPartOf\":{\"@id\":\"https:\/\/unhz.eu\/fakulteti-i-agrobiznesit\/#website\"},\"datePublished\":\"2025-10-27T09:58:04+00:00\",\"dateModified\":\"2026-02-06T12:22:43+00:00\",\"description\":\"Shikoni plan\u2011programin e studimit 2025\u20112028 p\u00ebr \u201cTeknologji e Prodhimit Bimor\u201d n\u00eb Fakultetin e Agrobiznesit UNHZ \u2013 l\u00ebnd\u00ebt, semestrat dhe ECTS p\u00ebr \u00e7do vit.\",\"breadcrumb\":{\"@id\":\"https:\/\/unhz.eu\/fakulteti-i-agrobiznesit\/programet-tpb\/teknologji-e-prodhimit-bimor-2025-2028\/#breadcrumb\"},\"inLanguage\":\"sq\",\"potentialAction\":[{\"@type\":\"ReadAction\",\"target\":[\"https:\/\/unhz.eu\/fakulteti-i-agrobiznesit\/programet-tpb\/teknologji-e-prodhimit-bimor-2025-2028\/\"]}]},{\"@type\":\"BreadcrumbList\",\"@id\":\"https:\/\/unhz.eu\/fakulteti-i-agrobiznesit\/programet-tpb\/teknologji-e-prodhimit-bimor-2025-2028\/#breadcrumb\",\"itemListElement\":[{\"@type\":\"ListItem\",\"position\":1,\"name\":\"Home\",\"item\":\"https:\/\/unhz.eu\/fakulteti-i-agrobiznesit\/\"},{\"@type\":\"ListItem\",\"position\":2,\"name\":\"Programet TPB\",\"item\":\"https:\/\/unhz.eu\/fakulteti-i-agrobiznesit\/programet-tpb\/\"},{\"@type\":\"ListItem\",\"position\":3,\"name\":\"TEKNOLOGJI E PRODHIMIT BIMOR 2025-2028\"}]},{\"@type\":\"WebSite\",\"@id\":\"https:\/\/unhz.eu\/fakulteti-i-agrobiznesit\/#website\",\"url\":\"https:\/\/unhz.eu\/fakulteti-i-agrobiznesit\/\",\"name\":\"Fakulteti i Agrobiznesit\",\"description\":\"I dedikuar p\u00ebr cil\u00ebsi standarde dhe suksese\",\"publisher\":{\"@id\":\"https:\/\/unhz.eu\/fakulteti-i-agrobiznesit\/#organization\"},\"potentialAction\":[{\"@type\":\"SearchAction\",\"target\":{\"@type\":\"EntryPoint\",\"urlTemplate\":\"https:\/\/unhz.eu\/fakulteti-i-agrobiznesit\/?s={search_term_string}\"},\"query-input\":{\"@type\":\"PropertyValueSpecification\",\"valueRequired\":true,\"valueName\":\"search_term_string\"}}],\"inLanguage\":\"sq\"},{\"@type\":\"Organization\",\"@id\":\"https:\/\/unhz.eu\/fakulteti-i-agrobiznesit\/#organization\",\"name\":\"Fakulteti i Agrobiznesit\",\"url\":\"https:\/\/unhz.eu\/fakulteti-i-agrobiznesit\/\",\"logo\":{\"@type\":\"ImageObject\",\"inLanguage\":\"sq\",\"@id\":\"https:\/\/unhz.eu\/fakulteti-i-agrobiznesit\/#\/schema\/logo\/image\/\",\"url\":\"https:\/\/unhz.eu\/fakulteti-i-agrobiznesit\/wp-content\/uploads\/sites\/11\/2024\/02\/cropped-logo-1-1-e1713527702695.png\",\"contentUrl\":\"https:\/\/unhz.eu\/fakulteti-i-agrobiznesit\/wp-content\/uploads\/sites\/11\/2024\/02\/cropped-logo-1-1-e1713527702695.png\",\"width\":100,\"height\":100,\"caption\":\"Fakulteti i Agrobiznesit\"},\"image\":{\"@id\":\"https:\/\/unhz.eu\/fakulteti-i-agrobiznesit\/#\/schema\/logo\/image\/\"}}]}<\/script>\n<!-- \/ Yoast SEO Premium plugin. -->","yoast_head_json":{"title":"TEKNOLOGJI E PRODHIMIT BIMOR 2025-2028 - Fakulteti i Agrobiznesit","description":"Shikoni plan\u2011programin e studimit 2025\u20112028 p\u00ebr \u201cTeknologji e Prodhimit Bimor\u201d n\u00eb Fakultetin e Agrobiznesit UNHZ \u2013 l\u00ebnd\u00ebt, semestrat dhe ECTS p\u00ebr \u00e7do vit.","robots":{"index":"index","follow":"follow","max-snippet":"max-snippet:-1","max-image-preview":"max-image-preview:large","max-video-preview":"max-video-preview:-1"},"canonical":"https:\/\/unhz.eu\/fakulteti-i-agrobiznesit\/programet-tpb\/teknologji-e-prodhimit-bimor-2025-2028\/","og_locale":"sq_AL","og_type":"article","og_title":"TEKNOLOGJI E PRODHIMIT BIMOR 2025-2028","og_description":"Shikoni plan\u2011programin e studimit 2025\u20112028 p\u00ebr \u201cTeknologji e Prodhimit Bimor\u201d n\u00eb Fakultetin e Agrobiznesit UNHZ \u2013 l\u00ebnd\u00ebt, semestrat dhe ECTS p\u00ebr \u00e7do vit.","og_url":"https:\/\/unhz.eu\/fakulteti-i-agrobiznesit\/programet-tpb\/teknologji-e-prodhimit-bimor-2025-2028\/","og_site_name":"Fakulteti i Agrobiznesit","article_modified_time":"2026-02-06T12:22:43+00:00","twitter_card":"summary_large_image","twitter_misc":{"Est. reading time":"2 minuta"},"schema":{"@context":"https:\/\/schema.org","@graph":[{"@type":"WebPage","@id":"https:\/\/unhz.eu\/fakulteti-i-agrobiznesit\/programet-tpb\/teknologji-e-prodhimit-bimor-2025-2028\/","url":"https:\/\/unhz.eu\/fakulteti-i-agrobiznesit\/programet-tpb\/teknologji-e-prodhimit-bimor-2025-2028\/","name":"TEKNOLOGJI E PRODHIMIT BIMOR 2025-2028 - Fakulteti i Agrobiznesit","isPartOf":{"@id":"https:\/\/unhz.eu\/fakulteti-i-agrobiznesit\/#website"},"datePublished":"2025-10-27T09:58:04+00:00","dateModified":"2026-02-06T12:22:43+00:00","description":"Shikoni plan\u2011programin e studimit 2025\u20112028 p\u00ebr \u201cTeknologji e Prodhimit Bimor\u201d n\u00eb Fakultetin e Agrobiznesit UNHZ \u2013 l\u00ebnd\u00ebt, semestrat dhe ECTS p\u00ebr \u00e7do vit.","breadcrumb":{"@id":"https:\/\/unhz.eu\/fakulteti-i-agrobiznesit\/programet-tpb\/teknologji-e-prodhimit-bimor-2025-2028\/#breadcrumb"},"inLanguage":"sq","potentialAction":[{"@type":"ReadAction","target":["https:\/\/unhz.eu\/fakulteti-i-agrobiznesit\/programet-tpb\/teknologji-e-prodhimit-bimor-2025-2028\/"]}]},{"@type":"BreadcrumbList","@id":"https:\/\/unhz.eu\/fakulteti-i-agrobiznesit\/programet-tpb\/teknologji-e-prodhimit-bimor-2025-2028\/#breadcrumb","itemListElement":[{"@type":"ListItem","position":1,"name":"Home","item":"https:\/\/unhz.eu\/fakulteti-i-agrobiznesit\/"},{"@type":"ListItem","position":2,"name":"Programet TPB","item":"https:\/\/unhz.eu\/fakulteti-i-agrobiznesit\/programet-tpb\/"},{"@type":"ListItem","position":3,"name":"TEKNOLOGJI E PRODHIMIT BIMOR 2025-2028"}]},{"@type":"WebSite","@id":"https:\/\/unhz.eu\/fakulteti-i-agrobiznesit\/#website","url":"https:\/\/unhz.eu\/fakulteti-i-agrobiznesit\/","name":"Fakulteti i Agrobiznesit","description":"I dedikuar p\u00ebr cil\u00ebsi standarde dhe suksese","publisher":{"@id":"https:\/\/unhz.eu\/fakulteti-i-agrobiznesit\/#organization"},"potentialAction":[{"@type":"SearchAction","target":{"@type":"EntryPoint","urlTemplate":"https:\/\/unhz.eu\/fakulteti-i-agrobiznesit\/?s={search_term_string}"},"query-input":{"@type":"PropertyValueSpecification","valueRequired":true,"valueName":"search_term_string"}}],"inLanguage":"sq"},{"@type":"Organization","@id":"https:\/\/unhz.eu\/fakulteti-i-agrobiznesit\/#organization","name":"Fakulteti i Agrobiznesit","url":"https:\/\/unhz.eu\/fakulteti-i-agrobiznesit\/","logo":{"@type":"ImageObject","inLanguage":"sq","@id":"https:\/\/unhz.eu\/fakulteti-i-agrobiznesit\/#\/schema\/logo\/image\/","url":"https:\/\/unhz.eu\/fakulteti-i-agrobiznesit\/wp-content\/uploads\/sites\/11\/2024\/02\/cropped-logo-1-1-e1713527702695.png","contentUrl":"https:\/\/unhz.eu\/fakulteti-i-agrobiznesit\/wp-content\/uploads\/sites\/11\/2024\/02\/cropped-logo-1-1-e1713527702695.png","width":100,"height":100,"caption":"Fakulteti i Agrobiznesit"},"image":{"@id":"https:\/\/unhz.eu\/fakulteti-i-agrobiznesit\/#\/schema\/logo\/image\/"}}]}},"_links":{"self":[{"href":"https:\/\/unhz.eu\/fakulteti-i-agrobiznesit\/wp-json\/wp\/v2\/pages\/49254","targetHints":{"allow":["GET"]}}],"collection":[{"href":"https:\/\/unhz.eu\/fakulteti-i-agrobiznesit\/wp-json\/wp\/v2\/pages"}],"about":[{"href":"https:\/\/unhz.eu\/fakulteti-i-agrobiznesit\/wp-json\/wp\/v2\/types\/page"}],"author":[{"embeddable":true,"href":"https:\/\/unhz.eu\/fakulteti-i-agrobiznesit\/wp-json\/wp\/v2\/users\/1"}],"replies":[{"embeddable":true,"href":"https:\/\/unhz.eu\/fakulteti-i-agrobiznesit\/wp-json\/wp\/v2\/comments?post=49254"}],"version-history":[{"count":2,"href":"https:\/\/unhz.eu\/fakulteti-i-agrobiznesit\/wp-json\/wp\/v2\/pages\/49254\/revisions"}],"predecessor-version":[{"id":49256,"href":"https:\/\/unhz.eu\/fakulteti-i-agrobiznesit\/wp-json\/wp\/v2\/pages\/49254\/revisions\/49256"}],"up":[{"embeddable":true,"href":"https:\/\/unhz.eu\/fakulteti-i-agrobiznesit\/wp-json\/wp\/v2\/pages\/48638"}],"wp:attachment":[{"href":"https:\/\/unhz.eu\/fakulteti-i-agrobiznesit\/wp-json\/wp\/v2\/media?parent=49254"}],"curies":[{"name":"wp","href":"https:\/\/api.w.org\/{rel}","templated":true}]}}