{"id":48679,"date":"2025-01-21T14:14:45","date_gmt":"2025-01-21T14:14:45","guid":{"rendered":"https:\/\/unhz.eu\/fakulteti-i-agrobiznesit\/?page_id=48679"},"modified":"2026-02-06T10:23:18","modified_gmt":"2026-02-06T10:23:18","slug":"menaxhim-i-mjedisit-2024-2027","status":"publish","type":"page","link":"https:\/\/unhz.eu\/fakulteti-i-agrobiznesit\/menaxhim-i-mjedisit-2024-2027\/","title":{"rendered":"Menaxhim i Mjedisit 2024-2027"},"content":{"rendered":"\n<p>Pasqyra e programit Menaxhim Mjedisi Msc.<\/p>\n\n\n\n<figure class=\"wp-block-table\"><table><tbody><tr><td>&nbsp;<\/td><td>&nbsp;<\/td><td colspan=\"2\">Viti I<\/td><td colspan=\"2\">&nbsp;<\/td><td>&nbsp;<\/td><\/tr><tr><td>&nbsp;<\/td><td>&nbsp;<\/td><td>Semestri I<\/td><td>&nbsp;<\/td><td colspan=\"2\">Or\u00eb Jav\u00eb<\/td><td><\/td><\/tr><tr><td>Nr.<\/td><td>O<\/td><td>L\u00ebnd\u00ebt<\/td><td>L<\/td><td>U<\/td><td>ECTS<\/td><td>M\u00ebsimdh\u00ebn\u00ebsi<\/td><\/tr><tr><td>1.<\/td><td>O<\/td><td>Menaxhimit i integruar i burimeve ujore II<\/td><td>2<\/td><td>2<\/td><td>7<\/td><td><\/td><\/tr><tr><td>2.<\/td><td>O<\/td><td>Menaxhimi i mbeturinave<\/td><td>2<\/td><td>2<\/td><td>6<\/td><td><\/td><\/tr><tr><td>3.<\/td><td>O<\/td><td>Konservimi (ruatja) e biodiversitetit<\/td><td>2<\/td><td>2<\/td><td>6<\/td><td><\/td><\/tr><tr><td>4.<\/td><td>O<\/td><td>Zhvillimi i qendrueshem<\/td><td>2<\/td><td>2<\/td><td>6<\/td><td><\/td><\/tr><tr><td>5.<\/td><td>Z<\/td><td>Menaxhimi i zonave te mbrotjura<\/td><td>2<\/td><td>0<\/td><td>5<\/td><td><\/td><\/tr><tr><td>6.<\/td><td>Z<\/td><td>Ekologjia e pyjeve<\/td><td>2<\/td><td>1<\/td><td>5<\/td><td><\/td><\/tr><tr><td>7.<\/td><td>Z<\/td><td>Ekonomia e Mjedisit&nbsp;<\/td><td>2<\/td><td>0<\/td><td>5<\/td><td><\/td><\/tr><tr><td>8.<\/td><td>Z<\/td><td>Analiza e Kost-Benefitit n\u00eb Vler\u00ebsimin Mjedisor<\/td><td>2<\/td><td>1<\/td><td>5<\/td><td><\/td><\/tr><tr><td>&nbsp;<\/td><td>&nbsp;<\/td><td>Semestri II<\/td><td>&nbsp;<\/td><td colspan=\"2\">Or\u00eb Jav\u00eb<\/td><td>&nbsp;<\/td><\/tr><tr><td>Nr.<\/td><td>O<\/td><td>L\u00ebnd\u00ebt<\/td><td>L<\/td><td>U<\/td><td>ECTS<\/td><td>M\u00ebsimdh\u00ebn\u00ebsi<\/td><\/tr><tr><td>1.<\/td><td>O<\/td><td>Menaxhimi i p\u00ebrdorimit t\u00eb tok\u00ebs<\/td><td>2<\/td><td>2<\/td><td>7<\/td><td><\/td><\/tr><tr><td>2.<\/td><td>O<\/td><td>Menaxhimi i kualitetit te ajrit<\/td><td>2<\/td><td>2<\/td><td>6<\/td><td><\/td><\/tr><tr><td>3.<\/td><td>O<\/td><td>Vleresimi i Ndikimit n\u00eb Mjedis dhe Vler\u00ebsimi Strategjik Mjedisor<\/td><td>2<\/td><td>2<\/td><td>7<\/td><td><\/td><\/tr><tr><td>4.<\/td><td>O<\/td><td>Nderrmarresia e gjelbert&nbsp;<\/td><td>2<\/td><td>1<\/td><td>5<\/td><td><\/td><\/tr><tr><td>5.<\/td><td>Z<\/td><td>Energjia dhe Ndryshimet Klimatike<\/td><td>2<\/td><td>0<\/td><td>5<\/td><td><\/td><\/tr><tr><td>6.<\/td><td>Z<\/td><td>Planifikimi hap\u00ebsinor&nbsp;&nbsp;<\/td><td>2<\/td><td>1<\/td><td>5<\/td><td><\/td><\/tr><tr><td>7.<\/td><td>Z<\/td><td>Ekonomia e mjedisit dhe menaxhimi i resurseve natyrore<\/td><td>2<\/td><td>1<\/td><td>5<\/td><td><\/td><\/tr><tr><td>&nbsp;<\/td><td>&nbsp;<\/td><td colspan=\"2\">Viti II<\/td><td colspan=\"2\">&nbsp;<\/td><td>&nbsp;<\/td><\/tr><tr><td>&nbsp;<\/td><td>&nbsp;<\/td><td>Semestri III&nbsp;<\/td><td>&nbsp;<\/td><td colspan=\"2\">\u00a0Or\u00eb Jav\u00eb<\/td><td><\/td><\/tr><tr><td>Nr.<\/td><td>O<\/td><td>L\u00ebnd\u00ebt<\/td><td>L<\/td><td>U<\/td><td>ECTS<\/td><td><\/td><\/tr><tr><td>1.<\/td><td>O<\/td><td>Analiza e te dhenave mjedisore<\/td><td>2<\/td><td>2<\/td><td>6<\/td><td><\/td><\/tr><tr><td>2.<\/td><td>O<\/td><td>GIS<\/td><td>2<\/td><td>2<\/td><td>6<\/td><td><\/td><\/tr><tr><td>3.<\/td><td>O<\/td><td>Metodologjia e hulumtimit shkencor<\/td><td>2<\/td><td>2<\/td><td>6<\/td><td><\/td><\/tr><tr><td>4.<\/td><td>O<\/td><td>Legjislacioni i avancuar mjedisor<\/td><td>2<\/td><td>2<\/td><td>5<\/td><td><\/td><\/tr><tr><td>5.<\/td><td>O<\/td><td>Journal Club<\/td><td>1<\/td><td>0<\/td><td>2<\/td><td><\/td><\/tr><tr><td>6.<\/td><td>Z<\/td><td>Internship<\/td><td>&nbsp;<\/td><td>4<\/td><td>5<\/td><td><\/td><\/tr><tr><td>7.<\/td><td>Z.<\/td><td>Auditimi Mjedisor&nbsp;<\/td><td>2<\/td><td>0<\/td><td>5<\/td><td><\/td><\/tr><tr><td>8.<\/td><td>Z.<\/td><td>Bazat mikroekonomike p\u00ebr menaxher\u00ebt e mjedisit<\/td><td>2<\/td><td>0<\/td><td>5<\/td><td><\/td><\/tr><tr><td>&nbsp;<\/td><td>&nbsp;<\/td><td>Semestri IV<\/td><td>&nbsp;<\/td><td colspan=\"2\">Or\u00eb Jav\u00eb<\/td><td>&nbsp;<\/td><\/tr><tr><td>Nr.<\/td><td>O<\/td><td>L\u00ebnd\u00ebt<\/td><td>L<\/td><td>U<\/td><td>ECTS<\/td><td>M\u00ebsimdh\u00ebn\u00ebsi<\/td><\/tr><tr><td>1.<\/td><td>O<\/td><td>Punimi i tem\u00ebs master&nbsp;&nbsp;<\/td><td>&nbsp;<\/td><td>&nbsp;<\/td><td>30<\/td><td>&nbsp;<\/td><\/tr><\/tbody><\/table><\/figure>\n","protected":false},"excerpt":{"rendered":"<p>Pasqyra e programit Menaxhim Mjedisi Msc. &nbsp; &nbsp; Viti I &nbsp; &nbsp; &nbsp; &nbsp; Semestri I &nbsp; Or\u00eb Jav\u00eb Nr. O L\u00ebnd\u00ebt L U ECTS M\u00ebsimdh\u00ebn\u00ebsi 1. O Menaxhimit i&hellip;<\/p>\n","protected":false},"author":1,"featured_media":0,"parent":0,"menu_order":0,"comment_status":"closed","ping_status":"closed","template":"","meta":{"footnotes":""},"class_list":["post-48679","page","type-page","status-publish","hentry"],"yoast_head":"<!-- This site is optimized with the Yoast SEO Premium plugin v27.2 (Yoast SEO v27.2) - https:\/\/yoast.com\/product\/yoast-seo-premium-wordpress\/ -->\n<title>Menaxhim i Mjedisit MSc 2024\u20112027 | Fakulteti i Agrobiznesit UNHZ<\/title>\n<meta name=\"description\" content=\"Programi Master n\u00eb Menaxhim t\u00eb Mjedisit 2024\u20112027 n\u00eb Fakultetin e Agrobiznesit, Universiteti \u201cHaxhi Zeka\u201d \u2014 fokus n\u00eb politika, q\u00ebndrueshm\u00ebri dhe menaxhim mjedisor profesional.\" \/>\n<meta name=\"robots\" content=\"index, follow, max-snippet:-1, max-image-preview:large, max-video-preview:-1\" \/>\n<link rel=\"canonical\" href=\"https:\/\/unhz.eu\/fakulteti-i-agrobiznesit\/menaxhim-i-mjedisit-2024-2027\/\" \/>\n<meta property=\"og:locale\" content=\"sq_AL\" \/>\n<meta property=\"og:type\" content=\"article\" \/>\n<meta property=\"og:title\" content=\"Menaxhim i Mjedisit 2024-2027\" \/>\n<meta property=\"og:description\" content=\"Programi Master n\u00eb Menaxhim t\u00eb Mjedisit 2024\u20112027 n\u00eb Fakultetin e Agrobiznesit, Universiteti \u201cHaxhi Zeka\u201d \u2014 fokus n\u00eb politika, q\u00ebndrueshm\u00ebri dhe menaxhim mjedisor profesional.\" \/>\n<meta property=\"og:url\" content=\"https:\/\/unhz.eu\/fakulteti-i-agrobiznesit\/menaxhim-i-mjedisit-2024-2027\/\" \/>\n<meta property=\"og:site_name\" content=\"Fakulteti i Agrobiznesit\" \/>\n<meta property=\"article:modified_time\" content=\"2026-02-06T10:23:18+00:00\" \/>\n<meta name=\"twitter:card\" content=\"summary_large_image\" \/>\n<meta name=\"twitter:label1\" content=\"Est. reading time\" \/>\n\t<meta name=\"twitter:data1\" content=\"2 minuta\" \/>\n<script type=\"application\/ld+json\" class=\"yoast-schema-graph\">{\"@context\":\"https:\/\/schema.org\",\"@graph\":[{\"@type\":\"WebPage\",\"@id\":\"https:\/\/unhz.eu\/fakulteti-i-agrobiznesit\/menaxhim-i-mjedisit-2024-2027\/\",\"url\":\"https:\/\/unhz.eu\/fakulteti-i-agrobiznesit\/menaxhim-i-mjedisit-2024-2027\/\",\"name\":\"Menaxhim i Mjedisit MSc 2024\u20112027 | Fakulteti i Agrobiznesit UNHZ\",\"isPartOf\":{\"@id\":\"https:\/\/unhz.eu\/fakulteti-i-agrobiznesit\/#website\"},\"datePublished\":\"2025-01-21T14:14:45+00:00\",\"dateModified\":\"2026-02-06T10:23:18+00:00\",\"description\":\"Programi Master n\u00eb Menaxhim t\u00eb Mjedisit 2024\u20112027 n\u00eb Fakultetin e Agrobiznesit, Universiteti \u201cHaxhi Zeka\u201d \u2014 fokus n\u00eb politika, q\u00ebndrueshm\u00ebri dhe menaxhim mjedisor profesional.\",\"breadcrumb\":{\"@id\":\"https:\/\/unhz.eu\/fakulteti-i-agrobiznesit\/menaxhim-i-mjedisit-2024-2027\/#breadcrumb\"},\"inLanguage\":\"sq\",\"potentialAction\":[{\"@type\":\"ReadAction\",\"target\":[\"https:\/\/unhz.eu\/fakulteti-i-agrobiznesit\/menaxhim-i-mjedisit-2024-2027\/\"]}]},{\"@type\":\"BreadcrumbList\",\"@id\":\"https:\/\/unhz.eu\/fakulteti-i-agrobiznesit\/menaxhim-i-mjedisit-2024-2027\/#breadcrumb\",\"itemListElement\":[{\"@type\":\"ListItem\",\"position\":1,\"name\":\"Home\",\"item\":\"https:\/\/unhz.eu\/fakulteti-i-agrobiznesit\/\"},{\"@type\":\"ListItem\",\"position\":2,\"name\":\"Menaxhim i Mjedisit 2024-2027\"}]},{\"@type\":\"WebSite\",\"@id\":\"https:\/\/unhz.eu\/fakulteti-i-agrobiznesit\/#website\",\"url\":\"https:\/\/unhz.eu\/fakulteti-i-agrobiznesit\/\",\"name\":\"Fakulteti i Agrobiznesit\",\"description\":\"I dedikuar p\u00ebr cil\u00ebsi standarde dhe suksese\",\"publisher\":{\"@id\":\"https:\/\/unhz.eu\/fakulteti-i-agrobiznesit\/#organization\"},\"potentialAction\":[{\"@type\":\"SearchAction\",\"target\":{\"@type\":\"EntryPoint\",\"urlTemplate\":\"https:\/\/unhz.eu\/fakulteti-i-agrobiznesit\/?s={search_term_string}\"},\"query-input\":{\"@type\":\"PropertyValueSpecification\",\"valueRequired\":true,\"valueName\":\"search_term_string\"}}],\"inLanguage\":\"sq\"},{\"@type\":\"Organization\",\"@id\":\"https:\/\/unhz.eu\/fakulteti-i-agrobiznesit\/#organization\",\"name\":\"Fakulteti i Agrobiznesit\",\"url\":\"https:\/\/unhz.eu\/fakulteti-i-agrobiznesit\/\",\"logo\":{\"@type\":\"ImageObject\",\"inLanguage\":\"sq\",\"@id\":\"https:\/\/unhz.eu\/fakulteti-i-agrobiznesit\/#\/schema\/logo\/image\/\",\"url\":\"https:\/\/unhz.eu\/fakulteti-i-agrobiznesit\/wp-content\/uploads\/sites\/11\/2024\/02\/cropped-logo-1-1-e1713527702695.png\",\"contentUrl\":\"https:\/\/unhz.eu\/fakulteti-i-agrobiznesit\/wp-content\/uploads\/sites\/11\/2024\/02\/cropped-logo-1-1-e1713527702695.png\",\"width\":100,\"height\":100,\"caption\":\"Fakulteti i Agrobiznesit\"},\"image\":{\"@id\":\"https:\/\/unhz.eu\/fakulteti-i-agrobiznesit\/#\/schema\/logo\/image\/\"}}]}<\/script>\n<!-- \/ Yoast SEO Premium plugin. -->","yoast_head_json":{"title":"Menaxhim i Mjedisit MSc 2024\u20112027 | Fakulteti i Agrobiznesit UNHZ","description":"Programi Master n\u00eb Menaxhim t\u00eb Mjedisit 2024\u20112027 n\u00eb Fakultetin e Agrobiznesit, Universiteti \u201cHaxhi Zeka\u201d \u2014 fokus n\u00eb politika, q\u00ebndrueshm\u00ebri dhe menaxhim mjedisor profesional.","robots":{"index":"index","follow":"follow","max-snippet":"max-snippet:-1","max-image-preview":"max-image-preview:large","max-video-preview":"max-video-preview:-1"},"canonical":"https:\/\/unhz.eu\/fakulteti-i-agrobiznesit\/menaxhim-i-mjedisit-2024-2027\/","og_locale":"sq_AL","og_type":"article","og_title":"Menaxhim i Mjedisit 2024-2027","og_description":"Programi Master n\u00eb Menaxhim t\u00eb Mjedisit 2024\u20112027 n\u00eb Fakultetin e Agrobiznesit, Universiteti \u201cHaxhi Zeka\u201d \u2014 fokus n\u00eb politika, q\u00ebndrueshm\u00ebri dhe menaxhim mjedisor profesional.","og_url":"https:\/\/unhz.eu\/fakulteti-i-agrobiznesit\/menaxhim-i-mjedisit-2024-2027\/","og_site_name":"Fakulteti i Agrobiznesit","article_modified_time":"2026-02-06T10:23:18+00:00","twitter_card":"summary_large_image","twitter_misc":{"Est. reading time":"2 minuta"},"schema":{"@context":"https:\/\/schema.org","@graph":[{"@type":"WebPage","@id":"https:\/\/unhz.eu\/fakulteti-i-agrobiznesit\/menaxhim-i-mjedisit-2024-2027\/","url":"https:\/\/unhz.eu\/fakulteti-i-agrobiznesit\/menaxhim-i-mjedisit-2024-2027\/","name":"Menaxhim i Mjedisit MSc 2024\u20112027 | Fakulteti i Agrobiznesit UNHZ","isPartOf":{"@id":"https:\/\/unhz.eu\/fakulteti-i-agrobiznesit\/#website"},"datePublished":"2025-01-21T14:14:45+00:00","dateModified":"2026-02-06T10:23:18+00:00","description":"Programi Master n\u00eb Menaxhim t\u00eb Mjedisit 2024\u20112027 n\u00eb Fakultetin e Agrobiznesit, Universiteti \u201cHaxhi Zeka\u201d \u2014 fokus n\u00eb politika, q\u00ebndrueshm\u00ebri dhe menaxhim mjedisor profesional.","breadcrumb":{"@id":"https:\/\/unhz.eu\/fakulteti-i-agrobiznesit\/menaxhim-i-mjedisit-2024-2027\/#breadcrumb"},"inLanguage":"sq","potentialAction":[{"@type":"ReadAction","target":["https:\/\/unhz.eu\/fakulteti-i-agrobiznesit\/menaxhim-i-mjedisit-2024-2027\/"]}]},{"@type":"BreadcrumbList","@id":"https:\/\/unhz.eu\/fakulteti-i-agrobiznesit\/menaxhim-i-mjedisit-2024-2027\/#breadcrumb","itemListElement":[{"@type":"ListItem","position":1,"name":"Home","item":"https:\/\/unhz.eu\/fakulteti-i-agrobiznesit\/"},{"@type":"ListItem","position":2,"name":"Menaxhim i Mjedisit 2024-2027"}]},{"@type":"WebSite","@id":"https:\/\/unhz.eu\/fakulteti-i-agrobiznesit\/#website","url":"https:\/\/unhz.eu\/fakulteti-i-agrobiznesit\/","name":"Fakulteti i Agrobiznesit","description":"I dedikuar p\u00ebr cil\u00ebsi standarde dhe suksese","publisher":{"@id":"https:\/\/unhz.eu\/fakulteti-i-agrobiznesit\/#organization"},"potentialAction":[{"@type":"SearchAction","target":{"@type":"EntryPoint","urlTemplate":"https:\/\/unhz.eu\/fakulteti-i-agrobiznesit\/?s={search_term_string}"},"query-input":{"@type":"PropertyValueSpecification","valueRequired":true,"valueName":"search_term_string"}}],"inLanguage":"sq"},{"@type":"Organization","@id":"https:\/\/unhz.eu\/fakulteti-i-agrobiznesit\/#organization","name":"Fakulteti i Agrobiznesit","url":"https:\/\/unhz.eu\/fakulteti-i-agrobiznesit\/","logo":{"@type":"ImageObject","inLanguage":"sq","@id":"https:\/\/unhz.eu\/fakulteti-i-agrobiznesit\/#\/schema\/logo\/image\/","url":"https:\/\/unhz.eu\/fakulteti-i-agrobiznesit\/wp-content\/uploads\/sites\/11\/2024\/02\/cropped-logo-1-1-e1713527702695.png","contentUrl":"https:\/\/unhz.eu\/fakulteti-i-agrobiznesit\/wp-content\/uploads\/sites\/11\/2024\/02\/cropped-logo-1-1-e1713527702695.png","width":100,"height":100,"caption":"Fakulteti i Agrobiznesit"},"image":{"@id":"https:\/\/unhz.eu\/fakulteti-i-agrobiznesit\/#\/schema\/logo\/image\/"}}]}},"_links":{"self":[{"href":"https:\/\/unhz.eu\/fakulteti-i-agrobiznesit\/wp-json\/wp\/v2\/pages\/48679","targetHints":{"allow":["GET"]}}],"collection":[{"href":"https:\/\/unhz.eu\/fakulteti-i-agrobiznesit\/wp-json\/wp\/v2\/pages"}],"about":[{"href":"https:\/\/unhz.eu\/fakulteti-i-agrobiznesit\/wp-json\/wp\/v2\/types\/page"}],"author":[{"embeddable":true,"href":"https:\/\/unhz.eu\/fakulteti-i-agrobiznesit\/wp-json\/wp\/v2\/users\/1"}],"replies":[{"embeddable":true,"href":"https:\/\/unhz.eu\/fakulteti-i-agrobiznesit\/wp-json\/wp\/v2\/comments?post=48679"}],"version-history":[{"count":1,"href":"https:\/\/unhz.eu\/fakulteti-i-agrobiznesit\/wp-json\/wp\/v2\/pages\/48679\/revisions"}],"predecessor-version":[{"id":49330,"href":"https:\/\/unhz.eu\/fakulteti-i-agrobiznesit\/wp-json\/wp\/v2\/pages\/48679\/revisions\/49330"}],"wp:attachment":[{"href":"https:\/\/unhz.eu\/fakulteti-i-agrobiznesit\/wp-json\/wp\/v2\/media?parent=48679"}],"curies":[{"name":"wp","href":"https:\/\/api.w.org\/{rel}","templated":true}]}}