{"id":48660,"date":"2025-01-21T14:05:50","date_gmt":"2025-01-21T14:05:50","guid":{"rendered":"https:\/\/unhz.eu\/fakulteti-i-agrobiznesit\/?page_id=48660"},"modified":"2026-02-06T12:43:35","modified_gmt":"2026-02-06T12:43:35","slug":"teknologji-ushqimore-2019-2022","status":"publish","type":"page","link":"https:\/\/unhz.eu\/fakulteti-i-agrobiznesit\/teknologji-ushqimore-2019-2022\/","title":{"rendered":"TEKNOLOGJI USHQIMORE 2019-2022"},"content":{"rendered":"\n<p><strong>PROGRAMI I STUDIMIT, BACHELOR\u2013 TEKNOLOGJI USHQIMORE<\/strong><\/p>\n\n\n\n<figure class=\"wp-block-table\"><table class=\"has-fixed-layout\"><tbody><tr><td colspan=\"7\">Viti I<\/td><\/tr><tr><td colspan=\"3\">Semestri I<\/td><td colspan=\"4\">Or\u00eb\/jav\u00eb<\/td><\/tr><tr><td>Nr.<\/td><td>O\/Z<\/td><td>L\u00ebnd\u00ebt<\/td><td>L<\/td><td>U<\/td><td>ECTS<\/td><td>M\u00ebsimdh\u00ebn\u00ebsi<\/td><\/tr><tr><td>1.<\/td><td>O<\/td><td>Biologji.<\/td><td>3<\/td><td>2<\/td><td>6<\/td><td>Dr.sc. Fadil Millaku Prof.Dr<\/td><\/tr><tr><td>2.<\/td><td>O<\/td><td>Matematik\u00eb.<\/td><td>3<\/td><td>2<\/td><td>6<\/td><td>Dr.sc. Sabri Sadiku Prof. Asoc..<\/td><\/tr><tr><td>3.<\/td><td>O<\/td><td>Kimia e p\u00ebrgjithshme dhe inorganike.<\/td><td>2<\/td><td>2<\/td><td>5<\/td><td>Dr.sc. Naser Bajraktari Prof.Asoc.<\/td><\/tr><tr><td>4.<\/td><td>O<\/td><td>Fizik\u00eb.<\/td><td>2<\/td><td>2<\/td><td>5<\/td><td>Dr.sc.Luljeta Pula Beqiri Prof. Asoc.<\/td><\/tr><tr><td>5.<\/td><td>O<\/td><td>Hyrje n\u00eb Teknologjin\u00eb e&nbsp; ushqimit.<\/td><td>2<\/td><td>2<\/td><td>5<\/td><td>Dr.sc. Nexhdet Shala Prof. Asoc.<\/td><\/tr><tr><td>6.<\/td><td>Z<\/td><td>Gjuh\u00eb angleze.<\/td><td>2<\/td><td>1<\/td><td>3<\/td><td>Mr.sc. Bardha Gashi<\/td><\/tr><tr><td>7.<\/td><td>Z<\/td><td>Teknologji informacioni.<\/td><td>2<\/td><td>1<\/td><td>3<\/td><td>Dr.sc. Mirlind Bruqi&nbsp; Prof.Asoc.<\/td><\/tr><\/tbody><\/table><\/figure>\n\n\n\n<figure class=\"wp-block-table\"><table class=\"has-fixed-layout\"><tbody><tr><td colspan=\"7\">Viti I<\/td><\/tr><tr><td colspan=\"3\">Semestri II<\/td><td colspan=\"4\">Or\u00eb\/jav\u00eb<\/td><\/tr><tr><td>Nr.<\/td><td>O\/Z<\/td><td>L\u00ebnd\u00ebt<\/td><td>L<\/td><td>U<\/td><td>ECTS<\/td><td>M\u00ebsimdh\u00ebn\u00ebsi<\/td><\/tr><tr><td>1.<\/td><td>O<\/td><td>Mikrobiologji ushqimore dhe Higjiena.<\/td><td>3<\/td><td>2<\/td><td>6<\/td><td>Dr.sc. Arsim Elshani Prof. Asoc.<\/td><\/tr><tr><td>2.<\/td><td>O<\/td><td>Kimia ushqimore.<\/td><td>3<\/td><td>2<\/td><td>6<\/td><td>Dr.sc. Agim Rysha Prof. Asoc.<\/td><\/tr><tr><td>3.<\/td><td>O<\/td><td>Bazat e transmetimit te nxeht\u00ebsis\u00eb, mas\u00ebs dhe l\u00ebvizjes ne industrin\u00eb ushqimore.<\/td><td>2<\/td><td>2<\/td><td>5<\/td><td>Dr.sc. Ibrahim Hoxha Prof. Asoc.<\/td><\/tr><tr><td>4.<\/td><td>O<\/td><td>Kimia organike.<\/td><td>2<\/td><td>2<\/td><td>5<\/td><td>Dr.sc. Naser Bajraktari&nbsp; Prof. Asoc.<\/td><\/tr><tr><td>5.<\/td><td>O<\/td><td>L\u00ebnd\u00ebt e para ne industrin\u00eb ushqimore.<\/td><td>2<\/td><td>2<\/td><td>5<\/td><td>Dr.sc. Nexhdet Shala Prof. Asoc.<\/td><\/tr><tr><td>6.<\/td><td>Z<\/td><td>Mbrojtja e prodhimeve bimore.<\/td><td>2<\/td><td>1<\/td><td>3<\/td><td>Dr.sc. Agim Rysha Prof. Asoc.<\/td><\/tr><tr><td>7.<\/td><td>Z<\/td><td>Mbrojtja e ushqimit.<\/td><td>2<\/td><td>1<\/td><td>3<\/td><td>Dr.sc. Ibrahim Hoxha Prof. Asoc.<\/td><\/tr><\/tbody><\/table><\/figure>\n\n\n\n<figure class=\"wp-block-table\"><table class=\"has-fixed-layout\"><tbody><tr><td colspan=\"7\">Viti II<\/td><\/tr><tr><td colspan=\"3\">Semestri III<\/td><td colspan=\"4\">Or\u00eb\/jav\u00eb<\/td><\/tr><tr><td>Nr.<\/td><td>O\/Z<\/td><td>L\u00ebnd\u00ebt<\/td><td>L<\/td><td>U<\/td><td>ECTS<\/td><td>M\u00ebsimdh\u00ebn\u00ebsi<\/td><\/tr><tr><td>1.<\/td><td>O<\/td><td>Proceset themelore n\u00eb teknologjin\u00eb ushqimore.<\/td><td>3<\/td><td>2<\/td><td>6<\/td><td>Dr.sc. Arsim Elshani Prof. Asoc.<\/td><\/tr><tr><td>2.<\/td><td>O<\/td><td>P\u00ebrpunimi i ushqimit ne industrin\u00eb ushqimore.<\/td><td>3<\/td><td>2<\/td><td>6<\/td><td>Dr.sc. Nexhdet Shala Prof. Asoc.<\/td><\/tr><tr><td>3.<\/td><td>O<\/td><td>Kimi Analitike.<\/td><td>2<\/td><td>2<\/td><td>5<\/td><td>Dr.sc. Naser Bajraktari Prof. Asoc.<\/td><\/tr><tr><td>4.<\/td><td>O<\/td><td>Teknologjia e p\u00ebrpunimit t\u00eb Fruta-perimeve.<\/td><td>2<\/td><td>2<\/td><td>5<\/td><td>Dr.sc. Renata Kongoli&nbsp; Prof.Dr.<\/td><\/tr><tr><td>5.<\/td><td>O<\/td><td>Teknologjia e pijeve alkoolike dhe ven\u00ebs.<\/td><td>2<\/td><td>2<\/td><td>4<\/td><td>Dr.sc. Ibrahim Hoxha Prof. Asoc.<\/td><\/tr><tr><td>6.<\/td><td>Z<\/td><td>Enzimologji Ushqimore.<\/td><td>2<\/td><td>1<\/td><td>4<\/td><td>Dr.sc. Arsim Elshani Prof. Asoc.<\/td><\/tr><tr><td>7.<\/td><td>Z<\/td><td>Bazat e metod\u00ebs instrumentale.<\/td><td>2<\/td><td>1<\/td><td>4<\/td><td>Dr.sc. Ibrahim Hoxha Prof. Asoc.<\/td><\/tr><\/tbody><\/table><\/figure>\n\n\n\n<figure class=\"wp-block-table\"><table class=\"has-fixed-layout\"><tbody><tr><td colspan=\"7\">Viti II<\/td><\/tr><tr><td colspan=\"3\">Semestri IV<\/td><td colspan=\"4\">Or\u00eb\/jav\u00eb<\/td><\/tr><tr><td>Nr.<\/td><td>O\/Z<\/td><td>L\u00ebnd\u00ebt<\/td><td>L<\/td><td>U<\/td><td>ECTS<\/td><td>M\u00ebsimdh\u00ebn\u00ebsi<\/td><\/tr><tr><td>1.<\/td><td>O<\/td><td>Bioteknologji ushqimore.<\/td><td>3<\/td><td>2<\/td><td>6<\/td><td>Dr.sc. Agim Rysha Prof. Asoc.<\/td><\/tr><tr><td>2.<\/td><td>O<\/td><td>Biokimia.<\/td><td>2<\/td><td>2<\/td><td>5<\/td><td>Dr.sc. Naser Bajraktari Prof. Asoc.<\/td><\/tr><tr><td>3.<\/td><td>O<\/td><td>Teknologjia e prodhimit te maltit.<\/td><td>2<\/td><td>2<\/td><td>5<\/td><td>Dr.sc. Nexhdet Shala Prof. Asoc.<\/td><\/tr><tr><td>4.<\/td><td>O<\/td><td>Teknologjia e drith\u00ebrave<\/td><td>2<\/td><td>2<\/td><td>5<\/td><td>Dr.sc. Bakir Kelmendi Prof.Asoc.<\/td><\/tr><tr><td>5.<\/td><td>O<\/td><td>Teknologjia p\u00ebr P\u00ebrpunimin e qum\u00ebshtit.<\/td><td>2<\/td><td>2<\/td><td>5<\/td><td>Dr.sc. Arsim Elshani Prof. Asoc.<\/td><\/tr><tr><td>6.<\/td><td>Z<\/td><td>Teknologjia e produkteve t\u00eb pjekjes.<\/td><td>2<\/td><td>1<\/td><td>4<\/td><td>Dr.sc. Ibrahim Hoxha Prof. Asoc.<\/td><\/tr><tr><td>7.<\/td><td>Z<\/td><td>Bio Prodhimet.<\/td><td>2<\/td><td>1<\/td><td>4<\/td><td>Dr.sc. Arsim Elashani Prof. Asoc.<\/td><\/tr><\/tbody><\/table><\/figure>\n\n\n\n<figure class=\"wp-block-table\"><table class=\"has-fixed-layout\"><tbody><tr><td colspan=\"7\">Viti III<\/td><\/tr><tr><td colspan=\"3\">Semestri V<\/td><td colspan=\"4\">Or\u00eb\/jav\u00eb<\/td><\/tr><tr><td>Nr.<\/td><td>O\/Z<\/td><td>L\u00ebnd\u00ebt<\/td><td>L<\/td><td>U<\/td><td>ECTS<\/td><td>M\u00ebsimdh\u00ebn\u00ebsi<\/td><\/tr><tr><td>1.<\/td><td>O<\/td><td>&nbsp;Ushqimi dhe t\u00eb ushqyerit e njeriut.<\/td><td>3<\/td><td>2<\/td><td>6<\/td><td>Dr.sc. Arsim Elshani Prof. Asoc.<\/td><\/tr><tr><td>2.<\/td><td>O<\/td><td>Gjenetike dhe mikrobiologji.<\/td><td>2<\/td><td>2<\/td><td>5<\/td><td>Dr.sc.Nazmi Hasani Prof.Ass.<\/td><\/tr><tr><td>3.<\/td><td>O<\/td><td>Teknologjia e prodhimit te birr\u00ebs.<\/td><td>2<\/td><td>2<\/td><td>5<\/td><td>Dr.sc. Nexhdet Shala Prof. Asoc.<\/td><\/tr><tr><td>4.<\/td><td>O<\/td><td>Teknologjia e ujit.<\/td><td>2<\/td><td>2<\/td><td>5<\/td><td>Dr.sc. Agim Rysha Prof. Asoc.<\/td><\/tr><tr><td>5.<\/td><td>O<\/td><td>Bio Teknologjia dhe mbrojtja e ambientit.<\/td><td>2<\/td><td>2<\/td><td>5<\/td><td>Dr.sc. Agim Rysha Prof. Asoc.<\/td><\/tr><tr><td>6.<\/td><td>Z<\/td><td>Analizat sensorike te ushqimit<\/td><td>2<\/td><td>1<\/td><td>4<\/td><td>Dr.sc. Agim Rysha Prof. Asoc.<\/td><\/tr><tr><td>7.<\/td><td>Z<\/td><td>Ambalazhimi &amp; ruajtja e produkteve ushqimore.<\/td><td>2<\/td><td>1<\/td><td>4<\/td><td>Dr.sc. Agim Rysha Prof. Asoc.<\/td><\/tr><\/tbody><\/table><\/figure>\n\n\n\n<figure class=\"wp-block-table\"><table class=\"has-fixed-layout\"><tbody><tr><td colspan=\"7\">Viti III<\/td><\/tr><tr><td colspan=\"3\">Semestri VI<\/td><td colspan=\"4\">Or\u00eb\/jav\u00eb<\/td><\/tr><tr><td>Nr.<\/td><td>O\/Z<\/td><td>L\u00ebnd\u00ebt<\/td><td>L<\/td><td>U<\/td><td>ECTS<\/td><td>M\u00ebsimdh\u00ebn\u00ebsi<\/td><\/tr><tr><td>1.<\/td><td>O<\/td><td>Teknologjia e proceseve fermentuese.<\/td><td>3<\/td><td>2<\/td><td>6<\/td><td>Dr.sc. Nexhdet Shala Prof. Asoc.<\/td><\/tr><tr><td>2.<\/td><td>O<\/td><td>Bazat e toksikologjis\u00eb.<\/td><td>2<\/td><td>2<\/td><td>5<\/td><td>Dr.sc. Ismajl Cacaj Prof.Asoc.<\/td><\/tr><tr><td>3.<\/td><td>O<\/td><td>Teknologjia e p\u00ebrpunimit t\u00eb&nbsp; mishit.<\/td><td>2<\/td><td>2<\/td><td>4<\/td><td>Dr.sc. Agim Rysha Prof. Asoc.<\/td><\/tr><tr><td>4.<\/td><td>Z<\/td><td>Ekonomia dhe drejtimi i biznesit ushqimor.<\/td><td>2<\/td><td>1<\/td><td>3<\/td><td>Dr.sc. Hysen Lajqi<\/td><\/tr><tr><td>5.<\/td><td>Z<\/td><td>Kontrolli sigurimi i cil\u00ebsis\u00eb ne industrin\u00eb ushqimore.<\/td><td>2<\/td><td>1<\/td><td>3<\/td><td>Dr.sc. Agim Rysha Prof. Asoc.<\/td><\/tr><tr><td>6.<\/td><td>&nbsp;<\/td><td>Punim Diplome.<\/td><td>&nbsp;<\/td><td>&nbsp;<\/td><td>12<\/td><td>&nbsp;<\/td><\/tr><\/tbody><\/table><\/figure>\n","protected":false},"excerpt":{"rendered":"<p>PROGRAMI I STUDIMIT, BACHELOR\u2013 TEKNOLOGJI USHQIMORE Viti I Semestri I Or\u00eb\/jav\u00eb Nr. O\/Z L\u00ebnd\u00ebt L U ECTS M\u00ebsimdh\u00ebn\u00ebsi 1. O Biologji. 3 2 6 Dr.sc. Fadil Millaku Prof.Dr 2. O&hellip;<\/p>\n","protected":false},"author":1,"featured_media":0,"parent":0,"menu_order":0,"comment_status":"closed","ping_status":"closed","template":"","meta":{"footnotes":""},"class_list":["post-48660","page","type-page","status-publish","hentry"],"yoast_head":"<!-- This site is optimized with the Yoast SEO Premium plugin v27.2 (Yoast SEO v27.2) - https:\/\/yoast.com\/product\/yoast-seo-premium-wordpress\/ -->\n<title>Teknologji Ushqimore 2019\u20112022 \u2013 Plan\u2011Program BSc | UNHZ<\/title>\n<meta name=\"description\" content=\"Shiko plan\u2011programin e studimit 2019\u20112022 p\u00ebr \u201cTeknologji Ushqimore\u201d n\u00eb Fakultetin e Agrobiznesit UNHZ \u2013 l\u00ebnd\u00ebt, semestrat dhe ECTS p\u00ebr \u00e7do vit t\u00eb ciklit Bachelor.\" \/>\n<meta name=\"robots\" content=\"index, follow, max-snippet:-1, max-image-preview:large, max-video-preview:-1\" \/>\n<link rel=\"canonical\" href=\"https:\/\/unhz.eu\/fakulteti-i-agrobiznesit\/teknologji-ushqimore-2019-2022\/\" \/>\n<meta property=\"og:locale\" content=\"sq_AL\" \/>\n<meta property=\"og:type\" content=\"article\" \/>\n<meta property=\"og:title\" content=\"TEKNOLOGJI USHQIMORE 2019-2022\" \/>\n<meta property=\"og:description\" content=\"Shiko plan\u2011programin e studimit 2019\u20112022 p\u00ebr \u201cTeknologji Ushqimore\u201d n\u00eb Fakultetin e Agrobiznesit UNHZ \u2013 l\u00ebnd\u00ebt, semestrat dhe ECTS p\u00ebr \u00e7do vit t\u00eb ciklit Bachelor.\" \/>\n<meta property=\"og:url\" content=\"https:\/\/unhz.eu\/fakulteti-i-agrobiznesit\/teknologji-ushqimore-2019-2022\/\" \/>\n<meta property=\"og:site_name\" content=\"Fakulteti i Agrobiznesit\" \/>\n<meta property=\"article:modified_time\" content=\"2026-02-06T12:43:35+00:00\" \/>\n<meta name=\"twitter:card\" content=\"summary_large_image\" \/>\n<meta name=\"twitter:label1\" content=\"Est. reading time\" \/>\n\t<meta name=\"twitter:data1\" content=\"4 minuta\" \/>\n<script type=\"application\/ld+json\" class=\"yoast-schema-graph\">{\"@context\":\"https:\/\/schema.org\",\"@graph\":[{\"@type\":\"WebPage\",\"@id\":\"https:\/\/unhz.eu\/fakulteti-i-agrobiznesit\/teknologji-ushqimore-2019-2022\/\",\"url\":\"https:\/\/unhz.eu\/fakulteti-i-agrobiznesit\/teknologji-ushqimore-2019-2022\/\",\"name\":\"Teknologji Ushqimore 2019\u20112022 \u2013 Plan\u2011Program BSc | UNHZ\",\"isPartOf\":{\"@id\":\"https:\/\/unhz.eu\/fakulteti-i-agrobiznesit\/#website\"},\"datePublished\":\"2025-01-21T14:05:50+00:00\",\"dateModified\":\"2026-02-06T12:43:35+00:00\",\"description\":\"Shiko plan\u2011programin e studimit 2019\u20112022 p\u00ebr \u201cTeknologji Ushqimore\u201d n\u00eb Fakultetin e Agrobiznesit UNHZ \u2013 l\u00ebnd\u00ebt, semestrat dhe ECTS p\u00ebr \u00e7do vit t\u00eb ciklit Bachelor.\",\"breadcrumb\":{\"@id\":\"https:\/\/unhz.eu\/fakulteti-i-agrobiznesit\/teknologji-ushqimore-2019-2022\/#breadcrumb\"},\"inLanguage\":\"sq\",\"potentialAction\":[{\"@type\":\"ReadAction\",\"target\":[\"https:\/\/unhz.eu\/fakulteti-i-agrobiznesit\/teknologji-ushqimore-2019-2022\/\"]}]},{\"@type\":\"BreadcrumbList\",\"@id\":\"https:\/\/unhz.eu\/fakulteti-i-agrobiznesit\/teknologji-ushqimore-2019-2022\/#breadcrumb\",\"itemListElement\":[{\"@type\":\"ListItem\",\"position\":1,\"name\":\"Home\",\"item\":\"https:\/\/unhz.eu\/fakulteti-i-agrobiznesit\/\"},{\"@type\":\"ListItem\",\"position\":2,\"name\":\"TEKNOLOGJI USHQIMORE 2019-2022\"}]},{\"@type\":\"WebSite\",\"@id\":\"https:\/\/unhz.eu\/fakulteti-i-agrobiznesit\/#website\",\"url\":\"https:\/\/unhz.eu\/fakulteti-i-agrobiznesit\/\",\"name\":\"Fakulteti i Agrobiznesit\",\"description\":\"I dedikuar p\u00ebr cil\u00ebsi standarde dhe suksese\",\"publisher\":{\"@id\":\"https:\/\/unhz.eu\/fakulteti-i-agrobiznesit\/#organization\"},\"potentialAction\":[{\"@type\":\"SearchAction\",\"target\":{\"@type\":\"EntryPoint\",\"urlTemplate\":\"https:\/\/unhz.eu\/fakulteti-i-agrobiznesit\/?s={search_term_string}\"},\"query-input\":{\"@type\":\"PropertyValueSpecification\",\"valueRequired\":true,\"valueName\":\"search_term_string\"}}],\"inLanguage\":\"sq\"},{\"@type\":\"Organization\",\"@id\":\"https:\/\/unhz.eu\/fakulteti-i-agrobiznesit\/#organization\",\"name\":\"Fakulteti i Agrobiznesit\",\"url\":\"https:\/\/unhz.eu\/fakulteti-i-agrobiznesit\/\",\"logo\":{\"@type\":\"ImageObject\",\"inLanguage\":\"sq\",\"@id\":\"https:\/\/unhz.eu\/fakulteti-i-agrobiznesit\/#\/schema\/logo\/image\/\",\"url\":\"https:\/\/unhz.eu\/fakulteti-i-agrobiznesit\/wp-content\/uploads\/sites\/11\/2024\/02\/cropped-logo-1-1-e1713527702695.png\",\"contentUrl\":\"https:\/\/unhz.eu\/fakulteti-i-agrobiznesit\/wp-content\/uploads\/sites\/11\/2024\/02\/cropped-logo-1-1-e1713527702695.png\",\"width\":100,\"height\":100,\"caption\":\"Fakulteti i Agrobiznesit\"},\"image\":{\"@id\":\"https:\/\/unhz.eu\/fakulteti-i-agrobiznesit\/#\/schema\/logo\/image\/\"}}]}<\/script>\n<!-- \/ Yoast SEO Premium plugin. -->","yoast_head_json":{"title":"Teknologji Ushqimore 2019\u20112022 \u2013 Plan\u2011Program BSc | UNHZ","description":"Shiko plan\u2011programin e studimit 2019\u20112022 p\u00ebr \u201cTeknologji Ushqimore\u201d n\u00eb Fakultetin e Agrobiznesit UNHZ \u2013 l\u00ebnd\u00ebt, semestrat dhe ECTS p\u00ebr \u00e7do vit t\u00eb ciklit Bachelor.","robots":{"index":"index","follow":"follow","max-snippet":"max-snippet:-1","max-image-preview":"max-image-preview:large","max-video-preview":"max-video-preview:-1"},"canonical":"https:\/\/unhz.eu\/fakulteti-i-agrobiznesit\/teknologji-ushqimore-2019-2022\/","og_locale":"sq_AL","og_type":"article","og_title":"TEKNOLOGJI USHQIMORE 2019-2022","og_description":"Shiko plan\u2011programin e studimit 2019\u20112022 p\u00ebr \u201cTeknologji Ushqimore\u201d n\u00eb Fakultetin e Agrobiznesit UNHZ \u2013 l\u00ebnd\u00ebt, semestrat dhe ECTS p\u00ebr \u00e7do vit t\u00eb ciklit Bachelor.","og_url":"https:\/\/unhz.eu\/fakulteti-i-agrobiznesit\/teknologji-ushqimore-2019-2022\/","og_site_name":"Fakulteti i Agrobiznesit","article_modified_time":"2026-02-06T12:43:35+00:00","twitter_card":"summary_large_image","twitter_misc":{"Est. reading time":"4 minuta"},"schema":{"@context":"https:\/\/schema.org","@graph":[{"@type":"WebPage","@id":"https:\/\/unhz.eu\/fakulteti-i-agrobiznesit\/teknologji-ushqimore-2019-2022\/","url":"https:\/\/unhz.eu\/fakulteti-i-agrobiznesit\/teknologji-ushqimore-2019-2022\/","name":"Teknologji Ushqimore 2019\u20112022 \u2013 Plan\u2011Program BSc | UNHZ","isPartOf":{"@id":"https:\/\/unhz.eu\/fakulteti-i-agrobiznesit\/#website"},"datePublished":"2025-01-21T14:05:50+00:00","dateModified":"2026-02-06T12:43:35+00:00","description":"Shiko plan\u2011programin e studimit 2019\u20112022 p\u00ebr \u201cTeknologji Ushqimore\u201d n\u00eb Fakultetin e Agrobiznesit UNHZ \u2013 l\u00ebnd\u00ebt, semestrat dhe ECTS p\u00ebr \u00e7do vit t\u00eb ciklit Bachelor.","breadcrumb":{"@id":"https:\/\/unhz.eu\/fakulteti-i-agrobiznesit\/teknologji-ushqimore-2019-2022\/#breadcrumb"},"inLanguage":"sq","potentialAction":[{"@type":"ReadAction","target":["https:\/\/unhz.eu\/fakulteti-i-agrobiznesit\/teknologji-ushqimore-2019-2022\/"]}]},{"@type":"BreadcrumbList","@id":"https:\/\/unhz.eu\/fakulteti-i-agrobiznesit\/teknologji-ushqimore-2019-2022\/#breadcrumb","itemListElement":[{"@type":"ListItem","position":1,"name":"Home","item":"https:\/\/unhz.eu\/fakulteti-i-agrobiznesit\/"},{"@type":"ListItem","position":2,"name":"TEKNOLOGJI USHQIMORE 2019-2022"}]},{"@type":"WebSite","@id":"https:\/\/unhz.eu\/fakulteti-i-agrobiznesit\/#website","url":"https:\/\/unhz.eu\/fakulteti-i-agrobiznesit\/","name":"Fakulteti i Agrobiznesit","description":"I dedikuar p\u00ebr cil\u00ebsi standarde dhe suksese","publisher":{"@id":"https:\/\/unhz.eu\/fakulteti-i-agrobiznesit\/#organization"},"potentialAction":[{"@type":"SearchAction","target":{"@type":"EntryPoint","urlTemplate":"https:\/\/unhz.eu\/fakulteti-i-agrobiznesit\/?s={search_term_string}"},"query-input":{"@type":"PropertyValueSpecification","valueRequired":true,"valueName":"search_term_string"}}],"inLanguage":"sq"},{"@type":"Organization","@id":"https:\/\/unhz.eu\/fakulteti-i-agrobiznesit\/#organization","name":"Fakulteti i Agrobiznesit","url":"https:\/\/unhz.eu\/fakulteti-i-agrobiznesit\/","logo":{"@type":"ImageObject","inLanguage":"sq","@id":"https:\/\/unhz.eu\/fakulteti-i-agrobiznesit\/#\/schema\/logo\/image\/","url":"https:\/\/unhz.eu\/fakulteti-i-agrobiznesit\/wp-content\/uploads\/sites\/11\/2024\/02\/cropped-logo-1-1-e1713527702695.png","contentUrl":"https:\/\/unhz.eu\/fakulteti-i-agrobiznesit\/wp-content\/uploads\/sites\/11\/2024\/02\/cropped-logo-1-1-e1713527702695.png","width":100,"height":100,"caption":"Fakulteti i Agrobiznesit"},"image":{"@id":"https:\/\/unhz.eu\/fakulteti-i-agrobiznesit\/#\/schema\/logo\/image\/"}}]}},"_links":{"self":[{"href":"https:\/\/unhz.eu\/fakulteti-i-agrobiznesit\/wp-json\/wp\/v2\/pages\/48660","targetHints":{"allow":["GET"]}}],"collection":[{"href":"https:\/\/unhz.eu\/fakulteti-i-agrobiznesit\/wp-json\/wp\/v2\/pages"}],"about":[{"href":"https:\/\/unhz.eu\/fakulteti-i-agrobiznesit\/wp-json\/wp\/v2\/types\/page"}],"author":[{"embeddable":true,"href":"https:\/\/unhz.eu\/fakulteti-i-agrobiznesit\/wp-json\/wp\/v2\/users\/1"}],"replies":[{"embeddable":true,"href":"https:\/\/unhz.eu\/fakulteti-i-agrobiznesit\/wp-json\/wp\/v2\/comments?post=48660"}],"version-history":[{"count":1,"href":"https:\/\/unhz.eu\/fakulteti-i-agrobiznesit\/wp-json\/wp\/v2\/pages\/48660\/revisions"}],"predecessor-version":[{"id":49554,"href":"https:\/\/unhz.eu\/fakulteti-i-agrobiznesit\/wp-json\/wp\/v2\/pages\/48660\/revisions\/49554"}],"wp:attachment":[{"href":"https:\/\/unhz.eu\/fakulteti-i-agrobiznesit\/wp-json\/wp\/v2\/media?parent=48660"}],"curies":[{"name":"wp","href":"https:\/\/api.w.org\/{rel}","templated":true}]}}