{"id":48641,"date":"2025-01-21T08:55:48","date_gmt":"2025-01-21T08:55:48","guid":{"rendered":"https:\/\/unhz.eu\/fakulteti-i-agrobiznesit\/?page_id=48641"},"modified":"2026-02-06T12:48:10","modified_gmt":"2026-02-06T12:48:10","slug":"teknologjia-prodhimit-bimor-2016-2019","status":"publish","type":"page","link":"https:\/\/unhz.eu\/fakulteti-i-agrobiznesit\/teknologjia-prodhimit-bimor-2016-2019\/","title":{"rendered":"TEKNOLOGJIA PRODHIMIT BIMOR \u2013 2016-2019"},"content":{"rendered":"\n<h5 class=\"wp-block-heading\"><strong>PROGRAMI I STUDIMIT TEKNOLOGJIA PRODHIMIT BIMOR \u2013 BACHELOR 2016-2019<br><\/strong><\/h5>\n\n\n\n<p><strong>Viti Par\u00eb \u2013 Semestri i par\u00eb dhe i dyt\u00eb<\/strong><\/p>\n\n\n\n<figure class=\"wp-block-table\"><table class=\"has-fixed-layout\"><tbody><tr><td colspan=\"5\"><strong>Viti i Par\u00eb \u2013 Semestri i I<\/strong><\/td><\/tr><tr><td><strong>Nr<\/strong><\/td><td><strong>L\u00ebnda<\/strong><\/td><td><strong>Fondi<\/strong><\/td><td><strong>ECTS<\/strong><\/td><td><strong>O\/Z<\/strong><\/td><\/tr><tr><td>1<\/td><td><a href=\"https:\/\/drive.google.com\/file\/d\/1K9pJTaIXgg4DBWk6IvNw_1ZnUA9gpHOv\/view?usp=sharing\">Kimia e p\u00ebrgjithshme<\/a><\/td><td>3+2<\/td><td>6<\/td><td>O<\/td><\/tr><tr><td>2<\/td><td><a href=\"https:\/\/drive.google.com\/file\/d\/1MqU9AjQ0K5hYA5dqWik_eoI4iL1DUe4G\/view?usp=sharing\">Biologji<\/a><\/td><td>3+2<\/td><td>6<\/td><td>O<\/td><\/tr><tr><td>3<\/td><td><a href=\"https:\/\/drive.google.com\/file\/d\/1mS-un2xL3ZCgdr5FxbKHoqVxoC3pOkvl\/view?usp=sharing\">Matematik\u00eb<\/a><\/td><td>2+2<\/td><td>5<\/td><td>O<\/td><\/tr><tr><td>4<\/td><td><a href=\"https:\/\/drive.google.com\/file\/d\/1LwpyrQE5O1NSqD0Ss2Qqm_gbIHbeyaDb\/view?usp=sharing\">Informatik\u00eb e aplikuar<\/a><\/td><td>2+1<\/td><td>5<\/td><td>O<\/td><\/tr><tr><td>5<\/td><td><a href=\"https:\/\/drive.google.com\/file\/d\/1KguxlGelTjdPzNSOD8FqDzfKSBt2kcqC\/view?usp=sharing\">Gjuh\u00ebn angleze<\/a><\/td><td>2+1<\/td><td>4<\/td><td>O<\/td><\/tr><tr><td>6<\/td><td><a href=\"https:\/\/drive.google.com\/file\/d\/1ygz1tMAfB06cL4iBtBifVaVrJ_ejJX_6\/view?usp=sharing\">Erozioni dhe mbrojtja e tokave<\/a><\/td><td>2+1<\/td><td>4<\/td><td>Z<\/td><\/tr><tr><td>7<\/td><td><a href=\"https:\/\/drive.google.com\/file\/d\/1QZmDrmsS_wqCeUzqvjff8yunDTy4Vv0I\/view?usp=sharing\">Bim\u00ebt foragjere<\/a><\/td><td>2+1<\/td><td>4<\/td><td>Z<\/td><\/tr><tr><td><\/td><td><strong>Total<\/strong><\/td><td><strong>14\/10<\/strong><\/td><td><strong>30<\/strong><\/td><td><strong>5\/1<\/strong><\/td><\/tr><tr><td colspan=\"5\"><strong>Semestri i &nbsp;II<\/strong><\/td><\/tr><tr><td><strong>Nr<\/strong><\/td><td><strong>L\u00ebnda<\/strong><\/td><td><strong>Fondi<\/strong><\/td><td><strong>ECTS<\/strong><\/td><td><strong>O\/Z<\/strong><\/td><\/tr><tr><td>1<\/td><td><a href=\"https:\/\/drive.google.com\/file\/d\/10ttXQuu-NANHArzdppxt7clrZdjexU7v\/view?usp=sharing\">Fiziologjia e bim\u00ebve<\/a><\/td><td>3+2<\/td><td>6<\/td><td>O<\/td><\/tr><tr><td>2<\/td><td><a href=\"https:\/\/drive.google.com\/file\/d\/1ygz1tMAfB06cL4iBtBifVaVrJ_ejJX_6\/view?usp=sharing\">Pedologjia<\/a><\/td><td>2+2<\/td><td>5<\/td><td>O<\/td><\/tr><tr><td>3<\/td><td><a href=\"https:\/\/drive.google.com\/file\/d\/1cDD1JsyvxH_dJabU0OopHUFjgqRJm4lp\/view?usp=sharing\">Kimia Organike<\/a><\/td><td>2+2<\/td><td>5<\/td><td>O<\/td><\/tr><tr><td>4<\/td><td><a href=\"https:\/\/drive.google.com\/file\/d\/1qBi88ey3-ZibBmff5f9Ch9aplQb79YnN\/view?usp=sharing\">Ekologjia&nbsp; Bujq\u00ebsore<\/a><\/td><td>2+2<\/td><td>5<\/td><td>O<\/td><\/tr><tr><td>5<\/td><td><a href=\"https:\/\/drive.google.com\/file\/d\/1rkDFbj-fhe_xQhzZMm6-6ngwGaia-4Te\/view?usp=sharing\">Botanika e p\u00ebrgjithshme<\/a><\/td><td>2+2<\/td><td>5<\/td><td>O<\/td><\/tr><tr><td>6<\/td><td><a href=\"https:\/\/drive.google.com\/file\/d\/1fNyfYLnJ54dH3PokUwN82ZPfAXO6IxBb\/view?usp=sharing\">Bar\u00ebrat e k\u00ebqija<\/a><\/td><td>2+1<\/td><td>4<\/td><td>Z<\/td><\/tr><tr><td>7<\/td><td><a href=\"https:\/\/drive.google.com\/file\/d\/19spNZcHomjIpglx1ZSAGJw-wD2WlkGN2\/view?usp=sharing\">Bimet Aromatike<\/a><\/td><td>2+1<\/td><td>4<\/td><td>Z<\/td><\/tr><tr><td><\/td><td><strong>Total<\/strong><\/td><td><strong>13\/11<\/strong><\/td><td><strong>30<\/strong><\/td><td><strong>5\/1<\/strong><\/td><\/tr><\/tbody><\/table><\/figure>\n\n\n\n<p><strong>Viti i dyt\u00eb \u2013 Semestri i tret\u00eb dhe i kat\u00ebrt<\/strong><\/p>\n\n\n\n<figure class=\"wp-block-table\"><table class=\"has-fixed-layout\"><tbody><tr><td colspan=\"5\"><strong>Viti i Dyt\u00eb \u2013 Semestri i III<\/strong><\/td><\/tr><tr><td><strong>Nr<\/strong><\/td><td><strong>L\u00ebnda<\/strong><\/td><td><strong>Fondi<\/strong><\/td><td><strong>ECTS<\/strong><\/td><td><strong>O\/Z<\/strong><\/td><\/tr><tr><td>1<\/td><td><a href=\"https:\/\/drive.google.com\/file\/d\/1Tv9t0izSv8xM3t80uISrHdmucepoQ9Yt\/view?usp=sharing\">Bujq\u00ebsia e organike<\/a><\/td><td>2+2<\/td><td>5<\/td><td>O<\/td><\/tr><tr><td>2<\/td><td><a href=\"https:\/\/drive.google.com\/file\/d\/1L8tQ2dOou-PgwVOGz0kXzjZDXju5eQEE\/view?usp=sharing\">Mikro dhe makroekonomia<\/a><\/td><td>2+2<\/td><td>5<\/td><td>O<\/td><\/tr><tr><td>3<\/td><td><a href=\"https:\/\/drive.google.com\/file\/d\/1140wpxA-dX1YSgFWpNvu8BXOsmd3v24a\/view?usp=sharing\">Teknologjia e drithrave<\/a><\/td><td>3+2<\/td><td>6<\/td><td>O<\/td><\/tr><tr><td>4<\/td><td><a href=\"https:\/\/drive.google.com\/file\/d\/1up8A-g_v5ZXpic9gMBL6VZN61zASP81V\/view?usp=sharing\">T\u00eb ushqyerit e Bim\u00ebve<\/a><\/td><td>2+2<\/td><td>5<\/td><td>O<\/td><\/tr><tr><td>5<\/td><td><a href=\"https:\/\/drive.google.com\/file\/d\/1L8tQ2dOou-PgwVOGz0kXzjZDXju5eQEE\/view?usp=sharing\">Mikrobiologji bujq\u00ebsore<\/a><\/td><td>2+2<\/td><td>5<\/td><td>O<\/td><\/tr><tr><td>6<\/td><td><a href=\"https:\/\/drive.google.com\/file\/d\/1e_Q46Am9fgAcwi0Iw9l9I75SGw90z9A5\/view?usp=sharing\">Bim\u00ebt industriale<\/a><\/td><td>2+1<\/td><td>4<\/td><td>Z<\/td><\/tr><tr><td>7<\/td><td><a href=\"https:\/\/drive.google.com\/file\/d\/1CT1zjYxTD-b-gTM-u6nVmlajDBZ4vsSd\/view?usp=sharing\">Bazat testuese bim\u00ebve bujq\u00ebsore<\/a><\/td><td>2+1<\/td><td>4<\/td><td>Z<\/td><\/tr><tr><td>8<\/td><td><a href=\"https:\/\/drive.google.com\/file\/d\/1NVXNIJPZm-ecwTyslpEYJ5hanMOIAC7-\/view?usp=sharing\">Bazat e Lultaris\u00eb<\/a><\/td><td>2+1<\/td><td>4<\/td><td>Z<\/td><\/tr><tr><td><\/td><td><strong>Total<\/strong><\/td><td><strong>13\/11<\/strong><\/td><td><strong>30<\/strong><\/td><td><strong>5\/1<\/strong><\/td><\/tr><tr><td colspan=\"5\"><strong>Semestri i IV<\/strong><\/td><\/tr><tr><td><strong>Nr<\/strong><\/td><td><strong>L\u00ebnda<\/strong><\/td><td><strong>Fondi<\/strong><\/td><td><strong>ECTS<\/strong><\/td><td><strong>O\/Z<\/strong><\/td><\/tr><tr><td>1<\/td><td><a href=\"https:\/\/drive.google.com\/file\/d\/12SnmK2bpZuR1XxPJ0niR6sMyL9t7g3Zi\/view?usp=sharing\">Biokimia<\/a><\/td><td>2+2<\/td><td>5<\/td><td>O<\/td><\/tr><tr><td>2<\/td><td><a href=\"https:\/\/drive.google.com\/file\/d\/1w4_YLzc1tWFvtm-726ng8MA_bJOCCUFX\/view?usp=sharing\">Bazat e gjenetikes<\/a><\/td><td>3+2<\/td><td>6<\/td><td>O<\/td><\/tr><tr><td>3<\/td><td><a href=\"https:\/\/drive.google.com\/file\/d\/1V0OKK6Bir0_n-bu1nh85VYEg-kxmnqeh\/view?usp=sharing\">Plehrat dhe plehrimi<\/a><\/td><td>2+2<\/td><td>5<\/td><td>O<\/td><\/tr><tr><td>4<\/td><td><a href=\"https:\/\/drive.google.com\/file\/d\/1OJM_iphVPCs9nCefrRAaxUnQExYjrO_p\/view?usp=sharing\">Bazat e P\u00ebrimtaris\u00eb<\/a><\/td><td>2+2<\/td><td>5<\/td><td>O<\/td><\/tr><tr><td>5<\/td><td><a href=\"https:\/\/drive.google.com\/file\/d\/1kAFZXbdwczSa7upb9GuzKgIJDrqRd6yP\/view?usp=sharing\">Bazat e Pemtaris\u00eb<\/a><\/td><td>2+2<\/td><td>5<\/td><td>O<\/td><\/tr><tr><td>6<\/td><td><a href=\"https:\/\/drive.google.com\/file\/d\/1Yl689hA8QT1huAIKyyNxrP9oCTE9OV3T\/view?usp=sharing\">Marketingu agrar<\/a><\/td><td>2+1<\/td><td>4<\/td><td>Z<\/td><\/tr><tr><td>7<\/td><td><a href=\"https:\/\/drive.google.com\/file\/d\/16suATdDHxB0JunIPFOWBxayjIW6tg1_Y\/view?usp=sharing\">P\u00ebrpunimi dhe ruajtja e pem\u00ebve dhe perimeve<\/a><\/td><td>2+1<\/td><td>4<\/td><td>Z<\/td><\/tr><tr><td>8<\/td><td><a href=\"https:\/\/drive.google.com\/file\/d\/1Jq1hvo9_rcz7Sw6r_D3eiWa-NPkV5yTj\/view?usp=sharing\">Bazat e vreshtaris\u00eb<\/a><\/td><td>2+1<\/td><td>4<\/td><td>Z<\/td><\/tr><tr><td><\/td><td><strong>Total<\/strong><\/td><td><strong>13\/11<\/strong><\/td><td><strong>30<\/strong><\/td><td><strong>5\/1<\/strong><\/td><\/tr><\/tbody><\/table><\/figure>\n\n\n\n<p><strong>&nbsp;Viti i tret\u00eb \u2013 Semestri i pest\u00eb dhe gjasht\u00eb<\/strong><\/p>\n\n\n\n<figure class=\"wp-block-table\"><table class=\"has-fixed-layout\"><tbody><tr><td colspan=\"5\"><strong>Viti i Tret\u00eb \u2013 Semestri i V<\/strong><\/td><\/tr><tr><td><strong>Nr<\/strong><\/td><td><strong>L\u00ebnda<\/strong><\/td><td><strong>Fondi<\/strong><\/td><td><strong>ECTS<\/strong><\/td><td><strong>O\/Z<\/strong><\/td><\/tr><tr><td>1<\/td><td><a href=\"https:\/\/drive.google.com\/file\/d\/1ygz1tMAfB06cL4iBtBifVaVrJ_ejJX_6\/view?usp=sharing\">Entomologjia<\/a><\/td><td>3+2<\/td><td>6<\/td><td>O<\/td><\/tr><tr><td>2<\/td><td><a href=\"https:\/\/drive.google.com\/file\/d\/1173T-4D5wCe5P-WDnYd1f0qHbaic2sbf\/view?usp=sharing\">Fitoteknia<\/a><\/td><td>2+2<\/td><td>5<\/td><td>O<\/td><\/tr><tr><td>3<\/td><td><a href=\"https:\/\/drive.google.com\/file\/d\/1cOxaP4nMoZYNYMAGDyVrCYcFZzjz4wBm\/view?usp=sharing\">P\u00ebrmirsimi gjenetik i prodhimit t\u00eb farave<\/a><\/td><td>2+2<\/td><td>5<\/td><td>O<\/td><\/tr><tr><td>4<\/td><td><a href=\"https:\/\/drive.google.com\/file\/d\/15Vo8MdYWX-k4cD-4N2WWZtWfCMpp3E9D\/view?usp=sharing\">Teknologjia p\u00ebr P\u00ebrpunimin e maltit<\/a><\/td><td>2+2<\/td><td>5<\/td><td>O<\/td><\/tr><tr><td>5<\/td><td><a href=\"https:\/\/drive.google.com\/file\/d\/13zWlkFhmespYl5i9TQVbmpEjoRqPN24H\/view?usp=sharing\">Mekanizimi bujq\u00ebsor<\/a><\/td><td>2+2<\/td><td>5<\/td><td>O<\/td><\/tr><tr><td>6<\/td><td><a href=\"https:\/\/drive.google.com\/file\/d\/1nyJXCH42QhCYo59kobNxhWl4v5i8K7xg\/view?usp=sharing\">Kimia Analitike<\/a><\/td><td>2+1<\/td><td>4<\/td><td>Z<\/td><\/tr><tr><td>7<\/td><td><a href=\"https:\/\/drive.google.com\/file\/d\/1N_5USgMXuUb5_Fi3Ea7l3YNLsLIGSzfy\/view?usp=sharing\">Testimet laboratorike ISO 17025<\/a><\/td><td>2+1<\/td><td>4<\/td><td>Z<\/td><\/tr><tr><td>8<\/td><td><a href=\"https:\/\/drive.google.com\/file\/d\/1ygz1tMAfB06cL4iBtBifVaVrJ_ejJX_6\/view?usp=sharing\">Mbrojtja integrale<\/a><\/td><td>2+1<\/td><td>4<\/td><td>Z<\/td><\/tr><tr><td><\/td><td><strong>Total<\/strong><\/td><td><strong>13\/11<\/strong><\/td><td><strong>30<\/strong><\/td><td><strong>5\/1<\/strong><\/td><\/tr><tr><td colspan=\"5\"><strong>Semestri i VI<\/strong><\/td><\/tr><tr><td><strong>Nr<\/strong><\/td><td><strong>L\u00ebnda<\/strong><\/td><td><strong>Fondi<\/strong><\/td><td><strong>ECTS<\/strong><\/td><td><strong>O\/Z<\/strong><\/td><\/tr><tr><td>1<\/td><td><a href=\"https:\/\/drive.google.com\/file\/d\/1ygz1tMAfB06cL4iBtBifVaVrJ_ejJX_6\/view?usp=sharing\">Fitopatologjia<\/a><\/td><td>2+2<\/td><td>5<\/td><td>O<\/td><\/tr><tr><td>2<\/td><td><a href=\"https:\/\/drive.google.com\/file\/d\/1gSV6KsaRmH7M5qHGBqwhiBwk75r3wElP\/view?usp=sharing\">Teknologjia e p\u00ebrpunimit dhe konservimit t\u00eb produkteve ushqimore<\/a><\/td><td>2+2<\/td><td>5<\/td><td>O<\/td><\/tr><tr><td>3<\/td><td><a href=\"https:\/\/drive.google.com\/file\/d\/171PpKNqtV3MyGLlp4108tdCxAsyWs2R3\/view?usp=sharing\">Lavertaria Speciale<\/a><\/td><td>2+1<\/td><td>4<\/td><td>Z<\/td><\/tr><tr><td>4<\/td><td><a href=\"https:\/\/drive.google.com\/file\/d\/1WeAKbwdTMSodPyl5kl_VUAsbzYTXgZwq\/view?usp=sharing\">Parimet dhe praktika e ujitj\u00ebs<\/a><\/td><td>2+1<\/td><td>4<\/td><td>Z<\/td><\/tr><tr><td>5<\/td><td><a href=\"https:\/\/drive.google.com\/file\/d\/1DbqUpkhWt9F_an6muHGLO-272eeoflll\/view?usp=sharing\">Teknologjia e pasvjeljes<\/a><\/td><td>2+1<\/td><td>4<\/td><td>Z<\/td><\/tr><tr><td>6<\/td><td>Punim diplome<\/td><td><\/td><td>12<\/td><td>O<\/td><\/tr><tr><td><\/td><td><strong>Total<\/strong><\/td><td><strong>12\/10<\/strong><\/td><td><strong>30<\/strong><\/td><td><strong>4\/1<\/strong><\/td><\/tr><\/tbody><\/table><\/figure>\n","protected":false},"excerpt":{"rendered":"<p>PROGRAMI I STUDIMIT TEKNOLOGJIA PRODHIMIT BIMOR \u2013 BACHELOR 2016-2019 Viti Par\u00eb \u2013 Semestri i par\u00eb dhe i dyt\u00eb Viti i Par\u00eb \u2013 Semestri i I Nr L\u00ebnda Fondi ECTS O\/Z&hellip;<\/p>\n","protected":false},"author":1,"featured_media":0,"parent":0,"menu_order":0,"comment_status":"closed","ping_status":"closed","template":"","meta":{"footnotes":""},"class_list":["post-48641","page","type-page","status-publish","hentry"],"yoast_head":"<!-- This site is optimized with the Yoast SEO Premium plugin v27.2 (Yoast SEO v27.2) - https:\/\/yoast.com\/product\/yoast-seo-premium-wordpress\/ -->\n<title>Teknologjia e Prodhimit Bimor 2016\u20112019 \u2013 Plan\u2011Program BSc<\/title>\n<meta name=\"description\" content=\"Shiko plan\u2011programin akademik 2016\u20112019 p\u00ebr \u201cTeknologjia e Prodhimit Bimor\u201d n\u00eb Fakultetin e Agrobiznesit UNHZ \u2014 l\u00ebnd\u00ebt, semestrat dhe kreditet ECTS p\u00ebr ciklin Bachelor.\" \/>\n<meta name=\"robots\" content=\"index, follow, max-snippet:-1, max-image-preview:large, max-video-preview:-1\" \/>\n<link rel=\"canonical\" href=\"https:\/\/unhz.eu\/fakulteti-i-agrobiznesit\/teknologjia-prodhimit-bimor-2016-2019\/\" \/>\n<meta property=\"og:locale\" content=\"sq_AL\" \/>\n<meta property=\"og:type\" content=\"article\" \/>\n<meta property=\"og:title\" content=\"TEKNOLOGJIA PRODHIMIT BIMOR \u2013 2016-2019\" \/>\n<meta property=\"og:description\" content=\"Shiko plan\u2011programin akademik 2016\u20112019 p\u00ebr \u201cTeknologjia e Prodhimit Bimor\u201d n\u00eb Fakultetin e Agrobiznesit UNHZ \u2014 l\u00ebnd\u00ebt, semestrat dhe kreditet ECTS p\u00ebr ciklin Bachelor.\" \/>\n<meta property=\"og:url\" content=\"https:\/\/unhz.eu\/fakulteti-i-agrobiznesit\/teknologjia-prodhimit-bimor-2016-2019\/\" \/>\n<meta property=\"og:site_name\" content=\"Fakulteti i Agrobiznesit\" \/>\n<meta property=\"article:modified_time\" content=\"2026-02-06T12:48:10+00:00\" \/>\n<meta name=\"twitter:card\" content=\"summary_large_image\" \/>\n<meta name=\"twitter:label1\" content=\"Est. reading time\" \/>\n\t<meta name=\"twitter:data1\" content=\"3 minuta\" \/>\n<script type=\"application\/ld+json\" class=\"yoast-schema-graph\">{\"@context\":\"https:\/\/schema.org\",\"@graph\":[{\"@type\":\"WebPage\",\"@id\":\"https:\/\/unhz.eu\/fakulteti-i-agrobiznesit\/teknologjia-prodhimit-bimor-2016-2019\/\",\"url\":\"https:\/\/unhz.eu\/fakulteti-i-agrobiznesit\/teknologjia-prodhimit-bimor-2016-2019\/\",\"name\":\"Teknologjia e Prodhimit Bimor 2016\u20112019 \u2013 Plan\u2011Program BSc\",\"isPartOf\":{\"@id\":\"https:\/\/unhz.eu\/fakulteti-i-agrobiznesit\/#website\"},\"datePublished\":\"2025-01-21T08:55:48+00:00\",\"dateModified\":\"2026-02-06T12:48:10+00:00\",\"description\":\"Shiko plan\u2011programin akademik 2016\u20112019 p\u00ebr \u201cTeknologjia e Prodhimit Bimor\u201d n\u00eb Fakultetin e Agrobiznesit UNHZ \u2014 l\u00ebnd\u00ebt, semestrat dhe kreditet ECTS p\u00ebr ciklin Bachelor.\",\"breadcrumb\":{\"@id\":\"https:\/\/unhz.eu\/fakulteti-i-agrobiznesit\/teknologjia-prodhimit-bimor-2016-2019\/#breadcrumb\"},\"inLanguage\":\"sq\",\"potentialAction\":[{\"@type\":\"ReadAction\",\"target\":[\"https:\/\/unhz.eu\/fakulteti-i-agrobiznesit\/teknologjia-prodhimit-bimor-2016-2019\/\"]}]},{\"@type\":\"BreadcrumbList\",\"@id\":\"https:\/\/unhz.eu\/fakulteti-i-agrobiznesit\/teknologjia-prodhimit-bimor-2016-2019\/#breadcrumb\",\"itemListElement\":[{\"@type\":\"ListItem\",\"position\":1,\"name\":\"Home\",\"item\":\"https:\/\/unhz.eu\/fakulteti-i-agrobiznesit\/\"},{\"@type\":\"ListItem\",\"position\":2,\"name\":\"TEKNOLOGJIA PRODHIMIT BIMOR \u2013 2016-2019\"}]},{\"@type\":\"WebSite\",\"@id\":\"https:\/\/unhz.eu\/fakulteti-i-agrobiznesit\/#website\",\"url\":\"https:\/\/unhz.eu\/fakulteti-i-agrobiznesit\/\",\"name\":\"Fakulteti i Agrobiznesit\",\"description\":\"I dedikuar p\u00ebr cil\u00ebsi standarde dhe suksese\",\"publisher\":{\"@id\":\"https:\/\/unhz.eu\/fakulteti-i-agrobiznesit\/#organization\"},\"potentialAction\":[{\"@type\":\"SearchAction\",\"target\":{\"@type\":\"EntryPoint\",\"urlTemplate\":\"https:\/\/unhz.eu\/fakulteti-i-agrobiznesit\/?s={search_term_string}\"},\"query-input\":{\"@type\":\"PropertyValueSpecification\",\"valueRequired\":true,\"valueName\":\"search_term_string\"}}],\"inLanguage\":\"sq\"},{\"@type\":\"Organization\",\"@id\":\"https:\/\/unhz.eu\/fakulteti-i-agrobiznesit\/#organization\",\"name\":\"Fakulteti i Agrobiznesit\",\"url\":\"https:\/\/unhz.eu\/fakulteti-i-agrobiznesit\/\",\"logo\":{\"@type\":\"ImageObject\",\"inLanguage\":\"sq\",\"@id\":\"https:\/\/unhz.eu\/fakulteti-i-agrobiznesit\/#\/schema\/logo\/image\/\",\"url\":\"https:\/\/unhz.eu\/fakulteti-i-agrobiznesit\/wp-content\/uploads\/sites\/11\/2024\/02\/cropped-logo-1-1-e1713527702695.png\",\"contentUrl\":\"https:\/\/unhz.eu\/fakulteti-i-agrobiznesit\/wp-content\/uploads\/sites\/11\/2024\/02\/cropped-logo-1-1-e1713527702695.png\",\"width\":100,\"height\":100,\"caption\":\"Fakulteti i Agrobiznesit\"},\"image\":{\"@id\":\"https:\/\/unhz.eu\/fakulteti-i-agrobiznesit\/#\/schema\/logo\/image\/\"}}]}<\/script>\n<!-- \/ Yoast SEO Premium plugin. -->","yoast_head_json":{"title":"Teknologjia e Prodhimit Bimor 2016\u20112019 \u2013 Plan\u2011Program BSc","description":"Shiko plan\u2011programin akademik 2016\u20112019 p\u00ebr \u201cTeknologjia e Prodhimit Bimor\u201d n\u00eb Fakultetin e Agrobiznesit UNHZ \u2014 l\u00ebnd\u00ebt, semestrat dhe kreditet ECTS p\u00ebr ciklin Bachelor.","robots":{"index":"index","follow":"follow","max-snippet":"max-snippet:-1","max-image-preview":"max-image-preview:large","max-video-preview":"max-video-preview:-1"},"canonical":"https:\/\/unhz.eu\/fakulteti-i-agrobiznesit\/teknologjia-prodhimit-bimor-2016-2019\/","og_locale":"sq_AL","og_type":"article","og_title":"TEKNOLOGJIA PRODHIMIT BIMOR \u2013 2016-2019","og_description":"Shiko plan\u2011programin akademik 2016\u20112019 p\u00ebr \u201cTeknologjia e Prodhimit Bimor\u201d n\u00eb Fakultetin e Agrobiznesit UNHZ \u2014 l\u00ebnd\u00ebt, semestrat dhe kreditet ECTS p\u00ebr ciklin Bachelor.","og_url":"https:\/\/unhz.eu\/fakulteti-i-agrobiznesit\/teknologjia-prodhimit-bimor-2016-2019\/","og_site_name":"Fakulteti i Agrobiznesit","article_modified_time":"2026-02-06T12:48:10+00:00","twitter_card":"summary_large_image","twitter_misc":{"Est. reading time":"3 minuta"},"schema":{"@context":"https:\/\/schema.org","@graph":[{"@type":"WebPage","@id":"https:\/\/unhz.eu\/fakulteti-i-agrobiznesit\/teknologjia-prodhimit-bimor-2016-2019\/","url":"https:\/\/unhz.eu\/fakulteti-i-agrobiznesit\/teknologjia-prodhimit-bimor-2016-2019\/","name":"Teknologjia e Prodhimit Bimor 2016\u20112019 \u2013 Plan\u2011Program BSc","isPartOf":{"@id":"https:\/\/unhz.eu\/fakulteti-i-agrobiznesit\/#website"},"datePublished":"2025-01-21T08:55:48+00:00","dateModified":"2026-02-06T12:48:10+00:00","description":"Shiko plan\u2011programin akademik 2016\u20112019 p\u00ebr \u201cTeknologjia e Prodhimit Bimor\u201d n\u00eb Fakultetin e Agrobiznesit UNHZ \u2014 l\u00ebnd\u00ebt, semestrat dhe kreditet ECTS p\u00ebr ciklin Bachelor.","breadcrumb":{"@id":"https:\/\/unhz.eu\/fakulteti-i-agrobiznesit\/teknologjia-prodhimit-bimor-2016-2019\/#breadcrumb"},"inLanguage":"sq","potentialAction":[{"@type":"ReadAction","target":["https:\/\/unhz.eu\/fakulteti-i-agrobiznesit\/teknologjia-prodhimit-bimor-2016-2019\/"]}]},{"@type":"BreadcrumbList","@id":"https:\/\/unhz.eu\/fakulteti-i-agrobiznesit\/teknologjia-prodhimit-bimor-2016-2019\/#breadcrumb","itemListElement":[{"@type":"ListItem","position":1,"name":"Home","item":"https:\/\/unhz.eu\/fakulteti-i-agrobiznesit\/"},{"@type":"ListItem","position":2,"name":"TEKNOLOGJIA PRODHIMIT BIMOR \u2013 2016-2019"}]},{"@type":"WebSite","@id":"https:\/\/unhz.eu\/fakulteti-i-agrobiznesit\/#website","url":"https:\/\/unhz.eu\/fakulteti-i-agrobiznesit\/","name":"Fakulteti i Agrobiznesit","description":"I dedikuar p\u00ebr cil\u00ebsi standarde dhe suksese","publisher":{"@id":"https:\/\/unhz.eu\/fakulteti-i-agrobiznesit\/#organization"},"potentialAction":[{"@type":"SearchAction","target":{"@type":"EntryPoint","urlTemplate":"https:\/\/unhz.eu\/fakulteti-i-agrobiznesit\/?s={search_term_string}"},"query-input":{"@type":"PropertyValueSpecification","valueRequired":true,"valueName":"search_term_string"}}],"inLanguage":"sq"},{"@type":"Organization","@id":"https:\/\/unhz.eu\/fakulteti-i-agrobiznesit\/#organization","name":"Fakulteti i Agrobiznesit","url":"https:\/\/unhz.eu\/fakulteti-i-agrobiznesit\/","logo":{"@type":"ImageObject","inLanguage":"sq","@id":"https:\/\/unhz.eu\/fakulteti-i-agrobiznesit\/#\/schema\/logo\/image\/","url":"https:\/\/unhz.eu\/fakulteti-i-agrobiznesit\/wp-content\/uploads\/sites\/11\/2024\/02\/cropped-logo-1-1-e1713527702695.png","contentUrl":"https:\/\/unhz.eu\/fakulteti-i-agrobiznesit\/wp-content\/uploads\/sites\/11\/2024\/02\/cropped-logo-1-1-e1713527702695.png","width":100,"height":100,"caption":"Fakulteti i Agrobiznesit"},"image":{"@id":"https:\/\/unhz.eu\/fakulteti-i-agrobiznesit\/#\/schema\/logo\/image\/"}}]}},"_links":{"self":[{"href":"https:\/\/unhz.eu\/fakulteti-i-agrobiznesit\/wp-json\/wp\/v2\/pages\/48641","targetHints":{"allow":["GET"]}}],"collection":[{"href":"https:\/\/unhz.eu\/fakulteti-i-agrobiznesit\/wp-json\/wp\/v2\/pages"}],"about":[{"href":"https:\/\/unhz.eu\/fakulteti-i-agrobiznesit\/wp-json\/wp\/v2\/types\/page"}],"author":[{"embeddable":true,"href":"https:\/\/unhz.eu\/fakulteti-i-agrobiznesit\/wp-json\/wp\/v2\/users\/1"}],"replies":[{"embeddable":true,"href":"https:\/\/unhz.eu\/fakulteti-i-agrobiznesit\/wp-json\/wp\/v2\/comments?post=48641"}],"version-history":[{"count":1,"href":"https:\/\/unhz.eu\/fakulteti-i-agrobiznesit\/wp-json\/wp\/v2\/pages\/48641\/revisions"}],"predecessor-version":[{"id":49557,"href":"https:\/\/unhz.eu\/fakulteti-i-agrobiznesit\/wp-json\/wp\/v2\/pages\/48641\/revisions\/49557"}],"wp:attachment":[{"href":"https:\/\/unhz.eu\/fakulteti-i-agrobiznesit\/wp-json\/wp\/v2\/media?parent=48641"}],"curies":[{"name":"wp","href":"https:\/\/api.w.org\/{rel}","templated":true}]}}