{"id":48639,"date":"2025-01-21T08:54:46","date_gmt":"2025-01-21T08:54:46","guid":{"rendered":"https:\/\/unhz.eu\/fakulteti-i-agrobiznesit\/?page_id=48639"},"modified":"2026-02-06T12:45:54","modified_gmt":"2026-02-06T12:45:54","slug":"teknologjia-prodhimit-bimor-2012-2015","status":"publish","type":"page","link":"https:\/\/unhz.eu\/fakulteti-i-agrobiznesit\/teknologjia-prodhimit-bimor-2012-2015\/","title":{"rendered":"TEKNOLOGJIA PRODHIMIT BIMOR \u2013 2012-2015"},"content":{"rendered":"\n<p>Teknologjia e Prodhimit Bimor 2012\u20112015 UNHZ<\/p>\n","protected":false},"excerpt":{"rendered":"<p>Teknologjia e Prodhimit Bimor 2012\u20112015 UNHZ<\/p>\n","protected":false},"author":1,"featured_media":0,"parent":0,"menu_order":0,"comment_status":"closed","ping_status":"closed","template":"","meta":{"footnotes":""},"class_list":["post-48639","page","type-page","status-publish","hentry"],"yoast_head":"<!-- This site is optimized with the Yoast SEO Premium plugin v27.2 (Yoast SEO v27.2) - https:\/\/yoast.com\/product\/yoast-seo-premium-wordpress\/ -->\n<title>Teknologjia e Prodhimit Bimor 2012\u20112015 \u2013 Plan\u2011Program BSc<\/title>\n<meta name=\"description\" content=\"Shiko plan\u2011programin akademik 2012\u20112015 p\u00ebr \u201cTeknologjia e Prodhimit Bimor\u201d n\u00eb Fakultetin e Agrobiznesit UNHZ \u2014 l\u00ebnd\u00ebt, semestrat dhe ECTS p\u00ebr ciklin Bachelor.\" \/>\n<meta name=\"robots\" content=\"index, follow, max-snippet:-1, max-image-preview:large, max-video-preview:-1\" \/>\n<link rel=\"canonical\" href=\"https:\/\/unhz.eu\/fakulteti-i-agrobiznesit\/teknologjia-prodhimit-bimor-2012-2015\/\" \/>\n<meta property=\"og:locale\" content=\"sq_AL\" \/>\n<meta property=\"og:type\" content=\"article\" \/>\n<meta property=\"og:title\" content=\"TEKNOLOGJIA PRODHIMIT BIMOR \u2013 2012-2015\" \/>\n<meta property=\"og:description\" content=\"Shiko plan\u2011programin akademik 2012\u20112015 p\u00ebr \u201cTeknologjia e Prodhimit Bimor\u201d n\u00eb Fakultetin e Agrobiznesit UNHZ \u2014 l\u00ebnd\u00ebt, semestrat dhe ECTS p\u00ebr ciklin Bachelor.\" \/>\n<meta property=\"og:url\" content=\"https:\/\/unhz.eu\/fakulteti-i-agrobiznesit\/teknologjia-prodhimit-bimor-2012-2015\/\" \/>\n<meta property=\"og:site_name\" content=\"Fakulteti i Agrobiznesit\" \/>\n<meta property=\"article:modified_time\" content=\"2026-02-06T12:45:54+00:00\" \/>\n<meta name=\"twitter:card\" content=\"summary_large_image\" \/>\n<meta name=\"twitter:label1\" content=\"Est. reading time\" \/>\n\t<meta name=\"twitter:data1\" content=\"1 minut\u00eb\" \/>\n<script type=\"application\/ld+json\" class=\"yoast-schema-graph\">{\"@context\":\"https:\/\/schema.org\",\"@graph\":[{\"@type\":\"WebPage\",\"@id\":\"https:\/\/unhz.eu\/fakulteti-i-agrobiznesit\/teknologjia-prodhimit-bimor-2012-2015\/\",\"url\":\"https:\/\/unhz.eu\/fakulteti-i-agrobiznesit\/teknologjia-prodhimit-bimor-2012-2015\/\",\"name\":\"Teknologjia e Prodhimit Bimor 2012\u20112015 \u2013 Plan\u2011Program BSc\",\"isPartOf\":{\"@id\":\"https:\/\/unhz.eu\/fakulteti-i-agrobiznesit\/#website\"},\"datePublished\":\"2025-01-21T08:54:46+00:00\",\"dateModified\":\"2026-02-06T12:45:54+00:00\",\"description\":\"Shiko plan\u2011programin akademik 2012\u20112015 p\u00ebr \u201cTeknologjia e Prodhimit Bimor\u201d n\u00eb Fakultetin e Agrobiznesit UNHZ \u2014 l\u00ebnd\u00ebt, semestrat dhe ECTS p\u00ebr ciklin Bachelor.\",\"breadcrumb\":{\"@id\":\"https:\/\/unhz.eu\/fakulteti-i-agrobiznesit\/teknologjia-prodhimit-bimor-2012-2015\/#breadcrumb\"},\"inLanguage\":\"sq\",\"potentialAction\":[{\"@type\":\"ReadAction\",\"target\":[\"https:\/\/unhz.eu\/fakulteti-i-agrobiznesit\/teknologjia-prodhimit-bimor-2012-2015\/\"]}]},{\"@type\":\"BreadcrumbList\",\"@id\":\"https:\/\/unhz.eu\/fakulteti-i-agrobiznesit\/teknologjia-prodhimit-bimor-2012-2015\/#breadcrumb\",\"itemListElement\":[{\"@type\":\"ListItem\",\"position\":1,\"name\":\"Home\",\"item\":\"https:\/\/unhz.eu\/fakulteti-i-agrobiznesit\/\"},{\"@type\":\"ListItem\",\"position\":2,\"name\":\"TEKNOLOGJIA PRODHIMIT BIMOR \u2013 2012-2015\"}]},{\"@type\":\"WebSite\",\"@id\":\"https:\/\/unhz.eu\/fakulteti-i-agrobiznesit\/#website\",\"url\":\"https:\/\/unhz.eu\/fakulteti-i-agrobiznesit\/\",\"name\":\"Fakulteti i Agrobiznesit\",\"description\":\"I dedikuar p\u00ebr cil\u00ebsi standarde dhe suksese\",\"publisher\":{\"@id\":\"https:\/\/unhz.eu\/fakulteti-i-agrobiznesit\/#organization\"},\"potentialAction\":[{\"@type\":\"SearchAction\",\"target\":{\"@type\":\"EntryPoint\",\"urlTemplate\":\"https:\/\/unhz.eu\/fakulteti-i-agrobiznesit\/?s={search_term_string}\"},\"query-input\":{\"@type\":\"PropertyValueSpecification\",\"valueRequired\":true,\"valueName\":\"search_term_string\"}}],\"inLanguage\":\"sq\"},{\"@type\":\"Organization\",\"@id\":\"https:\/\/unhz.eu\/fakulteti-i-agrobiznesit\/#organization\",\"name\":\"Fakulteti i Agrobiznesit\",\"url\":\"https:\/\/unhz.eu\/fakulteti-i-agrobiznesit\/\",\"logo\":{\"@type\":\"ImageObject\",\"inLanguage\":\"sq\",\"@id\":\"https:\/\/unhz.eu\/fakulteti-i-agrobiznesit\/#\/schema\/logo\/image\/\",\"url\":\"https:\/\/unhz.eu\/fakulteti-i-agrobiznesit\/wp-content\/uploads\/sites\/11\/2024\/02\/cropped-logo-1-1-e1713527702695.png\",\"contentUrl\":\"https:\/\/unhz.eu\/fakulteti-i-agrobiznesit\/wp-content\/uploads\/sites\/11\/2024\/02\/cropped-logo-1-1-e1713527702695.png\",\"width\":100,\"height\":100,\"caption\":\"Fakulteti i Agrobiznesit\"},\"image\":{\"@id\":\"https:\/\/unhz.eu\/fakulteti-i-agrobiznesit\/#\/schema\/logo\/image\/\"}}]}<\/script>\n<!-- \/ Yoast SEO Premium plugin. -->","yoast_head_json":{"title":"Teknologjia e Prodhimit Bimor 2012\u20112015 \u2013 Plan\u2011Program BSc","description":"Shiko plan\u2011programin akademik 2012\u20112015 p\u00ebr \u201cTeknologjia e Prodhimit Bimor\u201d n\u00eb Fakultetin e Agrobiznesit UNHZ \u2014 l\u00ebnd\u00ebt, semestrat dhe ECTS p\u00ebr ciklin Bachelor.","robots":{"index":"index","follow":"follow","max-snippet":"max-snippet:-1","max-image-preview":"max-image-preview:large","max-video-preview":"max-video-preview:-1"},"canonical":"https:\/\/unhz.eu\/fakulteti-i-agrobiznesit\/teknologjia-prodhimit-bimor-2012-2015\/","og_locale":"sq_AL","og_type":"article","og_title":"TEKNOLOGJIA PRODHIMIT BIMOR \u2013 2012-2015","og_description":"Shiko plan\u2011programin akademik 2012\u20112015 p\u00ebr \u201cTeknologjia e Prodhimit Bimor\u201d n\u00eb Fakultetin e Agrobiznesit UNHZ \u2014 l\u00ebnd\u00ebt, semestrat dhe ECTS p\u00ebr ciklin Bachelor.","og_url":"https:\/\/unhz.eu\/fakulteti-i-agrobiznesit\/teknologjia-prodhimit-bimor-2012-2015\/","og_site_name":"Fakulteti i Agrobiznesit","article_modified_time":"2026-02-06T12:45:54+00:00","twitter_card":"summary_large_image","twitter_misc":{"Est. reading time":"1 minut\u00eb"},"schema":{"@context":"https:\/\/schema.org","@graph":[{"@type":"WebPage","@id":"https:\/\/unhz.eu\/fakulteti-i-agrobiznesit\/teknologjia-prodhimit-bimor-2012-2015\/","url":"https:\/\/unhz.eu\/fakulteti-i-agrobiznesit\/teknologjia-prodhimit-bimor-2012-2015\/","name":"Teknologjia e Prodhimit Bimor 2012\u20112015 \u2013 Plan\u2011Program BSc","isPartOf":{"@id":"https:\/\/unhz.eu\/fakulteti-i-agrobiznesit\/#website"},"datePublished":"2025-01-21T08:54:46+00:00","dateModified":"2026-02-06T12:45:54+00:00","description":"Shiko plan\u2011programin akademik 2012\u20112015 p\u00ebr \u201cTeknologjia e Prodhimit Bimor\u201d n\u00eb Fakultetin e Agrobiznesit UNHZ \u2014 l\u00ebnd\u00ebt, semestrat dhe ECTS p\u00ebr ciklin Bachelor.","breadcrumb":{"@id":"https:\/\/unhz.eu\/fakulteti-i-agrobiznesit\/teknologjia-prodhimit-bimor-2012-2015\/#breadcrumb"},"inLanguage":"sq","potentialAction":[{"@type":"ReadAction","target":["https:\/\/unhz.eu\/fakulteti-i-agrobiznesit\/teknologjia-prodhimit-bimor-2012-2015\/"]}]},{"@type":"BreadcrumbList","@id":"https:\/\/unhz.eu\/fakulteti-i-agrobiznesit\/teknologjia-prodhimit-bimor-2012-2015\/#breadcrumb","itemListElement":[{"@type":"ListItem","position":1,"name":"Home","item":"https:\/\/unhz.eu\/fakulteti-i-agrobiznesit\/"},{"@type":"ListItem","position":2,"name":"TEKNOLOGJIA PRODHIMIT BIMOR \u2013 2012-2015"}]},{"@type":"WebSite","@id":"https:\/\/unhz.eu\/fakulteti-i-agrobiznesit\/#website","url":"https:\/\/unhz.eu\/fakulteti-i-agrobiznesit\/","name":"Fakulteti i Agrobiznesit","description":"I dedikuar p\u00ebr cil\u00ebsi standarde dhe suksese","publisher":{"@id":"https:\/\/unhz.eu\/fakulteti-i-agrobiznesit\/#organization"},"potentialAction":[{"@type":"SearchAction","target":{"@type":"EntryPoint","urlTemplate":"https:\/\/unhz.eu\/fakulteti-i-agrobiznesit\/?s={search_term_string}"},"query-input":{"@type":"PropertyValueSpecification","valueRequired":true,"valueName":"search_term_string"}}],"inLanguage":"sq"},{"@type":"Organization","@id":"https:\/\/unhz.eu\/fakulteti-i-agrobiznesit\/#organization","name":"Fakulteti i Agrobiznesit","url":"https:\/\/unhz.eu\/fakulteti-i-agrobiznesit\/","logo":{"@type":"ImageObject","inLanguage":"sq","@id":"https:\/\/unhz.eu\/fakulteti-i-agrobiznesit\/#\/schema\/logo\/image\/","url":"https:\/\/unhz.eu\/fakulteti-i-agrobiznesit\/wp-content\/uploads\/sites\/11\/2024\/02\/cropped-logo-1-1-e1713527702695.png","contentUrl":"https:\/\/unhz.eu\/fakulteti-i-agrobiznesit\/wp-content\/uploads\/sites\/11\/2024\/02\/cropped-logo-1-1-e1713527702695.png","width":100,"height":100,"caption":"Fakulteti i Agrobiznesit"},"image":{"@id":"https:\/\/unhz.eu\/fakulteti-i-agrobiznesit\/#\/schema\/logo\/image\/"}}]}},"_links":{"self":[{"href":"https:\/\/unhz.eu\/fakulteti-i-agrobiznesit\/wp-json\/wp\/v2\/pages\/48639","targetHints":{"allow":["GET"]}}],"collection":[{"href":"https:\/\/unhz.eu\/fakulteti-i-agrobiznesit\/wp-json\/wp\/v2\/pages"}],"about":[{"href":"https:\/\/unhz.eu\/fakulteti-i-agrobiznesit\/wp-json\/wp\/v2\/types\/page"}],"author":[{"embeddable":true,"href":"https:\/\/unhz.eu\/fakulteti-i-agrobiznesit\/wp-json\/wp\/v2\/users\/1"}],"replies":[{"embeddable":true,"href":"https:\/\/unhz.eu\/fakulteti-i-agrobiznesit\/wp-json\/wp\/v2\/comments?post=48639"}],"version-history":[{"count":1,"href":"https:\/\/unhz.eu\/fakulteti-i-agrobiznesit\/wp-json\/wp\/v2\/pages\/48639\/revisions"}],"predecessor-version":[{"id":49556,"href":"https:\/\/unhz.eu\/fakulteti-i-agrobiznesit\/wp-json\/wp\/v2\/pages\/48639\/revisions\/49556"}],"wp:attachment":[{"href":"https:\/\/unhz.eu\/fakulteti-i-agrobiznesit\/wp-json\/wp\/v2\/media?parent=48639"}],"curies":[{"name":"wp","href":"https:\/\/api.w.org\/{rel}","templated":true}]}}