{"id":48618,"date":"2025-01-21T08:44:51","date_gmt":"2025-01-21T08:44:51","guid":{"rendered":"https:\/\/unhz.eu\/fakulteti-i-agrobiznesit\/?page_id=48618"},"modified":"2026-02-03T12:37:38","modified_gmt":"2026-02-03T12:37:38","slug":"agromjedis-dhe-agroekologji-2019-2022","status":"publish","type":"page","link":"https:\/\/unhz.eu\/fakulteti-i-agrobiznesit\/agromjedis-dhe-agroekologji-2019-2022\/","title":{"rendered":"AGROMJEDIS DHE AGROEKOLOGJI 2019-2022"},"content":{"rendered":"\n<p><strong>PROGRAMI I STUDIMIT&nbsp; \u2013 BACHELOR \u2013 AGROMJEDIS DHE AGROEKOLOGJI 2019-2022<\/strong><\/p>\n\n\n\n<figure class=\"wp-block-table\"><table class=\"has-fixed-layout\"><tbody><tr><td colspan=\"6\">Viti I<\/td><\/tr><tr><td colspan=\"3\">Semestri I<\/td><td colspan=\"3\">Or\u00eb\/jav\u00eb<\/td><\/tr><tr><td>1.&nbsp;&nbsp;&nbsp; 1.<\/td><td>O<\/td><td>&nbsp;Kimi e p\u00ebrgjithshme dhe inorganike<\/td><td>3<\/td><td>2<\/td><td>6<\/td><\/tr><tr><td>2.&nbsp;&nbsp;&nbsp; 2.<\/td><td>O<\/td><td>Botanik\u00eb e p\u00ebrgjithshme<\/td><td>3<\/td><td>2<\/td><td>6<\/td><\/tr><tr><td>3.&nbsp;&nbsp;&nbsp; 3.<\/td><td>O<\/td><td>Matematik\u00eb<\/td><td>2<\/td><td>2<\/td><td>5<\/td><\/tr><tr><td>4.&nbsp;&nbsp;&nbsp; 4.<\/td><td>O<\/td><td>Agrometereologji me bazat e fizik\u00ebs<\/td><td>2<\/td><td>2<\/td><td>5<\/td><\/tr><tr><td>5.&nbsp;&nbsp;&nbsp; 5.<\/td><td>O<\/td><td>Gjuh\u00ebn angleze<\/td><td>2<\/td><td>0<\/td><td>4<\/td><\/tr><tr><td><strong>6.<\/strong><\/td><td>O<\/td><td>Informatik\u00eb e aplikuar n\u00eb bujq\u00ebsi<\/td><td>2<\/td><td>1<\/td><td>4<\/td><\/tr><tr><td colspan=\"6\">Viti I<\/td><\/tr><tr><td colspan=\"3\">Semestri II<\/td><td colspan=\"3\">Or\u00eb\/jav\u00eb<\/td><\/tr><tr><td>Nr.<\/td><td>O\/Z<\/td><td>L\u00ebnd\u00ebt<\/td><td>L<\/td><td>U<\/td><td>ECTS<\/td><\/tr><tr><td>1<\/td><td>O<\/td><td>Bazat e prodhimit bimor<\/td><td>3<\/td><td>2<\/td><td>6<\/td><\/tr><tr><td>2<\/td><td>O<\/td><td>Pedologjia<\/td><td>2<\/td><td>2<\/td><td>5<\/td><\/tr><tr><td>3<\/td><td>O<\/td><td>Kimia Organike<\/td><td>2<\/td><td>2<\/td><td>5<\/td><\/tr><tr><td>4<\/td><td>O<\/td><td>Ekologjia&nbsp; Bujq\u00ebsore<\/td><td>2<\/td><td>2<\/td><td>5<\/td><\/tr><tr><td>5<\/td><td>O<\/td><td>Botanik\u00eb Sistematike<\/td><td>2<\/td><td>2<\/td><td>5<\/td><\/tr><tr><td>6<\/td><td>Z<\/td><td>Bar\u00ebrat e k\u00ebqija<\/td><td>2<\/td><td>1<\/td><td>4<\/td><\/tr><tr><td>7<\/td><td>Z<\/td><td>Bim\u00ebt foragjere<\/td><td>2<\/td><td>1<\/td><td>4<\/td><\/tr><tr><td colspan=\"6\">Viti II<\/td><\/tr><tr><td colspan=\"3\">Semestri III<\/td><td colspan=\"3\">Or\u00eb\/jav\u00eb<\/td><\/tr><tr><td>Nr.<\/td><td>O\/Z<\/td><td>L\u00ebnd\u00ebt<\/td><td>L<\/td><td>U<\/td><td>ECTS<\/td><\/tr><tr><td>1.<\/td><td>O<\/td><td>Biokimia<\/td><td>3<\/td><td>2<\/td><td>6<\/td><\/tr><tr><td>2.<\/td><td>O<\/td><td>Fiziologjia e bim\u00ebve<\/td><td>2<\/td><td>2<\/td><td>5<\/td><\/tr><tr><td>3.<\/td><td>O<\/td><td>Bazat e agroekonomis\u00eb<\/td><td>2<\/td><td>2<\/td><td>5<\/td><\/tr><tr><td>4.<\/td><td>O<\/td><td>Ekologjia bujq\u00ebsore<\/td><td>2<\/td><td>2<\/td><td>5<\/td><\/tr><tr><td>5.<\/td><td>O<\/td><td>P\u00ebrmir\u00ebsimi gjenetik<\/td><td>2<\/td><td>2<\/td><td>5<\/td><\/tr><tr><td>6.&nbsp;&nbsp;&nbsp; 6.<\/td><td>Z<\/td><td>Fara dhe kultivimi i fidaneve<\/td><td>2<\/td><td>1<\/td><td>4<\/td><\/tr><tr><td><strong>7.&nbsp;&nbsp;&nbsp; <\/strong><strong>7.<\/strong><\/td><td>Z<\/td><td>Kimia e mjedisit<\/td><td>2<\/td><td>1<\/td><td>4<\/td><\/tr><tr><td><strong>8.&nbsp;&nbsp;&nbsp; <\/strong><strong>8.<\/strong><\/td><td>Z<\/td><td>Bazat e pem\u00ebtaris\u00eb<\/td><td>2<\/td><td>1<\/td><td>4<\/td><\/tr><tr><td colspan=\"6\">Viti II<\/td><\/tr><tr><td colspan=\"3\">Semestri IV<\/td><td colspan=\"3\">Or\u00eb\/jav\u00eb<\/td><\/tr><tr><td>Nr.<\/td><td>O\/Z<\/td><td>L\u00ebnd\u00ebt<\/td><td>L<\/td><td>U<\/td><td>ECTS<\/td><\/tr><tr><td>1<\/td><td>O<\/td><td>Gjenetik\u00eb<\/td><td>3<\/td><td>2<\/td><td>6<\/td><\/tr><tr><td>2<\/td><td>O<\/td><td>Ndotja e mjedisit<\/td><td>2<\/td><td>2<\/td><td>5<\/td><\/tr><tr><td>3<\/td><td>O<\/td><td>Zoologji agrare<\/td><td>2<\/td><td>2<\/td><td>5<\/td><\/tr><tr><td>4<\/td><td>O<\/td><td>Mikrobiologji<\/td><td>2<\/td><td>2<\/td><td>5<\/td><\/tr><tr><td>5<\/td><td>O<\/td><td>Hidrologji dhe hidroteknik\u00eb<\/td><td>2<\/td><td>2<\/td><td>5<\/td><\/tr><tr><td>6<\/td><td>Z<\/td><td>Industria ushqimore dhe mjedisi<\/td><td>2<\/td><td>1<\/td><td>4<\/td><\/tr><tr><td>7<\/td><td>Z<\/td><td>Melorime bujq\u00ebsore<\/td><td>2<\/td><td>1<\/td><td>4<\/td><\/tr><tr><td>8<\/td><td>Z<\/td><td>Bazat e shkencave animale<\/td><td>2<\/td><td>1<\/td><td>4<\/td><\/tr><tr><td colspan=\"6\">Viti III<\/td><\/tr><tr><td colspan=\"3\">Semestri V<\/td><td colspan=\"3\">Or\u00eb\/jav\u00eb<\/td><\/tr><tr><td>Nr.<\/td><td>O\/Z<\/td><td>L\u00ebnd\u00ebt<\/td><td>L<\/td><td>U<\/td><td>ECTS<\/td><\/tr><tr><td>1.<\/td><td>O<\/td><td>Mbrojtja e bim\u00ebve<\/td><td>2<\/td><td>2<\/td><td>5<\/td><\/tr><tr><td>2.<\/td><td>O<\/td><td>Menaxhimi i cil\u00ebsis\u00eb s\u00eb ujrave<\/td><td>3<\/td><td>2<\/td><td>6<\/td><\/tr><tr><td>3.<\/td><td>O<\/td><td>Vler\u00ebsimi i ndikimit n\u00eb mjedis<\/td><td>2<\/td><td>2<\/td><td>5<\/td><\/tr><tr><td>4.<\/td><td>O<\/td><td>T\u00eb ushqyerit e bim\u00ebve<\/td><td>2<\/td><td>2<\/td><td>5<\/td><\/tr><tr><td>5.<\/td><td>O<\/td><td>Administrim dhe menaxhim toke<\/td><td>2<\/td><td>2<\/td><td>4<\/td><\/tr><tr><td>6.<\/td><td>Z<\/td><td>Degradimi i tok\u00ebs<\/td><td>2<\/td><td>1<\/td><td>4<\/td><\/tr><tr><td><strong>7.<\/strong><\/td><td>Z<\/td><td>Erozioni dhe mbrojtja e tok\u00ebs<\/td><td>2<\/td><td>1<\/td><td>4<\/td><\/tr><tr><td colspan=\"6\">Viti III<\/td><\/tr><tr><td colspan=\"3\">Semestri VI<\/td><td colspan=\"3\">Or\u00eb\/jav\u00eb<\/td><\/tr><tr><td>Nr.<\/td><td>O\/Z<\/td><td>L\u00ebnd\u00ebt<\/td><td>L<\/td><td>U<\/td><td>ECTS<\/td><\/tr><tr><td>1.<\/td><td>O<\/td><td>Teknologjia e kultivimit<\/td><td>2<\/td><td>2<\/td><td>5<\/td><\/tr><tr><td>2.<\/td><td>O<\/td><td>Trajtimi i tok\u00ebs dhe mbetjeve<\/td><td>2<\/td><td>2<\/td><td>5<\/td><\/tr><tr><td>3.<\/td><td>O<\/td><td>Ekologjia e resurseve natyrore<\/td><td>2<\/td><td>2<\/td><td>5<\/td><\/tr><tr><td>4.<\/td><td>O<\/td><td>Teknologjia e pasvjelj\u00ebs<\/td><td>2<\/td><td>2<\/td><td>4<\/td><\/tr><tr><td>5.<\/td><td>Z<\/td><td>Bim\u00ebt e arave<\/td><td>2<\/td><td>1<\/td><td>4<\/td><\/tr><tr><td>6.<\/td><td>Z<\/td><td>Burimet e energjis\u00eb alternative<\/td><td>2<\/td><td>1<\/td><td>4<\/td><\/tr><tr><td>7.<\/td><td>Z<\/td><td>Bim\u00eb aromatike<\/td><td>2<\/td><td>1<\/td><td>4<\/td><\/tr><tr><td>8.<\/td><td>O<\/td><td>Punim diplome<\/td><td>&nbsp;<\/td><td>6<\/td><td>6<\/td><\/tr><\/tbody><\/table><\/figure>\n","protected":false},"excerpt":{"rendered":"<p>PROGRAMI I STUDIMIT&nbsp; \u2013 BACHELOR \u2013 AGROMJEDIS DHE AGROEKOLOGJI 2019-2022 Viti I Semestri I Or\u00eb\/jav\u00eb 1.&nbsp;&nbsp;&nbsp; 1. O &nbsp;Kimi e p\u00ebrgjithshme dhe inorganike 3 2 6 2.&nbsp;&nbsp;&nbsp; 2. O Botanik\u00eb&hellip;<\/p>\n","protected":false},"author":1,"featured_media":0,"parent":0,"menu_order":0,"comment_status":"closed","ping_status":"closed","template":"","meta":{"footnotes":""},"class_list":["post-48618","page","type-page","status-publish","hentry"],"yoast_head":"<!-- This site is optimized with the Yoast SEO Premium plugin v27.2 (Yoast SEO v27.2) - https:\/\/yoast.com\/product\/yoast-seo-premium-wordpress\/ -->\n<title>AGROMJEDIS DHE AGROEKOLOGJI 2019-2022 - Fakulteti i Agrobiznesit<\/title>\n<meta name=\"description\" content=\"Shiko kurrikul\u00ebn e programit t\u00eb studimit Agromjedis dhe Agroekologji p\u00ebr periudh\u00ebn 2019\u20112022 n\u00eb Fakultetin e Agrobiznesit t\u00eb Universitetit \u201cHaxhi Zeka\u201d, me detaje l\u00ebnd\u00ebsh sipas viteve.\" \/>\n<meta name=\"robots\" content=\"index, follow, max-snippet:-1, max-image-preview:large, max-video-preview:-1\" \/>\n<link rel=\"canonical\" href=\"https:\/\/unhz.eu\/fakulteti-i-agrobiznesit\/agromjedis-dhe-agroekologji-2019-2022\/\" \/>\n<meta property=\"og:locale\" content=\"sq_AL\" \/>\n<meta property=\"og:type\" content=\"article\" \/>\n<meta property=\"og:title\" content=\"AGROMJEDIS DHE AGROEKOLOGJI 2019-2022\" \/>\n<meta property=\"og:description\" content=\"Shiko kurrikul\u00ebn e programit t\u00eb studimit Agromjedis dhe Agroekologji p\u00ebr periudh\u00ebn 2019\u20112022 n\u00eb Fakultetin e Agrobiznesit t\u00eb Universitetit \u201cHaxhi Zeka\u201d, me detaje l\u00ebnd\u00ebsh sipas viteve.\" \/>\n<meta property=\"og:url\" content=\"https:\/\/unhz.eu\/fakulteti-i-agrobiznesit\/agromjedis-dhe-agroekologji-2019-2022\/\" \/>\n<meta property=\"og:site_name\" content=\"Fakulteti i Agrobiznesit\" \/>\n<meta property=\"article:modified_time\" content=\"2026-02-03T12:37:38+00:00\" \/>\n<meta name=\"twitter:card\" content=\"summary_large_image\" \/>\n<meta name=\"twitter:label1\" content=\"Est. reading time\" \/>\n\t<meta name=\"twitter:data1\" content=\"3 minuta\" \/>\n<script type=\"application\/ld+json\" class=\"yoast-schema-graph\">{\"@context\":\"https:\/\/schema.org\",\"@graph\":[{\"@type\":\"WebPage\",\"@id\":\"https:\/\/unhz.eu\/fakulteti-i-agrobiznesit\/agromjedis-dhe-agroekologji-2019-2022\/\",\"url\":\"https:\/\/unhz.eu\/fakulteti-i-agrobiznesit\/agromjedis-dhe-agroekologji-2019-2022\/\",\"name\":\"AGROMJEDIS DHE AGROEKOLOGJI 2019-2022 - Fakulteti i Agrobiznesit\",\"isPartOf\":{\"@id\":\"https:\/\/unhz.eu\/fakulteti-i-agrobiznesit\/#website\"},\"datePublished\":\"2025-01-21T08:44:51+00:00\",\"dateModified\":\"2026-02-03T12:37:38+00:00\",\"description\":\"Shiko kurrikul\u00ebn e programit t\u00eb studimit Agromjedis dhe Agroekologji p\u00ebr periudh\u00ebn 2019\u20112022 n\u00eb Fakultetin e Agrobiznesit t\u00eb Universitetit \u201cHaxhi Zeka\u201d, me detaje l\u00ebnd\u00ebsh sipas viteve.\",\"breadcrumb\":{\"@id\":\"https:\/\/unhz.eu\/fakulteti-i-agrobiznesit\/agromjedis-dhe-agroekologji-2019-2022\/#breadcrumb\"},\"inLanguage\":\"sq\",\"potentialAction\":[{\"@type\":\"ReadAction\",\"target\":[\"https:\/\/unhz.eu\/fakulteti-i-agrobiznesit\/agromjedis-dhe-agroekologji-2019-2022\/\"]}]},{\"@type\":\"BreadcrumbList\",\"@id\":\"https:\/\/unhz.eu\/fakulteti-i-agrobiznesit\/agromjedis-dhe-agroekologji-2019-2022\/#breadcrumb\",\"itemListElement\":[{\"@type\":\"ListItem\",\"position\":1,\"name\":\"Home\",\"item\":\"https:\/\/unhz.eu\/fakulteti-i-agrobiznesit\/\"},{\"@type\":\"ListItem\",\"position\":2,\"name\":\"AGROMJEDIS DHE AGROEKOLOGJI 2019-2022\"}]},{\"@type\":\"WebSite\",\"@id\":\"https:\/\/unhz.eu\/fakulteti-i-agrobiznesit\/#website\",\"url\":\"https:\/\/unhz.eu\/fakulteti-i-agrobiznesit\/\",\"name\":\"Fakulteti i Agrobiznesit\",\"description\":\"I dedikuar p\u00ebr cil\u00ebsi standarde dhe suksese\",\"publisher\":{\"@id\":\"https:\/\/unhz.eu\/fakulteti-i-agrobiznesit\/#organization\"},\"potentialAction\":[{\"@type\":\"SearchAction\",\"target\":{\"@type\":\"EntryPoint\",\"urlTemplate\":\"https:\/\/unhz.eu\/fakulteti-i-agrobiznesit\/?s={search_term_string}\"},\"query-input\":{\"@type\":\"PropertyValueSpecification\",\"valueRequired\":true,\"valueName\":\"search_term_string\"}}],\"inLanguage\":\"sq\"},{\"@type\":\"Organization\",\"@id\":\"https:\/\/unhz.eu\/fakulteti-i-agrobiznesit\/#organization\",\"name\":\"Fakulteti i Agrobiznesit\",\"url\":\"https:\/\/unhz.eu\/fakulteti-i-agrobiznesit\/\",\"logo\":{\"@type\":\"ImageObject\",\"inLanguage\":\"sq\",\"@id\":\"https:\/\/unhz.eu\/fakulteti-i-agrobiznesit\/#\/schema\/logo\/image\/\",\"url\":\"https:\/\/unhz.eu\/fakulteti-i-agrobiznesit\/wp-content\/uploads\/sites\/11\/2024\/02\/cropped-logo-1-1-e1713527702695.png\",\"contentUrl\":\"https:\/\/unhz.eu\/fakulteti-i-agrobiznesit\/wp-content\/uploads\/sites\/11\/2024\/02\/cropped-logo-1-1-e1713527702695.png\",\"width\":100,\"height\":100,\"caption\":\"Fakulteti i Agrobiznesit\"},\"image\":{\"@id\":\"https:\/\/unhz.eu\/fakulteti-i-agrobiznesit\/#\/schema\/logo\/image\/\"}}]}<\/script>\n<!-- \/ Yoast SEO Premium plugin. -->","yoast_head_json":{"title":"AGROMJEDIS DHE AGROEKOLOGJI 2019-2022 - Fakulteti i Agrobiznesit","description":"Shiko kurrikul\u00ebn e programit t\u00eb studimit Agromjedis dhe Agroekologji p\u00ebr periudh\u00ebn 2019\u20112022 n\u00eb Fakultetin e Agrobiznesit t\u00eb Universitetit \u201cHaxhi Zeka\u201d, me detaje l\u00ebnd\u00ebsh sipas viteve.","robots":{"index":"index","follow":"follow","max-snippet":"max-snippet:-1","max-image-preview":"max-image-preview:large","max-video-preview":"max-video-preview:-1"},"canonical":"https:\/\/unhz.eu\/fakulteti-i-agrobiznesit\/agromjedis-dhe-agroekologji-2019-2022\/","og_locale":"sq_AL","og_type":"article","og_title":"AGROMJEDIS DHE AGROEKOLOGJI 2019-2022","og_description":"Shiko kurrikul\u00ebn e programit t\u00eb studimit Agromjedis dhe Agroekologji p\u00ebr periudh\u00ebn 2019\u20112022 n\u00eb Fakultetin e Agrobiznesit t\u00eb Universitetit \u201cHaxhi Zeka\u201d, me detaje l\u00ebnd\u00ebsh sipas viteve.","og_url":"https:\/\/unhz.eu\/fakulteti-i-agrobiznesit\/agromjedis-dhe-agroekologji-2019-2022\/","og_site_name":"Fakulteti i Agrobiznesit","article_modified_time":"2026-02-03T12:37:38+00:00","twitter_card":"summary_large_image","twitter_misc":{"Est. reading time":"3 minuta"},"schema":{"@context":"https:\/\/schema.org","@graph":[{"@type":"WebPage","@id":"https:\/\/unhz.eu\/fakulteti-i-agrobiznesit\/agromjedis-dhe-agroekologji-2019-2022\/","url":"https:\/\/unhz.eu\/fakulteti-i-agrobiznesit\/agromjedis-dhe-agroekologji-2019-2022\/","name":"AGROMJEDIS DHE AGROEKOLOGJI 2019-2022 - Fakulteti i Agrobiznesit","isPartOf":{"@id":"https:\/\/unhz.eu\/fakulteti-i-agrobiznesit\/#website"},"datePublished":"2025-01-21T08:44:51+00:00","dateModified":"2026-02-03T12:37:38+00:00","description":"Shiko kurrikul\u00ebn e programit t\u00eb studimit Agromjedis dhe Agroekologji p\u00ebr periudh\u00ebn 2019\u20112022 n\u00eb Fakultetin e Agrobiznesit t\u00eb Universitetit \u201cHaxhi Zeka\u201d, me detaje l\u00ebnd\u00ebsh sipas viteve.","breadcrumb":{"@id":"https:\/\/unhz.eu\/fakulteti-i-agrobiznesit\/agromjedis-dhe-agroekologji-2019-2022\/#breadcrumb"},"inLanguage":"sq","potentialAction":[{"@type":"ReadAction","target":["https:\/\/unhz.eu\/fakulteti-i-agrobiznesit\/agromjedis-dhe-agroekologji-2019-2022\/"]}]},{"@type":"BreadcrumbList","@id":"https:\/\/unhz.eu\/fakulteti-i-agrobiznesit\/agromjedis-dhe-agroekologji-2019-2022\/#breadcrumb","itemListElement":[{"@type":"ListItem","position":1,"name":"Home","item":"https:\/\/unhz.eu\/fakulteti-i-agrobiznesit\/"},{"@type":"ListItem","position":2,"name":"AGROMJEDIS DHE AGROEKOLOGJI 2019-2022"}]},{"@type":"WebSite","@id":"https:\/\/unhz.eu\/fakulteti-i-agrobiznesit\/#website","url":"https:\/\/unhz.eu\/fakulteti-i-agrobiznesit\/","name":"Fakulteti i Agrobiznesit","description":"I dedikuar p\u00ebr cil\u00ebsi standarde dhe suksese","publisher":{"@id":"https:\/\/unhz.eu\/fakulteti-i-agrobiznesit\/#organization"},"potentialAction":[{"@type":"SearchAction","target":{"@type":"EntryPoint","urlTemplate":"https:\/\/unhz.eu\/fakulteti-i-agrobiznesit\/?s={search_term_string}"},"query-input":{"@type":"PropertyValueSpecification","valueRequired":true,"valueName":"search_term_string"}}],"inLanguage":"sq"},{"@type":"Organization","@id":"https:\/\/unhz.eu\/fakulteti-i-agrobiznesit\/#organization","name":"Fakulteti i Agrobiznesit","url":"https:\/\/unhz.eu\/fakulteti-i-agrobiznesit\/","logo":{"@type":"ImageObject","inLanguage":"sq","@id":"https:\/\/unhz.eu\/fakulteti-i-agrobiznesit\/#\/schema\/logo\/image\/","url":"https:\/\/unhz.eu\/fakulteti-i-agrobiznesit\/wp-content\/uploads\/sites\/11\/2024\/02\/cropped-logo-1-1-e1713527702695.png","contentUrl":"https:\/\/unhz.eu\/fakulteti-i-agrobiznesit\/wp-content\/uploads\/sites\/11\/2024\/02\/cropped-logo-1-1-e1713527702695.png","width":100,"height":100,"caption":"Fakulteti i Agrobiznesit"},"image":{"@id":"https:\/\/unhz.eu\/fakulteti-i-agrobiznesit\/#\/schema\/logo\/image\/"}}]}},"_links":{"self":[{"href":"https:\/\/unhz.eu\/fakulteti-i-agrobiznesit\/wp-json\/wp\/v2\/pages\/48618","targetHints":{"allow":["GET"]}}],"collection":[{"href":"https:\/\/unhz.eu\/fakulteti-i-agrobiznesit\/wp-json\/wp\/v2\/pages"}],"about":[{"href":"https:\/\/unhz.eu\/fakulteti-i-agrobiznesit\/wp-json\/wp\/v2\/types\/page"}],"author":[{"embeddable":true,"href":"https:\/\/unhz.eu\/fakulteti-i-agrobiznesit\/wp-json\/wp\/v2\/users\/1"}],"replies":[{"embeddable":true,"href":"https:\/\/unhz.eu\/fakulteti-i-agrobiznesit\/wp-json\/wp\/v2\/comments?post=48618"}],"version-history":[{"count":1,"href":"https:\/\/unhz.eu\/fakulteti-i-agrobiznesit\/wp-json\/wp\/v2\/pages\/48618\/revisions"}],"predecessor-version":[{"id":49491,"href":"https:\/\/unhz.eu\/fakulteti-i-agrobiznesit\/wp-json\/wp\/v2\/pages\/48618\/revisions\/49491"}],"wp:attachment":[{"href":"https:\/\/unhz.eu\/fakulteti-i-agrobiznesit\/wp-json\/wp\/v2\/media?parent=48618"}],"curies":[{"name":"wp","href":"https:\/\/api.w.org\/{rel}","templated":true}]}}