{"id":22361,"date":"2024-04-25T09:49:48","date_gmt":"2024-04-25T09:49:48","guid":{"rendered":"https:\/\/unhz.eu\/fakulteti-i-agrobiznesit\/?page_id=22361"},"modified":"2026-02-06T12:49:42","modified_gmt":"2026-02-06T12:49:42","slug":"trupat-keshilldhenese-te-fakultetit-te-biznesit","status":"publish","type":"page","link":"https:\/\/unhz.eu\/fakulteti-i-agrobiznesit\/trupat-keshilldhenese-te-fakultetit-te-biznesit\/","title":{"rendered":"Trupat k\u00ebshilldh\u00ebn\u00ebse t\u00eb Fakultetit t\u00eb Biznesit"},"content":{"rendered":"\t\t<div data-elementor-type=\"wp-page\" data-elementor-id=\"22361\" class=\"elementor elementor-22361\" data-elementor-post-type=\"page\">\n\t\t\t\t\t\t<section class=\"elementor-section elementor-top-section elementor-element elementor-element-6a1dee3 elementor-section-boxed elementor-section-height-default elementor-section-height-default sc_fly_static\" data-id=\"6a1dee3\" data-element_type=\"section\" data-e-type=\"section\">\n\t\t\t\t\t\t<div class=\"elementor-container elementor-column-gap-extended\">\n\t\t\t\t\t<div class=\"elementor-column elementor-col-100 elementor-top-column elementor-element elementor-element-0ffb127 sc_content_align_inherit sc_layouts_column_icons_position_left sc_fly_static\" data-id=\"0ffb127\" data-element_type=\"column\" data-e-type=\"column\">\n\t\t\t<div class=\"elementor-widget-wrap elementor-element-populated\">\n\t\t\t\t\t\t<div class=\"elementor-element elementor-element-c0163b5 sc_fly_static elementor-widget elementor-widget-spacer\" data-id=\"c0163b5\" data-element_type=\"widget\" data-e-type=\"widget\" data-widget_type=\"spacer.default\">\n\t\t\t\t<div class=\"elementor-widget-container\">\n\t\t\t\t\t\t\t<div class=\"elementor-spacer\">\n\t\t\t<div class=\"elementor-spacer-inner\"><\/div>\n\t\t<\/div>\n\t\t\t\t\t\t<\/div>\n\t\t\t\t<\/div>\n\t\t\t\t\t<\/div>\n\t\t<\/div>\n\t\t\t\t\t<\/div>\n\t\t<\/section>\n\t\t\t\t<\/div>\n\t\t","protected":false},"excerpt":{"rendered":"<p>BUJAR MORINA Read more Shefqet Dervishaj Read more TOMORR AVDYLI Read more Arsim Selmonmusaj Read more ADRIAN BUNJAKU Read more SAMI LLESHI Read more SHEFQET AVDIU Read more<\/p>\n","protected":false},"author":1,"featured_media":0,"parent":0,"menu_order":0,"comment_status":"closed","ping_status":"closed","template":"","meta":{"footnotes":""},"class_list":["post-22361","page","type-page","status-publish","hentry"],"yoast_head":"<!-- This site is optimized with the Yoast SEO Premium plugin v27.2 (Yoast SEO v27.2) - https:\/\/yoast.com\/product\/yoast-seo-premium-wordpress\/ -->\n<title>Trupat K\u00ebshilldh\u00ebn\u00ebse \u2013 Fakulteti i Agrobiznesit | UNHZ<\/title>\n<meta name=\"description\" content=\"Zbuloni trupat k\u00ebshilldh\u00ebn\u00ebse t\u00eb Fakultetit t\u00eb Agrobiznesit n\u00eb UNHZ \u2014 grupe ekspert\u00ebsh dhe partner\u00ebsh q\u00eb ofrojn\u00eb k\u00ebshilla strategjike dhe mb\u00ebshtetje p\u00ebr zhvillimin akademik dhe bashk\u00ebpunimin me industrin\u00eb.\" \/>\n<meta name=\"robots\" content=\"index, follow, max-snippet:-1, max-image-preview:large, max-video-preview:-1\" \/>\n<link rel=\"canonical\" href=\"https:\/\/unhz.eu\/fakulteti-i-agrobiznesit\/trupat-keshilldhenese-te-fakultetit-te-biznesit\/\" \/>\n<meta property=\"og:locale\" content=\"sq_AL\" \/>\n<meta property=\"og:type\" content=\"article\" \/>\n<meta property=\"og:title\" content=\"Trupat k\u00ebshilldh\u00ebn\u00ebse t\u00eb Fakultetit t\u00eb Biznesit\" \/>\n<meta property=\"og:description\" content=\"Zbuloni trupat k\u00ebshilldh\u00ebn\u00ebse t\u00eb Fakultetit t\u00eb Agrobiznesit n\u00eb UNHZ \u2014 grupe ekspert\u00ebsh dhe partner\u00ebsh q\u00eb ofrojn\u00eb k\u00ebshilla strategjike dhe mb\u00ebshtetje p\u00ebr zhvillimin akademik dhe bashk\u00ebpunimin me industrin\u00eb.\" \/>\n<meta property=\"og:url\" content=\"https:\/\/unhz.eu\/fakulteti-i-agrobiznesit\/trupat-keshilldhenese-te-fakultetit-te-biznesit\/\" \/>\n<meta property=\"og:site_name\" content=\"Fakulteti i Agrobiznesit\" \/>\n<meta property=\"article:modified_time\" content=\"2026-02-06T12:49:42+00:00\" \/>\n<meta property=\"og:image\" content=\"https:\/\/unhz.eu\/fakulteti-i-agrobiznesit\/wp-content\/uploads\/sites\/11\/2024\/04\/no-img.png\" \/>\n<meta name=\"twitter:card\" content=\"summary_large_image\" \/>\n<meta name=\"twitter:label1\" content=\"Est. reading time\" \/>\n\t<meta name=\"twitter:data1\" content=\"2 minuta\" \/>\n<script type=\"application\/ld+json\" class=\"yoast-schema-graph\">{\"@context\":\"https:\/\/schema.org\",\"@graph\":[{\"@type\":\"WebPage\",\"@id\":\"https:\/\/unhz.eu\/fakulteti-i-agrobiznesit\/trupat-keshilldhenese-te-fakultetit-te-biznesit\/\",\"url\":\"https:\/\/unhz.eu\/fakulteti-i-agrobiznesit\/trupat-keshilldhenese-te-fakultetit-te-biznesit\/\",\"name\":\"Trupat K\u00ebshilldh\u00ebn\u00ebse \u2013 Fakulteti i Agrobiznesit | UNHZ\",\"isPartOf\":{\"@id\":\"https:\/\/unhz.eu\/fakulteti-i-agrobiznesit\/#website\"},\"primaryImageOfPage\":{\"@id\":\"https:\/\/unhz.eu\/fakulteti-i-agrobiznesit\/trupat-keshilldhenese-te-fakultetit-te-biznesit\/#primaryimage\"},\"image\":{\"@id\":\"https:\/\/unhz.eu\/fakulteti-i-agrobiznesit\/trupat-keshilldhenese-te-fakultetit-te-biznesit\/#primaryimage\"},\"thumbnailUrl\":\"https:\/\/unhz.eu\/fakulteti-i-agrobiznesit\/wp-content\/uploads\/sites\/11\/2024\/04\/no-img.png\",\"datePublished\":\"2024-04-25T09:49:48+00:00\",\"dateModified\":\"2026-02-06T12:49:42+00:00\",\"description\":\"Zbuloni trupat k\u00ebshilldh\u00ebn\u00ebse t\u00eb Fakultetit t\u00eb Agrobiznesit n\u00eb UNHZ \u2014 grupe ekspert\u00ebsh dhe partner\u00ebsh q\u00eb ofrojn\u00eb k\u00ebshilla strategjike dhe mb\u00ebshtetje p\u00ebr zhvillimin akademik dhe bashk\u00ebpunimin me industrin\u00eb.\",\"breadcrumb\":{\"@id\":\"https:\/\/unhz.eu\/fakulteti-i-agrobiznesit\/trupat-keshilldhenese-te-fakultetit-te-biznesit\/#breadcrumb\"},\"inLanguage\":\"sq\",\"potentialAction\":[{\"@type\":\"ReadAction\",\"target\":[\"https:\/\/unhz.eu\/fakulteti-i-agrobiznesit\/trupat-keshilldhenese-te-fakultetit-te-biznesit\/\"]}]},{\"@type\":\"ImageObject\",\"inLanguage\":\"sq\",\"@id\":\"https:\/\/unhz.eu\/fakulteti-i-agrobiznesit\/trupat-keshilldhenese-te-fakultetit-te-biznesit\/#primaryimage\",\"url\":\"https:\/\/unhz.eu\/fakulteti-i-agrobiznesit\/wp-content\/uploads\/sites\/11\/2024\/04\/no-img.png\",\"contentUrl\":\"https:\/\/unhz.eu\/fakulteti-i-agrobiznesit\/wp-content\/uploads\/sites\/11\/2024\/04\/no-img.png\",\"width\":390,\"height\":476},{\"@type\":\"BreadcrumbList\",\"@id\":\"https:\/\/unhz.eu\/fakulteti-i-agrobiznesit\/trupat-keshilldhenese-te-fakultetit-te-biznesit\/#breadcrumb\",\"itemListElement\":[{\"@type\":\"ListItem\",\"position\":1,\"name\":\"Home\",\"item\":\"https:\/\/unhz.eu\/fakulteti-i-agrobiznesit\/\"},{\"@type\":\"ListItem\",\"position\":2,\"name\":\"Trupat k\u00ebshilldh\u00ebn\u00ebse t\u00eb Fakultetit t\u00eb Biznesit\"}]},{\"@type\":\"WebSite\",\"@id\":\"https:\/\/unhz.eu\/fakulteti-i-agrobiznesit\/#website\",\"url\":\"https:\/\/unhz.eu\/fakulteti-i-agrobiznesit\/\",\"name\":\"Fakulteti i Agrobiznesit\",\"description\":\"I dedikuar p\u00ebr cil\u00ebsi standarde dhe suksese\",\"publisher\":{\"@id\":\"https:\/\/unhz.eu\/fakulteti-i-agrobiznesit\/#organization\"},\"potentialAction\":[{\"@type\":\"SearchAction\",\"target\":{\"@type\":\"EntryPoint\",\"urlTemplate\":\"https:\/\/unhz.eu\/fakulteti-i-agrobiznesit\/?s={search_term_string}\"},\"query-input\":{\"@type\":\"PropertyValueSpecification\",\"valueRequired\":true,\"valueName\":\"search_term_string\"}}],\"inLanguage\":\"sq\"},{\"@type\":\"Organization\",\"@id\":\"https:\/\/unhz.eu\/fakulteti-i-agrobiznesit\/#organization\",\"name\":\"Fakulteti i Agrobiznesit\",\"url\":\"https:\/\/unhz.eu\/fakulteti-i-agrobiznesit\/\",\"logo\":{\"@type\":\"ImageObject\",\"inLanguage\":\"sq\",\"@id\":\"https:\/\/unhz.eu\/fakulteti-i-agrobiznesit\/#\/schema\/logo\/image\/\",\"url\":\"https:\/\/unhz.eu\/fakulteti-i-agrobiznesit\/wp-content\/uploads\/sites\/11\/2024\/02\/cropped-logo-1-1-e1713527702695.png\",\"contentUrl\":\"https:\/\/unhz.eu\/fakulteti-i-agrobiznesit\/wp-content\/uploads\/sites\/11\/2024\/02\/cropped-logo-1-1-e1713527702695.png\",\"width\":100,\"height\":100,\"caption\":\"Fakulteti i Agrobiznesit\"},\"image\":{\"@id\":\"https:\/\/unhz.eu\/fakulteti-i-agrobiznesit\/#\/schema\/logo\/image\/\"}}]}<\/script>\n<!-- \/ Yoast SEO Premium plugin. -->","yoast_head_json":{"title":"Trupat K\u00ebshilldh\u00ebn\u00ebse \u2013 Fakulteti i Agrobiznesit | UNHZ","description":"Zbuloni trupat k\u00ebshilldh\u00ebn\u00ebse t\u00eb Fakultetit t\u00eb Agrobiznesit n\u00eb UNHZ \u2014 grupe ekspert\u00ebsh dhe partner\u00ebsh q\u00eb ofrojn\u00eb k\u00ebshilla strategjike dhe mb\u00ebshtetje p\u00ebr zhvillimin akademik dhe bashk\u00ebpunimin me industrin\u00eb.","robots":{"index":"index","follow":"follow","max-snippet":"max-snippet:-1","max-image-preview":"max-image-preview:large","max-video-preview":"max-video-preview:-1"},"canonical":"https:\/\/unhz.eu\/fakulteti-i-agrobiznesit\/trupat-keshilldhenese-te-fakultetit-te-biznesit\/","og_locale":"sq_AL","og_type":"article","og_title":"Trupat k\u00ebshilldh\u00ebn\u00ebse t\u00eb Fakultetit t\u00eb Biznesit","og_description":"Zbuloni trupat k\u00ebshilldh\u00ebn\u00ebse t\u00eb Fakultetit t\u00eb Agrobiznesit n\u00eb UNHZ \u2014 grupe ekspert\u00ebsh dhe partner\u00ebsh q\u00eb ofrojn\u00eb k\u00ebshilla strategjike dhe mb\u00ebshtetje p\u00ebr zhvillimin akademik dhe bashk\u00ebpunimin me industrin\u00eb.","og_url":"https:\/\/unhz.eu\/fakulteti-i-agrobiznesit\/trupat-keshilldhenese-te-fakultetit-te-biznesit\/","og_site_name":"Fakulteti i Agrobiznesit","article_modified_time":"2026-02-06T12:49:42+00:00","og_image":[{"url":"https:\/\/unhz.eu\/fakulteti-i-agrobiznesit\/wp-content\/uploads\/sites\/11\/2024\/04\/no-img.png","type":"","width":"","height":""}],"twitter_card":"summary_large_image","twitter_misc":{"Est. reading time":"2 minuta"},"schema":{"@context":"https:\/\/schema.org","@graph":[{"@type":"WebPage","@id":"https:\/\/unhz.eu\/fakulteti-i-agrobiznesit\/trupat-keshilldhenese-te-fakultetit-te-biznesit\/","url":"https:\/\/unhz.eu\/fakulteti-i-agrobiznesit\/trupat-keshilldhenese-te-fakultetit-te-biznesit\/","name":"Trupat K\u00ebshilldh\u00ebn\u00ebse \u2013 Fakulteti i Agrobiznesit | UNHZ","isPartOf":{"@id":"https:\/\/unhz.eu\/fakulteti-i-agrobiznesit\/#website"},"primaryImageOfPage":{"@id":"https:\/\/unhz.eu\/fakulteti-i-agrobiznesit\/trupat-keshilldhenese-te-fakultetit-te-biznesit\/#primaryimage"},"image":{"@id":"https:\/\/unhz.eu\/fakulteti-i-agrobiznesit\/trupat-keshilldhenese-te-fakultetit-te-biznesit\/#primaryimage"},"thumbnailUrl":"https:\/\/unhz.eu\/fakulteti-i-agrobiznesit\/wp-content\/uploads\/sites\/11\/2024\/04\/no-img.png","datePublished":"2024-04-25T09:49:48+00:00","dateModified":"2026-02-06T12:49:42+00:00","description":"Zbuloni trupat k\u00ebshilldh\u00ebn\u00ebse t\u00eb Fakultetit t\u00eb Agrobiznesit n\u00eb UNHZ \u2014 grupe ekspert\u00ebsh dhe partner\u00ebsh q\u00eb ofrojn\u00eb k\u00ebshilla strategjike dhe mb\u00ebshtetje p\u00ebr zhvillimin akademik dhe bashk\u00ebpunimin me industrin\u00eb.","breadcrumb":{"@id":"https:\/\/unhz.eu\/fakulteti-i-agrobiznesit\/trupat-keshilldhenese-te-fakultetit-te-biznesit\/#breadcrumb"},"inLanguage":"sq","potentialAction":[{"@type":"ReadAction","target":["https:\/\/unhz.eu\/fakulteti-i-agrobiznesit\/trupat-keshilldhenese-te-fakultetit-te-biznesit\/"]}]},{"@type":"ImageObject","inLanguage":"sq","@id":"https:\/\/unhz.eu\/fakulteti-i-agrobiznesit\/trupat-keshilldhenese-te-fakultetit-te-biznesit\/#primaryimage","url":"https:\/\/unhz.eu\/fakulteti-i-agrobiznesit\/wp-content\/uploads\/sites\/11\/2024\/04\/no-img.png","contentUrl":"https:\/\/unhz.eu\/fakulteti-i-agrobiznesit\/wp-content\/uploads\/sites\/11\/2024\/04\/no-img.png","width":390,"height":476},{"@type":"BreadcrumbList","@id":"https:\/\/unhz.eu\/fakulteti-i-agrobiznesit\/trupat-keshilldhenese-te-fakultetit-te-biznesit\/#breadcrumb","itemListElement":[{"@type":"ListItem","position":1,"name":"Home","item":"https:\/\/unhz.eu\/fakulteti-i-agrobiznesit\/"},{"@type":"ListItem","position":2,"name":"Trupat k\u00ebshilldh\u00ebn\u00ebse t\u00eb Fakultetit t\u00eb Biznesit"}]},{"@type":"WebSite","@id":"https:\/\/unhz.eu\/fakulteti-i-agrobiznesit\/#website","url":"https:\/\/unhz.eu\/fakulteti-i-agrobiznesit\/","name":"Fakulteti i Agrobiznesit","description":"I dedikuar p\u00ebr cil\u00ebsi standarde dhe suksese","publisher":{"@id":"https:\/\/unhz.eu\/fakulteti-i-agrobiznesit\/#organization"},"potentialAction":[{"@type":"SearchAction","target":{"@type":"EntryPoint","urlTemplate":"https:\/\/unhz.eu\/fakulteti-i-agrobiznesit\/?s={search_term_string}"},"query-input":{"@type":"PropertyValueSpecification","valueRequired":true,"valueName":"search_term_string"}}],"inLanguage":"sq"},{"@type":"Organization","@id":"https:\/\/unhz.eu\/fakulteti-i-agrobiznesit\/#organization","name":"Fakulteti i Agrobiznesit","url":"https:\/\/unhz.eu\/fakulteti-i-agrobiznesit\/","logo":{"@type":"ImageObject","inLanguage":"sq","@id":"https:\/\/unhz.eu\/fakulteti-i-agrobiznesit\/#\/schema\/logo\/image\/","url":"https:\/\/unhz.eu\/fakulteti-i-agrobiznesit\/wp-content\/uploads\/sites\/11\/2024\/02\/cropped-logo-1-1-e1713527702695.png","contentUrl":"https:\/\/unhz.eu\/fakulteti-i-agrobiznesit\/wp-content\/uploads\/sites\/11\/2024\/02\/cropped-logo-1-1-e1713527702695.png","width":100,"height":100,"caption":"Fakulteti i Agrobiznesit"},"image":{"@id":"https:\/\/unhz.eu\/fakulteti-i-agrobiznesit\/#\/schema\/logo\/image\/"}}]}},"_links":{"self":[{"href":"https:\/\/unhz.eu\/fakulteti-i-agrobiznesit\/wp-json\/wp\/v2\/pages\/22361","targetHints":{"allow":["GET"]}}],"collection":[{"href":"https:\/\/unhz.eu\/fakulteti-i-agrobiznesit\/wp-json\/wp\/v2\/pages"}],"about":[{"href":"https:\/\/unhz.eu\/fakulteti-i-agrobiznesit\/wp-json\/wp\/v2\/types\/page"}],"author":[{"embeddable":true,"href":"https:\/\/unhz.eu\/fakulteti-i-agrobiznesit\/wp-json\/wp\/v2\/users\/1"}],"replies":[{"embeddable":true,"href":"https:\/\/unhz.eu\/fakulteti-i-agrobiznesit\/wp-json\/wp\/v2\/comments?post=22361"}],"version-history":[{"count":1,"href":"https:\/\/unhz.eu\/fakulteti-i-agrobiznesit\/wp-json\/wp\/v2\/pages\/22361\/revisions"}],"predecessor-version":[{"id":49558,"href":"https:\/\/unhz.eu\/fakulteti-i-agrobiznesit\/wp-json\/wp\/v2\/pages\/22361\/revisions\/49558"}],"wp:attachment":[{"href":"https:\/\/unhz.eu\/fakulteti-i-agrobiznesit\/wp-json\/wp\/v2\/media?parent=22361"}],"curies":[{"name":"wp","href":"https:\/\/api.w.org\/{rel}","templated":true}]}}