{"id":49331,"date":"2025-12-02T07:46:53","date_gmt":"2025-12-02T07:46:53","guid":{"rendered":"https:\/\/unhz.eu\/fakulteti-i-agrobiznesit\/?page_id=49331"},"modified":"2026-02-19T08:23:51","modified_gmt":"2026-02-19T08:23:51","slug":"dokumente","status":"publish","type":"page","link":"https:\/\/unhz.eu\/fakulteti-i-agrobiznesit\/en\/dokumente\/","title":{"rendered":"Documents"},"content":{"rendered":"<div class=\"wp-block-file\"><a id=\"wp-block-file--media-618befe6-89f8-4aa6-8637-f61045639be8\" href=\"https:\/\/unhz.eu\/fakulteti-i-agrobiznesit\/wp-content\/uploads\/sites\/11\/2025\/12\/Regjistrimi-i-studenteve.pdf\">Student registration<\/a><a href=\"https:\/\/unhz.eu\/fakulteti-i-agrobiznesit\/wp-content\/uploads\/sites\/11\/2025\/12\/Regjistrimi-i-studenteve.pdf\" class=\"wp-block-file__button wp-element-button\" download aria-describedby=\"wp-block-file--media-618befe6-89f8-4aa6-8637-f61045639be8\">Download<\/a><\/div>\n\n\n\n<div class=\"wp-block-file\"><a id=\"wp-block-file--media-6cd0b952-c238-4ec8-a352-8c8c610129d3\" href=\"https:\/\/unhz.eu\/fakulteti-i-agrobiznesit\/wp-content\/uploads\/sites\/11\/2025\/12\/Sherbimet-dhe-lehtesite-e-disponueshme-per-studentetOpsionet-e-bursave.pdf\">Sh\u00ebrbimet dhe leht\u00ebsit\u00eb e disponueshme p\u00ebr student\u00ebt&amp;Opsionet e bursave<\/a><a href=\"https:\/\/unhz.eu\/fakulteti-i-agrobiznesit\/wp-content\/uploads\/sites\/11\/2025\/12\/Sherbimet-dhe-lehtesite-e-disponueshme-per-studentetOpsionet-e-bursave.pdf\" class=\"wp-block-file__button wp-element-button\" download aria-describedby=\"wp-block-file--media-6cd0b952-c238-4ec8-a352-8c8c610129d3\">Download<\/a><\/div>\n\n\n\n<div class=\"wp-block-file\"><a id=\"wp-block-file--media-a448e0fd-4899-4ba6-a803-d4228a1264c2\" href=\"https:\/\/unhz.eu\/fakulteti-i-agrobiznesit\/wp-content\/uploads\/sites\/11\/2025\/12\/TE-DREJTAT-DHE-PERGJEGJESITE-E-STUDENTEVE.pdf\">STUDENTS' RIGHTS AND RESPONSIBILITIES<\/a><a href=\"https:\/\/unhz.eu\/fakulteti-i-agrobiznesit\/wp-content\/uploads\/sites\/11\/2025\/12\/TE-DREJTAT-DHE-PERGJEGJESITE-E-STUDENTEVE.pdf\" class=\"wp-block-file__button wp-element-button\" download aria-describedby=\"wp-block-file--media-a448e0fd-4899-4ba6-a803-d4228a1264c2\">Download<\/a><\/div>\n\n\n\n<div class=\"wp-block-file\"><a id=\"wp-block-file--media-dceac471-5354-4c35-b327-43e9f8a783b1\" href=\"https:\/\/unhz.eu\/fakulteti-i-agrobiznesit\/wp-content\/uploads\/sites\/11\/2025\/12\/MUNDESITE-E-LARMISHME-TE-MESIMNXENIES.pdf\">VARIOUS LEARNING OPPORTUNITIES<\/a><a href=\"https:\/\/unhz.eu\/fakulteti-i-agrobiznesit\/wp-content\/uploads\/sites\/11\/2025\/12\/MUNDESITE-E-LARMISHME-TE-MESIMNXENIES.pdf\" class=\"wp-block-file__button wp-element-button\" download aria-describedby=\"wp-block-file--media-dceac471-5354-4c35-b327-43e9f8a783b1\">Download<\/a><\/div>\n\n\n\n<div class=\"wp-block-file\"><a id=\"wp-block-file--media-d2b73623-df58-4b83-b3f2-d371602d9f49\" href=\"https:\/\/unhz.eu\/fakulteti-i-agrobiznesit\/wp-content\/uploads\/sites\/11\/2025\/12\/PERMBLEDHJE-E-PROJEKTEVE-KERKIMORE-TE-FAKULTETIT-TE-AGROBIZNESIT.pdf\">SUMMARY OF RESEARCH PROJECTS OF THE FACULTY OF AGRIBUSINESS<\/a><a href=\"https:\/\/unhz.eu\/fakulteti-i-agrobiznesit\/wp-content\/uploads\/sites\/11\/2025\/12\/PERMBLEDHJE-E-PROJEKTEVE-KERKIMORE-TE-FAKULTETIT-TE-AGROBIZNESIT.pdf\" class=\"wp-block-file__button wp-element-button\" download aria-describedby=\"wp-block-file--media-d2b73623-df58-4b83-b3f2-d371602d9f49\">Download<\/a><\/div>\n\n\n\n<div class=\"wp-block-file\"><a id=\"wp-block-file--media-a0a20b8a-8d9d-4764-824f-7103cc6019b4\" href=\"https:\/\/unhz.eu\/fakulteti-i-agrobiznesit\/wp-content\/uploads\/sites\/11\/2026\/02\/Katalog-i-Profileve-Akademike-\u2013-Stafi-i-Rregullt-i-Fakultetit-te-Agrobiznesit.pdf\">Katalog i Profileve Akademike \u2013 Stafi i Rregullt i Fakultetit t\u00eb Agrobiznesit<\/a><a href=\"https:\/\/unhz.eu\/fakulteti-i-agrobiznesit\/wp-content\/uploads\/sites\/11\/2026\/02\/Katalog-i-Profileve-Akademike-\u2013-Stafi-i-Rregullt-i-Fakultetit-te-Agrobiznesit.pdf\" class=\"wp-block-file__button wp-element-button\" download aria-describedby=\"wp-block-file--media-a0a20b8a-8d9d-4764-824f-7103cc6019b4\">Shkarkoje<\/a><\/div>\n\n\n\n<div class=\"wp-block-file\"><a id=\"wp-block-file--media-38f4d999-a9e8-4f9c-a42e-e2321ebefccf\" href=\"https:\/\/unhz.eu\/fakulteti-i-agrobiznesit\/wp-content\/uploads\/sites\/11\/2026\/02\/Broshura-II.pdf\">Broshura II<\/a><a href=\"https:\/\/unhz.eu\/fakulteti-i-agrobiznesit\/wp-content\/uploads\/sites\/11\/2026\/02\/Broshura-II.pdf\" class=\"wp-block-file__button wp-element-button\" download aria-describedby=\"wp-block-file--media-38f4d999-a9e8-4f9c-a42e-e2321ebefccf\">Shkarkoje<\/a><\/div>\n\n\n\n<div class=\"wp-block-file\"><a id=\"wp-block-file--media-f1571dcf-71ec-44a7-837d-5a987f777409\" href=\"https:\/\/unhz.eu\/fakulteti-i-agrobiznesit\/wp-content\/uploads\/sites\/11\/2026\/02\/Broshure-informuese-I.pdf\">Broshure informuese I<\/a><a href=\"https:\/\/unhz.eu\/fakulteti-i-agrobiznesit\/wp-content\/uploads\/sites\/11\/2026\/02\/Broshure-informuese-I.pdf\" class=\"wp-block-file__button wp-element-button\" download aria-describedby=\"wp-block-file--media-f1571dcf-71ec-44a7-837d-5a987f777409\">Shkarkoje<\/a><\/div>","protected":false},"excerpt":{"rendered":"","protected":false},"author":9,"featured_media":0,"parent":0,"menu_order":0,"comment_status":"closed","ping_status":"closed","template":"","meta":{"footnotes":""},"class_list":["post-49331","page","type-page","status-publish","hentry"],"yoast_head":"<!-- This site is optimized with the Yoast SEO Premium plugin v27.2 (Yoast SEO v27.2) - https:\/\/yoast.com\/product\/yoast-seo-premium-wordpress\/ -->\n<title>Dokumente \u2013 Fakulteti i Agrobiznesit | UNHZ Pej\u00eb<\/title>\n<meta name=\"description\" content=\"Shkarkoni dokumentet zyrtare dhe materialet referuese t\u00eb Fakultetit t\u00eb Agrobiznesit n\u00eb Universitetin \u201cHaxhi Zeka\u201d, p\u00ebr procedura, rregullore dhe udh\u00ebzime.\" \/>\n<meta name=\"robots\" content=\"index, follow, max-snippet:-1, max-image-preview:large, max-video-preview:-1\" \/>\n<link rel=\"canonical\" href=\"https:\/\/unhz.eu\/fakulteti-i-agrobiznesit\/en\/dokumente\/\" \/>\n<meta property=\"og:locale\" content=\"en_US\" \/>\n<meta property=\"og:type\" content=\"article\" \/>\n<meta property=\"og:title\" content=\"Dokumente\" \/>\n<meta property=\"og:description\" content=\"Shkarkoni dokumentet zyrtare dhe materialet referuese t\u00eb Fakultetit t\u00eb Agrobiznesit n\u00eb Universitetin \u201cHaxhi Zeka\u201d, p\u00ebr procedura, rregullore dhe udh\u00ebzime.\" \/>\n<meta property=\"og:url\" content=\"https:\/\/unhz.eu\/fakulteti-i-agrobiznesit\/en\/dokumente\/\" \/>\n<meta property=\"og:site_name\" content=\"Fakulteti i Agrobiznesit\" \/>\n<meta property=\"article:modified_time\" content=\"2026-02-19T08:23:51+00:00\" \/>\n<meta name=\"twitter:card\" content=\"summary_large_image\" \/>\n<meta name=\"twitter:label1\" content=\"Est. reading time\" \/>\n\t<meta name=\"twitter:data1\" content=\"1 minute\" \/>\n<script type=\"application\/ld+json\" class=\"yoast-schema-graph\">{\"@context\":\"https:\/\/schema.org\",\"@graph\":[{\"@type\":\"WebPage\",\"@id\":\"https:\/\/unhz.eu\/fakulteti-i-agrobiznesit\/dokumente\/\",\"url\":\"https:\/\/unhz.eu\/fakulteti-i-agrobiznesit\/dokumente\/\",\"name\":\"Dokumente \u2013 Fakulteti i Agrobiznesit | UNHZ Pej\u00eb\",\"isPartOf\":{\"@id\":\"https:\/\/unhz.eu\/fakulteti-i-agrobiznesit\/#website\"},\"datePublished\":\"2025-12-02T07:46:53+00:00\",\"dateModified\":\"2026-02-19T08:23:51+00:00\",\"description\":\"Shkarkoni dokumentet zyrtare dhe materialet referuese t\u00eb Fakultetit t\u00eb Agrobiznesit n\u00eb Universitetin \u201cHaxhi Zeka\u201d, p\u00ebr procedura, rregullore dhe udh\u00ebzime.\",\"breadcrumb\":{\"@id\":\"https:\/\/unhz.eu\/fakulteti-i-agrobiznesit\/dokumente\/#breadcrumb\"},\"inLanguage\":\"en-US\",\"potentialAction\":[{\"@type\":\"ReadAction\",\"target\":[\"https:\/\/unhz.eu\/fakulteti-i-agrobiznesit\/dokumente\/\"]}]},{\"@type\":\"BreadcrumbList\",\"@id\":\"https:\/\/unhz.eu\/fakulteti-i-agrobiznesit\/dokumente\/#breadcrumb\",\"itemListElement\":[{\"@type\":\"ListItem\",\"position\":1,\"name\":\"Home\",\"item\":\"https:\/\/unhz.eu\/fakulteti-i-agrobiznesit\/\"},{\"@type\":\"ListItem\",\"position\":2,\"name\":\"Dokumente\"}]},{\"@type\":\"WebSite\",\"@id\":\"https:\/\/unhz.eu\/fakulteti-i-agrobiznesit\/#website\",\"url\":\"https:\/\/unhz.eu\/fakulteti-i-agrobiznesit\/\",\"name\":\"Fakulteti i Agrobiznesit\",\"description\":\"I dedikuar p\u00ebr cil\u00ebsi standarde dhe suksese\",\"publisher\":{\"@id\":\"https:\/\/unhz.eu\/fakulteti-i-agrobiznesit\/#organization\"},\"potentialAction\":[{\"@type\":\"SearchAction\",\"target\":{\"@type\":\"EntryPoint\",\"urlTemplate\":\"https:\/\/unhz.eu\/fakulteti-i-agrobiznesit\/?s={search_term_string}\"},\"query-input\":{\"@type\":\"PropertyValueSpecification\",\"valueRequired\":true,\"valueName\":\"search_term_string\"}}],\"inLanguage\":\"en-US\"},{\"@type\":\"Organization\",\"@id\":\"https:\/\/unhz.eu\/fakulteti-i-agrobiznesit\/#organization\",\"name\":\"Fakulteti i Agrobiznesit\",\"url\":\"https:\/\/unhz.eu\/fakulteti-i-agrobiznesit\/\",\"logo\":{\"@type\":\"ImageObject\",\"inLanguage\":\"en-US\",\"@id\":\"https:\/\/unhz.eu\/fakulteti-i-agrobiznesit\/#\/schema\/logo\/image\/\",\"url\":\"https:\/\/unhz.eu\/fakulteti-i-agrobiznesit\/wp-content\/uploads\/sites\/11\/2024\/02\/cropped-logo-1-1-e1713527702695.png\",\"contentUrl\":\"https:\/\/unhz.eu\/fakulteti-i-agrobiznesit\/wp-content\/uploads\/sites\/11\/2024\/02\/cropped-logo-1-1-e1713527702695.png\",\"width\":100,\"height\":100,\"caption\":\"Fakulteti i Agrobiznesit\"},\"image\":{\"@id\":\"https:\/\/unhz.eu\/fakulteti-i-agrobiznesit\/#\/schema\/logo\/image\/\"}}]}<\/script>\n<!-- \/ Yoast SEO Premium plugin. -->","yoast_head_json":{"title":"Dokumente \u2013 Fakulteti i Agrobiznesit | UNHZ Pej\u00eb","description":"Shkarkoni dokumentet zyrtare dhe materialet referuese t\u00eb Fakultetit t\u00eb Agrobiznesit n\u00eb Universitetin \u201cHaxhi Zeka\u201d, p\u00ebr procedura, rregullore dhe udh\u00ebzime.","robots":{"index":"index","follow":"follow","max-snippet":"max-snippet:-1","max-image-preview":"max-image-preview:large","max-video-preview":"max-video-preview:-1"},"canonical":"https:\/\/unhz.eu\/fakulteti-i-agrobiznesit\/en\/dokumente\/","og_locale":"en_US","og_type":"article","og_title":"Dokumente","og_description":"Shkarkoni dokumentet zyrtare dhe materialet referuese t\u00eb Fakultetit t\u00eb Agrobiznesit n\u00eb Universitetin \u201cHaxhi Zeka\u201d, p\u00ebr procedura, rregullore dhe udh\u00ebzime.","og_url":"https:\/\/unhz.eu\/fakulteti-i-agrobiznesit\/en\/dokumente\/","og_site_name":"Fakulteti i Agrobiznesit","article_modified_time":"2026-02-19T08:23:51+00:00","twitter_card":"summary_large_image","twitter_misc":{"Est. reading time":"1 minute"},"schema":{"@context":"https:\/\/schema.org","@graph":[{"@type":"WebPage","@id":"https:\/\/unhz.eu\/fakulteti-i-agrobiznesit\/dokumente\/","url":"https:\/\/unhz.eu\/fakulteti-i-agrobiznesit\/dokumente\/","name":"Dokumente \u2013 Fakulteti i Agrobiznesit | UNHZ Pej\u00eb","isPartOf":{"@id":"https:\/\/unhz.eu\/fakulteti-i-agrobiznesit\/#website"},"datePublished":"2025-12-02T07:46:53+00:00","dateModified":"2026-02-19T08:23:51+00:00","description":"Shkarkoni dokumentet zyrtare dhe materialet referuese t\u00eb Fakultetit t\u00eb Agrobiznesit n\u00eb Universitetin \u201cHaxhi Zeka\u201d, p\u00ebr procedura, rregullore dhe udh\u00ebzime.","breadcrumb":{"@id":"https:\/\/unhz.eu\/fakulteti-i-agrobiznesit\/dokumente\/#breadcrumb"},"inLanguage":"en-US","potentialAction":[{"@type":"ReadAction","target":["https:\/\/unhz.eu\/fakulteti-i-agrobiznesit\/dokumente\/"]}]},{"@type":"BreadcrumbList","@id":"https:\/\/unhz.eu\/fakulteti-i-agrobiznesit\/dokumente\/#breadcrumb","itemListElement":[{"@type":"ListItem","position":1,"name":"Home","item":"https:\/\/unhz.eu\/fakulteti-i-agrobiznesit\/"},{"@type":"ListItem","position":2,"name":"Dokumente"}]},{"@type":"WebSite","@id":"https:\/\/unhz.eu\/fakulteti-i-agrobiznesit\/#website","url":"https:\/\/unhz.eu\/fakulteti-i-agrobiznesit\/","name":"Faculty of Agribussines","description":"Dedicated to standard quality and success","publisher":{"@id":"https:\/\/unhz.eu\/fakulteti-i-agrobiznesit\/#organization"},"potentialAction":[{"@type":"SearchAction","target":{"@type":"EntryPoint","urlTemplate":"https:\/\/unhz.eu\/fakulteti-i-agrobiznesit\/?s={search_term_string}"},"query-input":{"@type":"PropertyValueSpecification","valueRequired":true,"valueName":"search_term_string"}}],"inLanguage":"en-US"},{"@type":"Organization","@id":"https:\/\/unhz.eu\/fakulteti-i-agrobiznesit\/#organization","name":"Faculty of Agribussines","url":"https:\/\/unhz.eu\/fakulteti-i-agrobiznesit\/","logo":{"@type":"ImageObject","inLanguage":"en-US","@id":"https:\/\/unhz.eu\/fakulteti-i-agrobiznesit\/#\/schema\/logo\/image\/","url":"https:\/\/unhz.eu\/fakulteti-i-agrobiznesit\/wp-content\/uploads\/sites\/11\/2024\/02\/cropped-logo-1-1-e1713527702695.png","contentUrl":"https:\/\/unhz.eu\/fakulteti-i-agrobiznesit\/wp-content\/uploads\/sites\/11\/2024\/02\/cropped-logo-1-1-e1713527702695.png","width":100,"height":100,"caption":"Fakulteti i Agrobiznesit"},"image":{"@id":"https:\/\/unhz.eu\/fakulteti-i-agrobiznesit\/#\/schema\/logo\/image\/"}}]}},"_links":{"self":[{"href":"https:\/\/unhz.eu\/fakulteti-i-agrobiznesit\/en\/wp-json\/wp\/v2\/pages\/49331","targetHints":{"allow":["GET"]}}],"collection":[{"href":"https:\/\/unhz.eu\/fakulteti-i-agrobiznesit\/en\/wp-json\/wp\/v2\/pages"}],"about":[{"href":"https:\/\/unhz.eu\/fakulteti-i-agrobiznesit\/en\/wp-json\/wp\/v2\/types\/page"}],"author":[{"embeddable":true,"href":"https:\/\/unhz.eu\/fakulteti-i-agrobiznesit\/en\/wp-json\/wp\/v2\/users\/9"}],"replies":[{"embeddable":true,"href":"https:\/\/unhz.eu\/fakulteti-i-agrobiznesit\/en\/wp-json\/wp\/v2\/comments?post=49331"}],"version-history":[{"count":3,"href":"https:\/\/unhz.eu\/fakulteti-i-agrobiznesit\/en\/wp-json\/wp\/v2\/pages\/49331\/revisions"}],"predecessor-version":[{"id":49649,"href":"https:\/\/unhz.eu\/fakulteti-i-agrobiznesit\/en\/wp-json\/wp\/v2\/pages\/49331\/revisions\/49649"}],"wp:attachment":[{"href":"https:\/\/unhz.eu\/fakulteti-i-agrobiznesit\/en\/wp-json\/wp\/v2\/media?parent=49331"}],"curies":[{"name":"wp","href":"https:\/\/api.w.org\/{rel}","templated":true}]}}