{"id":49160,"date":"2025-10-20T09:13:19","date_gmt":"2025-10-20T09:13:19","guid":{"rendered":"https:\/\/unhz.eu\/fakulteti-i-agrobiznesit\/?page_id=49160"},"modified":"2026-02-06T12:19:27","modified_gmt":"2026-02-06T12:19:27","slug":"programet-eaa","status":"publish","type":"page","link":"https:\/\/unhz.eu\/fakulteti-i-agrobiznesit\/en\/programet-eaa\/","title":{"rendered":"Programet EAA"},"content":{"rendered":"<figure class=\"wp-block-table\"><table><tbody><tr><td colspan=\"13\">Viti I<\/td><td>&nbsp;<\/td><\/tr><tr><td colspan=\"6\">Semestri I<\/td><td colspan=\"7\">Or\u00eb\/jav\u00eb<\/td><td>&nbsp;<\/td><\/tr><tr><td>Nr<\/td><td>O<\/td><td colspan=\"4\">L\u00ebnd\u00ebt<\/td><td colspan=\"2\">L<\/td><td colspan=\"2\">U<\/td><td colspan=\"3\">ECTS<\/td><td>&nbsp;<\/td><\/tr><tr><td>1<\/td><td>O<\/td><td colspan=\"4\">Agroklimatologji<\/td><td colspan=\"2\">2<\/td><td colspan=\"2\">2<\/td><td colspan=\"3\">6<\/td><td>&nbsp;<\/td><\/tr><tr><td>2<\/td><td>O<\/td><td colspan=\"4\">Biologji<\/td><td colspan=\"2\">3<\/td><td colspan=\"2\">2<\/td><td colspan=\"3\">6<\/td><td>&nbsp;<\/td><\/tr><tr><td>3<\/td><td>O<\/td><td colspan=\"4\">Kimi e p\u00ebrgjithshme&nbsp;<\/td><td colspan=\"2\">3<\/td><td colspan=\"2\">2<\/td><td colspan=\"3\">6<\/td><td>&nbsp;<\/td><\/tr><tr><td>4<\/td><td>O<\/td><td colspan=\"4\">Bazat e ekologjis\u00eb &nbsp;<\/td><td colspan=\"2\">2<\/td><td colspan=\"2\">2<\/td><td colspan=\"3\">6<\/td><td>&nbsp;<\/td><\/tr><tr><td>5<\/td><td>Z<\/td><td colspan=\"4\">Anglisht<\/td><td colspan=\"2\">2<\/td><td colspan=\"2\">2<\/td><td colspan=\"3\">6<\/td><td>&nbsp;<\/td><\/tr><tr><td>6.<\/td><td>Z<\/td><td colspan=\"4\"><strong>Informatike e aplikuar <\/strong><strong><\/strong><\/td><td colspan=\"2\">2<\/td><td colspan=\"2\">2<\/td><td colspan=\"3\">6<\/td><td>&nbsp;<\/td><\/tr><tr><td>&nbsp;<\/td><td>&nbsp;<\/td><td colspan=\"4\"><strong>&nbsp;<\/strong><\/td><td colspan=\"2\">&nbsp;<\/td><td colspan=\"2\">&nbsp;<\/td><td colspan=\"3\">30<\/td><td>&nbsp;<\/td><\/tr><tr><td colspan=\"13\">Viti I<\/td><td>&nbsp;<\/td><\/tr><tr><td colspan=\"5\">Semestri II<\/td><td colspan=\"8\">Or\u00eb\/jav\u00eb<\/td><td>&nbsp;<\/td><\/tr><tr><td>Nr.<\/td><td colspan=\"2\">O\/Z<\/td><td colspan=\"2\">L\u00ebnd\u00ebt<\/td><td colspan=\"2\">L<\/td><td colspan=\"4\">U<\/td><td colspan=\"2\">ECTS<\/td><td>&nbsp;<\/td><\/tr><tr><td>1<\/td><td colspan=\"2\">O<\/td><td colspan=\"2\">Bazat e botanik\u00ebs<\/td><td colspan=\"2\">3<\/td><td colspan=\"4\">2<\/td><td colspan=\"2\">6<\/td><td>&nbsp;<\/td><\/tr><tr><td>2<\/td><td colspan=\"2\">O<\/td><td colspan=\"2\">Pedologjia e p\u00ebrgjithshme<\/td><td colspan=\"2\">2<\/td><td colspan=\"4\">2<\/td><td colspan=\"2\">5<\/td><td>&nbsp;<\/td><\/tr><tr><td>3<\/td><td colspan=\"2\">O<\/td><td colspan=\"2\">Zoologjia agrare<\/td><td colspan=\"2\">2<\/td><td colspan=\"4\">2<\/td><td colspan=\"2\">5<\/td><td>&nbsp;<\/td><\/tr><tr><td>4<\/td><td colspan=\"2\">O<\/td><td colspan=\"2\">Parimet e agroekonomis\u00eb<\/td><td colspan=\"2\">2<\/td><td colspan=\"4\">2<\/td><td colspan=\"2\">5<\/td><td>&nbsp;<\/td><\/tr><tr><td>5<\/td><td colspan=\"2\">O<\/td><td colspan=\"2\">Agroekologjia<\/td><td colspan=\"2\">2<\/td><td colspan=\"4\">2<\/td><td colspan=\"2\">5<\/td><td>&nbsp;<\/td><\/tr><tr><td>6<\/td><td colspan=\"2\">Z<\/td><td colspan=\"2\">Nd\u00ebrmarr\u00ebsia <strong><\/strong><\/td><td colspan=\"2\">2<\/td><td colspan=\"4\">2<\/td><td colspan=\"2\">5<\/td><td>&nbsp;<\/td><\/tr><tr><td>7<\/td><td colspan=\"2\">Z<\/td><td colspan=\"2\">Bioprodhimet <strong><\/strong><\/td><td colspan=\"2\">2<\/td><td colspan=\"4\">0<\/td><td colspan=\"2\">4<\/td><td>&nbsp;<\/td><\/tr><tr><td>&nbsp;<\/td><td colspan=\"2\">&nbsp;<\/td><td colspan=\"2\"><strong>&nbsp;<\/strong><\/td><td colspan=\"2\">&nbsp;<\/td><td colspan=\"4\">&nbsp;<\/td><td colspan=\"2\">30<\/td><td>&nbsp;<\/td><\/tr><tr><td colspan=\"13\">Viti II<\/td><td>&nbsp;<\/td><\/tr><tr><td colspan=\"5\">Semestri III<\/td><td colspan=\"8\">Or\u00eb\/jav\u00eb<\/td><td>&nbsp;<\/td><\/tr><tr><td>Nr.<\/td><td colspan=\"2\">O\/Z<\/td><td colspan=\"2\">L\u00ebnd\u00ebt<\/td><td colspan=\"4\">L<\/td><td colspan=\"2\">U<\/td><td colspan=\"2\">ECTS<\/td><td>&nbsp;<\/td><\/tr><tr><td>1.<\/td><td colspan=\"2\">O<\/td><td colspan=\"2\">Bazat e gjentikes<\/td><td colspan=\"4\">3<\/td><td colspan=\"2\">2<\/td><td colspan=\"2\">6<\/td><td>&nbsp;<\/td><\/tr><tr><td>2.<\/td><td colspan=\"2\">O<\/td><td colspan=\"2\">Bazat e fiziologjis\u00eb se bim\u00ebve<\/td><td colspan=\"4\">2<\/td><td colspan=\"2\">2<\/td><td colspan=\"2\">5<\/td><td>&nbsp;<\/td><\/tr><tr><td>3.<\/td><td colspan=\"2\">O<\/td><td colspan=\"2\"><a href=\"https:\/\/www.isvu.hr\/visokaucilista\/hr\/podaci\/269\/akademskagodina\/2023\/predmet\/93893\/razina\/3\/izvedba\/R\/smjer\/85\"><strong>Hulumtimet n\u00eb teren dhe metodat laboratorike n\u00eb agroekologji<\/strong><\/a><strong><\/strong><\/td><td colspan=\"4\">2<\/td><td colspan=\"2\">2<\/td><td colspan=\"2\">5<\/td><td>&nbsp;<\/td><\/tr><tr><td>4.<\/td><td colspan=\"2\">O<\/td><td colspan=\"2\">Biokimi<\/td><td colspan=\"4\">2<\/td><td colspan=\"2\">2<\/td><td colspan=\"2\">5<\/td><td>&nbsp;<\/td><\/tr><tr><td>5.<\/td><td colspan=\"2\">O<\/td><td colspan=\"2\">T\u00eb ushqyerit e bim\u00ebve<\/td><td colspan=\"4\">2<\/td><td colspan=\"2\">2<\/td><td colspan=\"2\">5<\/td><td>&nbsp;<\/td><\/tr><tr><td>6.<\/td><td colspan=\"2\"><strong>Z<\/strong><strong><\/strong><\/td><td colspan=\"2\"><strong>Organizimi i ndermarrjeve n\u00eb agrobiznes<\/strong><strong><\/strong><\/td><td colspan=\"4\">2<\/td><td colspan=\"2\">1<\/td><td colspan=\"2\">4<\/td><td>&nbsp;<\/td><\/tr><tr><td><strong>7.<\/strong><\/td><td colspan=\"2\">Z<\/td><td colspan=\"2\"><strong>Menaxhimi i fermave n\u00eb bujqesi <\/strong><strong><\/strong><\/td><td colspan=\"4\">2<\/td><td colspan=\"2\">1<\/td><td colspan=\"2\">4<\/td><td>&nbsp;<\/td><\/tr><tr><td>8<\/td><td colspan=\"2\">Z<\/td><td colspan=\"2\">Akuakulture<\/td><td colspan=\"4\">2<\/td><td colspan=\"2\">1<\/td><td colspan=\"2\">4<\/td><td>&nbsp;<\/td><\/tr><tr><td>&nbsp;<\/td><td colspan=\"2\">&nbsp;<\/td><td colspan=\"2\">&nbsp;<\/td><td colspan=\"4\">&nbsp;<\/td><td colspan=\"2\">&nbsp;<\/td><td colspan=\"2\">30<\/td><td>&nbsp;<\/td><\/tr><tr><td colspan=\"13\">Viti II<\/td><td>&nbsp;<\/td><\/tr><tr><td colspan=\"5\">Semestri IV<\/td><td colspan=\"8\">Or\u00eb\/jav\u00eb<\/td><td>&nbsp;<\/td><\/tr><tr><td>Nr.<\/td><td colspan=\"3\">O\/Z<\/td><td>L\u00ebnd\u00ebt<\/td><td colspan=\"4\">L<\/td><td colspan=\"2\">U<\/td><td colspan=\"2\">ECTS<\/td><td>&nbsp;<\/td><\/tr><tr><td>1<\/td><td colspan=\"3\">O<\/td><td>Mikrobiologji dhe Mykologji<\/td><td colspan=\"4\">3<\/td><td colspan=\"2\">2<\/td><td colspan=\"2\">6<\/td><td>&nbsp;<\/td><\/tr><tr><td>2<\/td><td colspan=\"3\">O<\/td><td>Blegtori<\/td><td colspan=\"4\">2<\/td><td colspan=\"2\">2<\/td><td colspan=\"2\">5<\/td><td>&nbsp;<\/td><\/tr><tr><td>3<\/td><td colspan=\"3\">O<\/td><td>Sistemet e menaxhimit te ujerave<\/td><td colspan=\"4\">2<\/td><td colspan=\"2\">2<\/td><td colspan=\"2\">5<\/td><td>&nbsp;<\/td><\/tr><tr><td>4<\/td><td colspan=\"3\">O<\/td><td>Agroteknika e aplikuar<\/td><td colspan=\"4\">2<\/td><td colspan=\"2\">2<\/td><td colspan=\"2\">5<\/td><td>&nbsp;<\/td><\/tr><tr><td>5<\/td><td colspan=\"3\">O<\/td><td>Ekonomia e ndermmarrjeve bujqesore dhe analiza e tregut<\/td><td colspan=\"4\">2<\/td><td colspan=\"2\">2<\/td><td colspan=\"2\">5<\/td><td>&nbsp;<\/td><\/tr><tr><td>6<\/td><td colspan=\"3\">Z<\/td><td>Hortikultur dhe kultivim i perimeve<\/td><td colspan=\"4\">2<\/td><td colspan=\"2\">1<\/td><td colspan=\"2\">4<\/td><td>&nbsp;<\/td><\/tr><tr><td>7<\/td><td colspan=\"3\">Z<\/td><td>Zhvillim i qendrushem n\u00eb agrobiznes<\/td><td colspan=\"4\">2<\/td><td colspan=\"2\">1<\/td><td colspan=\"2\">4<\/td><td>&nbsp;<\/td><\/tr><tr><td>8<\/td><td colspan=\"3\">Z<\/td><td>Apikultur<\/td><td colspan=\"4\">2<\/td><td colspan=\"2\">1<\/td><td colspan=\"2\">4<\/td><td>&nbsp;<\/td><\/tr><tr><td>&nbsp;<\/td><td colspan=\"3\">&nbsp;<\/td><td>&nbsp;<\/td><td colspan=\"4\">&nbsp;<\/td><td colspan=\"2\">&nbsp;<\/td><td colspan=\"2\">30<\/td><td>&nbsp;<\/td><\/tr><tr><td colspan=\"13\">Viti III<\/td><td>&nbsp;<\/td><\/tr><tr><td colspan=\"5\">Semestri V<\/td><td colspan=\"8\">Or\u00eb\/jav\u00eb<\/td><td>&nbsp;<\/td><\/tr><tr><td>Nr.<\/td><td colspan=\"3\">O\/Z<\/td><td>L\u00ebnd\u00ebt<\/td><td colspan=\"2\">L<\/td><td colspan=\"4\">U<\/td><td colspan=\"2\">ECTS<\/td><td>&nbsp;<\/td><\/tr><tr><td>1.<\/td><td colspan=\"3\">O<\/td><td>Mbrojtja e bim\u00ebve<\/td><td colspan=\"2\">3<\/td><td colspan=\"4\">2<\/td><td colspan=\"2\">6<\/td><td>&nbsp;<\/td><\/tr><tr><td>2.<\/td><td colspan=\"3\">O<\/td><td>Zonat e mbrojtura dhe menaxhimi i tyre<\/td><td colspan=\"2\">2<\/td><td colspan=\"4\">2<\/td><td colspan=\"2\">6<\/td><td>&nbsp;<\/td><\/tr><tr><td>3.<\/td><td colspan=\"3\">O<\/td><td>Analizimi i t\u00eb dh\u00ebnave n\u00eb agrekologji dhe agrobiznes<\/td><td colspan=\"2\">2<\/td><td colspan=\"4\">2<\/td><td colspan=\"2\">5<\/td><td>&nbsp;<\/td><\/tr><tr><td>4.<\/td><td colspan=\"3\">O<\/td><td>Marketingu i produkteve agroekologjike<\/td><td colspan=\"2\">2<\/td><td colspan=\"4\">2<\/td><td colspan=\"2\">5<\/td><td>&nbsp;<\/td><\/tr><tr><td>5.<\/td><td colspan=\"3\">Z<\/td><td>Inovacion n\u00eb agroindustri<\/td><td colspan=\"2\">2<\/td><td colspan=\"4\">1<\/td><td colspan=\"2\">4<\/td><td>&nbsp;<\/td><\/tr><tr><td>6.<\/td><td colspan=\"3\">Z<\/td><td>Biomonitroimi<\/td><td colspan=\"2\">2<\/td><td colspan=\"4\">1<\/td><td colspan=\"2\">4<\/td><td>&nbsp;<\/td><\/tr><tr><td><strong>7.<\/strong><\/td><td colspan=\"3\">Z<\/td><td>Bimet mjeksore dhe aromatike<\/td><td colspan=\"2\">2<\/td><td colspan=\"4\">1<\/td><td colspan=\"2\">4<\/td><td>&nbsp;<\/td><\/tr><tr><td>8<\/td><td colspan=\"3\">Z<\/td><td>E drejta mjedisore<\/td><td colspan=\"2\">2<\/td><td colspan=\"4\">0<\/td><td colspan=\"2\">4<\/td><td>&nbsp;<\/td><\/tr><tr><td><strong>&nbsp;<\/strong><\/td><td colspan=\"3\">&nbsp;<\/td><td>&nbsp;<\/td><td colspan=\"2\">&nbsp;<\/td><td colspan=\"4\">&nbsp;<\/td><td colspan=\"2\">30<\/td><td>&nbsp;<\/td><\/tr><tr><td colspan=\"13\">Viti III<\/td><td>&nbsp;<\/td><\/tr><tr><td colspan=\"5\">Semestri VI<\/td><td colspan=\"8\">Or\u00eb\/jav\u00eb<\/td><td>&nbsp;<\/td><\/tr><tr><td>Nr.<\/td><td colspan=\"3\">O\/Z<\/td><td>L\u00ebnd\u00ebt<\/td><td colspan=\"4\">L<\/td><td colspan=\"3\">U<\/td><td>ECTS<\/td><td>&nbsp;<\/td><\/tr><tr><td>1.<\/td><td colspan=\"3\">O<\/td><td>Trajtimi dhe menaxhim i mbeturinave<\/td><td colspan=\"4\">2<\/td><td colspan=\"3\">2<\/td><td>5<\/td><td>&nbsp;<\/td><\/tr><tr><td>2.<\/td><td colspan=\"3\">O<\/td><td>Metodologji e hulumtimit shkencor<\/td><td colspan=\"4\">2<\/td><td colspan=\"3\">2<\/td><td>5<\/td><td>&nbsp;<\/td><\/tr><tr><td>3.<\/td><td colspan=\"3\">O<\/td><td>Resurseve natyrore dhe menaxhimi i tyre<\/td><td colspan=\"4\">2<\/td><td colspan=\"3\">1<\/td><td>4<\/td><td>&nbsp;<\/td><\/tr><tr><td>4.<\/td><td colspan=\"3\">O<\/td><td>Ndryshimet Klimatike<\/td><td colspan=\"4\">2<\/td><td colspan=\"3\">1<\/td><td>4<\/td><td>&nbsp;<\/td><\/tr><tr><td>5.<\/td><td colspan=\"3\">Z<\/td><td>Ekologji e mjediseve t\u00eb ndotura<\/td><td colspan=\"4\">2<\/td><td colspan=\"3\">0<\/td><td>3<\/td><td>&nbsp;<\/td><\/tr><tr><td>6<\/td><td colspan=\"3\">Z<\/td><td>Menaxhim i projekteve dhe projektet n\u00eb agrobiznes<\/td><td colspan=\"4\">2<\/td><td colspan=\"3\">0<\/td><td>3<\/td><td>&nbsp;<\/td><\/tr><tr><td>7.<\/td><td colspan=\"3\">Z<\/td><td>Teknologjia e pasvjelj\u00ebs<\/td><td colspan=\"4\">2<\/td><td colspan=\"3\">0<\/td><td>3<\/td><td>&nbsp;<\/td><\/tr><tr><td>8.<\/td><td colspan=\"3\">O<\/td><td>Punim diplome<\/td><td colspan=\"4\">&nbsp;<\/td><td colspan=\"3\">&nbsp;<\/td><td>10<\/td><td>&nbsp;<\/td><\/tr><tr><td>&nbsp;<\/td><td colspan=\"3\">&nbsp;<\/td><td>&nbsp;<\/td><td colspan=\"4\">&nbsp;<\/td><td colspan=\"3\">&nbsp;<\/td><td>30<\/td><td>&nbsp;<\/td><\/tr><\/tbody><\/table><\/figure>","protected":false},"excerpt":{"rendered":"<p>Viti I &nbsp; Semestri I Or\u00eb\/jav\u00eb &nbsp; Nr O L\u00ebnd\u00ebt L U ECTS &nbsp; 1 O Agroklimatologji 2 2 6 &nbsp; 2 O Biologji 3 2 6 &nbsp; 3 O&hellip;<\/p>","protected":false},"author":1,"featured_media":0,"parent":0,"menu_order":0,"comment_status":"closed","ping_status":"closed","template":"","meta":{"footnotes":""},"class_list":["post-49160","page","type-page","status-publish","hentry"],"yoast_head":"<!-- This site is optimized with the Yoast SEO Premium plugin v27.2 (Yoast SEO v27.2) - https:\/\/yoast.com\/product\/yoast-seo-premium-wordpress\/ -->\n<title>Ekologji e Aplikuar n\u00eb Agrobiznes \u2013 Program Studimi BSc | UNHZ<\/title>\n<meta name=\"description\" content=\"Programi BSc \u201cEkologji e Aplikuar n\u00eb Agrobiznes\u201d n\u00eb Fakultetin e Agrobiznesit UNHZ \u2013 plan\u2011program me l\u00ebnd\u00eb nga agroekologjia, menaxhimi i mjedisit dhe zhvillim i q\u00ebndruesh\u00ebm.\" \/>\n<meta name=\"robots\" content=\"index, follow, max-snippet:-1, max-image-preview:large, max-video-preview:-1\" \/>\n<link rel=\"canonical\" href=\"https:\/\/unhz.eu\/fakulteti-i-agrobiznesit\/en\/programet-eaa\/\" \/>\n<meta property=\"og:locale\" content=\"en_US\" \/>\n<meta property=\"og:type\" content=\"article\" \/>\n<meta property=\"og:title\" content=\"Programet EAA\" \/>\n<meta property=\"og:description\" content=\"Programi BSc \u201cEkologji e Aplikuar n\u00eb Agrobiznes\u201d n\u00eb Fakultetin e Agrobiznesit UNHZ \u2013 plan\u2011program me l\u00ebnd\u00eb nga agroekologjia, menaxhimi i mjedisit dhe zhvillim i q\u00ebndruesh\u00ebm.\" \/>\n<meta property=\"og:url\" content=\"https:\/\/unhz.eu\/fakulteti-i-agrobiznesit\/en\/programet-eaa\/\" \/>\n<meta property=\"og:site_name\" content=\"Fakulteti i Agrobiznesit\" \/>\n<meta property=\"article:modified_time\" content=\"2026-02-06T12:19:27+00:00\" \/>\n<meta name=\"twitter:card\" content=\"summary_large_image\" \/>\n<meta name=\"twitter:label1\" content=\"Est. reading time\" \/>\n\t<meta name=\"twitter:data1\" content=\"3 minutes\" \/>\n<script type=\"application\/ld+json\" class=\"yoast-schema-graph\">{\"@context\":\"https:\/\/schema.org\",\"@graph\":[{\"@type\":\"WebPage\",\"@id\":\"https:\/\/unhz.eu\/fakulteti-i-agrobiznesit\/programet-eaa\/\",\"url\":\"https:\/\/unhz.eu\/fakulteti-i-agrobiznesit\/programet-eaa\/\",\"name\":\"Ekologji e Aplikuar n\u00eb Agrobiznes \u2013 Program Studimi BSc | UNHZ\",\"isPartOf\":{\"@id\":\"https:\/\/unhz.eu\/fakulteti-i-agrobiznesit\/#website\"},\"datePublished\":\"2025-10-20T09:13:19+00:00\",\"dateModified\":\"2026-02-06T12:19:27+00:00\",\"description\":\"Programi BSc \u201cEkologji e Aplikuar n\u00eb Agrobiznes\u201d n\u00eb Fakultetin e Agrobiznesit UNHZ \u2013 plan\u2011program me l\u00ebnd\u00eb nga agroekologjia, menaxhimi i mjedisit dhe zhvillim i q\u00ebndruesh\u00ebm.\",\"breadcrumb\":{\"@id\":\"https:\/\/unhz.eu\/fakulteti-i-agrobiznesit\/programet-eaa\/#breadcrumb\"},\"inLanguage\":\"en-US\",\"potentialAction\":[{\"@type\":\"ReadAction\",\"target\":[\"https:\/\/unhz.eu\/fakulteti-i-agrobiznesit\/programet-eaa\/\"]}]},{\"@type\":\"BreadcrumbList\",\"@id\":\"https:\/\/unhz.eu\/fakulteti-i-agrobiznesit\/programet-eaa\/#breadcrumb\",\"itemListElement\":[{\"@type\":\"ListItem\",\"position\":1,\"name\":\"Home\",\"item\":\"https:\/\/unhz.eu\/fakulteti-i-agrobiznesit\/\"},{\"@type\":\"ListItem\",\"position\":2,\"name\":\"Programet EAA\"}]},{\"@type\":\"WebSite\",\"@id\":\"https:\/\/unhz.eu\/fakulteti-i-agrobiznesit\/#website\",\"url\":\"https:\/\/unhz.eu\/fakulteti-i-agrobiznesit\/\",\"name\":\"Fakulteti i Agrobiznesit\",\"description\":\"I dedikuar p\u00ebr cil\u00ebsi standarde dhe suksese\",\"publisher\":{\"@id\":\"https:\/\/unhz.eu\/fakulteti-i-agrobiznesit\/#organization\"},\"potentialAction\":[{\"@type\":\"SearchAction\",\"target\":{\"@type\":\"EntryPoint\",\"urlTemplate\":\"https:\/\/unhz.eu\/fakulteti-i-agrobiznesit\/?s={search_term_string}\"},\"query-input\":{\"@type\":\"PropertyValueSpecification\",\"valueRequired\":true,\"valueName\":\"search_term_string\"}}],\"inLanguage\":\"en-US\"},{\"@type\":\"Organization\",\"@id\":\"https:\/\/unhz.eu\/fakulteti-i-agrobiznesit\/#organization\",\"name\":\"Fakulteti i Agrobiznesit\",\"url\":\"https:\/\/unhz.eu\/fakulteti-i-agrobiznesit\/\",\"logo\":{\"@type\":\"ImageObject\",\"inLanguage\":\"en-US\",\"@id\":\"https:\/\/unhz.eu\/fakulteti-i-agrobiznesit\/#\/schema\/logo\/image\/\",\"url\":\"https:\/\/unhz.eu\/fakulteti-i-agrobiznesit\/wp-content\/uploads\/sites\/11\/2024\/02\/cropped-logo-1-1-e1713527702695.png\",\"contentUrl\":\"https:\/\/unhz.eu\/fakulteti-i-agrobiznesit\/wp-content\/uploads\/sites\/11\/2024\/02\/cropped-logo-1-1-e1713527702695.png\",\"width\":100,\"height\":100,\"caption\":\"Fakulteti i Agrobiznesit\"},\"image\":{\"@id\":\"https:\/\/unhz.eu\/fakulteti-i-agrobiznesit\/#\/schema\/logo\/image\/\"}}]}<\/script>\n<!-- \/ Yoast SEO Premium plugin. -->","yoast_head_json":{"title":"Ekologji e Aplikuar n\u00eb Agrobiznes \u2013 Program Studimi BSc | UNHZ","description":"Programi BSc \u201cEkologji e Aplikuar n\u00eb Agrobiznes\u201d n\u00eb Fakultetin e Agrobiznesit UNHZ \u2013 plan\u2011program me l\u00ebnd\u00eb nga agroekologjia, menaxhimi i mjedisit dhe zhvillim i q\u00ebndruesh\u00ebm.","robots":{"index":"index","follow":"follow","max-snippet":"max-snippet:-1","max-image-preview":"max-image-preview:large","max-video-preview":"max-video-preview:-1"},"canonical":"https:\/\/unhz.eu\/fakulteti-i-agrobiznesit\/en\/programet-eaa\/","og_locale":"en_US","og_type":"article","og_title":"Programet EAA","og_description":"Programi BSc \u201cEkologji e Aplikuar n\u00eb Agrobiznes\u201d n\u00eb Fakultetin e Agrobiznesit UNHZ \u2013 plan\u2011program me l\u00ebnd\u00eb nga agroekologjia, menaxhimi i mjedisit dhe zhvillim i q\u00ebndruesh\u00ebm.","og_url":"https:\/\/unhz.eu\/fakulteti-i-agrobiznesit\/en\/programet-eaa\/","og_site_name":"Fakulteti i Agrobiznesit","article_modified_time":"2026-02-06T12:19:27+00:00","twitter_card":"summary_large_image","twitter_misc":{"Est. reading time":"3 minutes"},"schema":{"@context":"https:\/\/schema.org","@graph":[{"@type":"WebPage","@id":"https:\/\/unhz.eu\/fakulteti-i-agrobiznesit\/programet-eaa\/","url":"https:\/\/unhz.eu\/fakulteti-i-agrobiznesit\/programet-eaa\/","name":"Ekologji e Aplikuar n\u00eb Agrobiznes \u2013 Program Studimi BSc | UNHZ","isPartOf":{"@id":"https:\/\/unhz.eu\/fakulteti-i-agrobiznesit\/#website"},"datePublished":"2025-10-20T09:13:19+00:00","dateModified":"2026-02-06T12:19:27+00:00","description":"Programi BSc \u201cEkologji e Aplikuar n\u00eb Agrobiznes\u201d n\u00eb Fakultetin e Agrobiznesit UNHZ \u2013 plan\u2011program me l\u00ebnd\u00eb nga agroekologjia, menaxhimi i mjedisit dhe zhvillim i q\u00ebndruesh\u00ebm.","breadcrumb":{"@id":"https:\/\/unhz.eu\/fakulteti-i-agrobiznesit\/programet-eaa\/#breadcrumb"},"inLanguage":"en-US","potentialAction":[{"@type":"ReadAction","target":["https:\/\/unhz.eu\/fakulteti-i-agrobiznesit\/programet-eaa\/"]}]},{"@type":"BreadcrumbList","@id":"https:\/\/unhz.eu\/fakulteti-i-agrobiznesit\/programet-eaa\/#breadcrumb","itemListElement":[{"@type":"ListItem","position":1,"name":"Home","item":"https:\/\/unhz.eu\/fakulteti-i-agrobiznesit\/"},{"@type":"ListItem","position":2,"name":"Programet EAA"}]},{"@type":"WebSite","@id":"https:\/\/unhz.eu\/fakulteti-i-agrobiznesit\/#website","url":"https:\/\/unhz.eu\/fakulteti-i-agrobiznesit\/","name":"Faculty of Agribussines","description":"Dedicated to standard quality and success","publisher":{"@id":"https:\/\/unhz.eu\/fakulteti-i-agrobiznesit\/#organization"},"potentialAction":[{"@type":"SearchAction","target":{"@type":"EntryPoint","urlTemplate":"https:\/\/unhz.eu\/fakulteti-i-agrobiznesit\/?s={search_term_string}"},"query-input":{"@type":"PropertyValueSpecification","valueRequired":true,"valueName":"search_term_string"}}],"inLanguage":"en-US"},{"@type":"Organization","@id":"https:\/\/unhz.eu\/fakulteti-i-agrobiznesit\/#organization","name":"Faculty of Agribussines","url":"https:\/\/unhz.eu\/fakulteti-i-agrobiznesit\/","logo":{"@type":"ImageObject","inLanguage":"en-US","@id":"https:\/\/unhz.eu\/fakulteti-i-agrobiznesit\/#\/schema\/logo\/image\/","url":"https:\/\/unhz.eu\/fakulteti-i-agrobiznesit\/wp-content\/uploads\/sites\/11\/2024\/02\/cropped-logo-1-1-e1713527702695.png","contentUrl":"https:\/\/unhz.eu\/fakulteti-i-agrobiznesit\/wp-content\/uploads\/sites\/11\/2024\/02\/cropped-logo-1-1-e1713527702695.png","width":100,"height":100,"caption":"Fakulteti i Agrobiznesit"},"image":{"@id":"https:\/\/unhz.eu\/fakulteti-i-agrobiznesit\/#\/schema\/logo\/image\/"}}]}},"_links":{"self":[{"href":"https:\/\/unhz.eu\/fakulteti-i-agrobiznesit\/en\/wp-json\/wp\/v2\/pages\/49160","targetHints":{"allow":["GET"]}}],"collection":[{"href":"https:\/\/unhz.eu\/fakulteti-i-agrobiznesit\/en\/wp-json\/wp\/v2\/pages"}],"about":[{"href":"https:\/\/unhz.eu\/fakulteti-i-agrobiznesit\/en\/wp-json\/wp\/v2\/types\/page"}],"author":[{"embeddable":true,"href":"https:\/\/unhz.eu\/fakulteti-i-agrobiznesit\/en\/wp-json\/wp\/v2\/users\/1"}],"replies":[{"embeddable":true,"href":"https:\/\/unhz.eu\/fakulteti-i-agrobiznesit\/en\/wp-json\/wp\/v2\/comments?post=49160"}],"version-history":[{"count":1,"href":"https:\/\/unhz.eu\/fakulteti-i-agrobiznesit\/en\/wp-json\/wp\/v2\/pages\/49160\/revisions"}],"predecessor-version":[{"id":49161,"href":"https:\/\/unhz.eu\/fakulteti-i-agrobiznesit\/en\/wp-json\/wp\/v2\/pages\/49160\/revisions\/49161"}],"wp:attachment":[{"href":"https:\/\/unhz.eu\/fakulteti-i-agrobiznesit\/en\/wp-json\/wp\/v2\/media?parent=49160"}],"curies":[{"name":"wp","href":"https:\/\/api.w.org\/{rel}","templated":true}]}}