{"id":48718,"date":"2025-01-21T14:48:57","date_gmt":"2025-01-21T14:48:57","guid":{"rendered":"https:\/\/unhz.eu\/fakulteti-i-agrobiznesit\/?page_id=48718"},"modified":"2026-02-06T12:34:52","modified_gmt":"2026-02-06T12:34:52","slug":"stafi","status":"publish","type":"page","link":"https:\/\/unhz.eu\/fakulteti-i-agrobiznesit\/en\/stafi\/","title":{"rendered":"Staff"},"content":{"rendered":"<p>The Faculty of Agribusiness at Haxhi Zeka University is supported by a professional and dedicated team, which includes the Dean's Office, academic staff and administrative staff. This faculty aims to develop knowledge and practical skills in the field of agriculture, agribusiness and natural resource management.<\/p>\n\n\n\n<p><strong>The Dean's Office<\/strong><br>The Dean's Office, consisting of the Dean and Vice-Deans, is the governing body of the faculty. They are responsible for strategic planning, the development of study programs, and strengthening collaborations with local and international institutions in the agribusiness sector. The Dean's Office works to ensure that the faculty is up to date with market demands and global challenges in agriculture and agribusiness.<\/p>\n\n\n\n<p><strong>Academic Staff:<\/strong><br>The academic staff consists of professors and experts specialized in fields such as agricultural economics, food technology, agricultural resource management and environmental sustainability. This team conveys theoretical and practical knowledge through modern teaching methods and scientific research, helping students develop their professional skills and contribute to the development of the agricultural sector.<\/p>\n\n\n\n<p><strong>Administrative Staff<\/strong><br>The administrative staff ensures the efficient functioning of the faculty, supporting academic and administrative processes. This team is responsible for organizing registration procedures, managing documentation, and facilitating communication between students and academic staff.<\/p>\n\n\n\n<p>The Faculty of Agribusiness aims to educate a new generation of professionals who will contribute to the development of agriculture and agribusiness, integrating modern technologies and sustainable practices. With a dedicated staff and an innovation-oriented environment, this faculty is committed to the advancement of the community and the agricultural economy.<\/p>\n\n\n\n<p><\/p>","protected":false},"excerpt":{"rendered":"<p>Fakulteti i Agrobiznesit n\u00eb Universitetin &#8220;Haxhi Zeka&#8221; mb\u00ebshtetet nga nj\u00eb ekip profesional dhe i p\u00ebrkushtuar, q\u00eb p\u00ebrfshin Dekanatin, personelin akademik dhe stafin administrativ. Ky fakultet ka p\u00ebr q\u00ebllim zhvillimin e&hellip;<\/p>","protected":false},"author":1,"featured_media":0,"parent":0,"menu_order":0,"comment_status":"closed","ping_status":"closed","template":"","meta":{"footnotes":""},"class_list":["post-48718","page","type-page","status-publish","hentry"],"yoast_head":"<!-- This site is optimized with the Yoast SEO Premium plugin v27.2 (Yoast SEO v27.2) - https:\/\/yoast.com\/product\/yoast-seo-premium-wordpress\/ -->\n<title>Stafi Akademik &amp; Administrativ \u2013 Fakulteti i Agrobiznesit | UNHZ<\/title>\n<meta name=\"description\" content=\"Njihuni me stafin akademik dhe administrativ t\u00eb Fakultetit t\u00eb Agrobiznesit n\u00eb UNHZ \u2014 profesionist\u00eb n\u00eb bujq\u00ebsi, teknologji ushqimore, agromjedis dhe mjedis.\" \/>\n<meta name=\"robots\" content=\"index, follow, max-snippet:-1, max-image-preview:large, max-video-preview:-1\" \/>\n<link rel=\"canonical\" href=\"https:\/\/unhz.eu\/fakulteti-i-agrobiznesit\/en\/stafi\/\" \/>\n<meta property=\"og:locale\" content=\"en_US\" \/>\n<meta property=\"og:type\" content=\"article\" \/>\n<meta property=\"og:title\" content=\"Stafi\" \/>\n<meta property=\"og:description\" content=\"Njihuni me stafin akademik dhe administrativ t\u00eb Fakultetit t\u00eb Agrobiznesit n\u00eb UNHZ \u2014 profesionist\u00eb n\u00eb bujq\u00ebsi, teknologji ushqimore, agromjedis dhe mjedis.\" \/>\n<meta property=\"og:url\" content=\"https:\/\/unhz.eu\/fakulteti-i-agrobiznesit\/en\/stafi\/\" \/>\n<meta property=\"og:site_name\" content=\"Fakulteti i Agrobiznesit\" \/>\n<meta property=\"article:modified_time\" content=\"2026-02-06T12:34:52+00:00\" \/>\n<meta name=\"twitter:card\" content=\"summary_large_image\" \/>\n<meta name=\"twitter:label1\" content=\"Est. reading time\" \/>\n\t<meta name=\"twitter:data1\" content=\"2 minutes\" \/>\n<script type=\"application\/ld+json\" class=\"yoast-schema-graph\">{\"@context\":\"https:\/\/schema.org\",\"@graph\":[{\"@type\":\"WebPage\",\"@id\":\"https:\/\/unhz.eu\/fakulteti-i-agrobiznesit\/stafi\/\",\"url\":\"https:\/\/unhz.eu\/fakulteti-i-agrobiznesit\/stafi\/\",\"name\":\"Stafi Akademik & Administrativ \u2013 Fakulteti i Agrobiznesit | UNHZ\",\"isPartOf\":{\"@id\":\"https:\/\/unhz.eu\/fakulteti-i-agrobiznesit\/#website\"},\"datePublished\":\"2025-01-21T14:48:57+00:00\",\"dateModified\":\"2026-02-06T12:34:52+00:00\",\"description\":\"Njihuni me stafin akademik dhe administrativ t\u00eb Fakultetit t\u00eb Agrobiznesit n\u00eb UNHZ \u2014 profesionist\u00eb n\u00eb bujq\u00ebsi, teknologji ushqimore, agromjedis dhe mjedis.\",\"breadcrumb\":{\"@id\":\"https:\/\/unhz.eu\/fakulteti-i-agrobiznesit\/stafi\/#breadcrumb\"},\"inLanguage\":\"en-US\",\"potentialAction\":[{\"@type\":\"ReadAction\",\"target\":[\"https:\/\/unhz.eu\/fakulteti-i-agrobiznesit\/stafi\/\"]}]},{\"@type\":\"BreadcrumbList\",\"@id\":\"https:\/\/unhz.eu\/fakulteti-i-agrobiznesit\/stafi\/#breadcrumb\",\"itemListElement\":[{\"@type\":\"ListItem\",\"position\":1,\"name\":\"Home\",\"item\":\"https:\/\/unhz.eu\/fakulteti-i-agrobiznesit\/\"},{\"@type\":\"ListItem\",\"position\":2,\"name\":\"Stafi\"}]},{\"@type\":\"WebSite\",\"@id\":\"https:\/\/unhz.eu\/fakulteti-i-agrobiznesit\/#website\",\"url\":\"https:\/\/unhz.eu\/fakulteti-i-agrobiznesit\/\",\"name\":\"Fakulteti i Agrobiznesit\",\"description\":\"I dedikuar p\u00ebr cil\u00ebsi standarde dhe suksese\",\"publisher\":{\"@id\":\"https:\/\/unhz.eu\/fakulteti-i-agrobiznesit\/#organization\"},\"potentialAction\":[{\"@type\":\"SearchAction\",\"target\":{\"@type\":\"EntryPoint\",\"urlTemplate\":\"https:\/\/unhz.eu\/fakulteti-i-agrobiznesit\/?s={search_term_string}\"},\"query-input\":{\"@type\":\"PropertyValueSpecification\",\"valueRequired\":true,\"valueName\":\"search_term_string\"}}],\"inLanguage\":\"en-US\"},{\"@type\":\"Organization\",\"@id\":\"https:\/\/unhz.eu\/fakulteti-i-agrobiznesit\/#organization\",\"name\":\"Fakulteti i Agrobiznesit\",\"url\":\"https:\/\/unhz.eu\/fakulteti-i-agrobiznesit\/\",\"logo\":{\"@type\":\"ImageObject\",\"inLanguage\":\"en-US\",\"@id\":\"https:\/\/unhz.eu\/fakulteti-i-agrobiznesit\/#\/schema\/logo\/image\/\",\"url\":\"https:\/\/unhz.eu\/fakulteti-i-agrobiznesit\/wp-content\/uploads\/sites\/11\/2024\/02\/cropped-logo-1-1-e1713527702695.png\",\"contentUrl\":\"https:\/\/unhz.eu\/fakulteti-i-agrobiznesit\/wp-content\/uploads\/sites\/11\/2024\/02\/cropped-logo-1-1-e1713527702695.png\",\"width\":100,\"height\":100,\"caption\":\"Fakulteti i Agrobiznesit\"},\"image\":{\"@id\":\"https:\/\/unhz.eu\/fakulteti-i-agrobiznesit\/#\/schema\/logo\/image\/\"}}]}<\/script>\n<!-- \/ Yoast SEO Premium plugin. -->","yoast_head_json":{"title":"Stafi Akademik & Administrativ \u2013 Fakulteti i Agrobiznesit | UNHZ","description":"Njihuni me stafin akademik dhe administrativ t\u00eb Fakultetit t\u00eb Agrobiznesit n\u00eb UNHZ \u2014 profesionist\u00eb n\u00eb bujq\u00ebsi, teknologji ushqimore, agromjedis dhe mjedis.","robots":{"index":"index","follow":"follow","max-snippet":"max-snippet:-1","max-image-preview":"max-image-preview:large","max-video-preview":"max-video-preview:-1"},"canonical":"https:\/\/unhz.eu\/fakulteti-i-agrobiznesit\/en\/stafi\/","og_locale":"en_US","og_type":"article","og_title":"Stafi","og_description":"Njihuni me stafin akademik dhe administrativ t\u00eb Fakultetit t\u00eb Agrobiznesit n\u00eb UNHZ \u2014 profesionist\u00eb n\u00eb bujq\u00ebsi, teknologji ushqimore, agromjedis dhe mjedis.","og_url":"https:\/\/unhz.eu\/fakulteti-i-agrobiznesit\/en\/stafi\/","og_site_name":"Fakulteti i Agrobiznesit","article_modified_time":"2026-02-06T12:34:52+00:00","twitter_card":"summary_large_image","twitter_misc":{"Est. reading time":"2 minutes"},"schema":{"@context":"https:\/\/schema.org","@graph":[{"@type":"WebPage","@id":"https:\/\/unhz.eu\/fakulteti-i-agrobiznesit\/stafi\/","url":"https:\/\/unhz.eu\/fakulteti-i-agrobiznesit\/stafi\/","name":"Stafi Akademik & Administrativ \u2013 Fakulteti i Agrobiznesit | UNHZ","isPartOf":{"@id":"https:\/\/unhz.eu\/fakulteti-i-agrobiznesit\/#website"},"datePublished":"2025-01-21T14:48:57+00:00","dateModified":"2026-02-06T12:34:52+00:00","description":"Njihuni me stafin akademik dhe administrativ t\u00eb Fakultetit t\u00eb Agrobiznesit n\u00eb UNHZ \u2014 profesionist\u00eb n\u00eb bujq\u00ebsi, teknologji ushqimore, agromjedis dhe mjedis.","breadcrumb":{"@id":"https:\/\/unhz.eu\/fakulteti-i-agrobiznesit\/stafi\/#breadcrumb"},"inLanguage":"en-US","potentialAction":[{"@type":"ReadAction","target":["https:\/\/unhz.eu\/fakulteti-i-agrobiznesit\/stafi\/"]}]},{"@type":"BreadcrumbList","@id":"https:\/\/unhz.eu\/fakulteti-i-agrobiznesit\/stafi\/#breadcrumb","itemListElement":[{"@type":"ListItem","position":1,"name":"Home","item":"https:\/\/unhz.eu\/fakulteti-i-agrobiznesit\/"},{"@type":"ListItem","position":2,"name":"Stafi"}]},{"@type":"WebSite","@id":"https:\/\/unhz.eu\/fakulteti-i-agrobiznesit\/#website","url":"https:\/\/unhz.eu\/fakulteti-i-agrobiznesit\/","name":"Faculty of Agribussines","description":"Dedicated to standard quality and success","publisher":{"@id":"https:\/\/unhz.eu\/fakulteti-i-agrobiznesit\/#organization"},"potentialAction":[{"@type":"SearchAction","target":{"@type":"EntryPoint","urlTemplate":"https:\/\/unhz.eu\/fakulteti-i-agrobiznesit\/?s={search_term_string}"},"query-input":{"@type":"PropertyValueSpecification","valueRequired":true,"valueName":"search_term_string"}}],"inLanguage":"en-US"},{"@type":"Organization","@id":"https:\/\/unhz.eu\/fakulteti-i-agrobiznesit\/#organization","name":"Faculty of Agribussines","url":"https:\/\/unhz.eu\/fakulteti-i-agrobiznesit\/","logo":{"@type":"ImageObject","inLanguage":"en-US","@id":"https:\/\/unhz.eu\/fakulteti-i-agrobiznesit\/#\/schema\/logo\/image\/","url":"https:\/\/unhz.eu\/fakulteti-i-agrobiznesit\/wp-content\/uploads\/sites\/11\/2024\/02\/cropped-logo-1-1-e1713527702695.png","contentUrl":"https:\/\/unhz.eu\/fakulteti-i-agrobiznesit\/wp-content\/uploads\/sites\/11\/2024\/02\/cropped-logo-1-1-e1713527702695.png","width":100,"height":100,"caption":"Fakulteti i Agrobiznesit"},"image":{"@id":"https:\/\/unhz.eu\/fakulteti-i-agrobiznesit\/#\/schema\/logo\/image\/"}}]}},"_links":{"self":[{"href":"https:\/\/unhz.eu\/fakulteti-i-agrobiznesit\/en\/wp-json\/wp\/v2\/pages\/48718","targetHints":{"allow":["GET"]}}],"collection":[{"href":"https:\/\/unhz.eu\/fakulteti-i-agrobiznesit\/en\/wp-json\/wp\/v2\/pages"}],"about":[{"href":"https:\/\/unhz.eu\/fakulteti-i-agrobiznesit\/en\/wp-json\/wp\/v2\/types\/page"}],"author":[{"embeddable":true,"href":"https:\/\/unhz.eu\/fakulteti-i-agrobiznesit\/en\/wp-json\/wp\/v2\/users\/1"}],"replies":[{"embeddable":true,"href":"https:\/\/unhz.eu\/fakulteti-i-agrobiznesit\/en\/wp-json\/wp\/v2\/comments?post=48718"}],"version-history":[{"count":1,"href":"https:\/\/unhz.eu\/fakulteti-i-agrobiznesit\/en\/wp-json\/wp\/v2\/pages\/48718\/revisions"}],"predecessor-version":[{"id":49547,"href":"https:\/\/unhz.eu\/fakulteti-i-agrobiznesit\/en\/wp-json\/wp\/v2\/pages\/48718\/revisions\/49547"}],"wp:attachment":[{"href":"https:\/\/unhz.eu\/fakulteti-i-agrobiznesit\/en\/wp-json\/wp\/v2\/media?parent=48718"}],"curies":[{"name":"wp","href":"https:\/\/api.w.org\/{rel}","templated":true}]}}