{"id":48691,"date":"2025-01-21T14:20:06","date_gmt":"2025-01-21T14:20:06","guid":{"rendered":"https:\/\/unhz.eu\/fakulteti-i-agrobiznesit\/?page_id=48691"},"modified":"2026-02-06T12:33:32","modified_gmt":"2026-02-06T12:33:32","slug":"sistemet-e-qendrueshme-te-prodhimit-te-ushqimit","status":"publish","type":"page","link":"https:\/\/unhz.eu\/fakulteti-i-agrobiznesit\/en\/sistemet-e-qendrueshme-te-prodhimit-te-ushqimit\/","title":{"rendered":"Sistemet e q\u00ebndrueshme t\u00eb prodhimit t\u00eb ushqimit"},"content":{"rendered":"<p><strong>Programi i studimit- Master n\u00eb Sistemet e q\u00ebndrueshme t\u00eb prodhimit t\u00eb ushqimit<\/strong><\/p>\n\n\n\n<p><strong>Semestri I (par\u00eb) L\u00ebnd\u00ebt e obligueshme<\/strong><\/p>\n\n\n\n<figure class=\"wp-block-table\"><table class=\"has-fixed-layout\"><tbody><tr><td colspan=\"6\">Viti I<\/td><\/tr><tr><td colspan=\"3\">Semestri I<\/td><td colspan=\"3\">Or\u00eb\/jav\u00eb<\/td><\/tr><tr><td>Nr.<\/td><td>O<\/td><td>L\u00ebnd\u00ebt<\/td><td>L<\/td><td>U<\/td><td>ECTS<\/td><\/tr><tr><td>1<\/td><td>O<\/td><td><a href=\"https:\/\/old.unhz.eu\/wp-content\/uploads\/2023\/12\/Bazat-e-sistemeve-te-qendrueshme-te-prodhimit-ushqimor.pdf\">Bazat e sistemeve t\u00eb q\u00ebndrueshme t\u00eb prodhimit ushqimor<\/a><\/td><td>2<\/td><td>2<\/td><td>5<\/td><\/tr><tr><td>2<\/td><td>O<\/td><td><a href=\"https:\/\/old.unhz.eu\/wp-content\/uploads\/2023\/12\/Menaxhimi-i-mbeturinave-bujqesore-dhe-te-ushqimit-AL.pdf\">Menaxhimi i mbeturinave bujq\u00ebsore dhe t\u00eb ushqimit<\/a><\/td><td>2<\/td><td>2<\/td><td>5<\/td><\/tr><tr><td>3<\/td><td>O<\/td><td><a href=\"https:\/\/old.unhz.eu\/wp-content\/uploads\/2023\/12\/3.-Shkence-dhe-teknologji-e-avancuar-e-ushqimit.pdf\">Shkenc\u00eb dhe teknologji e avancuar e ushqimit<\/a><\/td><td>2<\/td><td>2<\/td><td>5<\/td><\/tr><tr><td>4<\/td><td>O<\/td><td><a href=\"https:\/\/old.unhz.eu\/wp-content\/uploads\/2023\/12\/4.-Politika-e-qeverisjes-dhe-legjislacioni-mbi-bujqesine.pdf\">Qeverisja, politikat dhe legjislacioni n\u00eb sektorin agro-ushqimor<\/a><\/td><td>2<\/td><td>2<\/td><td>5<\/td><\/tr><tr><td>5<\/td><td>O<\/td><td><a href=\"https:\/\/old.unhz.eu\/wp-content\/uploads\/2023\/12\/5.-Etika-ushqimore_Shq.pdf\">Etika ushqimore<\/a><\/td><td>2<\/td><td>2<\/td><td>5<\/td><\/tr><tr><td>6<\/td><td>O<\/td><td><a href=\"https:\/\/old.unhz.eu\/wp-content\/uploads\/2023\/12\/6.-Metod.-forma-e-gjate-shqip.-24.pdf\">Metodologjit\u00eb dhe mjetet e hulumtimit<\/a><\/td><td>2<\/td><td>2<\/td><td>5<\/td><\/tr><\/tbody><\/table><\/figure>\n\n\n\n<p><strong>Semestri i II (dyt\u00eb)&nbsp; L\u00ebnd\u00ebt zgjedhore<\/strong><\/p>\n\n\n\n<figure class=\"wp-block-table\"><table class=\"has-fixed-layout\"><tbody><tr><td colspan=\"6\">Viti I<\/td><\/tr><tr><td colspan=\"3\">Semestri II<\/td><td colspan=\"3\">Or\u00eb\/jav\u00eb<\/td><\/tr><tr><td>Nr.<\/td><td>Z<\/td><td>L\u00ebnd\u00ebt<\/td><td>L<\/td><td>U<\/td><td>ECTS<\/td><\/tr><tr><td>1<\/td><td>Z<\/td><td><a href=\"https:\/\/old.unhz.eu\/wp-content\/uploads\/2023\/12\/7.-Zhvillimi-i-sistemit-te-cilesise-menaxhimit-dhe-vleresimit.pdf\">Zhvillimi i sistemit t\u00eb cil\u00ebsis\u00eb, menaxhimit dhe vler\u00ebsimit t\u00eb afatit t\u00eb q\u00ebndrueshm\u00ebris\u00eb s\u00eb ushqimit<\/a><\/td><td>2<\/td><td>2<\/td><td>5<\/td><\/tr><tr><td>2<\/td><td>Z<\/td><td><a href=\"https:\/\/old.unhz.eu\/wp-content\/uploads\/2023\/12\/8.-Cilesia-dhe-qendrueshmeria-e-prodhimit-te-ushqimit-nga-resurset-b.pdf\">Cil\u00ebsia dhe q\u00ebndrueshm\u00ebria e prodhimit ushqimor nga resurset bimore<\/a><\/td><td>2<\/td><td>2<\/td><td>5<\/td><\/tr><tr><td>3<\/td><td>Z<\/td><td><a href=\"https:\/\/old.unhz.eu\/wp-content\/uploads\/2023\/12\/9.-Sistemet-e-gjurmueshmerise-se-produkteve-ushqimore.pdf\">Sistemet e gjurmimit t\u00eb produkteve ushqimore<\/a><\/td><td>2<\/td><td>2<\/td><td>5<\/td><\/tr><tr><td>4<\/td><td>Z<\/td><td><a href=\"https:\/\/old.unhz.eu\/wp-content\/uploads\/2023\/12\/10.-Syllabusi_Nutricioni.pdf\">Nutricioni<\/a><\/td><td>2<\/td><td>2<\/td><td>5<\/td><\/tr><tr><td>5<\/td><td>Z<\/td><td><a href=\"https:\/\/old.unhz.eu\/wp-content\/uploads\/2023\/12\/11.-Praktikat-e-reja-te-vjeljes-dhe-pas-vjeljes.pdf\">Praktikat e reja t\u00eb vjeljes dhe pas-vjeljes<\/a><\/td><td>2<\/td><td>2<\/td><td>5<\/td><\/tr><tr><td>6<\/td><td>Z<\/td><td><a href=\"https:\/\/old.unhz.eu\/wp-content\/uploads\/2023\/12\/12.-Qedrueshmeria-ekologjike-ne-menaxhimin-dhe-konservimin-te-peshkut.pdf\">Q\u00ebndrueshm\u00ebria ekologjike n\u00eb menaxhim dhe konservim t\u00eb peshkut<\/a><\/td><td>2<\/td><td>2<\/td><td>5<\/td><\/tr><tr><td>7<\/td><td>Z<\/td><td><a href=\"https:\/\/old.unhz.eu\/wp-content\/uploads\/2023\/12\/13.Kimia-e-mjedisit-ndaj-perpunimit-te-ushqimit.pdf\">Kimia e mjedisit ndaj p\u00ebrpunimit t\u00eb ushqimit<\/a><\/td><td>2<\/td><td>2<\/td><td>5<\/td><\/tr><\/tbody><\/table><\/figure>\n\n\n\n<p><strong>Semestri i III (tret\u00eb)&nbsp; L\u00ebnd\u00ebt zgjedhore<\/strong><\/p>\n\n\n\n<figure class=\"wp-block-table\"><table class=\"has-fixed-layout\"><tbody><tr><td colspan=\"6\">Viti II<\/td><\/tr><tr><td colspan=\"3\">Semestri III<\/td><td colspan=\"3\">Or\u00eb\/jav\u00eb<\/td><\/tr><tr><td>Nr.<\/td><td>Z<\/td><td>L\u00ebnd\u00ebt<\/td><td>L<\/td><td>U<\/td><td>ECTS<\/td><\/tr><tr><td>1<\/td><td>Z<\/td><td><a href=\"https:\/\/old.unhz.eu\/wp-content\/uploads\/2023\/12\/15.-Syll-Teknologjia-e-qendrueshme-e-produkteve-te-qumeshtit-shqip.pdf\">Teknologjia e q\u00ebndrueshme e prodhimeve t\u00eb qum\u00ebshtit<\/a><\/td><td>2<\/td><td>2<\/td><td>5<\/td><\/tr><tr><td>2<\/td><td>Z<\/td><td><a href=\"https:\/\/old.unhz.eu\/wp-content\/uploads\/2023\/12\/16.-Teknologji-te-Qendrueshme-te-Produkteve-te-Perpunuara-te-Frutave-dhe-Perimeve.pdf\">Teknologjia e q\u00ebndrueshme e produkteve t\u00eb p\u00ebrpunimit t\u00eb frutave dhe perimeve<\/a><\/td><td>2<\/td><td>2<\/td><td>5<\/td><\/tr><tr><td>3<\/td><td>Z<\/td><td><a href=\"https:\/\/old.unhz.eu\/wp-content\/uploads\/2023\/12\/17.-Perdorimi-i-qendrueshem-i-produkteve-per-mbrojtjen-e-bimeve.pdf\">P\u00ebrdorimi i q\u00ebndruesh\u00ebm i produkteve p\u00ebr mbrojtjen e bim\u00ebve<\/a><\/td><td>2<\/td><td>2<\/td><td>5<\/td><\/tr><tr><td>4<\/td><td>Z<\/td><td><a href=\"https:\/\/old.unhz.eu\/wp-content\/uploads\/2023\/12\/18.-Syllabusi_Teknologjia-e-qendrueshme-e-veres-birres-dhe.pdf\">Teknologjia e q\u00ebndrueshme e ver\u00ebs, birr\u00ebs dhe alkoolit<\/a><\/td><td>2<\/td><td>2<\/td><td>5<\/td><\/tr><tr><td>5<\/td><td>Z<\/td><td><a href=\"https:\/\/old.unhz.eu\/wp-content\/uploads\/2023\/12\/19.-Teknologjia-e-Qendrueshme-e-Produkteve-te-Pjekjes.pdf\">Teknologjia e q\u00ebndrueshme e produkteve t\u00eb pjekjes<\/a><\/td><td>2<\/td><td>2<\/td><td>5<\/td><\/tr><tr><td>6<\/td><td>Z<\/td><td><a href=\"https:\/\/old.unhz.eu\/wp-content\/uploads\/2023\/12\/20.-Shkenca-e-konsumatorit-dhe-konsumi-i-qendrueshem_Shq.pdf\">Shkenca e konsumatorit dhe konsumi i q\u00ebndruesh\u00ebm<\/a><\/td><td>2<\/td><td>2<\/td><td>5<\/td><\/tr><tr><td>7<\/td><td>Z<\/td><td><a href=\"https:\/\/old.unhz.eu\/wp-content\/uploads\/2023\/12\/21.-Inovacioni-dhe-ndermarresia-per-sisteme-te-qendrueshme-te-prodhimit-te-ushqimit.pdf\">Inovacioni dhe nd\u00ebrmarr\u00ebsi p\u00ebr sistemet e q\u00ebndrueshme t\u00eb ushqimit<\/a><\/td><td>2<\/td><td>2<\/td><td>5<\/td><\/tr><tr><td>8<\/td><td>Z<\/td><td><a href=\"https:\/\/old.unhz.eu\/wp-content\/uploads\/2023\/12\/22.-Marketingu-i-produkteve-te-qendrueshme-agro-ushqimore.pdf\">Marketingu i produkteve t\u00eb q\u00ebndrueshme agro-ushqimore<\/a><\/td><td>2<\/td><td>2<\/td><td>5<\/td><\/tr><tr><td>9<\/td><td>Z<\/td><td><a href=\"https:\/\/old.unhz.eu\/wp-content\/uploads\/2023\/12\/23.-Total-Quality-Management-Shqip.pdf\">Menaxhimi i p\u00ebrgjithsh\u00ebm i cil\u00ebsis\u00eb n\u00eb sektorin agro-ushqimor<\/a><\/td><td>2<\/td><td>2<\/td><td>5<\/td><\/tr><tr><td>10<\/td><td>Z<\/td><td><a href=\"https:\/\/old.unhz.eu\/wp-content\/uploads\/2023\/12\/24.-Sustainable-Food-Value-Chain-Management-shqip.pdf\">Menaxhimi i q\u00ebndruesh\u00ebm i zinxhirit t\u00eb vler\u00ebs ushqimore<\/a><\/td><td>2<\/td><td>2<\/td><td>5<\/td><\/tr><\/tbody><\/table><\/figure>\n\n\n\n<p><strong>Semestri IV (kat\u00ebrt) Punimi i tem\u00ebs Master<\/strong><\/p>\n\n\n\n<figure class=\"wp-block-table\"><table class=\"has-fixed-layout\"><tbody><tr><td colspan=\"6\">Viti II<\/td><\/tr><tr><td colspan=\"3\">Semestri IV<\/td><td colspan=\"3\">Or\u00eb\/jav\u00eb<\/td><\/tr><tr><td>Nr.<\/td><td>O<\/td><td>L\u00ebnd\u00ebt<\/td><td>L<\/td><td>U<\/td><td>ECTS<\/td><\/tr><tr><td><\/td><td>O<\/td><td>Punim i tem\u00ebs master<\/td><td><\/td><td><\/td><td>30<\/td><\/tr><\/tbody><\/table><\/figure>","protected":false},"excerpt":{"rendered":"<p>Programi i studimit- Master n\u00eb Sistemet e q\u00ebndrueshme t\u00eb prodhimit t\u00eb ushqimit Semestri I (par\u00eb) L\u00ebnd\u00ebt e obligueshme Viti I Semestri I Or\u00eb\/jav\u00eb Nr. O L\u00ebnd\u00ebt L U ECTS 1&hellip;<\/p>","protected":false},"author":1,"featured_media":0,"parent":0,"menu_order":0,"comment_status":"closed","ping_status":"closed","template":"","meta":{"footnotes":""},"class_list":["post-48691","page","type-page","status-publish","hentry"],"yoast_head":"<!-- This site is optimized with the Yoast SEO Premium plugin v27.2 (Yoast SEO v27.2) - https:\/\/yoast.com\/product\/yoast-seo-premium-wordpress\/ -->\n<title>Sistemet e Q\u00ebndrueshme t\u00eb Prodhimit t\u00eb Ushqimit \u2013 Master | UNHZ<\/title>\n<meta name=\"description\" content=\"Programi Master \u201cSistemet e Q\u00ebndrueshme t\u00eb Prodhimit t\u00eb Ushqimit\u201d n\u00eb Fakultetin e Agrobiznesit UNHZ \u2013 kurikula, l\u00ebnd\u00ebt e studimit dhe fokus n\u00eb prodhim ushqimor t\u00eb q\u00ebndruesh\u00ebm.\" \/>\n<meta name=\"robots\" content=\"index, follow, max-snippet:-1, max-image-preview:large, max-video-preview:-1\" \/>\n<link rel=\"canonical\" href=\"https:\/\/unhz.eu\/fakulteti-i-agrobiznesit\/en\/sistemet-e-qendrueshme-te-prodhimit-te-ushqimit\/\" \/>\n<meta property=\"og:locale\" content=\"en_US\" \/>\n<meta property=\"og:type\" content=\"article\" \/>\n<meta property=\"og:title\" content=\"Sistemet e q\u00ebndrueshme t\u00eb prodhimit t\u00eb ushqimit\" \/>\n<meta property=\"og:description\" content=\"Programi Master \u201cSistemet e Q\u00ebndrueshme t\u00eb Prodhimit t\u00eb Ushqimit\u201d n\u00eb Fakultetin e Agrobiznesit UNHZ \u2013 kurikula, l\u00ebnd\u00ebt e studimit dhe fokus n\u00eb prodhim ushqimor t\u00eb q\u00ebndruesh\u00ebm.\" \/>\n<meta property=\"og:url\" content=\"https:\/\/unhz.eu\/fakulteti-i-agrobiznesit\/en\/sistemet-e-qendrueshme-te-prodhimit-te-ushqimit\/\" \/>\n<meta property=\"og:site_name\" content=\"Fakulteti i Agrobiznesit\" \/>\n<meta property=\"article:modified_time\" content=\"2026-02-06T12:33:32+00:00\" \/>\n<meta name=\"twitter:card\" content=\"summary_large_image\" \/>\n<meta name=\"twitter:label1\" content=\"Est. reading time\" \/>\n\t<meta name=\"twitter:data1\" content=\"3 minutes\" \/>\n<script type=\"application\/ld+json\" class=\"yoast-schema-graph\">{\"@context\":\"https:\/\/schema.org\",\"@graph\":[{\"@type\":\"WebPage\",\"@id\":\"https:\/\/unhz.eu\/fakulteti-i-agrobiznesit\/sistemet-e-qendrueshme-te-prodhimit-te-ushqimit\/\",\"url\":\"https:\/\/unhz.eu\/fakulteti-i-agrobiznesit\/sistemet-e-qendrueshme-te-prodhimit-te-ushqimit\/\",\"name\":\"Sistemet e Q\u00ebndrueshme t\u00eb Prodhimit t\u00eb Ushqimit \u2013 Master | UNHZ\",\"isPartOf\":{\"@id\":\"https:\/\/unhz.eu\/fakulteti-i-agrobiznesit\/#website\"},\"datePublished\":\"2025-01-21T14:20:06+00:00\",\"dateModified\":\"2026-02-06T12:33:32+00:00\",\"description\":\"Programi Master \u201cSistemet e Q\u00ebndrueshme t\u00eb Prodhimit t\u00eb Ushqimit\u201d n\u00eb Fakultetin e Agrobiznesit UNHZ \u2013 kurikula, l\u00ebnd\u00ebt e studimit dhe fokus n\u00eb prodhim ushqimor t\u00eb q\u00ebndruesh\u00ebm.\",\"breadcrumb\":{\"@id\":\"https:\/\/unhz.eu\/fakulteti-i-agrobiznesit\/sistemet-e-qendrueshme-te-prodhimit-te-ushqimit\/#breadcrumb\"},\"inLanguage\":\"en-US\",\"potentialAction\":[{\"@type\":\"ReadAction\",\"target\":[\"https:\/\/unhz.eu\/fakulteti-i-agrobiznesit\/sistemet-e-qendrueshme-te-prodhimit-te-ushqimit\/\"]}]},{\"@type\":\"BreadcrumbList\",\"@id\":\"https:\/\/unhz.eu\/fakulteti-i-agrobiznesit\/sistemet-e-qendrueshme-te-prodhimit-te-ushqimit\/#breadcrumb\",\"itemListElement\":[{\"@type\":\"ListItem\",\"position\":1,\"name\":\"Home\",\"item\":\"https:\/\/unhz.eu\/fakulteti-i-agrobiznesit\/\"},{\"@type\":\"ListItem\",\"position\":2,\"name\":\"Sistemet e q\u00ebndrueshme t\u00eb prodhimit t\u00eb ushqimit\"}]},{\"@type\":\"WebSite\",\"@id\":\"https:\/\/unhz.eu\/fakulteti-i-agrobiznesit\/#website\",\"url\":\"https:\/\/unhz.eu\/fakulteti-i-agrobiznesit\/\",\"name\":\"Fakulteti i Agrobiznesit\",\"description\":\"I dedikuar p\u00ebr cil\u00ebsi standarde dhe suksese\",\"publisher\":{\"@id\":\"https:\/\/unhz.eu\/fakulteti-i-agrobiznesit\/#organization\"},\"potentialAction\":[{\"@type\":\"SearchAction\",\"target\":{\"@type\":\"EntryPoint\",\"urlTemplate\":\"https:\/\/unhz.eu\/fakulteti-i-agrobiznesit\/?s={search_term_string}\"},\"query-input\":{\"@type\":\"PropertyValueSpecification\",\"valueRequired\":true,\"valueName\":\"search_term_string\"}}],\"inLanguage\":\"en-US\"},{\"@type\":\"Organization\",\"@id\":\"https:\/\/unhz.eu\/fakulteti-i-agrobiznesit\/#organization\",\"name\":\"Fakulteti i Agrobiznesit\",\"url\":\"https:\/\/unhz.eu\/fakulteti-i-agrobiznesit\/\",\"logo\":{\"@type\":\"ImageObject\",\"inLanguage\":\"en-US\",\"@id\":\"https:\/\/unhz.eu\/fakulteti-i-agrobiznesit\/#\/schema\/logo\/image\/\",\"url\":\"https:\/\/unhz.eu\/fakulteti-i-agrobiznesit\/wp-content\/uploads\/sites\/11\/2024\/02\/cropped-logo-1-1-e1713527702695.png\",\"contentUrl\":\"https:\/\/unhz.eu\/fakulteti-i-agrobiznesit\/wp-content\/uploads\/sites\/11\/2024\/02\/cropped-logo-1-1-e1713527702695.png\",\"width\":100,\"height\":100,\"caption\":\"Fakulteti i Agrobiznesit\"},\"image\":{\"@id\":\"https:\/\/unhz.eu\/fakulteti-i-agrobiznesit\/#\/schema\/logo\/image\/\"}}]}<\/script>\n<!-- \/ Yoast SEO Premium plugin. -->","yoast_head_json":{"title":"Sistemet e Q\u00ebndrueshme t\u00eb Prodhimit t\u00eb Ushqimit \u2013 Master | UNHZ","description":"Programi Master \u201cSistemet e Q\u00ebndrueshme t\u00eb Prodhimit t\u00eb Ushqimit\u201d n\u00eb Fakultetin e Agrobiznesit UNHZ \u2013 kurikula, l\u00ebnd\u00ebt e studimit dhe fokus n\u00eb prodhim ushqimor t\u00eb q\u00ebndruesh\u00ebm.","robots":{"index":"index","follow":"follow","max-snippet":"max-snippet:-1","max-image-preview":"max-image-preview:large","max-video-preview":"max-video-preview:-1"},"canonical":"https:\/\/unhz.eu\/fakulteti-i-agrobiznesit\/en\/sistemet-e-qendrueshme-te-prodhimit-te-ushqimit\/","og_locale":"en_US","og_type":"article","og_title":"Sistemet e q\u00ebndrueshme t\u00eb prodhimit t\u00eb ushqimit","og_description":"Programi Master \u201cSistemet e Q\u00ebndrueshme t\u00eb Prodhimit t\u00eb Ushqimit\u201d n\u00eb Fakultetin e Agrobiznesit UNHZ \u2013 kurikula, l\u00ebnd\u00ebt e studimit dhe fokus n\u00eb prodhim ushqimor t\u00eb q\u00ebndruesh\u00ebm.","og_url":"https:\/\/unhz.eu\/fakulteti-i-agrobiznesit\/en\/sistemet-e-qendrueshme-te-prodhimit-te-ushqimit\/","og_site_name":"Fakulteti i Agrobiznesit","article_modified_time":"2026-02-06T12:33:32+00:00","twitter_card":"summary_large_image","twitter_misc":{"Est. reading time":"3 minutes"},"schema":{"@context":"https:\/\/schema.org","@graph":[{"@type":"WebPage","@id":"https:\/\/unhz.eu\/fakulteti-i-agrobiznesit\/sistemet-e-qendrueshme-te-prodhimit-te-ushqimit\/","url":"https:\/\/unhz.eu\/fakulteti-i-agrobiznesit\/sistemet-e-qendrueshme-te-prodhimit-te-ushqimit\/","name":"Sistemet e Q\u00ebndrueshme t\u00eb Prodhimit t\u00eb Ushqimit \u2013 Master | UNHZ","isPartOf":{"@id":"https:\/\/unhz.eu\/fakulteti-i-agrobiznesit\/#website"},"datePublished":"2025-01-21T14:20:06+00:00","dateModified":"2026-02-06T12:33:32+00:00","description":"Programi Master \u201cSistemet e Q\u00ebndrueshme t\u00eb Prodhimit t\u00eb Ushqimit\u201d n\u00eb Fakultetin e Agrobiznesit UNHZ \u2013 kurikula, l\u00ebnd\u00ebt e studimit dhe fokus n\u00eb prodhim ushqimor t\u00eb q\u00ebndruesh\u00ebm.","breadcrumb":{"@id":"https:\/\/unhz.eu\/fakulteti-i-agrobiznesit\/sistemet-e-qendrueshme-te-prodhimit-te-ushqimit\/#breadcrumb"},"inLanguage":"en-US","potentialAction":[{"@type":"ReadAction","target":["https:\/\/unhz.eu\/fakulteti-i-agrobiznesit\/sistemet-e-qendrueshme-te-prodhimit-te-ushqimit\/"]}]},{"@type":"BreadcrumbList","@id":"https:\/\/unhz.eu\/fakulteti-i-agrobiznesit\/sistemet-e-qendrueshme-te-prodhimit-te-ushqimit\/#breadcrumb","itemListElement":[{"@type":"ListItem","position":1,"name":"Home","item":"https:\/\/unhz.eu\/fakulteti-i-agrobiznesit\/"},{"@type":"ListItem","position":2,"name":"Sistemet e q\u00ebndrueshme t\u00eb prodhimit t\u00eb ushqimit"}]},{"@type":"WebSite","@id":"https:\/\/unhz.eu\/fakulteti-i-agrobiznesit\/#website","url":"https:\/\/unhz.eu\/fakulteti-i-agrobiznesit\/","name":"Faculty of Agribussines","description":"Dedicated to standard quality and success","publisher":{"@id":"https:\/\/unhz.eu\/fakulteti-i-agrobiznesit\/#organization"},"potentialAction":[{"@type":"SearchAction","target":{"@type":"EntryPoint","urlTemplate":"https:\/\/unhz.eu\/fakulteti-i-agrobiznesit\/?s={search_term_string}"},"query-input":{"@type":"PropertyValueSpecification","valueRequired":true,"valueName":"search_term_string"}}],"inLanguage":"en-US"},{"@type":"Organization","@id":"https:\/\/unhz.eu\/fakulteti-i-agrobiznesit\/#organization","name":"Faculty of Agribussines","url":"https:\/\/unhz.eu\/fakulteti-i-agrobiznesit\/","logo":{"@type":"ImageObject","inLanguage":"en-US","@id":"https:\/\/unhz.eu\/fakulteti-i-agrobiznesit\/#\/schema\/logo\/image\/","url":"https:\/\/unhz.eu\/fakulteti-i-agrobiznesit\/wp-content\/uploads\/sites\/11\/2024\/02\/cropped-logo-1-1-e1713527702695.png","contentUrl":"https:\/\/unhz.eu\/fakulteti-i-agrobiznesit\/wp-content\/uploads\/sites\/11\/2024\/02\/cropped-logo-1-1-e1713527702695.png","width":100,"height":100,"caption":"Fakulteti i Agrobiznesit"},"image":{"@id":"https:\/\/unhz.eu\/fakulteti-i-agrobiznesit\/#\/schema\/logo\/image\/"}}]}},"_links":{"self":[{"href":"https:\/\/unhz.eu\/fakulteti-i-agrobiznesit\/en\/wp-json\/wp\/v2\/pages\/48691","targetHints":{"allow":["GET"]}}],"collection":[{"href":"https:\/\/unhz.eu\/fakulteti-i-agrobiznesit\/en\/wp-json\/wp\/v2\/pages"}],"about":[{"href":"https:\/\/unhz.eu\/fakulteti-i-agrobiznesit\/en\/wp-json\/wp\/v2\/types\/page"}],"author":[{"embeddable":true,"href":"https:\/\/unhz.eu\/fakulteti-i-agrobiznesit\/en\/wp-json\/wp\/v2\/users\/1"}],"replies":[{"embeddable":true,"href":"https:\/\/unhz.eu\/fakulteti-i-agrobiznesit\/en\/wp-json\/wp\/v2\/comments?post=48691"}],"version-history":[{"count":1,"href":"https:\/\/unhz.eu\/fakulteti-i-agrobiznesit\/en\/wp-json\/wp\/v2\/pages\/48691\/revisions"}],"predecessor-version":[{"id":49546,"href":"https:\/\/unhz.eu\/fakulteti-i-agrobiznesit\/en\/wp-json\/wp\/v2\/pages\/48691\/revisions\/49546"}],"wp:attachment":[{"href":"https:\/\/unhz.eu\/fakulteti-i-agrobiznesit\/en\/wp-json\/wp\/v2\/media?parent=48691"}],"curies":[{"name":"wp","href":"https:\/\/api.w.org\/{rel}","templated":true}]}}