{"id":48662,"date":"2025-01-21T14:07:59","date_gmt":"2025-01-21T14:07:59","guid":{"rendered":"https:\/\/unhz.eu\/fakulteti-i-agrobiznesit\/?page_id=48662"},"modified":"2026-02-06T12:42:24","modified_gmt":"2026-02-06T12:42:24","slug":"teknologji-ushqimore","status":"publish","type":"page","link":"https:\/\/unhz.eu\/fakulteti-i-agrobiznesit\/en\/teknologji-ushqimore\/","title":{"rendered":"Food Technology"},"content":{"rendered":"<h5 class=\"wp-block-heading\"><strong>PROGRAMI I STUDIMIT DEPARTAMENTI TEKNOLOGJIA USHQIMORE \u2013 BACHELOR&nbsp;<\/strong><\/h5>\n\n\n\n<p><strong>Viti Par\u00eb \u2013 Semestri i par\u00eb dhe i dyt\u00eb<\/strong><\/p>\n\n\n\n<figure class=\"wp-block-table\"><table class=\"has-fixed-layout\"><tbody><tr><td colspan=\"5\"><strong>Viti i Par\u00eb \u2013 Semestri i par\u00eb<\/strong><\/td><\/tr><tr><td><strong>Nr<\/strong><\/td><td><strong>L\u00ebnda<\/strong><\/td><td><strong>Fondi<\/strong><\/td><td><strong>ECTS<\/strong><\/td><td><strong>O\/Z<\/strong><\/td><\/tr><tr><td>1<\/td><td><a href=\"https:\/\/drive.google.com\/file\/d\/1BF7-yZSb4oyIDjj6TsRHarzNggwjLk_7\/view?usp=sharing\">Hyrje n\u00eb teknologjin\u00eb e ushqimit<\/a><\/td><td>2+2<\/td><td>6<\/td><td>O<\/td><\/tr><tr><td>2<\/td><td><a href=\"https:\/\/drive.google.com\/file\/d\/1K9pJTaIXgg4DBWk6IvNw_1ZnUA9gpHOv\/view?usp=sharing\">Kimia e p\u00ebrgjithshme dhe inorganike<\/a><\/td><td>2+2<\/td><td>5<\/td><td>O<\/td><\/tr><tr><td>3<\/td><td><a href=\"https:\/\/drive.google.com\/file\/d\/1mS-un2xL3ZCgdr5FxbKHoqVxoC3pOkvl\/view?usp=sharing\">Matematik\u00eb<\/a><\/td><td>2+2<\/td><td>5<\/td><td>O<\/td><\/tr><tr><td>4<\/td><td><a href=\"https:\/\/drive.google.com\/file\/d\/1AfAiaVOQlzbOUXmclig9qb5fiuXKqgA8\/view?usp=sharing\">Biologji<\/a><\/td><td>2+2<\/td><td>5<\/td><td>O<\/td><\/tr><tr><td>5<\/td><td><a href=\"https:\/\/drive.google.com\/file\/d\/1M0mCn3EhJNXI-dxtl_HanyfUPIG_2BtK\/view?usp=sharing\">L\u00ebnd\u00ebt e para m\u00eb origjin\u00eb bimore<\/a><\/td><td>2+2<\/td><td>5<\/td><td>O<\/td><\/tr><tr><td>6<\/td><td><a href=\"https:\/\/drive.google.com\/file\/d\/1LT2F9AJhlVdyRGmxiZGDiG1B_n6SOya-\/view?usp=sharing\">Bazat e ekonomis\u00eb<\/a><\/td><td>2+1<\/td><td>4<\/td><td>Z<\/td><\/tr><tr><td>7<\/td><td><a href=\"https:\/\/drive.google.com\/file\/d\/1h0XH0gMSR90nEcyUx9NKhE6QDOPj8BKz\/view?usp=sharing\">Proceset e Fermentimit<\/a><\/td><td>2+1<\/td><td>4<\/td><td>Z<\/td><\/tr><tr><td><\/td><td><strong>Total<\/strong><\/td><td><strong>12\/11<\/strong><\/td><td><strong>30<\/strong><\/td><td><strong>5\/1<\/strong><\/td><\/tr><tr><td colspan=\"5\"><strong>Semestri II<\/strong><\/td><\/tr><tr><td><strong>Nr<\/strong><\/td><td><strong>L\u00ebnda<\/strong><\/td><td><strong>Fondi<\/strong><\/td><td><strong>ECTS<\/strong><\/td><td><strong>O\/Z<\/strong><\/td><\/tr><tr><td>1<\/td><td><a href=\"https:\/\/drive.google.com\/file\/d\/1fZOTSRz0Jkb--scNJGQnGs51jtnVu4Zp\/view?usp=sharing\">Ekologji<\/a><\/td><td>2+2<\/td><td>5<\/td><td>O<\/td><\/tr><tr><td>2<\/td><td><a href=\"https:\/\/drive.google.com\/file\/d\/1-zluGo6oeOD6YOpn-hvYxa22pct_R0al\/view?usp=sharing\">Teknologjia e drith\u00ebrave<\/a><\/td><td>2+2<\/td><td>5<\/td><td>O<\/td><\/tr><tr><td>3<\/td><td><a href=\"https:\/\/drive.google.com\/file\/d\/1enNs_ssKknWch5oCAcjobM7q2SlADxjx\/view?usp=sharing\">P\u00ebrpunimi i ushqimit me prejardhje bimore<\/a><\/td><td>2+2<\/td><td>5<\/td><td>O<\/td><\/tr><tr><td>4<\/td><td><a href=\"https:\/\/drive.google.com\/file\/d\/1x0XBzEEPWr6GtYbeiNUZRqfZXPOI0tHL\/view?usp=sharing\">Mikrobiologji ushqimore dhe higjiena<\/a><\/td><td>2+2<\/td><td>6<\/td><td>O<\/td><\/tr><tr><td>5<\/td><td><a href=\"https:\/\/drive.google.com\/file\/d\/1KguxlGelTjdPzNSOD8FqDzfKSBt2kcqC\/view?usp=sharing\">Gjuh\u00eb angleze<\/a><\/td><td>2+0<\/td><td>4<\/td><td>O<\/td><\/tr><tr><td>6<\/td><td><a href=\"https:\/\/drive.google.com\/file\/d\/1LwpyrQE5O1NSqD0Ss2Qqm_gbIHbeyaDb\/view?usp=sharing\">Teknologji informacioni<\/a><\/td><td>2+1<\/td><td>5<\/td><td>Z<\/td><\/tr><tr><td>7<\/td><td><a href=\"https:\/\/drive.google.com\/file\/d\/1M-x8w_I4G4Yd8cLJK0OJuQcfJ09Hk8Ia\/view?usp=sharing\">Mbrojtja e ushqimit<\/a><\/td><td>2+1<\/td><td>5<\/td><td>Z<\/td><\/tr><tr><td><\/td><td><strong>Total<\/strong><\/td><td><strong>12\/9<\/strong><\/td><td><strong>30<\/strong><\/td><td><strong>5\/1<\/strong><\/td><\/tr><\/tbody><\/table><\/figure>\n\n\n\n<p><strong>Viti i dyt\u00eb \u2013 Semestri i tret\u00eb dhe i kat\u00ebrt<\/strong><\/p>\n\n\n\n<figure class=\"wp-block-table\"><table class=\"has-fixed-layout\"><tbody><tr><td colspan=\"5\"><strong>Viti i Dyt\u00eb \u2013 Semestri i III<\/strong><\/td><\/tr><tr><td><strong>Nr<\/strong><\/td><td><strong>L\u00ebnda<\/strong><\/td><td><strong>Fondi<\/strong><\/td><td><strong>ECTS<\/strong><\/td><td><strong>O\/Z<\/strong><\/td><\/tr><tr><td>1<\/td><td><a href=\"https:\/\/drive.google.com\/file\/d\/1618FnN5743_ng_sgQuoveE1SEDJs-n9e\/view?usp=sharing\">Proceset themelore n\u00eb teknologjin\u00eb ushqimore<\/a><\/td><td>2+2<\/td><td>5<\/td><td>O<\/td><\/tr><tr><td>2<\/td><td><a href=\"https:\/\/drive.google.com\/file\/d\/1DX5tmyEA2e0hZ_Pg_M9ZDaSNt5NMtQ6e\/view?usp=sharing\">Teknologjia e p\u00ebrpunimit t\u00eb Frutave-perimeve<\/a><\/td><td>2+2<\/td><td>5<\/td><td>O<\/td><\/tr><tr><td>3<\/td><td><a href=\"https:\/\/drive.google.com\/file\/d\/1cDD1JsyvxH_dJabU0OopHUFjgqRJm4lp\/view?usp=sharing\">Kimia organike<\/a><\/td><td>2+2<\/td><td>5<\/td><td>O<\/td><\/tr><tr><td>4<\/td><td><a href=\"https:\/\/drive.google.com\/file\/d\/1eJUuG8PRm20nfnpqDOvueiTYb0xZPZhM\/view?usp=sharing\">Bazat e metod\u00ebs instrumentale<\/a><\/td><td>2+1<\/td><td>5<\/td><td>O<\/td><\/tr><tr><td>5<\/td><td><a href=\"https:\/\/drive.google.com\/file\/d\/1Jiq2p2yRib1sDHWBM8NInWm513jUExtx\/view?usp=sharing\">Teknologjia e pijeve alkoolike dhe ven\u00ebs<\/a><\/td><td>2+2<\/td><td>5<\/td><td>O<\/td><\/tr><tr><td>6<\/td><td><a href=\"https:\/\/drive.google.com\/file\/d\/1iW8elVgOqCf_JDYkF9M1XmevDFk6G-QF\/view?usp=sharing\">Enzimologji Ushqimore<\/a><\/td><td>2+2<\/td><td>5<\/td><td>Z<\/td><\/tr><tr><td>7<\/td><td><a href=\"https:\/\/drive.google.com\/file\/d\/1Ird0GSKGwGSqA2_afY4k3rOlZB_Jx7N2\/view?usp=sharing\">Bazat e transmetimit t\u00eb nxeht\u00ebsis\u00eb, mas\u00ebs &amp; l\u00ebvizjes ne industrin\u00eb ushqimore<\/a><\/td><td>2+2<\/td><td>5<\/td><td>Z<\/td><\/tr><tr><td><\/td><td><strong>Total<\/strong><\/td><td><strong>12\/11<\/strong><\/td><td><strong>30<\/strong><\/td><td><strong>5\/1<\/strong><\/td><\/tr><tr><td colspan=\"5\"><strong>Semestri i IV<\/strong><\/td><\/tr><tr><td><strong>Nr<\/strong><\/td><td><strong>L\u00ebnda<\/strong><\/td><td><strong>Fondi<\/strong><\/td><td><strong>ECTS<\/strong><\/td><td><strong>O\/Z<\/strong><\/td><\/tr><tr><td>1<\/td><td><a href=\"https:\/\/drive.google.com\/file\/d\/12SnmK2bpZuR1XxPJ0niR6sMyL9t7g3Zi\/view?usp=sharing\">Biokimia<\/a><\/td><td>2+2<\/td><td>5<\/td><td>O<\/td><\/tr><tr><td>2<\/td><td><a href=\"https:\/\/drive.google.com\/file\/d\/1UUvh_rLZDdSWowdYVF1eESdz5LXCkEfy\/view?usp=sharing\">Kimia ushqimore<\/a><\/td><td>2+2<\/td><td>5<\/td><td>O<\/td><\/tr><tr><td>3<\/td><td><a href=\"https:\/\/drive.google.com\/file\/d\/1rQyNDom2AJINTaPT_vLs4DWmUyjT29K-\/view?usp=sharing\">Teknologjia p\u00ebr p\u00ebrfitimin e maltit<\/a><\/td><td>2+1<\/td><td>5<\/td><td>O<\/td><\/tr><tr><td>4<\/td><td><a href=\"https:\/\/drive.google.com\/file\/d\/1Y2z31OWvbEcsUwA7TBwiQ33Z6J2-wrC5\/view?usp=sharing\">Teknologjia p\u00ebr p\u00ebrpunimin e qum\u00ebshtit<\/a><\/td><td>2+1<\/td><td>5<\/td><td>O<\/td><\/tr><tr><td>5<\/td><td><a href=\"https:\/\/drive.google.com\/file\/d\/1nyJXCH42QhCYo59kobNxhWl4v5i8K7xg\/view?usp=sharing\">Kimi Analitike<\/a><\/td><td>2+2<\/td><td>5<\/td><td>O<\/td><\/tr><tr><td>6<\/td><td><a href=\"https:\/\/drive.google.com\/file\/d\/1s2WCb0jVUUZln0RXYWWNAnUXprAU9CzY\/view?usp=sharing\">Teknologjia e produkteve t\u00eb pjekjes<\/a><\/td><td>2+1<\/td><td>5<\/td><td>Z<\/td><\/tr><tr><td>7<\/td><td><a href=\"https:\/\/drive.google.com\/file\/d\/1NA7jdm3Ty7ZwAmZOYi4lLAyvm8o_paE7\/view?usp=sharing\">Bio Prodhimet<\/a><\/td><td>2+1<\/td><td>5<\/td><td>Z<\/td><\/tr><tr><td><\/td><td><strong>Total<\/strong><\/td><td><strong>12\/9<\/strong><\/td><td><strong>30<\/strong><\/td><td><strong>5\/1<\/strong><\/td><\/tr><\/tbody><\/table><\/figure>\n\n\n\n<p><strong>Viti i tret\u00eb \u2013 Semestri i pest\u00eb dhe gjasht\u00eb<\/strong><\/p>\n\n\n\n<figure class=\"wp-block-table\"><table class=\"has-fixed-layout\"><tbody><tr><td colspan=\"5\"><strong>Viti i Tret\u00eb \u2013 Semestri i V<\/strong><\/td><\/tr><tr><td><strong>Nr<\/strong><\/td><td><strong>L\u00ebnda<\/strong><\/td><td><strong>Fondi<\/strong><\/td><td><strong>ECTS<\/strong><\/td><td><strong>O\/Z<\/strong><\/td><\/tr><tr><td>1<\/td><td><a href=\"https:\/\/drive.google.com\/file\/d\/1GoQcN8GatXsBh2rwVnzGc6EkWOPUV9Tr\/view?usp=sharing\">Bazat e toksikologjis\u00eb<\/a><\/td><td>2+2<\/td><td>6<\/td><td>O<\/td><\/tr><tr><td>2<\/td><td><a href=\"https:\/\/drive.google.com\/file\/d\/1LGDHWkppTF-ERPap_EAKpeml9GFHMqkP\/view?usp=sharing\">Ushqimi dhe t\u00eb ushqyerit e njeriut<\/a><\/td><td>2+2<\/td><td>5<\/td><td>O<\/td><\/tr><tr><td>3<\/td><td><a href=\"https:\/\/drive.google.com\/file\/d\/1-Xmjv4IzYTrZVLIAi8rtZloFJZIcy9Rl\/view?usp=sharing\">Bioteknologji ushqimore<\/a><\/td><td>2+2<\/td><td>5<\/td><td>O<\/td><\/tr><tr><td>4<\/td><td><a href=\"https:\/\/drive.google.com\/file\/d\/1LqaBzUL95Xfjhl7AhAjHy8e9T2zzaql2\/view?usp=sharing\">Gjenetik\u00eb dhe mikrobiologji<\/a><\/td><td>2+2<\/td><td>5<\/td><td>O<\/td><\/tr><tr><td>5<\/td><td><a href=\"https:\/\/drive.google.com\/file\/d\/1dU0pWQeW6GBsSrYK8IPiv296UA89diKu\/view?usp=sharing\">Teknologjia e p\u00ebrpunimit e ujit t\u00eb pijsh\u00ebm<\/a><\/td><td>2+1<\/td><td>5<\/td><td>O<\/td><\/tr><tr><td>6<\/td><td><a href=\"https:\/\/drive.google.com\/file\/d\/1r77W7yKZzbN80Xfz7cAH7bH2YMnrABKm\/view?usp=sharing\">Ambalazhimi dhe ruajtja e produkteve ushqimore<\/a><\/td><td>2+1<\/td><td>4<\/td><td>Z<\/td><\/tr><tr><td>7<\/td><td><a href=\"https:\/\/drive.google.com\/file\/d\/1toNSC63jvFL4Qazyx3iAMNknr9E-6fwd\/view?usp=sharing\">Kontrolli dhe sigurimi i cil\u00ebsis\u00eb n\u00eb industrin\u00eb ushqimore<\/a><\/td><td>2+1<\/td><td>4<\/td><td>Z<\/td><\/tr><tr><td><\/td><td><strong>Total<\/strong><\/td><td><strong>12\/10<\/strong><\/td><td><strong>30<\/strong><\/td><td><strong>5\/1<\/strong><\/td><\/tr><tr><td colspan=\"5\"><strong>Semestri i VI<\/strong><\/td><\/tr><tr><td><strong>Nr<\/strong><\/td><td><strong>L\u00ebnda<\/strong><\/td><td><strong>Fondi<\/strong><\/td><td><strong>ECTS<\/strong><\/td><td><strong>O\/Z<\/strong><\/td><\/tr><tr><td>1<\/td><td><a href=\"https:\/\/drive.google.com\/file\/d\/1mXZWHNUWLupIjTa7af0W9cvcIzwSRK3M\/view?usp=sharing\">Teknologjia e prodhimit t\u00eb birr\u00ebs<\/a><\/td><td>2+2<\/td><td>6<\/td><td>O<\/td><\/tr><tr><td>2<\/td><td><a href=\"https:\/\/drive.google.com\/file\/d\/1j89eJN60tlsAjgr1ZjV4p-D5QeXKoDYm\/view?usp=sharing\">Mbrojtja e prodhimeve bimore<\/a><\/td><td>2+2<\/td><td>5<\/td><td>O<\/td><\/tr><tr><td>3<\/td><td><a href=\"https:\/\/drive.google.com\/file\/d\/1JMV-EHyInYnCtK_C1BkpMN4nXTFcoCiI\/view?usp=sharing\">Ekonomia dhe drejtimi i biznesit ushqimor<\/a><\/td><td>2+1<\/td><td>5<\/td><td>O<\/td><\/tr><tr><td>4<\/td><td><a href=\"https:\/\/drive.google.com\/file\/d\/1IMAAdQWY8rpKd50kyeiaC2_RHDPQZMEP\/view?usp=sharing\">Teknologjia e p\u00ebrpunimit t\u00eb&nbsp; mishit<\/a><\/td><td>2+2<\/td><td>5<\/td><td>O<\/td><\/tr><tr><td>5<\/td><td><a href=\"https:\/\/drive.google.com\/file\/d\/1m6fgF9uXGEikEdtkqhAG_LZVRZKhkHSV\/view?usp=sharing\">Provim formimi<\/a><\/td><td>2+0<\/td><td>4<\/td><td>O<\/td><\/tr><tr><td>6<\/td><td><a href=\"https:\/\/drive.google.com\/file\/d\/1BsEZE2h2CVsEZ93nqTStvMYJYPkGQEUC\/view?usp=sharing\">Bioteknologjia dhe mbrojtja e ambientit<\/a><\/td><td>2+1<\/td><td>5<\/td><td>Z<\/td><\/tr><tr><td>7<\/td><td><a href=\"https:\/\/drive.google.com\/file\/d\/1p534hLJBFtDgcEG2Y5sL97l6R1YHHRKT\/view?usp=sharing\">Praktik\u00eb profesionale<\/a><\/td><td>2+1<\/td><td>5<\/td><td>Z<\/td><\/tr><tr><td><\/td><td><strong>Total<\/strong><\/td><td><strong>12\/8<\/strong><\/td><td><strong>30<\/strong><\/td><td><strong>5\/1<\/strong><\/td><\/tr><\/tbody><\/table><\/figure>","protected":false},"excerpt":{"rendered":"<p>PROGRAMI I STUDIMIT DEPARTAMENTI TEKNOLOGJIA USHQIMORE \u2013 BACHELOR&nbsp; Viti Par\u00eb \u2013 Semestri i par\u00eb dhe i dyt\u00eb Viti i Par\u00eb \u2013 Semestri i par\u00eb Nr L\u00ebnda Fondi ECTS O\/Z 1&hellip;<\/p>","protected":false},"author":1,"featured_media":0,"parent":0,"menu_order":0,"comment_status":"closed","ping_status":"closed","template":"","meta":{"footnotes":""},"class_list":["post-48662","page","type-page","status-publish","hentry"],"yoast_head":"<!-- This site is optimized with the Yoast SEO Premium plugin v27.2 (Yoast SEO v27.2) - https:\/\/yoast.com\/product\/yoast-seo-premium-wordpress\/ -->\n<title>Teknologji Ushqimore \u2013 Bachelor BSc | Fakulteti i Agrobiznesit UHZ<\/title>\n<meta name=\"description\" content=\"Zbuloni programin Bachelor n\u00eb Teknologji Ushqimore n\u00eb Fakultetin e Agrobiznesit UNHZ \u2014 plan\u2011programi i l\u00ebnd\u00ebve, semestrat, ECTS dhe fokus n\u00eb p\u00ebrpunim, siguri dhe cil\u00ebsi ushqimore.\" \/>\n<meta name=\"robots\" content=\"index, follow, max-snippet:-1, max-image-preview:large, max-video-preview:-1\" \/>\n<link rel=\"canonical\" href=\"https:\/\/unhz.eu\/fakulteti-i-agrobiznesit\/en\/teknologji-ushqimore\/\" \/>\n<meta property=\"og:locale\" content=\"en_US\" \/>\n<meta property=\"og:type\" content=\"article\" \/>\n<meta property=\"og:title\" content=\"Teknologji Ushqimore\" \/>\n<meta property=\"og:description\" content=\"Zbuloni programin Bachelor n\u00eb Teknologji Ushqimore n\u00eb Fakultetin e Agrobiznesit UNHZ \u2014 plan\u2011programi i l\u00ebnd\u00ebve, semestrat, ECTS dhe fokus n\u00eb p\u00ebrpunim, siguri dhe cil\u00ebsi ushqimore.\" \/>\n<meta property=\"og:url\" content=\"https:\/\/unhz.eu\/fakulteti-i-agrobiznesit\/en\/teknologji-ushqimore\/\" \/>\n<meta property=\"og:site_name\" content=\"Fakulteti i Agrobiznesit\" \/>\n<meta property=\"article:modified_time\" content=\"2026-02-06T12:42:24+00:00\" \/>\n<meta name=\"twitter:card\" content=\"summary_large_image\" \/>\n<meta name=\"twitter:label1\" content=\"Est. reading time\" \/>\n\t<meta name=\"twitter:data1\" content=\"3 minutes\" \/>\n<script type=\"application\/ld+json\" class=\"yoast-schema-graph\">{\"@context\":\"https:\/\/schema.org\",\"@graph\":[{\"@type\":\"WebPage\",\"@id\":\"https:\/\/unhz.eu\/fakulteti-i-agrobiznesit\/teknologji-ushqimore\/\",\"url\":\"https:\/\/unhz.eu\/fakulteti-i-agrobiznesit\/teknologji-ushqimore\/\",\"name\":\"Teknologji Ushqimore \u2013 Bachelor BSc | Fakulteti i Agrobiznesit UHZ\",\"isPartOf\":{\"@id\":\"https:\/\/unhz.eu\/fakulteti-i-agrobiznesit\/#website\"},\"datePublished\":\"2025-01-21T14:07:59+00:00\",\"dateModified\":\"2026-02-06T12:42:24+00:00\",\"description\":\"Zbuloni programin Bachelor n\u00eb Teknologji Ushqimore n\u00eb Fakultetin e Agrobiznesit UNHZ \u2014 plan\u2011programi i l\u00ebnd\u00ebve, semestrat, ECTS dhe fokus n\u00eb p\u00ebrpunim, siguri dhe cil\u00ebsi ushqimore.\",\"breadcrumb\":{\"@id\":\"https:\/\/unhz.eu\/fakulteti-i-agrobiznesit\/teknologji-ushqimore\/#breadcrumb\"},\"inLanguage\":\"en-US\",\"potentialAction\":[{\"@type\":\"ReadAction\",\"target\":[\"https:\/\/unhz.eu\/fakulteti-i-agrobiznesit\/teknologji-ushqimore\/\"]}]},{\"@type\":\"BreadcrumbList\",\"@id\":\"https:\/\/unhz.eu\/fakulteti-i-agrobiznesit\/teknologji-ushqimore\/#breadcrumb\",\"itemListElement\":[{\"@type\":\"ListItem\",\"position\":1,\"name\":\"Home\",\"item\":\"https:\/\/unhz.eu\/fakulteti-i-agrobiznesit\/\"},{\"@type\":\"ListItem\",\"position\":2,\"name\":\"Teknologji Ushqimore\"}]},{\"@type\":\"WebSite\",\"@id\":\"https:\/\/unhz.eu\/fakulteti-i-agrobiznesit\/#website\",\"url\":\"https:\/\/unhz.eu\/fakulteti-i-agrobiznesit\/\",\"name\":\"Fakulteti i Agrobiznesit\",\"description\":\"I dedikuar p\u00ebr cil\u00ebsi standarde dhe suksese\",\"publisher\":{\"@id\":\"https:\/\/unhz.eu\/fakulteti-i-agrobiznesit\/#organization\"},\"potentialAction\":[{\"@type\":\"SearchAction\",\"target\":{\"@type\":\"EntryPoint\",\"urlTemplate\":\"https:\/\/unhz.eu\/fakulteti-i-agrobiznesit\/?s={search_term_string}\"},\"query-input\":{\"@type\":\"PropertyValueSpecification\",\"valueRequired\":true,\"valueName\":\"search_term_string\"}}],\"inLanguage\":\"en-US\"},{\"@type\":\"Organization\",\"@id\":\"https:\/\/unhz.eu\/fakulteti-i-agrobiznesit\/#organization\",\"name\":\"Fakulteti i Agrobiznesit\",\"url\":\"https:\/\/unhz.eu\/fakulteti-i-agrobiznesit\/\",\"logo\":{\"@type\":\"ImageObject\",\"inLanguage\":\"en-US\",\"@id\":\"https:\/\/unhz.eu\/fakulteti-i-agrobiznesit\/#\/schema\/logo\/image\/\",\"url\":\"https:\/\/unhz.eu\/fakulteti-i-agrobiznesit\/wp-content\/uploads\/sites\/11\/2024\/02\/cropped-logo-1-1-e1713527702695.png\",\"contentUrl\":\"https:\/\/unhz.eu\/fakulteti-i-agrobiznesit\/wp-content\/uploads\/sites\/11\/2024\/02\/cropped-logo-1-1-e1713527702695.png\",\"width\":100,\"height\":100,\"caption\":\"Fakulteti i Agrobiznesit\"},\"image\":{\"@id\":\"https:\/\/unhz.eu\/fakulteti-i-agrobiznesit\/#\/schema\/logo\/image\/\"}}]}<\/script>\n<!-- \/ Yoast SEO Premium plugin. -->","yoast_head_json":{"title":"Teknologji Ushqimore \u2013 Bachelor BSc | Fakulteti i Agrobiznesit UHZ","description":"Zbuloni programin Bachelor n\u00eb Teknologji Ushqimore n\u00eb Fakultetin e Agrobiznesit UNHZ \u2014 plan\u2011programi i l\u00ebnd\u00ebve, semestrat, ECTS dhe fokus n\u00eb p\u00ebrpunim, siguri dhe cil\u00ebsi ushqimore.","robots":{"index":"index","follow":"follow","max-snippet":"max-snippet:-1","max-image-preview":"max-image-preview:large","max-video-preview":"max-video-preview:-1"},"canonical":"https:\/\/unhz.eu\/fakulteti-i-agrobiznesit\/en\/teknologji-ushqimore\/","og_locale":"en_US","og_type":"article","og_title":"Teknologji Ushqimore","og_description":"Zbuloni programin Bachelor n\u00eb Teknologji Ushqimore n\u00eb Fakultetin e Agrobiznesit UNHZ \u2014 plan\u2011programi i l\u00ebnd\u00ebve, semestrat, ECTS dhe fokus n\u00eb p\u00ebrpunim, siguri dhe cil\u00ebsi ushqimore.","og_url":"https:\/\/unhz.eu\/fakulteti-i-agrobiznesit\/en\/teknologji-ushqimore\/","og_site_name":"Fakulteti i Agrobiznesit","article_modified_time":"2026-02-06T12:42:24+00:00","twitter_card":"summary_large_image","twitter_misc":{"Est. reading time":"3 minutes"},"schema":{"@context":"https:\/\/schema.org","@graph":[{"@type":"WebPage","@id":"https:\/\/unhz.eu\/fakulteti-i-agrobiznesit\/teknologji-ushqimore\/","url":"https:\/\/unhz.eu\/fakulteti-i-agrobiznesit\/teknologji-ushqimore\/","name":"Teknologji Ushqimore \u2013 Bachelor BSc | Fakulteti i Agrobiznesit UHZ","isPartOf":{"@id":"https:\/\/unhz.eu\/fakulteti-i-agrobiznesit\/#website"},"datePublished":"2025-01-21T14:07:59+00:00","dateModified":"2026-02-06T12:42:24+00:00","description":"Zbuloni programin Bachelor n\u00eb Teknologji Ushqimore n\u00eb Fakultetin e Agrobiznesit UNHZ \u2014 plan\u2011programi i l\u00ebnd\u00ebve, semestrat, ECTS dhe fokus n\u00eb p\u00ebrpunim, siguri dhe cil\u00ebsi ushqimore.","breadcrumb":{"@id":"https:\/\/unhz.eu\/fakulteti-i-agrobiznesit\/teknologji-ushqimore\/#breadcrumb"},"inLanguage":"en-US","potentialAction":[{"@type":"ReadAction","target":["https:\/\/unhz.eu\/fakulteti-i-agrobiznesit\/teknologji-ushqimore\/"]}]},{"@type":"BreadcrumbList","@id":"https:\/\/unhz.eu\/fakulteti-i-agrobiznesit\/teknologji-ushqimore\/#breadcrumb","itemListElement":[{"@type":"ListItem","position":1,"name":"Home","item":"https:\/\/unhz.eu\/fakulteti-i-agrobiznesit\/"},{"@type":"ListItem","position":2,"name":"Teknologji Ushqimore"}]},{"@type":"WebSite","@id":"https:\/\/unhz.eu\/fakulteti-i-agrobiznesit\/#website","url":"https:\/\/unhz.eu\/fakulteti-i-agrobiznesit\/","name":"Faculty of Agribussines","description":"Dedicated to standard quality and success","publisher":{"@id":"https:\/\/unhz.eu\/fakulteti-i-agrobiznesit\/#organization"},"potentialAction":[{"@type":"SearchAction","target":{"@type":"EntryPoint","urlTemplate":"https:\/\/unhz.eu\/fakulteti-i-agrobiznesit\/?s={search_term_string}"},"query-input":{"@type":"PropertyValueSpecification","valueRequired":true,"valueName":"search_term_string"}}],"inLanguage":"en-US"},{"@type":"Organization","@id":"https:\/\/unhz.eu\/fakulteti-i-agrobiznesit\/#organization","name":"Faculty of Agribussines","url":"https:\/\/unhz.eu\/fakulteti-i-agrobiznesit\/","logo":{"@type":"ImageObject","inLanguage":"en-US","@id":"https:\/\/unhz.eu\/fakulteti-i-agrobiznesit\/#\/schema\/logo\/image\/","url":"https:\/\/unhz.eu\/fakulteti-i-agrobiznesit\/wp-content\/uploads\/sites\/11\/2024\/02\/cropped-logo-1-1-e1713527702695.png","contentUrl":"https:\/\/unhz.eu\/fakulteti-i-agrobiznesit\/wp-content\/uploads\/sites\/11\/2024\/02\/cropped-logo-1-1-e1713527702695.png","width":100,"height":100,"caption":"Fakulteti i Agrobiznesit"},"image":{"@id":"https:\/\/unhz.eu\/fakulteti-i-agrobiznesit\/#\/schema\/logo\/image\/"}}]}},"_links":{"self":[{"href":"https:\/\/unhz.eu\/fakulteti-i-agrobiznesit\/en\/wp-json\/wp\/v2\/pages\/48662","targetHints":{"allow":["GET"]}}],"collection":[{"href":"https:\/\/unhz.eu\/fakulteti-i-agrobiznesit\/en\/wp-json\/wp\/v2\/pages"}],"about":[{"href":"https:\/\/unhz.eu\/fakulteti-i-agrobiznesit\/en\/wp-json\/wp\/v2\/types\/page"}],"author":[{"embeddable":true,"href":"https:\/\/unhz.eu\/fakulteti-i-agrobiznesit\/en\/wp-json\/wp\/v2\/users\/1"}],"replies":[{"embeddable":true,"href":"https:\/\/unhz.eu\/fakulteti-i-agrobiznesit\/en\/wp-json\/wp\/v2\/comments?post=48662"}],"version-history":[{"count":1,"href":"https:\/\/unhz.eu\/fakulteti-i-agrobiznesit\/en\/wp-json\/wp\/v2\/pages\/48662\/revisions"}],"predecessor-version":[{"id":49553,"href":"https:\/\/unhz.eu\/fakulteti-i-agrobiznesit\/en\/wp-json\/wp\/v2\/pages\/48662\/revisions\/49553"}],"wp:attachment":[{"href":"https:\/\/unhz.eu\/fakulteti-i-agrobiznesit\/en\/wp-json\/wp\/v2\/media?parent=48662"}],"curies":[{"name":"wp","href":"https:\/\/api.w.org\/{rel}","templated":true}]}}