{"id":48659,"date":"2025-01-21T14:09:23","date_gmt":"2025-01-21T14:09:23","guid":{"rendered":"https:\/\/unhz.eu\/fakulteti-i-agrobiznesit\/?page_id=48659"},"modified":"2026-02-06T12:23:27","modified_gmt":"2026-02-06T12:23:27","slug":"programet-tu-2","status":"publish","type":"page","link":"https:\/\/unhz.eu\/fakulteti-i-agrobiznesit\/en\/programet-tu-2\/","title":{"rendered":"Programet TU"},"content":{"rendered":"<figure class=\"wp-block-embed is-type-wp-embed is-provider-fakulteti-i-agrobiznesit wp-block-embed-fakulteti-i-agrobiznesit\"><div class=\"wp-block-embed__wrapper\">\n<blockquote class=\"wp-embedded-content\" data-secret=\"H7Zui2FpmS\"><a href=\"https:\/\/unhz.eu\/fakulteti-i-agrobiznesit\/en\/programet-tu-2\/teknologji-ushqimore-bsc-2025-2030\/\">Teknologji Ushqimore Bsc. 2025-2030<\/a><\/blockquote><iframe loading=\"lazy\" class=\"wp-embedded-content\" sandbox=\"allow-scripts\" security=\"restricted\" style=\"position: absolute; visibility: hidden;\" title=\"&#8220;Teknologji Ushqimore Bsc. 2025-2030&#8221; &#8212; Fakulteti i Agrobiznesit\" src=\"https:\/\/unhz.eu\/fakulteti-i-agrobiznesit\/programet-tu-2\/teknologji-ushqimore-bsc-2025-2030\/embed\/#?secret=a0vC8vRUP2#?secret=H7Zui2FpmS\" data-secret=\"H7Zui2FpmS\" width=\"600\" height=\"338\" frameborder=\"0\" marginwidth=\"0\" marginheight=\"0\" scrolling=\"no\"><\/iframe>\n<\/div><\/figure>\n\n\n\n<figure class=\"wp-block-embed is-type-wp-embed is-provider-fakulteti-i-agrobiznesit wp-block-embed-fakulteti-i-agrobiznesit\"><div class=\"wp-block-embed__wrapper\">\n<blockquote class=\"wp-embedded-content\" data-secret=\"bORC06rjiv\"><a href=\"https:\/\/unhz.eu\/fakulteti-i-agrobiznesit\/en\/teknologji-ushqimore-bsc-2022-2025\/\">Teknologji Ushqimore Bsc. 2022-2025<\/a><\/blockquote><iframe loading=\"lazy\" class=\"wp-embedded-content\" sandbox=\"allow-scripts\" security=\"restricted\" style=\"position: absolute; visibility: hidden;\" title=\"&#8220;Teknologji Ushqimore Bsc. 2022-2025&#8221; &#8212; Fakulteti i Agrobiznesit\" src=\"https:\/\/unhz.eu\/fakulteti-i-agrobiznesit\/teknologji-ushqimore-bsc-2022-2025\/embed\/#?secret=JqElswB8gZ#?secret=bORC06rjiv\" data-secret=\"bORC06rjiv\" width=\"600\" height=\"338\" frameborder=\"0\" marginwidth=\"0\" marginheight=\"0\" scrolling=\"no\"><\/iframe>\n<\/div><\/figure>\n\n\n\n<figure class=\"wp-block-embed is-type-wp-embed is-provider-fakulteti-i-agrobiznesit wp-block-embed-fakulteti-i-agrobiznesit\"><div class=\"wp-block-embed__wrapper\">\n<blockquote class=\"wp-embedded-content\" data-secret=\"C0hde8KntA\"><a href=\"https:\/\/unhz.eu\/fakulteti-i-agrobiznesit\/en\/teknologji-ushqimore\/\">Food Technology<\/a><\/blockquote><iframe loading=\"lazy\" class=\"wp-embedded-content\" sandbox=\"allow-scripts\" security=\"restricted\" style=\"position: absolute; visibility: hidden;\" title=\"&#8220;Teknologji Ushqimore&#8221; &#8212; Fakulteti i Agrobiznesit\" src=\"https:\/\/unhz.eu\/fakulteti-i-agrobiznesit\/teknologji-ushqimore\/embed\/#?secret=l98CaBOxzM#?secret=C0hde8KntA\" data-secret=\"C0hde8KntA\" width=\"600\" height=\"338\" frameborder=\"0\" marginwidth=\"0\" marginheight=\"0\" scrolling=\"no\"><\/iframe>\n<\/div><\/figure>\n\n\n\n<figure class=\"wp-block-embed is-type-wp-embed is-provider-fakulteti-i-agrobiznesit wp-block-embed-fakulteti-i-agrobiznesit\"><div class=\"wp-block-embed__wrapper\">\n<blockquote class=\"wp-embedded-content\" data-secret=\"OGo15aoPPz\"><a href=\"https:\/\/unhz.eu\/fakulteti-i-agrobiznesit\/en\/teknologji-ushqimore-2019-2022\/\">TEKNOLOGJI USHQIMORE 2019-2022<\/a><\/blockquote><iframe loading=\"lazy\" class=\"wp-embedded-content\" sandbox=\"allow-scripts\" security=\"restricted\" style=\"position: absolute; visibility: hidden;\" title=\"&#8220;TEKNOLOGJI USHQIMORE 2019-2022&#8221; &#8212; Fakulteti i Agrobiznesit\" src=\"https:\/\/unhz.eu\/fakulteti-i-agrobiznesit\/teknologji-ushqimore-2019-2022\/embed\/#?secret=sfGn6Sp2Xq#?secret=OGo15aoPPz\" data-secret=\"OGo15aoPPz\" width=\"600\" height=\"338\" frameborder=\"0\" marginwidth=\"0\" marginheight=\"0\" scrolling=\"no\"><\/iframe>\n<\/div><\/figure>","protected":false},"excerpt":{"rendered":"","protected":false},"author":1,"featured_media":0,"parent":0,"menu_order":0,"comment_status":"closed","ping_status":"closed","template":"","meta":{"footnotes":""},"class_list":["post-48659","page","type-page","status-publish","hentry"],"yoast_head":"<!-- This site is optimized with the Yoast SEO Premium plugin v27.2 (Yoast SEO v27.2) - https:\/\/yoast.com\/product\/yoast-seo-premium-wordpress\/ -->\n<title>Teknologji Ushqimore BSc 2025\u20112030 \u2013 Plan\u2011Program | UNHZ<\/title>\n<meta name=\"description\" content=\"Shiko plan\u2011programin e studimit Bachelor n\u00eb Teknologji Ushqimore (2025\u20112030) n\u00eb Fakultetin e Agrobiznesit UNHZ \u2013 l\u00ebnd\u00ebt, semestrat dhe ECTS p\u00ebr \u00e7do vit.\" \/>\n<meta name=\"robots\" content=\"index, follow, max-snippet:-1, max-image-preview:large, max-video-preview:-1\" \/>\n<link rel=\"canonical\" href=\"https:\/\/unhz.eu\/fakulteti-i-agrobiznesit\/en\/programet-tu-2\/\" \/>\n<meta property=\"og:locale\" content=\"en_US\" \/>\n<meta property=\"og:type\" content=\"article\" \/>\n<meta property=\"og:title\" content=\"Programet TU\" \/>\n<meta property=\"og:description\" content=\"Shiko plan\u2011programin e studimit Bachelor n\u00eb Teknologji Ushqimore (2025\u20112030) n\u00eb Fakultetin e Agrobiznesit UNHZ \u2013 l\u00ebnd\u00ebt, semestrat dhe ECTS p\u00ebr \u00e7do vit.\" \/>\n<meta property=\"og:url\" content=\"https:\/\/unhz.eu\/fakulteti-i-agrobiznesit\/en\/programet-tu-2\/\" \/>\n<meta property=\"og:site_name\" content=\"Fakulteti i Agrobiznesit\" \/>\n<meta property=\"article:modified_time\" content=\"2026-02-06T12:23:27+00:00\" \/>\n<meta name=\"twitter:card\" content=\"summary_large_image\" \/>\n<meta name=\"twitter:label1\" content=\"Est. reading time\" \/>\n\t<meta name=\"twitter:data1\" content=\"1 minute\" \/>\n<script type=\"application\/ld+json\" class=\"yoast-schema-graph\">{\"@context\":\"https:\/\/schema.org\",\"@graph\":[{\"@type\":\"WebPage\",\"@id\":\"https:\/\/unhz.eu\/fakulteti-i-agrobiznesit\/programet-tu-2\/\",\"url\":\"https:\/\/unhz.eu\/fakulteti-i-agrobiznesit\/programet-tu-2\/\",\"name\":\"Teknologji Ushqimore BSc 2025\u20112030 \u2013 Plan\u2011Program | UNHZ\",\"isPartOf\":{\"@id\":\"https:\/\/unhz.eu\/fakulteti-i-agrobiznesit\/#website\"},\"datePublished\":\"2025-01-21T14:09:23+00:00\",\"dateModified\":\"2026-02-06T12:23:27+00:00\",\"description\":\"Shiko plan\u2011programin e studimit Bachelor n\u00eb Teknologji Ushqimore (2025\u20112030) n\u00eb Fakultetin e Agrobiznesit UNHZ \u2013 l\u00ebnd\u00ebt, semestrat dhe ECTS p\u00ebr \u00e7do vit.\",\"breadcrumb\":{\"@id\":\"https:\/\/unhz.eu\/fakulteti-i-agrobiznesit\/programet-tu-2\/#breadcrumb\"},\"inLanguage\":\"en-US\",\"potentialAction\":[{\"@type\":\"ReadAction\",\"target\":[\"https:\/\/unhz.eu\/fakulteti-i-agrobiznesit\/programet-tu-2\/\"]}]},{\"@type\":\"BreadcrumbList\",\"@id\":\"https:\/\/unhz.eu\/fakulteti-i-agrobiznesit\/programet-tu-2\/#breadcrumb\",\"itemListElement\":[{\"@type\":\"ListItem\",\"position\":1,\"name\":\"Home\",\"item\":\"https:\/\/unhz.eu\/fakulteti-i-agrobiznesit\/\"},{\"@type\":\"ListItem\",\"position\":2,\"name\":\"Programet TU\"}]},{\"@type\":\"WebSite\",\"@id\":\"https:\/\/unhz.eu\/fakulteti-i-agrobiznesit\/#website\",\"url\":\"https:\/\/unhz.eu\/fakulteti-i-agrobiznesit\/\",\"name\":\"Fakulteti i Agrobiznesit\",\"description\":\"I dedikuar p\u00ebr cil\u00ebsi standarde dhe suksese\",\"publisher\":{\"@id\":\"https:\/\/unhz.eu\/fakulteti-i-agrobiznesit\/#organization\"},\"potentialAction\":[{\"@type\":\"SearchAction\",\"target\":{\"@type\":\"EntryPoint\",\"urlTemplate\":\"https:\/\/unhz.eu\/fakulteti-i-agrobiznesit\/?s={search_term_string}\"},\"query-input\":{\"@type\":\"PropertyValueSpecification\",\"valueRequired\":true,\"valueName\":\"search_term_string\"}}],\"inLanguage\":\"en-US\"},{\"@type\":\"Organization\",\"@id\":\"https:\/\/unhz.eu\/fakulteti-i-agrobiznesit\/#organization\",\"name\":\"Fakulteti i Agrobiznesit\",\"url\":\"https:\/\/unhz.eu\/fakulteti-i-agrobiznesit\/\",\"logo\":{\"@type\":\"ImageObject\",\"inLanguage\":\"en-US\",\"@id\":\"https:\/\/unhz.eu\/fakulteti-i-agrobiznesit\/#\/schema\/logo\/image\/\",\"url\":\"https:\/\/unhz.eu\/fakulteti-i-agrobiznesit\/wp-content\/uploads\/sites\/11\/2024\/02\/cropped-logo-1-1-e1713527702695.png\",\"contentUrl\":\"https:\/\/unhz.eu\/fakulteti-i-agrobiznesit\/wp-content\/uploads\/sites\/11\/2024\/02\/cropped-logo-1-1-e1713527702695.png\",\"width\":100,\"height\":100,\"caption\":\"Fakulteti i Agrobiznesit\"},\"image\":{\"@id\":\"https:\/\/unhz.eu\/fakulteti-i-agrobiznesit\/#\/schema\/logo\/image\/\"}}]}<\/script>\n<!-- \/ Yoast SEO Premium plugin. -->","yoast_head_json":{"title":"Teknologji Ushqimore BSc 2025\u20112030 \u2013 Plan\u2011Program | UNHZ","description":"Shiko plan\u2011programin e studimit Bachelor n\u00eb Teknologji Ushqimore (2025\u20112030) n\u00eb Fakultetin e Agrobiznesit UNHZ \u2013 l\u00ebnd\u00ebt, semestrat dhe ECTS p\u00ebr \u00e7do vit.","robots":{"index":"index","follow":"follow","max-snippet":"max-snippet:-1","max-image-preview":"max-image-preview:large","max-video-preview":"max-video-preview:-1"},"canonical":"https:\/\/unhz.eu\/fakulteti-i-agrobiznesit\/en\/programet-tu-2\/","og_locale":"en_US","og_type":"article","og_title":"Programet TU","og_description":"Shiko plan\u2011programin e studimit Bachelor n\u00eb Teknologji Ushqimore (2025\u20112030) n\u00eb Fakultetin e Agrobiznesit UNHZ \u2013 l\u00ebnd\u00ebt, semestrat dhe ECTS p\u00ebr \u00e7do vit.","og_url":"https:\/\/unhz.eu\/fakulteti-i-agrobiznesit\/en\/programet-tu-2\/","og_site_name":"Fakulteti i Agrobiznesit","article_modified_time":"2026-02-06T12:23:27+00:00","twitter_card":"summary_large_image","twitter_misc":{"Est. reading time":"1 minute"},"schema":{"@context":"https:\/\/schema.org","@graph":[{"@type":"WebPage","@id":"https:\/\/unhz.eu\/fakulteti-i-agrobiznesit\/programet-tu-2\/","url":"https:\/\/unhz.eu\/fakulteti-i-agrobiznesit\/programet-tu-2\/","name":"Teknologji Ushqimore BSc 2025\u20112030 \u2013 Plan\u2011Program | UNHZ","isPartOf":{"@id":"https:\/\/unhz.eu\/fakulteti-i-agrobiznesit\/#website"},"datePublished":"2025-01-21T14:09:23+00:00","dateModified":"2026-02-06T12:23:27+00:00","description":"Shiko plan\u2011programin e studimit Bachelor n\u00eb Teknologji Ushqimore (2025\u20112030) n\u00eb Fakultetin e Agrobiznesit UNHZ \u2013 l\u00ebnd\u00ebt, semestrat dhe ECTS p\u00ebr \u00e7do vit.","breadcrumb":{"@id":"https:\/\/unhz.eu\/fakulteti-i-agrobiznesit\/programet-tu-2\/#breadcrumb"},"inLanguage":"en-US","potentialAction":[{"@type":"ReadAction","target":["https:\/\/unhz.eu\/fakulteti-i-agrobiznesit\/programet-tu-2\/"]}]},{"@type":"BreadcrumbList","@id":"https:\/\/unhz.eu\/fakulteti-i-agrobiznesit\/programet-tu-2\/#breadcrumb","itemListElement":[{"@type":"ListItem","position":1,"name":"Home","item":"https:\/\/unhz.eu\/fakulteti-i-agrobiznesit\/"},{"@type":"ListItem","position":2,"name":"Programet TU"}]},{"@type":"WebSite","@id":"https:\/\/unhz.eu\/fakulteti-i-agrobiznesit\/#website","url":"https:\/\/unhz.eu\/fakulteti-i-agrobiznesit\/","name":"Faculty of Agribussines","description":"Dedicated to standard quality and success","publisher":{"@id":"https:\/\/unhz.eu\/fakulteti-i-agrobiznesit\/#organization"},"potentialAction":[{"@type":"SearchAction","target":{"@type":"EntryPoint","urlTemplate":"https:\/\/unhz.eu\/fakulteti-i-agrobiznesit\/?s={search_term_string}"},"query-input":{"@type":"PropertyValueSpecification","valueRequired":true,"valueName":"search_term_string"}}],"inLanguage":"en-US"},{"@type":"Organization","@id":"https:\/\/unhz.eu\/fakulteti-i-agrobiznesit\/#organization","name":"Faculty of Agribussines","url":"https:\/\/unhz.eu\/fakulteti-i-agrobiznesit\/","logo":{"@type":"ImageObject","inLanguage":"en-US","@id":"https:\/\/unhz.eu\/fakulteti-i-agrobiznesit\/#\/schema\/logo\/image\/","url":"https:\/\/unhz.eu\/fakulteti-i-agrobiznesit\/wp-content\/uploads\/sites\/11\/2024\/02\/cropped-logo-1-1-e1713527702695.png","contentUrl":"https:\/\/unhz.eu\/fakulteti-i-agrobiznesit\/wp-content\/uploads\/sites\/11\/2024\/02\/cropped-logo-1-1-e1713527702695.png","width":100,"height":100,"caption":"Fakulteti i Agrobiznesit"},"image":{"@id":"https:\/\/unhz.eu\/fakulteti-i-agrobiznesit\/#\/schema\/logo\/image\/"}}]}},"_links":{"self":[{"href":"https:\/\/unhz.eu\/fakulteti-i-agrobiznesit\/en\/wp-json\/wp\/v2\/pages\/48659","targetHints":{"allow":["GET"]}}],"collection":[{"href":"https:\/\/unhz.eu\/fakulteti-i-agrobiznesit\/en\/wp-json\/wp\/v2\/pages"}],"about":[{"href":"https:\/\/unhz.eu\/fakulteti-i-agrobiznesit\/en\/wp-json\/wp\/v2\/types\/page"}],"author":[{"embeddable":true,"href":"https:\/\/unhz.eu\/fakulteti-i-agrobiznesit\/en\/wp-json\/wp\/v2\/users\/1"}],"replies":[{"embeddable":true,"href":"https:\/\/unhz.eu\/fakulteti-i-agrobiznesit\/en\/wp-json\/wp\/v2\/comments?post=48659"}],"version-history":[{"count":1,"href":"https:\/\/unhz.eu\/fakulteti-i-agrobiznesit\/en\/wp-json\/wp\/v2\/pages\/48659\/revisions"}],"predecessor-version":[{"id":49260,"href":"https:\/\/unhz.eu\/fakulteti-i-agrobiznesit\/en\/wp-json\/wp\/v2\/pages\/48659\/revisions\/49260"}],"wp:attachment":[{"href":"https:\/\/unhz.eu\/fakulteti-i-agrobiznesit\/en\/wp-json\/wp\/v2\/media?parent=48659"}],"curies":[{"name":"wp","href":"https:\/\/api.w.org\/{rel}","templated":true}]}}