{"id":48645,"date":"2025-01-21T08:57:35","date_gmt":"2025-01-21T08:57:35","guid":{"rendered":"https:\/\/unhz.eu\/fakulteti-i-agrobiznesit\/?page_id=48645"},"modified":"2026-02-06T12:41:15","modified_gmt":"2026-02-06T12:41:15","slug":"teknologji-e-prodhimit-bimor-2022-2025","status":"publish","type":"page","link":"https:\/\/unhz.eu\/fakulteti-i-agrobiznesit\/en\/teknologji-e-prodhimit-bimor-2022-2025\/","title":{"rendered":"TEKNOLOGJI E PRODHIMIT BIMOR 2022-2025"},"content":{"rendered":"<p>PROGRAMI I STUDIMIT&nbsp; \u2013 BACHELOR -TEKNOLOGJI E PRODHIMIT&nbsp; BIMOR <strong>2022-2025<\/strong><\/p>\n\n\n\n<figure class=\"wp-block-table\"><table class=\"has-fixed-layout\"><tbody><tr><td colspan=\"2\">Viti I<\/td><td>&nbsp;<\/td><td colspan=\"6\">&nbsp;<\/td><td colspan=\"3\">&nbsp;<\/td><\/tr><tr><td colspan=\"2\">Semestri I<\/td><td>&nbsp;<\/td><td colspan=\"6\">Or\u00eb\/ja<\/td><td colspan=\"3\">v\u00eb<\/td><\/tr><tr><td>1.<\/td><td>O<\/td><td>&nbsp;Kimi e p\u00ebrgjithshme dhe inorganike<\/td><td colspan=\"3\">3<\/td><td colspan=\"3\">2<\/td><td colspan=\"3\">6<\/td><\/tr><tr><td>2.<\/td><td>O<\/td><td>Botanik\u00eb e p\u00ebrgjithshme<\/td><td colspan=\"3\">3<\/td><td colspan=\"3\">2<\/td><td colspan=\"3\">6<\/td><\/tr><tr><td>3.<\/td><td>O<\/td><td>Matematik\u00eb<\/td><td colspan=\"3\">2<\/td><td colspan=\"3\">2<\/td><td colspan=\"3\">5<\/td><\/tr><tr><td>4.<\/td><td>O<\/td><td>Agrometereologji me bazat e fizik\u00ebs<\/td><td colspan=\"3\">2<\/td><td colspan=\"3\">2<\/td><td colspan=\"3\">5<\/td><\/tr><tr><td>5.<\/td><td>O<\/td><td>Gjuh\u00ebn angleze<\/td><td colspan=\"3\">2<\/td><td colspan=\"3\">0<\/td><td colspan=\"3\">4<\/td><\/tr><tr><td>6.<\/td><td>O<\/td><td>Informatik\u00eb e aplikuar n\u00eb bujq\u00ebsi<\/td><td colspan=\"3\">2<\/td><td colspan=\"3\">0<\/td><td colspan=\"3\">4<\/td><\/tr><tr><td colspan=\"2\">Viti I<\/td><td>&nbsp;<\/td><td colspan=\"9\">&nbsp;<\/td><\/tr><tr><td colspan=\"2\">Semestri II<\/td><td>&nbsp;<\/td><td colspan=\"9\">Or\u00eb\/jav\u00eb<\/td><\/tr><tr><td>Nr.<\/td><td>O\/Z<\/td><td>L\u00ebnd\u00ebt<\/td><td colspan=\"3\">L<\/td><td colspan=\"3\">U<\/td><td colspan=\"3\">ECTS<\/td><\/tr><tr><td>1<\/td><td>O<\/td><td>Bazat e prodhimit bimor<\/td><td colspan=\"3\">3<\/td><td colspan=\"3\">2<\/td><td colspan=\"3\">6<\/td><\/tr><tr><td>2<\/td><td>O<\/td><td>Pedologjia<\/td><td colspan=\"3\">2<\/td><td colspan=\"3\">2<\/td><td colspan=\"3\">5<\/td><\/tr><tr><td>3<\/td><td>O<\/td><td>Kimia Organike<\/td><td colspan=\"3\">2<\/td><td colspan=\"3\">2<\/td><td colspan=\"3\">5<\/td><\/tr><tr><td>4<\/td><td>O<\/td><td>Ekologjia&nbsp; Bujq\u00ebsore<\/td><td colspan=\"3\">2<\/td><td colspan=\"3\">2<\/td><td colspan=\"3\">5<\/td><\/tr><tr><td>5<\/td><td>O<\/td><td>Botanik\u00eb Sistematike<\/td><td colspan=\"3\">2<\/td><td colspan=\"3\">2<\/td><td colspan=\"3\">5<\/td><\/tr><tr><td>6<\/td><td>Z<\/td><td>Bar\u00ebrat e k\u00ebqija<\/td><td colspan=\"3\">2<\/td><td colspan=\"3\">1<\/td><td colspan=\"3\">4<\/td><\/tr><tr><td>7<\/td><td>Z<\/td><td>Bim\u00ebt foragjere<\/td><td colspan=\"3\">2<\/td><td colspan=\"3\">1<\/td><td colspan=\"3\">4<\/td><\/tr><tr><td colspan=\"3\">Viti II<\/td><td colspan=\"9\">&nbsp;<\/td><\/tr><tr><td colspan=\"3\">Semestri III<\/td><td colspan=\"9\">Or\u00eb\/jav\u00eb<\/td><\/tr><tr><td>Nr.<\/td><td>O\/Z<\/td><td>L\u00ebnd\u00ebt<\/td><td colspan=\"3\">L<\/td><td colspan=\"3\">U<\/td><td colspan=\"3\">ECTS<\/td><\/tr><tr><td>1.<\/td><td>O<\/td><td>Entomologjia<\/td><td colspan=\"3\">2<\/td><td colspan=\"3\">2<\/td><td colspan=\"3\">5<\/td><\/tr><tr><td>2.<\/td><td>O<\/td><td>Biokimia<\/td><td colspan=\"3\">2<\/td><td colspan=\"3\">2<\/td><td colspan=\"3\">5<\/td><\/tr><tr><td>3.<\/td><td>O<\/td><td>Teknologjia e drith\u00ebrave<\/td><td colspan=\"3\">3<\/td><td colspan=\"3\">2<\/td><td colspan=\"3\">6<\/td><\/tr><tr><td>4.<\/td><td>O<\/td><td>T\u00eb ushqyerit e Bim\u00ebve<\/td><td colspan=\"3\">2<\/td><td colspan=\"3\">2<\/td><td colspan=\"3\">5<\/td><\/tr><tr><td>5.<\/td><td>O<\/td><td>Mikrobiologji&nbsp; bujq\u00ebsore<\/td><td colspan=\"3\">2<\/td><td colspan=\"3\">2<\/td><td colspan=\"3\">5<\/td><\/tr><tr><td>6.<\/td><td>Z<\/td><td>Fara dhe prodhimi i fidan\u00ebve<\/td><td colspan=\"3\">2<\/td><td colspan=\"3\">1<\/td><td colspan=\"3\">4<\/td><\/tr><tr><td>7.<\/td><td>Z<\/td><td>Bazat testuese bim\u00ebve bujq\u00ebsore<\/td><td colspan=\"3\">2<\/td><td colspan=\"3\">1<\/td><td colspan=\"3\">4<\/td><\/tr><tr><td colspan=\"3\">Viti II<\/td><td colspan=\"9\">&nbsp;<\/td><\/tr><tr><td colspan=\"3\">Semestri IV<\/td><td colspan=\"9\">Or\u00eb\/jav\u00eb<\/td><\/tr><tr><td>Nr.<\/td><td>O\/Z<\/td><td>L\u00ebnd\u00ebt<\/td><td colspan=\"3\">L<\/td><td colspan=\"3\">U<\/td><td colspan=\"3\">ECTS<\/td><\/tr><tr><td>1<\/td><td>O<\/td><td>Fiziologjia e bim\u00ebve<\/td><td colspan=\"3\">3<\/td><td colspan=\"3\">2<\/td><td colspan=\"3\">6<\/td><\/tr><tr><td>2<\/td><td>O<\/td><td>Bazat e&nbsp; gjenetikes<\/td><td colspan=\"3\">2<\/td><td colspan=\"3\">2<\/td><td colspan=\"3\">5<\/td><\/tr><tr><td>3<\/td><td>O<\/td><td>Bazat e Perimtaris\u00eb<\/td><td colspan=\"3\">2<\/td><td colspan=\"3\">2<\/td><td colspan=\"3\">5<\/td><\/tr><tr><td>4<\/td><td>O<\/td><td>Bazat e Pem\u00ebtaris\u00eb<\/td><td colspan=\"3\">2<\/td><td colspan=\"3\">2<\/td><td colspan=\"3\">5<\/td><\/tr><tr><td>5<\/td><td>O<\/td><td>Ekonomia e prodhimeve bujq\u00ebsore<\/td><td colspan=\"3\">2<\/td><td colspan=\"3\">2<\/td><td colspan=\"3\">5<\/td><\/tr><tr><td>6<\/td><td>Z<\/td><td>Bazat e vreshtaris\u00eb<\/td><td colspan=\"3\">2<\/td><td colspan=\"3\">1<\/td><td colspan=\"3\">4<\/td><\/tr><tr><td>7<\/td><td>Z<\/td><td>Bazat e shkencave animale<\/td><td colspan=\"3\">2<\/td><td colspan=\"3\">1<\/td><td colspan=\"3\">4<\/td><\/tr><tr><td colspan=\"4\">Viti III<\/td><td colspan=\"7\">&nbsp;<\/td><td>&nbsp;<\/td><\/tr><tr><td colspan=\"4\">Semestri V<\/td><td colspan=\"7\">Or\u00eb\/jav\u00eb<\/td><td>&nbsp;<\/td><\/tr><tr><td>Nr.<\/td><td>O\/Z<\/td><td colspan=\"2\">L\u00ebnd\u00ebt<\/td><td colspan=\"3\">L<\/td><td>U<\/td><td colspan=\"3\">ECTS<\/td><td>&nbsp;<\/td><\/tr><tr><td>1.<\/td><td>O<\/td><td colspan=\"2\">Fitoteknia<\/td><td colspan=\"3\">2<\/td><td>2<\/td><td colspan=\"3\">5<\/td><td>&nbsp;<\/td><\/tr><tr><td>2.<\/td><td>O<\/td><td colspan=\"2\">P\u00ebrmir\u00ebsimi gjenetik i bim\u00ebve<\/td><td colspan=\"3\">3<\/td><td>2<\/td><td colspan=\"3\">6<\/td><td>&nbsp;<\/td><\/tr><tr><td>3.<\/td><td>O<\/td><td colspan=\"2\">Teknologjia p\u00ebr p\u00ebrpunimin e maltit<\/td><td colspan=\"3\">2<\/td><td>2<\/td><td colspan=\"3\">5<\/td><td>&nbsp;<\/td><\/tr><tr><td>4.<\/td><td>O<\/td><td colspan=\"2\">Fitopatologjia<\/td><td colspan=\"3\">3<\/td><td>2<\/td><td colspan=\"3\">6<\/td><td>&nbsp;<\/td><\/tr><tr><td>5.<\/td><td>O<\/td><td colspan=\"2\">Mekanizimi&nbsp; bujq\u00ebsor<\/td><td colspan=\"3\">2<\/td><td>2<\/td><td colspan=\"3\">4<\/td><td>&nbsp;<\/td><\/tr><tr><td>6.<\/td><td>Z<\/td><td colspan=\"2\">Bim\u00eb Aromatike dhe Medicinale<\/td><td colspan=\"3\">2<\/td><td>1<\/td><td colspan=\"3\">4<\/td><td>&nbsp;<\/td><\/tr><tr><td><strong>7.<\/strong><\/td><td>Z<\/td><td colspan=\"2\">Sh\u00ebrbime k\u00ebshillimore<\/td><td colspan=\"3\">2<\/td><td>1<\/td><td colspan=\"3\">4<\/td><td>&nbsp;<\/td><\/tr><tr><td colspan=\"5\">Viti III<\/td><td colspan=\"5\">&nbsp;<\/td><td colspan=\"2\">&nbsp;<\/td><\/tr><tr><td colspan=\"5\">Semestri VI<\/td><td colspan=\"5\">Or\u00eb\/jav\u00eb<\/td><td colspan=\"2\">&nbsp;<\/td><\/tr><tr><td>Nr.<\/td><td>O\/Z<\/td><td colspan=\"3\">L\u00ebnd\u00ebt<\/td><td colspan=\"2\">L<\/td><td>U<\/td><td colspan=\"2\">ECTS<\/td><td colspan=\"2\">&nbsp;<\/td><\/tr><tr><td>1.<\/td><td>O<\/td><td colspan=\"3\">Mbrojtja integrale<\/td><td colspan=\"2\">3<\/td><td>2<\/td><td colspan=\"2\">6<\/td><td colspan=\"2\">&nbsp;<\/td><\/tr><tr><td>2.<\/td><td>O<\/td><td colspan=\"3\">Bujq\u00ebsia Organike<\/td><td colspan=\"2\">2<\/td><td>2<\/td><td colspan=\"2\">5<\/td><td colspan=\"2\">&nbsp;<\/td><\/tr><tr><td>3.<\/td><td>O<\/td><td colspan=\"3\">Lavertaria Speciale<\/td><td colspan=\"2\">2<\/td><td>2<\/td><td colspan=\"2\">5<\/td><td colspan=\"2\">&nbsp;<\/td><\/tr><tr><td>4.<\/td><td>Z<\/td><td colspan=\"3\">Parimet dhe praktika e ujitj\u00ebs<\/td><td colspan=\"2\">2<\/td><td>2<\/td><td colspan=\"2\">4<\/td><td colspan=\"2\">&nbsp;<\/td><\/tr><tr><td>5.<\/td><td>Z<\/td><td colspan=\"3\">Teknologjia e pasvjeljes<\/td><td colspan=\"2\">2<\/td><td>1<\/td><td colspan=\"2\">4<\/td><td colspan=\"2\">&nbsp;<\/td><\/tr><tr><td>6.<\/td><td>Z<\/td><td colspan=\"3\">Mjediset e mbrojtura dhe lultaria<\/td><td colspan=\"2\">2<\/td><td>1<\/td><td colspan=\"2\">4<\/td><td colspan=\"2\">&nbsp;<\/td><\/tr><tr><td>7.<\/td><td>O<\/td><td colspan=\"3\">Punim diplome<\/td><td colspan=\"2\">&nbsp;<\/td><td>&nbsp;<\/td><td colspan=\"2\">10<\/td><td colspan=\"2\">&nbsp;<\/td><\/tr><tr><td><\/td><td><\/td><td><\/td><td><\/td><td><\/td><td><\/td><td><\/td><td><\/td><td><\/td><td><\/td><td><\/td><td><\/td><\/tr><\/tbody><\/table><\/figure>","protected":false},"excerpt":{"rendered":"<p>PROGRAMI I STUDIMIT&nbsp; \u2013 BACHELOR -TEKNOLOGJI E PRODHIMIT&nbsp; BIMOR 2022-2025 Viti I &nbsp; &nbsp; &nbsp; Semestri I &nbsp; Or\u00eb\/ja v\u00eb 1. O &nbsp;Kimi e p\u00ebrgjithshme dhe inorganike 3 2 6&hellip;<\/p>","protected":false},"author":1,"featured_media":0,"parent":0,"menu_order":0,"comment_status":"closed","ping_status":"closed","template":"","meta":{"footnotes":""},"class_list":["post-48645","page","type-page","status-publish","hentry"],"yoast_head":"<!-- This site is optimized with the Yoast SEO Premium plugin v27.2 (Yoast SEO v27.2) - https:\/\/yoast.com\/product\/yoast-seo-premium-wordpress\/ -->\n<title>Teknologji e Prodhimit Bimor 2022\u20112025 \u2013 Plan\u2011Program BSc | UHZ<\/title>\n<meta name=\"description\" content=\"Shiko plan\u2011programin e studimit Bachelor p\u00ebr \u201cTeknologji e Prodhimit Bimor\u201d 2022\u20112025 n\u00eb Fakultetin e Agrobiznesit UNHZ \u2013 l\u00ebnd\u00ebt, semestrat dhe kreditet ECTS.\" \/>\n<meta name=\"robots\" content=\"index, follow, max-snippet:-1, max-image-preview:large, max-video-preview:-1\" \/>\n<link rel=\"canonical\" href=\"https:\/\/unhz.eu\/fakulteti-i-agrobiznesit\/en\/teknologji-e-prodhimit-bimor-2022-2025\/\" \/>\n<meta property=\"og:locale\" content=\"en_US\" \/>\n<meta property=\"og:type\" content=\"article\" \/>\n<meta property=\"og:title\" content=\"TEKNOLOGJI E PRODHIMIT BIMOR 2022-2025\" \/>\n<meta property=\"og:description\" content=\"Shiko plan\u2011programin e studimit Bachelor p\u00ebr \u201cTeknologji e Prodhimit Bimor\u201d 2022\u20112025 n\u00eb Fakultetin e Agrobiznesit UNHZ \u2013 l\u00ebnd\u00ebt, semestrat dhe kreditet ECTS.\" \/>\n<meta property=\"og:url\" content=\"https:\/\/unhz.eu\/fakulteti-i-agrobiznesit\/en\/teknologji-e-prodhimit-bimor-2022-2025\/\" \/>\n<meta property=\"og:site_name\" content=\"Fakulteti i Agrobiznesit\" \/>\n<meta property=\"article:modified_time\" content=\"2026-02-06T12:41:15+00:00\" \/>\n<meta name=\"twitter:card\" content=\"summary_large_image\" \/>\n<meta name=\"twitter:label1\" content=\"Est. reading time\" \/>\n\t<meta name=\"twitter:data1\" content=\"3 minutes\" \/>\n<script type=\"application\/ld+json\" class=\"yoast-schema-graph\">{\"@context\":\"https:\/\/schema.org\",\"@graph\":[{\"@type\":\"WebPage\",\"@id\":\"https:\/\/unhz.eu\/fakulteti-i-agrobiznesit\/teknologji-e-prodhimit-bimor-2022-2025\/\",\"url\":\"https:\/\/unhz.eu\/fakulteti-i-agrobiznesit\/teknologji-e-prodhimit-bimor-2022-2025\/\",\"name\":\"Teknologji e Prodhimit Bimor 2022\u20112025 \u2013 Plan\u2011Program BSc | UHZ\",\"isPartOf\":{\"@id\":\"https:\/\/unhz.eu\/fakulteti-i-agrobiznesit\/#website\"},\"datePublished\":\"2025-01-21T08:57:35+00:00\",\"dateModified\":\"2026-02-06T12:41:15+00:00\",\"description\":\"Shiko plan\u2011programin e studimit Bachelor p\u00ebr \u201cTeknologji e Prodhimit Bimor\u201d 2022\u20112025 n\u00eb Fakultetin e Agrobiznesit UNHZ \u2013 l\u00ebnd\u00ebt, semestrat dhe kreditet ECTS.\",\"breadcrumb\":{\"@id\":\"https:\/\/unhz.eu\/fakulteti-i-agrobiznesit\/teknologji-e-prodhimit-bimor-2022-2025\/#breadcrumb\"},\"inLanguage\":\"en-US\",\"potentialAction\":[{\"@type\":\"ReadAction\",\"target\":[\"https:\/\/unhz.eu\/fakulteti-i-agrobiznesit\/teknologji-e-prodhimit-bimor-2022-2025\/\"]}]},{\"@type\":\"BreadcrumbList\",\"@id\":\"https:\/\/unhz.eu\/fakulteti-i-agrobiznesit\/teknologji-e-prodhimit-bimor-2022-2025\/#breadcrumb\",\"itemListElement\":[{\"@type\":\"ListItem\",\"position\":1,\"name\":\"Home\",\"item\":\"https:\/\/unhz.eu\/fakulteti-i-agrobiznesit\/\"},{\"@type\":\"ListItem\",\"position\":2,\"name\":\"TEKNOLOGJI E PRODHIMIT BIMOR 2022-2025\"}]},{\"@type\":\"WebSite\",\"@id\":\"https:\/\/unhz.eu\/fakulteti-i-agrobiznesit\/#website\",\"url\":\"https:\/\/unhz.eu\/fakulteti-i-agrobiznesit\/\",\"name\":\"Fakulteti i Agrobiznesit\",\"description\":\"I dedikuar p\u00ebr cil\u00ebsi standarde dhe suksese\",\"publisher\":{\"@id\":\"https:\/\/unhz.eu\/fakulteti-i-agrobiznesit\/#organization\"},\"potentialAction\":[{\"@type\":\"SearchAction\",\"target\":{\"@type\":\"EntryPoint\",\"urlTemplate\":\"https:\/\/unhz.eu\/fakulteti-i-agrobiznesit\/?s={search_term_string}\"},\"query-input\":{\"@type\":\"PropertyValueSpecification\",\"valueRequired\":true,\"valueName\":\"search_term_string\"}}],\"inLanguage\":\"en-US\"},{\"@type\":\"Organization\",\"@id\":\"https:\/\/unhz.eu\/fakulteti-i-agrobiznesit\/#organization\",\"name\":\"Fakulteti i Agrobiznesit\",\"url\":\"https:\/\/unhz.eu\/fakulteti-i-agrobiznesit\/\",\"logo\":{\"@type\":\"ImageObject\",\"inLanguage\":\"en-US\",\"@id\":\"https:\/\/unhz.eu\/fakulteti-i-agrobiznesit\/#\/schema\/logo\/image\/\",\"url\":\"https:\/\/unhz.eu\/fakulteti-i-agrobiznesit\/wp-content\/uploads\/sites\/11\/2024\/02\/cropped-logo-1-1-e1713527702695.png\",\"contentUrl\":\"https:\/\/unhz.eu\/fakulteti-i-agrobiznesit\/wp-content\/uploads\/sites\/11\/2024\/02\/cropped-logo-1-1-e1713527702695.png\",\"width\":100,\"height\":100,\"caption\":\"Fakulteti i Agrobiznesit\"},\"image\":{\"@id\":\"https:\/\/unhz.eu\/fakulteti-i-agrobiznesit\/#\/schema\/logo\/image\/\"}}]}<\/script>\n<!-- \/ Yoast SEO Premium plugin. -->","yoast_head_json":{"title":"Teknologji e Prodhimit Bimor 2022\u20112025 \u2013 Plan\u2011Program BSc | UHZ","description":"Shiko plan\u2011programin e studimit Bachelor p\u00ebr \u201cTeknologji e Prodhimit Bimor\u201d 2022\u20112025 n\u00eb Fakultetin e Agrobiznesit UNHZ \u2013 l\u00ebnd\u00ebt, semestrat dhe kreditet ECTS.","robots":{"index":"index","follow":"follow","max-snippet":"max-snippet:-1","max-image-preview":"max-image-preview:large","max-video-preview":"max-video-preview:-1"},"canonical":"https:\/\/unhz.eu\/fakulteti-i-agrobiznesit\/en\/teknologji-e-prodhimit-bimor-2022-2025\/","og_locale":"en_US","og_type":"article","og_title":"TEKNOLOGJI E PRODHIMIT BIMOR 2022-2025","og_description":"Shiko plan\u2011programin e studimit Bachelor p\u00ebr \u201cTeknologji e Prodhimit Bimor\u201d 2022\u20112025 n\u00eb Fakultetin e Agrobiznesit UNHZ \u2013 l\u00ebnd\u00ebt, semestrat dhe kreditet ECTS.","og_url":"https:\/\/unhz.eu\/fakulteti-i-agrobiznesit\/en\/teknologji-e-prodhimit-bimor-2022-2025\/","og_site_name":"Fakulteti i Agrobiznesit","article_modified_time":"2026-02-06T12:41:15+00:00","twitter_card":"summary_large_image","twitter_misc":{"Est. reading time":"3 minutes"},"schema":{"@context":"https:\/\/schema.org","@graph":[{"@type":"WebPage","@id":"https:\/\/unhz.eu\/fakulteti-i-agrobiznesit\/teknologji-e-prodhimit-bimor-2022-2025\/","url":"https:\/\/unhz.eu\/fakulteti-i-agrobiznesit\/teknologji-e-prodhimit-bimor-2022-2025\/","name":"Teknologji e Prodhimit Bimor 2022\u20112025 \u2013 Plan\u2011Program BSc | UHZ","isPartOf":{"@id":"https:\/\/unhz.eu\/fakulteti-i-agrobiznesit\/#website"},"datePublished":"2025-01-21T08:57:35+00:00","dateModified":"2026-02-06T12:41:15+00:00","description":"Shiko plan\u2011programin e studimit Bachelor p\u00ebr \u201cTeknologji e Prodhimit Bimor\u201d 2022\u20112025 n\u00eb Fakultetin e Agrobiznesit UNHZ \u2013 l\u00ebnd\u00ebt, semestrat dhe kreditet ECTS.","breadcrumb":{"@id":"https:\/\/unhz.eu\/fakulteti-i-agrobiznesit\/teknologji-e-prodhimit-bimor-2022-2025\/#breadcrumb"},"inLanguage":"en-US","potentialAction":[{"@type":"ReadAction","target":["https:\/\/unhz.eu\/fakulteti-i-agrobiznesit\/teknologji-e-prodhimit-bimor-2022-2025\/"]}]},{"@type":"BreadcrumbList","@id":"https:\/\/unhz.eu\/fakulteti-i-agrobiznesit\/teknologji-e-prodhimit-bimor-2022-2025\/#breadcrumb","itemListElement":[{"@type":"ListItem","position":1,"name":"Home","item":"https:\/\/unhz.eu\/fakulteti-i-agrobiznesit\/"},{"@type":"ListItem","position":2,"name":"TEKNOLOGJI E PRODHIMIT BIMOR 2022-2025"}]},{"@type":"WebSite","@id":"https:\/\/unhz.eu\/fakulteti-i-agrobiznesit\/#website","url":"https:\/\/unhz.eu\/fakulteti-i-agrobiznesit\/","name":"Faculty of Agribussines","description":"Dedicated to standard quality and success","publisher":{"@id":"https:\/\/unhz.eu\/fakulteti-i-agrobiznesit\/#organization"},"potentialAction":[{"@type":"SearchAction","target":{"@type":"EntryPoint","urlTemplate":"https:\/\/unhz.eu\/fakulteti-i-agrobiznesit\/?s={search_term_string}"},"query-input":{"@type":"PropertyValueSpecification","valueRequired":true,"valueName":"search_term_string"}}],"inLanguage":"en-US"},{"@type":"Organization","@id":"https:\/\/unhz.eu\/fakulteti-i-agrobiznesit\/#organization","name":"Faculty of Agribussines","url":"https:\/\/unhz.eu\/fakulteti-i-agrobiznesit\/","logo":{"@type":"ImageObject","inLanguage":"en-US","@id":"https:\/\/unhz.eu\/fakulteti-i-agrobiznesit\/#\/schema\/logo\/image\/","url":"https:\/\/unhz.eu\/fakulteti-i-agrobiznesit\/wp-content\/uploads\/sites\/11\/2024\/02\/cropped-logo-1-1-e1713527702695.png","contentUrl":"https:\/\/unhz.eu\/fakulteti-i-agrobiznesit\/wp-content\/uploads\/sites\/11\/2024\/02\/cropped-logo-1-1-e1713527702695.png","width":100,"height":100,"caption":"Fakulteti i Agrobiznesit"},"image":{"@id":"https:\/\/unhz.eu\/fakulteti-i-agrobiznesit\/#\/schema\/logo\/image\/"}}]}},"_links":{"self":[{"href":"https:\/\/unhz.eu\/fakulteti-i-agrobiznesit\/en\/wp-json\/wp\/v2\/pages\/48645","targetHints":{"allow":["GET"]}}],"collection":[{"href":"https:\/\/unhz.eu\/fakulteti-i-agrobiznesit\/en\/wp-json\/wp\/v2\/pages"}],"about":[{"href":"https:\/\/unhz.eu\/fakulteti-i-agrobiznesit\/en\/wp-json\/wp\/v2\/types\/page"}],"author":[{"embeddable":true,"href":"https:\/\/unhz.eu\/fakulteti-i-agrobiznesit\/en\/wp-json\/wp\/v2\/users\/1"}],"replies":[{"embeddable":true,"href":"https:\/\/unhz.eu\/fakulteti-i-agrobiznesit\/en\/wp-json\/wp\/v2\/comments?post=48645"}],"version-history":[{"count":1,"href":"https:\/\/unhz.eu\/fakulteti-i-agrobiznesit\/en\/wp-json\/wp\/v2\/pages\/48645\/revisions"}],"predecessor-version":[{"id":49552,"href":"https:\/\/unhz.eu\/fakulteti-i-agrobiznesit\/en\/wp-json\/wp\/v2\/pages\/48645\/revisions\/49552"}],"wp:attachment":[{"href":"https:\/\/unhz.eu\/fakulteti-i-agrobiznesit\/en\/wp-json\/wp\/v2\/media?parent=48645"}],"curies":[{"name":"wp","href":"https:\/\/api.w.org\/{rel}","templated":true}]}}